{"id":12251,"date":"2022-08-18T08:24:42","date_gmt":"2022-08-18T13:24:42","guid":{"rendered":"https:\/\/www.mexicanguitarplayers.com\/tienda\/sin%20categor\u00eda\/piano-casio-celviano-ap-650bk\/"},"modified":"2025-03-26T23:41:09","modified_gmt":"2025-03-27T05:41:09","slug":"piano-casio-celviano-ap-650bk","status":"publish","type":"product","link":"https:\/\/www.mexicanguitarplayers.com\/en\/tienda\/teclas\/pianos\/pianos-digitales\/piano-casio-celviano-ap-650bk\/","title":{"rendered":"CASIO CELVIANO AP-650BK PIANO"},"content":{"rendered":"<div style=\"text-align: justify\">\n<div>\n<h3>CASIO CELVIANO AP-650BK PIANO<\/h3>\n<\/div>\n<div>88-Key Celviano Tri-Sensor II Scaled Hammer Action Piano, Imitation Ebony and Ivory Keys, Touch Response, 3 Sensitivity Levels, Multi-Dimensional Morphing AiR Sound Source, Maximum Polyphony: 256 Notes, 250 Built-in Tones, Layer\/Split, Digital Effects, 180 Built-in Rhythms, Auto Accompaniment, 60 Built-in Songs, Lesson Function, Metronome, MIDI Recorder: 17 Tracks x 5 Songs, Audio Recorder: 44.1 kHz WAV Format \/ Approximately up to 25 minutes per song , Tone Select Button, Rhythm Editor, Registrations: 96 Settings (4 Rhythm Areas + 8 Tone Areas) x 8 Banks, Auto Harmonize, Duet Function, Extend Tuning, Octave Shift, Panel Lock, Key Cover Slider Type, Key Transpose, Tune Control, Full-dot LCD Display with Backlight, GM Level 1 Compatibility, MIDI In\/Out, 2 x 16cm and 2 x 5cm Speakers, Amp Out: 30W+30W, 2 headphone outputs (standard stereo jack), dimensions: 1,377 x 427 x 911 mm, weight: 50.2 kg, dark wood tone finish, included accessories: height-adjustable bench, power adapter, sheet music book, sheet music stand, headphone stand and 3 pedals.<\/div>\n<\/div>","protected":false},"excerpt":{"rendered":"<p>Piano Celviano de 88 teclas con acci\u00f3n de martillo en escala tri-sensor II, teclas en imitaci\u00f3n de \u00e9bano y marfil, respuesta al tacto, 3 niveles de sensibilidad, fuente de sonidos Morphing AiR multidimensional, polifon\u00eda m\u00e1xima: 256 notas,250 tonos incorporados, estratificador\/divisi\u00f3n, efectos digitales, 180 ritmos incorporados, acompa\u00f1amiento autom\u00e1tico, 60 canciones incorporadas, funci\u00f3n de lecciones, metr\u00f3nomo, grabador MIDI: 17 pistas x 5 canciones, grabador de audio: 44,1 kHz formato WAV \/ aproximadamente hasta 25 minutos por canci\u00f3n, bot\u00f3n de selecci\u00f3n de tono, editor de ritmos, registros: 96 ajustes (4 \u00e1reas r\u00edtmicas + 8 \u00e1reas de tono) x 8 bancos, armonizaci\u00f3n autom\u00e1tica, funci\u00f3n dueto, afinaci\u00f3n extendida, cambio de octava, bloqueo del panel, cubierta de teclado de tipo deslizante, transposici\u00f3n de teclas, control de afinaci\u00f3n, pantalla LCD full-dot con luzde fondo, compatibilidad con GM Nivel 1, entrada y salida MIDI, 2 altavoces de 16 cm y 2 de 5 cm, salida de amplificador: 30W+30W, 2 salidas de aud\u00edfonos (conector est\u00e9reo est\u00e1ndar), dimensiones: 1,377 x 427 x 911 mm, peso: 50.2 kg, acabadoen tonalidad de madera oscura, accesorios incluidos: banco de altura regulable,adaptador de corriente, libro de partituras, atril de partituras, soporte paraaud\u00edfonos y 3 pedales.&hellip; <a class=\"kt-excerpt-readmore more-link\" href=\"https:\/\/www.mexicanguitarplayers.com\/en\/tienda\/teclas\/pianos\/pianos-digitales\/piano-casio-celviano-ap-650bk\/\">Read more<\/a><\/p>","protected":false},"featured_media":12250,"comment_status":"open","ping_status":"closed","template":"","meta":{"kt_blocks_editor_width":""},"pwb-brand":[274],"product_brand":[],"product_cat":[377,378,376],"product_tag":[],"class_list":{"0":"post-12251","1":"product","2":"type-product","3":"status-publish","4":"has-post-thumbnail","6":"pwb-brand-casio","7":"product_cat-pianos","8":"product_cat-pianos-digitales","9":"product_cat-teclas","10":"product_shipping_class-25-30-kg","12":"first","13":"outofstock","14":"taxable","15":"shipping-taxable","16":"purchasable","17":"product-type-simple"},"yoast_head":"<!-- This site is optimized with the Yoast SEO plugin v27.3 - https:\/\/yoast.com\/product\/yoast-seo-wordpress\/ -->\n<title>PIANO CASIO CELVIANO AP-650BK - Mexican Guitar Players<\/title>\n<meta name=\"description\" content=\"PIANO CASIO CELVIANO AP-650BK. Piano Celviano de 88 teclas con acci\u00f3n de martillo en escala tri-sensor II, teclas en imitaci\u00f3n de \u00e9bano y marfil, respuesta al tacto, 3 niveles de sensibilidad, fuente de sonidos Morphing AiR multidimensional, polifon\u00eda m\u00e1xima: 256 notas,250 tonos incorporados, estratificador\/divisi\u00f3n, efectos digitales, 180 ritmos incorporados, acompa\u00f1amiento autom\u00e1tico, 60 canciones incorporadas, funci\u00f3n de lecciones, metr\u00f3nomo, grabador MIDI: 17 pistas x 5 canciones, grabador de audio: 44,1 kHz formato WAV \/ aproximadamente hasta 25 minutos por canci\u00f3n, bot\u00f3n de selecci\u00f3n de tono, editor de ritmos, registros: 96 ajustes (4 \u00e1reas r\u00edtmicas + 8 \u00e1reas de tono) x 8 bancos, armonizaci\u00f3n autom\u00e1tica, funci\u00f3n dueto, afinaci\u00f3n extendida, cambio de octava, bloqueo del panel, cubierta de teclado de tipo deslizante, transposici\u00f3n de teclas, control de afinaci\u00f3n, pantalla LCD full-dot con luzde fondo, compatibilidad con GM Nivel 1, entrada y salida MIDI, 2 altavoces de 16 cm y 2 de 5 cm, salida de amplificador: 30W+30W, 2 salidas de aud\u00edfonos (conector est\u00e9reo est\u00e1ndar), dimensiones: 1,377 x 427 x 911 mm, peso: 50.2 kg, acabadoen tonalidad de madera oscura, accesorios incluidos: banco de altura regulable,adaptador de corriente, libro de partituras, atril de partituras, soporte paraaud\u00edfonos y 3 pedales.\" \/>\n<meta name=\"robots\" content=\"index, follow, max-snippet:-1, max-image-preview:large, max-video-preview:-1\" \/>\n<link rel=\"canonical\" href=\"https:\/\/www.mexicanguitarplayers.com\/en\/tienda\/teclas\/pianos\/pianos-digitales\/piano-casio-celviano-ap-650bk\/\" \/>\n<meta property=\"og:locale\" content=\"en_US\" \/>\n<meta property=\"og:type\" content=\"article\" \/>\n<meta property=\"og:title\" content=\"PIANO CASIO CELVIANO AP-650BK - Mexican Guitar Players\" \/>\n<meta property=\"og:description\" content=\"PIANO CASIO CELVIANO AP-650BK. Piano Celviano de 88 teclas con acci\u00f3n de martillo en escala tri-sensor II, teclas en imitaci\u00f3n de \u00e9bano y marfil, respuesta al tacto, 3 niveles de sensibilidad, fuente de sonidos Morphing AiR multidimensional, polifon\u00eda m\u00e1xima: 256 notas,250 tonos incorporados, estratificador\/divisi\u00f3n, efectos digitales, 180 ritmos incorporados, acompa\u00f1amiento autom\u00e1tico, 60 canciones incorporadas, funci\u00f3n de lecciones, metr\u00f3nomo, grabador MIDI: 17 pistas x 5 canciones, grabador de audio: 44,1 kHz formato WAV \/ aproximadamente hasta 25 minutos por canci\u00f3n, bot\u00f3n de selecci\u00f3n de tono, editor de ritmos, registros: 96 ajustes (4 \u00e1reas r\u00edtmicas + 8 \u00e1reas de tono) x 8 bancos, armonizaci\u00f3n autom\u00e1tica, funci\u00f3n dueto, afinaci\u00f3n extendida, cambio de octava, bloqueo del panel, cubierta de teclado de tipo deslizante, transposici\u00f3n de teclas, control de afinaci\u00f3n, pantalla LCD full-dot con luzde fondo, compatibilidad con GM Nivel 1, entrada y salida MIDI, 2 altavoces de 16 cm y 2 de 5 cm, salida de amplificador: 30W+30W, 2 salidas de aud\u00edfonos (conector est\u00e9reo est\u00e1ndar), dimensiones: 1,377 x 427 x 911 mm, peso: 50.2 kg, acabadoen tonalidad de madera oscura, accesorios incluidos: banco de altura regulable,adaptador de corriente, libro de partituras, atril de partituras, soporte paraaud\u00edfonos y 3 pedales.\" \/>\n<meta property=\"og:url\" content=\"https:\/\/www.mexicanguitarplayers.com\/en\/tienda\/teclas\/pianos\/pianos-digitales\/piano-casio-celviano-ap-650bk\/\" \/>\n<meta property=\"og:site_name\" content=\"Mexican Guitar Players\" \/>\n<meta property=\"article:modified_time\" content=\"2025-03-27T05:41:09+00:00\" \/>\n<meta property=\"og:image\" content=\"https:\/\/www.mexicanguitarplayers.com\/wp-content\/uploads\/2022\/08\/ITCASAP650BK.jpg\" \/>\n\t<meta property=\"og:image:width\" content=\"1200\" \/>\n\t<meta property=\"og:image:height\" content=\"1200\" \/>\n\t<meta property=\"og:image:type\" content=\"image\/jpeg\" \/>\n<meta name=\"twitter:card\" content=\"summary_large_image\" \/>\n<meta name=\"twitter:label1\" content=\"Est. reading time\" \/>\n\t<meta name=\"twitter:data1\" content=\"1 minute\" \/>\n<script type=\"application\/ld+json\" class=\"yoast-schema-graph\">{\"@context\":\"https:\\\/\\\/schema.org\",\"@graph\":[{\"@type\":[\"WebPage\",\"ItemPage\"],\"@id\":\"https:\\\/\\\/www.mexicanguitarplayers.com\\\/tienda\\\/teclas\\\/pianos\\\/pianos-digitales\\\/piano-casio-celviano-ap-650bk\\\/\",\"url\":\"https:\\\/\\\/www.mexicanguitarplayers.com\\\/tienda\\\/teclas\\\/pianos\\\/pianos-digitales\\\/piano-casio-celviano-ap-650bk\\\/\",\"name\":\"PIANO CASIO CELVIANO AP-650BK - Mexican Guitar Players\",\"isPartOf\":{\"@id\":\"https:\\\/\\\/www.mexicanguitarplayers.com\\\/#website\"},\"primaryImageOfPage\":{\"@id\":\"https:\\\/\\\/www.mexicanguitarplayers.com\\\/tienda\\\/teclas\\\/pianos\\\/pianos-digitales\\\/piano-casio-celviano-ap-650bk\\\/#primaryimage\"},\"image\":{\"@id\":\"https:\\\/\\\/www.mexicanguitarplayers.com\\\/tienda\\\/teclas\\\/pianos\\\/pianos-digitales\\\/piano-casio-celviano-ap-650bk\\\/#primaryimage\"},\"thumbnailUrl\":\"https:\\\/\\\/www.mexicanguitarplayers.com\\\/wp-content\\\/uploads\\\/2022\\\/08\\\/ITCASAP650BK.jpg\",\"datePublished\":\"2022-08-18T13:24:42+00:00\",\"dateModified\":\"2025-03-27T05:41:09+00:00\",\"description\":\"PIANO CASIO CELVIANO AP-650BK. Piano Celviano de 88 teclas con acci\u00f3n de martillo en escala tri-sensor II, teclas en imitaci\u00f3n de \u00e9bano y marfil, respuesta al tacto, 3 niveles de sensibilidad, fuente de sonidos Morphing AiR multidimensional, polifon\u00eda m\u00e1xima: 256 notas,250 tonos incorporados, estratificador\\\/divisi\u00f3n, efectos digitales, 180 ritmos incorporados, acompa\u00f1amiento autom\u00e1tico, 60 canciones incorporadas, funci\u00f3n de lecciones, metr\u00f3nomo, grabador MIDI: 17 pistas x 5 canciones, grabador de audio: 44,1 kHz formato WAV \\\/ aproximadamente hasta 25 minutos por canci\u00f3n, bot\u00f3n de selecci\u00f3n de tono, editor de ritmos, registros: 96 ajustes (4 \u00e1reas r\u00edtmicas + 8 \u00e1reas de tono) x 8 bancos, armonizaci\u00f3n autom\u00e1tica, funci\u00f3n dueto, afinaci\u00f3n extendida, cambio de octava, bloqueo del panel, cubierta de teclado de tipo deslizante, transposici\u00f3n de teclas, control de afinaci\u00f3n, pantalla LCD full-dot con luzde fondo, compatibilidad con GM Nivel 1, entrada y salida MIDI, 2 altavoces de 16 cm y 2 de 5 cm, salida de amplificador: 30W+30W, 2 salidas de aud\u00edfonos (conector est\u00e9reo est\u00e1ndar), dimensiones: 1,377 x 427 x 911 mm, peso: 50.2 kg, acabadoen tonalidad de madera oscura, accesorios incluidos: banco de altura regulable,adaptador de corriente, libro de partituras, atril de partituras, soporte paraaud\u00edfonos y 3 pedales.\",\"breadcrumb\":{\"@id\":\"https:\\\/\\\/www.mexicanguitarplayers.com\\\/tienda\\\/teclas\\\/pianos\\\/pianos-digitales\\\/piano-casio-celviano-ap-650bk\\\/#breadcrumb\"},\"inLanguage\":\"en-US\",\"potentialAction\":[{\"@type\":\"ReadAction\",\"target\":[\"https:\\\/\\\/www.mexicanguitarplayers.com\\\/tienda\\\/teclas\\\/pianos\\\/pianos-digitales\\\/piano-casio-celviano-ap-650bk\\\/\"]}]},{\"@type\":\"ImageObject\",\"inLanguage\":\"en-US\",\"@id\":\"https:\\\/\\\/www.mexicanguitarplayers.com\\\/tienda\\\/teclas\\\/pianos\\\/pianos-digitales\\\/piano-casio-celviano-ap-650bk\\\/#primaryimage\",\"url\":\"https:\\\/\\\/www.mexicanguitarplayers.com\\\/wp-content\\\/uploads\\\/2022\\\/08\\\/ITCASAP650BK.jpg\",\"contentUrl\":\"https:\\\/\\\/www.mexicanguitarplayers.com\\\/wp-content\\\/uploads\\\/2022\\\/08\\\/ITCASAP650BK.jpg\",\"width\":1200,\"height\":1200},{\"@type\":\"BreadcrumbList\",\"@id\":\"https:\\\/\\\/www.mexicanguitarplayers.com\\\/tienda\\\/teclas\\\/pianos\\\/pianos-digitales\\\/piano-casio-celviano-ap-650bk\\\/#breadcrumb\",\"itemListElement\":[{\"@type\":\"ListItem\",\"position\":1,\"name\":\"Portada\",\"item\":\"https:\\\/\\\/www.mexicanguitarplayers.com\\\/\"},{\"@type\":\"ListItem\",\"position\":2,\"name\":\"Tienda\",\"item\":\"https:\\\/\\\/www.mexicanguitarplayers.com\\\/tienda\\\/\"},{\"@type\":\"ListItem\",\"position\":3,\"name\":\"PIANO CASIO CELVIANO AP-650BK\"}]},{\"@type\":\"WebSite\",\"@id\":\"https:\\\/\\\/www.mexicanguitarplayers.com\\\/#website\",\"url\":\"https:\\\/\\\/www.mexicanguitarplayers.com\\\/\",\"name\":\"Mexican Guitar Players\",\"description\":\"Website\",\"publisher\":{\"@id\":\"https:\\\/\\\/www.mexicanguitarplayers.com\\\/#organization\"},\"potentialAction\":[{\"@type\":\"SearchAction\",\"target\":{\"@type\":\"EntryPoint\",\"urlTemplate\":\"https:\\\/\\\/www.mexicanguitarplayers.com\\\/?s={search_term_string}\"},\"query-input\":{\"@type\":\"PropertyValueSpecification\",\"valueRequired\":true,\"valueName\":\"search_term_string\"}}],\"inLanguage\":\"en-US\"},{\"@type\":\"Organization\",\"@id\":\"https:\\\/\\\/www.mexicanguitarplayers.com\\\/#organization\",\"name\":\"Mexican Guitar Players\",\"url\":\"https:\\\/\\\/www.mexicanguitarplayers.com\\\/\",\"logo\":{\"@type\":\"ImageObject\",\"inLanguage\":\"en-US\",\"@id\":\"https:\\\/\\\/www.mexicanguitarplayers.com\\\/#\\\/schema\\\/logo\\\/image\\\/\",\"url\":\"\",\"contentUrl\":\"\",\"caption\":\"Mexican Guitar Players\"},\"image\":{\"@id\":\"https:\\\/\\\/www.mexicanguitarplayers.com\\\/#\\\/schema\\\/logo\\\/image\\\/\"}}]}<\/script>\n<!-- \/ Yoast SEO plugin. -->","yoast_head_json":{"title":"PIANO CASIO CELVIANO AP-650BK - Mexican Guitar Players","description":"PIANO CASIO CELVIANO AP-650BK. Piano Celviano de 88 teclas con acci\u00f3n de martillo en escala tri-sensor II, teclas en imitaci\u00f3n de \u00e9bano y marfil, respuesta al tacto, 3 niveles de sensibilidad, fuente de sonidos Morphing AiR multidimensional, polifon\u00eda m\u00e1xima: 256 notas,250 tonos incorporados, estratificador\/divisi\u00f3n, efectos digitales, 180 ritmos incorporados, acompa\u00f1amiento autom\u00e1tico, 60 canciones incorporadas, funci\u00f3n de lecciones, metr\u00f3nomo, grabador MIDI: 17 pistas x 5 canciones, grabador de audio: 44,1 kHz formato WAV \/ aproximadamente hasta 25 minutos por canci\u00f3n, bot\u00f3n de selecci\u00f3n de tono, editor de ritmos, registros: 96 ajustes (4 \u00e1reas r\u00edtmicas + 8 \u00e1reas de tono) x 8 bancos, armonizaci\u00f3n autom\u00e1tica, funci\u00f3n dueto, afinaci\u00f3n extendida, cambio de octava, bloqueo del panel, cubierta de teclado de tipo deslizante, transposici\u00f3n de teclas, control de afinaci\u00f3n, pantalla LCD full-dot con luzde fondo, compatibilidad con GM Nivel 1, entrada y salida MIDI, 2 altavoces de 16 cm y 2 de 5 cm, salida de amplificador: 30W+30W, 2 salidas de aud\u00edfonos (conector est\u00e9reo est\u00e1ndar), dimensiones: 1,377 x 427 x 911 mm, peso: 50.2 kg, acabadoen tonalidad de madera oscura, accesorios incluidos: banco de altura regulable,adaptador de corriente, libro de partituras, atril de partituras, soporte paraaud\u00edfonos y 3 pedales.","robots":{"index":"index","follow":"follow","max-snippet":"max-snippet:-1","max-image-preview":"max-image-preview:large","max-video-preview":"max-video-preview:-1"},"canonical":"https:\/\/www.mexicanguitarplayers.com\/en\/tienda\/teclas\/pianos\/pianos-digitales\/piano-casio-celviano-ap-650bk\/","og_locale":"en_US","og_type":"article","og_title":"PIANO CASIO CELVIANO AP-650BK - Mexican Guitar Players","og_description":"PIANO CASIO CELVIANO AP-650BK. Piano Celviano de 88 teclas con acci\u00f3n de martillo en escala tri-sensor II, teclas en imitaci\u00f3n de \u00e9bano y marfil, respuesta al tacto, 3 niveles de sensibilidad, fuente de sonidos Morphing AiR multidimensional, polifon\u00eda m\u00e1xima: 256 notas,250 tonos incorporados, estratificador\/divisi\u00f3n, efectos digitales, 180 ritmos incorporados, acompa\u00f1amiento autom\u00e1tico, 60 canciones incorporadas, funci\u00f3n de lecciones, metr\u00f3nomo, grabador MIDI: 17 pistas x 5 canciones, grabador de audio: 44,1 kHz formato WAV \/ aproximadamente hasta 25 minutos por canci\u00f3n, bot\u00f3n de selecci\u00f3n de tono, editor de ritmos, registros: 96 ajustes (4 \u00e1reas r\u00edtmicas + 8 \u00e1reas de tono) x 8 bancos, armonizaci\u00f3n autom\u00e1tica, funci\u00f3n dueto, afinaci\u00f3n extendida, cambio de octava, bloqueo del panel, cubierta de teclado de tipo deslizante, transposici\u00f3n de teclas, control de afinaci\u00f3n, pantalla LCD full-dot con luzde fondo, compatibilidad con GM Nivel 1, entrada y salida MIDI, 2 altavoces de 16 cm y 2 de 5 cm, salida de amplificador: 30W+30W, 2 salidas de aud\u00edfonos (conector est\u00e9reo est\u00e1ndar), dimensiones: 1,377 x 427 x 911 mm, peso: 50.2 kg, acabadoen tonalidad de madera oscura, accesorios incluidos: banco de altura regulable,adaptador de corriente, libro de partituras, atril de partituras, soporte paraaud\u00edfonos y 3 pedales.","og_url":"https:\/\/www.mexicanguitarplayers.com\/en\/tienda\/teclas\/pianos\/pianos-digitales\/piano-casio-celviano-ap-650bk\/","og_site_name":"Mexican Guitar Players","article_modified_time":"2025-03-27T05:41:09+00:00","og_image":[{"width":1200,"height":1200,"url":"https:\/\/www.mexicanguitarplayers.com\/wp-content\/uploads\/2022\/08\/ITCASAP650BK.jpg","type":"image\/jpeg"}],"twitter_card":"summary_large_image","twitter_misc":{"Est. reading time":"1 minute"},"schema":{"@context":"https:\/\/schema.org","@graph":[{"@type":["WebPage","ItemPage"],"@id":"https:\/\/www.mexicanguitarplayers.com\/tienda\/teclas\/pianos\/pianos-digitales\/piano-casio-celviano-ap-650bk\/","url":"https:\/\/www.mexicanguitarplayers.com\/tienda\/teclas\/pianos\/pianos-digitales\/piano-casio-celviano-ap-650bk\/","name":"PIANO CASIO CELVIANO AP-650BK - Mexican Guitar Players","isPartOf":{"@id":"https:\/\/www.mexicanguitarplayers.com\/#website"},"primaryImageOfPage":{"@id":"https:\/\/www.mexicanguitarplayers.com\/tienda\/teclas\/pianos\/pianos-digitales\/piano-casio-celviano-ap-650bk\/#primaryimage"},"image":{"@id":"https:\/\/www.mexicanguitarplayers.com\/tienda\/teclas\/pianos\/pianos-digitales\/piano-casio-celviano-ap-650bk\/#primaryimage"},"thumbnailUrl":"https:\/\/www.mexicanguitarplayers.com\/wp-content\/uploads\/2022\/08\/ITCASAP650BK.jpg","datePublished":"2022-08-18T13:24:42+00:00","dateModified":"2025-03-27T05:41:09+00:00","description":"PIANO CASIO CELVIANO AP-650BK. Piano Celviano de 88 teclas con acci\u00f3n de martillo en escala tri-sensor II, teclas en imitaci\u00f3n de \u00e9bano y marfil, respuesta al tacto, 3 niveles de sensibilidad, fuente de sonidos Morphing AiR multidimensional, polifon\u00eda m\u00e1xima: 256 notas,250 tonos incorporados, estratificador\/divisi\u00f3n, efectos digitales, 180 ritmos incorporados, acompa\u00f1amiento autom\u00e1tico, 60 canciones incorporadas, funci\u00f3n de lecciones, metr\u00f3nomo, grabador MIDI: 17 pistas x 5 canciones, grabador de audio: 44,1 kHz formato WAV \/ aproximadamente hasta 25 minutos por canci\u00f3n, bot\u00f3n de selecci\u00f3n de tono, editor de ritmos, registros: 96 ajustes (4 \u00e1reas r\u00edtmicas + 8 \u00e1reas de tono) x 8 bancos, armonizaci\u00f3n autom\u00e1tica, funci\u00f3n dueto, afinaci\u00f3n extendida, cambio de octava, bloqueo del panel, cubierta de teclado de tipo deslizante, transposici\u00f3n de teclas, control de afinaci\u00f3n, pantalla LCD full-dot con luzde fondo, compatibilidad con GM Nivel 1, entrada y salida MIDI, 2 altavoces de 16 cm y 2 de 5 cm, salida de amplificador: 30W+30W, 2 salidas de aud\u00edfonos (conector est\u00e9reo est\u00e1ndar), dimensiones: 1,377 x 427 x 911 mm, peso: 50.2 kg, acabadoen tonalidad de madera oscura, accesorios incluidos: banco de altura regulable,adaptador de corriente, libro de partituras, atril de partituras, soporte paraaud\u00edfonos y 3 pedales.","breadcrumb":{"@id":"https:\/\/www.mexicanguitarplayers.com\/tienda\/teclas\/pianos\/pianos-digitales\/piano-casio-celviano-ap-650bk\/#breadcrumb"},"inLanguage":"en-US","potentialAction":[{"@type":"ReadAction","target":["https:\/\/www.mexicanguitarplayers.com\/tienda\/teclas\/pianos\/pianos-digitales\/piano-casio-celviano-ap-650bk\/"]}]},{"@type":"ImageObject","inLanguage":"en-US","@id":"https:\/\/www.mexicanguitarplayers.com\/tienda\/teclas\/pianos\/pianos-digitales\/piano-casio-celviano-ap-650bk\/#primaryimage","url":"https:\/\/www.mexicanguitarplayers.com\/wp-content\/uploads\/2022\/08\/ITCASAP650BK.jpg","contentUrl":"https:\/\/www.mexicanguitarplayers.com\/wp-content\/uploads\/2022\/08\/ITCASAP650BK.jpg","width":1200,"height":1200},{"@type":"BreadcrumbList","@id":"https:\/\/www.mexicanguitarplayers.com\/tienda\/teclas\/pianos\/pianos-digitales\/piano-casio-celviano-ap-650bk\/#breadcrumb","itemListElement":[{"@type":"ListItem","position":1,"name":"Portada","item":"https:\/\/www.mexicanguitarplayers.com\/"},{"@type":"ListItem","position":2,"name":"Tienda","item":"https:\/\/www.mexicanguitarplayers.com\/tienda\/"},{"@type":"ListItem","position":3,"name":"PIANO CASIO CELVIANO AP-650BK"}]},{"@type":"WebSite","@id":"https:\/\/www.mexicanguitarplayers.com\/#website","url":"https:\/\/www.mexicanguitarplayers.com\/","name":"Mexican Guitar Players","description":"Website","publisher":{"@id":"https:\/\/www.mexicanguitarplayers.com\/#organization"},"potentialAction":[{"@type":"SearchAction","target":{"@type":"EntryPoint","urlTemplate":"https:\/\/www.mexicanguitarplayers.com\/?s={search_term_string}"},"query-input":{"@type":"PropertyValueSpecification","valueRequired":true,"valueName":"search_term_string"}}],"inLanguage":"en-US"},{"@type":"Organization","@id":"https:\/\/www.mexicanguitarplayers.com\/#organization","name":"Mexican Guitar Players","url":"https:\/\/www.mexicanguitarplayers.com\/","logo":{"@type":"ImageObject","inLanguage":"en-US","@id":"https:\/\/www.mexicanguitarplayers.com\/#\/schema\/logo\/image\/","url":"","contentUrl":"","caption":"Mexican Guitar Players"},"image":{"@id":"https:\/\/www.mexicanguitarplayers.com\/#\/schema\/logo\/image\/"}}]}},"brands":[{"id":274,"name":"CASIO","slug":"casio"}],"_links":{"self":[{"href":"https:\/\/www.mexicanguitarplayers.com\/en\/wp-json\/wp\/v2\/product\/12251","targetHints":{"allow":["GET"]}}],"collection":[{"href":"https:\/\/www.mexicanguitarplayers.com\/en\/wp-json\/wp\/v2\/product"}],"about":[{"href":"https:\/\/www.mexicanguitarplayers.com\/en\/wp-json\/wp\/v2\/types\/product"}],"replies":[{"embeddable":true,"href":"https:\/\/www.mexicanguitarplayers.com\/en\/wp-json\/wp\/v2\/comments?post=12251"}],"wp:featuredmedia":[{"embeddable":true,"href":"https:\/\/www.mexicanguitarplayers.com\/en\/wp-json\/wp\/v2\/media\/12250"}],"wp:attachment":[{"href":"https:\/\/www.mexicanguitarplayers.com\/en\/wp-json\/wp\/v2\/media?parent=12251"}],"wp:term":[{"taxonomy":"pwb-brand","embeddable":true,"href":"https:\/\/www.mexicanguitarplayers.com\/en\/wp-json\/wp\/v2\/pwb-brand?post=12251"},{"taxonomy":"product_brand","embeddable":true,"href":"https:\/\/www.mexicanguitarplayers.com\/en\/wp-json\/wp\/v2\/product_brand?post=12251"},{"taxonomy":"product_cat","embeddable":true,"href":"https:\/\/www.mexicanguitarplayers.com\/en\/wp-json\/wp\/v2\/product_cat?post=12251"},{"taxonomy":"product_tag","embeddable":true,"href":"https:\/\/www.mexicanguitarplayers.com\/en\/wp-json\/wp\/v2\/product_tag?post=12251"}],"curies":[{"name":"wp","href":"https:\/\/api.w.org\/{rel}","templated":true}]}}