{"id":12266,"date":"2022-08-18T08:24:57","date_gmt":"2022-08-18T13:24:57","guid":{"rendered":"https:\/\/www.mexicanguitarplayers.com\/tienda\/sin%20categor\u00eda\/teclado-casio-portatil-ctk-6200-c-eli\/"},"modified":"2025-03-26T23:41:03","modified_gmt":"2025-03-27T05:41:03","slug":"teclado-casio-portatil-ctk-6200-c-eli","status":"publish","type":"product","link":"https:\/\/www.mexicanguitarplayers.com\/en\/tienda\/teclas\/teclados\/avanzados\/teclado-casio-portatil-ctk-6200-c-eli\/","title":{"rendered":"CASIO PORTABLE KEYBOARD CTK-6200 C\/ELI"},"content":{"rendered":"<div style=\"text-align: justify\">\n<div>\n<h3>CASIO PORTABLE KEYBOARD CTK-6200 C\/ELI<\/h3>\n<\/div>\n<div>High-End Keyboard, 61 Piano-Style Keys, Touch Response, AHL Sound Source, Max Polyphony: 48 Notes, 700 Built-in Tones, Layer\/Split, Digital Effects, EQ; Auto Harmonize, Arpeggio Control, 210 Built-in Rhythms, Auto Accompaniment, 5 Built-in Songs, Metronome, Recorder, Song Sequencer, Mixer: 32 Channels, Rhythm Editor, Pitch Edit, Registrations: 32 Settings (4 Sets x 8 Banks) , Octave Shift, Pitch Bend Wheel, Key Transpose, Pitch Control, Pedal Jack, LCD Display; SD card slot, SMF format playback, GM compatibility: level 1, USB port, 2 x 12 cm speakers and 2 x 3 cm bass-reflex, amplifier output: 6W+6W, audio input, line output, headphone output (standard stereo jack), uses 6 D batteries or AC adapter (included), dimensions: 948 x 384 x 122 mm, weight: 5.7 kg, included accessories: music stand and power adapter.<\/div>\n<\/div>","protected":false},"excerpt":{"rendered":"<p>Teclado de gama alta, 61 teclas estilo piano, respuesta al tacto, fuente de sonidos AHL, polifon\u00eda m\u00e1xima: 48 notas, 700 tonos incorporados, estratificador\/divisi\u00f3n, efectos digitales, EQ; armonizaci\u00f3n autom\u00e1tica, control de arpegios, 210 ritmos incorporados, acompa\u00f1amiento autom\u00e1tico, 5 canciones incorporadas, metr\u00f3nomo, grabador, secuenciador de canciones, mezclador: 32 canales, editor de ritmos, edici\u00f3n de tonos, registros: 32 ajustes (4 conjuntos x 8 bancos), cambio de octava, rueda de inflexi\u00f3n de tonos, transposici\u00f3n de teclas, control de afinaci\u00f3n, conector para pedal, pantalla LCD; ranura para tarjeta SD, reproducci\u00f3n en formato SMF, compatibilidad con GM: nivel 1, puerto USB, 2 altavoces de 12 cm y 2 bass-reflex de 3 cm, salida de amplificador: 6W+6W, entrada de audio, salida de l\u00ednea, salida de aud\u00edfonos (conector est\u00e9reo est\u00e1ndar), utiliza 6 pilas D o adaptador de CA (incluido), dimensiones: 948 x 384 x 122 mm, peso: 5.7 kg, accesoriosincluidos: atril de partituras y adaptador de corriente.&hellip; <a class=\"kt-excerpt-readmore more-link\" href=\"https:\/\/www.mexicanguitarplayers.com\/en\/tienda\/teclas\/teclados\/avanzados\/teclado-casio-portatil-ctk-6200-c-eli\/\">Read more<\/a><\/p>","protected":false},"featured_media":12264,"comment_status":"open","ping_status":"closed","template":"","meta":{"kt_blocks_editor_width":""},"pwb-brand":[274],"product_brand":[],"product_cat":[382,380,376],"product_tag":[],"class_list":{"0":"post-12266","1":"product","2":"type-product","3":"status-publish","4":"has-post-thumbnail","6":"pwb-brand-casio","7":"product_cat-avanzados","8":"product_cat-teclados","9":"product_cat-teclas","10":"product_shipping_class-10-15-kg","12":"first","13":"outofstock","14":"taxable","15":"shipping-taxable","16":"purchasable","17":"product-type-simple"},"yoast_head":"<!-- This site is optimized with the Yoast SEO plugin v27.3 - https:\/\/yoast.com\/product\/yoast-seo-wordpress\/ -->\n<title>TECLADO CASIO PORTATIL CTK-6200 C\/ELI - Mexican Guitar Players<\/title>\n<meta name=\"description\" content=\"TECLADO CASIO PORTATIL CTK-6200 C\/ELI. Teclado de gama alta, 61 teclas estilo piano, respuesta al tacto, fuente de sonidos AHL, polifon\u00eda m\u00e1xima: 48 notas, 700 tonos incorporados, estratificador\/divisi\u00f3n, efectos digitales, EQ; armonizaci\u00f3n autom\u00e1tica, control de arpegios, 210 ritmos incorporados, acompa\u00f1amiento autom\u00e1tico, 5 canciones incorporadas, metr\u00f3nomo, grabador, secuenciador de canciones, mezclador: 32 canales, editor de ritmos, edici\u00f3n de tonos, registros: 32 ajustes (4 conjuntos x 8 bancos), cambio de octava, rueda de inflexi\u00f3n de tonos, transposici\u00f3n de teclas, control de afinaci\u00f3n, conector para pedal, pantalla LCD; ranura para tarjeta SD, reproducci\u00f3n en formato SMF, compatibilidad con GM: nivel 1, puerto USB, 2 altavoces de 12 cm y 2 bass-reflex de 3 cm, salida de amplificador: 6W+6W, entrada de audio, salida de l\u00ednea, salida de aud\u00edfonos (conector est\u00e9reo est\u00e1ndar), utiliza 6 pilas D o adaptador de CA (incluido), dimensiones: 948 x 384 x 122 mm, peso: 5.7 kg, accesoriosincluidos: atril de partituras y adaptador de corriente.\" \/>\n<meta name=\"robots\" content=\"index, follow, max-snippet:-1, max-image-preview:large, max-video-preview:-1\" \/>\n<link rel=\"canonical\" href=\"https:\/\/www.mexicanguitarplayers.com\/en\/tienda\/teclas\/teclados\/avanzados\/teclado-casio-portatil-ctk-6200-c-eli\/\" \/>\n<meta property=\"og:locale\" content=\"en_US\" \/>\n<meta property=\"og:type\" content=\"article\" \/>\n<meta property=\"og:title\" content=\"TECLADO CASIO PORTATIL CTK-6200 C\/ELI - Mexican Guitar Players\" \/>\n<meta property=\"og:description\" content=\"TECLADO CASIO PORTATIL CTK-6200 C\/ELI. Teclado de gama alta, 61 teclas estilo piano, respuesta al tacto, fuente de sonidos AHL, polifon\u00eda m\u00e1xima: 48 notas, 700 tonos incorporados, estratificador\/divisi\u00f3n, efectos digitales, EQ; armonizaci\u00f3n autom\u00e1tica, control de arpegios, 210 ritmos incorporados, acompa\u00f1amiento autom\u00e1tico, 5 canciones incorporadas, metr\u00f3nomo, grabador, secuenciador de canciones, mezclador: 32 canales, editor de ritmos, edici\u00f3n de tonos, registros: 32 ajustes (4 conjuntos x 8 bancos), cambio de octava, rueda de inflexi\u00f3n de tonos, transposici\u00f3n de teclas, control de afinaci\u00f3n, conector para pedal, pantalla LCD; ranura para tarjeta SD, reproducci\u00f3n en formato SMF, compatibilidad con GM: nivel 1, puerto USB, 2 altavoces de 12 cm y 2 bass-reflex de 3 cm, salida de amplificador: 6W+6W, entrada de audio, salida de l\u00ednea, salida de aud\u00edfonos (conector est\u00e9reo est\u00e1ndar), utiliza 6 pilas D o adaptador de CA (incluido), dimensiones: 948 x 384 x 122 mm, peso: 5.7 kg, accesoriosincluidos: atril de partituras y adaptador de corriente.\" \/>\n<meta property=\"og:url\" content=\"https:\/\/www.mexicanguitarplayers.com\/en\/tienda\/teclas\/teclados\/avanzados\/teclado-casio-portatil-ctk-6200-c-eli\/\" \/>\n<meta property=\"og:site_name\" content=\"Mexican Guitar Players\" \/>\n<meta property=\"article:modified_time\" content=\"2025-03-27T05:41:03+00:00\" \/>\n<meta property=\"og:image\" content=\"https:\/\/www.mexicanguitarplayers.com\/wp-content\/uploads\/2022\/08\/ITCASCTK6200.jpg\" \/>\n\t<meta property=\"og:image:width\" content=\"1600\" \/>\n\t<meta property=\"og:image:height\" content=\"800\" \/>\n\t<meta property=\"og:image:type\" content=\"image\/jpeg\" \/>\n<meta name=\"twitter:card\" content=\"summary_large_image\" \/>\n<meta name=\"twitter:label1\" content=\"Est. reading time\" \/>\n\t<meta name=\"twitter:data1\" content=\"1 minute\" \/>\n<script type=\"application\/ld+json\" class=\"yoast-schema-graph\">{\"@context\":\"https:\\\/\\\/schema.org\",\"@graph\":[{\"@type\":[\"WebPage\",\"ItemPage\"],\"@id\":\"https:\\\/\\\/www.mexicanguitarplayers.com\\\/tienda\\\/teclas\\\/teclados\\\/avanzados\\\/teclado-casio-portatil-ctk-6200-c-eli\\\/\",\"url\":\"https:\\\/\\\/www.mexicanguitarplayers.com\\\/tienda\\\/teclas\\\/teclados\\\/avanzados\\\/teclado-casio-portatil-ctk-6200-c-eli\\\/\",\"name\":\"TECLADO CASIO PORTATIL CTK-6200 C\\\/ELI - Mexican Guitar Players\",\"isPartOf\":{\"@id\":\"https:\\\/\\\/www.mexicanguitarplayers.com\\\/#website\"},\"primaryImageOfPage\":{\"@id\":\"https:\\\/\\\/www.mexicanguitarplayers.com\\\/tienda\\\/teclas\\\/teclados\\\/avanzados\\\/teclado-casio-portatil-ctk-6200-c-eli\\\/#primaryimage\"},\"image\":{\"@id\":\"https:\\\/\\\/www.mexicanguitarplayers.com\\\/tienda\\\/teclas\\\/teclados\\\/avanzados\\\/teclado-casio-portatil-ctk-6200-c-eli\\\/#primaryimage\"},\"thumbnailUrl\":\"https:\\\/\\\/www.mexicanguitarplayers.com\\\/wp-content\\\/uploads\\\/2022\\\/08\\\/ITCASCTK6200.jpg\",\"datePublished\":\"2022-08-18T13:24:57+00:00\",\"dateModified\":\"2025-03-27T05:41:03+00:00\",\"description\":\"TECLADO CASIO PORTATIL CTK-6200 C\\\/ELI. Teclado de gama alta, 61 teclas estilo piano, respuesta al tacto, fuente de sonidos AHL, polifon\u00eda m\u00e1xima: 48 notas, 700 tonos incorporados, estratificador\\\/divisi\u00f3n, efectos digitales, EQ; armonizaci\u00f3n autom\u00e1tica, control de arpegios, 210 ritmos incorporados, acompa\u00f1amiento autom\u00e1tico, 5 canciones incorporadas, metr\u00f3nomo, grabador, secuenciador de canciones, mezclador: 32 canales, editor de ritmos, edici\u00f3n de tonos, registros: 32 ajustes (4 conjuntos x 8 bancos), cambio de octava, rueda de inflexi\u00f3n de tonos, transposici\u00f3n de teclas, control de afinaci\u00f3n, conector para pedal, pantalla LCD; ranura para tarjeta SD, reproducci\u00f3n en formato SMF, compatibilidad con GM: nivel 1, puerto USB, 2 altavoces de 12 cm y 2 bass-reflex de 3 cm, salida de amplificador: 6W+6W, entrada de audio, salida de l\u00ednea, salida de aud\u00edfonos (conector est\u00e9reo est\u00e1ndar), utiliza 6 pilas D o adaptador de CA (incluido), dimensiones: 948 x 384 x 122 mm, peso: 5.7 kg, accesoriosincluidos: atril de partituras y adaptador de corriente.\",\"breadcrumb\":{\"@id\":\"https:\\\/\\\/www.mexicanguitarplayers.com\\\/tienda\\\/teclas\\\/teclados\\\/avanzados\\\/teclado-casio-portatil-ctk-6200-c-eli\\\/#breadcrumb\"},\"inLanguage\":\"en-US\",\"potentialAction\":[{\"@type\":\"ReadAction\",\"target\":[\"https:\\\/\\\/www.mexicanguitarplayers.com\\\/tienda\\\/teclas\\\/teclados\\\/avanzados\\\/teclado-casio-portatil-ctk-6200-c-eli\\\/\"]}]},{\"@type\":\"ImageObject\",\"inLanguage\":\"en-US\",\"@id\":\"https:\\\/\\\/www.mexicanguitarplayers.com\\\/tienda\\\/teclas\\\/teclados\\\/avanzados\\\/teclado-casio-portatil-ctk-6200-c-eli\\\/#primaryimage\",\"url\":\"https:\\\/\\\/www.mexicanguitarplayers.com\\\/wp-content\\\/uploads\\\/2022\\\/08\\\/ITCASCTK6200.jpg\",\"contentUrl\":\"https:\\\/\\\/www.mexicanguitarplayers.com\\\/wp-content\\\/uploads\\\/2022\\\/08\\\/ITCASCTK6200.jpg\",\"width\":1600,\"height\":800},{\"@type\":\"BreadcrumbList\",\"@id\":\"https:\\\/\\\/www.mexicanguitarplayers.com\\\/tienda\\\/teclas\\\/teclados\\\/avanzados\\\/teclado-casio-portatil-ctk-6200-c-eli\\\/#breadcrumb\",\"itemListElement\":[{\"@type\":\"ListItem\",\"position\":1,\"name\":\"Portada\",\"item\":\"https:\\\/\\\/www.mexicanguitarplayers.com\\\/\"},{\"@type\":\"ListItem\",\"position\":2,\"name\":\"Tienda\",\"item\":\"https:\\\/\\\/www.mexicanguitarplayers.com\\\/tienda\\\/\"},{\"@type\":\"ListItem\",\"position\":3,\"name\":\"TECLADO CASIO PORTATIL CTK-6200 C\\\/ELI\"}]},{\"@type\":\"WebSite\",\"@id\":\"https:\\\/\\\/www.mexicanguitarplayers.com\\\/#website\",\"url\":\"https:\\\/\\\/www.mexicanguitarplayers.com\\\/\",\"name\":\"Mexican Guitar Players\",\"description\":\"Website\",\"publisher\":{\"@id\":\"https:\\\/\\\/www.mexicanguitarplayers.com\\\/#organization\"},\"potentialAction\":[{\"@type\":\"SearchAction\",\"target\":{\"@type\":\"EntryPoint\",\"urlTemplate\":\"https:\\\/\\\/www.mexicanguitarplayers.com\\\/?s={search_term_string}\"},\"query-input\":{\"@type\":\"PropertyValueSpecification\",\"valueRequired\":true,\"valueName\":\"search_term_string\"}}],\"inLanguage\":\"en-US\"},{\"@type\":\"Organization\",\"@id\":\"https:\\\/\\\/www.mexicanguitarplayers.com\\\/#organization\",\"name\":\"Mexican Guitar Players\",\"url\":\"https:\\\/\\\/www.mexicanguitarplayers.com\\\/\",\"logo\":{\"@type\":\"ImageObject\",\"inLanguage\":\"en-US\",\"@id\":\"https:\\\/\\\/www.mexicanguitarplayers.com\\\/#\\\/schema\\\/logo\\\/image\\\/\",\"url\":\"\",\"contentUrl\":\"\",\"caption\":\"Mexican Guitar Players\"},\"image\":{\"@id\":\"https:\\\/\\\/www.mexicanguitarplayers.com\\\/#\\\/schema\\\/logo\\\/image\\\/\"}}]}<\/script>\n<!-- \/ Yoast SEO plugin. -->","yoast_head_json":{"title":"TECLADO CASIO PORTATIL CTK-6200 C\/ELI - Mexican Guitar Players","description":"TECLADO CASIO PORTATIL CTK-6200 C\/ELI. Teclado de gama alta, 61 teclas estilo piano, respuesta al tacto, fuente de sonidos AHL, polifon\u00eda m\u00e1xima: 48 notas, 700 tonos incorporados, estratificador\/divisi\u00f3n, efectos digitales, EQ; armonizaci\u00f3n autom\u00e1tica, control de arpegios, 210 ritmos incorporados, acompa\u00f1amiento autom\u00e1tico, 5 canciones incorporadas, metr\u00f3nomo, grabador, secuenciador de canciones, mezclador: 32 canales, editor de ritmos, edici\u00f3n de tonos, registros: 32 ajustes (4 conjuntos x 8 bancos), cambio de octava, rueda de inflexi\u00f3n de tonos, transposici\u00f3n de teclas, control de afinaci\u00f3n, conector para pedal, pantalla LCD; ranura para tarjeta SD, reproducci\u00f3n en formato SMF, compatibilidad con GM: nivel 1, puerto USB, 2 altavoces de 12 cm y 2 bass-reflex de 3 cm, salida de amplificador: 6W+6W, entrada de audio, salida de l\u00ednea, salida de aud\u00edfonos (conector est\u00e9reo est\u00e1ndar), utiliza 6 pilas D o adaptador de CA (incluido), dimensiones: 948 x 384 x 122 mm, peso: 5.7 kg, accesoriosincluidos: atril de partituras y adaptador de corriente.","robots":{"index":"index","follow":"follow","max-snippet":"max-snippet:-1","max-image-preview":"max-image-preview:large","max-video-preview":"max-video-preview:-1"},"canonical":"https:\/\/www.mexicanguitarplayers.com\/en\/tienda\/teclas\/teclados\/avanzados\/teclado-casio-portatil-ctk-6200-c-eli\/","og_locale":"en_US","og_type":"article","og_title":"TECLADO CASIO PORTATIL CTK-6200 C\/ELI - Mexican Guitar Players","og_description":"TECLADO CASIO PORTATIL CTK-6200 C\/ELI. Teclado de gama alta, 61 teclas estilo piano, respuesta al tacto, fuente de sonidos AHL, polifon\u00eda m\u00e1xima: 48 notas, 700 tonos incorporados, estratificador\/divisi\u00f3n, efectos digitales, EQ; armonizaci\u00f3n autom\u00e1tica, control de arpegios, 210 ritmos incorporados, acompa\u00f1amiento autom\u00e1tico, 5 canciones incorporadas, metr\u00f3nomo, grabador, secuenciador de canciones, mezclador: 32 canales, editor de ritmos, edici\u00f3n de tonos, registros: 32 ajustes (4 conjuntos x 8 bancos), cambio de octava, rueda de inflexi\u00f3n de tonos, transposici\u00f3n de teclas, control de afinaci\u00f3n, conector para pedal, pantalla LCD; ranura para tarjeta SD, reproducci\u00f3n en formato SMF, compatibilidad con GM: nivel 1, puerto USB, 2 altavoces de 12 cm y 2 bass-reflex de 3 cm, salida de amplificador: 6W+6W, entrada de audio, salida de l\u00ednea, salida de aud\u00edfonos (conector est\u00e9reo est\u00e1ndar), utiliza 6 pilas D o adaptador de CA (incluido), dimensiones: 948 x 384 x 122 mm, peso: 5.7 kg, accesoriosincluidos: atril de partituras y adaptador de corriente.","og_url":"https:\/\/www.mexicanguitarplayers.com\/en\/tienda\/teclas\/teclados\/avanzados\/teclado-casio-portatil-ctk-6200-c-eli\/","og_site_name":"Mexican Guitar Players","article_modified_time":"2025-03-27T05:41:03+00:00","og_image":[{"width":1600,"height":800,"url":"https:\/\/www.mexicanguitarplayers.com\/wp-content\/uploads\/2022\/08\/ITCASCTK6200.jpg","type":"image\/jpeg"}],"twitter_card":"summary_large_image","twitter_misc":{"Est. reading time":"1 minute"},"schema":{"@context":"https:\/\/schema.org","@graph":[{"@type":["WebPage","ItemPage"],"@id":"https:\/\/www.mexicanguitarplayers.com\/tienda\/teclas\/teclados\/avanzados\/teclado-casio-portatil-ctk-6200-c-eli\/","url":"https:\/\/www.mexicanguitarplayers.com\/tienda\/teclas\/teclados\/avanzados\/teclado-casio-portatil-ctk-6200-c-eli\/","name":"TECLADO CASIO PORTATIL CTK-6200 C\/ELI - Mexican Guitar Players","isPartOf":{"@id":"https:\/\/www.mexicanguitarplayers.com\/#website"},"primaryImageOfPage":{"@id":"https:\/\/www.mexicanguitarplayers.com\/tienda\/teclas\/teclados\/avanzados\/teclado-casio-portatil-ctk-6200-c-eli\/#primaryimage"},"image":{"@id":"https:\/\/www.mexicanguitarplayers.com\/tienda\/teclas\/teclados\/avanzados\/teclado-casio-portatil-ctk-6200-c-eli\/#primaryimage"},"thumbnailUrl":"https:\/\/www.mexicanguitarplayers.com\/wp-content\/uploads\/2022\/08\/ITCASCTK6200.jpg","datePublished":"2022-08-18T13:24:57+00:00","dateModified":"2025-03-27T05:41:03+00:00","description":"TECLADO CASIO PORTATIL CTK-6200 C\/ELI. Teclado de gama alta, 61 teclas estilo piano, respuesta al tacto, fuente de sonidos AHL, polifon\u00eda m\u00e1xima: 48 notas, 700 tonos incorporados, estratificador\/divisi\u00f3n, efectos digitales, EQ; armonizaci\u00f3n autom\u00e1tica, control de arpegios, 210 ritmos incorporados, acompa\u00f1amiento autom\u00e1tico, 5 canciones incorporadas, metr\u00f3nomo, grabador, secuenciador de canciones, mezclador: 32 canales, editor de ritmos, edici\u00f3n de tonos, registros: 32 ajustes (4 conjuntos x 8 bancos), cambio de octava, rueda de inflexi\u00f3n de tonos, transposici\u00f3n de teclas, control de afinaci\u00f3n, conector para pedal, pantalla LCD; ranura para tarjeta SD, reproducci\u00f3n en formato SMF, compatibilidad con GM: nivel 1, puerto USB, 2 altavoces de 12 cm y 2 bass-reflex de 3 cm, salida de amplificador: 6W+6W, entrada de audio, salida de l\u00ednea, salida de aud\u00edfonos (conector est\u00e9reo est\u00e1ndar), utiliza 6 pilas D o adaptador de CA (incluido), dimensiones: 948 x 384 x 122 mm, peso: 5.7 kg, accesoriosincluidos: atril de partituras y adaptador de corriente.","breadcrumb":{"@id":"https:\/\/www.mexicanguitarplayers.com\/tienda\/teclas\/teclados\/avanzados\/teclado-casio-portatil-ctk-6200-c-eli\/#breadcrumb"},"inLanguage":"en-US","potentialAction":[{"@type":"ReadAction","target":["https:\/\/www.mexicanguitarplayers.com\/tienda\/teclas\/teclados\/avanzados\/teclado-casio-portatil-ctk-6200-c-eli\/"]}]},{"@type":"ImageObject","inLanguage":"en-US","@id":"https:\/\/www.mexicanguitarplayers.com\/tienda\/teclas\/teclados\/avanzados\/teclado-casio-portatil-ctk-6200-c-eli\/#primaryimage","url":"https:\/\/www.mexicanguitarplayers.com\/wp-content\/uploads\/2022\/08\/ITCASCTK6200.jpg","contentUrl":"https:\/\/www.mexicanguitarplayers.com\/wp-content\/uploads\/2022\/08\/ITCASCTK6200.jpg","width":1600,"height":800},{"@type":"BreadcrumbList","@id":"https:\/\/www.mexicanguitarplayers.com\/tienda\/teclas\/teclados\/avanzados\/teclado-casio-portatil-ctk-6200-c-eli\/#breadcrumb","itemListElement":[{"@type":"ListItem","position":1,"name":"Portada","item":"https:\/\/www.mexicanguitarplayers.com\/"},{"@type":"ListItem","position":2,"name":"Tienda","item":"https:\/\/www.mexicanguitarplayers.com\/tienda\/"},{"@type":"ListItem","position":3,"name":"TECLADO CASIO PORTATIL CTK-6200 C\/ELI"}]},{"@type":"WebSite","@id":"https:\/\/www.mexicanguitarplayers.com\/#website","url":"https:\/\/www.mexicanguitarplayers.com\/","name":"Mexican Guitar Players","description":"Website","publisher":{"@id":"https:\/\/www.mexicanguitarplayers.com\/#organization"},"potentialAction":[{"@type":"SearchAction","target":{"@type":"EntryPoint","urlTemplate":"https:\/\/www.mexicanguitarplayers.com\/?s={search_term_string}"},"query-input":{"@type":"PropertyValueSpecification","valueRequired":true,"valueName":"search_term_string"}}],"inLanguage":"en-US"},{"@type":"Organization","@id":"https:\/\/www.mexicanguitarplayers.com\/#organization","name":"Mexican Guitar Players","url":"https:\/\/www.mexicanguitarplayers.com\/","logo":{"@type":"ImageObject","inLanguage":"en-US","@id":"https:\/\/www.mexicanguitarplayers.com\/#\/schema\/logo\/image\/","url":"","contentUrl":"","caption":"Mexican Guitar Players"},"image":{"@id":"https:\/\/www.mexicanguitarplayers.com\/#\/schema\/logo\/image\/"}}]}},"brands":[{"id":274,"name":"CASIO","slug":"casio"}],"_links":{"self":[{"href":"https:\/\/www.mexicanguitarplayers.com\/en\/wp-json\/wp\/v2\/product\/12266","targetHints":{"allow":["GET"]}}],"collection":[{"href":"https:\/\/www.mexicanguitarplayers.com\/en\/wp-json\/wp\/v2\/product"}],"about":[{"href":"https:\/\/www.mexicanguitarplayers.com\/en\/wp-json\/wp\/v2\/types\/product"}],"replies":[{"embeddable":true,"href":"https:\/\/www.mexicanguitarplayers.com\/en\/wp-json\/wp\/v2\/comments?post=12266"}],"wp:featuredmedia":[{"embeddable":true,"href":"https:\/\/www.mexicanguitarplayers.com\/en\/wp-json\/wp\/v2\/media\/12264"}],"wp:attachment":[{"href":"https:\/\/www.mexicanguitarplayers.com\/en\/wp-json\/wp\/v2\/media?parent=12266"}],"wp:term":[{"taxonomy":"pwb-brand","embeddable":true,"href":"https:\/\/www.mexicanguitarplayers.com\/en\/wp-json\/wp\/v2\/pwb-brand?post=12266"},{"taxonomy":"product_brand","embeddable":true,"href":"https:\/\/www.mexicanguitarplayers.com\/en\/wp-json\/wp\/v2\/product_brand?post=12266"},{"taxonomy":"product_cat","embeddable":true,"href":"https:\/\/www.mexicanguitarplayers.com\/en\/wp-json\/wp\/v2\/product_cat?post=12266"},{"taxonomy":"product_tag","embeddable":true,"href":"https:\/\/www.mexicanguitarplayers.com\/en\/wp-json\/wp\/v2\/product_tag?post=12266"}],"curies":[{"name":"wp","href":"https:\/\/api.w.org\/{rel}","templated":true}]}}