{"id":12268,"date":"2022-08-18T08:25:01","date_gmt":"2022-08-18T13:25:01","guid":{"rendered":"https:\/\/www.mexicanguitarplayers.com\/tienda\/sin%20categor\u00eda\/teclado-casio-portatil-ctk-810\/"},"modified":"2025-03-26T23:41:00","modified_gmt":"2025-03-27T05:41:00","slug":"teclado-casio-portatil-ctk-810","status":"publish","type":"product","link":"https:\/\/www.mexicanguitarplayers.com\/en\/tienda\/teclas\/teclados\/estandar\/teclado-casio-portatil-ctk-810\/","title":{"rendered":"CASIO PORTABLE KEYBOARD CTK-810"},"content":{"rendered":"<div style=\"text-align: justify\">\n<div>\n<h3>CASIO PORTABLE KEYBOARD CTK-810<\/h3>\n<\/div>\n<div>Standard Keyboard, 61 Piano-Like Keys, Touch Response, Maximum Polyphony: 32 Notes, 515 High-Quality Tones, 120 Rhythms Including 20 Piano Patterns, Auto Accompaniment, 100 Built-in Songs, Song Expansion: 5 Songs As max approx. Total 70 Kb, Metronome, Recorder: 1 song (with melody song bank) and 2 tracks for 1 song (with rhythm), approx. 12,000 notes, LCD display, GM Level 1 compatible, 2 x 12 cm speakers, amplifier output: 2.5W+2.5W, uses 6 AA batteries or power adapter (included), dimensions: 945 x 373 x 131 mm, weight: 4.8 kg, included accessories: sheet music book, music stand, power adapter and CD ROM.<\/div>\n<\/div>","protected":false},"excerpt":{"rendered":"<p>Teclado est\u00e1ndar, 61 teclas similares a las de un piano, respuesta al tacto, polifon\u00eda m\u00e1xima: 32 notas, 515 tonos de alta calidad, 120 ritmos incluidos 20 patrones para piano, acompa\u00f1amiento autom\u00e1tico, 100 canciones incorporadas, expansi\u00f3n de canciones: 5 canciones como m\u00e1ximo, aprox. 70 Kb en total, metr\u00f3nomo, grabador: 1 canci\u00f3n (con banco de canciones de melod\u00edas) y 2 pistas para 1 canci\u00f3n (con ritmo), aproximadamente 12.000 notas, pantalla LCD, compatible con el Nivel 1de GM, 2 altavoces de 12 cm, salida de amplificador: 2.5W+2.5W, utiliza 6 pilasAA o adaptador de corriente (incluido), dimensiones: 945 x 373 x 131 mm, peso:4.8 kg, accesorios incluidos: libro de partituras, atril de partituras, adaptador de corriente y CD-ROM.&hellip; <a class=\"kt-excerpt-readmore more-link\" href=\"https:\/\/www.mexicanguitarplayers.com\/en\/tienda\/teclas\/teclados\/estandar\/teclado-casio-portatil-ctk-810\/\">Read more<\/a><\/p>","protected":false},"featured_media":12267,"comment_status":"open","ping_status":"closed","template":"","meta":{"kt_blocks_editor_width":""},"pwb-brand":[274],"product_brand":[],"product_cat":[381,380,376],"product_tag":[],"class_list":{"0":"post-12268","1":"product","2":"type-product","3":"status-publish","4":"has-post-thumbnail","6":"pwb-brand-casio","7":"product_cat-estandar","8":"product_cat-teclados","9":"product_cat-teclas","10":"product_shipping_class-15-20-kg","12":"first","13":"outofstock","14":"taxable","15":"shipping-taxable","16":"purchasable","17":"product-type-simple"},"yoast_head":"<!-- This site is optimized with the Yoast SEO plugin v27.3 - https:\/\/yoast.com\/product\/yoast-seo-wordpress\/ -->\n<title>TECLADO CASIO PORTATIL CTK-810 - Mexican Guitar Players<\/title>\n<meta name=\"description\" content=\"TECLADO CASIO PORTATIL CTK-810. Teclado est\u00e1ndar, 61 teclas similares a las de un piano, respuesta al tacto, polifon\u00eda m\u00e1xima: 32 notas, 515 tonos de alta calidad, 120 ritmos incluidos 20 patrones para piano, acompa\u00f1amiento autom\u00e1tico, 100 canciones incorporadas, expansi\u00f3n de canciones: 5 canciones como m\u00e1ximo, aprox. 70 Kb en total, metr\u00f3nomo, grabador: 1 canci\u00f3n (con banco de canciones de melod\u00edas) y 2 pistas para 1 canci\u00f3n (con ritmo), aproximadamente 12.000 notas, pantalla LCD, compatible con el Nivel 1de GM, 2 altavoces de 12 cm, salida de amplificador: 2.5W+2.5W, utiliza 6 pilasAA o adaptador de corriente (incluido), dimensiones: 945 x 373 x 131 mm, peso:4.8 kg, accesorios incluidos: libro de partituras, atril de partituras, adaptador de corriente y CD-ROM.\" \/>\n<meta name=\"robots\" content=\"index, follow, max-snippet:-1, max-image-preview:large, max-video-preview:-1\" \/>\n<link rel=\"canonical\" href=\"https:\/\/www.mexicanguitarplayers.com\/en\/tienda\/teclas\/teclados\/estandar\/teclado-casio-portatil-ctk-810\/\" \/>\n<meta property=\"og:locale\" content=\"en_US\" \/>\n<meta property=\"og:type\" content=\"article\" \/>\n<meta property=\"og:title\" content=\"TECLADO CASIO PORTATIL CTK-810 - Mexican Guitar Players\" \/>\n<meta property=\"og:description\" content=\"TECLADO CASIO PORTATIL CTK-810. Teclado est\u00e1ndar, 61 teclas similares a las de un piano, respuesta al tacto, polifon\u00eda m\u00e1xima: 32 notas, 515 tonos de alta calidad, 120 ritmos incluidos 20 patrones para piano, acompa\u00f1amiento autom\u00e1tico, 100 canciones incorporadas, expansi\u00f3n de canciones: 5 canciones como m\u00e1ximo, aprox. 70 Kb en total, metr\u00f3nomo, grabador: 1 canci\u00f3n (con banco de canciones de melod\u00edas) y 2 pistas para 1 canci\u00f3n (con ritmo), aproximadamente 12.000 notas, pantalla LCD, compatible con el Nivel 1de GM, 2 altavoces de 12 cm, salida de amplificador: 2.5W+2.5W, utiliza 6 pilasAA o adaptador de corriente (incluido), dimensiones: 945 x 373 x 131 mm, peso:4.8 kg, accesorios incluidos: libro de partituras, atril de partituras, adaptador de corriente y CD-ROM.\" \/>\n<meta property=\"og:url\" content=\"https:\/\/www.mexicanguitarplayers.com\/en\/tienda\/teclas\/teclados\/estandar\/teclado-casio-portatil-ctk-810\/\" \/>\n<meta property=\"og:site_name\" content=\"Mexican Guitar Players\" \/>\n<meta property=\"article:modified_time\" content=\"2025-03-27T05:41:00+00:00\" \/>\n<meta property=\"og:image\" content=\"https:\/\/www.mexicanguitarplayers.com\/wp-content\/uploads\/2022\/08\/ITCASCTK810.jpg\" \/>\n\t<meta property=\"og:image:width\" content=\"1600\" \/>\n\t<meta property=\"og:image:height\" content=\"800\" \/>\n\t<meta property=\"og:image:type\" content=\"image\/jpeg\" \/>\n<meta name=\"twitter:card\" content=\"summary_large_image\" \/>\n<meta name=\"twitter:label1\" content=\"Est. reading time\" \/>\n\t<meta name=\"twitter:data1\" content=\"1 minute\" \/>\n<script type=\"application\/ld+json\" class=\"yoast-schema-graph\">{\"@context\":\"https:\\\/\\\/schema.org\",\"@graph\":[{\"@type\":[\"WebPage\",\"ItemPage\"],\"@id\":\"https:\\\/\\\/www.mexicanguitarplayers.com\\\/tienda\\\/teclas\\\/teclados\\\/estandar\\\/teclado-casio-portatil-ctk-810\\\/\",\"url\":\"https:\\\/\\\/www.mexicanguitarplayers.com\\\/tienda\\\/teclas\\\/teclados\\\/estandar\\\/teclado-casio-portatil-ctk-810\\\/\",\"name\":\"TECLADO CASIO PORTATIL CTK-810 - Mexican Guitar Players\",\"isPartOf\":{\"@id\":\"https:\\\/\\\/www.mexicanguitarplayers.com\\\/#website\"},\"primaryImageOfPage\":{\"@id\":\"https:\\\/\\\/www.mexicanguitarplayers.com\\\/tienda\\\/teclas\\\/teclados\\\/estandar\\\/teclado-casio-portatil-ctk-810\\\/#primaryimage\"},\"image\":{\"@id\":\"https:\\\/\\\/www.mexicanguitarplayers.com\\\/tienda\\\/teclas\\\/teclados\\\/estandar\\\/teclado-casio-portatil-ctk-810\\\/#primaryimage\"},\"thumbnailUrl\":\"https:\\\/\\\/www.mexicanguitarplayers.com\\\/wp-content\\\/uploads\\\/2022\\\/08\\\/ITCASCTK810.jpg\",\"datePublished\":\"2022-08-18T13:25:01+00:00\",\"dateModified\":\"2025-03-27T05:41:00+00:00\",\"description\":\"TECLADO CASIO PORTATIL CTK-810. Teclado est\u00e1ndar, 61 teclas similares a las de un piano, respuesta al tacto, polifon\u00eda m\u00e1xima: 32 notas, 515 tonos de alta calidad, 120 ritmos incluidos 20 patrones para piano, acompa\u00f1amiento autom\u00e1tico, 100 canciones incorporadas, expansi\u00f3n de canciones: 5 canciones como m\u00e1ximo, aprox. 70 Kb en total, metr\u00f3nomo, grabador: 1 canci\u00f3n (con banco de canciones de melod\u00edas) y 2 pistas para 1 canci\u00f3n (con ritmo), aproximadamente 12.000 notas, pantalla LCD, compatible con el Nivel 1de GM, 2 altavoces de 12 cm, salida de amplificador: 2.5W+2.5W, utiliza 6 pilasAA o adaptador de corriente (incluido), dimensiones: 945 x 373 x 131 mm, peso:4.8 kg, accesorios incluidos: libro de partituras, atril de partituras, adaptador de corriente y CD-ROM.\",\"breadcrumb\":{\"@id\":\"https:\\\/\\\/www.mexicanguitarplayers.com\\\/tienda\\\/teclas\\\/teclados\\\/estandar\\\/teclado-casio-portatil-ctk-810\\\/#breadcrumb\"},\"inLanguage\":\"en-US\",\"potentialAction\":[{\"@type\":\"ReadAction\",\"target\":[\"https:\\\/\\\/www.mexicanguitarplayers.com\\\/tienda\\\/teclas\\\/teclados\\\/estandar\\\/teclado-casio-portatil-ctk-810\\\/\"]}]},{\"@type\":\"ImageObject\",\"inLanguage\":\"en-US\",\"@id\":\"https:\\\/\\\/www.mexicanguitarplayers.com\\\/tienda\\\/teclas\\\/teclados\\\/estandar\\\/teclado-casio-portatil-ctk-810\\\/#primaryimage\",\"url\":\"https:\\\/\\\/www.mexicanguitarplayers.com\\\/wp-content\\\/uploads\\\/2022\\\/08\\\/ITCASCTK810.jpg\",\"contentUrl\":\"https:\\\/\\\/www.mexicanguitarplayers.com\\\/wp-content\\\/uploads\\\/2022\\\/08\\\/ITCASCTK810.jpg\",\"width\":1600,\"height\":800},{\"@type\":\"BreadcrumbList\",\"@id\":\"https:\\\/\\\/www.mexicanguitarplayers.com\\\/tienda\\\/teclas\\\/teclados\\\/estandar\\\/teclado-casio-portatil-ctk-810\\\/#breadcrumb\",\"itemListElement\":[{\"@type\":\"ListItem\",\"position\":1,\"name\":\"Portada\",\"item\":\"https:\\\/\\\/www.mexicanguitarplayers.com\\\/\"},{\"@type\":\"ListItem\",\"position\":2,\"name\":\"Tienda\",\"item\":\"https:\\\/\\\/www.mexicanguitarplayers.com\\\/tienda\\\/\"},{\"@type\":\"ListItem\",\"position\":3,\"name\":\"TECLADO CASIO PORTATIL CTK-810\"}]},{\"@type\":\"WebSite\",\"@id\":\"https:\\\/\\\/www.mexicanguitarplayers.com\\\/#website\",\"url\":\"https:\\\/\\\/www.mexicanguitarplayers.com\\\/\",\"name\":\"Mexican Guitar Players\",\"description\":\"Website\",\"publisher\":{\"@id\":\"https:\\\/\\\/www.mexicanguitarplayers.com\\\/#organization\"},\"potentialAction\":[{\"@type\":\"SearchAction\",\"target\":{\"@type\":\"EntryPoint\",\"urlTemplate\":\"https:\\\/\\\/www.mexicanguitarplayers.com\\\/?s={search_term_string}\"},\"query-input\":{\"@type\":\"PropertyValueSpecification\",\"valueRequired\":true,\"valueName\":\"search_term_string\"}}],\"inLanguage\":\"en-US\"},{\"@type\":\"Organization\",\"@id\":\"https:\\\/\\\/www.mexicanguitarplayers.com\\\/#organization\",\"name\":\"Mexican Guitar Players\",\"url\":\"https:\\\/\\\/www.mexicanguitarplayers.com\\\/\",\"logo\":{\"@type\":\"ImageObject\",\"inLanguage\":\"en-US\",\"@id\":\"https:\\\/\\\/www.mexicanguitarplayers.com\\\/#\\\/schema\\\/logo\\\/image\\\/\",\"url\":\"\",\"contentUrl\":\"\",\"caption\":\"Mexican Guitar Players\"},\"image\":{\"@id\":\"https:\\\/\\\/www.mexicanguitarplayers.com\\\/#\\\/schema\\\/logo\\\/image\\\/\"}}]}<\/script>\n<!-- \/ Yoast SEO plugin. -->","yoast_head_json":{"title":"TECLADO CASIO PORTATIL CTK-810 - Mexican Guitar Players","description":"TECLADO CASIO PORTATIL CTK-810. Teclado est\u00e1ndar, 61 teclas similares a las de un piano, respuesta al tacto, polifon\u00eda m\u00e1xima: 32 notas, 515 tonos de alta calidad, 120 ritmos incluidos 20 patrones para piano, acompa\u00f1amiento autom\u00e1tico, 100 canciones incorporadas, expansi\u00f3n de canciones: 5 canciones como m\u00e1ximo, aprox. 70 Kb en total, metr\u00f3nomo, grabador: 1 canci\u00f3n (con banco de canciones de melod\u00edas) y 2 pistas para 1 canci\u00f3n (con ritmo), aproximadamente 12.000 notas, pantalla LCD, compatible con el Nivel 1de GM, 2 altavoces de 12 cm, salida de amplificador: 2.5W+2.5W, utiliza 6 pilasAA o adaptador de corriente (incluido), dimensiones: 945 x 373 x 131 mm, peso:4.8 kg, accesorios incluidos: libro de partituras, atril de partituras, adaptador de corriente y CD-ROM.","robots":{"index":"index","follow":"follow","max-snippet":"max-snippet:-1","max-image-preview":"max-image-preview:large","max-video-preview":"max-video-preview:-1"},"canonical":"https:\/\/www.mexicanguitarplayers.com\/en\/tienda\/teclas\/teclados\/estandar\/teclado-casio-portatil-ctk-810\/","og_locale":"en_US","og_type":"article","og_title":"TECLADO CASIO PORTATIL CTK-810 - Mexican Guitar Players","og_description":"TECLADO CASIO PORTATIL CTK-810. Teclado est\u00e1ndar, 61 teclas similares a las de un piano, respuesta al tacto, polifon\u00eda m\u00e1xima: 32 notas, 515 tonos de alta calidad, 120 ritmos incluidos 20 patrones para piano, acompa\u00f1amiento autom\u00e1tico, 100 canciones incorporadas, expansi\u00f3n de canciones: 5 canciones como m\u00e1ximo, aprox. 70 Kb en total, metr\u00f3nomo, grabador: 1 canci\u00f3n (con banco de canciones de melod\u00edas) y 2 pistas para 1 canci\u00f3n (con ritmo), aproximadamente 12.000 notas, pantalla LCD, compatible con el Nivel 1de GM, 2 altavoces de 12 cm, salida de amplificador: 2.5W+2.5W, utiliza 6 pilasAA o adaptador de corriente (incluido), dimensiones: 945 x 373 x 131 mm, peso:4.8 kg, accesorios incluidos: libro de partituras, atril de partituras, adaptador de corriente y CD-ROM.","og_url":"https:\/\/www.mexicanguitarplayers.com\/en\/tienda\/teclas\/teclados\/estandar\/teclado-casio-portatil-ctk-810\/","og_site_name":"Mexican Guitar Players","article_modified_time":"2025-03-27T05:41:00+00:00","og_image":[{"width":1600,"height":800,"url":"https:\/\/www.mexicanguitarplayers.com\/wp-content\/uploads\/2022\/08\/ITCASCTK810.jpg","type":"image\/jpeg"}],"twitter_card":"summary_large_image","twitter_misc":{"Est. reading time":"1 minute"},"schema":{"@context":"https:\/\/schema.org","@graph":[{"@type":["WebPage","ItemPage"],"@id":"https:\/\/www.mexicanguitarplayers.com\/tienda\/teclas\/teclados\/estandar\/teclado-casio-portatil-ctk-810\/","url":"https:\/\/www.mexicanguitarplayers.com\/tienda\/teclas\/teclados\/estandar\/teclado-casio-portatil-ctk-810\/","name":"TECLADO CASIO PORTATIL CTK-810 - Mexican Guitar Players","isPartOf":{"@id":"https:\/\/www.mexicanguitarplayers.com\/#website"},"primaryImageOfPage":{"@id":"https:\/\/www.mexicanguitarplayers.com\/tienda\/teclas\/teclados\/estandar\/teclado-casio-portatil-ctk-810\/#primaryimage"},"image":{"@id":"https:\/\/www.mexicanguitarplayers.com\/tienda\/teclas\/teclados\/estandar\/teclado-casio-portatil-ctk-810\/#primaryimage"},"thumbnailUrl":"https:\/\/www.mexicanguitarplayers.com\/wp-content\/uploads\/2022\/08\/ITCASCTK810.jpg","datePublished":"2022-08-18T13:25:01+00:00","dateModified":"2025-03-27T05:41:00+00:00","description":"TECLADO CASIO PORTATIL CTK-810. Teclado est\u00e1ndar, 61 teclas similares a las de un piano, respuesta al tacto, polifon\u00eda m\u00e1xima: 32 notas, 515 tonos de alta calidad, 120 ritmos incluidos 20 patrones para piano, acompa\u00f1amiento autom\u00e1tico, 100 canciones incorporadas, expansi\u00f3n de canciones: 5 canciones como m\u00e1ximo, aprox. 70 Kb en total, metr\u00f3nomo, grabador: 1 canci\u00f3n (con banco de canciones de melod\u00edas) y 2 pistas para 1 canci\u00f3n (con ritmo), aproximadamente 12.000 notas, pantalla LCD, compatible con el Nivel 1de GM, 2 altavoces de 12 cm, salida de amplificador: 2.5W+2.5W, utiliza 6 pilasAA o adaptador de corriente (incluido), dimensiones: 945 x 373 x 131 mm, peso:4.8 kg, accesorios incluidos: libro de partituras, atril de partituras, adaptador de corriente y CD-ROM.","breadcrumb":{"@id":"https:\/\/www.mexicanguitarplayers.com\/tienda\/teclas\/teclados\/estandar\/teclado-casio-portatil-ctk-810\/#breadcrumb"},"inLanguage":"en-US","potentialAction":[{"@type":"ReadAction","target":["https:\/\/www.mexicanguitarplayers.com\/tienda\/teclas\/teclados\/estandar\/teclado-casio-portatil-ctk-810\/"]}]},{"@type":"ImageObject","inLanguage":"en-US","@id":"https:\/\/www.mexicanguitarplayers.com\/tienda\/teclas\/teclados\/estandar\/teclado-casio-portatil-ctk-810\/#primaryimage","url":"https:\/\/www.mexicanguitarplayers.com\/wp-content\/uploads\/2022\/08\/ITCASCTK810.jpg","contentUrl":"https:\/\/www.mexicanguitarplayers.com\/wp-content\/uploads\/2022\/08\/ITCASCTK810.jpg","width":1600,"height":800},{"@type":"BreadcrumbList","@id":"https:\/\/www.mexicanguitarplayers.com\/tienda\/teclas\/teclados\/estandar\/teclado-casio-portatil-ctk-810\/#breadcrumb","itemListElement":[{"@type":"ListItem","position":1,"name":"Portada","item":"https:\/\/www.mexicanguitarplayers.com\/"},{"@type":"ListItem","position":2,"name":"Tienda","item":"https:\/\/www.mexicanguitarplayers.com\/tienda\/"},{"@type":"ListItem","position":3,"name":"TECLADO CASIO PORTATIL CTK-810"}]},{"@type":"WebSite","@id":"https:\/\/www.mexicanguitarplayers.com\/#website","url":"https:\/\/www.mexicanguitarplayers.com\/","name":"Mexican Guitar Players","description":"Website","publisher":{"@id":"https:\/\/www.mexicanguitarplayers.com\/#organization"},"potentialAction":[{"@type":"SearchAction","target":{"@type":"EntryPoint","urlTemplate":"https:\/\/www.mexicanguitarplayers.com\/?s={search_term_string}"},"query-input":{"@type":"PropertyValueSpecification","valueRequired":true,"valueName":"search_term_string"}}],"inLanguage":"en-US"},{"@type":"Organization","@id":"https:\/\/www.mexicanguitarplayers.com\/#organization","name":"Mexican Guitar Players","url":"https:\/\/www.mexicanguitarplayers.com\/","logo":{"@type":"ImageObject","inLanguage":"en-US","@id":"https:\/\/www.mexicanguitarplayers.com\/#\/schema\/logo\/image\/","url":"","contentUrl":"","caption":"Mexican Guitar Players"},"image":{"@id":"https:\/\/www.mexicanguitarplayers.com\/#\/schema\/logo\/image\/"}}]}},"brands":[{"id":274,"name":"CASIO","slug":"casio"}],"_links":{"self":[{"href":"https:\/\/www.mexicanguitarplayers.com\/en\/wp-json\/wp\/v2\/product\/12268","targetHints":{"allow":["GET"]}}],"collection":[{"href":"https:\/\/www.mexicanguitarplayers.com\/en\/wp-json\/wp\/v2\/product"}],"about":[{"href":"https:\/\/www.mexicanguitarplayers.com\/en\/wp-json\/wp\/v2\/types\/product"}],"replies":[{"embeddable":true,"href":"https:\/\/www.mexicanguitarplayers.com\/en\/wp-json\/wp\/v2\/comments?post=12268"}],"wp:featuredmedia":[{"embeddable":true,"href":"https:\/\/www.mexicanguitarplayers.com\/en\/wp-json\/wp\/v2\/media\/12267"}],"wp:attachment":[{"href":"https:\/\/www.mexicanguitarplayers.com\/en\/wp-json\/wp\/v2\/media?parent=12268"}],"wp:term":[{"taxonomy":"pwb-brand","embeddable":true,"href":"https:\/\/www.mexicanguitarplayers.com\/en\/wp-json\/wp\/v2\/pwb-brand?post=12268"},{"taxonomy":"product_brand","embeddable":true,"href":"https:\/\/www.mexicanguitarplayers.com\/en\/wp-json\/wp\/v2\/product_brand?post=12268"},{"taxonomy":"product_cat","embeddable":true,"href":"https:\/\/www.mexicanguitarplayers.com\/en\/wp-json\/wp\/v2\/product_cat?post=12268"},{"taxonomy":"product_tag","embeddable":true,"href":"https:\/\/www.mexicanguitarplayers.com\/en\/wp-json\/wp\/v2\/product_tag?post=12268"}],"curies":[{"name":"wp","href":"https:\/\/api.w.org\/{rel}","templated":true}]}}