{"id":12271,"date":"2022-08-18T08:25:05","date_gmt":"2022-08-18T13:25:05","guid":{"rendered":"https:\/\/www.mexicanguitarplayers.com\/tienda\/sin%20categor\u00eda\/teclado-casio-portatil-lk-240-c-elimi\/"},"modified":"2026-04-10T05:16:06","modified_gmt":"2026-04-10T11:16:06","slug":"teclado-casio-portatil-lk-240-c-elimi","status":"publish","type":"product","link":"https:\/\/www.mexicanguitarplayers.com\/en\/tienda\/teclas\/teclados\/iluminacion-de-tecla\/teclado-casio-portatil-lk-240-c-elimi\/","title":{"rendered":"CASIO PORTABLE KEYBOARD LK-240 W\/ELIMI"},"content":{"rendered":"<div style=\"text-align: justify\">\n<div>\n<h3>CASIO PORTABLE KEYBOARD LK-240 W\/ELIMI<\/h3>\n<\/div>\n<div>Portable Keyboard, 61 Illuminated Piano-Like Keys, Altacto Response, AHL Sound Source, Max Polyphony: 48 Tones, 400 Built-in Tunes, Digital Effects, 150 Built-in Rhythms, Auto Accompaniment, 110 Built-in Songs, Lesson Function, Music Guide Voice Fingering, Sampling Function, One Button Preset, Key Transpose, Pitch Control, Standard Footswitch Jack, GM Compatibility: Level 1, USB Port, 2 x 10cm Speakers, Amp Output: 2W + 2W , headphone output: standard stereo jack, uses 6 AA batteries or AC adapter (included), dimensions: 946 x 307 x 92 mm, weight: 3.6 kg, included accessories: sheet music book, music stand, power adapter.<\/div>\n<\/div>","protected":false},"excerpt":{"rendered":"<p>Teclado port\u00e1til, 61 teclas iluminadas similares a las de un piano, respuesta altacto, fuente de sonidos AHL, polifon\u00eda m\u00e1xima: 48 tonos, 400 melod\u00edas incorporadas, efectos digitales, 150 ritmos incorporados, acompa\u00f1amiento autom\u00e1tico, 110canciones incorporadas, funci\u00f3n de lecciones, gu\u00eda de digitaci\u00f3n por voz, funci\u00f3n de sampleado, pre ajuste con un bot\u00f3n, transposici\u00f3n de teclas, control de afinaci\u00f3n, conector est\u00e1ndar para pedal, compatibilidad con GM: nivel 1, puerto USB, 2 altavoces de 10 cm, salida de amplificador: 2W + 2W, salida de aud\u00edfonos: conector est\u00e9reo est\u00e1ndar, utiliza 6 pilas AA o adaptador de CA (incluido), dimensiones: 946 x 307 x 92 mm, peso:3.6 kg, accesorios incluidos: libro de partituras, atril de partituras, adaptador de corriente.&hellip; <a class=\"kt-excerpt-readmore more-link\" href=\"https:\/\/www.mexicanguitarplayers.com\/en\/tienda\/teclas\/teclados\/iluminacion-de-tecla\/teclado-casio-portatil-lk-240-c-elimi\/\">Read more<\/a><\/p>","protected":false},"featured_media":12269,"comment_status":"open","ping_status":"closed","template":"","meta":{"kt_blocks_editor_width":""},"pwb-brand":[274],"product_brand":[],"product_cat":[383,380,376],"product_tag":[],"class_list":{"0":"post-12271","1":"product","2":"type-product","3":"status-publish","4":"has-post-thumbnail","6":"pwb-brand-casio","7":"product_cat-iluminacion-de-tecla","8":"product_cat-teclados","9":"product_cat-teclas","10":"product_shipping_class-5-10-kg","12":"first","13":"outofstock","14":"taxable","15":"shipping-taxable","16":"purchasable","17":"product-type-simple"},"yoast_head":"<!-- This site is optimized with the Yoast SEO plugin v27.5 - https:\/\/yoast.com\/product\/yoast-seo-wordpress\/ -->\n<title>TECLADO CASIO PORTATIL LK-240 C\/ELIMI - Mexican Guitar Players<\/title>\n<meta name=\"description\" content=\"TECLADO CASIO PORTATIL LK-240 C\/ELIMI. Teclado port\u00e1til, 61 teclas iluminadas similares a las de un piano, respuesta altacto, fuente de sonidos AHL, polifon\u00eda m\u00e1xima: 48 tonos, 400 melod\u00edas incorporadas, efectos digitales, 150 ritmos incorporados, acompa\u00f1amiento autom\u00e1tico, 110canciones incorporadas, funci\u00f3n de lecciones, gu\u00eda de digitaci\u00f3n por voz, funci\u00f3n de sampleado, pre ajuste con un bot\u00f3n, transposici\u00f3n de teclas, control de afinaci\u00f3n, conector est\u00e1ndar para pedal, compatibilidad con GM: nivel 1, puerto USB, 2 altavoces de 10 cm, salida de amplificador: 2W + 2W, salida de aud\u00edfonos: conector est\u00e9reo est\u00e1ndar, utiliza 6 pilas AA o adaptador de CA (incluido), dimensiones: 946 x 307 x 92 mm, peso:3.6 kg, accesorios incluidos: libro de partituras, atril de partituras, adaptador de corriente.\" \/>\n<meta name=\"robots\" content=\"index, follow, max-snippet:-1, max-image-preview:large, max-video-preview:-1\" \/>\n<link rel=\"canonical\" href=\"https:\/\/www.mexicanguitarplayers.com\/en\/tienda\/teclas\/teclados\/iluminacion-de-tecla\/teclado-casio-portatil-lk-240-c-elimi\/\" \/>\n<meta property=\"og:locale\" content=\"en_US\" \/>\n<meta property=\"og:type\" content=\"article\" \/>\n<meta property=\"og:title\" content=\"TECLADO CASIO PORTATIL LK-240 C\/ELIMI - Mexican Guitar Players\" \/>\n<meta property=\"og:description\" content=\"TECLADO CASIO PORTATIL LK-240 C\/ELIMI. Teclado port\u00e1til, 61 teclas iluminadas similares a las de un piano, respuesta altacto, fuente de sonidos AHL, polifon\u00eda m\u00e1xima: 48 tonos, 400 melod\u00edas incorporadas, efectos digitales, 150 ritmos incorporados, acompa\u00f1amiento autom\u00e1tico, 110canciones incorporadas, funci\u00f3n de lecciones, gu\u00eda de digitaci\u00f3n por voz, funci\u00f3n de sampleado, pre ajuste con un bot\u00f3n, transposici\u00f3n de teclas, control de afinaci\u00f3n, conector est\u00e1ndar para pedal, compatibilidad con GM: nivel 1, puerto USB, 2 altavoces de 10 cm, salida de amplificador: 2W + 2W, salida de aud\u00edfonos: conector est\u00e9reo est\u00e1ndar, utiliza 6 pilas AA o adaptador de CA (incluido), dimensiones: 946 x 307 x 92 mm, peso:3.6 kg, accesorios incluidos: libro de partituras, atril de partituras, adaptador de corriente.\" \/>\n<meta property=\"og:url\" content=\"https:\/\/www.mexicanguitarplayers.com\/en\/tienda\/teclas\/teclados\/iluminacion-de-tecla\/teclado-casio-portatil-lk-240-c-elimi\/\" \/>\n<meta property=\"og:site_name\" content=\"Mexican Guitar Players\" \/>\n<meta property=\"article:modified_time\" content=\"2026-04-10T11:16:06+00:00\" \/>\n<meta property=\"og:image\" content=\"https:\/\/www.mexicanguitarplayers.com\/wp-content\/uploads\/2022\/08\/ITCASLK240.jpg\" \/>\n\t<meta property=\"og:image:width\" content=\"1600\" \/>\n\t<meta property=\"og:image:height\" content=\"800\" \/>\n\t<meta property=\"og:image:type\" content=\"image\/jpeg\" \/>\n<meta name=\"twitter:card\" content=\"summary_large_image\" \/>\n<meta name=\"twitter:label1\" content=\"Est. reading time\" \/>\n\t<meta name=\"twitter:data1\" content=\"1 minute\" \/>\n<script type=\"application\/ld+json\" class=\"yoast-schema-graph\">{\"@context\":\"https:\\\/\\\/schema.org\",\"@graph\":[{\"@type\":[\"WebPage\",\"ItemPage\"],\"@id\":\"https:\\\/\\\/www.mexicanguitarplayers.com\\\/tienda\\\/teclas\\\/teclados\\\/iluminacion-de-tecla\\\/teclado-casio-portatil-lk-240-c-elimi\\\/\",\"url\":\"https:\\\/\\\/www.mexicanguitarplayers.com\\\/tienda\\\/teclas\\\/teclados\\\/iluminacion-de-tecla\\\/teclado-casio-portatil-lk-240-c-elimi\\\/\",\"name\":\"TECLADO CASIO PORTATIL LK-240 C\\\/ELIMI - Mexican Guitar Players\",\"isPartOf\":{\"@id\":\"https:\\\/\\\/www.mexicanguitarplayers.com\\\/#website\"},\"primaryImageOfPage\":{\"@id\":\"https:\\\/\\\/www.mexicanguitarplayers.com\\\/tienda\\\/teclas\\\/teclados\\\/iluminacion-de-tecla\\\/teclado-casio-portatil-lk-240-c-elimi\\\/#primaryimage\"},\"image\":{\"@id\":\"https:\\\/\\\/www.mexicanguitarplayers.com\\\/tienda\\\/teclas\\\/teclados\\\/iluminacion-de-tecla\\\/teclado-casio-portatil-lk-240-c-elimi\\\/#primaryimage\"},\"thumbnailUrl\":\"https:\\\/\\\/www.mexicanguitarplayers.com\\\/wp-content\\\/uploads\\\/2022\\\/08\\\/ITCASLK240.jpg\",\"datePublished\":\"2022-08-18T13:25:05+00:00\",\"dateModified\":\"2026-04-10T11:16:06+00:00\",\"description\":\"TECLADO CASIO PORTATIL LK-240 C\\\/ELIMI. Teclado port\u00e1til, 61 teclas iluminadas similares a las de un piano, respuesta altacto, fuente de sonidos AHL, polifon\u00eda m\u00e1xima: 48 tonos, 400 melod\u00edas incorporadas, efectos digitales, 150 ritmos incorporados, acompa\u00f1amiento autom\u00e1tico, 110canciones incorporadas, funci\u00f3n de lecciones, gu\u00eda de digitaci\u00f3n por voz, funci\u00f3n de sampleado, pre ajuste con un bot\u00f3n, transposici\u00f3n de teclas, control de afinaci\u00f3n, conector est\u00e1ndar para pedal, compatibilidad con GM: nivel 1, puerto USB, 2 altavoces de 10 cm, salida de amplificador: 2W + 2W, salida de aud\u00edfonos: conector est\u00e9reo est\u00e1ndar, utiliza 6 pilas AA o adaptador de CA (incluido), dimensiones: 946 x 307 x 92 mm, peso:3.6 kg, accesorios incluidos: libro de partituras, atril de partituras, adaptador de corriente.\",\"breadcrumb\":{\"@id\":\"https:\\\/\\\/www.mexicanguitarplayers.com\\\/tienda\\\/teclas\\\/teclados\\\/iluminacion-de-tecla\\\/teclado-casio-portatil-lk-240-c-elimi\\\/#breadcrumb\"},\"inLanguage\":\"en-US\",\"potentialAction\":[{\"@type\":\"ReadAction\",\"target\":[\"https:\\\/\\\/www.mexicanguitarplayers.com\\\/tienda\\\/teclas\\\/teclados\\\/iluminacion-de-tecla\\\/teclado-casio-portatil-lk-240-c-elimi\\\/\"]}]},{\"@type\":\"ImageObject\",\"inLanguage\":\"en-US\",\"@id\":\"https:\\\/\\\/www.mexicanguitarplayers.com\\\/tienda\\\/teclas\\\/teclados\\\/iluminacion-de-tecla\\\/teclado-casio-portatil-lk-240-c-elimi\\\/#primaryimage\",\"url\":\"https:\\\/\\\/www.mexicanguitarplayers.com\\\/wp-content\\\/uploads\\\/2022\\\/08\\\/ITCASLK240.jpg\",\"contentUrl\":\"https:\\\/\\\/www.mexicanguitarplayers.com\\\/wp-content\\\/uploads\\\/2022\\\/08\\\/ITCASLK240.jpg\",\"width\":1600,\"height\":800},{\"@type\":\"BreadcrumbList\",\"@id\":\"https:\\\/\\\/www.mexicanguitarplayers.com\\\/tienda\\\/teclas\\\/teclados\\\/iluminacion-de-tecla\\\/teclado-casio-portatil-lk-240-c-elimi\\\/#breadcrumb\",\"itemListElement\":[{\"@type\":\"ListItem\",\"position\":1,\"name\":\"Portada\",\"item\":\"https:\\\/\\\/www.mexicanguitarplayers.com\\\/\"},{\"@type\":\"ListItem\",\"position\":2,\"name\":\"Tienda\",\"item\":\"https:\\\/\\\/www.mexicanguitarplayers.com\\\/tienda\\\/\"},{\"@type\":\"ListItem\",\"position\":3,\"name\":\"TECLADO CASIO PORTATIL LK-240 C\\\/ELIMI\"}]},{\"@type\":\"WebSite\",\"@id\":\"https:\\\/\\\/www.mexicanguitarplayers.com\\\/#website\",\"url\":\"https:\\\/\\\/www.mexicanguitarplayers.com\\\/\",\"name\":\"Mexican Guitar Players\",\"description\":\"Website\",\"publisher\":{\"@id\":\"https:\\\/\\\/www.mexicanguitarplayers.com\\\/#organization\"},\"potentialAction\":[{\"@type\":\"SearchAction\",\"target\":{\"@type\":\"EntryPoint\",\"urlTemplate\":\"https:\\\/\\\/www.mexicanguitarplayers.com\\\/?s={search_term_string}\"},\"query-input\":{\"@type\":\"PropertyValueSpecification\",\"valueRequired\":true,\"valueName\":\"search_term_string\"}}],\"inLanguage\":\"en-US\"},{\"@type\":\"Organization\",\"@id\":\"https:\\\/\\\/www.mexicanguitarplayers.com\\\/#organization\",\"name\":\"Mexican Guitar Players\",\"url\":\"https:\\\/\\\/www.mexicanguitarplayers.com\\\/\",\"logo\":{\"@type\":\"ImageObject\",\"inLanguage\":\"en-US\",\"@id\":\"https:\\\/\\\/www.mexicanguitarplayers.com\\\/#\\\/schema\\\/logo\\\/image\\\/\",\"url\":\"\",\"contentUrl\":\"\",\"caption\":\"Mexican Guitar Players\"},\"image\":{\"@id\":\"https:\\\/\\\/www.mexicanguitarplayers.com\\\/#\\\/schema\\\/logo\\\/image\\\/\"}}]}<\/script>\n<!-- \/ Yoast SEO plugin. -->","yoast_head_json":{"title":"TECLADO CASIO PORTATIL LK-240 C\/ELIMI - Mexican Guitar Players","description":"TECLADO CASIO PORTATIL LK-240 C\/ELIMI. Teclado port\u00e1til, 61 teclas iluminadas similares a las de un piano, respuesta altacto, fuente de sonidos AHL, polifon\u00eda m\u00e1xima: 48 tonos, 400 melod\u00edas incorporadas, efectos digitales, 150 ritmos incorporados, acompa\u00f1amiento autom\u00e1tico, 110canciones incorporadas, funci\u00f3n de lecciones, gu\u00eda de digitaci\u00f3n por voz, funci\u00f3n de sampleado, pre ajuste con un bot\u00f3n, transposici\u00f3n de teclas, control de afinaci\u00f3n, conector est\u00e1ndar para pedal, compatibilidad con GM: nivel 1, puerto USB, 2 altavoces de 10 cm, salida de amplificador: 2W + 2W, salida de aud\u00edfonos: conector est\u00e9reo est\u00e1ndar, utiliza 6 pilas AA o adaptador de CA (incluido), dimensiones: 946 x 307 x 92 mm, peso:3.6 kg, accesorios incluidos: libro de partituras, atril de partituras, adaptador de corriente.","robots":{"index":"index","follow":"follow","max-snippet":"max-snippet:-1","max-image-preview":"max-image-preview:large","max-video-preview":"max-video-preview:-1"},"canonical":"https:\/\/www.mexicanguitarplayers.com\/en\/tienda\/teclas\/teclados\/iluminacion-de-tecla\/teclado-casio-portatil-lk-240-c-elimi\/","og_locale":"en_US","og_type":"article","og_title":"TECLADO CASIO PORTATIL LK-240 C\/ELIMI - Mexican Guitar Players","og_description":"TECLADO CASIO PORTATIL LK-240 C\/ELIMI. Teclado port\u00e1til, 61 teclas iluminadas similares a las de un piano, respuesta altacto, fuente de sonidos AHL, polifon\u00eda m\u00e1xima: 48 tonos, 400 melod\u00edas incorporadas, efectos digitales, 150 ritmos incorporados, acompa\u00f1amiento autom\u00e1tico, 110canciones incorporadas, funci\u00f3n de lecciones, gu\u00eda de digitaci\u00f3n por voz, funci\u00f3n de sampleado, pre ajuste con un bot\u00f3n, transposici\u00f3n de teclas, control de afinaci\u00f3n, conector est\u00e1ndar para pedal, compatibilidad con GM: nivel 1, puerto USB, 2 altavoces de 10 cm, salida de amplificador: 2W + 2W, salida de aud\u00edfonos: conector est\u00e9reo est\u00e1ndar, utiliza 6 pilas AA o adaptador de CA (incluido), dimensiones: 946 x 307 x 92 mm, peso:3.6 kg, accesorios incluidos: libro de partituras, atril de partituras, adaptador de corriente.","og_url":"https:\/\/www.mexicanguitarplayers.com\/en\/tienda\/teclas\/teclados\/iluminacion-de-tecla\/teclado-casio-portatil-lk-240-c-elimi\/","og_site_name":"Mexican Guitar Players","article_modified_time":"2026-04-10T11:16:06+00:00","og_image":[{"width":1600,"height":800,"url":"https:\/\/www.mexicanguitarplayers.com\/wp-content\/uploads\/2022\/08\/ITCASLK240.jpg","type":"image\/jpeg"}],"twitter_card":"summary_large_image","twitter_misc":{"Est. reading time":"1 minute"},"schema":{"@context":"https:\/\/schema.org","@graph":[{"@type":["WebPage","ItemPage"],"@id":"https:\/\/www.mexicanguitarplayers.com\/tienda\/teclas\/teclados\/iluminacion-de-tecla\/teclado-casio-portatil-lk-240-c-elimi\/","url":"https:\/\/www.mexicanguitarplayers.com\/tienda\/teclas\/teclados\/iluminacion-de-tecla\/teclado-casio-portatil-lk-240-c-elimi\/","name":"TECLADO CASIO PORTATIL LK-240 C\/ELIMI - Mexican Guitar Players","isPartOf":{"@id":"https:\/\/www.mexicanguitarplayers.com\/#website"},"primaryImageOfPage":{"@id":"https:\/\/www.mexicanguitarplayers.com\/tienda\/teclas\/teclados\/iluminacion-de-tecla\/teclado-casio-portatil-lk-240-c-elimi\/#primaryimage"},"image":{"@id":"https:\/\/www.mexicanguitarplayers.com\/tienda\/teclas\/teclados\/iluminacion-de-tecla\/teclado-casio-portatil-lk-240-c-elimi\/#primaryimage"},"thumbnailUrl":"https:\/\/www.mexicanguitarplayers.com\/wp-content\/uploads\/2022\/08\/ITCASLK240.jpg","datePublished":"2022-08-18T13:25:05+00:00","dateModified":"2026-04-10T11:16:06+00:00","description":"TECLADO CASIO PORTATIL LK-240 C\/ELIMI. Teclado port\u00e1til, 61 teclas iluminadas similares a las de un piano, respuesta altacto, fuente de sonidos AHL, polifon\u00eda m\u00e1xima: 48 tonos, 400 melod\u00edas incorporadas, efectos digitales, 150 ritmos incorporados, acompa\u00f1amiento autom\u00e1tico, 110canciones incorporadas, funci\u00f3n de lecciones, gu\u00eda de digitaci\u00f3n por voz, funci\u00f3n de sampleado, pre ajuste con un bot\u00f3n, transposici\u00f3n de teclas, control de afinaci\u00f3n, conector est\u00e1ndar para pedal, compatibilidad con GM: nivel 1, puerto USB, 2 altavoces de 10 cm, salida de amplificador: 2W + 2W, salida de aud\u00edfonos: conector est\u00e9reo est\u00e1ndar, utiliza 6 pilas AA o adaptador de CA (incluido), dimensiones: 946 x 307 x 92 mm, peso:3.6 kg, accesorios incluidos: libro de partituras, atril de partituras, adaptador de corriente.","breadcrumb":{"@id":"https:\/\/www.mexicanguitarplayers.com\/tienda\/teclas\/teclados\/iluminacion-de-tecla\/teclado-casio-portatil-lk-240-c-elimi\/#breadcrumb"},"inLanguage":"en-US","potentialAction":[{"@type":"ReadAction","target":["https:\/\/www.mexicanguitarplayers.com\/tienda\/teclas\/teclados\/iluminacion-de-tecla\/teclado-casio-portatil-lk-240-c-elimi\/"]}]},{"@type":"ImageObject","inLanguage":"en-US","@id":"https:\/\/www.mexicanguitarplayers.com\/tienda\/teclas\/teclados\/iluminacion-de-tecla\/teclado-casio-portatil-lk-240-c-elimi\/#primaryimage","url":"https:\/\/www.mexicanguitarplayers.com\/wp-content\/uploads\/2022\/08\/ITCASLK240.jpg","contentUrl":"https:\/\/www.mexicanguitarplayers.com\/wp-content\/uploads\/2022\/08\/ITCASLK240.jpg","width":1600,"height":800},{"@type":"BreadcrumbList","@id":"https:\/\/www.mexicanguitarplayers.com\/tienda\/teclas\/teclados\/iluminacion-de-tecla\/teclado-casio-portatil-lk-240-c-elimi\/#breadcrumb","itemListElement":[{"@type":"ListItem","position":1,"name":"Portada","item":"https:\/\/www.mexicanguitarplayers.com\/"},{"@type":"ListItem","position":2,"name":"Tienda","item":"https:\/\/www.mexicanguitarplayers.com\/tienda\/"},{"@type":"ListItem","position":3,"name":"TECLADO CASIO PORTATIL LK-240 C\/ELIMI"}]},{"@type":"WebSite","@id":"https:\/\/www.mexicanguitarplayers.com\/#website","url":"https:\/\/www.mexicanguitarplayers.com\/","name":"Mexican Guitar Players","description":"Website","publisher":{"@id":"https:\/\/www.mexicanguitarplayers.com\/#organization"},"potentialAction":[{"@type":"SearchAction","target":{"@type":"EntryPoint","urlTemplate":"https:\/\/www.mexicanguitarplayers.com\/?s={search_term_string}"},"query-input":{"@type":"PropertyValueSpecification","valueRequired":true,"valueName":"search_term_string"}}],"inLanguage":"en-US"},{"@type":"Organization","@id":"https:\/\/www.mexicanguitarplayers.com\/#organization","name":"Mexican Guitar Players","url":"https:\/\/www.mexicanguitarplayers.com\/","logo":{"@type":"ImageObject","inLanguage":"en-US","@id":"https:\/\/www.mexicanguitarplayers.com\/#\/schema\/logo\/image\/","url":"","contentUrl":"","caption":"Mexican Guitar Players"},"image":{"@id":"https:\/\/www.mexicanguitarplayers.com\/#\/schema\/logo\/image\/"}}]}},"brands":[{"id":274,"name":"CASIO","slug":"casio"}],"_links":{"self":[{"href":"https:\/\/www.mexicanguitarplayers.com\/en\/wp-json\/wp\/v2\/product\/12271","targetHints":{"allow":["GET"]}}],"collection":[{"href":"https:\/\/www.mexicanguitarplayers.com\/en\/wp-json\/wp\/v2\/product"}],"about":[{"href":"https:\/\/www.mexicanguitarplayers.com\/en\/wp-json\/wp\/v2\/types\/product"}],"replies":[{"embeddable":true,"href":"https:\/\/www.mexicanguitarplayers.com\/en\/wp-json\/wp\/v2\/comments?post=12271"}],"wp:featuredmedia":[{"embeddable":true,"href":"https:\/\/www.mexicanguitarplayers.com\/en\/wp-json\/wp\/v2\/media\/12269"}],"wp:attachment":[{"href":"https:\/\/www.mexicanguitarplayers.com\/en\/wp-json\/wp\/v2\/media?parent=12271"}],"wp:term":[{"taxonomy":"pwb-brand","embeddable":true,"href":"https:\/\/www.mexicanguitarplayers.com\/en\/wp-json\/wp\/v2\/pwb-brand?post=12271"},{"taxonomy":"product_brand","embeddable":true,"href":"https:\/\/www.mexicanguitarplayers.com\/en\/wp-json\/wp\/v2\/product_brand?post=12271"},{"taxonomy":"product_cat","embeddable":true,"href":"https:\/\/www.mexicanguitarplayers.com\/en\/wp-json\/wp\/v2\/product_cat?post=12271"},{"taxonomy":"product_tag","embeddable":true,"href":"https:\/\/www.mexicanguitarplayers.com\/en\/wp-json\/wp\/v2\/product_tag?post=12271"}],"curies":[{"name":"wp","href":"https:\/\/api.w.org\/{rel}","templated":true}]}}