{"id":12279,"date":"2022-08-18T08:25:16","date_gmt":"2022-08-18T13:25:16","guid":{"rendered":"https:\/\/www.mexicanguitarplayers.com\/tienda\/sin%20categor\u00eda\/piano-casio-digital-px-130rd\/"},"modified":"2025-03-26T23:40:50","modified_gmt":"2025-03-27T05:40:50","slug":"piano-casio-digital-px-130rd","status":"publish","type":"product","link":"https:\/\/www.mexicanguitarplayers.com\/en\/tienda\/teclas\/pianos\/stage-piano\/piano-casio-digital-px-130rd\/","title":{"rendered":"CASIO DIGITAL PIANO PX-130RD"},"content":{"rendered":"<div style=\"text-align: justify\">\n<div>\n<h3>CASIO DIGITAL PIANO PX-130RD<\/h3>\n<\/div>\n<div>Digital Stage Piano, 88 Keys, 3-Sensor Scaled Hammer Action Keyboard, Touch Response, 3 Sensitivity Levels, AIF Sound Source, Max Polyphony: 128 Notes, 16 Built-in Tones, Layer\/Split, Digital Effects, 60 built-in songs, lesson function, metronome, recording: 2 tracks x 1 song, 2 grand piano buttons (modern, classical) and electric piano buttons, duet function, temperaments, extended tuning (on piano keys), Octave, Panel Lock, Key Transpose, Tune Control, Accepts 3-Pedal Unit (SP-32 not included), GM Compatibility: No, USB Port, 2 x 13 x 6cm Oval Speakers, Amp Out: 8W + 8W, 2 headphone outputs (standard 3.5 mm mini jack), dimensions: 1,322 x 286 x 135 mm, weight: 11.2 kg, finished in red, included accessories: pedal (SP3), power adapter, music stand sheet music, sheet music book and dust cover.<\/div>\n<\/div>","protected":false},"excerpt":{"rendered":"<p>Stage piano digital, 88 teclas, teclado con acci\u00f3n de martillo en escala de 3 sensores, respuesta al tacto, 3 niveles de sensibilidad, fuente de sonidos AIF, polifon\u00eda m\u00e1xima: 128 notas, 16 tonos incorporados, estratificador\/divisi\u00f3n, efectos digitales, 60 canciones incorporadas, funci\u00f3n de lecciones, metr\u00f3nomo, grabaci\u00f3n: 2 pistas x 1 canci\u00f3n, 2 botones de piano de cola (moderna, cl\u00e1sica) y botones de piano el\u00e9ctrico, funci\u00f3n dueto, temperamentos, afinaci\u00f3n extendida (en lostonos de piano), cambio de octava, bloqueo de panel, transposici\u00f3n de teclas, control de afinaci\u00f3n, acepta una unidad de 3 pedales (SP-32 no incluido), compatibilidad con GM: No, puerto USB, 2 altavoces ovales de 13 x 6 cm, salida de amplificador: 8W + 8W, 2 salidas de aud\u00edfonos (mini conector est\u00e1ndar de 3.5 mm), dimensiones: 1,322 x 286 x 135 mm, peso: 11.2 kg, terminado en color rojo, accesorios incluidos: pedal (SP3), adaptador de corriente, atril de partituras, libro departituras y protector contra el polvo.&hellip; <a class=\"kt-excerpt-readmore more-link\" href=\"https:\/\/www.mexicanguitarplayers.com\/en\/tienda\/teclas\/pianos\/stage-piano\/piano-casio-digital-px-130rd\/\">Read more<\/a><\/p>","protected":false},"featured_media":12277,"comment_status":"open","ping_status":"closed","template":"","meta":{"kt_blocks_editor_width":""},"pwb-brand":[274],"product_brand":[],"product_cat":[377,379,376],"product_tag":[],"class_list":{"0":"post-12279","1":"product","2":"type-product","3":"status-publish","4":"has-post-thumbnail","6":"pwb-brand-casio","7":"product_cat-pianos","8":"product_cat-stage-piano","9":"product_cat-teclas","10":"product_shipping_class-20-25-kg","12":"first","13":"outofstock","14":"taxable","15":"shipping-taxable","16":"purchasable","17":"product-type-simple"},"yoast_head":"<!-- This site is optimized with the Yoast SEO plugin v27.3 - https:\/\/yoast.com\/product\/yoast-seo-wordpress\/ -->\n<title>PIANO CASIO DIGITAL PX-130RD - Mexican Guitar Players<\/title>\n<meta name=\"description\" content=\"PIANO CASIO DIGITAL PX-130RD. Stage piano digital, 88 teclas, teclado con acci\u00f3n de martillo en escala de 3 sensores, respuesta al tacto, 3 niveles de sensibilidad, fuente de sonidos AIF, polifon\u00eda m\u00e1xima: 128 notas, 16 tonos incorporados, estratificador\/divisi\u00f3n, efectos digitales, 60 canciones incorporadas, funci\u00f3n de lecciones, metr\u00f3nomo, grabaci\u00f3n: 2 pistas x 1 canci\u00f3n, 2 botones de piano de cola (moderna, cl\u00e1sica) y botones de piano el\u00e9ctrico, funci\u00f3n dueto, temperamentos, afinaci\u00f3n extendida (en lostonos de piano), cambio de octava, bloqueo de panel, transposici\u00f3n de teclas, control de afinaci\u00f3n, acepta una unidad de 3 pedales (SP-32 no incluido), compatibilidad con GM: No, puerto USB, 2 altavoces ovales de 13 x 6 cm, salida de amplificador: 8W + 8W, 2 salidas de aud\u00edfonos (mini conector est\u00e1ndar de 3.5 mm), dimensiones: 1,322 x 286 x 135 mm, peso: 11.2 kg, terminado en color rojo, accesorios incluidos: pedal (SP3), adaptador de corriente, atril de partituras, libro departituras y protector contra el polvo.\" \/>\n<meta name=\"robots\" content=\"index, follow, max-snippet:-1, max-image-preview:large, max-video-preview:-1\" \/>\n<link rel=\"canonical\" href=\"https:\/\/www.mexicanguitarplayers.com\/en\/tienda\/teclas\/pianos\/stage-piano\/piano-casio-digital-px-130rd\/\" \/>\n<meta property=\"og:locale\" content=\"en_US\" \/>\n<meta property=\"og:type\" content=\"article\" \/>\n<meta property=\"og:title\" content=\"PIANO CASIO DIGITAL PX-130RD - Mexican Guitar Players\" \/>\n<meta property=\"og:description\" content=\"PIANO CASIO DIGITAL PX-130RD. Stage piano digital, 88 teclas, teclado con acci\u00f3n de martillo en escala de 3 sensores, respuesta al tacto, 3 niveles de sensibilidad, fuente de sonidos AIF, polifon\u00eda m\u00e1xima: 128 notas, 16 tonos incorporados, estratificador\/divisi\u00f3n, efectos digitales, 60 canciones incorporadas, funci\u00f3n de lecciones, metr\u00f3nomo, grabaci\u00f3n: 2 pistas x 1 canci\u00f3n, 2 botones de piano de cola (moderna, cl\u00e1sica) y botones de piano el\u00e9ctrico, funci\u00f3n dueto, temperamentos, afinaci\u00f3n extendida (en lostonos de piano), cambio de octava, bloqueo de panel, transposici\u00f3n de teclas, control de afinaci\u00f3n, acepta una unidad de 3 pedales (SP-32 no incluido), compatibilidad con GM: No, puerto USB, 2 altavoces ovales de 13 x 6 cm, salida de amplificador: 8W + 8W, 2 salidas de aud\u00edfonos (mini conector est\u00e1ndar de 3.5 mm), dimensiones: 1,322 x 286 x 135 mm, peso: 11.2 kg, terminado en color rojo, accesorios incluidos: pedal (SP3), adaptador de corriente, atril de partituras, libro departituras y protector contra el polvo.\" \/>\n<meta property=\"og:url\" content=\"https:\/\/www.mexicanguitarplayers.com\/en\/tienda\/teclas\/pianos\/stage-piano\/piano-casio-digital-px-130rd\/\" \/>\n<meta property=\"og:site_name\" content=\"Mexican Guitar Players\" \/>\n<meta property=\"article:modified_time\" content=\"2025-03-27T05:40:50+00:00\" \/>\n<meta property=\"og:image\" content=\"https:\/\/www.mexicanguitarplayers.com\/wp-content\/uploads\/2022\/08\/ITCASPX130RD.jpg\" \/>\n\t<meta property=\"og:image:width\" content=\"1600\" \/>\n\t<meta property=\"og:image:height\" content=\"800\" \/>\n\t<meta property=\"og:image:type\" content=\"image\/jpeg\" \/>\n<meta name=\"twitter:card\" content=\"summary_large_image\" \/>\n<meta name=\"twitter:label1\" content=\"Est. reading time\" \/>\n\t<meta name=\"twitter:data1\" content=\"1 minute\" \/>\n<script type=\"application\/ld+json\" class=\"yoast-schema-graph\">{\"@context\":\"https:\\\/\\\/schema.org\",\"@graph\":[{\"@type\":[\"WebPage\",\"ItemPage\"],\"@id\":\"https:\\\/\\\/www.mexicanguitarplayers.com\\\/tienda\\\/teclas\\\/pianos\\\/stage-piano\\\/piano-casio-digital-px-130rd\\\/\",\"url\":\"https:\\\/\\\/www.mexicanguitarplayers.com\\\/tienda\\\/teclas\\\/pianos\\\/stage-piano\\\/piano-casio-digital-px-130rd\\\/\",\"name\":\"PIANO CASIO DIGITAL PX-130RD - Mexican Guitar Players\",\"isPartOf\":{\"@id\":\"https:\\\/\\\/www.mexicanguitarplayers.com\\\/#website\"},\"primaryImageOfPage\":{\"@id\":\"https:\\\/\\\/www.mexicanguitarplayers.com\\\/tienda\\\/teclas\\\/pianos\\\/stage-piano\\\/piano-casio-digital-px-130rd\\\/#primaryimage\"},\"image\":{\"@id\":\"https:\\\/\\\/www.mexicanguitarplayers.com\\\/tienda\\\/teclas\\\/pianos\\\/stage-piano\\\/piano-casio-digital-px-130rd\\\/#primaryimage\"},\"thumbnailUrl\":\"https:\\\/\\\/www.mexicanguitarplayers.com\\\/wp-content\\\/uploads\\\/2022\\\/08\\\/ITCASPX130RD.jpg\",\"datePublished\":\"2022-08-18T13:25:16+00:00\",\"dateModified\":\"2025-03-27T05:40:50+00:00\",\"description\":\"PIANO CASIO DIGITAL PX-130RD. Stage piano digital, 88 teclas, teclado con acci\u00f3n de martillo en escala de 3 sensores, respuesta al tacto, 3 niveles de sensibilidad, fuente de sonidos AIF, polifon\u00eda m\u00e1xima: 128 notas, 16 tonos incorporados, estratificador\\\/divisi\u00f3n, efectos digitales, 60 canciones incorporadas, funci\u00f3n de lecciones, metr\u00f3nomo, grabaci\u00f3n: 2 pistas x 1 canci\u00f3n, 2 botones de piano de cola (moderna, cl\u00e1sica) y botones de piano el\u00e9ctrico, funci\u00f3n dueto, temperamentos, afinaci\u00f3n extendida (en lostonos de piano), cambio de octava, bloqueo de panel, transposici\u00f3n de teclas, control de afinaci\u00f3n, acepta una unidad de 3 pedales (SP-32 no incluido), compatibilidad con GM: No, puerto USB, 2 altavoces ovales de 13 x 6 cm, salida de amplificador: 8W + 8W, 2 salidas de aud\u00edfonos (mini conector est\u00e1ndar de 3.5 mm), dimensiones: 1,322 x 286 x 135 mm, peso: 11.2 kg, terminado en color rojo, accesorios incluidos: pedal (SP3), adaptador de corriente, atril de partituras, libro departituras y protector contra el polvo.\",\"breadcrumb\":{\"@id\":\"https:\\\/\\\/www.mexicanguitarplayers.com\\\/tienda\\\/teclas\\\/pianos\\\/stage-piano\\\/piano-casio-digital-px-130rd\\\/#breadcrumb\"},\"inLanguage\":\"en-US\",\"potentialAction\":[{\"@type\":\"ReadAction\",\"target\":[\"https:\\\/\\\/www.mexicanguitarplayers.com\\\/tienda\\\/teclas\\\/pianos\\\/stage-piano\\\/piano-casio-digital-px-130rd\\\/\"]}]},{\"@type\":\"ImageObject\",\"inLanguage\":\"en-US\",\"@id\":\"https:\\\/\\\/www.mexicanguitarplayers.com\\\/tienda\\\/teclas\\\/pianos\\\/stage-piano\\\/piano-casio-digital-px-130rd\\\/#primaryimage\",\"url\":\"https:\\\/\\\/www.mexicanguitarplayers.com\\\/wp-content\\\/uploads\\\/2022\\\/08\\\/ITCASPX130RD.jpg\",\"contentUrl\":\"https:\\\/\\\/www.mexicanguitarplayers.com\\\/wp-content\\\/uploads\\\/2022\\\/08\\\/ITCASPX130RD.jpg\",\"width\":1600,\"height\":800},{\"@type\":\"BreadcrumbList\",\"@id\":\"https:\\\/\\\/www.mexicanguitarplayers.com\\\/tienda\\\/teclas\\\/pianos\\\/stage-piano\\\/piano-casio-digital-px-130rd\\\/#breadcrumb\",\"itemListElement\":[{\"@type\":\"ListItem\",\"position\":1,\"name\":\"Portada\",\"item\":\"https:\\\/\\\/www.mexicanguitarplayers.com\\\/\"},{\"@type\":\"ListItem\",\"position\":2,\"name\":\"Tienda\",\"item\":\"https:\\\/\\\/www.mexicanguitarplayers.com\\\/tienda\\\/\"},{\"@type\":\"ListItem\",\"position\":3,\"name\":\"PIANO CASIO DIGITAL PX-130RD\"}]},{\"@type\":\"WebSite\",\"@id\":\"https:\\\/\\\/www.mexicanguitarplayers.com\\\/#website\",\"url\":\"https:\\\/\\\/www.mexicanguitarplayers.com\\\/\",\"name\":\"Mexican Guitar Players\",\"description\":\"Website\",\"publisher\":{\"@id\":\"https:\\\/\\\/www.mexicanguitarplayers.com\\\/#organization\"},\"potentialAction\":[{\"@type\":\"SearchAction\",\"target\":{\"@type\":\"EntryPoint\",\"urlTemplate\":\"https:\\\/\\\/www.mexicanguitarplayers.com\\\/?s={search_term_string}\"},\"query-input\":{\"@type\":\"PropertyValueSpecification\",\"valueRequired\":true,\"valueName\":\"search_term_string\"}}],\"inLanguage\":\"en-US\"},{\"@type\":\"Organization\",\"@id\":\"https:\\\/\\\/www.mexicanguitarplayers.com\\\/#organization\",\"name\":\"Mexican Guitar Players\",\"url\":\"https:\\\/\\\/www.mexicanguitarplayers.com\\\/\",\"logo\":{\"@type\":\"ImageObject\",\"inLanguage\":\"en-US\",\"@id\":\"https:\\\/\\\/www.mexicanguitarplayers.com\\\/#\\\/schema\\\/logo\\\/image\\\/\",\"url\":\"\",\"contentUrl\":\"\",\"caption\":\"Mexican Guitar Players\"},\"image\":{\"@id\":\"https:\\\/\\\/www.mexicanguitarplayers.com\\\/#\\\/schema\\\/logo\\\/image\\\/\"}}]}<\/script>\n<!-- \/ Yoast SEO plugin. -->","yoast_head_json":{"title":"PIANO CASIO DIGITAL PX-130RD - Mexican Guitar Players","description":"PIANO CASIO DIGITAL PX-130RD. Stage piano digital, 88 teclas, teclado con acci\u00f3n de martillo en escala de 3 sensores, respuesta al tacto, 3 niveles de sensibilidad, fuente de sonidos AIF, polifon\u00eda m\u00e1xima: 128 notas, 16 tonos incorporados, estratificador\/divisi\u00f3n, efectos digitales, 60 canciones incorporadas, funci\u00f3n de lecciones, metr\u00f3nomo, grabaci\u00f3n: 2 pistas x 1 canci\u00f3n, 2 botones de piano de cola (moderna, cl\u00e1sica) y botones de piano el\u00e9ctrico, funci\u00f3n dueto, temperamentos, afinaci\u00f3n extendida (en lostonos de piano), cambio de octava, bloqueo de panel, transposici\u00f3n de teclas, control de afinaci\u00f3n, acepta una unidad de 3 pedales (SP-32 no incluido), compatibilidad con GM: No, puerto USB, 2 altavoces ovales de 13 x 6 cm, salida de amplificador: 8W + 8W, 2 salidas de aud\u00edfonos (mini conector est\u00e1ndar de 3.5 mm), dimensiones: 1,322 x 286 x 135 mm, peso: 11.2 kg, terminado en color rojo, accesorios incluidos: pedal (SP3), adaptador de corriente, atril de partituras, libro departituras y protector contra el polvo.","robots":{"index":"index","follow":"follow","max-snippet":"max-snippet:-1","max-image-preview":"max-image-preview:large","max-video-preview":"max-video-preview:-1"},"canonical":"https:\/\/www.mexicanguitarplayers.com\/en\/tienda\/teclas\/pianos\/stage-piano\/piano-casio-digital-px-130rd\/","og_locale":"en_US","og_type":"article","og_title":"PIANO CASIO DIGITAL PX-130RD - Mexican Guitar Players","og_description":"PIANO CASIO DIGITAL PX-130RD. Stage piano digital, 88 teclas, teclado con acci\u00f3n de martillo en escala de 3 sensores, respuesta al tacto, 3 niveles de sensibilidad, fuente de sonidos AIF, polifon\u00eda m\u00e1xima: 128 notas, 16 tonos incorporados, estratificador\/divisi\u00f3n, efectos digitales, 60 canciones incorporadas, funci\u00f3n de lecciones, metr\u00f3nomo, grabaci\u00f3n: 2 pistas x 1 canci\u00f3n, 2 botones de piano de cola (moderna, cl\u00e1sica) y botones de piano el\u00e9ctrico, funci\u00f3n dueto, temperamentos, afinaci\u00f3n extendida (en lostonos de piano), cambio de octava, bloqueo de panel, transposici\u00f3n de teclas, control de afinaci\u00f3n, acepta una unidad de 3 pedales (SP-32 no incluido), compatibilidad con GM: No, puerto USB, 2 altavoces ovales de 13 x 6 cm, salida de amplificador: 8W + 8W, 2 salidas de aud\u00edfonos (mini conector est\u00e1ndar de 3.5 mm), dimensiones: 1,322 x 286 x 135 mm, peso: 11.2 kg, terminado en color rojo, accesorios incluidos: pedal (SP3), adaptador de corriente, atril de partituras, libro departituras y protector contra el polvo.","og_url":"https:\/\/www.mexicanguitarplayers.com\/en\/tienda\/teclas\/pianos\/stage-piano\/piano-casio-digital-px-130rd\/","og_site_name":"Mexican Guitar Players","article_modified_time":"2025-03-27T05:40:50+00:00","og_image":[{"width":1600,"height":800,"url":"https:\/\/www.mexicanguitarplayers.com\/wp-content\/uploads\/2022\/08\/ITCASPX130RD.jpg","type":"image\/jpeg"}],"twitter_card":"summary_large_image","twitter_misc":{"Est. reading time":"1 minute"},"schema":{"@context":"https:\/\/schema.org","@graph":[{"@type":["WebPage","ItemPage"],"@id":"https:\/\/www.mexicanguitarplayers.com\/tienda\/teclas\/pianos\/stage-piano\/piano-casio-digital-px-130rd\/","url":"https:\/\/www.mexicanguitarplayers.com\/tienda\/teclas\/pianos\/stage-piano\/piano-casio-digital-px-130rd\/","name":"PIANO CASIO DIGITAL PX-130RD - Mexican Guitar Players","isPartOf":{"@id":"https:\/\/www.mexicanguitarplayers.com\/#website"},"primaryImageOfPage":{"@id":"https:\/\/www.mexicanguitarplayers.com\/tienda\/teclas\/pianos\/stage-piano\/piano-casio-digital-px-130rd\/#primaryimage"},"image":{"@id":"https:\/\/www.mexicanguitarplayers.com\/tienda\/teclas\/pianos\/stage-piano\/piano-casio-digital-px-130rd\/#primaryimage"},"thumbnailUrl":"https:\/\/www.mexicanguitarplayers.com\/wp-content\/uploads\/2022\/08\/ITCASPX130RD.jpg","datePublished":"2022-08-18T13:25:16+00:00","dateModified":"2025-03-27T05:40:50+00:00","description":"PIANO CASIO DIGITAL PX-130RD. Stage piano digital, 88 teclas, teclado con acci\u00f3n de martillo en escala de 3 sensores, respuesta al tacto, 3 niveles de sensibilidad, fuente de sonidos AIF, polifon\u00eda m\u00e1xima: 128 notas, 16 tonos incorporados, estratificador\/divisi\u00f3n, efectos digitales, 60 canciones incorporadas, funci\u00f3n de lecciones, metr\u00f3nomo, grabaci\u00f3n: 2 pistas x 1 canci\u00f3n, 2 botones de piano de cola (moderna, cl\u00e1sica) y botones de piano el\u00e9ctrico, funci\u00f3n dueto, temperamentos, afinaci\u00f3n extendida (en lostonos de piano), cambio de octava, bloqueo de panel, transposici\u00f3n de teclas, control de afinaci\u00f3n, acepta una unidad de 3 pedales (SP-32 no incluido), compatibilidad con GM: No, puerto USB, 2 altavoces ovales de 13 x 6 cm, salida de amplificador: 8W + 8W, 2 salidas de aud\u00edfonos (mini conector est\u00e1ndar de 3.5 mm), dimensiones: 1,322 x 286 x 135 mm, peso: 11.2 kg, terminado en color rojo, accesorios incluidos: pedal (SP3), adaptador de corriente, atril de partituras, libro departituras y protector contra el polvo.","breadcrumb":{"@id":"https:\/\/www.mexicanguitarplayers.com\/tienda\/teclas\/pianos\/stage-piano\/piano-casio-digital-px-130rd\/#breadcrumb"},"inLanguage":"en-US","potentialAction":[{"@type":"ReadAction","target":["https:\/\/www.mexicanguitarplayers.com\/tienda\/teclas\/pianos\/stage-piano\/piano-casio-digital-px-130rd\/"]}]},{"@type":"ImageObject","inLanguage":"en-US","@id":"https:\/\/www.mexicanguitarplayers.com\/tienda\/teclas\/pianos\/stage-piano\/piano-casio-digital-px-130rd\/#primaryimage","url":"https:\/\/www.mexicanguitarplayers.com\/wp-content\/uploads\/2022\/08\/ITCASPX130RD.jpg","contentUrl":"https:\/\/www.mexicanguitarplayers.com\/wp-content\/uploads\/2022\/08\/ITCASPX130RD.jpg","width":1600,"height":800},{"@type":"BreadcrumbList","@id":"https:\/\/www.mexicanguitarplayers.com\/tienda\/teclas\/pianos\/stage-piano\/piano-casio-digital-px-130rd\/#breadcrumb","itemListElement":[{"@type":"ListItem","position":1,"name":"Portada","item":"https:\/\/www.mexicanguitarplayers.com\/"},{"@type":"ListItem","position":2,"name":"Tienda","item":"https:\/\/www.mexicanguitarplayers.com\/tienda\/"},{"@type":"ListItem","position":3,"name":"PIANO CASIO DIGITAL PX-130RD"}]},{"@type":"WebSite","@id":"https:\/\/www.mexicanguitarplayers.com\/#website","url":"https:\/\/www.mexicanguitarplayers.com\/","name":"Mexican Guitar Players","description":"Website","publisher":{"@id":"https:\/\/www.mexicanguitarplayers.com\/#organization"},"potentialAction":[{"@type":"SearchAction","target":{"@type":"EntryPoint","urlTemplate":"https:\/\/www.mexicanguitarplayers.com\/?s={search_term_string}"},"query-input":{"@type":"PropertyValueSpecification","valueRequired":true,"valueName":"search_term_string"}}],"inLanguage":"en-US"},{"@type":"Organization","@id":"https:\/\/www.mexicanguitarplayers.com\/#organization","name":"Mexican Guitar Players","url":"https:\/\/www.mexicanguitarplayers.com\/","logo":{"@type":"ImageObject","inLanguage":"en-US","@id":"https:\/\/www.mexicanguitarplayers.com\/#\/schema\/logo\/image\/","url":"","contentUrl":"","caption":"Mexican Guitar Players"},"image":{"@id":"https:\/\/www.mexicanguitarplayers.com\/#\/schema\/logo\/image\/"}}]}},"brands":[{"id":274,"name":"CASIO","slug":"casio"}],"_links":{"self":[{"href":"https:\/\/www.mexicanguitarplayers.com\/en\/wp-json\/wp\/v2\/product\/12279","targetHints":{"allow":["GET"]}}],"collection":[{"href":"https:\/\/www.mexicanguitarplayers.com\/en\/wp-json\/wp\/v2\/product"}],"about":[{"href":"https:\/\/www.mexicanguitarplayers.com\/en\/wp-json\/wp\/v2\/types\/product"}],"replies":[{"embeddable":true,"href":"https:\/\/www.mexicanguitarplayers.com\/en\/wp-json\/wp\/v2\/comments?post=12279"}],"wp:featuredmedia":[{"embeddable":true,"href":"https:\/\/www.mexicanguitarplayers.com\/en\/wp-json\/wp\/v2\/media\/12277"}],"wp:attachment":[{"href":"https:\/\/www.mexicanguitarplayers.com\/en\/wp-json\/wp\/v2\/media?parent=12279"}],"wp:term":[{"taxonomy":"pwb-brand","embeddable":true,"href":"https:\/\/www.mexicanguitarplayers.com\/en\/wp-json\/wp\/v2\/pwb-brand?post=12279"},{"taxonomy":"product_brand","embeddable":true,"href":"https:\/\/www.mexicanguitarplayers.com\/en\/wp-json\/wp\/v2\/product_brand?post=12279"},{"taxonomy":"product_cat","embeddable":true,"href":"https:\/\/www.mexicanguitarplayers.com\/en\/wp-json\/wp\/v2\/product_cat?post=12279"},{"taxonomy":"product_tag","embeddable":true,"href":"https:\/\/www.mexicanguitarplayers.com\/en\/wp-json\/wp\/v2\/product_tag?post=12279"}],"curies":[{"name":"wp","href":"https:\/\/api.w.org\/{rel}","templated":true}]}}