{"id":12281,"date":"2022-08-18T08:25:18","date_gmt":"2022-08-18T13:25:18","guid":{"rendered":"https:\/\/www.mexicanguitarplayers.com\/tienda\/sin%20categor\u00eda\/piano-casio-digital-px-160bk\/"},"modified":"2026-04-10T05:16:00","modified_gmt":"2026-04-10T11:16:00","slug":"piano-casio-digital-px-160bk","status":"publish","type":"product","link":"https:\/\/www.mexicanguitarplayers.com\/en\/tienda\/teclas\/pianos\/stage-piano\/piano-casio-digital-px-160bk\/","title":{"rendered":"CASIO DIGITAL PIANO PX-160BK"},"content":{"rendered":"<div style=\"text-align: justify\">\n<div>\n<h3>CASIO DIGITAL PIANO PX-160BK<\/h3>\n<\/div>\n<div>88-key semi-weighted hammer-action digital piano, 3 sensitivity levels, synthetic ebony and ivory keys, Multi-dimensional Morphing AiR sound source, maximum polyphony: 128 notes, 18 built-in sounds, digital effects, 60-song library, MIDI recorder, duet mode, octave shift, metronome, key transpose, pitch control, lesson function, 2 front headphone outputs (stereo mini jack), line out, USB port, 2 x 4.7\u201d speakers, amplifier: 8W+8W, dimensions: 1320.8 x 292.10 x 142.24 mm, weight: 11.56 kg, color black, included accessories: Pedal (SP-3), power adapter (AD-A12150) and music stand.<\/div>\n<\/div>","protected":false},"excerpt":{"rendered":"<p>Piano digital de 88 teclas semipesadas con acci\u00f3n de martillo, 3 niveles de sensibilidad, teclas de \u00e9bano y marfil sint\u00e9ticos, fuente de sonidos Morphing AiR Multi-dimensional, polifon\u00eda m\u00e1xima: 128 notas, 18 sonidos incorporados, efectos digitales, librer\u00eda de 60 canciones, grabador MIDI, modo dueto, cambio de octava,metr\u00f3nomo, transposici\u00f3n de teclas, control de afinaci\u00f3n, funci\u00f3n de lecciones,2 salidas de aud\u00edfonos al frente (mini jack est\u00e9reo), salida de l\u00ednea, puerto USB, 2 altavoces de 4.7\u201d pulgadas, amplificador: 8W+8W, dimensiones: 1320.8 x 292.10 x 142.24 mm, peso: 11.56 kg, color negro, accesorios incluidos: Pedal (SP-3), adaptador de corriente (AD-A12150) y soporte para partituras.&hellip; <a class=\"kt-excerpt-readmore more-link\" href=\"https:\/\/www.mexicanguitarplayers.com\/en\/tienda\/teclas\/pianos\/stage-piano\/piano-casio-digital-px-160bk\/\">Read more<\/a><\/p>","protected":false},"featured_media":12280,"comment_status":"open","ping_status":"closed","template":"","meta":{"kt_blocks_editor_width":""},"pwb-brand":[274],"product_brand":[],"product_cat":[377,379,376],"product_tag":[],"class_list":{"0":"post-12281","1":"product","2":"type-product","3":"status-publish","4":"has-post-thumbnail","6":"pwb-brand-casio","7":"product_cat-pianos","8":"product_cat-stage-piano","9":"product_cat-teclas","10":"product_shipping_class-20-25-kg","12":"first","13":"outofstock","14":"taxable","15":"shipping-taxable","16":"purchasable","17":"product-type-simple"},"yoast_head":"<!-- This site is optimized with the Yoast SEO plugin v27.5 - https:\/\/yoast.com\/product\/yoast-seo-wordpress\/ -->\n<title>PIANO CASIO DIGITAL PX-160BK - Mexican Guitar Players<\/title>\n<meta name=\"description\" content=\"PIANO CASIO DIGITAL PX-160BK. Piano digital de 88 teclas semipesadas con acci\u00f3n de martillo, 3 niveles de sensibilidad, teclas de \u00e9bano y marfil sint\u00e9ticos, fuente de sonidos Morphing AiR Multi-dimensional, polifon\u00eda m\u00e1xima: 128 notas, 18 sonidos incorporados, efectos digitales, librer\u00eda de 60 canciones, grabador MIDI, modo dueto, cambio de octava,metr\u00f3nomo, transposici\u00f3n de teclas, control de afinaci\u00f3n, funci\u00f3n de lecciones,2 salidas de aud\u00edfonos al frente (mini jack est\u00e9reo), salida de l\u00ednea, puerto USB, 2 altavoces de 4.7\u201d pulgadas, amplificador: 8W+8W, dimensiones: 1320.8 x 292.10 x 142.24 mm, peso: 11.56 kg, color negro, accesorios incluidos: Pedal (SP-3), adaptador de corriente (AD-A12150) y soporte para partituras.\" \/>\n<meta name=\"robots\" content=\"index, follow, max-snippet:-1, max-image-preview:large, max-video-preview:-1\" \/>\n<link rel=\"canonical\" href=\"https:\/\/www.mexicanguitarplayers.com\/en\/tienda\/teclas\/pianos\/stage-piano\/piano-casio-digital-px-160bk\/\" \/>\n<meta property=\"og:locale\" content=\"en_US\" \/>\n<meta property=\"og:type\" content=\"article\" \/>\n<meta property=\"og:title\" content=\"PIANO CASIO DIGITAL PX-160BK - Mexican Guitar Players\" \/>\n<meta property=\"og:description\" content=\"PIANO CASIO DIGITAL PX-160BK. Piano digital de 88 teclas semipesadas con acci\u00f3n de martillo, 3 niveles de sensibilidad, teclas de \u00e9bano y marfil sint\u00e9ticos, fuente de sonidos Morphing AiR Multi-dimensional, polifon\u00eda m\u00e1xima: 128 notas, 18 sonidos incorporados, efectos digitales, librer\u00eda de 60 canciones, grabador MIDI, modo dueto, cambio de octava,metr\u00f3nomo, transposici\u00f3n de teclas, control de afinaci\u00f3n, funci\u00f3n de lecciones,2 salidas de aud\u00edfonos al frente (mini jack est\u00e9reo), salida de l\u00ednea, puerto USB, 2 altavoces de 4.7\u201d pulgadas, amplificador: 8W+8W, dimensiones: 1320.8 x 292.10 x 142.24 mm, peso: 11.56 kg, color negro, accesorios incluidos: Pedal (SP-3), adaptador de corriente (AD-A12150) y soporte para partituras.\" \/>\n<meta property=\"og:url\" content=\"https:\/\/www.mexicanguitarplayers.com\/en\/tienda\/teclas\/pianos\/stage-piano\/piano-casio-digital-px-160bk\/\" \/>\n<meta property=\"og:site_name\" content=\"Mexican Guitar Players\" \/>\n<meta property=\"article:modified_time\" content=\"2026-04-10T11:16:00+00:00\" \/>\n<meta property=\"og:image\" content=\"https:\/\/www.mexicanguitarplayers.com\/wp-content\/uploads\/2022\/08\/ITCASPX160BK.jpg\" \/>\n\t<meta property=\"og:image:width\" content=\"1600\" \/>\n\t<meta property=\"og:image:height\" content=\"800\" \/>\n\t<meta property=\"og:image:type\" content=\"image\/jpeg\" \/>\n<meta name=\"twitter:card\" content=\"summary_large_image\" \/>\n<meta name=\"twitter:label1\" content=\"Est. reading time\" \/>\n\t<meta name=\"twitter:data1\" content=\"1 minute\" \/>\n<script type=\"application\/ld+json\" class=\"yoast-schema-graph\">{\"@context\":\"https:\\\/\\\/schema.org\",\"@graph\":[{\"@type\":[\"WebPage\",\"ItemPage\"],\"@id\":\"https:\\\/\\\/www.mexicanguitarplayers.com\\\/tienda\\\/teclas\\\/pianos\\\/stage-piano\\\/piano-casio-digital-px-160bk\\\/\",\"url\":\"https:\\\/\\\/www.mexicanguitarplayers.com\\\/tienda\\\/teclas\\\/pianos\\\/stage-piano\\\/piano-casio-digital-px-160bk\\\/\",\"name\":\"PIANO CASIO DIGITAL PX-160BK - Mexican Guitar Players\",\"isPartOf\":{\"@id\":\"https:\\\/\\\/www.mexicanguitarplayers.com\\\/#website\"},\"primaryImageOfPage\":{\"@id\":\"https:\\\/\\\/www.mexicanguitarplayers.com\\\/tienda\\\/teclas\\\/pianos\\\/stage-piano\\\/piano-casio-digital-px-160bk\\\/#primaryimage\"},\"image\":{\"@id\":\"https:\\\/\\\/www.mexicanguitarplayers.com\\\/tienda\\\/teclas\\\/pianos\\\/stage-piano\\\/piano-casio-digital-px-160bk\\\/#primaryimage\"},\"thumbnailUrl\":\"https:\\\/\\\/www.mexicanguitarplayers.com\\\/wp-content\\\/uploads\\\/2022\\\/08\\\/ITCASPX160BK.jpg\",\"datePublished\":\"2022-08-18T13:25:18+00:00\",\"dateModified\":\"2026-04-10T11:16:00+00:00\",\"description\":\"PIANO CASIO DIGITAL PX-160BK. Piano digital de 88 teclas semipesadas con acci\u00f3n de martillo, 3 niveles de sensibilidad, teclas de \u00e9bano y marfil sint\u00e9ticos, fuente de sonidos Morphing AiR Multi-dimensional, polifon\u00eda m\u00e1xima: 128 notas, 18 sonidos incorporados, efectos digitales, librer\u00eda de 60 canciones, grabador MIDI, modo dueto, cambio de octava,metr\u00f3nomo, transposici\u00f3n de teclas, control de afinaci\u00f3n, funci\u00f3n de lecciones,2 salidas de aud\u00edfonos al frente (mini jack est\u00e9reo), salida de l\u00ednea, puerto USB, 2 altavoces de 4.7\u201d pulgadas, amplificador: 8W+8W, dimensiones: 1320.8 x 292.10 x 142.24 mm, peso: 11.56 kg, color negro, accesorios incluidos: Pedal (SP-3), adaptador de corriente (AD-A12150) y soporte para partituras.\",\"breadcrumb\":{\"@id\":\"https:\\\/\\\/www.mexicanguitarplayers.com\\\/tienda\\\/teclas\\\/pianos\\\/stage-piano\\\/piano-casio-digital-px-160bk\\\/#breadcrumb\"},\"inLanguage\":\"en-US\",\"potentialAction\":[{\"@type\":\"ReadAction\",\"target\":[\"https:\\\/\\\/www.mexicanguitarplayers.com\\\/tienda\\\/teclas\\\/pianos\\\/stage-piano\\\/piano-casio-digital-px-160bk\\\/\"]}]},{\"@type\":\"ImageObject\",\"inLanguage\":\"en-US\",\"@id\":\"https:\\\/\\\/www.mexicanguitarplayers.com\\\/tienda\\\/teclas\\\/pianos\\\/stage-piano\\\/piano-casio-digital-px-160bk\\\/#primaryimage\",\"url\":\"https:\\\/\\\/www.mexicanguitarplayers.com\\\/wp-content\\\/uploads\\\/2022\\\/08\\\/ITCASPX160BK.jpg\",\"contentUrl\":\"https:\\\/\\\/www.mexicanguitarplayers.com\\\/wp-content\\\/uploads\\\/2022\\\/08\\\/ITCASPX160BK.jpg\",\"width\":1600,\"height\":800},{\"@type\":\"BreadcrumbList\",\"@id\":\"https:\\\/\\\/www.mexicanguitarplayers.com\\\/tienda\\\/teclas\\\/pianos\\\/stage-piano\\\/piano-casio-digital-px-160bk\\\/#breadcrumb\",\"itemListElement\":[{\"@type\":\"ListItem\",\"position\":1,\"name\":\"Portada\",\"item\":\"https:\\\/\\\/www.mexicanguitarplayers.com\\\/\"},{\"@type\":\"ListItem\",\"position\":2,\"name\":\"Tienda\",\"item\":\"https:\\\/\\\/www.mexicanguitarplayers.com\\\/tienda\\\/\"},{\"@type\":\"ListItem\",\"position\":3,\"name\":\"PIANO CASIO DIGITAL PX-160BK\"}]},{\"@type\":\"WebSite\",\"@id\":\"https:\\\/\\\/www.mexicanguitarplayers.com\\\/#website\",\"url\":\"https:\\\/\\\/www.mexicanguitarplayers.com\\\/\",\"name\":\"Mexican Guitar Players\",\"description\":\"Website\",\"publisher\":{\"@id\":\"https:\\\/\\\/www.mexicanguitarplayers.com\\\/#organization\"},\"potentialAction\":[{\"@type\":\"SearchAction\",\"target\":{\"@type\":\"EntryPoint\",\"urlTemplate\":\"https:\\\/\\\/www.mexicanguitarplayers.com\\\/?s={search_term_string}\"},\"query-input\":{\"@type\":\"PropertyValueSpecification\",\"valueRequired\":true,\"valueName\":\"search_term_string\"}}],\"inLanguage\":\"en-US\"},{\"@type\":\"Organization\",\"@id\":\"https:\\\/\\\/www.mexicanguitarplayers.com\\\/#organization\",\"name\":\"Mexican Guitar Players\",\"url\":\"https:\\\/\\\/www.mexicanguitarplayers.com\\\/\",\"logo\":{\"@type\":\"ImageObject\",\"inLanguage\":\"en-US\",\"@id\":\"https:\\\/\\\/www.mexicanguitarplayers.com\\\/#\\\/schema\\\/logo\\\/image\\\/\",\"url\":\"\",\"contentUrl\":\"\",\"caption\":\"Mexican Guitar Players\"},\"image\":{\"@id\":\"https:\\\/\\\/www.mexicanguitarplayers.com\\\/#\\\/schema\\\/logo\\\/image\\\/\"}}]}<\/script>\n<!-- \/ Yoast SEO plugin. -->","yoast_head_json":{"title":"PIANO CASIO DIGITAL PX-160BK - Mexican Guitar Players","description":"PIANO CASIO DIGITAL PX-160BK. Piano digital de 88 teclas semipesadas con acci\u00f3n de martillo, 3 niveles de sensibilidad, teclas de \u00e9bano y marfil sint\u00e9ticos, fuente de sonidos Morphing AiR Multi-dimensional, polifon\u00eda m\u00e1xima: 128 notas, 18 sonidos incorporados, efectos digitales, librer\u00eda de 60 canciones, grabador MIDI, modo dueto, cambio de octava,metr\u00f3nomo, transposici\u00f3n de teclas, control de afinaci\u00f3n, funci\u00f3n de lecciones,2 salidas de aud\u00edfonos al frente (mini jack est\u00e9reo), salida de l\u00ednea, puerto USB, 2 altavoces de 4.7\u201d pulgadas, amplificador: 8W+8W, dimensiones: 1320.8 x 292.10 x 142.24 mm, peso: 11.56 kg, color negro, accesorios incluidos: Pedal (SP-3), adaptador de corriente (AD-A12150) y soporte para partituras.","robots":{"index":"index","follow":"follow","max-snippet":"max-snippet:-1","max-image-preview":"max-image-preview:large","max-video-preview":"max-video-preview:-1"},"canonical":"https:\/\/www.mexicanguitarplayers.com\/en\/tienda\/teclas\/pianos\/stage-piano\/piano-casio-digital-px-160bk\/","og_locale":"en_US","og_type":"article","og_title":"PIANO CASIO DIGITAL PX-160BK - Mexican Guitar Players","og_description":"PIANO CASIO DIGITAL PX-160BK. Piano digital de 88 teclas semipesadas con acci\u00f3n de martillo, 3 niveles de sensibilidad, teclas de \u00e9bano y marfil sint\u00e9ticos, fuente de sonidos Morphing AiR Multi-dimensional, polifon\u00eda m\u00e1xima: 128 notas, 18 sonidos incorporados, efectos digitales, librer\u00eda de 60 canciones, grabador MIDI, modo dueto, cambio de octava,metr\u00f3nomo, transposici\u00f3n de teclas, control de afinaci\u00f3n, funci\u00f3n de lecciones,2 salidas de aud\u00edfonos al frente (mini jack est\u00e9reo), salida de l\u00ednea, puerto USB, 2 altavoces de 4.7\u201d pulgadas, amplificador: 8W+8W, dimensiones: 1320.8 x 292.10 x 142.24 mm, peso: 11.56 kg, color negro, accesorios incluidos: Pedal (SP-3), adaptador de corriente (AD-A12150) y soporte para partituras.","og_url":"https:\/\/www.mexicanguitarplayers.com\/en\/tienda\/teclas\/pianos\/stage-piano\/piano-casio-digital-px-160bk\/","og_site_name":"Mexican Guitar Players","article_modified_time":"2026-04-10T11:16:00+00:00","og_image":[{"width":1600,"height":800,"url":"https:\/\/www.mexicanguitarplayers.com\/wp-content\/uploads\/2022\/08\/ITCASPX160BK.jpg","type":"image\/jpeg"}],"twitter_card":"summary_large_image","twitter_misc":{"Est. reading time":"1 minute"},"schema":{"@context":"https:\/\/schema.org","@graph":[{"@type":["WebPage","ItemPage"],"@id":"https:\/\/www.mexicanguitarplayers.com\/tienda\/teclas\/pianos\/stage-piano\/piano-casio-digital-px-160bk\/","url":"https:\/\/www.mexicanguitarplayers.com\/tienda\/teclas\/pianos\/stage-piano\/piano-casio-digital-px-160bk\/","name":"PIANO CASIO DIGITAL PX-160BK - Mexican Guitar Players","isPartOf":{"@id":"https:\/\/www.mexicanguitarplayers.com\/#website"},"primaryImageOfPage":{"@id":"https:\/\/www.mexicanguitarplayers.com\/tienda\/teclas\/pianos\/stage-piano\/piano-casio-digital-px-160bk\/#primaryimage"},"image":{"@id":"https:\/\/www.mexicanguitarplayers.com\/tienda\/teclas\/pianos\/stage-piano\/piano-casio-digital-px-160bk\/#primaryimage"},"thumbnailUrl":"https:\/\/www.mexicanguitarplayers.com\/wp-content\/uploads\/2022\/08\/ITCASPX160BK.jpg","datePublished":"2022-08-18T13:25:18+00:00","dateModified":"2026-04-10T11:16:00+00:00","description":"PIANO CASIO DIGITAL PX-160BK. Piano digital de 88 teclas semipesadas con acci\u00f3n de martillo, 3 niveles de sensibilidad, teclas de \u00e9bano y marfil sint\u00e9ticos, fuente de sonidos Morphing AiR Multi-dimensional, polifon\u00eda m\u00e1xima: 128 notas, 18 sonidos incorporados, efectos digitales, librer\u00eda de 60 canciones, grabador MIDI, modo dueto, cambio de octava,metr\u00f3nomo, transposici\u00f3n de teclas, control de afinaci\u00f3n, funci\u00f3n de lecciones,2 salidas de aud\u00edfonos al frente (mini jack est\u00e9reo), salida de l\u00ednea, puerto USB, 2 altavoces de 4.7\u201d pulgadas, amplificador: 8W+8W, dimensiones: 1320.8 x 292.10 x 142.24 mm, peso: 11.56 kg, color negro, accesorios incluidos: Pedal (SP-3), adaptador de corriente (AD-A12150) y soporte para partituras.","breadcrumb":{"@id":"https:\/\/www.mexicanguitarplayers.com\/tienda\/teclas\/pianos\/stage-piano\/piano-casio-digital-px-160bk\/#breadcrumb"},"inLanguage":"en-US","potentialAction":[{"@type":"ReadAction","target":["https:\/\/www.mexicanguitarplayers.com\/tienda\/teclas\/pianos\/stage-piano\/piano-casio-digital-px-160bk\/"]}]},{"@type":"ImageObject","inLanguage":"en-US","@id":"https:\/\/www.mexicanguitarplayers.com\/tienda\/teclas\/pianos\/stage-piano\/piano-casio-digital-px-160bk\/#primaryimage","url":"https:\/\/www.mexicanguitarplayers.com\/wp-content\/uploads\/2022\/08\/ITCASPX160BK.jpg","contentUrl":"https:\/\/www.mexicanguitarplayers.com\/wp-content\/uploads\/2022\/08\/ITCASPX160BK.jpg","width":1600,"height":800},{"@type":"BreadcrumbList","@id":"https:\/\/www.mexicanguitarplayers.com\/tienda\/teclas\/pianos\/stage-piano\/piano-casio-digital-px-160bk\/#breadcrumb","itemListElement":[{"@type":"ListItem","position":1,"name":"Portada","item":"https:\/\/www.mexicanguitarplayers.com\/"},{"@type":"ListItem","position":2,"name":"Tienda","item":"https:\/\/www.mexicanguitarplayers.com\/tienda\/"},{"@type":"ListItem","position":3,"name":"PIANO CASIO DIGITAL PX-160BK"}]},{"@type":"WebSite","@id":"https:\/\/www.mexicanguitarplayers.com\/#website","url":"https:\/\/www.mexicanguitarplayers.com\/","name":"Mexican Guitar Players","description":"Website","publisher":{"@id":"https:\/\/www.mexicanguitarplayers.com\/#organization"},"potentialAction":[{"@type":"SearchAction","target":{"@type":"EntryPoint","urlTemplate":"https:\/\/www.mexicanguitarplayers.com\/?s={search_term_string}"},"query-input":{"@type":"PropertyValueSpecification","valueRequired":true,"valueName":"search_term_string"}}],"inLanguage":"en-US"},{"@type":"Organization","@id":"https:\/\/www.mexicanguitarplayers.com\/#organization","name":"Mexican Guitar Players","url":"https:\/\/www.mexicanguitarplayers.com\/","logo":{"@type":"ImageObject","inLanguage":"en-US","@id":"https:\/\/www.mexicanguitarplayers.com\/#\/schema\/logo\/image\/","url":"","contentUrl":"","caption":"Mexican Guitar Players"},"image":{"@id":"https:\/\/www.mexicanguitarplayers.com\/#\/schema\/logo\/image\/"}}]}},"brands":[{"id":274,"name":"CASIO","slug":"casio"}],"_links":{"self":[{"href":"https:\/\/www.mexicanguitarplayers.com\/en\/wp-json\/wp\/v2\/product\/12281","targetHints":{"allow":["GET"]}}],"collection":[{"href":"https:\/\/www.mexicanguitarplayers.com\/en\/wp-json\/wp\/v2\/product"}],"about":[{"href":"https:\/\/www.mexicanguitarplayers.com\/en\/wp-json\/wp\/v2\/types\/product"}],"replies":[{"embeddable":true,"href":"https:\/\/www.mexicanguitarplayers.com\/en\/wp-json\/wp\/v2\/comments?post=12281"}],"wp:featuredmedia":[{"embeddable":true,"href":"https:\/\/www.mexicanguitarplayers.com\/en\/wp-json\/wp\/v2\/media\/12280"}],"wp:attachment":[{"href":"https:\/\/www.mexicanguitarplayers.com\/en\/wp-json\/wp\/v2\/media?parent=12281"}],"wp:term":[{"taxonomy":"pwb-brand","embeddable":true,"href":"https:\/\/www.mexicanguitarplayers.com\/en\/wp-json\/wp\/v2\/pwb-brand?post=12281"},{"taxonomy":"product_brand","embeddable":true,"href":"https:\/\/www.mexicanguitarplayers.com\/en\/wp-json\/wp\/v2\/product_brand?post=12281"},{"taxonomy":"product_cat","embeddable":true,"href":"https:\/\/www.mexicanguitarplayers.com\/en\/wp-json\/wp\/v2\/product_cat?post=12281"},{"taxonomy":"product_tag","embeddable":true,"href":"https:\/\/www.mexicanguitarplayers.com\/en\/wp-json\/wp\/v2\/product_tag?post=12281"}],"curies":[{"name":"wp","href":"https:\/\/api.w.org\/{rel}","templated":true}]}}