{"id":12285,"date":"2022-08-18T08:25:24","date_gmt":"2022-08-18T13:25:24","guid":{"rendered":"https:\/\/www.mexicanguitarplayers.com\/tienda\/sin%20categor\u00eda\/piano-casio-digital-px-3bk\/"},"modified":"2023-09-21T23:10:45","modified_gmt":"2023-09-22T04:10:45","slug":"piano-casio-digital-px-3bk","status":"publish","type":"product","link":"https:\/\/www.mexicanguitarplayers.com\/en\/tienda\/teclas\/pianos\/stage-piano\/piano-casio-digital-px-3bk\/","title":{"rendered":"CASIO DIGITAL PIANO PX-3BK"},"content":{"rendered":"<div style=\"text-align: justify\">\n<div>\n<h3>CASIO DIGITAL PIANO PX-3BK<\/h3>\n<\/div>\n<div>Digital Stage Piano, 88 Tri-Sensor Scaled Hammer Action Keys, Touch Response, 3 Sensitivity Levels, AIF Sound Source, Maximum Polyphony: 128 Notes, 250 Built-in Tones, Layer\/Split, 4 Built-in Songs, Select Button Pitch Control, Registration: 64 Settings (8 Settings x 8 Banks), Master Control Function, Mixer Function, Pitch Edit Function (Synth), Extended Tuning, Octave Shift, Panel Lock, Pitch Bend Wheel, 2 Buttons assignable keys, key transpose, pitch control, accepts a 3-pedal unit (SP-32 is not included), full-dot LCD with backlight, SD memory card slot, SD memory card compatible, GM compatibility : Level 1, 2 headphone outputs (standard 3.5 mm mini jack), USB port, dimensions: 1,322 x 286 x 135 mm, weight: 10.8 kg, included accessories: Pedal (SP-3), music stand, music book sheet music, power adapter and lightning protector the dust.<\/div>\n<\/div>","protected":false},"excerpt":{"rendered":"<p>Stage piano digital, 88 teclas con acci\u00f3n de martillo en escala tri sensor, respuesta al tacto, 3 niveles de sensibilidad, fuente de sonidos AIF, polifon\u00eda m\u00e1xima: 128 notas, 250 tonos incorporados, estratificador\/divisi\u00f3n, 4 canciones incorporadas, bot\u00f3n de selecci\u00f3n de tono, registro: 64 ajustes (8 ajustes x 8 bancos), funci\u00f3n control maestro, funci\u00f3n mezclador, funci\u00f3n de edici\u00f3n de tonos (sintetizador), afinaci\u00f3n extendida, cambio de octava, bloqueo de panel, rueda de inflexi\u00f3n de tonos, 2 botones asignables, transposici\u00f3n de teclas, control de afinaci\u00f3n, acepta una unidad de 3 pedales (SP-32 no est\u00e1 incluido), LCD full-dot conluz de fondo, ranura para tarjeta de memoria SD, compatible con tarjetas de memoria SD, compatibilidad con GM: Nivel 1, 2 salidas de aud\u00edfonos (mini conector est\u00e1ndar de 3.5 mm), puerto USB, dimensiones: 1,322 x 286 x 135 mm, peso: 10.8 kg,accesorios incluidos: Pedal (SP-3), atril de partituras, libro de partituras, adaptador de corriente y protector contra el polvo.&hellip; <a class=\"kt-excerpt-readmore more-link\" href=\"https:\/\/www.mexicanguitarplayers.com\/en\/tienda\/teclas\/pianos\/stage-piano\/piano-casio-digital-px-3bk\/\">Read more<\/a><\/p>","protected":false},"featured_media":12282,"comment_status":"open","ping_status":"closed","template":"","meta":{"kt_blocks_editor_width":""},"pwb-brand":[274],"product_brand":[],"product_cat":[377,379,376],"product_tag":[],"class_list":{"0":"post-12285","1":"product","2":"type-product","3":"status-publish","4":"has-post-thumbnail","6":"pwb-brand-casio","7":"product_cat-pianos","8":"product_cat-stage-piano","9":"product_cat-teclas","10":"product_shipping_class-10-15-kg","12":"first","13":"outofstock","14":"taxable","15":"shipping-taxable","16":"purchasable","17":"product-type-simple"},"yoast_head":"<!-- This site is optimized with the Yoast SEO plugin v27.3 - https:\/\/yoast.com\/product\/yoast-seo-wordpress\/ -->\n<title>PIANO CASIO DIGITAL PX-3BK - Mexican Guitar Players<\/title>\n<meta name=\"description\" content=\"PIANO CASIO DIGITAL PX-3BK. Stage piano digital, 88 teclas con acci\u00f3n de martillo en escala tri sensor, respuesta al tacto, 3 niveles de sensibilidad, fuente de sonidos AIF, polifon\u00eda m\u00e1xima: 128 notas, 250 tonos incorporados, estratificador\/divisi\u00f3n, 4 canciones incorporadas, bot\u00f3n de selecci\u00f3n de tono, registro: 64 ajustes (8 ajustes x 8 bancos), funci\u00f3n control maestro, funci\u00f3n mezclador, funci\u00f3n de edici\u00f3n de tonos (sintetizador), afinaci\u00f3n extendida, cambio de octava, bloqueo de panel, rueda de inflexi\u00f3n de tonos, 2 botones asignables, transposici\u00f3n de teclas, control de afinaci\u00f3n, acepta una unidad de 3 pedales (SP-32 no est\u00e1 incluido), LCD full-dot conluz de fondo, ranura para tarjeta de memoria SD, compatible con tarjetas de memoria SD, compatibilidad con GM: Nivel 1, 2 salidas de aud\u00edfonos (mini conector est\u00e1ndar de 3.5 mm), puerto USB, dimensiones: 1,322 x 286 x 135 mm, peso: 10.8 kg,accesorios incluidos: Pedal (SP-3), atril de partituras, libro de partituras, adaptador de corriente y protector contra el polvo.\" \/>\n<meta name=\"robots\" content=\"index, follow, max-snippet:-1, max-image-preview:large, max-video-preview:-1\" \/>\n<link rel=\"canonical\" href=\"https:\/\/www.mexicanguitarplayers.com\/en\/tienda\/teclas\/pianos\/stage-piano\/piano-casio-digital-px-3bk\/\" \/>\n<meta property=\"og:locale\" content=\"en_US\" \/>\n<meta property=\"og:type\" content=\"article\" \/>\n<meta property=\"og:title\" content=\"PIANO CASIO DIGITAL PX-3BK - Mexican Guitar Players\" \/>\n<meta property=\"og:description\" content=\"PIANO CASIO DIGITAL PX-3BK. Stage piano digital, 88 teclas con acci\u00f3n de martillo en escala tri sensor, respuesta al tacto, 3 niveles de sensibilidad, fuente de sonidos AIF, polifon\u00eda m\u00e1xima: 128 notas, 250 tonos incorporados, estratificador\/divisi\u00f3n, 4 canciones incorporadas, bot\u00f3n de selecci\u00f3n de tono, registro: 64 ajustes (8 ajustes x 8 bancos), funci\u00f3n control maestro, funci\u00f3n mezclador, funci\u00f3n de edici\u00f3n de tonos (sintetizador), afinaci\u00f3n extendida, cambio de octava, bloqueo de panel, rueda de inflexi\u00f3n de tonos, 2 botones asignables, transposici\u00f3n de teclas, control de afinaci\u00f3n, acepta una unidad de 3 pedales (SP-32 no est\u00e1 incluido), LCD full-dot conluz de fondo, ranura para tarjeta de memoria SD, compatible con tarjetas de memoria SD, compatibilidad con GM: Nivel 1, 2 salidas de aud\u00edfonos (mini conector est\u00e1ndar de 3.5 mm), puerto USB, dimensiones: 1,322 x 286 x 135 mm, peso: 10.8 kg,accesorios incluidos: Pedal (SP-3), atril de partituras, libro de partituras, adaptador de corriente y protector contra el polvo.\" \/>\n<meta property=\"og:url\" content=\"https:\/\/www.mexicanguitarplayers.com\/en\/tienda\/teclas\/pianos\/stage-piano\/piano-casio-digital-px-3bk\/\" \/>\n<meta property=\"og:site_name\" content=\"Mexican Guitar Players\" \/>\n<meta property=\"article:modified_time\" content=\"2023-09-22T04:10:45+00:00\" \/>\n<meta property=\"og:image\" content=\"https:\/\/www.mexicanguitarplayers.com\/wp-content\/uploads\/2022\/08\/ITCASPX3BK.jpg\" \/>\n\t<meta property=\"og:image:width\" content=\"1600\" \/>\n\t<meta property=\"og:image:height\" content=\"800\" \/>\n\t<meta property=\"og:image:type\" content=\"image\/jpeg\" \/>\n<meta name=\"twitter:card\" content=\"summary_large_image\" \/>\n<meta name=\"twitter:label1\" content=\"Est. reading time\" \/>\n\t<meta name=\"twitter:data1\" content=\"1 minute\" \/>\n<script type=\"application\/ld+json\" class=\"yoast-schema-graph\">{\"@context\":\"https:\\\/\\\/schema.org\",\"@graph\":[{\"@type\":[\"WebPage\",\"ItemPage\"],\"@id\":\"https:\\\/\\\/www.mexicanguitarplayers.com\\\/tienda\\\/teclas\\\/pianos\\\/stage-piano\\\/piano-casio-digital-px-3bk\\\/\",\"url\":\"https:\\\/\\\/www.mexicanguitarplayers.com\\\/tienda\\\/teclas\\\/pianos\\\/stage-piano\\\/piano-casio-digital-px-3bk\\\/\",\"name\":\"PIANO CASIO DIGITAL PX-3BK - Mexican Guitar Players\",\"isPartOf\":{\"@id\":\"https:\\\/\\\/www.mexicanguitarplayers.com\\\/#website\"},\"primaryImageOfPage\":{\"@id\":\"https:\\\/\\\/www.mexicanguitarplayers.com\\\/tienda\\\/teclas\\\/pianos\\\/stage-piano\\\/piano-casio-digital-px-3bk\\\/#primaryimage\"},\"image\":{\"@id\":\"https:\\\/\\\/www.mexicanguitarplayers.com\\\/tienda\\\/teclas\\\/pianos\\\/stage-piano\\\/piano-casio-digital-px-3bk\\\/#primaryimage\"},\"thumbnailUrl\":\"https:\\\/\\\/www.mexicanguitarplayers.com\\\/wp-content\\\/uploads\\\/2022\\\/08\\\/ITCASPX3BK.jpg\",\"datePublished\":\"2022-08-18T13:25:24+00:00\",\"dateModified\":\"2023-09-22T04:10:45+00:00\",\"description\":\"PIANO CASIO DIGITAL PX-3BK. Stage piano digital, 88 teclas con acci\u00f3n de martillo en escala tri sensor, respuesta al tacto, 3 niveles de sensibilidad, fuente de sonidos AIF, polifon\u00eda m\u00e1xima: 128 notas, 250 tonos incorporados, estratificador\\\/divisi\u00f3n, 4 canciones incorporadas, bot\u00f3n de selecci\u00f3n de tono, registro: 64 ajustes (8 ajustes x 8 bancos), funci\u00f3n control maestro, funci\u00f3n mezclador, funci\u00f3n de edici\u00f3n de tonos (sintetizador), afinaci\u00f3n extendida, cambio de octava, bloqueo de panel, rueda de inflexi\u00f3n de tonos, 2 botones asignables, transposici\u00f3n de teclas, control de afinaci\u00f3n, acepta una unidad de 3 pedales (SP-32 no est\u00e1 incluido), LCD full-dot conluz de fondo, ranura para tarjeta de memoria SD, compatible con tarjetas de memoria SD, compatibilidad con GM: Nivel 1, 2 salidas de aud\u00edfonos (mini conector est\u00e1ndar de 3.5 mm), puerto USB, dimensiones: 1,322 x 286 x 135 mm, peso: 10.8 kg,accesorios incluidos: Pedal (SP-3), atril de partituras, libro de partituras, adaptador de corriente y protector contra el polvo.\",\"breadcrumb\":{\"@id\":\"https:\\\/\\\/www.mexicanguitarplayers.com\\\/tienda\\\/teclas\\\/pianos\\\/stage-piano\\\/piano-casio-digital-px-3bk\\\/#breadcrumb\"},\"inLanguage\":\"en-US\",\"potentialAction\":[{\"@type\":\"ReadAction\",\"target\":[\"https:\\\/\\\/www.mexicanguitarplayers.com\\\/tienda\\\/teclas\\\/pianos\\\/stage-piano\\\/piano-casio-digital-px-3bk\\\/\"]}]},{\"@type\":\"ImageObject\",\"inLanguage\":\"en-US\",\"@id\":\"https:\\\/\\\/www.mexicanguitarplayers.com\\\/tienda\\\/teclas\\\/pianos\\\/stage-piano\\\/piano-casio-digital-px-3bk\\\/#primaryimage\",\"url\":\"https:\\\/\\\/www.mexicanguitarplayers.com\\\/wp-content\\\/uploads\\\/2022\\\/08\\\/ITCASPX3BK.jpg\",\"contentUrl\":\"https:\\\/\\\/www.mexicanguitarplayers.com\\\/wp-content\\\/uploads\\\/2022\\\/08\\\/ITCASPX3BK.jpg\",\"width\":1600,\"height\":800},{\"@type\":\"BreadcrumbList\",\"@id\":\"https:\\\/\\\/www.mexicanguitarplayers.com\\\/tienda\\\/teclas\\\/pianos\\\/stage-piano\\\/piano-casio-digital-px-3bk\\\/#breadcrumb\",\"itemListElement\":[{\"@type\":\"ListItem\",\"position\":1,\"name\":\"Portada\",\"item\":\"https:\\\/\\\/www.mexicanguitarplayers.com\\\/\"},{\"@type\":\"ListItem\",\"position\":2,\"name\":\"Tienda\",\"item\":\"https:\\\/\\\/www.mexicanguitarplayers.com\\\/tienda\\\/\"},{\"@type\":\"ListItem\",\"position\":3,\"name\":\"PIANO CASIO DIGITAL PX-3BK\"}]},{\"@type\":\"WebSite\",\"@id\":\"https:\\\/\\\/www.mexicanguitarplayers.com\\\/#website\",\"url\":\"https:\\\/\\\/www.mexicanguitarplayers.com\\\/\",\"name\":\"Mexican Guitar Players\",\"description\":\"Website\",\"publisher\":{\"@id\":\"https:\\\/\\\/www.mexicanguitarplayers.com\\\/#organization\"},\"potentialAction\":[{\"@type\":\"SearchAction\",\"target\":{\"@type\":\"EntryPoint\",\"urlTemplate\":\"https:\\\/\\\/www.mexicanguitarplayers.com\\\/?s={search_term_string}\"},\"query-input\":{\"@type\":\"PropertyValueSpecification\",\"valueRequired\":true,\"valueName\":\"search_term_string\"}}],\"inLanguage\":\"en-US\"},{\"@type\":\"Organization\",\"@id\":\"https:\\\/\\\/www.mexicanguitarplayers.com\\\/#organization\",\"name\":\"Mexican Guitar Players\",\"url\":\"https:\\\/\\\/www.mexicanguitarplayers.com\\\/\",\"logo\":{\"@type\":\"ImageObject\",\"inLanguage\":\"en-US\",\"@id\":\"https:\\\/\\\/www.mexicanguitarplayers.com\\\/#\\\/schema\\\/logo\\\/image\\\/\",\"url\":\"\",\"contentUrl\":\"\",\"caption\":\"Mexican Guitar Players\"},\"image\":{\"@id\":\"https:\\\/\\\/www.mexicanguitarplayers.com\\\/#\\\/schema\\\/logo\\\/image\\\/\"}}]}<\/script>\n<!-- \/ Yoast SEO plugin. -->","yoast_head_json":{"title":"PIANO CASIO DIGITAL PX-3BK - Mexican Guitar Players","description":"PIANO CASIO DIGITAL PX-3BK. Stage piano digital, 88 teclas con acci\u00f3n de martillo en escala tri sensor, respuesta al tacto, 3 niveles de sensibilidad, fuente de sonidos AIF, polifon\u00eda m\u00e1xima: 128 notas, 250 tonos incorporados, estratificador\/divisi\u00f3n, 4 canciones incorporadas, bot\u00f3n de selecci\u00f3n de tono, registro: 64 ajustes (8 ajustes x 8 bancos), funci\u00f3n control maestro, funci\u00f3n mezclador, funci\u00f3n de edici\u00f3n de tonos (sintetizador), afinaci\u00f3n extendida, cambio de octava, bloqueo de panel, rueda de inflexi\u00f3n de tonos, 2 botones asignables, transposici\u00f3n de teclas, control de afinaci\u00f3n, acepta una unidad de 3 pedales (SP-32 no est\u00e1 incluido), LCD full-dot conluz de fondo, ranura para tarjeta de memoria SD, compatible con tarjetas de memoria SD, compatibilidad con GM: Nivel 1, 2 salidas de aud\u00edfonos (mini conector est\u00e1ndar de 3.5 mm), puerto USB, dimensiones: 1,322 x 286 x 135 mm, peso: 10.8 kg,accesorios incluidos: Pedal (SP-3), atril de partituras, libro de partituras, adaptador de corriente y protector contra el polvo.","robots":{"index":"index","follow":"follow","max-snippet":"max-snippet:-1","max-image-preview":"max-image-preview:large","max-video-preview":"max-video-preview:-1"},"canonical":"https:\/\/www.mexicanguitarplayers.com\/en\/tienda\/teclas\/pianos\/stage-piano\/piano-casio-digital-px-3bk\/","og_locale":"en_US","og_type":"article","og_title":"PIANO CASIO DIGITAL PX-3BK - Mexican Guitar Players","og_description":"PIANO CASIO DIGITAL PX-3BK. Stage piano digital, 88 teclas con acci\u00f3n de martillo en escala tri sensor, respuesta al tacto, 3 niveles de sensibilidad, fuente de sonidos AIF, polifon\u00eda m\u00e1xima: 128 notas, 250 tonos incorporados, estratificador\/divisi\u00f3n, 4 canciones incorporadas, bot\u00f3n de selecci\u00f3n de tono, registro: 64 ajustes (8 ajustes x 8 bancos), funci\u00f3n control maestro, funci\u00f3n mezclador, funci\u00f3n de edici\u00f3n de tonos (sintetizador), afinaci\u00f3n extendida, cambio de octava, bloqueo de panel, rueda de inflexi\u00f3n de tonos, 2 botones asignables, transposici\u00f3n de teclas, control de afinaci\u00f3n, acepta una unidad de 3 pedales (SP-32 no est\u00e1 incluido), LCD full-dot conluz de fondo, ranura para tarjeta de memoria SD, compatible con tarjetas de memoria SD, compatibilidad con GM: Nivel 1, 2 salidas de aud\u00edfonos (mini conector est\u00e1ndar de 3.5 mm), puerto USB, dimensiones: 1,322 x 286 x 135 mm, peso: 10.8 kg,accesorios incluidos: Pedal (SP-3), atril de partituras, libro de partituras, adaptador de corriente y protector contra el polvo.","og_url":"https:\/\/www.mexicanguitarplayers.com\/en\/tienda\/teclas\/pianos\/stage-piano\/piano-casio-digital-px-3bk\/","og_site_name":"Mexican Guitar Players","article_modified_time":"2023-09-22T04:10:45+00:00","og_image":[{"width":1600,"height":800,"url":"https:\/\/www.mexicanguitarplayers.com\/wp-content\/uploads\/2022\/08\/ITCASPX3BK.jpg","type":"image\/jpeg"}],"twitter_card":"summary_large_image","twitter_misc":{"Est. reading time":"1 minute"},"schema":{"@context":"https:\/\/schema.org","@graph":[{"@type":["WebPage","ItemPage"],"@id":"https:\/\/www.mexicanguitarplayers.com\/tienda\/teclas\/pianos\/stage-piano\/piano-casio-digital-px-3bk\/","url":"https:\/\/www.mexicanguitarplayers.com\/tienda\/teclas\/pianos\/stage-piano\/piano-casio-digital-px-3bk\/","name":"PIANO CASIO DIGITAL PX-3BK - Mexican Guitar Players","isPartOf":{"@id":"https:\/\/www.mexicanguitarplayers.com\/#website"},"primaryImageOfPage":{"@id":"https:\/\/www.mexicanguitarplayers.com\/tienda\/teclas\/pianos\/stage-piano\/piano-casio-digital-px-3bk\/#primaryimage"},"image":{"@id":"https:\/\/www.mexicanguitarplayers.com\/tienda\/teclas\/pianos\/stage-piano\/piano-casio-digital-px-3bk\/#primaryimage"},"thumbnailUrl":"https:\/\/www.mexicanguitarplayers.com\/wp-content\/uploads\/2022\/08\/ITCASPX3BK.jpg","datePublished":"2022-08-18T13:25:24+00:00","dateModified":"2023-09-22T04:10:45+00:00","description":"PIANO CASIO DIGITAL PX-3BK. Stage piano digital, 88 teclas con acci\u00f3n de martillo en escala tri sensor, respuesta al tacto, 3 niveles de sensibilidad, fuente de sonidos AIF, polifon\u00eda m\u00e1xima: 128 notas, 250 tonos incorporados, estratificador\/divisi\u00f3n, 4 canciones incorporadas, bot\u00f3n de selecci\u00f3n de tono, registro: 64 ajustes (8 ajustes x 8 bancos), funci\u00f3n control maestro, funci\u00f3n mezclador, funci\u00f3n de edici\u00f3n de tonos (sintetizador), afinaci\u00f3n extendida, cambio de octava, bloqueo de panel, rueda de inflexi\u00f3n de tonos, 2 botones asignables, transposici\u00f3n de teclas, control de afinaci\u00f3n, acepta una unidad de 3 pedales (SP-32 no est\u00e1 incluido), LCD full-dot conluz de fondo, ranura para tarjeta de memoria SD, compatible con tarjetas de memoria SD, compatibilidad con GM: Nivel 1, 2 salidas de aud\u00edfonos (mini conector est\u00e1ndar de 3.5 mm), puerto USB, dimensiones: 1,322 x 286 x 135 mm, peso: 10.8 kg,accesorios incluidos: Pedal (SP-3), atril de partituras, libro de partituras, adaptador de corriente y protector contra el polvo.","breadcrumb":{"@id":"https:\/\/www.mexicanguitarplayers.com\/tienda\/teclas\/pianos\/stage-piano\/piano-casio-digital-px-3bk\/#breadcrumb"},"inLanguage":"en-US","potentialAction":[{"@type":"ReadAction","target":["https:\/\/www.mexicanguitarplayers.com\/tienda\/teclas\/pianos\/stage-piano\/piano-casio-digital-px-3bk\/"]}]},{"@type":"ImageObject","inLanguage":"en-US","@id":"https:\/\/www.mexicanguitarplayers.com\/tienda\/teclas\/pianos\/stage-piano\/piano-casio-digital-px-3bk\/#primaryimage","url":"https:\/\/www.mexicanguitarplayers.com\/wp-content\/uploads\/2022\/08\/ITCASPX3BK.jpg","contentUrl":"https:\/\/www.mexicanguitarplayers.com\/wp-content\/uploads\/2022\/08\/ITCASPX3BK.jpg","width":1600,"height":800},{"@type":"BreadcrumbList","@id":"https:\/\/www.mexicanguitarplayers.com\/tienda\/teclas\/pianos\/stage-piano\/piano-casio-digital-px-3bk\/#breadcrumb","itemListElement":[{"@type":"ListItem","position":1,"name":"Portada","item":"https:\/\/www.mexicanguitarplayers.com\/"},{"@type":"ListItem","position":2,"name":"Tienda","item":"https:\/\/www.mexicanguitarplayers.com\/tienda\/"},{"@type":"ListItem","position":3,"name":"PIANO CASIO DIGITAL PX-3BK"}]},{"@type":"WebSite","@id":"https:\/\/www.mexicanguitarplayers.com\/#website","url":"https:\/\/www.mexicanguitarplayers.com\/","name":"Mexican Guitar Players","description":"Website","publisher":{"@id":"https:\/\/www.mexicanguitarplayers.com\/#organization"},"potentialAction":[{"@type":"SearchAction","target":{"@type":"EntryPoint","urlTemplate":"https:\/\/www.mexicanguitarplayers.com\/?s={search_term_string}"},"query-input":{"@type":"PropertyValueSpecification","valueRequired":true,"valueName":"search_term_string"}}],"inLanguage":"en-US"},{"@type":"Organization","@id":"https:\/\/www.mexicanguitarplayers.com\/#organization","name":"Mexican Guitar Players","url":"https:\/\/www.mexicanguitarplayers.com\/","logo":{"@type":"ImageObject","inLanguage":"en-US","@id":"https:\/\/www.mexicanguitarplayers.com\/#\/schema\/logo\/image\/","url":"","contentUrl":"","caption":"Mexican Guitar Players"},"image":{"@id":"https:\/\/www.mexicanguitarplayers.com\/#\/schema\/logo\/image\/"}}]}},"brands":[{"id":274,"name":"CASIO","slug":"casio"}],"_links":{"self":[{"href":"https:\/\/www.mexicanguitarplayers.com\/en\/wp-json\/wp\/v2\/product\/12285","targetHints":{"allow":["GET"]}}],"collection":[{"href":"https:\/\/www.mexicanguitarplayers.com\/en\/wp-json\/wp\/v2\/product"}],"about":[{"href":"https:\/\/www.mexicanguitarplayers.com\/en\/wp-json\/wp\/v2\/types\/product"}],"replies":[{"embeddable":true,"href":"https:\/\/www.mexicanguitarplayers.com\/en\/wp-json\/wp\/v2\/comments?post=12285"}],"wp:featuredmedia":[{"embeddable":true,"href":"https:\/\/www.mexicanguitarplayers.com\/en\/wp-json\/wp\/v2\/media\/12282"}],"wp:attachment":[{"href":"https:\/\/www.mexicanguitarplayers.com\/en\/wp-json\/wp\/v2\/media?parent=12285"}],"wp:term":[{"taxonomy":"pwb-brand","embeddable":true,"href":"https:\/\/www.mexicanguitarplayers.com\/en\/wp-json\/wp\/v2\/pwb-brand?post=12285"},{"taxonomy":"product_brand","embeddable":true,"href":"https:\/\/www.mexicanguitarplayers.com\/en\/wp-json\/wp\/v2\/product_brand?post=12285"},{"taxonomy":"product_cat","embeddable":true,"href":"https:\/\/www.mexicanguitarplayers.com\/en\/wp-json\/wp\/v2\/product_cat?post=12285"},{"taxonomy":"product_tag","embeddable":true,"href":"https:\/\/www.mexicanguitarplayers.com\/en\/wp-json\/wp\/v2\/product_tag?post=12285"}],"curies":[{"name":"wp","href":"https:\/\/api.w.org\/{rel}","templated":true}]}}