{"id":12298,"date":"2022-08-18T08:25:44","date_gmt":"2022-08-18T13:25:44","guid":{"rendered":"https:\/\/www.mexicanguitarplayers.com\/tienda\/sin%20categor\u00eda\/piano-casio-digital-px-780mbk\/"},"modified":"2025-03-26T23:40:31","modified_gmt":"2025-03-27T05:40:31","slug":"piano-casio-digital-px-780mbk","status":"publish","type":"product","link":"https:\/\/www.mexicanguitarplayers.com\/en\/tienda\/teclas\/pianos\/pianos-digitales\/piano-casio-digital-px-780mbk\/","title":{"rendered":"CASIO DIGITAL PIANO PX-780MBK"},"content":{"rendered":"<div style=\"text-align: justify\">\n<div>\n<h3>CASIO DIGITAL PIANO PX-780MBK<\/h3>\n<\/div>\n<div>88-Key Digital Piano with Tri-Sensor II Scaled Hammer Action, Imitation Ebony and Ivory Keys, Touch Response, 3 Sensitivity Levels, Multi-Dimensional Morphing AiR Sound Source, Maximum Polyphony: 128 Notes, 250 Built-in Tones, Layer\/Split, Digital Effects, Auto Accompaniment, 60 Built-in Songs, Lesson Function, Metronome, MIDI Recorder: 17 Tracks (System Track + 16 Tracks) x 5 Songs, Audio Recorder: 44.1 kHz WAV format \/ approx. 25 minutes per song, Key Select button, Rhythm Editor, Registrations: 96 settings (4 areas \u00d7 24 banks), One Button Preset: 180 settings, Auto Harmonize: 12 types, Extended Tuning, Octave Shift, Duet Function , Panel Lock, Pitch Bend Wheel, Key Transpose, Tune Control, GM Level 1 Compatibility, 2 x 12 x 2.5 cm Speakers, Amp Output: 20W+20W, 2 Headphone Outputs (stereo jack is available) ndar), dimensions: 1,357 x 299 x 833 mm, weight: 31.5 kg, dark wood tone case finish, included accessories: power adapter, music stand, sheet music book and 3 pedals.<\/div>\n<\/div>","protected":false},"excerpt":{"rendered":"<p>Piano digital de 88 teclas con acci\u00f3n de martillo en escala tri-sensor II, teclas en imitaci\u00f3n de \u00e9bano y marfil, respuesta al tacto, 3 niveles de sensibilidad,fuente de sonidos Morphing AiR multidimensional, polifon\u00eda m\u00e1xima: 128 notas, 250 tonos incorporados, estratificador\/divisi\u00f3n, efectos digitales, acompa\u00f1amiento autom\u00e1tico, 60 canciones incorporadas, funci\u00f3n de lecciones, metr\u00f3nomo, grabador MIDI: 17 pistas (Pista del sistema + 16 pistas) x 5 canciones, grabador de audio: 44,1 kHz formato WAV \/ aproximadamente hasta 25 minutos por canci\u00f3n, bot\u00f3nde selecci\u00f3n de tono, editor de ritmos, registros: 96 ajustes (4 \u00e1reas \u00d7 24 bancos), pre ajuste con un bot\u00f3n: 180 ajustes, armonizaci\u00f3n autom\u00e1tica: 12 tipos, afinaci\u00f3n extendida, cambio de octava, funci\u00f3n dueto, bloqueo del panel, rueda deinflexi\u00f3n de tonos, transposici\u00f3n de teclas, control de afinaci\u00f3n, compatibilidad con GM Nivel 1, 2 altavoces de 12 x 2.5 cm, salida de amplificador: 20W+20W, 2salidas de aud\u00edfonos (conector est\u00e9reo est\u00e1ndar), dimensiones: 1,357 x 299 x 833 mm, peso: 31.5 kg, acabado de la carcas en tonalidad de madera oscura, accesorios incluidos: adaptador de corriente, atril de partituras, libro de partiturasy 3 pedales.&hellip; <a class=\"kt-excerpt-readmore more-link\" href=\"https:\/\/www.mexicanguitarplayers.com\/en\/tienda\/teclas\/pianos\/pianos-digitales\/piano-casio-digital-px-780mbk\/\">Read more<\/a><\/p>","protected":false},"featured_media":12295,"comment_status":"open","ping_status":"closed","template":"","meta":{"kt_blocks_editor_width":""},"pwb-brand":[274],"product_brand":[],"product_cat":[377,378,376],"product_tag":[],"class_list":{"0":"post-12298","1":"product","2":"type-product","3":"status-publish","4":"has-post-thumbnail","6":"pwb-brand-casio","7":"product_cat-pianos","8":"product_cat-pianos-digitales","9":"product_cat-teclas","10":"product_shipping_class-25-30-kg","12":"first","13":"outofstock","14":"taxable","15":"shipping-taxable","16":"purchasable","17":"product-type-simple"},"yoast_head":"<!-- This site is optimized with the Yoast SEO plugin v27.3 - https:\/\/yoast.com\/product\/yoast-seo-wordpress\/ -->\n<title>PIANO CASIO DIGITAL PX-780MBK - Mexican Guitar Players<\/title>\n<meta name=\"description\" content=\"PIANO CASIO DIGITAL PX-780MBK. Piano digital de 88 teclas con acci\u00f3n de martillo en escala tri-sensor II, teclas en imitaci\u00f3n de \u00e9bano y marfil, respuesta al tacto, 3 niveles de sensibilidad,fuente de sonidos Morphing AiR multidimensional, polifon\u00eda m\u00e1xima: 128 notas, 250 tonos incorporados, estratificador\/divisi\u00f3n, efectos digitales, acompa\u00f1amiento autom\u00e1tico, 60 canciones incorporadas, funci\u00f3n de lecciones, metr\u00f3nomo, grabador MIDI: 17 pistas (Pista del sistema + 16 pistas) x 5 canciones, grabador de audio: 44,1 kHz formato WAV \/ aproximadamente hasta 25 minutos por canci\u00f3n, bot\u00f3nde selecci\u00f3n de tono, editor de ritmos, registros: 96 ajustes (4 \u00e1reas \u00d7 24 bancos), pre ajuste con un bot\u00f3n: 180 ajustes, armonizaci\u00f3n autom\u00e1tica: 12 tipos, afinaci\u00f3n extendida, cambio de octava, funci\u00f3n dueto, bloqueo del panel, rueda deinflexi\u00f3n de tonos, transposici\u00f3n de teclas, control de afinaci\u00f3n, compatibilidad con GM Nivel 1, 2 altavoces de 12 x 2.5 cm, salida de amplificador: 20W+20W, 2salidas de aud\u00edfonos (conector est\u00e9reo est\u00e1ndar), dimensiones: 1,357 x 299 x 833 mm, peso: 31.5 kg, acabado de la carcas en tonalidad de madera oscura, accesorios incluidos: adaptador de corriente, atril de partituras, libro de partiturasy 3 pedales.\" \/>\n<meta name=\"robots\" content=\"index, follow, max-snippet:-1, max-image-preview:large, max-video-preview:-1\" \/>\n<link rel=\"canonical\" href=\"https:\/\/www.mexicanguitarplayers.com\/en\/tienda\/teclas\/pianos\/pianos-digitales\/piano-casio-digital-px-780mbk\/\" \/>\n<meta property=\"og:locale\" content=\"en_US\" \/>\n<meta property=\"og:type\" content=\"article\" \/>\n<meta property=\"og:title\" content=\"PIANO CASIO DIGITAL PX-780MBK - Mexican Guitar Players\" \/>\n<meta property=\"og:description\" content=\"PIANO CASIO DIGITAL PX-780MBK. Piano digital de 88 teclas con acci\u00f3n de martillo en escala tri-sensor II, teclas en imitaci\u00f3n de \u00e9bano y marfil, respuesta al tacto, 3 niveles de sensibilidad,fuente de sonidos Morphing AiR multidimensional, polifon\u00eda m\u00e1xima: 128 notas, 250 tonos incorporados, estratificador\/divisi\u00f3n, efectos digitales, acompa\u00f1amiento autom\u00e1tico, 60 canciones incorporadas, funci\u00f3n de lecciones, metr\u00f3nomo, grabador MIDI: 17 pistas (Pista del sistema + 16 pistas) x 5 canciones, grabador de audio: 44,1 kHz formato WAV \/ aproximadamente hasta 25 minutos por canci\u00f3n, bot\u00f3nde selecci\u00f3n de tono, editor de ritmos, registros: 96 ajustes (4 \u00e1reas \u00d7 24 bancos), pre ajuste con un bot\u00f3n: 180 ajustes, armonizaci\u00f3n autom\u00e1tica: 12 tipos, afinaci\u00f3n extendida, cambio de octava, funci\u00f3n dueto, bloqueo del panel, rueda deinflexi\u00f3n de tonos, transposici\u00f3n de teclas, control de afinaci\u00f3n, compatibilidad con GM Nivel 1, 2 altavoces de 12 x 2.5 cm, salida de amplificador: 20W+20W, 2salidas de aud\u00edfonos (conector est\u00e9reo est\u00e1ndar), dimensiones: 1,357 x 299 x 833 mm, peso: 31.5 kg, acabado de la carcas en tonalidad de madera oscura, accesorios incluidos: adaptador de corriente, atril de partituras, libro de partiturasy 3 pedales.\" \/>\n<meta property=\"og:url\" content=\"https:\/\/www.mexicanguitarplayers.com\/en\/tienda\/teclas\/pianos\/pianos-digitales\/piano-casio-digital-px-780mbk\/\" \/>\n<meta property=\"og:site_name\" content=\"Mexican Guitar Players\" \/>\n<meta property=\"article:modified_time\" content=\"2025-03-27T05:40:31+00:00\" \/>\n<meta property=\"og:image\" content=\"https:\/\/www.mexicanguitarplayers.com\/wp-content\/uploads\/2022\/08\/ITCASPX780MBK.jpg\" \/>\n\t<meta property=\"og:image:width\" content=\"1200\" \/>\n\t<meta property=\"og:image:height\" content=\"1200\" \/>\n\t<meta property=\"og:image:type\" content=\"image\/jpeg\" \/>\n<meta name=\"twitter:card\" content=\"summary_large_image\" \/>\n<meta name=\"twitter:label1\" content=\"Est. reading time\" \/>\n\t<meta name=\"twitter:data1\" content=\"1 minute\" \/>\n<script type=\"application\/ld+json\" class=\"yoast-schema-graph\">{\"@context\":\"https:\\\/\\\/schema.org\",\"@graph\":[{\"@type\":[\"WebPage\",\"ItemPage\"],\"@id\":\"https:\\\/\\\/www.mexicanguitarplayers.com\\\/tienda\\\/teclas\\\/pianos\\\/pianos-digitales\\\/piano-casio-digital-px-780mbk\\\/\",\"url\":\"https:\\\/\\\/www.mexicanguitarplayers.com\\\/tienda\\\/teclas\\\/pianos\\\/pianos-digitales\\\/piano-casio-digital-px-780mbk\\\/\",\"name\":\"PIANO CASIO DIGITAL PX-780MBK - Mexican Guitar Players\",\"isPartOf\":{\"@id\":\"https:\\\/\\\/www.mexicanguitarplayers.com\\\/#website\"},\"primaryImageOfPage\":{\"@id\":\"https:\\\/\\\/www.mexicanguitarplayers.com\\\/tienda\\\/teclas\\\/pianos\\\/pianos-digitales\\\/piano-casio-digital-px-780mbk\\\/#primaryimage\"},\"image\":{\"@id\":\"https:\\\/\\\/www.mexicanguitarplayers.com\\\/tienda\\\/teclas\\\/pianos\\\/pianos-digitales\\\/piano-casio-digital-px-780mbk\\\/#primaryimage\"},\"thumbnailUrl\":\"https:\\\/\\\/www.mexicanguitarplayers.com\\\/wp-content\\\/uploads\\\/2022\\\/08\\\/ITCASPX780MBK.jpg\",\"datePublished\":\"2022-08-18T13:25:44+00:00\",\"dateModified\":\"2025-03-27T05:40:31+00:00\",\"description\":\"PIANO CASIO DIGITAL PX-780MBK. Piano digital de 88 teclas con acci\u00f3n de martillo en escala tri-sensor II, teclas en imitaci\u00f3n de \u00e9bano y marfil, respuesta al tacto, 3 niveles de sensibilidad,fuente de sonidos Morphing AiR multidimensional, polifon\u00eda m\u00e1xima: 128 notas, 250 tonos incorporados, estratificador\\\/divisi\u00f3n, efectos digitales, acompa\u00f1amiento autom\u00e1tico, 60 canciones incorporadas, funci\u00f3n de lecciones, metr\u00f3nomo, grabador MIDI: 17 pistas (Pista del sistema + 16 pistas) x 5 canciones, grabador de audio: 44,1 kHz formato WAV \\\/ aproximadamente hasta 25 minutos por canci\u00f3n, bot\u00f3nde selecci\u00f3n de tono, editor de ritmos, registros: 96 ajustes (4 \u00e1reas \u00d7 24 bancos), pre ajuste con un bot\u00f3n: 180 ajustes, armonizaci\u00f3n autom\u00e1tica: 12 tipos, afinaci\u00f3n extendida, cambio de octava, funci\u00f3n dueto, bloqueo del panel, rueda deinflexi\u00f3n de tonos, transposici\u00f3n de teclas, control de afinaci\u00f3n, compatibilidad con GM Nivel 1, 2 altavoces de 12 x 2.5 cm, salida de amplificador: 20W+20W, 2salidas de aud\u00edfonos (conector est\u00e9reo est\u00e1ndar), dimensiones: 1,357 x 299 x 833 mm, peso: 31.5 kg, acabado de la carcas en tonalidad de madera oscura, accesorios incluidos: adaptador de corriente, atril de partituras, libro de partiturasy 3 pedales.\",\"breadcrumb\":{\"@id\":\"https:\\\/\\\/www.mexicanguitarplayers.com\\\/tienda\\\/teclas\\\/pianos\\\/pianos-digitales\\\/piano-casio-digital-px-780mbk\\\/#breadcrumb\"},\"inLanguage\":\"en-US\",\"potentialAction\":[{\"@type\":\"ReadAction\",\"target\":[\"https:\\\/\\\/www.mexicanguitarplayers.com\\\/tienda\\\/teclas\\\/pianos\\\/pianos-digitales\\\/piano-casio-digital-px-780mbk\\\/\"]}]},{\"@type\":\"ImageObject\",\"inLanguage\":\"en-US\",\"@id\":\"https:\\\/\\\/www.mexicanguitarplayers.com\\\/tienda\\\/teclas\\\/pianos\\\/pianos-digitales\\\/piano-casio-digital-px-780mbk\\\/#primaryimage\",\"url\":\"https:\\\/\\\/www.mexicanguitarplayers.com\\\/wp-content\\\/uploads\\\/2022\\\/08\\\/ITCASPX780MBK.jpg\",\"contentUrl\":\"https:\\\/\\\/www.mexicanguitarplayers.com\\\/wp-content\\\/uploads\\\/2022\\\/08\\\/ITCASPX780MBK.jpg\",\"width\":1200,\"height\":1200},{\"@type\":\"BreadcrumbList\",\"@id\":\"https:\\\/\\\/www.mexicanguitarplayers.com\\\/tienda\\\/teclas\\\/pianos\\\/pianos-digitales\\\/piano-casio-digital-px-780mbk\\\/#breadcrumb\",\"itemListElement\":[{\"@type\":\"ListItem\",\"position\":1,\"name\":\"Portada\",\"item\":\"https:\\\/\\\/www.mexicanguitarplayers.com\\\/\"},{\"@type\":\"ListItem\",\"position\":2,\"name\":\"Tienda\",\"item\":\"https:\\\/\\\/www.mexicanguitarplayers.com\\\/tienda\\\/\"},{\"@type\":\"ListItem\",\"position\":3,\"name\":\"PIANO CASIO DIGITAL PX-780MBK\"}]},{\"@type\":\"WebSite\",\"@id\":\"https:\\\/\\\/www.mexicanguitarplayers.com\\\/#website\",\"url\":\"https:\\\/\\\/www.mexicanguitarplayers.com\\\/\",\"name\":\"Mexican Guitar Players\",\"description\":\"Website\",\"publisher\":{\"@id\":\"https:\\\/\\\/www.mexicanguitarplayers.com\\\/#organization\"},\"potentialAction\":[{\"@type\":\"SearchAction\",\"target\":{\"@type\":\"EntryPoint\",\"urlTemplate\":\"https:\\\/\\\/www.mexicanguitarplayers.com\\\/?s={search_term_string}\"},\"query-input\":{\"@type\":\"PropertyValueSpecification\",\"valueRequired\":true,\"valueName\":\"search_term_string\"}}],\"inLanguage\":\"en-US\"},{\"@type\":\"Organization\",\"@id\":\"https:\\\/\\\/www.mexicanguitarplayers.com\\\/#organization\",\"name\":\"Mexican Guitar Players\",\"url\":\"https:\\\/\\\/www.mexicanguitarplayers.com\\\/\",\"logo\":{\"@type\":\"ImageObject\",\"inLanguage\":\"en-US\",\"@id\":\"https:\\\/\\\/www.mexicanguitarplayers.com\\\/#\\\/schema\\\/logo\\\/image\\\/\",\"url\":\"\",\"contentUrl\":\"\",\"caption\":\"Mexican Guitar Players\"},\"image\":{\"@id\":\"https:\\\/\\\/www.mexicanguitarplayers.com\\\/#\\\/schema\\\/logo\\\/image\\\/\"}}]}<\/script>\n<!-- \/ Yoast SEO plugin. -->","yoast_head_json":{"title":"PIANO CASIO DIGITAL PX-780MBK - Mexican Guitar Players","description":"PIANO CASIO DIGITAL PX-780MBK. Piano digital de 88 teclas con acci\u00f3n de martillo en escala tri-sensor II, teclas en imitaci\u00f3n de \u00e9bano y marfil, respuesta al tacto, 3 niveles de sensibilidad,fuente de sonidos Morphing AiR multidimensional, polifon\u00eda m\u00e1xima: 128 notas, 250 tonos incorporados, estratificador\/divisi\u00f3n, efectos digitales, acompa\u00f1amiento autom\u00e1tico, 60 canciones incorporadas, funci\u00f3n de lecciones, metr\u00f3nomo, grabador MIDI: 17 pistas (Pista del sistema + 16 pistas) x 5 canciones, grabador de audio: 44,1 kHz formato WAV \/ aproximadamente hasta 25 minutos por canci\u00f3n, bot\u00f3nde selecci\u00f3n de tono, editor de ritmos, registros: 96 ajustes (4 \u00e1reas \u00d7 24 bancos), pre ajuste con un bot\u00f3n: 180 ajustes, armonizaci\u00f3n autom\u00e1tica: 12 tipos, afinaci\u00f3n extendida, cambio de octava, funci\u00f3n dueto, bloqueo del panel, rueda deinflexi\u00f3n de tonos, transposici\u00f3n de teclas, control de afinaci\u00f3n, compatibilidad con GM Nivel 1, 2 altavoces de 12 x 2.5 cm, salida de amplificador: 20W+20W, 2salidas de aud\u00edfonos (conector est\u00e9reo est\u00e1ndar), dimensiones: 1,357 x 299 x 833 mm, peso: 31.5 kg, acabado de la carcas en tonalidad de madera oscura, accesorios incluidos: adaptador de corriente, atril de partituras, libro de partiturasy 3 pedales.","robots":{"index":"index","follow":"follow","max-snippet":"max-snippet:-1","max-image-preview":"max-image-preview:large","max-video-preview":"max-video-preview:-1"},"canonical":"https:\/\/www.mexicanguitarplayers.com\/en\/tienda\/teclas\/pianos\/pianos-digitales\/piano-casio-digital-px-780mbk\/","og_locale":"en_US","og_type":"article","og_title":"PIANO CASIO DIGITAL PX-780MBK - Mexican Guitar Players","og_description":"PIANO CASIO DIGITAL PX-780MBK. Piano digital de 88 teclas con acci\u00f3n de martillo en escala tri-sensor II, teclas en imitaci\u00f3n de \u00e9bano y marfil, respuesta al tacto, 3 niveles de sensibilidad,fuente de sonidos Morphing AiR multidimensional, polifon\u00eda m\u00e1xima: 128 notas, 250 tonos incorporados, estratificador\/divisi\u00f3n, efectos digitales, acompa\u00f1amiento autom\u00e1tico, 60 canciones incorporadas, funci\u00f3n de lecciones, metr\u00f3nomo, grabador MIDI: 17 pistas (Pista del sistema + 16 pistas) x 5 canciones, grabador de audio: 44,1 kHz formato WAV \/ aproximadamente hasta 25 minutos por canci\u00f3n, bot\u00f3nde selecci\u00f3n de tono, editor de ritmos, registros: 96 ajustes (4 \u00e1reas \u00d7 24 bancos), pre ajuste con un bot\u00f3n: 180 ajustes, armonizaci\u00f3n autom\u00e1tica: 12 tipos, afinaci\u00f3n extendida, cambio de octava, funci\u00f3n dueto, bloqueo del panel, rueda deinflexi\u00f3n de tonos, transposici\u00f3n de teclas, control de afinaci\u00f3n, compatibilidad con GM Nivel 1, 2 altavoces de 12 x 2.5 cm, salida de amplificador: 20W+20W, 2salidas de aud\u00edfonos (conector est\u00e9reo est\u00e1ndar), dimensiones: 1,357 x 299 x 833 mm, peso: 31.5 kg, acabado de la carcas en tonalidad de madera oscura, accesorios incluidos: adaptador de corriente, atril de partituras, libro de partiturasy 3 pedales.","og_url":"https:\/\/www.mexicanguitarplayers.com\/en\/tienda\/teclas\/pianos\/pianos-digitales\/piano-casio-digital-px-780mbk\/","og_site_name":"Mexican Guitar Players","article_modified_time":"2025-03-27T05:40:31+00:00","og_image":[{"width":1200,"height":1200,"url":"https:\/\/www.mexicanguitarplayers.com\/wp-content\/uploads\/2022\/08\/ITCASPX780MBK.jpg","type":"image\/jpeg"}],"twitter_card":"summary_large_image","twitter_misc":{"Est. reading time":"1 minute"},"schema":{"@context":"https:\/\/schema.org","@graph":[{"@type":["WebPage","ItemPage"],"@id":"https:\/\/www.mexicanguitarplayers.com\/tienda\/teclas\/pianos\/pianos-digitales\/piano-casio-digital-px-780mbk\/","url":"https:\/\/www.mexicanguitarplayers.com\/tienda\/teclas\/pianos\/pianos-digitales\/piano-casio-digital-px-780mbk\/","name":"PIANO CASIO DIGITAL PX-780MBK - Mexican Guitar Players","isPartOf":{"@id":"https:\/\/www.mexicanguitarplayers.com\/#website"},"primaryImageOfPage":{"@id":"https:\/\/www.mexicanguitarplayers.com\/tienda\/teclas\/pianos\/pianos-digitales\/piano-casio-digital-px-780mbk\/#primaryimage"},"image":{"@id":"https:\/\/www.mexicanguitarplayers.com\/tienda\/teclas\/pianos\/pianos-digitales\/piano-casio-digital-px-780mbk\/#primaryimage"},"thumbnailUrl":"https:\/\/www.mexicanguitarplayers.com\/wp-content\/uploads\/2022\/08\/ITCASPX780MBK.jpg","datePublished":"2022-08-18T13:25:44+00:00","dateModified":"2025-03-27T05:40:31+00:00","description":"PIANO CASIO DIGITAL PX-780MBK. Piano digital de 88 teclas con acci\u00f3n de martillo en escala tri-sensor II, teclas en imitaci\u00f3n de \u00e9bano y marfil, respuesta al tacto, 3 niveles de sensibilidad,fuente de sonidos Morphing AiR multidimensional, polifon\u00eda m\u00e1xima: 128 notas, 250 tonos incorporados, estratificador\/divisi\u00f3n, efectos digitales, acompa\u00f1amiento autom\u00e1tico, 60 canciones incorporadas, funci\u00f3n de lecciones, metr\u00f3nomo, grabador MIDI: 17 pistas (Pista del sistema + 16 pistas) x 5 canciones, grabador de audio: 44,1 kHz formato WAV \/ aproximadamente hasta 25 minutos por canci\u00f3n, bot\u00f3nde selecci\u00f3n de tono, editor de ritmos, registros: 96 ajustes (4 \u00e1reas \u00d7 24 bancos), pre ajuste con un bot\u00f3n: 180 ajustes, armonizaci\u00f3n autom\u00e1tica: 12 tipos, afinaci\u00f3n extendida, cambio de octava, funci\u00f3n dueto, bloqueo del panel, rueda deinflexi\u00f3n de tonos, transposici\u00f3n de teclas, control de afinaci\u00f3n, compatibilidad con GM Nivel 1, 2 altavoces de 12 x 2.5 cm, salida de amplificador: 20W+20W, 2salidas de aud\u00edfonos (conector est\u00e9reo est\u00e1ndar), dimensiones: 1,357 x 299 x 833 mm, peso: 31.5 kg, acabado de la carcas en tonalidad de madera oscura, accesorios incluidos: adaptador de corriente, atril de partituras, libro de partiturasy 3 pedales.","breadcrumb":{"@id":"https:\/\/www.mexicanguitarplayers.com\/tienda\/teclas\/pianos\/pianos-digitales\/piano-casio-digital-px-780mbk\/#breadcrumb"},"inLanguage":"en-US","potentialAction":[{"@type":"ReadAction","target":["https:\/\/www.mexicanguitarplayers.com\/tienda\/teclas\/pianos\/pianos-digitales\/piano-casio-digital-px-780mbk\/"]}]},{"@type":"ImageObject","inLanguage":"en-US","@id":"https:\/\/www.mexicanguitarplayers.com\/tienda\/teclas\/pianos\/pianos-digitales\/piano-casio-digital-px-780mbk\/#primaryimage","url":"https:\/\/www.mexicanguitarplayers.com\/wp-content\/uploads\/2022\/08\/ITCASPX780MBK.jpg","contentUrl":"https:\/\/www.mexicanguitarplayers.com\/wp-content\/uploads\/2022\/08\/ITCASPX780MBK.jpg","width":1200,"height":1200},{"@type":"BreadcrumbList","@id":"https:\/\/www.mexicanguitarplayers.com\/tienda\/teclas\/pianos\/pianos-digitales\/piano-casio-digital-px-780mbk\/#breadcrumb","itemListElement":[{"@type":"ListItem","position":1,"name":"Portada","item":"https:\/\/www.mexicanguitarplayers.com\/"},{"@type":"ListItem","position":2,"name":"Tienda","item":"https:\/\/www.mexicanguitarplayers.com\/tienda\/"},{"@type":"ListItem","position":3,"name":"PIANO CASIO DIGITAL PX-780MBK"}]},{"@type":"WebSite","@id":"https:\/\/www.mexicanguitarplayers.com\/#website","url":"https:\/\/www.mexicanguitarplayers.com\/","name":"Mexican Guitar Players","description":"Website","publisher":{"@id":"https:\/\/www.mexicanguitarplayers.com\/#organization"},"potentialAction":[{"@type":"SearchAction","target":{"@type":"EntryPoint","urlTemplate":"https:\/\/www.mexicanguitarplayers.com\/?s={search_term_string}"},"query-input":{"@type":"PropertyValueSpecification","valueRequired":true,"valueName":"search_term_string"}}],"inLanguage":"en-US"},{"@type":"Organization","@id":"https:\/\/www.mexicanguitarplayers.com\/#organization","name":"Mexican Guitar Players","url":"https:\/\/www.mexicanguitarplayers.com\/","logo":{"@type":"ImageObject","inLanguage":"en-US","@id":"https:\/\/www.mexicanguitarplayers.com\/#\/schema\/logo\/image\/","url":"","contentUrl":"","caption":"Mexican Guitar Players"},"image":{"@id":"https:\/\/www.mexicanguitarplayers.com\/#\/schema\/logo\/image\/"}}]}},"brands":[{"id":274,"name":"CASIO","slug":"casio"}],"_links":{"self":[{"href":"https:\/\/www.mexicanguitarplayers.com\/en\/wp-json\/wp\/v2\/product\/12298","targetHints":{"allow":["GET"]}}],"collection":[{"href":"https:\/\/www.mexicanguitarplayers.com\/en\/wp-json\/wp\/v2\/product"}],"about":[{"href":"https:\/\/www.mexicanguitarplayers.com\/en\/wp-json\/wp\/v2\/types\/product"}],"replies":[{"embeddable":true,"href":"https:\/\/www.mexicanguitarplayers.com\/en\/wp-json\/wp\/v2\/comments?post=12298"}],"wp:featuredmedia":[{"embeddable":true,"href":"https:\/\/www.mexicanguitarplayers.com\/en\/wp-json\/wp\/v2\/media\/12295"}],"wp:attachment":[{"href":"https:\/\/www.mexicanguitarplayers.com\/en\/wp-json\/wp\/v2\/media?parent=12298"}],"wp:term":[{"taxonomy":"pwb-brand","embeddable":true,"href":"https:\/\/www.mexicanguitarplayers.com\/en\/wp-json\/wp\/v2\/pwb-brand?post=12298"},{"taxonomy":"product_brand","embeddable":true,"href":"https:\/\/www.mexicanguitarplayers.com\/en\/wp-json\/wp\/v2\/product_brand?post=12298"},{"taxonomy":"product_cat","embeddable":true,"href":"https:\/\/www.mexicanguitarplayers.com\/en\/wp-json\/wp\/v2\/product_cat?post=12298"},{"taxonomy":"product_tag","embeddable":true,"href":"https:\/\/www.mexicanguitarplayers.com\/en\/wp-json\/wp\/v2\/product_tag?post=12298"}],"curies":[{"name":"wp","href":"https:\/\/api.w.org\/{rel}","templated":true}]}}