{"id":12318,"date":"2022-08-18T08:26:03","date_gmt":"2022-08-18T13:26:03","guid":{"rendered":"https:\/\/www.mexicanguitarplayers.com\/tienda\/sin%20categor\u00eda\/teclado-casio-portatil-wk-225-c-eli\/"},"modified":"2025-03-26T23:40:17","modified_gmt":"2025-03-27T05:40:17","slug":"teclado-casio-portatil-wk-225-c-eli","status":"publish","type":"product","link":"https:\/\/www.mexicanguitarplayers.com\/en\/tienda\/teclas\/teclados\/workstation\/teclado-casio-portatil-wk-225-c-eli\/","title":{"rendered":"CASIO PORTABLE KEYBOARD WK-225 W\/ELI"},"content":{"rendered":"<div style=\"text-align: justify\">\n<div>\n<h3>CASIO PORTABLE KEYBOARD WK-225 W\/ELI<\/h3>\n<\/div>\n<div>76-key piano-like workstation keyboard, touch response, 2 sensitivity levels, AHL sound source, 48-note maximum polyphony, 600 built-in melodies, layer\/split, digital effects, 180 built-in rhythms, auto accompaniment, 152 Built-in Songs, Lesson Function, Step-by-Step Lesson, Performance Evaluation, Voice Fingering Guide, Metronome, Recorder: 6 Tracks x 5 Songs, Sampling Function, Rhythm Editor, Registration: 32 Sets (4 Sets x 8 Banks) ), Music Preset: 305 presets, One Button Preset: 180 presets, Auto Harmonize, Arpeggio Control, Octave Shift, Piano &amp; Organ Button, Chord List Function, Key Transpose, Tuning Control, LCD Display with backlight, GM compatibility: Level 1, USB port, 2 x 12 cm speakers, amp output: 2.5W + 2.5W, headphone output (standard stereo jack), dimensions: 1,161 x 385 x 134 mm, weight: 6.9 kg, included accessories: music stand, music book and power adapter.<\/div>\n<\/div>","protected":false},"excerpt":{"rendered":"<p>Teclado Workstation de 76 teclas similares a las de un piano, respuesta al tacto, 2 niveles de sensibilidad, fuente de sonidos AHL, polifon\u00eda m\u00e1xima: 48 notas,600 melod\u00edas incorporadas, estratificador\/divisi\u00f3n, efectos digitales, 180 ritmos incorporados, acompa\u00f1amiento autom\u00e1tico, 152 canciones incorporadas, funci\u00f3n de lecciones, lecci\u00f3n paso a paso, evaluaci\u00f3n de desempe\u00f1o, gu\u00eda de digitaci\u00f3n por voz, metr\u00f3nomo, grabador: 6 pistas x 5 canciones, funci\u00f3n de sampleado, editorde ritmos, registro: 32 ajustes (4 ajustes x 8 bancos), pre ajuste musical: 305pre ajustes, pre ajuste con un bot\u00f3n: 180 ajustes, armonizaci\u00f3n autom\u00e1tica, control de arpegio, cambio de octava, bot\u00f3n de piano y \u00f3rgano, funci\u00f3n de lista deacordes, transposici\u00f3n de teclas, control de afinaci\u00f3n, pantalla LCD con retroiluminaci\u00f3n, compatibilidad con GM: Nivel 1, puerto USB, 2 altavoces de 12 cm, salida de amplificador: 2.5W + 2.5W, salida de aud\u00edfonos (conector est\u00e9reo est\u00e1ndar), dimensiones: 1,161 x 385 x 134 mm, peso: 6.9 kg, accesorios incluidos: Atrilde partituras, libro de partituras y adaptador de corriente.&hellip; <a class=\"kt-excerpt-readmore more-link\" href=\"https:\/\/www.mexicanguitarplayers.com\/en\/tienda\/teclas\/teclados\/workstation\/teclado-casio-portatil-wk-225-c-eli\/\">Read more<\/a><\/p>","protected":false},"featured_media":12317,"comment_status":"open","ping_status":"closed","template":"","meta":{"kt_blocks_editor_width":""},"pwb-brand":[274],"product_brand":[],"product_cat":[380,376,385],"product_tag":[],"class_list":{"0":"post-12318","1":"product","2":"type-product","3":"status-publish","4":"has-post-thumbnail","6":"pwb-brand-casio","7":"product_cat-teclados","8":"product_cat-teclas","9":"product_cat-workstation","10":"product_shipping_class-25-30-kg","12":"first","13":"outofstock","14":"taxable","15":"shipping-taxable","16":"purchasable","17":"product-type-simple"},"yoast_head":"<!-- This site is optimized with the Yoast SEO plugin v27.3 - https:\/\/yoast.com\/product\/yoast-seo-wordpress\/ -->\n<title>TECLADO CASIO PORTATIL WK-225 C\/ELI - Mexican Guitar Players<\/title>\n<meta name=\"description\" content=\"TECLADO CASIO PORTATIL WK-225 C\/ELI. Teclado Workstation de 76 teclas similares a las de un piano, respuesta al tacto, 2 niveles de sensibilidad, fuente de sonidos AHL, polifon\u00eda m\u00e1xima: 48 notas,600 melod\u00edas incorporadas, estratificador\/divisi\u00f3n, efectos digitales, 180 ritmos incorporados, acompa\u00f1amiento autom\u00e1tico, 152 canciones incorporadas, funci\u00f3n de lecciones, lecci\u00f3n paso a paso, evaluaci\u00f3n de desempe\u00f1o, gu\u00eda de digitaci\u00f3n por voz, metr\u00f3nomo, grabador: 6 pistas x 5 canciones, funci\u00f3n de sampleado, editorde ritmos, registro: 32 ajustes (4 ajustes x 8 bancos), pre ajuste musical: 305pre ajustes, pre ajuste con un bot\u00f3n: 180 ajustes, armonizaci\u00f3n autom\u00e1tica, control de arpegio, cambio de octava, bot\u00f3n de piano y \u00f3rgano, funci\u00f3n de lista deacordes, transposici\u00f3n de teclas, control de afinaci\u00f3n, pantalla LCD con retroiluminaci\u00f3n, compatibilidad con GM: Nivel 1, puerto USB, 2 altavoces de 12 cm, salida de amplificador: 2.5W + 2.5W, salida de aud\u00edfonos (conector est\u00e9reo est\u00e1ndar), dimensiones: 1,161 x 385 x 134 mm, peso: 6.9 kg, accesorios incluidos: Atrilde partituras, libro de partituras y adaptador de corriente.\" \/>\n<meta name=\"robots\" content=\"index, follow, max-snippet:-1, max-image-preview:large, max-video-preview:-1\" \/>\n<link rel=\"canonical\" href=\"https:\/\/www.mexicanguitarplayers.com\/en\/tienda\/teclas\/teclados\/workstation\/teclado-casio-portatil-wk-225-c-eli\/\" \/>\n<meta property=\"og:locale\" content=\"en_US\" \/>\n<meta property=\"og:type\" content=\"article\" \/>\n<meta property=\"og:title\" content=\"TECLADO CASIO PORTATIL WK-225 C\/ELI - Mexican Guitar Players\" \/>\n<meta property=\"og:description\" content=\"TECLADO CASIO PORTATIL WK-225 C\/ELI. Teclado Workstation de 76 teclas similares a las de un piano, respuesta al tacto, 2 niveles de sensibilidad, fuente de sonidos AHL, polifon\u00eda m\u00e1xima: 48 notas,600 melod\u00edas incorporadas, estratificador\/divisi\u00f3n, efectos digitales, 180 ritmos incorporados, acompa\u00f1amiento autom\u00e1tico, 152 canciones incorporadas, funci\u00f3n de lecciones, lecci\u00f3n paso a paso, evaluaci\u00f3n de desempe\u00f1o, gu\u00eda de digitaci\u00f3n por voz, metr\u00f3nomo, grabador: 6 pistas x 5 canciones, funci\u00f3n de sampleado, editorde ritmos, registro: 32 ajustes (4 ajustes x 8 bancos), pre ajuste musical: 305pre ajustes, pre ajuste con un bot\u00f3n: 180 ajustes, armonizaci\u00f3n autom\u00e1tica, control de arpegio, cambio de octava, bot\u00f3n de piano y \u00f3rgano, funci\u00f3n de lista deacordes, transposici\u00f3n de teclas, control de afinaci\u00f3n, pantalla LCD con retroiluminaci\u00f3n, compatibilidad con GM: Nivel 1, puerto USB, 2 altavoces de 12 cm, salida de amplificador: 2.5W + 2.5W, salida de aud\u00edfonos (conector est\u00e9reo est\u00e1ndar), dimensiones: 1,161 x 385 x 134 mm, peso: 6.9 kg, accesorios incluidos: Atrilde partituras, libro de partituras y adaptador de corriente.\" \/>\n<meta property=\"og:url\" content=\"https:\/\/www.mexicanguitarplayers.com\/en\/tienda\/teclas\/teclados\/workstation\/teclado-casio-portatil-wk-225-c-eli\/\" \/>\n<meta property=\"og:site_name\" content=\"Mexican Guitar Players\" \/>\n<meta property=\"article:modified_time\" content=\"2025-03-27T05:40:17+00:00\" \/>\n<meta property=\"og:image\" content=\"https:\/\/www.mexicanguitarplayers.com\/wp-content\/uploads\/2022\/08\/ITCASWK225.jpg\" \/>\n\t<meta property=\"og:image:width\" content=\"1600\" \/>\n\t<meta property=\"og:image:height\" content=\"800\" \/>\n\t<meta property=\"og:image:type\" content=\"image\/jpeg\" \/>\n<meta name=\"twitter:card\" content=\"summary_large_image\" \/>\n<meta name=\"twitter:label1\" content=\"Est. reading time\" \/>\n\t<meta name=\"twitter:data1\" content=\"1 minute\" \/>\n<script type=\"application\/ld+json\" class=\"yoast-schema-graph\">{\"@context\":\"https:\\\/\\\/schema.org\",\"@graph\":[{\"@type\":[\"WebPage\",\"ItemPage\"],\"@id\":\"https:\\\/\\\/www.mexicanguitarplayers.com\\\/tienda\\\/teclas\\\/teclados\\\/workstation\\\/teclado-casio-portatil-wk-225-c-eli\\\/\",\"url\":\"https:\\\/\\\/www.mexicanguitarplayers.com\\\/tienda\\\/teclas\\\/teclados\\\/workstation\\\/teclado-casio-portatil-wk-225-c-eli\\\/\",\"name\":\"TECLADO CASIO PORTATIL WK-225 C\\\/ELI - Mexican Guitar Players\",\"isPartOf\":{\"@id\":\"https:\\\/\\\/www.mexicanguitarplayers.com\\\/#website\"},\"primaryImageOfPage\":{\"@id\":\"https:\\\/\\\/www.mexicanguitarplayers.com\\\/tienda\\\/teclas\\\/teclados\\\/workstation\\\/teclado-casio-portatil-wk-225-c-eli\\\/#primaryimage\"},\"image\":{\"@id\":\"https:\\\/\\\/www.mexicanguitarplayers.com\\\/tienda\\\/teclas\\\/teclados\\\/workstation\\\/teclado-casio-portatil-wk-225-c-eli\\\/#primaryimage\"},\"thumbnailUrl\":\"https:\\\/\\\/www.mexicanguitarplayers.com\\\/wp-content\\\/uploads\\\/2022\\\/08\\\/ITCASWK225.jpg\",\"datePublished\":\"2022-08-18T13:26:03+00:00\",\"dateModified\":\"2025-03-27T05:40:17+00:00\",\"description\":\"TECLADO CASIO PORTATIL WK-225 C\\\/ELI. Teclado Workstation de 76 teclas similares a las de un piano, respuesta al tacto, 2 niveles de sensibilidad, fuente de sonidos AHL, polifon\u00eda m\u00e1xima: 48 notas,600 melod\u00edas incorporadas, estratificador\\\/divisi\u00f3n, efectos digitales, 180 ritmos incorporados, acompa\u00f1amiento autom\u00e1tico, 152 canciones incorporadas, funci\u00f3n de lecciones, lecci\u00f3n paso a paso, evaluaci\u00f3n de desempe\u00f1o, gu\u00eda de digitaci\u00f3n por voz, metr\u00f3nomo, grabador: 6 pistas x 5 canciones, funci\u00f3n de sampleado, editorde ritmos, registro: 32 ajustes (4 ajustes x 8 bancos), pre ajuste musical: 305pre ajustes, pre ajuste con un bot\u00f3n: 180 ajustes, armonizaci\u00f3n autom\u00e1tica, control de arpegio, cambio de octava, bot\u00f3n de piano y \u00f3rgano, funci\u00f3n de lista deacordes, transposici\u00f3n de teclas, control de afinaci\u00f3n, pantalla LCD con retroiluminaci\u00f3n, compatibilidad con GM: Nivel 1, puerto USB, 2 altavoces de 12 cm, salida de amplificador: 2.5W + 2.5W, salida de aud\u00edfonos (conector est\u00e9reo est\u00e1ndar), dimensiones: 1,161 x 385 x 134 mm, peso: 6.9 kg, accesorios incluidos: Atrilde partituras, libro de partituras y adaptador de corriente.\",\"breadcrumb\":{\"@id\":\"https:\\\/\\\/www.mexicanguitarplayers.com\\\/tienda\\\/teclas\\\/teclados\\\/workstation\\\/teclado-casio-portatil-wk-225-c-eli\\\/#breadcrumb\"},\"inLanguage\":\"en-US\",\"potentialAction\":[{\"@type\":\"ReadAction\",\"target\":[\"https:\\\/\\\/www.mexicanguitarplayers.com\\\/tienda\\\/teclas\\\/teclados\\\/workstation\\\/teclado-casio-portatil-wk-225-c-eli\\\/\"]}]},{\"@type\":\"ImageObject\",\"inLanguage\":\"en-US\",\"@id\":\"https:\\\/\\\/www.mexicanguitarplayers.com\\\/tienda\\\/teclas\\\/teclados\\\/workstation\\\/teclado-casio-portatil-wk-225-c-eli\\\/#primaryimage\",\"url\":\"https:\\\/\\\/www.mexicanguitarplayers.com\\\/wp-content\\\/uploads\\\/2022\\\/08\\\/ITCASWK225.jpg\",\"contentUrl\":\"https:\\\/\\\/www.mexicanguitarplayers.com\\\/wp-content\\\/uploads\\\/2022\\\/08\\\/ITCASWK225.jpg\",\"width\":1600,\"height\":800},{\"@type\":\"BreadcrumbList\",\"@id\":\"https:\\\/\\\/www.mexicanguitarplayers.com\\\/tienda\\\/teclas\\\/teclados\\\/workstation\\\/teclado-casio-portatil-wk-225-c-eli\\\/#breadcrumb\",\"itemListElement\":[{\"@type\":\"ListItem\",\"position\":1,\"name\":\"Portada\",\"item\":\"https:\\\/\\\/www.mexicanguitarplayers.com\\\/\"},{\"@type\":\"ListItem\",\"position\":2,\"name\":\"Tienda\",\"item\":\"https:\\\/\\\/www.mexicanguitarplayers.com\\\/tienda\\\/\"},{\"@type\":\"ListItem\",\"position\":3,\"name\":\"TECLADO CASIO PORTATIL WK-225 C\\\/ELI\"}]},{\"@type\":\"WebSite\",\"@id\":\"https:\\\/\\\/www.mexicanguitarplayers.com\\\/#website\",\"url\":\"https:\\\/\\\/www.mexicanguitarplayers.com\\\/\",\"name\":\"Mexican Guitar Players\",\"description\":\"Website\",\"publisher\":{\"@id\":\"https:\\\/\\\/www.mexicanguitarplayers.com\\\/#organization\"},\"potentialAction\":[{\"@type\":\"SearchAction\",\"target\":{\"@type\":\"EntryPoint\",\"urlTemplate\":\"https:\\\/\\\/www.mexicanguitarplayers.com\\\/?s={search_term_string}\"},\"query-input\":{\"@type\":\"PropertyValueSpecification\",\"valueRequired\":true,\"valueName\":\"search_term_string\"}}],\"inLanguage\":\"en-US\"},{\"@type\":\"Organization\",\"@id\":\"https:\\\/\\\/www.mexicanguitarplayers.com\\\/#organization\",\"name\":\"Mexican Guitar Players\",\"url\":\"https:\\\/\\\/www.mexicanguitarplayers.com\\\/\",\"logo\":{\"@type\":\"ImageObject\",\"inLanguage\":\"en-US\",\"@id\":\"https:\\\/\\\/www.mexicanguitarplayers.com\\\/#\\\/schema\\\/logo\\\/image\\\/\",\"url\":\"\",\"contentUrl\":\"\",\"caption\":\"Mexican Guitar Players\"},\"image\":{\"@id\":\"https:\\\/\\\/www.mexicanguitarplayers.com\\\/#\\\/schema\\\/logo\\\/image\\\/\"}}]}<\/script>\n<!-- \/ Yoast SEO plugin. -->","yoast_head_json":{"title":"TECLADO CASIO PORTATIL WK-225 C\/ELI - Mexican Guitar Players","description":"TECLADO CASIO PORTATIL WK-225 C\/ELI. Teclado Workstation de 76 teclas similares a las de un piano, respuesta al tacto, 2 niveles de sensibilidad, fuente de sonidos AHL, polifon\u00eda m\u00e1xima: 48 notas,600 melod\u00edas incorporadas, estratificador\/divisi\u00f3n, efectos digitales, 180 ritmos incorporados, acompa\u00f1amiento autom\u00e1tico, 152 canciones incorporadas, funci\u00f3n de lecciones, lecci\u00f3n paso a paso, evaluaci\u00f3n de desempe\u00f1o, gu\u00eda de digitaci\u00f3n por voz, metr\u00f3nomo, grabador: 6 pistas x 5 canciones, funci\u00f3n de sampleado, editorde ritmos, registro: 32 ajustes (4 ajustes x 8 bancos), pre ajuste musical: 305pre ajustes, pre ajuste con un bot\u00f3n: 180 ajustes, armonizaci\u00f3n autom\u00e1tica, control de arpegio, cambio de octava, bot\u00f3n de piano y \u00f3rgano, funci\u00f3n de lista deacordes, transposici\u00f3n de teclas, control de afinaci\u00f3n, pantalla LCD con retroiluminaci\u00f3n, compatibilidad con GM: Nivel 1, puerto USB, 2 altavoces de 12 cm, salida de amplificador: 2.5W + 2.5W, salida de aud\u00edfonos (conector est\u00e9reo est\u00e1ndar), dimensiones: 1,161 x 385 x 134 mm, peso: 6.9 kg, accesorios incluidos: Atrilde partituras, libro de partituras y adaptador de corriente.","robots":{"index":"index","follow":"follow","max-snippet":"max-snippet:-1","max-image-preview":"max-image-preview:large","max-video-preview":"max-video-preview:-1"},"canonical":"https:\/\/www.mexicanguitarplayers.com\/en\/tienda\/teclas\/teclados\/workstation\/teclado-casio-portatil-wk-225-c-eli\/","og_locale":"en_US","og_type":"article","og_title":"TECLADO CASIO PORTATIL WK-225 C\/ELI - Mexican Guitar Players","og_description":"TECLADO CASIO PORTATIL WK-225 C\/ELI. Teclado Workstation de 76 teclas similares a las de un piano, respuesta al tacto, 2 niveles de sensibilidad, fuente de sonidos AHL, polifon\u00eda m\u00e1xima: 48 notas,600 melod\u00edas incorporadas, estratificador\/divisi\u00f3n, efectos digitales, 180 ritmos incorporados, acompa\u00f1amiento autom\u00e1tico, 152 canciones incorporadas, funci\u00f3n de lecciones, lecci\u00f3n paso a paso, evaluaci\u00f3n de desempe\u00f1o, gu\u00eda de digitaci\u00f3n por voz, metr\u00f3nomo, grabador: 6 pistas x 5 canciones, funci\u00f3n de sampleado, editorde ritmos, registro: 32 ajustes (4 ajustes x 8 bancos), pre ajuste musical: 305pre ajustes, pre ajuste con un bot\u00f3n: 180 ajustes, armonizaci\u00f3n autom\u00e1tica, control de arpegio, cambio de octava, bot\u00f3n de piano y \u00f3rgano, funci\u00f3n de lista deacordes, transposici\u00f3n de teclas, control de afinaci\u00f3n, pantalla LCD con retroiluminaci\u00f3n, compatibilidad con GM: Nivel 1, puerto USB, 2 altavoces de 12 cm, salida de amplificador: 2.5W + 2.5W, salida de aud\u00edfonos (conector est\u00e9reo est\u00e1ndar), dimensiones: 1,161 x 385 x 134 mm, peso: 6.9 kg, accesorios incluidos: Atrilde partituras, libro de partituras y adaptador de corriente.","og_url":"https:\/\/www.mexicanguitarplayers.com\/en\/tienda\/teclas\/teclados\/workstation\/teclado-casio-portatil-wk-225-c-eli\/","og_site_name":"Mexican Guitar Players","article_modified_time":"2025-03-27T05:40:17+00:00","og_image":[{"width":1600,"height":800,"url":"https:\/\/www.mexicanguitarplayers.com\/wp-content\/uploads\/2022\/08\/ITCASWK225.jpg","type":"image\/jpeg"}],"twitter_card":"summary_large_image","twitter_misc":{"Est. reading time":"1 minute"},"schema":{"@context":"https:\/\/schema.org","@graph":[{"@type":["WebPage","ItemPage"],"@id":"https:\/\/www.mexicanguitarplayers.com\/tienda\/teclas\/teclados\/workstation\/teclado-casio-portatil-wk-225-c-eli\/","url":"https:\/\/www.mexicanguitarplayers.com\/tienda\/teclas\/teclados\/workstation\/teclado-casio-portatil-wk-225-c-eli\/","name":"TECLADO CASIO PORTATIL WK-225 C\/ELI - Mexican Guitar Players","isPartOf":{"@id":"https:\/\/www.mexicanguitarplayers.com\/#website"},"primaryImageOfPage":{"@id":"https:\/\/www.mexicanguitarplayers.com\/tienda\/teclas\/teclados\/workstation\/teclado-casio-portatil-wk-225-c-eli\/#primaryimage"},"image":{"@id":"https:\/\/www.mexicanguitarplayers.com\/tienda\/teclas\/teclados\/workstation\/teclado-casio-portatil-wk-225-c-eli\/#primaryimage"},"thumbnailUrl":"https:\/\/www.mexicanguitarplayers.com\/wp-content\/uploads\/2022\/08\/ITCASWK225.jpg","datePublished":"2022-08-18T13:26:03+00:00","dateModified":"2025-03-27T05:40:17+00:00","description":"TECLADO CASIO PORTATIL WK-225 C\/ELI. Teclado Workstation de 76 teclas similares a las de un piano, respuesta al tacto, 2 niveles de sensibilidad, fuente de sonidos AHL, polifon\u00eda m\u00e1xima: 48 notas,600 melod\u00edas incorporadas, estratificador\/divisi\u00f3n, efectos digitales, 180 ritmos incorporados, acompa\u00f1amiento autom\u00e1tico, 152 canciones incorporadas, funci\u00f3n de lecciones, lecci\u00f3n paso a paso, evaluaci\u00f3n de desempe\u00f1o, gu\u00eda de digitaci\u00f3n por voz, metr\u00f3nomo, grabador: 6 pistas x 5 canciones, funci\u00f3n de sampleado, editorde ritmos, registro: 32 ajustes (4 ajustes x 8 bancos), pre ajuste musical: 305pre ajustes, pre ajuste con un bot\u00f3n: 180 ajustes, armonizaci\u00f3n autom\u00e1tica, control de arpegio, cambio de octava, bot\u00f3n de piano y \u00f3rgano, funci\u00f3n de lista deacordes, transposici\u00f3n de teclas, control de afinaci\u00f3n, pantalla LCD con retroiluminaci\u00f3n, compatibilidad con GM: Nivel 1, puerto USB, 2 altavoces de 12 cm, salida de amplificador: 2.5W + 2.5W, salida de aud\u00edfonos (conector est\u00e9reo est\u00e1ndar), dimensiones: 1,161 x 385 x 134 mm, peso: 6.9 kg, accesorios incluidos: Atrilde partituras, libro de partituras y adaptador de corriente.","breadcrumb":{"@id":"https:\/\/www.mexicanguitarplayers.com\/tienda\/teclas\/teclados\/workstation\/teclado-casio-portatil-wk-225-c-eli\/#breadcrumb"},"inLanguage":"en-US","potentialAction":[{"@type":"ReadAction","target":["https:\/\/www.mexicanguitarplayers.com\/tienda\/teclas\/teclados\/workstation\/teclado-casio-portatil-wk-225-c-eli\/"]}]},{"@type":"ImageObject","inLanguage":"en-US","@id":"https:\/\/www.mexicanguitarplayers.com\/tienda\/teclas\/teclados\/workstation\/teclado-casio-portatil-wk-225-c-eli\/#primaryimage","url":"https:\/\/www.mexicanguitarplayers.com\/wp-content\/uploads\/2022\/08\/ITCASWK225.jpg","contentUrl":"https:\/\/www.mexicanguitarplayers.com\/wp-content\/uploads\/2022\/08\/ITCASWK225.jpg","width":1600,"height":800},{"@type":"BreadcrumbList","@id":"https:\/\/www.mexicanguitarplayers.com\/tienda\/teclas\/teclados\/workstation\/teclado-casio-portatil-wk-225-c-eli\/#breadcrumb","itemListElement":[{"@type":"ListItem","position":1,"name":"Portada","item":"https:\/\/www.mexicanguitarplayers.com\/"},{"@type":"ListItem","position":2,"name":"Tienda","item":"https:\/\/www.mexicanguitarplayers.com\/tienda\/"},{"@type":"ListItem","position":3,"name":"TECLADO CASIO PORTATIL WK-225 C\/ELI"}]},{"@type":"WebSite","@id":"https:\/\/www.mexicanguitarplayers.com\/#website","url":"https:\/\/www.mexicanguitarplayers.com\/","name":"Mexican Guitar Players","description":"Website","publisher":{"@id":"https:\/\/www.mexicanguitarplayers.com\/#organization"},"potentialAction":[{"@type":"SearchAction","target":{"@type":"EntryPoint","urlTemplate":"https:\/\/www.mexicanguitarplayers.com\/?s={search_term_string}"},"query-input":{"@type":"PropertyValueSpecification","valueRequired":true,"valueName":"search_term_string"}}],"inLanguage":"en-US"},{"@type":"Organization","@id":"https:\/\/www.mexicanguitarplayers.com\/#organization","name":"Mexican Guitar Players","url":"https:\/\/www.mexicanguitarplayers.com\/","logo":{"@type":"ImageObject","inLanguage":"en-US","@id":"https:\/\/www.mexicanguitarplayers.com\/#\/schema\/logo\/image\/","url":"","contentUrl":"","caption":"Mexican Guitar Players"},"image":{"@id":"https:\/\/www.mexicanguitarplayers.com\/#\/schema\/logo\/image\/"}}]}},"brands":[{"id":274,"name":"CASIO","slug":"casio"}],"_links":{"self":[{"href":"https:\/\/www.mexicanguitarplayers.com\/en\/wp-json\/wp\/v2\/product\/12318","targetHints":{"allow":["GET"]}}],"collection":[{"href":"https:\/\/www.mexicanguitarplayers.com\/en\/wp-json\/wp\/v2\/product"}],"about":[{"href":"https:\/\/www.mexicanguitarplayers.com\/en\/wp-json\/wp\/v2\/types\/product"}],"replies":[{"embeddable":true,"href":"https:\/\/www.mexicanguitarplayers.com\/en\/wp-json\/wp\/v2\/comments?post=12318"}],"wp:featuredmedia":[{"embeddable":true,"href":"https:\/\/www.mexicanguitarplayers.com\/en\/wp-json\/wp\/v2\/media\/12317"}],"wp:attachment":[{"href":"https:\/\/www.mexicanguitarplayers.com\/en\/wp-json\/wp\/v2\/media?parent=12318"}],"wp:term":[{"taxonomy":"pwb-brand","embeddable":true,"href":"https:\/\/www.mexicanguitarplayers.com\/en\/wp-json\/wp\/v2\/pwb-brand?post=12318"},{"taxonomy":"product_brand","embeddable":true,"href":"https:\/\/www.mexicanguitarplayers.com\/en\/wp-json\/wp\/v2\/product_brand?post=12318"},{"taxonomy":"product_cat","embeddable":true,"href":"https:\/\/www.mexicanguitarplayers.com\/en\/wp-json\/wp\/v2\/product_cat?post=12318"},{"taxonomy":"product_tag","embeddable":true,"href":"https:\/\/www.mexicanguitarplayers.com\/en\/wp-json\/wp\/v2\/product_tag?post=12318"}],"curies":[{"name":"wp","href":"https:\/\/api.w.org\/{rel}","templated":true}]}}