{"id":12349,"date":"2022-08-18T08:26:45","date_gmt":"2022-08-18T13:26:45","guid":{"rendered":"https:\/\/www.mexicanguitarplayers.com\/tienda\/sin%20categor\u00eda\/acordeon-moretti-bot-milan-3-reg-fbbeb\/"},"modified":"2026-05-01T07:44:25","modified_gmt":"2026-05-01T13:44:25","slug":"acordeon-moretti-bot-milan-3-reg-fbbeb","status":"publish","type":"product","link":"https:\/\/www.mexicanguitarplayers.com\/en\/tienda\/alientos\/acordeones\/de-botones\/acordeon-moretti-bot-milan-3-reg-fbbeb\/","title":{"rendered":"ACCORDION MORETTI BOT. MILAN 3-REG FBBEB"},"content":{"rendered":"<div style=\"text-align: justify\">\n<div>\n<h3>ACCORDION MORETTI BOT. MILAN 3-REG FBBEB<\/h3>\n<\/div>\n<div>Button accordion, F pitch, 31 buttons, 12 basses, 3 registers, painted, original stainless steel grill, fretboard with pearlescent buttons and original design, improved internal parts, floral and rhinestone ornamentation, metal plates with original section design bass and treble, fabric straps and nylon cover.<\/div>\n<\/div>","protected":false},"excerpt":{"rendered":"<p>Acorde\u00f3n de botones, tono de Fa, 31 botones, 12 bajos, 3 registros, pintado, parrilla original de acero inoxidable, diapas\u00f3n con botones aperlados y dise\u00f1o original, partes internas mejoradas, ornamentaci\u00f3n floral y de pedrer\u00eda, placas met\u00e1licas con dise\u00f1o original en secci\u00f3n de bajos y agudos, correas de tela y funda de nylon.&hellip; <a class=\"kt-excerpt-readmore more-link\" href=\"https:\/\/www.mexicanguitarplayers.com\/en\/tienda\/alientos\/acordeones\/de-botones\/acordeon-moretti-bot-milan-3-reg-fbbeb\/\">Read more<\/a><\/p>","protected":false},"featured_media":12348,"comment_status":"open","ping_status":"closed","template":"","meta":{"kt_blocks_editor_width":""},"pwb-brand":[398],"product_brand":[],"product_cat":[389,388,390],"product_tag":[],"class_list":{"0":"post-12349","1":"product","2":"type-product","3":"status-publish","4":"has-post-thumbnail","6":"pwb-brand-moretti","7":"product_cat-acordeones","8":"product_cat-alientos","9":"product_cat-de-botones","10":"product_shipping_class-15-20-kg","12":"first","13":"instock","14":"taxable","15":"shipping-taxable","16":"purchasable","17":"product-type-simple"},"yoast_head":"<!-- This site is optimized with the Yoast SEO plugin v27.6 - https:\/\/yoast.com\/product\/yoast-seo-wordpress\/ -->\n<title>ACORDEON MORETTI BOT. MILAN 3-REG FBBEB - Mexican Guitar Players<\/title>\n<meta name=\"description\" content=\"ACORDEON MORETTI BOT. MILAN 3-REG FBBEB. Acorde\u00f3n de botones, tono de Fa, 31 botones, 12 bajos, 3 registros, pintado, parrilla original de acero inoxidable, diapas\u00f3n con botones aperlados y dise\u00f1o original, partes internas mejoradas, ornamentaci\u00f3n floral y de pedrer\u00eda, placas met\u00e1licas con dise\u00f1o original en secci\u00f3n de bajos y agudos, correas de tela y funda de nylon.\" \/>\n<meta name=\"robots\" content=\"index, follow, max-snippet:-1, max-image-preview:large, max-video-preview:-1\" \/>\n<link rel=\"canonical\" href=\"https:\/\/www.mexicanguitarplayers.com\/en\/tienda\/alientos\/acordeones\/de-botones\/acordeon-moretti-bot-milan-3-reg-fbbeb\/\" \/>\n<meta property=\"og:locale\" content=\"en_US\" \/>\n<meta property=\"og:type\" content=\"article\" \/>\n<meta property=\"og:title\" content=\"ACORDEON MORETTI BOT. MILAN 3-REG FBBEB - Mexican Guitar Players\" \/>\n<meta property=\"og:description\" content=\"ACORDEON MORETTI BOT. MILAN 3-REG FBBEB. Acorde\u00f3n de botones, tono de Fa, 31 botones, 12 bajos, 3 registros, pintado, parrilla original de acero inoxidable, diapas\u00f3n con botones aperlados y dise\u00f1o original, partes internas mejoradas, ornamentaci\u00f3n floral y de pedrer\u00eda, placas met\u00e1licas con dise\u00f1o original en secci\u00f3n de bajos y agudos, correas de tela y funda de nylon.\" \/>\n<meta property=\"og:url\" content=\"https:\/\/www.mexicanguitarplayers.com\/en\/tienda\/alientos\/acordeones\/de-botones\/acordeon-moretti-bot-milan-3-reg-fbbeb\/\" \/>\n<meta property=\"og:site_name\" content=\"Mexican Guitar Players\" \/>\n<meta property=\"article:modified_time\" content=\"2026-05-01T13:44:25+00:00\" \/>\n<meta property=\"og:image\" content=\"https:\/\/www.mexicanguitarplayers.com\/wp-content\/uploads\/2022\/08\/ITMOEMILAN3FBE.jpg\" \/>\n\t<meta property=\"og:image:width\" content=\"1200\" \/>\n\t<meta property=\"og:image:height\" content=\"1200\" \/>\n\t<meta property=\"og:image:type\" content=\"image\/jpeg\" \/>\n<meta name=\"twitter:card\" content=\"summary_large_image\" \/>\n<script type=\"application\/ld+json\" class=\"yoast-schema-graph\">{\"@context\":\"https:\\\/\\\/schema.org\",\"@graph\":[{\"@type\":[\"WebPage\",\"ItemPage\"],\"@id\":\"https:\\\/\\\/www.mexicanguitarplayers.com\\\/tienda\\\/alientos\\\/acordeones\\\/de-botones\\\/acordeon-moretti-bot-milan-3-reg-fbbeb\\\/\",\"url\":\"https:\\\/\\\/www.mexicanguitarplayers.com\\\/tienda\\\/alientos\\\/acordeones\\\/de-botones\\\/acordeon-moretti-bot-milan-3-reg-fbbeb\\\/\",\"name\":\"ACORDEON MORETTI BOT. MILAN 3-REG FBBEB - Mexican Guitar Players\",\"isPartOf\":{\"@id\":\"https:\\\/\\\/www.mexicanguitarplayers.com\\\/#website\"},\"primaryImageOfPage\":{\"@id\":\"https:\\\/\\\/www.mexicanguitarplayers.com\\\/tienda\\\/alientos\\\/acordeones\\\/de-botones\\\/acordeon-moretti-bot-milan-3-reg-fbbeb\\\/#primaryimage\"},\"image\":{\"@id\":\"https:\\\/\\\/www.mexicanguitarplayers.com\\\/tienda\\\/alientos\\\/acordeones\\\/de-botones\\\/acordeon-moretti-bot-milan-3-reg-fbbeb\\\/#primaryimage\"},\"thumbnailUrl\":\"https:\\\/\\\/www.mexicanguitarplayers.com\\\/wp-content\\\/uploads\\\/2022\\\/08\\\/ITMOEMILAN3FBE.jpg\",\"datePublished\":\"2022-08-18T13:26:45+00:00\",\"dateModified\":\"2026-05-01T13:44:25+00:00\",\"description\":\"ACORDEON MORETTI BOT. MILAN 3-REG FBBEB. Acorde\u00f3n de botones, tono de Fa, 31 botones, 12 bajos, 3 registros, pintado, parrilla original de acero inoxidable, diapas\u00f3n con botones aperlados y dise\u00f1o original, partes internas mejoradas, ornamentaci\u00f3n floral y de pedrer\u00eda, placas met\u00e1licas con dise\u00f1o original en secci\u00f3n de bajos y agudos, correas de tela y funda de nylon.\",\"breadcrumb\":{\"@id\":\"https:\\\/\\\/www.mexicanguitarplayers.com\\\/tienda\\\/alientos\\\/acordeones\\\/de-botones\\\/acordeon-moretti-bot-milan-3-reg-fbbeb\\\/#breadcrumb\"},\"inLanguage\":\"en-US\",\"potentialAction\":[{\"@type\":\"ReadAction\",\"target\":[\"https:\\\/\\\/www.mexicanguitarplayers.com\\\/tienda\\\/alientos\\\/acordeones\\\/de-botones\\\/acordeon-moretti-bot-milan-3-reg-fbbeb\\\/\"]}]},{\"@type\":\"ImageObject\",\"inLanguage\":\"en-US\",\"@id\":\"https:\\\/\\\/www.mexicanguitarplayers.com\\\/tienda\\\/alientos\\\/acordeones\\\/de-botones\\\/acordeon-moretti-bot-milan-3-reg-fbbeb\\\/#primaryimage\",\"url\":\"https:\\\/\\\/www.mexicanguitarplayers.com\\\/wp-content\\\/uploads\\\/2022\\\/08\\\/ITMOEMILAN3FBE.jpg\",\"contentUrl\":\"https:\\\/\\\/www.mexicanguitarplayers.com\\\/wp-content\\\/uploads\\\/2022\\\/08\\\/ITMOEMILAN3FBE.jpg\",\"width\":1200,\"height\":1200},{\"@type\":\"BreadcrumbList\",\"@id\":\"https:\\\/\\\/www.mexicanguitarplayers.com\\\/tienda\\\/alientos\\\/acordeones\\\/de-botones\\\/acordeon-moretti-bot-milan-3-reg-fbbeb\\\/#breadcrumb\",\"itemListElement\":[{\"@type\":\"ListItem\",\"position\":1,\"name\":\"Portada\",\"item\":\"https:\\\/\\\/www.mexicanguitarplayers.com\\\/\"},{\"@type\":\"ListItem\",\"position\":2,\"name\":\"Tienda\",\"item\":\"https:\\\/\\\/www.mexicanguitarplayers.com\\\/tienda\\\/\"},{\"@type\":\"ListItem\",\"position\":3,\"name\":\"ACORDEON MORETTI BOT. MILAN 3-REG FBBEB\"}]},{\"@type\":\"WebSite\",\"@id\":\"https:\\\/\\\/www.mexicanguitarplayers.com\\\/#website\",\"url\":\"https:\\\/\\\/www.mexicanguitarplayers.com\\\/\",\"name\":\"Mexican Guitar Players\",\"description\":\"Website\",\"publisher\":{\"@id\":\"https:\\\/\\\/www.mexicanguitarplayers.com\\\/#organization\"},\"potentialAction\":[{\"@type\":\"SearchAction\",\"target\":{\"@type\":\"EntryPoint\",\"urlTemplate\":\"https:\\\/\\\/www.mexicanguitarplayers.com\\\/?s={search_term_string}\"},\"query-input\":{\"@type\":\"PropertyValueSpecification\",\"valueRequired\":true,\"valueName\":\"search_term_string\"}}],\"inLanguage\":\"en-US\"},{\"@type\":\"Organization\",\"@id\":\"https:\\\/\\\/www.mexicanguitarplayers.com\\\/#organization\",\"name\":\"Mexican Guitar Players\",\"url\":\"https:\\\/\\\/www.mexicanguitarplayers.com\\\/\",\"logo\":{\"@type\":\"ImageObject\",\"inLanguage\":\"en-US\",\"@id\":\"https:\\\/\\\/www.mexicanguitarplayers.com\\\/#\\\/schema\\\/logo\\\/image\\\/\",\"url\":\"\",\"contentUrl\":\"\",\"caption\":\"Mexican Guitar Players\"},\"image\":{\"@id\":\"https:\\\/\\\/www.mexicanguitarplayers.com\\\/#\\\/schema\\\/logo\\\/image\\\/\"}}]}<\/script>\n<!-- \/ Yoast SEO plugin. -->","yoast_head_json":{"title":"ACORDEON MORETTI BOT. MILAN 3-REG FBBEB - Mexican Guitar Players","description":"ACORDEON MORETTI BOT. MILAN 3-REG FBBEB. Acorde\u00f3n de botones, tono de Fa, 31 botones, 12 bajos, 3 registros, pintado, parrilla original de acero inoxidable, diapas\u00f3n con botones aperlados y dise\u00f1o original, partes internas mejoradas, ornamentaci\u00f3n floral y de pedrer\u00eda, placas met\u00e1licas con dise\u00f1o original en secci\u00f3n de bajos y agudos, correas de tela y funda de nylon.","robots":{"index":"index","follow":"follow","max-snippet":"max-snippet:-1","max-image-preview":"max-image-preview:large","max-video-preview":"max-video-preview:-1"},"canonical":"https:\/\/www.mexicanguitarplayers.com\/en\/tienda\/alientos\/acordeones\/de-botones\/acordeon-moretti-bot-milan-3-reg-fbbeb\/","og_locale":"en_US","og_type":"article","og_title":"ACORDEON MORETTI BOT. MILAN 3-REG FBBEB - Mexican Guitar Players","og_description":"ACORDEON MORETTI BOT. MILAN 3-REG FBBEB. Acorde\u00f3n de botones, tono de Fa, 31 botones, 12 bajos, 3 registros, pintado, parrilla original de acero inoxidable, diapas\u00f3n con botones aperlados y dise\u00f1o original, partes internas mejoradas, ornamentaci\u00f3n floral y de pedrer\u00eda, placas met\u00e1licas con dise\u00f1o original en secci\u00f3n de bajos y agudos, correas de tela y funda de nylon.","og_url":"https:\/\/www.mexicanguitarplayers.com\/en\/tienda\/alientos\/acordeones\/de-botones\/acordeon-moretti-bot-milan-3-reg-fbbeb\/","og_site_name":"Mexican Guitar Players","article_modified_time":"2026-05-01T13:44:25+00:00","og_image":[{"width":1200,"height":1200,"url":"https:\/\/www.mexicanguitarplayers.com\/wp-content\/uploads\/2022\/08\/ITMOEMILAN3FBE.jpg","type":"image\/jpeg"}],"twitter_card":"summary_large_image","schema":{"@context":"https:\/\/schema.org","@graph":[{"@type":["WebPage","ItemPage"],"@id":"https:\/\/www.mexicanguitarplayers.com\/tienda\/alientos\/acordeones\/de-botones\/acordeon-moretti-bot-milan-3-reg-fbbeb\/","url":"https:\/\/www.mexicanguitarplayers.com\/tienda\/alientos\/acordeones\/de-botones\/acordeon-moretti-bot-milan-3-reg-fbbeb\/","name":"ACORDEON MORETTI BOT. MILAN 3-REG FBBEB - Mexican Guitar Players","isPartOf":{"@id":"https:\/\/www.mexicanguitarplayers.com\/#website"},"primaryImageOfPage":{"@id":"https:\/\/www.mexicanguitarplayers.com\/tienda\/alientos\/acordeones\/de-botones\/acordeon-moretti-bot-milan-3-reg-fbbeb\/#primaryimage"},"image":{"@id":"https:\/\/www.mexicanguitarplayers.com\/tienda\/alientos\/acordeones\/de-botones\/acordeon-moretti-bot-milan-3-reg-fbbeb\/#primaryimage"},"thumbnailUrl":"https:\/\/www.mexicanguitarplayers.com\/wp-content\/uploads\/2022\/08\/ITMOEMILAN3FBE.jpg","datePublished":"2022-08-18T13:26:45+00:00","dateModified":"2026-05-01T13:44:25+00:00","description":"ACORDEON MORETTI BOT. MILAN 3-REG FBBEB. Acorde\u00f3n de botones, tono de Fa, 31 botones, 12 bajos, 3 registros, pintado, parrilla original de acero inoxidable, diapas\u00f3n con botones aperlados y dise\u00f1o original, partes internas mejoradas, ornamentaci\u00f3n floral y de pedrer\u00eda, placas met\u00e1licas con dise\u00f1o original en secci\u00f3n de bajos y agudos, correas de tela y funda de nylon.","breadcrumb":{"@id":"https:\/\/www.mexicanguitarplayers.com\/tienda\/alientos\/acordeones\/de-botones\/acordeon-moretti-bot-milan-3-reg-fbbeb\/#breadcrumb"},"inLanguage":"en-US","potentialAction":[{"@type":"ReadAction","target":["https:\/\/www.mexicanguitarplayers.com\/tienda\/alientos\/acordeones\/de-botones\/acordeon-moretti-bot-milan-3-reg-fbbeb\/"]}]},{"@type":"ImageObject","inLanguage":"en-US","@id":"https:\/\/www.mexicanguitarplayers.com\/tienda\/alientos\/acordeones\/de-botones\/acordeon-moretti-bot-milan-3-reg-fbbeb\/#primaryimage","url":"https:\/\/www.mexicanguitarplayers.com\/wp-content\/uploads\/2022\/08\/ITMOEMILAN3FBE.jpg","contentUrl":"https:\/\/www.mexicanguitarplayers.com\/wp-content\/uploads\/2022\/08\/ITMOEMILAN3FBE.jpg","width":1200,"height":1200},{"@type":"BreadcrumbList","@id":"https:\/\/www.mexicanguitarplayers.com\/tienda\/alientos\/acordeones\/de-botones\/acordeon-moretti-bot-milan-3-reg-fbbeb\/#breadcrumb","itemListElement":[{"@type":"ListItem","position":1,"name":"Portada","item":"https:\/\/www.mexicanguitarplayers.com\/"},{"@type":"ListItem","position":2,"name":"Tienda","item":"https:\/\/www.mexicanguitarplayers.com\/tienda\/"},{"@type":"ListItem","position":3,"name":"ACORDEON MORETTI BOT. MILAN 3-REG FBBEB"}]},{"@type":"WebSite","@id":"https:\/\/www.mexicanguitarplayers.com\/#website","url":"https:\/\/www.mexicanguitarplayers.com\/","name":"Mexican Guitar Players","description":"Website","publisher":{"@id":"https:\/\/www.mexicanguitarplayers.com\/#organization"},"potentialAction":[{"@type":"SearchAction","target":{"@type":"EntryPoint","urlTemplate":"https:\/\/www.mexicanguitarplayers.com\/?s={search_term_string}"},"query-input":{"@type":"PropertyValueSpecification","valueRequired":true,"valueName":"search_term_string"}}],"inLanguage":"en-US"},{"@type":"Organization","@id":"https:\/\/www.mexicanguitarplayers.com\/#organization","name":"Mexican Guitar Players","url":"https:\/\/www.mexicanguitarplayers.com\/","logo":{"@type":"ImageObject","inLanguage":"en-US","@id":"https:\/\/www.mexicanguitarplayers.com\/#\/schema\/logo\/image\/","url":"","contentUrl":"","caption":"Mexican Guitar Players"},"image":{"@id":"https:\/\/www.mexicanguitarplayers.com\/#\/schema\/logo\/image\/"}}]}},"brands":[{"id":398,"name":"MORETTI","slug":"moretti"}],"_links":{"self":[{"href":"https:\/\/www.mexicanguitarplayers.com\/en\/wp-json\/wp\/v2\/product\/12349","targetHints":{"allow":["GET"]}}],"collection":[{"href":"https:\/\/www.mexicanguitarplayers.com\/en\/wp-json\/wp\/v2\/product"}],"about":[{"href":"https:\/\/www.mexicanguitarplayers.com\/en\/wp-json\/wp\/v2\/types\/product"}],"replies":[{"embeddable":true,"href":"https:\/\/www.mexicanguitarplayers.com\/en\/wp-json\/wp\/v2\/comments?post=12349"}],"wp:featuredmedia":[{"embeddable":true,"href":"https:\/\/www.mexicanguitarplayers.com\/en\/wp-json\/wp\/v2\/media\/12348"}],"wp:attachment":[{"href":"https:\/\/www.mexicanguitarplayers.com\/en\/wp-json\/wp\/v2\/media?parent=12349"}],"wp:term":[{"taxonomy":"pwb-brand","embeddable":true,"href":"https:\/\/www.mexicanguitarplayers.com\/en\/wp-json\/wp\/v2\/pwb-brand?post=12349"},{"taxonomy":"product_brand","embeddable":true,"href":"https:\/\/www.mexicanguitarplayers.com\/en\/wp-json\/wp\/v2\/product_brand?post=12349"},{"taxonomy":"product_cat","embeddable":true,"href":"https:\/\/www.mexicanguitarplayers.com\/en\/wp-json\/wp\/v2\/product_cat?post=12349"},{"taxonomy":"product_tag","embeddable":true,"href":"https:\/\/www.mexicanguitarplayers.com\/en\/wp-json\/wp\/v2\/product_tag?post=12349"}],"curies":[{"name":"wp","href":"https:\/\/api.w.org\/{rel}","templated":true}]}}