{"id":12369,"date":"2022-08-18T08:27:16","date_gmt":"2022-08-18T13:27:16","guid":{"rendered":"https:\/\/www.mexicanguitarplayers.com\/tienda\/sin%20categor\u00eda\/piano-nux-digital-wk-310\/"},"modified":"2026-04-10T05:15:43","modified_gmt":"2026-04-10T11:15:43","slug":"piano-nux-digital-wk-310","status":"publish","type":"product","link":"https:\/\/www.mexicanguitarplayers.com\/en\/tienda\/teclas\/pianos\/stage-piano\/piano-nux-digital-wk-310\/","title":{"rendered":"NUX DIGITAL PIANO WK-310"},"content":{"rendered":"<div style=\"text-align: justify\">\n<div>\n<h3>NUX DIGITAL PIANO WK-310<\/h3>\n<\/div>\n<div>88-Key Graded Hammer Action Upright Digital Piano, Black Finish, Sound Chip: Dream 5708 DSP, 128 Built-in Tones and 52 Demo Songs, Max Polyphony: 189, Bluetooth 4.0 Wireless Method, 7-Segment LED Display, Controls : Metronome, Record, Playback, Function and Voice, Functions: 4 Dynamic Curves, Pitch Shift, Metronome, Dual Keyboard, Dual Voice, Percussion, Chorus and Reverb, Master Volume Control, Soft, Sostenuto, Damper Pedals, Connections: Input DC 12V power supply, USB MIDI, AUX IN, LINE OUT, 2 headphone and pedal outputs, two 4.5\u201d 10W speakers, dimensions: 1,354 x 332 x 772 mm, weight: 40 kg.<\/div>\n<\/div>","protected":false},"excerpt":{"rendered":"<p>Piano digital vertical de 88 teclas con acci\u00f3n de martillo graduado,  terminado en color negro, chip de sonido: Dream 5708 DSP,  128 tonos incorporados y 52 canciones demo, polifon\u00eda m\u00e1ximo: 189, m\u00e9todo inal\u00e1mbrico Bluetooth 4.0, display LED de 7 segmentos, controles: metr\u00f3nomo, grabaci\u00f3n, reproducci\u00f3n, funci\u00f3n y voz, funciones: 4 curvas din\u00e1micas, cambio de tono, metr\u00f3nomo, teclado dual, voz dual, percusi\u00f3n, chorus y reverb, control de volumen master, pedales Soft, Sostenuto, Damper, conexiones: entrada de energ\u00eda DC 12V, USB MIDI, AUX IN, LINE OUT, 2 salidas de aud\u00edfonos y pedal, dos altavoces de 4.5\u201d de 10W, dimensiones: 1,354 x 332 x 772 mm, peso: 40 kg.&hellip; <a class=\"kt-excerpt-readmore more-link\" href=\"https:\/\/www.mexicanguitarplayers.com\/en\/tienda\/teclas\/pianos\/stage-piano\/piano-nux-digital-wk-310\/\">Read more<\/a><\/p>","protected":false},"featured_media":12368,"comment_status":"open","ping_status":"closed","template":"","meta":{"kt_blocks_editor_width":""},"pwb-brand":[177],"product_brand":[],"product_cat":[377,379,376],"product_tag":[],"class_list":{"0":"post-12369","1":"product","2":"type-product","3":"status-publish","4":"has-post-thumbnail","6":"pwb-brand-nux","7":"product_cat-pianos","8":"product_cat-stage-piano","9":"product_cat-teclas","10":"product_shipping_class-25-30-kg","12":"first","13":"outofstock","14":"taxable","15":"shipping-taxable","16":"purchasable","17":"product-type-simple"},"yoast_head":"<!-- This site is optimized with the Yoast SEO plugin v27.3 - https:\/\/yoast.com\/product\/yoast-seo-wordpress\/ -->\n<title>PIANO NUX DIGITAL WK-310 - Mexican Guitar Players<\/title>\n<meta name=\"description\" content=\"PIANO NUX DIGITAL WK-310. Piano digital vertical de 88 teclas con acci\u00f3n de martillo graduado, terminado en color negro, chip de sonido: Dream 5708 DSP, 128 tonos incorporados y 52 canciones demo, polifon\u00eda m\u00e1ximo: 189, m\u00e9todo inal\u00e1mbrico Bluetooth 4.0, display LED de 7 segmentos, controles: metr\u00f3nomo, grabaci\u00f3n, reproducci\u00f3n, funci\u00f3n y voz, funciones: 4 curvas din\u00e1micas, cambio de tono, metr\u00f3nomo, teclado dual, voz dual, percusi\u00f3n, chorus y reverb, control de volumen master, pedales Soft, Sostenuto, Damper, conexiones: entrada de energ\u00eda DC 12V, USB MIDI, AUX IN, LINE OUT, 2 salidas de aud\u00edfonos y pedal, dos altavoces de 4.5\u201d de 10W, dimensiones: 1,354 x 332 x 772 mm, peso: 40 kg.\" \/>\n<meta name=\"robots\" content=\"index, follow, max-snippet:-1, max-image-preview:large, max-video-preview:-1\" \/>\n<link rel=\"canonical\" href=\"https:\/\/www.mexicanguitarplayers.com\/en\/tienda\/teclas\/pianos\/stage-piano\/piano-nux-digital-wk-310\/\" \/>\n<meta property=\"og:locale\" content=\"en_US\" \/>\n<meta property=\"og:type\" content=\"article\" \/>\n<meta property=\"og:title\" content=\"PIANO NUX DIGITAL WK-310 - Mexican Guitar Players\" \/>\n<meta property=\"og:description\" content=\"PIANO NUX DIGITAL WK-310. Piano digital vertical de 88 teclas con acci\u00f3n de martillo graduado, terminado en color negro, chip de sonido: Dream 5708 DSP, 128 tonos incorporados y 52 canciones demo, polifon\u00eda m\u00e1ximo: 189, m\u00e9todo inal\u00e1mbrico Bluetooth 4.0, display LED de 7 segmentos, controles: metr\u00f3nomo, grabaci\u00f3n, reproducci\u00f3n, funci\u00f3n y voz, funciones: 4 curvas din\u00e1micas, cambio de tono, metr\u00f3nomo, teclado dual, voz dual, percusi\u00f3n, chorus y reverb, control de volumen master, pedales Soft, Sostenuto, Damper, conexiones: entrada de energ\u00eda DC 12V, USB MIDI, AUX IN, LINE OUT, 2 salidas de aud\u00edfonos y pedal, dos altavoces de 4.5\u201d de 10W, dimensiones: 1,354 x 332 x 772 mm, peso: 40 kg.\" \/>\n<meta property=\"og:url\" content=\"https:\/\/www.mexicanguitarplayers.com\/en\/tienda\/teclas\/pianos\/stage-piano\/piano-nux-digital-wk-310\/\" \/>\n<meta property=\"og:site_name\" content=\"Mexican Guitar Players\" \/>\n<meta property=\"article:modified_time\" content=\"2026-04-10T11:15:43+00:00\" \/>\n<meta property=\"og:image\" content=\"https:\/\/www.mexicanguitarplayers.com\/wp-content\/uploads\/2022\/08\/ITNUXWK310.jpg\" \/>\n\t<meta property=\"og:image:width\" content=\"1200\" \/>\n\t<meta property=\"og:image:height\" content=\"1200\" \/>\n\t<meta property=\"og:image:type\" content=\"image\/jpeg\" \/>\n<meta name=\"twitter:card\" content=\"summary_large_image\" \/>\n<meta name=\"twitter:label1\" content=\"Est. reading time\" \/>\n\t<meta name=\"twitter:data1\" content=\"1 minute\" \/>\n<script type=\"application\/ld+json\" class=\"yoast-schema-graph\">{\"@context\":\"https:\\\/\\\/schema.org\",\"@graph\":[{\"@type\":[\"WebPage\",\"ItemPage\"],\"@id\":\"https:\\\/\\\/www.mexicanguitarplayers.com\\\/tienda\\\/teclas\\\/pianos\\\/stage-piano\\\/piano-nux-digital-wk-310\\\/\",\"url\":\"https:\\\/\\\/www.mexicanguitarplayers.com\\\/tienda\\\/teclas\\\/pianos\\\/stage-piano\\\/piano-nux-digital-wk-310\\\/\",\"name\":\"PIANO NUX DIGITAL WK-310 - Mexican Guitar Players\",\"isPartOf\":{\"@id\":\"https:\\\/\\\/www.mexicanguitarplayers.com\\\/#website\"},\"primaryImageOfPage\":{\"@id\":\"https:\\\/\\\/www.mexicanguitarplayers.com\\\/tienda\\\/teclas\\\/pianos\\\/stage-piano\\\/piano-nux-digital-wk-310\\\/#primaryimage\"},\"image\":{\"@id\":\"https:\\\/\\\/www.mexicanguitarplayers.com\\\/tienda\\\/teclas\\\/pianos\\\/stage-piano\\\/piano-nux-digital-wk-310\\\/#primaryimage\"},\"thumbnailUrl\":\"https:\\\/\\\/www.mexicanguitarplayers.com\\\/wp-content\\\/uploads\\\/2022\\\/08\\\/ITNUXWK310.jpg\",\"datePublished\":\"2022-08-18T13:27:16+00:00\",\"dateModified\":\"2026-04-10T11:15:43+00:00\",\"description\":\"PIANO NUX DIGITAL WK-310. Piano digital vertical de 88 teclas con acci\u00f3n de martillo graduado, terminado en color negro, chip de sonido: Dream 5708 DSP, 128 tonos incorporados y 52 canciones demo, polifon\u00eda m\u00e1ximo: 189, m\u00e9todo inal\u00e1mbrico Bluetooth 4.0, display LED de 7 segmentos, controles: metr\u00f3nomo, grabaci\u00f3n, reproducci\u00f3n, funci\u00f3n y voz, funciones: 4 curvas din\u00e1micas, cambio de tono, metr\u00f3nomo, teclado dual, voz dual, percusi\u00f3n, chorus y reverb, control de volumen master, pedales Soft, Sostenuto, Damper, conexiones: entrada de energ\u00eda DC 12V, USB MIDI, AUX IN, LINE OUT, 2 salidas de aud\u00edfonos y pedal, dos altavoces de 4.5\u201d de 10W, dimensiones: 1,354 x 332 x 772 mm, peso: 40 kg.\",\"breadcrumb\":{\"@id\":\"https:\\\/\\\/www.mexicanguitarplayers.com\\\/tienda\\\/teclas\\\/pianos\\\/stage-piano\\\/piano-nux-digital-wk-310\\\/#breadcrumb\"},\"inLanguage\":\"en-US\",\"potentialAction\":[{\"@type\":\"ReadAction\",\"target\":[\"https:\\\/\\\/www.mexicanguitarplayers.com\\\/tienda\\\/teclas\\\/pianos\\\/stage-piano\\\/piano-nux-digital-wk-310\\\/\"]}]},{\"@type\":\"ImageObject\",\"inLanguage\":\"en-US\",\"@id\":\"https:\\\/\\\/www.mexicanguitarplayers.com\\\/tienda\\\/teclas\\\/pianos\\\/stage-piano\\\/piano-nux-digital-wk-310\\\/#primaryimage\",\"url\":\"https:\\\/\\\/www.mexicanguitarplayers.com\\\/wp-content\\\/uploads\\\/2022\\\/08\\\/ITNUXWK310.jpg\",\"contentUrl\":\"https:\\\/\\\/www.mexicanguitarplayers.com\\\/wp-content\\\/uploads\\\/2022\\\/08\\\/ITNUXWK310.jpg\",\"width\":1200,\"height\":1200},{\"@type\":\"BreadcrumbList\",\"@id\":\"https:\\\/\\\/www.mexicanguitarplayers.com\\\/tienda\\\/teclas\\\/pianos\\\/stage-piano\\\/piano-nux-digital-wk-310\\\/#breadcrumb\",\"itemListElement\":[{\"@type\":\"ListItem\",\"position\":1,\"name\":\"Portada\",\"item\":\"https:\\\/\\\/www.mexicanguitarplayers.com\\\/\"},{\"@type\":\"ListItem\",\"position\":2,\"name\":\"Tienda\",\"item\":\"https:\\\/\\\/www.mexicanguitarplayers.com\\\/tienda\\\/\"},{\"@type\":\"ListItem\",\"position\":3,\"name\":\"PIANO NUX DIGITAL WK-310\"}]},{\"@type\":\"WebSite\",\"@id\":\"https:\\\/\\\/www.mexicanguitarplayers.com\\\/#website\",\"url\":\"https:\\\/\\\/www.mexicanguitarplayers.com\\\/\",\"name\":\"Mexican Guitar Players\",\"description\":\"Website\",\"publisher\":{\"@id\":\"https:\\\/\\\/www.mexicanguitarplayers.com\\\/#organization\"},\"potentialAction\":[{\"@type\":\"SearchAction\",\"target\":{\"@type\":\"EntryPoint\",\"urlTemplate\":\"https:\\\/\\\/www.mexicanguitarplayers.com\\\/?s={search_term_string}\"},\"query-input\":{\"@type\":\"PropertyValueSpecification\",\"valueRequired\":true,\"valueName\":\"search_term_string\"}}],\"inLanguage\":\"en-US\"},{\"@type\":\"Organization\",\"@id\":\"https:\\\/\\\/www.mexicanguitarplayers.com\\\/#organization\",\"name\":\"Mexican Guitar Players\",\"url\":\"https:\\\/\\\/www.mexicanguitarplayers.com\\\/\",\"logo\":{\"@type\":\"ImageObject\",\"inLanguage\":\"en-US\",\"@id\":\"https:\\\/\\\/www.mexicanguitarplayers.com\\\/#\\\/schema\\\/logo\\\/image\\\/\",\"url\":\"\",\"contentUrl\":\"\",\"caption\":\"Mexican Guitar Players\"},\"image\":{\"@id\":\"https:\\\/\\\/www.mexicanguitarplayers.com\\\/#\\\/schema\\\/logo\\\/image\\\/\"}}]}<\/script>\n<!-- \/ Yoast SEO plugin. -->","yoast_head_json":{"title":"PIANO NUX DIGITAL WK-310 - Mexican Guitar Players","description":"PIANO NUX DIGITAL WK-310. Piano digital vertical de 88 teclas con acci\u00f3n de martillo graduado, terminado en color negro, chip de sonido: Dream 5708 DSP, 128 tonos incorporados y 52 canciones demo, polifon\u00eda m\u00e1ximo: 189, m\u00e9todo inal\u00e1mbrico Bluetooth 4.0, display LED de 7 segmentos, controles: metr\u00f3nomo, grabaci\u00f3n, reproducci\u00f3n, funci\u00f3n y voz, funciones: 4 curvas din\u00e1micas, cambio de tono, metr\u00f3nomo, teclado dual, voz dual, percusi\u00f3n, chorus y reverb, control de volumen master, pedales Soft, Sostenuto, Damper, conexiones: entrada de energ\u00eda DC 12V, USB MIDI, AUX IN, LINE OUT, 2 salidas de aud\u00edfonos y pedal, dos altavoces de 4.5\u201d de 10W, dimensiones: 1,354 x 332 x 772 mm, peso: 40 kg.","robots":{"index":"index","follow":"follow","max-snippet":"max-snippet:-1","max-image-preview":"max-image-preview:large","max-video-preview":"max-video-preview:-1"},"canonical":"https:\/\/www.mexicanguitarplayers.com\/en\/tienda\/teclas\/pianos\/stage-piano\/piano-nux-digital-wk-310\/","og_locale":"en_US","og_type":"article","og_title":"PIANO NUX DIGITAL WK-310 - Mexican Guitar Players","og_description":"PIANO NUX DIGITAL WK-310. Piano digital vertical de 88 teclas con acci\u00f3n de martillo graduado, terminado en color negro, chip de sonido: Dream 5708 DSP, 128 tonos incorporados y 52 canciones demo, polifon\u00eda m\u00e1ximo: 189, m\u00e9todo inal\u00e1mbrico Bluetooth 4.0, display LED de 7 segmentos, controles: metr\u00f3nomo, grabaci\u00f3n, reproducci\u00f3n, funci\u00f3n y voz, funciones: 4 curvas din\u00e1micas, cambio de tono, metr\u00f3nomo, teclado dual, voz dual, percusi\u00f3n, chorus y reverb, control de volumen master, pedales Soft, Sostenuto, Damper, conexiones: entrada de energ\u00eda DC 12V, USB MIDI, AUX IN, LINE OUT, 2 salidas de aud\u00edfonos y pedal, dos altavoces de 4.5\u201d de 10W, dimensiones: 1,354 x 332 x 772 mm, peso: 40 kg.","og_url":"https:\/\/www.mexicanguitarplayers.com\/en\/tienda\/teclas\/pianos\/stage-piano\/piano-nux-digital-wk-310\/","og_site_name":"Mexican Guitar Players","article_modified_time":"2026-04-10T11:15:43+00:00","og_image":[{"width":1200,"height":1200,"url":"https:\/\/www.mexicanguitarplayers.com\/wp-content\/uploads\/2022\/08\/ITNUXWK310.jpg","type":"image\/jpeg"}],"twitter_card":"summary_large_image","twitter_misc":{"Est. reading time":"1 minute"},"schema":{"@context":"https:\/\/schema.org","@graph":[{"@type":["WebPage","ItemPage"],"@id":"https:\/\/www.mexicanguitarplayers.com\/tienda\/teclas\/pianos\/stage-piano\/piano-nux-digital-wk-310\/","url":"https:\/\/www.mexicanguitarplayers.com\/tienda\/teclas\/pianos\/stage-piano\/piano-nux-digital-wk-310\/","name":"PIANO NUX DIGITAL WK-310 - Mexican Guitar Players","isPartOf":{"@id":"https:\/\/www.mexicanguitarplayers.com\/#website"},"primaryImageOfPage":{"@id":"https:\/\/www.mexicanguitarplayers.com\/tienda\/teclas\/pianos\/stage-piano\/piano-nux-digital-wk-310\/#primaryimage"},"image":{"@id":"https:\/\/www.mexicanguitarplayers.com\/tienda\/teclas\/pianos\/stage-piano\/piano-nux-digital-wk-310\/#primaryimage"},"thumbnailUrl":"https:\/\/www.mexicanguitarplayers.com\/wp-content\/uploads\/2022\/08\/ITNUXWK310.jpg","datePublished":"2022-08-18T13:27:16+00:00","dateModified":"2026-04-10T11:15:43+00:00","description":"PIANO NUX DIGITAL WK-310. Piano digital vertical de 88 teclas con acci\u00f3n de martillo graduado, terminado en color negro, chip de sonido: Dream 5708 DSP, 128 tonos incorporados y 52 canciones demo, polifon\u00eda m\u00e1ximo: 189, m\u00e9todo inal\u00e1mbrico Bluetooth 4.0, display LED de 7 segmentos, controles: metr\u00f3nomo, grabaci\u00f3n, reproducci\u00f3n, funci\u00f3n y voz, funciones: 4 curvas din\u00e1micas, cambio de tono, metr\u00f3nomo, teclado dual, voz dual, percusi\u00f3n, chorus y reverb, control de volumen master, pedales Soft, Sostenuto, Damper, conexiones: entrada de energ\u00eda DC 12V, USB MIDI, AUX IN, LINE OUT, 2 salidas de aud\u00edfonos y pedal, dos altavoces de 4.5\u201d de 10W, dimensiones: 1,354 x 332 x 772 mm, peso: 40 kg.","breadcrumb":{"@id":"https:\/\/www.mexicanguitarplayers.com\/tienda\/teclas\/pianos\/stage-piano\/piano-nux-digital-wk-310\/#breadcrumb"},"inLanguage":"en-US","potentialAction":[{"@type":"ReadAction","target":["https:\/\/www.mexicanguitarplayers.com\/tienda\/teclas\/pianos\/stage-piano\/piano-nux-digital-wk-310\/"]}]},{"@type":"ImageObject","inLanguage":"en-US","@id":"https:\/\/www.mexicanguitarplayers.com\/tienda\/teclas\/pianos\/stage-piano\/piano-nux-digital-wk-310\/#primaryimage","url":"https:\/\/www.mexicanguitarplayers.com\/wp-content\/uploads\/2022\/08\/ITNUXWK310.jpg","contentUrl":"https:\/\/www.mexicanguitarplayers.com\/wp-content\/uploads\/2022\/08\/ITNUXWK310.jpg","width":1200,"height":1200},{"@type":"BreadcrumbList","@id":"https:\/\/www.mexicanguitarplayers.com\/tienda\/teclas\/pianos\/stage-piano\/piano-nux-digital-wk-310\/#breadcrumb","itemListElement":[{"@type":"ListItem","position":1,"name":"Portada","item":"https:\/\/www.mexicanguitarplayers.com\/"},{"@type":"ListItem","position":2,"name":"Tienda","item":"https:\/\/www.mexicanguitarplayers.com\/tienda\/"},{"@type":"ListItem","position":3,"name":"PIANO NUX DIGITAL WK-310"}]},{"@type":"WebSite","@id":"https:\/\/www.mexicanguitarplayers.com\/#website","url":"https:\/\/www.mexicanguitarplayers.com\/","name":"Mexican Guitar Players","description":"Website","publisher":{"@id":"https:\/\/www.mexicanguitarplayers.com\/#organization"},"potentialAction":[{"@type":"SearchAction","target":{"@type":"EntryPoint","urlTemplate":"https:\/\/www.mexicanguitarplayers.com\/?s={search_term_string}"},"query-input":{"@type":"PropertyValueSpecification","valueRequired":true,"valueName":"search_term_string"}}],"inLanguage":"en-US"},{"@type":"Organization","@id":"https:\/\/www.mexicanguitarplayers.com\/#organization","name":"Mexican Guitar Players","url":"https:\/\/www.mexicanguitarplayers.com\/","logo":{"@type":"ImageObject","inLanguage":"en-US","@id":"https:\/\/www.mexicanguitarplayers.com\/#\/schema\/logo\/image\/","url":"","contentUrl":"","caption":"Mexican Guitar Players"},"image":{"@id":"https:\/\/www.mexicanguitarplayers.com\/#\/schema\/logo\/image\/"}}]}},"brands":[{"id":177,"name":"NUX","slug":"nux"}],"_links":{"self":[{"href":"https:\/\/www.mexicanguitarplayers.com\/en\/wp-json\/wp\/v2\/product\/12369","targetHints":{"allow":["GET"]}}],"collection":[{"href":"https:\/\/www.mexicanguitarplayers.com\/en\/wp-json\/wp\/v2\/product"}],"about":[{"href":"https:\/\/www.mexicanguitarplayers.com\/en\/wp-json\/wp\/v2\/types\/product"}],"replies":[{"embeddable":true,"href":"https:\/\/www.mexicanguitarplayers.com\/en\/wp-json\/wp\/v2\/comments?post=12369"}],"wp:featuredmedia":[{"embeddable":true,"href":"https:\/\/www.mexicanguitarplayers.com\/en\/wp-json\/wp\/v2\/media\/12368"}],"wp:attachment":[{"href":"https:\/\/www.mexicanguitarplayers.com\/en\/wp-json\/wp\/v2\/media?parent=12369"}],"wp:term":[{"taxonomy":"pwb-brand","embeddable":true,"href":"https:\/\/www.mexicanguitarplayers.com\/en\/wp-json\/wp\/v2\/pwb-brand?post=12369"},{"taxonomy":"product_brand","embeddable":true,"href":"https:\/\/www.mexicanguitarplayers.com\/en\/wp-json\/wp\/v2\/product_brand?post=12369"},{"taxonomy":"product_cat","embeddable":true,"href":"https:\/\/www.mexicanguitarplayers.com\/en\/wp-json\/wp\/v2\/product_cat?post=12369"},{"taxonomy":"product_tag","embeddable":true,"href":"https:\/\/www.mexicanguitarplayers.com\/en\/wp-json\/wp\/v2\/product_tag?post=12369"}],"curies":[{"name":"wp","href":"https:\/\/api.w.org\/{rel}","templated":true}]}}