{"id":12382,"date":"2022-08-18T08:27:33","date_gmt":"2022-08-18T13:27:33","guid":{"rendered":"https:\/\/www.mexicanguitarplayers.com\/tienda\/sin%20categor\u00eda\/armonica-seydel-set-blues-session-steel\/"},"modified":"2026-01-03T04:48:26","modified_gmt":"2026-01-03T10:48:26","slug":"armonica-seydel-set-blues-session-steel","status":"publish","type":"product","link":"https:\/\/www.mexicanguitarplayers.com\/en\/tienda\/alientos\/armonicas\/armonica-seydel-set-blues-session-steel\/","title":{"rendered":"HARMONICA SEYDEL SET BLUES SESSION STEEL"},"content":{"rendered":"<div style=\"text-align: justify\">\n<div>\n<h3>HARMONICA SEYDEL SET BLUES SESSION STEEL<\/h3>\n<\/div>\n<div>Set of 5 harmonicas, includes GA Bb C and D tones, blues harmonica with corrosion-free stainless steel reeds, ergonomic covers with fully rounded mouthpiece, ABS plastic comb, lip-friendly design, minimal air consumption, up to 5 times higher durability than harmonicas with brass reeds, includes leather case.<\/div>\n<\/div>","protected":false},"excerpt":{"rendered":"<p>Juego de 5 arm\u00f3nicas, incluye tonos de G A Bb C y D, arm\u00f3nica blues con ca\u00f1as deacero inoxidable libres de corrosi\u00f3n, cubiertas ergon\u00f3micas con boquilla totalmente redondeada, peine de pl\u00e1stico ABS, dise\u00f1o amigable con los labios, consumom\u00ednimo del aire, hasta 5 veces mayor durabilidad que las arm\u00f3nicas con ca\u00f1as delat\u00f3n, incluye estuche de piel.&hellip; <a class=\"kt-excerpt-readmore more-link\" href=\"https:\/\/www.mexicanguitarplayers.com\/en\/tienda\/alientos\/armonicas\/armonica-seydel-set-blues-session-steel\/\">Read more<\/a><\/p>","protected":false},"featured_media":12380,"comment_status":"open","ping_status":"closed","template":"","meta":{"kt_blocks_editor_width":""},"pwb-brand":[403],"product_brand":[],"product_cat":[388,401],"product_tag":[],"class_list":{"0":"post-12382","1":"product","2":"type-product","3":"status-publish","4":"has-post-thumbnail","6":"pwb-brand-seydel","7":"product_cat-alientos","8":"product_cat-armonicas","9":"product_shipping_class-0-5-kg","11":"first","12":"instock","13":"taxable","14":"shipping-taxable","15":"purchasable","16":"product-type-simple"},"yoast_head":"<!-- This site is optimized with the Yoast SEO plugin v27.3 - https:\/\/yoast.com\/product\/yoast-seo-wordpress\/ -->\n<title>ARMONICA SEYDEL SET BLUES SESSION STEEL - Mexican Guitar Players<\/title>\n<meta name=\"description\" content=\"ARMONICA SEYDEL SET BLUES SESSION STEEL. Juego de 5 arm\u00f3nicas, incluye tonos de G A Bb C y D, arm\u00f3nica blues con ca\u00f1as deacero inoxidable libres de corrosi\u00f3n, cubiertas ergon\u00f3micas con boquilla totalmente redondeada, peine de pl\u00e1stico ABS, dise\u00f1o amigable con los labios, consumom\u00ednimo del aire, hasta 5 veces mayor durabilidad que las arm\u00f3nicas con ca\u00f1as delat\u00f3n, incluye estuche de piel.\" \/>\n<meta name=\"robots\" content=\"index, follow, max-snippet:-1, max-image-preview:large, max-video-preview:-1\" \/>\n<link rel=\"canonical\" href=\"https:\/\/www.mexicanguitarplayers.com\/en\/tienda\/alientos\/armonicas\/armonica-seydel-set-blues-session-steel\/\" \/>\n<meta property=\"og:locale\" content=\"en_US\" \/>\n<meta property=\"og:type\" content=\"article\" \/>\n<meta property=\"og:title\" content=\"ARMONICA SEYDEL SET BLUES SESSION STEEL - Mexican Guitar Players\" \/>\n<meta property=\"og:description\" content=\"ARMONICA SEYDEL SET BLUES SESSION STEEL. Juego de 5 arm\u00f3nicas, incluye tonos de G A Bb C y D, arm\u00f3nica blues con ca\u00f1as deacero inoxidable libres de corrosi\u00f3n, cubiertas ergon\u00f3micas con boquilla totalmente redondeada, peine de pl\u00e1stico ABS, dise\u00f1o amigable con los labios, consumom\u00ednimo del aire, hasta 5 veces mayor durabilidad que las arm\u00f3nicas con ca\u00f1as delat\u00f3n, incluye estuche de piel.\" \/>\n<meta property=\"og:url\" content=\"https:\/\/www.mexicanguitarplayers.com\/en\/tienda\/alientos\/armonicas\/armonica-seydel-set-blues-session-steel\/\" \/>\n<meta property=\"og:site_name\" content=\"Mexican Guitar Players\" \/>\n<meta property=\"article:modified_time\" content=\"2026-01-03T10:48:26+00:00\" \/>\n<meta property=\"og:image\" content=\"https:\/\/www.mexicanguitarplayers.com\/wp-content\/uploads\/2022\/08\/IVSED10316.jpg\" \/>\n\t<meta property=\"og:image:width\" content=\"1200\" \/>\n\t<meta property=\"og:image:height\" content=\"1200\" \/>\n\t<meta property=\"og:image:type\" content=\"image\/jpeg\" \/>\n<meta name=\"twitter:card\" content=\"summary_large_image\" \/>\n<script type=\"application\/ld+json\" class=\"yoast-schema-graph\">{\"@context\":\"https:\\\/\\\/schema.org\",\"@graph\":[{\"@type\":[\"WebPage\",\"ItemPage\"],\"@id\":\"https:\\\/\\\/www.mexicanguitarplayers.com\\\/tienda\\\/alientos\\\/armonicas\\\/armonica-seydel-set-blues-session-steel\\\/\",\"url\":\"https:\\\/\\\/www.mexicanguitarplayers.com\\\/tienda\\\/alientos\\\/armonicas\\\/armonica-seydel-set-blues-session-steel\\\/\",\"name\":\"ARMONICA SEYDEL SET BLUES SESSION STEEL - Mexican Guitar Players\",\"isPartOf\":{\"@id\":\"https:\\\/\\\/www.mexicanguitarplayers.com\\\/#website\"},\"primaryImageOfPage\":{\"@id\":\"https:\\\/\\\/www.mexicanguitarplayers.com\\\/tienda\\\/alientos\\\/armonicas\\\/armonica-seydel-set-blues-session-steel\\\/#primaryimage\"},\"image\":{\"@id\":\"https:\\\/\\\/www.mexicanguitarplayers.com\\\/tienda\\\/alientos\\\/armonicas\\\/armonica-seydel-set-blues-session-steel\\\/#primaryimage\"},\"thumbnailUrl\":\"https:\\\/\\\/www.mexicanguitarplayers.com\\\/wp-content\\\/uploads\\\/2022\\\/08\\\/IVSED10316.jpg\",\"datePublished\":\"2022-08-18T13:27:33+00:00\",\"dateModified\":\"2026-01-03T10:48:26+00:00\",\"description\":\"ARMONICA SEYDEL SET BLUES SESSION STEEL. Juego de 5 arm\u00f3nicas, incluye tonos de G A Bb C y D, arm\u00f3nica blues con ca\u00f1as deacero inoxidable libres de corrosi\u00f3n, cubiertas ergon\u00f3micas con boquilla totalmente redondeada, peine de pl\u00e1stico ABS, dise\u00f1o amigable con los labios, consumom\u00ednimo del aire, hasta 5 veces mayor durabilidad que las arm\u00f3nicas con ca\u00f1as delat\u00f3n, incluye estuche de piel.\",\"breadcrumb\":{\"@id\":\"https:\\\/\\\/www.mexicanguitarplayers.com\\\/tienda\\\/alientos\\\/armonicas\\\/armonica-seydel-set-blues-session-steel\\\/#breadcrumb\"},\"inLanguage\":\"en-US\",\"potentialAction\":[{\"@type\":\"ReadAction\",\"target\":[\"https:\\\/\\\/www.mexicanguitarplayers.com\\\/tienda\\\/alientos\\\/armonicas\\\/armonica-seydel-set-blues-session-steel\\\/\"]}]},{\"@type\":\"ImageObject\",\"inLanguage\":\"en-US\",\"@id\":\"https:\\\/\\\/www.mexicanguitarplayers.com\\\/tienda\\\/alientos\\\/armonicas\\\/armonica-seydel-set-blues-session-steel\\\/#primaryimage\",\"url\":\"https:\\\/\\\/www.mexicanguitarplayers.com\\\/wp-content\\\/uploads\\\/2022\\\/08\\\/IVSED10316.jpg\",\"contentUrl\":\"https:\\\/\\\/www.mexicanguitarplayers.com\\\/wp-content\\\/uploads\\\/2022\\\/08\\\/IVSED10316.jpg\",\"width\":1200,\"height\":1200},{\"@type\":\"BreadcrumbList\",\"@id\":\"https:\\\/\\\/www.mexicanguitarplayers.com\\\/tienda\\\/alientos\\\/armonicas\\\/armonica-seydel-set-blues-session-steel\\\/#breadcrumb\",\"itemListElement\":[{\"@type\":\"ListItem\",\"position\":1,\"name\":\"Portada\",\"item\":\"https:\\\/\\\/www.mexicanguitarplayers.com\\\/\"},{\"@type\":\"ListItem\",\"position\":2,\"name\":\"Tienda\",\"item\":\"https:\\\/\\\/www.mexicanguitarplayers.com\\\/tienda\\\/\"},{\"@type\":\"ListItem\",\"position\":3,\"name\":\"ARMONICA SEYDEL SET BLUES SESSION STEEL\"}]},{\"@type\":\"WebSite\",\"@id\":\"https:\\\/\\\/www.mexicanguitarplayers.com\\\/#website\",\"url\":\"https:\\\/\\\/www.mexicanguitarplayers.com\\\/\",\"name\":\"Mexican Guitar Players\",\"description\":\"Website\",\"publisher\":{\"@id\":\"https:\\\/\\\/www.mexicanguitarplayers.com\\\/#organization\"},\"potentialAction\":[{\"@type\":\"SearchAction\",\"target\":{\"@type\":\"EntryPoint\",\"urlTemplate\":\"https:\\\/\\\/www.mexicanguitarplayers.com\\\/?s={search_term_string}\"},\"query-input\":{\"@type\":\"PropertyValueSpecification\",\"valueRequired\":true,\"valueName\":\"search_term_string\"}}],\"inLanguage\":\"en-US\"},{\"@type\":\"Organization\",\"@id\":\"https:\\\/\\\/www.mexicanguitarplayers.com\\\/#organization\",\"name\":\"Mexican Guitar Players\",\"url\":\"https:\\\/\\\/www.mexicanguitarplayers.com\\\/\",\"logo\":{\"@type\":\"ImageObject\",\"inLanguage\":\"en-US\",\"@id\":\"https:\\\/\\\/www.mexicanguitarplayers.com\\\/#\\\/schema\\\/logo\\\/image\\\/\",\"url\":\"\",\"contentUrl\":\"\",\"caption\":\"Mexican Guitar Players\"},\"image\":{\"@id\":\"https:\\\/\\\/www.mexicanguitarplayers.com\\\/#\\\/schema\\\/logo\\\/image\\\/\"}}]}<\/script>\n<!-- \/ Yoast SEO plugin. -->","yoast_head_json":{"title":"ARMONICA SEYDEL SET BLUES SESSION STEEL - Mexican Guitar Players","description":"ARMONICA SEYDEL SET BLUES SESSION STEEL. Juego de 5 arm\u00f3nicas, incluye tonos de G A Bb C y D, arm\u00f3nica blues con ca\u00f1as deacero inoxidable libres de corrosi\u00f3n, cubiertas ergon\u00f3micas con boquilla totalmente redondeada, peine de pl\u00e1stico ABS, dise\u00f1o amigable con los labios, consumom\u00ednimo del aire, hasta 5 veces mayor durabilidad que las arm\u00f3nicas con ca\u00f1as delat\u00f3n, incluye estuche de piel.","robots":{"index":"index","follow":"follow","max-snippet":"max-snippet:-1","max-image-preview":"max-image-preview:large","max-video-preview":"max-video-preview:-1"},"canonical":"https:\/\/www.mexicanguitarplayers.com\/en\/tienda\/alientos\/armonicas\/armonica-seydel-set-blues-session-steel\/","og_locale":"en_US","og_type":"article","og_title":"ARMONICA SEYDEL SET BLUES SESSION STEEL - Mexican Guitar Players","og_description":"ARMONICA SEYDEL SET BLUES SESSION STEEL. Juego de 5 arm\u00f3nicas, incluye tonos de G A Bb C y D, arm\u00f3nica blues con ca\u00f1as deacero inoxidable libres de corrosi\u00f3n, cubiertas ergon\u00f3micas con boquilla totalmente redondeada, peine de pl\u00e1stico ABS, dise\u00f1o amigable con los labios, consumom\u00ednimo del aire, hasta 5 veces mayor durabilidad que las arm\u00f3nicas con ca\u00f1as delat\u00f3n, incluye estuche de piel.","og_url":"https:\/\/www.mexicanguitarplayers.com\/en\/tienda\/alientos\/armonicas\/armonica-seydel-set-blues-session-steel\/","og_site_name":"Mexican Guitar Players","article_modified_time":"2026-01-03T10:48:26+00:00","og_image":[{"width":1200,"height":1200,"url":"https:\/\/www.mexicanguitarplayers.com\/wp-content\/uploads\/2022\/08\/IVSED10316.jpg","type":"image\/jpeg"}],"twitter_card":"summary_large_image","schema":{"@context":"https:\/\/schema.org","@graph":[{"@type":["WebPage","ItemPage"],"@id":"https:\/\/www.mexicanguitarplayers.com\/tienda\/alientos\/armonicas\/armonica-seydel-set-blues-session-steel\/","url":"https:\/\/www.mexicanguitarplayers.com\/tienda\/alientos\/armonicas\/armonica-seydel-set-blues-session-steel\/","name":"ARMONICA SEYDEL SET BLUES SESSION STEEL - Mexican Guitar Players","isPartOf":{"@id":"https:\/\/www.mexicanguitarplayers.com\/#website"},"primaryImageOfPage":{"@id":"https:\/\/www.mexicanguitarplayers.com\/tienda\/alientos\/armonicas\/armonica-seydel-set-blues-session-steel\/#primaryimage"},"image":{"@id":"https:\/\/www.mexicanguitarplayers.com\/tienda\/alientos\/armonicas\/armonica-seydel-set-blues-session-steel\/#primaryimage"},"thumbnailUrl":"https:\/\/www.mexicanguitarplayers.com\/wp-content\/uploads\/2022\/08\/IVSED10316.jpg","datePublished":"2022-08-18T13:27:33+00:00","dateModified":"2026-01-03T10:48:26+00:00","description":"ARMONICA SEYDEL SET BLUES SESSION STEEL. Juego de 5 arm\u00f3nicas, incluye tonos de G A Bb C y D, arm\u00f3nica blues con ca\u00f1as deacero inoxidable libres de corrosi\u00f3n, cubiertas ergon\u00f3micas con boquilla totalmente redondeada, peine de pl\u00e1stico ABS, dise\u00f1o amigable con los labios, consumom\u00ednimo del aire, hasta 5 veces mayor durabilidad que las arm\u00f3nicas con ca\u00f1as delat\u00f3n, incluye estuche de piel.","breadcrumb":{"@id":"https:\/\/www.mexicanguitarplayers.com\/tienda\/alientos\/armonicas\/armonica-seydel-set-blues-session-steel\/#breadcrumb"},"inLanguage":"en-US","potentialAction":[{"@type":"ReadAction","target":["https:\/\/www.mexicanguitarplayers.com\/tienda\/alientos\/armonicas\/armonica-seydel-set-blues-session-steel\/"]}]},{"@type":"ImageObject","inLanguage":"en-US","@id":"https:\/\/www.mexicanguitarplayers.com\/tienda\/alientos\/armonicas\/armonica-seydel-set-blues-session-steel\/#primaryimage","url":"https:\/\/www.mexicanguitarplayers.com\/wp-content\/uploads\/2022\/08\/IVSED10316.jpg","contentUrl":"https:\/\/www.mexicanguitarplayers.com\/wp-content\/uploads\/2022\/08\/IVSED10316.jpg","width":1200,"height":1200},{"@type":"BreadcrumbList","@id":"https:\/\/www.mexicanguitarplayers.com\/tienda\/alientos\/armonicas\/armonica-seydel-set-blues-session-steel\/#breadcrumb","itemListElement":[{"@type":"ListItem","position":1,"name":"Portada","item":"https:\/\/www.mexicanguitarplayers.com\/"},{"@type":"ListItem","position":2,"name":"Tienda","item":"https:\/\/www.mexicanguitarplayers.com\/tienda\/"},{"@type":"ListItem","position":3,"name":"ARMONICA SEYDEL SET BLUES SESSION STEEL"}]},{"@type":"WebSite","@id":"https:\/\/www.mexicanguitarplayers.com\/#website","url":"https:\/\/www.mexicanguitarplayers.com\/","name":"Mexican Guitar Players","description":"Website","publisher":{"@id":"https:\/\/www.mexicanguitarplayers.com\/#organization"},"potentialAction":[{"@type":"SearchAction","target":{"@type":"EntryPoint","urlTemplate":"https:\/\/www.mexicanguitarplayers.com\/?s={search_term_string}"},"query-input":{"@type":"PropertyValueSpecification","valueRequired":true,"valueName":"search_term_string"}}],"inLanguage":"en-US"},{"@type":"Organization","@id":"https:\/\/www.mexicanguitarplayers.com\/#organization","name":"Mexican Guitar Players","url":"https:\/\/www.mexicanguitarplayers.com\/","logo":{"@type":"ImageObject","inLanguage":"en-US","@id":"https:\/\/www.mexicanguitarplayers.com\/#\/schema\/logo\/image\/","url":"","contentUrl":"","caption":"Mexican Guitar Players"},"image":{"@id":"https:\/\/www.mexicanguitarplayers.com\/#\/schema\/logo\/image\/"}}]}},"brands":[{"id":403,"name":"SEYDEL","slug":"seydel"}],"_links":{"self":[{"href":"https:\/\/www.mexicanguitarplayers.com\/en\/wp-json\/wp\/v2\/product\/12382","targetHints":{"allow":["GET"]}}],"collection":[{"href":"https:\/\/www.mexicanguitarplayers.com\/en\/wp-json\/wp\/v2\/product"}],"about":[{"href":"https:\/\/www.mexicanguitarplayers.com\/en\/wp-json\/wp\/v2\/types\/product"}],"replies":[{"embeddable":true,"href":"https:\/\/www.mexicanguitarplayers.com\/en\/wp-json\/wp\/v2\/comments?post=12382"}],"wp:featuredmedia":[{"embeddable":true,"href":"https:\/\/www.mexicanguitarplayers.com\/en\/wp-json\/wp\/v2\/media\/12380"}],"wp:attachment":[{"href":"https:\/\/www.mexicanguitarplayers.com\/en\/wp-json\/wp\/v2\/media?parent=12382"}],"wp:term":[{"taxonomy":"pwb-brand","embeddable":true,"href":"https:\/\/www.mexicanguitarplayers.com\/en\/wp-json\/wp\/v2\/pwb-brand?post=12382"},{"taxonomy":"product_brand","embeddable":true,"href":"https:\/\/www.mexicanguitarplayers.com\/en\/wp-json\/wp\/v2\/product_brand?post=12382"},{"taxonomy":"product_cat","embeddable":true,"href":"https:\/\/www.mexicanguitarplayers.com\/en\/wp-json\/wp\/v2\/product_cat?post=12382"},{"taxonomy":"product_tag","embeddable":true,"href":"https:\/\/www.mexicanguitarplayers.com\/en\/wp-json\/wp\/v2\/product_tag?post=12382"}],"curies":[{"name":"wp","href":"https:\/\/api.w.org\/{rel}","templated":true}]}}