{"id":12388,"date":"2022-08-18T08:27:38","date_gmt":"2022-08-18T13:27:38","guid":{"rendered":"https:\/\/www.mexicanguitarplayers.com\/tienda\/sin%20categor\u00eda\/armonica-seydel-blues-1847-silver\/"},"modified":"2026-01-03T04:48:19","modified_gmt":"2026-01-03T10:48:19","slug":"armonica-seydel-blues-1847-silver","status":"publish","type":"product","link":"https:\/\/www.mexicanguitarplayers.com\/en\/tienda\/alientos\/armonicas\/armonica-seydel-blues-1847-silver\/","title":{"rendered":"HARMONICA SEYDEL BLUES 1847 SILVER"},"content":{"rendered":"<div style=\"text-align: justify\">\n<div>\n<h3>HARMONICA SEYDEL BLUES 1847 SILVER<\/h3>\n<\/div>\n<div>Richter-diatonic harmonica with stainless steel reeds, corrosion free, unparalleled visual appearance, stainless steel reeds, cover plate rivets and screws, non-corrosive nickel silver reed plates, solid polymer comb, reduced air loss, rounded cover plates, 10 holes<\/div>\n<\/div>","protected":false},"excerpt":{"rendered":"<p>Arm\u00f3nica Richter-diat\u00f3nica con ca\u00f1as de acero inoxidable, libre de corrosi\u00f3n, apariencia visual sin precedentes, ca\u00f1as, remaches de placas de cubierta y tornillos de acero inoxidable, platos de leng\u00fcetas de alpaca no corrosivos, peine de pol\u00edmero s\u00f3lido, menor p\u00e9rdida de aire, placas de cubierta redondeadas, 10 agujeros&hellip; <a class=\"kt-excerpt-readmore more-link\" href=\"https:\/\/www.mexicanguitarplayers.com\/en\/tienda\/alientos\/armonicas\/armonica-seydel-blues-1847-silver\/\">Read more<\/a><\/p>","protected":false},"featured_media":12387,"comment_status":"open","ping_status":"closed","template":"","meta":{"kt_blocks_editor_width":""},"pwb-brand":[403],"product_brand":[],"product_cat":[388,401],"product_tag":[],"class_list":{"0":"post-12388","1":"product","2":"type-product","3":"status-publish","4":"has-post-thumbnail","6":"pwb-brand-seydel","7":"product_cat-alientos","8":"product_cat-armonicas","9":"product_shipping_class-0-5-kg","11":"first","12":"instock","13":"taxable","14":"shipping-taxable","15":"purchasable","16":"product-type-simple"},"yoast_head":"<!-- This site is optimized with the Yoast SEO plugin v27.3 - https:\/\/yoast.com\/product\/yoast-seo-wordpress\/ -->\n<title>ARMONICA SEYDEL BLUES 1847 SILVER - Mexican Guitar Players<\/title>\n<meta name=\"description\" content=\"ARMONICA SEYDEL BLUES 1847 SILVER. Arm\u00f3nica Richter-diat\u00f3nica con ca\u00f1as de acero inoxidable, libre de corrosi\u00f3n, apariencia visual sin precedentes, ca\u00f1as, remaches de placas de cubierta y tornillos de acero inoxidable, platos de leng\u00fcetas de alpaca no corrosivos, peine de pol\u00edmero s\u00f3lido, menor p\u00e9rdida de aire, placas de cubierta redondeadas, 10 agujeros\" \/>\n<meta name=\"robots\" content=\"index, follow, max-snippet:-1, max-image-preview:large, max-video-preview:-1\" \/>\n<link rel=\"canonical\" href=\"https:\/\/www.mexicanguitarplayers.com\/en\/tienda\/alientos\/armonicas\/armonica-seydel-blues-1847-silver\/\" \/>\n<meta property=\"og:locale\" content=\"en_US\" \/>\n<meta property=\"og:type\" content=\"article\" \/>\n<meta property=\"og:title\" content=\"ARMONICA SEYDEL BLUES 1847 SILVER - Mexican Guitar Players\" \/>\n<meta property=\"og:description\" content=\"ARMONICA SEYDEL BLUES 1847 SILVER. Arm\u00f3nica Richter-diat\u00f3nica con ca\u00f1as de acero inoxidable, libre de corrosi\u00f3n, apariencia visual sin precedentes, ca\u00f1as, remaches de placas de cubierta y tornillos de acero inoxidable, platos de leng\u00fcetas de alpaca no corrosivos, peine de pol\u00edmero s\u00f3lido, menor p\u00e9rdida de aire, placas de cubierta redondeadas, 10 agujeros\" \/>\n<meta property=\"og:url\" content=\"https:\/\/www.mexicanguitarplayers.com\/en\/tienda\/alientos\/armonicas\/armonica-seydel-blues-1847-silver\/\" \/>\n<meta property=\"og:site_name\" content=\"Mexican Guitar Players\" \/>\n<meta property=\"article:modified_time\" content=\"2026-01-03T10:48:19+00:00\" \/>\n<meta property=\"og:image\" content=\"https:\/\/www.mexicanguitarplayers.com\/wp-content\/uploads\/2022\/08\/IVSED16301.jpg\" \/>\n\t<meta property=\"og:image:width\" content=\"1200\" \/>\n\t<meta property=\"og:image:height\" content=\"1200\" \/>\n\t<meta property=\"og:image:type\" content=\"image\/jpeg\" \/>\n<meta name=\"twitter:card\" content=\"summary_large_image\" \/>\n<script type=\"application\/ld+json\" class=\"yoast-schema-graph\">{\"@context\":\"https:\\\/\\\/schema.org\",\"@graph\":[{\"@type\":[\"WebPage\",\"ItemPage\"],\"@id\":\"https:\\\/\\\/www.mexicanguitarplayers.com\\\/tienda\\\/alientos\\\/armonicas\\\/armonica-seydel-blues-1847-silver\\\/\",\"url\":\"https:\\\/\\\/www.mexicanguitarplayers.com\\\/tienda\\\/alientos\\\/armonicas\\\/armonica-seydel-blues-1847-silver\\\/\",\"name\":\"ARMONICA SEYDEL BLUES 1847 SILVER - Mexican Guitar Players\",\"isPartOf\":{\"@id\":\"https:\\\/\\\/www.mexicanguitarplayers.com\\\/#website\"},\"primaryImageOfPage\":{\"@id\":\"https:\\\/\\\/www.mexicanguitarplayers.com\\\/tienda\\\/alientos\\\/armonicas\\\/armonica-seydel-blues-1847-silver\\\/#primaryimage\"},\"image\":{\"@id\":\"https:\\\/\\\/www.mexicanguitarplayers.com\\\/tienda\\\/alientos\\\/armonicas\\\/armonica-seydel-blues-1847-silver\\\/#primaryimage\"},\"thumbnailUrl\":\"https:\\\/\\\/www.mexicanguitarplayers.com\\\/wp-content\\\/uploads\\\/2022\\\/08\\\/IVSED16301.jpg\",\"datePublished\":\"2022-08-18T13:27:38+00:00\",\"dateModified\":\"2026-01-03T10:48:19+00:00\",\"description\":\"ARMONICA SEYDEL BLUES 1847 SILVER. Arm\u00f3nica Richter-diat\u00f3nica con ca\u00f1as de acero inoxidable, libre de corrosi\u00f3n, apariencia visual sin precedentes, ca\u00f1as, remaches de placas de cubierta y tornillos de acero inoxidable, platos de leng\u00fcetas de alpaca no corrosivos, peine de pol\u00edmero s\u00f3lido, menor p\u00e9rdida de aire, placas de cubierta redondeadas, 10 agujeros\",\"breadcrumb\":{\"@id\":\"https:\\\/\\\/www.mexicanguitarplayers.com\\\/tienda\\\/alientos\\\/armonicas\\\/armonica-seydel-blues-1847-silver\\\/#breadcrumb\"},\"inLanguage\":\"en-US\",\"potentialAction\":[{\"@type\":\"ReadAction\",\"target\":[\"https:\\\/\\\/www.mexicanguitarplayers.com\\\/tienda\\\/alientos\\\/armonicas\\\/armonica-seydel-blues-1847-silver\\\/\"]}]},{\"@type\":\"ImageObject\",\"inLanguage\":\"en-US\",\"@id\":\"https:\\\/\\\/www.mexicanguitarplayers.com\\\/tienda\\\/alientos\\\/armonicas\\\/armonica-seydel-blues-1847-silver\\\/#primaryimage\",\"url\":\"https:\\\/\\\/www.mexicanguitarplayers.com\\\/wp-content\\\/uploads\\\/2022\\\/08\\\/IVSED16301.jpg\",\"contentUrl\":\"https:\\\/\\\/www.mexicanguitarplayers.com\\\/wp-content\\\/uploads\\\/2022\\\/08\\\/IVSED16301.jpg\",\"width\":1200,\"height\":1200},{\"@type\":\"BreadcrumbList\",\"@id\":\"https:\\\/\\\/www.mexicanguitarplayers.com\\\/tienda\\\/alientos\\\/armonicas\\\/armonica-seydel-blues-1847-silver\\\/#breadcrumb\",\"itemListElement\":[{\"@type\":\"ListItem\",\"position\":1,\"name\":\"Portada\",\"item\":\"https:\\\/\\\/www.mexicanguitarplayers.com\\\/\"},{\"@type\":\"ListItem\",\"position\":2,\"name\":\"Tienda\",\"item\":\"https:\\\/\\\/www.mexicanguitarplayers.com\\\/tienda\\\/\"},{\"@type\":\"ListItem\",\"position\":3,\"name\":\"ARMONICA SEYDEL BLUES 1847 SILVER\"}]},{\"@type\":\"WebSite\",\"@id\":\"https:\\\/\\\/www.mexicanguitarplayers.com\\\/#website\",\"url\":\"https:\\\/\\\/www.mexicanguitarplayers.com\\\/\",\"name\":\"Mexican Guitar Players\",\"description\":\"Website\",\"publisher\":{\"@id\":\"https:\\\/\\\/www.mexicanguitarplayers.com\\\/#organization\"},\"potentialAction\":[{\"@type\":\"SearchAction\",\"target\":{\"@type\":\"EntryPoint\",\"urlTemplate\":\"https:\\\/\\\/www.mexicanguitarplayers.com\\\/?s={search_term_string}\"},\"query-input\":{\"@type\":\"PropertyValueSpecification\",\"valueRequired\":true,\"valueName\":\"search_term_string\"}}],\"inLanguage\":\"en-US\"},{\"@type\":\"Organization\",\"@id\":\"https:\\\/\\\/www.mexicanguitarplayers.com\\\/#organization\",\"name\":\"Mexican Guitar Players\",\"url\":\"https:\\\/\\\/www.mexicanguitarplayers.com\\\/\",\"logo\":{\"@type\":\"ImageObject\",\"inLanguage\":\"en-US\",\"@id\":\"https:\\\/\\\/www.mexicanguitarplayers.com\\\/#\\\/schema\\\/logo\\\/image\\\/\",\"url\":\"\",\"contentUrl\":\"\",\"caption\":\"Mexican Guitar Players\"},\"image\":{\"@id\":\"https:\\\/\\\/www.mexicanguitarplayers.com\\\/#\\\/schema\\\/logo\\\/image\\\/\"}}]}<\/script>\n<!-- \/ Yoast SEO plugin. -->","yoast_head_json":{"title":"ARMONICA SEYDEL BLUES 1847 SILVER - Mexican Guitar Players","description":"ARMONICA SEYDEL BLUES 1847 SILVER. Arm\u00f3nica Richter-diat\u00f3nica con ca\u00f1as de acero inoxidable, libre de corrosi\u00f3n, apariencia visual sin precedentes, ca\u00f1as, remaches de placas de cubierta y tornillos de acero inoxidable, platos de leng\u00fcetas de alpaca no corrosivos, peine de pol\u00edmero s\u00f3lido, menor p\u00e9rdida de aire, placas de cubierta redondeadas, 10 agujeros","robots":{"index":"index","follow":"follow","max-snippet":"max-snippet:-1","max-image-preview":"max-image-preview:large","max-video-preview":"max-video-preview:-1"},"canonical":"https:\/\/www.mexicanguitarplayers.com\/en\/tienda\/alientos\/armonicas\/armonica-seydel-blues-1847-silver\/","og_locale":"en_US","og_type":"article","og_title":"ARMONICA SEYDEL BLUES 1847 SILVER - Mexican Guitar Players","og_description":"ARMONICA SEYDEL BLUES 1847 SILVER. Arm\u00f3nica Richter-diat\u00f3nica con ca\u00f1as de acero inoxidable, libre de corrosi\u00f3n, apariencia visual sin precedentes, ca\u00f1as, remaches de placas de cubierta y tornillos de acero inoxidable, platos de leng\u00fcetas de alpaca no corrosivos, peine de pol\u00edmero s\u00f3lido, menor p\u00e9rdida de aire, placas de cubierta redondeadas, 10 agujeros","og_url":"https:\/\/www.mexicanguitarplayers.com\/en\/tienda\/alientos\/armonicas\/armonica-seydel-blues-1847-silver\/","og_site_name":"Mexican Guitar Players","article_modified_time":"2026-01-03T10:48:19+00:00","og_image":[{"width":1200,"height":1200,"url":"https:\/\/www.mexicanguitarplayers.com\/wp-content\/uploads\/2022\/08\/IVSED16301.jpg","type":"image\/jpeg"}],"twitter_card":"summary_large_image","schema":{"@context":"https:\/\/schema.org","@graph":[{"@type":["WebPage","ItemPage"],"@id":"https:\/\/www.mexicanguitarplayers.com\/tienda\/alientos\/armonicas\/armonica-seydel-blues-1847-silver\/","url":"https:\/\/www.mexicanguitarplayers.com\/tienda\/alientos\/armonicas\/armonica-seydel-blues-1847-silver\/","name":"ARMONICA SEYDEL BLUES 1847 SILVER - Mexican Guitar Players","isPartOf":{"@id":"https:\/\/www.mexicanguitarplayers.com\/#website"},"primaryImageOfPage":{"@id":"https:\/\/www.mexicanguitarplayers.com\/tienda\/alientos\/armonicas\/armonica-seydel-blues-1847-silver\/#primaryimage"},"image":{"@id":"https:\/\/www.mexicanguitarplayers.com\/tienda\/alientos\/armonicas\/armonica-seydel-blues-1847-silver\/#primaryimage"},"thumbnailUrl":"https:\/\/www.mexicanguitarplayers.com\/wp-content\/uploads\/2022\/08\/IVSED16301.jpg","datePublished":"2022-08-18T13:27:38+00:00","dateModified":"2026-01-03T10:48:19+00:00","description":"ARMONICA SEYDEL BLUES 1847 SILVER. Arm\u00f3nica Richter-diat\u00f3nica con ca\u00f1as de acero inoxidable, libre de corrosi\u00f3n, apariencia visual sin precedentes, ca\u00f1as, remaches de placas de cubierta y tornillos de acero inoxidable, platos de leng\u00fcetas de alpaca no corrosivos, peine de pol\u00edmero s\u00f3lido, menor p\u00e9rdida de aire, placas de cubierta redondeadas, 10 agujeros","breadcrumb":{"@id":"https:\/\/www.mexicanguitarplayers.com\/tienda\/alientos\/armonicas\/armonica-seydel-blues-1847-silver\/#breadcrumb"},"inLanguage":"en-US","potentialAction":[{"@type":"ReadAction","target":["https:\/\/www.mexicanguitarplayers.com\/tienda\/alientos\/armonicas\/armonica-seydel-blues-1847-silver\/"]}]},{"@type":"ImageObject","inLanguage":"en-US","@id":"https:\/\/www.mexicanguitarplayers.com\/tienda\/alientos\/armonicas\/armonica-seydel-blues-1847-silver\/#primaryimage","url":"https:\/\/www.mexicanguitarplayers.com\/wp-content\/uploads\/2022\/08\/IVSED16301.jpg","contentUrl":"https:\/\/www.mexicanguitarplayers.com\/wp-content\/uploads\/2022\/08\/IVSED16301.jpg","width":1200,"height":1200},{"@type":"BreadcrumbList","@id":"https:\/\/www.mexicanguitarplayers.com\/tienda\/alientos\/armonicas\/armonica-seydel-blues-1847-silver\/#breadcrumb","itemListElement":[{"@type":"ListItem","position":1,"name":"Portada","item":"https:\/\/www.mexicanguitarplayers.com\/"},{"@type":"ListItem","position":2,"name":"Tienda","item":"https:\/\/www.mexicanguitarplayers.com\/tienda\/"},{"@type":"ListItem","position":3,"name":"ARMONICA SEYDEL BLUES 1847 SILVER"}]},{"@type":"WebSite","@id":"https:\/\/www.mexicanguitarplayers.com\/#website","url":"https:\/\/www.mexicanguitarplayers.com\/","name":"Mexican Guitar Players","description":"Website","publisher":{"@id":"https:\/\/www.mexicanguitarplayers.com\/#organization"},"potentialAction":[{"@type":"SearchAction","target":{"@type":"EntryPoint","urlTemplate":"https:\/\/www.mexicanguitarplayers.com\/?s={search_term_string}"},"query-input":{"@type":"PropertyValueSpecification","valueRequired":true,"valueName":"search_term_string"}}],"inLanguage":"en-US"},{"@type":"Organization","@id":"https:\/\/www.mexicanguitarplayers.com\/#organization","name":"Mexican Guitar Players","url":"https:\/\/www.mexicanguitarplayers.com\/","logo":{"@type":"ImageObject","inLanguage":"en-US","@id":"https:\/\/www.mexicanguitarplayers.com\/#\/schema\/logo\/image\/","url":"","contentUrl":"","caption":"Mexican Guitar Players"},"image":{"@id":"https:\/\/www.mexicanguitarplayers.com\/#\/schema\/logo\/image\/"}}]}},"brands":[{"id":403,"name":"SEYDEL","slug":"seydel"}],"_links":{"self":[{"href":"https:\/\/www.mexicanguitarplayers.com\/en\/wp-json\/wp\/v2\/product\/12388","targetHints":{"allow":["GET"]}}],"collection":[{"href":"https:\/\/www.mexicanguitarplayers.com\/en\/wp-json\/wp\/v2\/product"}],"about":[{"href":"https:\/\/www.mexicanguitarplayers.com\/en\/wp-json\/wp\/v2\/types\/product"}],"replies":[{"embeddable":true,"href":"https:\/\/www.mexicanguitarplayers.com\/en\/wp-json\/wp\/v2\/comments?post=12388"}],"wp:featuredmedia":[{"embeddable":true,"href":"https:\/\/www.mexicanguitarplayers.com\/en\/wp-json\/wp\/v2\/media\/12387"}],"wp:attachment":[{"href":"https:\/\/www.mexicanguitarplayers.com\/en\/wp-json\/wp\/v2\/media?parent=12388"}],"wp:term":[{"taxonomy":"pwb-brand","embeddable":true,"href":"https:\/\/www.mexicanguitarplayers.com\/en\/wp-json\/wp\/v2\/pwb-brand?post=12388"},{"taxonomy":"product_brand","embeddable":true,"href":"https:\/\/www.mexicanguitarplayers.com\/en\/wp-json\/wp\/v2\/product_brand?post=12388"},{"taxonomy":"product_cat","embeddable":true,"href":"https:\/\/www.mexicanguitarplayers.com\/en\/wp-json\/wp\/v2\/product_cat?post=12388"},{"taxonomy":"product_tag","embeddable":true,"href":"https:\/\/www.mexicanguitarplayers.com\/en\/wp-json\/wp\/v2\/product_tag?post=12388"}],"curies":[{"name":"wp","href":"https:\/\/api.w.org\/{rel}","templated":true}]}}