{"id":12390,"date":"2022-08-18T08:27:41","date_gmt":"2022-08-18T13:27:41","guid":{"rendered":"https:\/\/www.mexicanguitarplayers.com\/tienda\/sin%20categor\u00eda\/armonica-seydel-blues-1847-noble\/"},"modified":"2026-04-10T05:15:37","modified_gmt":"2026-04-10T11:15:37","slug":"armonica-seydel-blues-1847-noble","status":"publish","type":"product","link":"https:\/\/www.mexicanguitarplayers.com\/en\/tienda\/alientos\/armonicas\/armonica-seydel-blues-1847-noble\/","title":{"rendered":"HARMONICA SEYDEL BLUES 1847 NOBLE"},"content":{"rendered":"<div style=\"text-align: justify\">\n<div>\n<h3>HARMONICA SEYDEL BLUES 1847 NOBLE<\/h3>\n<\/div>\n<div>Blues Harmonica with stainless steel reeds, matte stainless steel tops with side vents, optimized sound projection, airflow distribution, cone-shaped bottom note plate (LF to LC), precision-milled comb to Made from aluminium, black anodised, laser engraved Seydel logo on the back, fine cut lugs made from German silver and secured with stainless steel screws, extremely close tolerances between groove and shank.<\/div>\n<\/div>","protected":false},"excerpt":{"rendered":"<p>Arm\u00f3nica Blues con ca\u00f1as de acero inoxidable, cubiertas de acero inoxidable matecon rejillas laterales de ventilaci\u00f3n, proyecci\u00f3n optimizada del sonido, distribuci\u00f3n del flujo de aire, placa inferior en forma de cono para las notas (LF a LC), peine con fresado de precisi\u00f3n a partir de aluminio, anodizado en negro, logotipo de Seydel grabado con l\u00e1ser en la parte posterior, leng\u00fcetas con corte fino fabricadas con plata alemana y fijadas con tornillos de acero inoxidable, tolerancias extremadamente estrechas entre la ranura y la ca\u00f1a.&hellip; <a class=\"kt-excerpt-readmore more-link\" href=\"https:\/\/www.mexicanguitarplayers.com\/en\/tienda\/alientos\/armonicas\/armonica-seydel-blues-1847-noble\/\">Read more<\/a><\/p>","protected":false},"featured_media":12389,"comment_status":"open","ping_status":"closed","template":"","meta":{"kt_blocks_editor_width":""},"pwb-brand":[403],"product_brand":[],"product_cat":[388,401],"product_tag":[],"class_list":{"0":"post-12390","1":"product","2":"type-product","3":"status-publish","4":"has-post-thumbnail","6":"pwb-brand-seydel","7":"product_cat-alientos","8":"product_cat-armonicas","9":"product_shipping_class-0-5-kg","11":"first","12":"outofstock","13":"taxable","14":"shipping-taxable","15":"purchasable","16":"product-type-simple"},"yoast_head":"<!-- This site is optimized with the Yoast SEO plugin v27.5 - https:\/\/yoast.com\/product\/yoast-seo-wordpress\/ -->\n<title>ARMONICA SEYDEL BLUES 1847 NOBLE - Mexican Guitar Players<\/title>\n<meta name=\"description\" content=\"ARMONICA SEYDEL BLUES 1847 NOBLE. Arm\u00f3nica Blues con ca\u00f1as de acero inoxidable, cubiertas de acero inoxidable matecon rejillas laterales de ventilaci\u00f3n, proyecci\u00f3n optimizada del sonido, distribuci\u00f3n del flujo de aire, placa inferior en forma de cono para las notas (LF a LC), peine con fresado de precisi\u00f3n a partir de aluminio, anodizado en negro, logotipo de Seydel grabado con l\u00e1ser en la parte posterior, leng\u00fcetas con corte fino fabricadas con plata alemana y fijadas con tornillos de acero inoxidable, tolerancias extremadamente estrechas entre la ranura y la ca\u00f1a.\" \/>\n<meta name=\"robots\" content=\"index, follow, max-snippet:-1, max-image-preview:large, max-video-preview:-1\" \/>\n<link rel=\"canonical\" href=\"https:\/\/www.mexicanguitarplayers.com\/en\/tienda\/alientos\/armonicas\/armonica-seydel-blues-1847-noble\/\" \/>\n<meta property=\"og:locale\" content=\"en_US\" \/>\n<meta property=\"og:type\" content=\"article\" \/>\n<meta property=\"og:title\" content=\"ARMONICA SEYDEL BLUES 1847 NOBLE - Mexican Guitar Players\" \/>\n<meta property=\"og:description\" content=\"ARMONICA SEYDEL BLUES 1847 NOBLE. Arm\u00f3nica Blues con ca\u00f1as de acero inoxidable, cubiertas de acero inoxidable matecon rejillas laterales de ventilaci\u00f3n, proyecci\u00f3n optimizada del sonido, distribuci\u00f3n del flujo de aire, placa inferior en forma de cono para las notas (LF a LC), peine con fresado de precisi\u00f3n a partir de aluminio, anodizado en negro, logotipo de Seydel grabado con l\u00e1ser en la parte posterior, leng\u00fcetas con corte fino fabricadas con plata alemana y fijadas con tornillos de acero inoxidable, tolerancias extremadamente estrechas entre la ranura y la ca\u00f1a.\" \/>\n<meta property=\"og:url\" content=\"https:\/\/www.mexicanguitarplayers.com\/en\/tienda\/alientos\/armonicas\/armonica-seydel-blues-1847-noble\/\" \/>\n<meta property=\"og:site_name\" content=\"Mexican Guitar Players\" \/>\n<meta property=\"article:modified_time\" content=\"2026-04-10T11:15:37+00:00\" \/>\n<meta property=\"og:image\" content=\"https:\/\/www.mexicanguitarplayers.com\/wp-content\/uploads\/2022\/08\/IVSED16501.jpg\" \/>\n\t<meta property=\"og:image:width\" content=\"1200\" \/>\n\t<meta property=\"og:image:height\" content=\"1200\" \/>\n\t<meta property=\"og:image:type\" content=\"image\/jpeg\" \/>\n<meta name=\"twitter:card\" content=\"summary_large_image\" \/>\n<script type=\"application\/ld+json\" class=\"yoast-schema-graph\">{\"@context\":\"https:\\\/\\\/schema.org\",\"@graph\":[{\"@type\":[\"WebPage\",\"ItemPage\"],\"@id\":\"https:\\\/\\\/www.mexicanguitarplayers.com\\\/tienda\\\/alientos\\\/armonicas\\\/armonica-seydel-blues-1847-noble\\\/\",\"url\":\"https:\\\/\\\/www.mexicanguitarplayers.com\\\/tienda\\\/alientos\\\/armonicas\\\/armonica-seydel-blues-1847-noble\\\/\",\"name\":\"ARMONICA SEYDEL BLUES 1847 NOBLE - Mexican Guitar Players\",\"isPartOf\":{\"@id\":\"https:\\\/\\\/www.mexicanguitarplayers.com\\\/#website\"},\"primaryImageOfPage\":{\"@id\":\"https:\\\/\\\/www.mexicanguitarplayers.com\\\/tienda\\\/alientos\\\/armonicas\\\/armonica-seydel-blues-1847-noble\\\/#primaryimage\"},\"image\":{\"@id\":\"https:\\\/\\\/www.mexicanguitarplayers.com\\\/tienda\\\/alientos\\\/armonicas\\\/armonica-seydel-blues-1847-noble\\\/#primaryimage\"},\"thumbnailUrl\":\"https:\\\/\\\/www.mexicanguitarplayers.com\\\/wp-content\\\/uploads\\\/2022\\\/08\\\/IVSED16501.jpg\",\"datePublished\":\"2022-08-18T13:27:41+00:00\",\"dateModified\":\"2026-04-10T11:15:37+00:00\",\"description\":\"ARMONICA SEYDEL BLUES 1847 NOBLE. Arm\u00f3nica Blues con ca\u00f1as de acero inoxidable, cubiertas de acero inoxidable matecon rejillas laterales de ventilaci\u00f3n, proyecci\u00f3n optimizada del sonido, distribuci\u00f3n del flujo de aire, placa inferior en forma de cono para las notas (LF a LC), peine con fresado de precisi\u00f3n a partir de aluminio, anodizado en negro, logotipo de Seydel grabado con l\u00e1ser en la parte posterior, leng\u00fcetas con corte fino fabricadas con plata alemana y fijadas con tornillos de acero inoxidable, tolerancias extremadamente estrechas entre la ranura y la ca\u00f1a.\",\"breadcrumb\":{\"@id\":\"https:\\\/\\\/www.mexicanguitarplayers.com\\\/tienda\\\/alientos\\\/armonicas\\\/armonica-seydel-blues-1847-noble\\\/#breadcrumb\"},\"inLanguage\":\"en-US\",\"potentialAction\":[{\"@type\":\"ReadAction\",\"target\":[\"https:\\\/\\\/www.mexicanguitarplayers.com\\\/tienda\\\/alientos\\\/armonicas\\\/armonica-seydel-blues-1847-noble\\\/\"]}]},{\"@type\":\"ImageObject\",\"inLanguage\":\"en-US\",\"@id\":\"https:\\\/\\\/www.mexicanguitarplayers.com\\\/tienda\\\/alientos\\\/armonicas\\\/armonica-seydel-blues-1847-noble\\\/#primaryimage\",\"url\":\"https:\\\/\\\/www.mexicanguitarplayers.com\\\/wp-content\\\/uploads\\\/2022\\\/08\\\/IVSED16501.jpg\",\"contentUrl\":\"https:\\\/\\\/www.mexicanguitarplayers.com\\\/wp-content\\\/uploads\\\/2022\\\/08\\\/IVSED16501.jpg\",\"width\":1200,\"height\":1200},{\"@type\":\"BreadcrumbList\",\"@id\":\"https:\\\/\\\/www.mexicanguitarplayers.com\\\/tienda\\\/alientos\\\/armonicas\\\/armonica-seydel-blues-1847-noble\\\/#breadcrumb\",\"itemListElement\":[{\"@type\":\"ListItem\",\"position\":1,\"name\":\"Portada\",\"item\":\"https:\\\/\\\/www.mexicanguitarplayers.com\\\/\"},{\"@type\":\"ListItem\",\"position\":2,\"name\":\"Tienda\",\"item\":\"https:\\\/\\\/www.mexicanguitarplayers.com\\\/tienda\\\/\"},{\"@type\":\"ListItem\",\"position\":3,\"name\":\"ARMONICA SEYDEL BLUES 1847 NOBLE\"}]},{\"@type\":\"WebSite\",\"@id\":\"https:\\\/\\\/www.mexicanguitarplayers.com\\\/#website\",\"url\":\"https:\\\/\\\/www.mexicanguitarplayers.com\\\/\",\"name\":\"Mexican Guitar Players\",\"description\":\"Website\",\"publisher\":{\"@id\":\"https:\\\/\\\/www.mexicanguitarplayers.com\\\/#organization\"},\"potentialAction\":[{\"@type\":\"SearchAction\",\"target\":{\"@type\":\"EntryPoint\",\"urlTemplate\":\"https:\\\/\\\/www.mexicanguitarplayers.com\\\/?s={search_term_string}\"},\"query-input\":{\"@type\":\"PropertyValueSpecification\",\"valueRequired\":true,\"valueName\":\"search_term_string\"}}],\"inLanguage\":\"en-US\"},{\"@type\":\"Organization\",\"@id\":\"https:\\\/\\\/www.mexicanguitarplayers.com\\\/#organization\",\"name\":\"Mexican Guitar Players\",\"url\":\"https:\\\/\\\/www.mexicanguitarplayers.com\\\/\",\"logo\":{\"@type\":\"ImageObject\",\"inLanguage\":\"en-US\",\"@id\":\"https:\\\/\\\/www.mexicanguitarplayers.com\\\/#\\\/schema\\\/logo\\\/image\\\/\",\"url\":\"\",\"contentUrl\":\"\",\"caption\":\"Mexican Guitar Players\"},\"image\":{\"@id\":\"https:\\\/\\\/www.mexicanguitarplayers.com\\\/#\\\/schema\\\/logo\\\/image\\\/\"}}]}<\/script>\n<!-- \/ Yoast SEO plugin. -->","yoast_head_json":{"title":"ARMONICA SEYDEL BLUES 1847 NOBLE - Mexican Guitar Players","description":"ARMONICA SEYDEL BLUES 1847 NOBLE. Arm\u00f3nica Blues con ca\u00f1as de acero inoxidable, cubiertas de acero inoxidable matecon rejillas laterales de ventilaci\u00f3n, proyecci\u00f3n optimizada del sonido, distribuci\u00f3n del flujo de aire, placa inferior en forma de cono para las notas (LF a LC), peine con fresado de precisi\u00f3n a partir de aluminio, anodizado en negro, logotipo de Seydel grabado con l\u00e1ser en la parte posterior, leng\u00fcetas con corte fino fabricadas con plata alemana y fijadas con tornillos de acero inoxidable, tolerancias extremadamente estrechas entre la ranura y la ca\u00f1a.","robots":{"index":"index","follow":"follow","max-snippet":"max-snippet:-1","max-image-preview":"max-image-preview:large","max-video-preview":"max-video-preview:-1"},"canonical":"https:\/\/www.mexicanguitarplayers.com\/en\/tienda\/alientos\/armonicas\/armonica-seydel-blues-1847-noble\/","og_locale":"en_US","og_type":"article","og_title":"ARMONICA SEYDEL BLUES 1847 NOBLE - Mexican Guitar Players","og_description":"ARMONICA SEYDEL BLUES 1847 NOBLE. Arm\u00f3nica Blues con ca\u00f1as de acero inoxidable, cubiertas de acero inoxidable matecon rejillas laterales de ventilaci\u00f3n, proyecci\u00f3n optimizada del sonido, distribuci\u00f3n del flujo de aire, placa inferior en forma de cono para las notas (LF a LC), peine con fresado de precisi\u00f3n a partir de aluminio, anodizado en negro, logotipo de Seydel grabado con l\u00e1ser en la parte posterior, leng\u00fcetas con corte fino fabricadas con plata alemana y fijadas con tornillos de acero inoxidable, tolerancias extremadamente estrechas entre la ranura y la ca\u00f1a.","og_url":"https:\/\/www.mexicanguitarplayers.com\/en\/tienda\/alientos\/armonicas\/armonica-seydel-blues-1847-noble\/","og_site_name":"Mexican Guitar Players","article_modified_time":"2026-04-10T11:15:37+00:00","og_image":[{"width":1200,"height":1200,"url":"https:\/\/www.mexicanguitarplayers.com\/wp-content\/uploads\/2022\/08\/IVSED16501.jpg","type":"image\/jpeg"}],"twitter_card":"summary_large_image","schema":{"@context":"https:\/\/schema.org","@graph":[{"@type":["WebPage","ItemPage"],"@id":"https:\/\/www.mexicanguitarplayers.com\/tienda\/alientos\/armonicas\/armonica-seydel-blues-1847-noble\/","url":"https:\/\/www.mexicanguitarplayers.com\/tienda\/alientos\/armonicas\/armonica-seydel-blues-1847-noble\/","name":"ARMONICA SEYDEL BLUES 1847 NOBLE - Mexican Guitar Players","isPartOf":{"@id":"https:\/\/www.mexicanguitarplayers.com\/#website"},"primaryImageOfPage":{"@id":"https:\/\/www.mexicanguitarplayers.com\/tienda\/alientos\/armonicas\/armonica-seydel-blues-1847-noble\/#primaryimage"},"image":{"@id":"https:\/\/www.mexicanguitarplayers.com\/tienda\/alientos\/armonicas\/armonica-seydel-blues-1847-noble\/#primaryimage"},"thumbnailUrl":"https:\/\/www.mexicanguitarplayers.com\/wp-content\/uploads\/2022\/08\/IVSED16501.jpg","datePublished":"2022-08-18T13:27:41+00:00","dateModified":"2026-04-10T11:15:37+00:00","description":"ARMONICA SEYDEL BLUES 1847 NOBLE. Arm\u00f3nica Blues con ca\u00f1as de acero inoxidable, cubiertas de acero inoxidable matecon rejillas laterales de ventilaci\u00f3n, proyecci\u00f3n optimizada del sonido, distribuci\u00f3n del flujo de aire, placa inferior en forma de cono para las notas (LF a LC), peine con fresado de precisi\u00f3n a partir de aluminio, anodizado en negro, logotipo de Seydel grabado con l\u00e1ser en la parte posterior, leng\u00fcetas con corte fino fabricadas con plata alemana y fijadas con tornillos de acero inoxidable, tolerancias extremadamente estrechas entre la ranura y la ca\u00f1a.","breadcrumb":{"@id":"https:\/\/www.mexicanguitarplayers.com\/tienda\/alientos\/armonicas\/armonica-seydel-blues-1847-noble\/#breadcrumb"},"inLanguage":"en-US","potentialAction":[{"@type":"ReadAction","target":["https:\/\/www.mexicanguitarplayers.com\/tienda\/alientos\/armonicas\/armonica-seydel-blues-1847-noble\/"]}]},{"@type":"ImageObject","inLanguage":"en-US","@id":"https:\/\/www.mexicanguitarplayers.com\/tienda\/alientos\/armonicas\/armonica-seydel-blues-1847-noble\/#primaryimage","url":"https:\/\/www.mexicanguitarplayers.com\/wp-content\/uploads\/2022\/08\/IVSED16501.jpg","contentUrl":"https:\/\/www.mexicanguitarplayers.com\/wp-content\/uploads\/2022\/08\/IVSED16501.jpg","width":1200,"height":1200},{"@type":"BreadcrumbList","@id":"https:\/\/www.mexicanguitarplayers.com\/tienda\/alientos\/armonicas\/armonica-seydel-blues-1847-noble\/#breadcrumb","itemListElement":[{"@type":"ListItem","position":1,"name":"Portada","item":"https:\/\/www.mexicanguitarplayers.com\/"},{"@type":"ListItem","position":2,"name":"Tienda","item":"https:\/\/www.mexicanguitarplayers.com\/tienda\/"},{"@type":"ListItem","position":3,"name":"ARMONICA SEYDEL BLUES 1847 NOBLE"}]},{"@type":"WebSite","@id":"https:\/\/www.mexicanguitarplayers.com\/#website","url":"https:\/\/www.mexicanguitarplayers.com\/","name":"Mexican Guitar Players","description":"Website","publisher":{"@id":"https:\/\/www.mexicanguitarplayers.com\/#organization"},"potentialAction":[{"@type":"SearchAction","target":{"@type":"EntryPoint","urlTemplate":"https:\/\/www.mexicanguitarplayers.com\/?s={search_term_string}"},"query-input":{"@type":"PropertyValueSpecification","valueRequired":true,"valueName":"search_term_string"}}],"inLanguage":"en-US"},{"@type":"Organization","@id":"https:\/\/www.mexicanguitarplayers.com\/#organization","name":"Mexican Guitar Players","url":"https:\/\/www.mexicanguitarplayers.com\/","logo":{"@type":"ImageObject","inLanguage":"en-US","@id":"https:\/\/www.mexicanguitarplayers.com\/#\/schema\/logo\/image\/","url":"","contentUrl":"","caption":"Mexican Guitar Players"},"image":{"@id":"https:\/\/www.mexicanguitarplayers.com\/#\/schema\/logo\/image\/"}}]}},"brands":[{"id":403,"name":"SEYDEL","slug":"seydel"}],"_links":{"self":[{"href":"https:\/\/www.mexicanguitarplayers.com\/en\/wp-json\/wp\/v2\/product\/12390","targetHints":{"allow":["GET"]}}],"collection":[{"href":"https:\/\/www.mexicanguitarplayers.com\/en\/wp-json\/wp\/v2\/product"}],"about":[{"href":"https:\/\/www.mexicanguitarplayers.com\/en\/wp-json\/wp\/v2\/types\/product"}],"replies":[{"embeddable":true,"href":"https:\/\/www.mexicanguitarplayers.com\/en\/wp-json\/wp\/v2\/comments?post=12390"}],"wp:featuredmedia":[{"embeddable":true,"href":"https:\/\/www.mexicanguitarplayers.com\/en\/wp-json\/wp\/v2\/media\/12389"}],"wp:attachment":[{"href":"https:\/\/www.mexicanguitarplayers.com\/en\/wp-json\/wp\/v2\/media?parent=12390"}],"wp:term":[{"taxonomy":"pwb-brand","embeddable":true,"href":"https:\/\/www.mexicanguitarplayers.com\/en\/wp-json\/wp\/v2\/pwb-brand?post=12390"},{"taxonomy":"product_brand","embeddable":true,"href":"https:\/\/www.mexicanguitarplayers.com\/en\/wp-json\/wp\/v2\/product_brand?post=12390"},{"taxonomy":"product_cat","embeddable":true,"href":"https:\/\/www.mexicanguitarplayers.com\/en\/wp-json\/wp\/v2\/product_cat?post=12390"},{"taxonomy":"product_tag","embeddable":true,"href":"https:\/\/www.mexicanguitarplayers.com\/en\/wp-json\/wp\/v2\/product_tag?post=12390"}],"curies":[{"name":"wp","href":"https:\/\/api.w.org\/{rel}","templated":true}]}}