{"id":12397,"date":"2022-08-18T08:27:51","date_gmt":"2022-08-18T13:27:51","guid":{"rendered":"https:\/\/www.mexicanguitarplayers.com\/tienda\/sin%20categor\u00eda\/armonica-seydel-mod-fanfare-s\/"},"modified":"2026-01-03T04:48:10","modified_gmt":"2026-01-03T10:48:10","slug":"armonica-seydel-mod-fanfare-s","status":"publish","type":"product","link":"https:\/\/www.mexicanguitarplayers.com\/en\/tienda\/alientos\/armonicas\/armonica-seydel-mod-fanfare-s\/","title":{"rendered":"HARMONIC SEYDEL MOD. FANFARE S"},"content":{"rendered":"<div style=\"text-align: justify\">\n<div>\n<h3>HARMONIC SEYDEL MOD. FANFARE S<\/h3>\n<\/div>\n<div>Tremolo harmonica, unprecedented musical presence, 12 holes, 48 stainless steel reeds, chrome metal mouthpiece, blue acrylic glass body, 1mm thick German silver reed plates, corrosion-free, built-in valves, dimensions: 145 x 36 x 30 mm, weight: 190 g, ideal for traditional styles such as: Shanty, Alpenl\u00e4ndische Volksmusik, Irish Folk, Cajun, etc.<\/div>\n<\/div>","protected":false},"excerpt":{"rendered":"<p>Arm\u00f3nica de tr\u00e9molo, presencia musical sin precedentes, 12 agujeros, 48 ca\u00f1as deacero inoxidable, boquilla cromada met\u00e1lica, cuerpo de cristal acr\u00edlico azul, platos de leng\u00fcetas de plata alemana de 1 mm de espesor, sin posibilidad de corrosi\u00f3n, valvulas incorporadas, dimensiones: 145 x 36 x 30 mm, peso: 190 g, ideal para estilos tradicionales como: Shanty, Alpenl\u00e4ndische Volksmusik, Irish Folk, Cajun, etc.&hellip; <a class=\"kt-excerpt-readmore more-link\" href=\"https:\/\/www.mexicanguitarplayers.com\/en\/tienda\/alientos\/armonicas\/armonica-seydel-mod-fanfare-s\/\">Read more<\/a><\/p>","protected":false},"featured_media":12396,"comment_status":"open","ping_status":"closed","template":"","meta":{"kt_blocks_editor_width":""},"pwb-brand":[403],"product_brand":[],"product_cat":[388,401],"product_tag":[],"class_list":{"0":"post-12397","1":"product","2":"type-product","3":"status-publish","4":"has-post-thumbnail","6":"pwb-brand-seydel","7":"product_cat-alientos","8":"product_cat-armonicas","9":"product_shipping_class-0-5-kg","11":"first","12":"instock","13":"taxable","14":"shipping-taxable","15":"purchasable","16":"product-type-simple"},"yoast_head":"<!-- This site is optimized with the Yoast SEO plugin v27.3 - https:\/\/yoast.com\/product\/yoast-seo-wordpress\/ -->\n<title>ARMONICA SEYDEL MOD. FANFARE S - Mexican Guitar Players<\/title>\n<meta name=\"description\" content=\"ARMONICA SEYDEL MOD. FANFARE S. Arm\u00f3nica de tr\u00e9molo, presencia musical sin precedentes, 12 agujeros, 48 ca\u00f1as deacero inoxidable, boquilla cromada met\u00e1lica, cuerpo de cristal acr\u00edlico azul, platos de leng\u00fcetas de plata alemana de 1 mm de espesor, sin posibilidad de corrosi\u00f3n, valvulas incorporadas, dimensiones: 145 x 36 x 30 mm, peso: 190 g, ideal para estilos tradicionales como: Shanty, Alpenl\u00e4ndische Volksmusik, Irish Folk, Cajun, etc.\" \/>\n<meta name=\"robots\" content=\"index, follow, max-snippet:-1, max-image-preview:large, max-video-preview:-1\" \/>\n<link rel=\"canonical\" href=\"https:\/\/www.mexicanguitarplayers.com\/en\/tienda\/alientos\/armonicas\/armonica-seydel-mod-fanfare-s\/\" \/>\n<meta property=\"og:locale\" content=\"en_US\" \/>\n<meta property=\"og:type\" content=\"article\" \/>\n<meta property=\"og:title\" content=\"ARMONICA SEYDEL MOD. FANFARE S - Mexican Guitar Players\" \/>\n<meta property=\"og:description\" content=\"ARMONICA SEYDEL MOD. FANFARE S. Arm\u00f3nica de tr\u00e9molo, presencia musical sin precedentes, 12 agujeros, 48 ca\u00f1as deacero inoxidable, boquilla cromada met\u00e1lica, cuerpo de cristal acr\u00edlico azul, platos de leng\u00fcetas de plata alemana de 1 mm de espesor, sin posibilidad de corrosi\u00f3n, valvulas incorporadas, dimensiones: 145 x 36 x 30 mm, peso: 190 g, ideal para estilos tradicionales como: Shanty, Alpenl\u00e4ndische Volksmusik, Irish Folk, Cajun, etc.\" \/>\n<meta property=\"og:url\" content=\"https:\/\/www.mexicanguitarplayers.com\/en\/tienda\/alientos\/armonicas\/armonica-seydel-mod-fanfare-s\/\" \/>\n<meta property=\"og:site_name\" content=\"Mexican Guitar Players\" \/>\n<meta property=\"article:modified_time\" content=\"2026-01-03T10:48:10+00:00\" \/>\n<meta property=\"og:image\" content=\"https:\/\/www.mexicanguitarplayers.com\/wp-content\/uploads\/2022\/08\/IVSED23480.jpg\" \/>\n\t<meta property=\"og:image:width\" content=\"1200\" \/>\n\t<meta property=\"og:image:height\" content=\"1200\" \/>\n\t<meta property=\"og:image:type\" content=\"image\/jpeg\" \/>\n<meta name=\"twitter:card\" content=\"summary_large_image\" \/>\n<script type=\"application\/ld+json\" class=\"yoast-schema-graph\">{\"@context\":\"https:\\\/\\\/schema.org\",\"@graph\":[{\"@type\":[\"WebPage\",\"ItemPage\"],\"@id\":\"https:\\\/\\\/www.mexicanguitarplayers.com\\\/tienda\\\/alientos\\\/armonicas\\\/armonica-seydel-mod-fanfare-s\\\/\",\"url\":\"https:\\\/\\\/www.mexicanguitarplayers.com\\\/tienda\\\/alientos\\\/armonicas\\\/armonica-seydel-mod-fanfare-s\\\/\",\"name\":\"ARMONICA SEYDEL MOD. FANFARE S - Mexican Guitar Players\",\"isPartOf\":{\"@id\":\"https:\\\/\\\/www.mexicanguitarplayers.com\\\/#website\"},\"primaryImageOfPage\":{\"@id\":\"https:\\\/\\\/www.mexicanguitarplayers.com\\\/tienda\\\/alientos\\\/armonicas\\\/armonica-seydel-mod-fanfare-s\\\/#primaryimage\"},\"image\":{\"@id\":\"https:\\\/\\\/www.mexicanguitarplayers.com\\\/tienda\\\/alientos\\\/armonicas\\\/armonica-seydel-mod-fanfare-s\\\/#primaryimage\"},\"thumbnailUrl\":\"https:\\\/\\\/www.mexicanguitarplayers.com\\\/wp-content\\\/uploads\\\/2022\\\/08\\\/IVSED23480.jpg\",\"datePublished\":\"2022-08-18T13:27:51+00:00\",\"dateModified\":\"2026-01-03T10:48:10+00:00\",\"description\":\"ARMONICA SEYDEL MOD. FANFARE S. Arm\u00f3nica de tr\u00e9molo, presencia musical sin precedentes, 12 agujeros, 48 ca\u00f1as deacero inoxidable, boquilla cromada met\u00e1lica, cuerpo de cristal acr\u00edlico azul, platos de leng\u00fcetas de plata alemana de 1 mm de espesor, sin posibilidad de corrosi\u00f3n, valvulas incorporadas, dimensiones: 145 x 36 x 30 mm, peso: 190 g, ideal para estilos tradicionales como: Shanty, Alpenl\u00e4ndische Volksmusik, Irish Folk, Cajun, etc.\",\"breadcrumb\":{\"@id\":\"https:\\\/\\\/www.mexicanguitarplayers.com\\\/tienda\\\/alientos\\\/armonicas\\\/armonica-seydel-mod-fanfare-s\\\/#breadcrumb\"},\"inLanguage\":\"en-US\",\"potentialAction\":[{\"@type\":\"ReadAction\",\"target\":[\"https:\\\/\\\/www.mexicanguitarplayers.com\\\/tienda\\\/alientos\\\/armonicas\\\/armonica-seydel-mod-fanfare-s\\\/\"]}]},{\"@type\":\"ImageObject\",\"inLanguage\":\"en-US\",\"@id\":\"https:\\\/\\\/www.mexicanguitarplayers.com\\\/tienda\\\/alientos\\\/armonicas\\\/armonica-seydel-mod-fanfare-s\\\/#primaryimage\",\"url\":\"https:\\\/\\\/www.mexicanguitarplayers.com\\\/wp-content\\\/uploads\\\/2022\\\/08\\\/IVSED23480.jpg\",\"contentUrl\":\"https:\\\/\\\/www.mexicanguitarplayers.com\\\/wp-content\\\/uploads\\\/2022\\\/08\\\/IVSED23480.jpg\",\"width\":1200,\"height\":1200},{\"@type\":\"BreadcrumbList\",\"@id\":\"https:\\\/\\\/www.mexicanguitarplayers.com\\\/tienda\\\/alientos\\\/armonicas\\\/armonica-seydel-mod-fanfare-s\\\/#breadcrumb\",\"itemListElement\":[{\"@type\":\"ListItem\",\"position\":1,\"name\":\"Portada\",\"item\":\"https:\\\/\\\/www.mexicanguitarplayers.com\\\/\"},{\"@type\":\"ListItem\",\"position\":2,\"name\":\"Tienda\",\"item\":\"https:\\\/\\\/www.mexicanguitarplayers.com\\\/tienda\\\/\"},{\"@type\":\"ListItem\",\"position\":3,\"name\":\"ARMONICA SEYDEL MOD. FANFARE S\"}]},{\"@type\":\"WebSite\",\"@id\":\"https:\\\/\\\/www.mexicanguitarplayers.com\\\/#website\",\"url\":\"https:\\\/\\\/www.mexicanguitarplayers.com\\\/\",\"name\":\"Mexican Guitar Players\",\"description\":\"Website\",\"publisher\":{\"@id\":\"https:\\\/\\\/www.mexicanguitarplayers.com\\\/#organization\"},\"potentialAction\":[{\"@type\":\"SearchAction\",\"target\":{\"@type\":\"EntryPoint\",\"urlTemplate\":\"https:\\\/\\\/www.mexicanguitarplayers.com\\\/?s={search_term_string}\"},\"query-input\":{\"@type\":\"PropertyValueSpecification\",\"valueRequired\":true,\"valueName\":\"search_term_string\"}}],\"inLanguage\":\"en-US\"},{\"@type\":\"Organization\",\"@id\":\"https:\\\/\\\/www.mexicanguitarplayers.com\\\/#organization\",\"name\":\"Mexican Guitar Players\",\"url\":\"https:\\\/\\\/www.mexicanguitarplayers.com\\\/\",\"logo\":{\"@type\":\"ImageObject\",\"inLanguage\":\"en-US\",\"@id\":\"https:\\\/\\\/www.mexicanguitarplayers.com\\\/#\\\/schema\\\/logo\\\/image\\\/\",\"url\":\"\",\"contentUrl\":\"\",\"caption\":\"Mexican Guitar Players\"},\"image\":{\"@id\":\"https:\\\/\\\/www.mexicanguitarplayers.com\\\/#\\\/schema\\\/logo\\\/image\\\/\"}}]}<\/script>\n<!-- \/ Yoast SEO plugin. -->","yoast_head_json":{"title":"ARMONICA SEYDEL MOD. FANFARE S - Mexican Guitar Players","description":"ARMONICA SEYDEL MOD. FANFARE S. Arm\u00f3nica de tr\u00e9molo, presencia musical sin precedentes, 12 agujeros, 48 ca\u00f1as deacero inoxidable, boquilla cromada met\u00e1lica, cuerpo de cristal acr\u00edlico azul, platos de leng\u00fcetas de plata alemana de 1 mm de espesor, sin posibilidad de corrosi\u00f3n, valvulas incorporadas, dimensiones: 145 x 36 x 30 mm, peso: 190 g, ideal para estilos tradicionales como: Shanty, Alpenl\u00e4ndische Volksmusik, Irish Folk, Cajun, etc.","robots":{"index":"index","follow":"follow","max-snippet":"max-snippet:-1","max-image-preview":"max-image-preview:large","max-video-preview":"max-video-preview:-1"},"canonical":"https:\/\/www.mexicanguitarplayers.com\/en\/tienda\/alientos\/armonicas\/armonica-seydel-mod-fanfare-s\/","og_locale":"en_US","og_type":"article","og_title":"ARMONICA SEYDEL MOD. FANFARE S - Mexican Guitar Players","og_description":"ARMONICA SEYDEL MOD. FANFARE S. Arm\u00f3nica de tr\u00e9molo, presencia musical sin precedentes, 12 agujeros, 48 ca\u00f1as deacero inoxidable, boquilla cromada met\u00e1lica, cuerpo de cristal acr\u00edlico azul, platos de leng\u00fcetas de plata alemana de 1 mm de espesor, sin posibilidad de corrosi\u00f3n, valvulas incorporadas, dimensiones: 145 x 36 x 30 mm, peso: 190 g, ideal para estilos tradicionales como: Shanty, Alpenl\u00e4ndische Volksmusik, Irish Folk, Cajun, etc.","og_url":"https:\/\/www.mexicanguitarplayers.com\/en\/tienda\/alientos\/armonicas\/armonica-seydel-mod-fanfare-s\/","og_site_name":"Mexican Guitar Players","article_modified_time":"2026-01-03T10:48:10+00:00","og_image":[{"width":1200,"height":1200,"url":"https:\/\/www.mexicanguitarplayers.com\/wp-content\/uploads\/2022\/08\/IVSED23480.jpg","type":"image\/jpeg"}],"twitter_card":"summary_large_image","schema":{"@context":"https:\/\/schema.org","@graph":[{"@type":["WebPage","ItemPage"],"@id":"https:\/\/www.mexicanguitarplayers.com\/tienda\/alientos\/armonicas\/armonica-seydel-mod-fanfare-s\/","url":"https:\/\/www.mexicanguitarplayers.com\/tienda\/alientos\/armonicas\/armonica-seydel-mod-fanfare-s\/","name":"ARMONICA SEYDEL MOD. FANFARE S - Mexican Guitar Players","isPartOf":{"@id":"https:\/\/www.mexicanguitarplayers.com\/#website"},"primaryImageOfPage":{"@id":"https:\/\/www.mexicanguitarplayers.com\/tienda\/alientos\/armonicas\/armonica-seydel-mod-fanfare-s\/#primaryimage"},"image":{"@id":"https:\/\/www.mexicanguitarplayers.com\/tienda\/alientos\/armonicas\/armonica-seydel-mod-fanfare-s\/#primaryimage"},"thumbnailUrl":"https:\/\/www.mexicanguitarplayers.com\/wp-content\/uploads\/2022\/08\/IVSED23480.jpg","datePublished":"2022-08-18T13:27:51+00:00","dateModified":"2026-01-03T10:48:10+00:00","description":"ARMONICA SEYDEL MOD. FANFARE S. Arm\u00f3nica de tr\u00e9molo, presencia musical sin precedentes, 12 agujeros, 48 ca\u00f1as deacero inoxidable, boquilla cromada met\u00e1lica, cuerpo de cristal acr\u00edlico azul, platos de leng\u00fcetas de plata alemana de 1 mm de espesor, sin posibilidad de corrosi\u00f3n, valvulas incorporadas, dimensiones: 145 x 36 x 30 mm, peso: 190 g, ideal para estilos tradicionales como: Shanty, Alpenl\u00e4ndische Volksmusik, Irish Folk, Cajun, etc.","breadcrumb":{"@id":"https:\/\/www.mexicanguitarplayers.com\/tienda\/alientos\/armonicas\/armonica-seydel-mod-fanfare-s\/#breadcrumb"},"inLanguage":"en-US","potentialAction":[{"@type":"ReadAction","target":["https:\/\/www.mexicanguitarplayers.com\/tienda\/alientos\/armonicas\/armonica-seydel-mod-fanfare-s\/"]}]},{"@type":"ImageObject","inLanguage":"en-US","@id":"https:\/\/www.mexicanguitarplayers.com\/tienda\/alientos\/armonicas\/armonica-seydel-mod-fanfare-s\/#primaryimage","url":"https:\/\/www.mexicanguitarplayers.com\/wp-content\/uploads\/2022\/08\/IVSED23480.jpg","contentUrl":"https:\/\/www.mexicanguitarplayers.com\/wp-content\/uploads\/2022\/08\/IVSED23480.jpg","width":1200,"height":1200},{"@type":"BreadcrumbList","@id":"https:\/\/www.mexicanguitarplayers.com\/tienda\/alientos\/armonicas\/armonica-seydel-mod-fanfare-s\/#breadcrumb","itemListElement":[{"@type":"ListItem","position":1,"name":"Portada","item":"https:\/\/www.mexicanguitarplayers.com\/"},{"@type":"ListItem","position":2,"name":"Tienda","item":"https:\/\/www.mexicanguitarplayers.com\/tienda\/"},{"@type":"ListItem","position":3,"name":"ARMONICA SEYDEL MOD. FANFARE S"}]},{"@type":"WebSite","@id":"https:\/\/www.mexicanguitarplayers.com\/#website","url":"https:\/\/www.mexicanguitarplayers.com\/","name":"Mexican Guitar Players","description":"Website","publisher":{"@id":"https:\/\/www.mexicanguitarplayers.com\/#organization"},"potentialAction":[{"@type":"SearchAction","target":{"@type":"EntryPoint","urlTemplate":"https:\/\/www.mexicanguitarplayers.com\/?s={search_term_string}"},"query-input":{"@type":"PropertyValueSpecification","valueRequired":true,"valueName":"search_term_string"}}],"inLanguage":"en-US"},{"@type":"Organization","@id":"https:\/\/www.mexicanguitarplayers.com\/#organization","name":"Mexican Guitar Players","url":"https:\/\/www.mexicanguitarplayers.com\/","logo":{"@type":"ImageObject","inLanguage":"en-US","@id":"https:\/\/www.mexicanguitarplayers.com\/#\/schema\/logo\/image\/","url":"","contentUrl":"","caption":"Mexican Guitar Players"},"image":{"@id":"https:\/\/www.mexicanguitarplayers.com\/#\/schema\/logo\/image\/"}}]}},"brands":[{"id":403,"name":"SEYDEL","slug":"seydel"}],"_links":{"self":[{"href":"https:\/\/www.mexicanguitarplayers.com\/en\/wp-json\/wp\/v2\/product\/12397","targetHints":{"allow":["GET"]}}],"collection":[{"href":"https:\/\/www.mexicanguitarplayers.com\/en\/wp-json\/wp\/v2\/product"}],"about":[{"href":"https:\/\/www.mexicanguitarplayers.com\/en\/wp-json\/wp\/v2\/types\/product"}],"replies":[{"embeddable":true,"href":"https:\/\/www.mexicanguitarplayers.com\/en\/wp-json\/wp\/v2\/comments?post=12397"}],"wp:featuredmedia":[{"embeddable":true,"href":"https:\/\/www.mexicanguitarplayers.com\/en\/wp-json\/wp\/v2\/media\/12396"}],"wp:attachment":[{"href":"https:\/\/www.mexicanguitarplayers.com\/en\/wp-json\/wp\/v2\/media?parent=12397"}],"wp:term":[{"taxonomy":"pwb-brand","embeddable":true,"href":"https:\/\/www.mexicanguitarplayers.com\/en\/wp-json\/wp\/v2\/pwb-brand?post=12397"},{"taxonomy":"product_brand","embeddable":true,"href":"https:\/\/www.mexicanguitarplayers.com\/en\/wp-json\/wp\/v2\/product_brand?post=12397"},{"taxonomy":"product_cat","embeddable":true,"href":"https:\/\/www.mexicanguitarplayers.com\/en\/wp-json\/wp\/v2\/product_cat?post=12397"},{"taxonomy":"product_tag","embeddable":true,"href":"https:\/\/www.mexicanguitarplayers.com\/en\/wp-json\/wp\/v2\/product_tag?post=12397"}],"curies":[{"name":"wp","href":"https:\/\/api.w.org\/{rel}","templated":true}]}}