{"id":12426,"date":"2022-08-18T08:28:40","date_gmt":"2022-08-18T13:28:40","guid":{"rendered":"https:\/\/www.mexicanguitarplayers.com\/tienda\/sin%20categor\u00eda\/trompeta-wesner-c-estuche-ptr2000c-l\/"},"modified":"2026-01-17T05:39:24","modified_gmt":"2026-01-17T11:39:24","slug":"trompeta-wesner-c-estuche-ptr2000c-l","status":"publish","type":"product","link":"https:\/\/www.mexicanguitarplayers.com\/en\/tienda\/alientos\/alientos-metales\/trompeta-wesner-c-estuche-ptr2000c-l\/","title":{"rendered":"WESNER TRUMPET W\/CASE PTR2000C-L"},"content":{"rendered":"<div style=\"text-align: justify\">\n<div>\n<h3>WESNER TRUMPET W\/CASE PTR2000C-L<\/h3>\n<\/div>\n<div>Trumpet in C, intermediate model, lacquered brass finish, stainless steel pistons, rose brass tubing, cupronickel barrel, gold brass bell, two drain keys, 125mm bell, 11.80mm holes, includes mouthpiece and case lightweight canvas.<\/div>\n<\/div>","protected":false},"excerpt":{"rendered":"<p>Trompeta en C, modelo intermedio, acabado de lat\u00f3n laqueado, pistones de acero inoxidable, tuber\u00eda de lat\u00f3n rosado, bomba de cuproniquel, campana de lat\u00f3n dorado, dos llaves de drenado, campana de 125 mm, orificios de 11.80 mm, incluye boquilla y estuche ligero de lona.&hellip; <a class=\"kt-excerpt-readmore more-link\" href=\"https:\/\/www.mexicanguitarplayers.com\/en\/tienda\/alientos\/alientos-metales\/trompeta-wesner-c-estuche-ptr2000c-l\/\">Read more<\/a><\/p>","protected":false},"featured_media":12425,"comment_status":"open","ping_status":"closed","template":"","meta":{"kt_blocks_editor_width":""},"pwb-brand":[405],"product_brand":[],"product_cat":[388,400],"product_tag":[],"class_list":{"0":"post-12426","1":"product","2":"type-product","3":"status-publish","4":"has-post-thumbnail","6":"pwb-brand-wesner","7":"product_cat-alientos","8":"product_cat-alientos-metales","9":"product_shipping_class-5-10-kg","11":"first","12":"instock","13":"taxable","14":"shipping-taxable","15":"purchasable","16":"product-type-simple"},"yoast_head":"<!-- This site is optimized with the Yoast SEO plugin v27.3 - https:\/\/yoast.com\/product\/yoast-seo-wordpress\/ -->\n<title>TROMPETA WESNER C\/ESTUCHE PTR2000C-L - Mexican Guitar Players<\/title>\n<meta name=\"description\" content=\"TROMPETA WESNER C\/ESTUCHE PTR2000C-L. Trompeta en C, modelo intermedio, acabado de lat\u00f3n laqueado, pistones de acero inoxidable, tuber\u00eda de lat\u00f3n rosado, bomba de cuproniquel, campana de lat\u00f3n dorado, dos llaves de drenado, campana de 125 mm, orificios de 11.80 mm, incluye boquilla y estuche ligero de lona.\" \/>\n<meta name=\"robots\" content=\"index, follow, max-snippet:-1, max-image-preview:large, max-video-preview:-1\" \/>\n<link rel=\"canonical\" href=\"https:\/\/www.mexicanguitarplayers.com\/en\/tienda\/alientos\/alientos-metales\/trompeta-wesner-c-estuche-ptr2000c-l\/\" \/>\n<meta property=\"og:locale\" content=\"en_US\" \/>\n<meta property=\"og:type\" content=\"article\" \/>\n<meta property=\"og:title\" content=\"TROMPETA WESNER C\/ESTUCHE PTR2000C-L - Mexican Guitar Players\" \/>\n<meta property=\"og:description\" content=\"TROMPETA WESNER C\/ESTUCHE PTR2000C-L. Trompeta en C, modelo intermedio, acabado de lat\u00f3n laqueado, pistones de acero inoxidable, tuber\u00eda de lat\u00f3n rosado, bomba de cuproniquel, campana de lat\u00f3n dorado, dos llaves de drenado, campana de 125 mm, orificios de 11.80 mm, incluye boquilla y estuche ligero de lona.\" \/>\n<meta property=\"og:url\" content=\"https:\/\/www.mexicanguitarplayers.com\/en\/tienda\/alientos\/alientos-metales\/trompeta-wesner-c-estuche-ptr2000c-l\/\" \/>\n<meta property=\"og:site_name\" content=\"Mexican Guitar Players\" \/>\n<meta property=\"article:modified_time\" content=\"2026-01-17T11:39:24+00:00\" \/>\n<meta property=\"og:image\" content=\"https:\/\/www.mexicanguitarplayers.com\/wp-content\/uploads\/2022\/08\/IVWENPTR2000CL.jpg\" \/>\n\t<meta property=\"og:image:width\" content=\"800\" \/>\n\t<meta property=\"og:image:height\" content=\"1600\" \/>\n\t<meta property=\"og:image:type\" content=\"image\/jpeg\" \/>\n<meta name=\"twitter:card\" content=\"summary_large_image\" \/>\n<script type=\"application\/ld+json\" class=\"yoast-schema-graph\">{\"@context\":\"https:\\\/\\\/schema.org\",\"@graph\":[{\"@type\":[\"WebPage\",\"ItemPage\"],\"@id\":\"https:\\\/\\\/www.mexicanguitarplayers.com\\\/tienda\\\/alientos\\\/alientos-metales\\\/trompeta-wesner-c-estuche-ptr2000c-l\\\/\",\"url\":\"https:\\\/\\\/www.mexicanguitarplayers.com\\\/tienda\\\/alientos\\\/alientos-metales\\\/trompeta-wesner-c-estuche-ptr2000c-l\\\/\",\"name\":\"TROMPETA WESNER C\\\/ESTUCHE PTR2000C-L - Mexican Guitar Players\",\"isPartOf\":{\"@id\":\"https:\\\/\\\/www.mexicanguitarplayers.com\\\/#website\"},\"primaryImageOfPage\":{\"@id\":\"https:\\\/\\\/www.mexicanguitarplayers.com\\\/tienda\\\/alientos\\\/alientos-metales\\\/trompeta-wesner-c-estuche-ptr2000c-l\\\/#primaryimage\"},\"image\":{\"@id\":\"https:\\\/\\\/www.mexicanguitarplayers.com\\\/tienda\\\/alientos\\\/alientos-metales\\\/trompeta-wesner-c-estuche-ptr2000c-l\\\/#primaryimage\"},\"thumbnailUrl\":\"https:\\\/\\\/www.mexicanguitarplayers.com\\\/wp-content\\\/uploads\\\/2022\\\/08\\\/IVWENPTR2000CL.jpg\",\"datePublished\":\"2022-08-18T13:28:40+00:00\",\"dateModified\":\"2026-01-17T11:39:24+00:00\",\"description\":\"TROMPETA WESNER C\\\/ESTUCHE PTR2000C-L. Trompeta en C, modelo intermedio, acabado de lat\u00f3n laqueado, pistones de acero inoxidable, tuber\u00eda de lat\u00f3n rosado, bomba de cuproniquel, campana de lat\u00f3n dorado, dos llaves de drenado, campana de 125 mm, orificios de 11.80 mm, incluye boquilla y estuche ligero de lona.\",\"breadcrumb\":{\"@id\":\"https:\\\/\\\/www.mexicanguitarplayers.com\\\/tienda\\\/alientos\\\/alientos-metales\\\/trompeta-wesner-c-estuche-ptr2000c-l\\\/#breadcrumb\"},\"inLanguage\":\"en-US\",\"potentialAction\":[{\"@type\":\"ReadAction\",\"target\":[\"https:\\\/\\\/www.mexicanguitarplayers.com\\\/tienda\\\/alientos\\\/alientos-metales\\\/trompeta-wesner-c-estuche-ptr2000c-l\\\/\"]}]},{\"@type\":\"ImageObject\",\"inLanguage\":\"en-US\",\"@id\":\"https:\\\/\\\/www.mexicanguitarplayers.com\\\/tienda\\\/alientos\\\/alientos-metales\\\/trompeta-wesner-c-estuche-ptr2000c-l\\\/#primaryimage\",\"url\":\"https:\\\/\\\/www.mexicanguitarplayers.com\\\/wp-content\\\/uploads\\\/2022\\\/08\\\/IVWENPTR2000CL.jpg\",\"contentUrl\":\"https:\\\/\\\/www.mexicanguitarplayers.com\\\/wp-content\\\/uploads\\\/2022\\\/08\\\/IVWENPTR2000CL.jpg\",\"width\":800,\"height\":1600},{\"@type\":\"BreadcrumbList\",\"@id\":\"https:\\\/\\\/www.mexicanguitarplayers.com\\\/tienda\\\/alientos\\\/alientos-metales\\\/trompeta-wesner-c-estuche-ptr2000c-l\\\/#breadcrumb\",\"itemListElement\":[{\"@type\":\"ListItem\",\"position\":1,\"name\":\"Portada\",\"item\":\"https:\\\/\\\/www.mexicanguitarplayers.com\\\/\"},{\"@type\":\"ListItem\",\"position\":2,\"name\":\"Tienda\",\"item\":\"https:\\\/\\\/www.mexicanguitarplayers.com\\\/tienda\\\/\"},{\"@type\":\"ListItem\",\"position\":3,\"name\":\"TROMPETA WESNER C\\\/ESTUCHE PTR2000C-L\"}]},{\"@type\":\"WebSite\",\"@id\":\"https:\\\/\\\/www.mexicanguitarplayers.com\\\/#website\",\"url\":\"https:\\\/\\\/www.mexicanguitarplayers.com\\\/\",\"name\":\"Mexican Guitar Players\",\"description\":\"Website\",\"publisher\":{\"@id\":\"https:\\\/\\\/www.mexicanguitarplayers.com\\\/#organization\"},\"potentialAction\":[{\"@type\":\"SearchAction\",\"target\":{\"@type\":\"EntryPoint\",\"urlTemplate\":\"https:\\\/\\\/www.mexicanguitarplayers.com\\\/?s={search_term_string}\"},\"query-input\":{\"@type\":\"PropertyValueSpecification\",\"valueRequired\":true,\"valueName\":\"search_term_string\"}}],\"inLanguage\":\"en-US\"},{\"@type\":\"Organization\",\"@id\":\"https:\\\/\\\/www.mexicanguitarplayers.com\\\/#organization\",\"name\":\"Mexican Guitar Players\",\"url\":\"https:\\\/\\\/www.mexicanguitarplayers.com\\\/\",\"logo\":{\"@type\":\"ImageObject\",\"inLanguage\":\"en-US\",\"@id\":\"https:\\\/\\\/www.mexicanguitarplayers.com\\\/#\\\/schema\\\/logo\\\/image\\\/\",\"url\":\"\",\"contentUrl\":\"\",\"caption\":\"Mexican Guitar Players\"},\"image\":{\"@id\":\"https:\\\/\\\/www.mexicanguitarplayers.com\\\/#\\\/schema\\\/logo\\\/image\\\/\"}}]}<\/script>\n<!-- \/ Yoast SEO plugin. -->","yoast_head_json":{"title":"TROMPETA WESNER C\/ESTUCHE PTR2000C-L - Mexican Guitar Players","description":"TROMPETA WESNER C\/ESTUCHE PTR2000C-L. Trompeta en C, modelo intermedio, acabado de lat\u00f3n laqueado, pistones de acero inoxidable, tuber\u00eda de lat\u00f3n rosado, bomba de cuproniquel, campana de lat\u00f3n dorado, dos llaves de drenado, campana de 125 mm, orificios de 11.80 mm, incluye boquilla y estuche ligero de lona.","robots":{"index":"index","follow":"follow","max-snippet":"max-snippet:-1","max-image-preview":"max-image-preview:large","max-video-preview":"max-video-preview:-1"},"canonical":"https:\/\/www.mexicanguitarplayers.com\/en\/tienda\/alientos\/alientos-metales\/trompeta-wesner-c-estuche-ptr2000c-l\/","og_locale":"en_US","og_type":"article","og_title":"TROMPETA WESNER C\/ESTUCHE PTR2000C-L - Mexican Guitar Players","og_description":"TROMPETA WESNER C\/ESTUCHE PTR2000C-L. Trompeta en C, modelo intermedio, acabado de lat\u00f3n laqueado, pistones de acero inoxidable, tuber\u00eda de lat\u00f3n rosado, bomba de cuproniquel, campana de lat\u00f3n dorado, dos llaves de drenado, campana de 125 mm, orificios de 11.80 mm, incluye boquilla y estuche ligero de lona.","og_url":"https:\/\/www.mexicanguitarplayers.com\/en\/tienda\/alientos\/alientos-metales\/trompeta-wesner-c-estuche-ptr2000c-l\/","og_site_name":"Mexican Guitar Players","article_modified_time":"2026-01-17T11:39:24+00:00","og_image":[{"width":800,"height":1600,"url":"https:\/\/www.mexicanguitarplayers.com\/wp-content\/uploads\/2022\/08\/IVWENPTR2000CL.jpg","type":"image\/jpeg"}],"twitter_card":"summary_large_image","schema":{"@context":"https:\/\/schema.org","@graph":[{"@type":["WebPage","ItemPage"],"@id":"https:\/\/www.mexicanguitarplayers.com\/tienda\/alientos\/alientos-metales\/trompeta-wesner-c-estuche-ptr2000c-l\/","url":"https:\/\/www.mexicanguitarplayers.com\/tienda\/alientos\/alientos-metales\/trompeta-wesner-c-estuche-ptr2000c-l\/","name":"TROMPETA WESNER C\/ESTUCHE PTR2000C-L - Mexican Guitar Players","isPartOf":{"@id":"https:\/\/www.mexicanguitarplayers.com\/#website"},"primaryImageOfPage":{"@id":"https:\/\/www.mexicanguitarplayers.com\/tienda\/alientos\/alientos-metales\/trompeta-wesner-c-estuche-ptr2000c-l\/#primaryimage"},"image":{"@id":"https:\/\/www.mexicanguitarplayers.com\/tienda\/alientos\/alientos-metales\/trompeta-wesner-c-estuche-ptr2000c-l\/#primaryimage"},"thumbnailUrl":"https:\/\/www.mexicanguitarplayers.com\/wp-content\/uploads\/2022\/08\/IVWENPTR2000CL.jpg","datePublished":"2022-08-18T13:28:40+00:00","dateModified":"2026-01-17T11:39:24+00:00","description":"TROMPETA WESNER C\/ESTUCHE PTR2000C-L. Trompeta en C, modelo intermedio, acabado de lat\u00f3n laqueado, pistones de acero inoxidable, tuber\u00eda de lat\u00f3n rosado, bomba de cuproniquel, campana de lat\u00f3n dorado, dos llaves de drenado, campana de 125 mm, orificios de 11.80 mm, incluye boquilla y estuche ligero de lona.","breadcrumb":{"@id":"https:\/\/www.mexicanguitarplayers.com\/tienda\/alientos\/alientos-metales\/trompeta-wesner-c-estuche-ptr2000c-l\/#breadcrumb"},"inLanguage":"en-US","potentialAction":[{"@type":"ReadAction","target":["https:\/\/www.mexicanguitarplayers.com\/tienda\/alientos\/alientos-metales\/trompeta-wesner-c-estuche-ptr2000c-l\/"]}]},{"@type":"ImageObject","inLanguage":"en-US","@id":"https:\/\/www.mexicanguitarplayers.com\/tienda\/alientos\/alientos-metales\/trompeta-wesner-c-estuche-ptr2000c-l\/#primaryimage","url":"https:\/\/www.mexicanguitarplayers.com\/wp-content\/uploads\/2022\/08\/IVWENPTR2000CL.jpg","contentUrl":"https:\/\/www.mexicanguitarplayers.com\/wp-content\/uploads\/2022\/08\/IVWENPTR2000CL.jpg","width":800,"height":1600},{"@type":"BreadcrumbList","@id":"https:\/\/www.mexicanguitarplayers.com\/tienda\/alientos\/alientos-metales\/trompeta-wesner-c-estuche-ptr2000c-l\/#breadcrumb","itemListElement":[{"@type":"ListItem","position":1,"name":"Portada","item":"https:\/\/www.mexicanguitarplayers.com\/"},{"@type":"ListItem","position":2,"name":"Tienda","item":"https:\/\/www.mexicanguitarplayers.com\/tienda\/"},{"@type":"ListItem","position":3,"name":"TROMPETA WESNER C\/ESTUCHE PTR2000C-L"}]},{"@type":"WebSite","@id":"https:\/\/www.mexicanguitarplayers.com\/#website","url":"https:\/\/www.mexicanguitarplayers.com\/","name":"Mexican Guitar Players","description":"Website","publisher":{"@id":"https:\/\/www.mexicanguitarplayers.com\/#organization"},"potentialAction":[{"@type":"SearchAction","target":{"@type":"EntryPoint","urlTemplate":"https:\/\/www.mexicanguitarplayers.com\/?s={search_term_string}"},"query-input":{"@type":"PropertyValueSpecification","valueRequired":true,"valueName":"search_term_string"}}],"inLanguage":"en-US"},{"@type":"Organization","@id":"https:\/\/www.mexicanguitarplayers.com\/#organization","name":"Mexican Guitar Players","url":"https:\/\/www.mexicanguitarplayers.com\/","logo":{"@type":"ImageObject","inLanguage":"en-US","@id":"https:\/\/www.mexicanguitarplayers.com\/#\/schema\/logo\/image\/","url":"","contentUrl":"","caption":"Mexican Guitar Players"},"image":{"@id":"https:\/\/www.mexicanguitarplayers.com\/#\/schema\/logo\/image\/"}}]}},"brands":[{"id":405,"name":"WESNER","slug":"wesner"}],"_links":{"self":[{"href":"https:\/\/www.mexicanguitarplayers.com\/en\/wp-json\/wp\/v2\/product\/12426","targetHints":{"allow":["GET"]}}],"collection":[{"href":"https:\/\/www.mexicanguitarplayers.com\/en\/wp-json\/wp\/v2\/product"}],"about":[{"href":"https:\/\/www.mexicanguitarplayers.com\/en\/wp-json\/wp\/v2\/types\/product"}],"replies":[{"embeddable":true,"href":"https:\/\/www.mexicanguitarplayers.com\/en\/wp-json\/wp\/v2\/comments?post=12426"}],"wp:featuredmedia":[{"embeddable":true,"href":"https:\/\/www.mexicanguitarplayers.com\/en\/wp-json\/wp\/v2\/media\/12425"}],"wp:attachment":[{"href":"https:\/\/www.mexicanguitarplayers.com\/en\/wp-json\/wp\/v2\/media?parent=12426"}],"wp:term":[{"taxonomy":"pwb-brand","embeddable":true,"href":"https:\/\/www.mexicanguitarplayers.com\/en\/wp-json\/wp\/v2\/pwb-brand?post=12426"},{"taxonomy":"product_brand","embeddable":true,"href":"https:\/\/www.mexicanguitarplayers.com\/en\/wp-json\/wp\/v2\/product_brand?post=12426"},{"taxonomy":"product_cat","embeddable":true,"href":"https:\/\/www.mexicanguitarplayers.com\/en\/wp-json\/wp\/v2\/product_cat?post=12426"},{"taxonomy":"product_tag","embeddable":true,"href":"https:\/\/www.mexicanguitarplayers.com\/en\/wp-json\/wp\/v2\/product_tag?post=12426"}],"curies":[{"name":"wp","href":"https:\/\/api.w.org\/{rel}","templated":true}]}}