{"id":12515,"date":"2022-08-18T08:30:52","date_gmt":"2022-08-18T13:30:52","guid":{"rendered":"https:\/\/www.mexicanguitarplayers.com\/tienda\/sin%20categor\u00eda\/pastilla-belcat-p-guitarra-mod-k4t\/"},"modified":"2026-05-01T07:44:04","modified_gmt":"2026-05-01T13:44:04","slug":"pastilla-belcat-p-guitarra-mod-k4t","status":"publish","type":"product","link":"https:\/\/www.mexicanguitarplayers.com\/en\/tienda\/accesorios\/para-guitarras\/pastillas-para-guitarra-acustica\/pastilla-belcat-p-guitarra-mod-k4t\/","title":{"rendered":"BELCAT PICKUP FOR GUITAR MOD. K4T"},"content":{"rendered":"<div style=\"text-align: justify\">\n<div>\n<h3>BELCAT PICKUP FOR GUITAR MOD. K4T<\/h3>\n<\/div>\n<div>Acoustic Guitar Pickup, 4-Band EQ with Phase, 2.2 milli-ohm Input Impedance, Frequency Response: 20 Hz \u2013 20 kHz, Bass Control Range: \u00b110 dB at 60 Hz, Mid Control Range: \u00b18 dB at 600 Hz, Treble control range: \u00b18 dB at 3 kHz, Presence control range: \u00b18 dB at 15 kHz, Battery life: More than 700 hours, Power supply: 100-volt alkaline battery 9V, low battery check LED, function: Phase S\/W for anti-feedback, B-7500 pickup (piezo ceramic), output jack: 6.35 mm (1\/4\u201d), dimensions: 74 x 50 mm (2.91 \u201d X 1.97\u201d).<\/div>\n<\/div>","protected":false},"excerpt":{"rendered":"<p>Pastilla para guitarra ac\u00fastica, ecualizador de 4 bandas con Phase, impedancia de entrada de 2.2 mili-ohms, respuesta de frecuencia: 20 Hz &#8211; 20 kHz, rango de control en graves: \u00b110 dB a 60 Hz, rango de control en medios: \u00b18 dB a 600 Hz, rango de control en agudos: \u00b18 dB a 3 kHz, rango de control en presencia: \u00b18 dB a 15 kHz, vida de la bater\u00eda: m\u00e1s de 700 horas, fuente de alimentaci\u00f3n: pila alcalina de 9V, LED de comprobaci\u00f3n de bater\u00eda baja, funci\u00f3n: Phase S\/W para anti-retroalimentaci\u00f3n, pastilla B-7500 (piezo cer\u00e1mica), jack de salida: 6.35 mm (1\/4\u201d), dimensiones: 74 x 50 mm (2.91\u201d X 1.97\u201d).&hellip; <a class=\"kt-excerpt-readmore more-link\" href=\"https:\/\/www.mexicanguitarplayers.com\/en\/tienda\/accesorios\/para-guitarras\/pastillas-para-guitarra-acustica\/pastilla-belcat-p-guitarra-mod-k4t\/\">Read more<\/a><\/p>","protected":false},"featured_media":12514,"comment_status":"open","ping_status":"closed","template":"","meta":{"kt_blocks_editor_width":""},"pwb-brand":[258],"product_brand":[],"product_cat":[85,336,357],"product_tag":[],"class_list":{"0":"post-12515","1":"product","2":"type-product","3":"status-publish","4":"has-post-thumbnail","6":"pwb-brand-belcat","7":"product_cat-accesorios","8":"product_cat-para-guitarras","9":"product_cat-pastillas-para-guitarra-acustica","10":"product_shipping_class-0-5-kg","12":"first","13":"instock","14":"taxable","15":"shipping-taxable","16":"purchasable","17":"product-type-simple"},"yoast_head":"<!-- This site is optimized with the Yoast SEO plugin v27.5 - https:\/\/yoast.com\/product\/yoast-seo-wordpress\/ -->\n<title>PASTILLA BELCAT P\/GUITARRA MOD. K4T - Mexican Guitar Players<\/title>\n<meta name=\"description\" content=\"PASTILLA BELCAT P\/GUITARRA MOD. K4T. Pastilla para guitarra ac\u00fastica, ecualizador de 4 bandas con Phase, impedancia de entrada de 2.2 mili-ohms, respuesta de frecuencia: 20 Hz - 20 kHz, rango de control en graves: \u00b110 dB a 60 Hz, rango de control en medios: \u00b18 dB a 600 Hz, rango de control en agudos: \u00b18 dB a 3 kHz, rango de control en presencia: \u00b18 dB a 15 kHz, vida de la bater\u00eda: m\u00e1s de 700 horas, fuente de alimentaci\u00f3n: pila alcalina de 9V, LED de comprobaci\u00f3n de bater\u00eda baja, funci\u00f3n: Phase S\/W para anti-retroalimentaci\u00f3n, pastilla B-7500 (piezo cer\u00e1mica), jack de salida: 6.35 mm (1\/4\u201d), dimensiones: 74 x 50 mm (2.91\u201d X 1.97\u201d).\" \/>\n<meta name=\"robots\" content=\"index, follow, max-snippet:-1, max-image-preview:large, max-video-preview:-1\" \/>\n<link rel=\"canonical\" href=\"https:\/\/www.mexicanguitarplayers.com\/en\/tienda\/accesorios\/para-guitarras\/pastillas-para-guitarra-acustica\/pastilla-belcat-p-guitarra-mod-k4t\/\" \/>\n<meta property=\"og:locale\" content=\"en_US\" \/>\n<meta property=\"og:type\" content=\"article\" \/>\n<meta property=\"og:title\" content=\"PASTILLA BELCAT P\/GUITARRA MOD. K4T - Mexican Guitar Players\" \/>\n<meta property=\"og:description\" content=\"PASTILLA BELCAT P\/GUITARRA MOD. K4T. Pastilla para guitarra ac\u00fastica, ecualizador de 4 bandas con Phase, impedancia de entrada de 2.2 mili-ohms, respuesta de frecuencia: 20 Hz - 20 kHz, rango de control en graves: \u00b110 dB a 60 Hz, rango de control en medios: \u00b18 dB a 600 Hz, rango de control en agudos: \u00b18 dB a 3 kHz, rango de control en presencia: \u00b18 dB a 15 kHz, vida de la bater\u00eda: m\u00e1s de 700 horas, fuente de alimentaci\u00f3n: pila alcalina de 9V, LED de comprobaci\u00f3n de bater\u00eda baja, funci\u00f3n: Phase S\/W para anti-retroalimentaci\u00f3n, pastilla B-7500 (piezo cer\u00e1mica), jack de salida: 6.35 mm (1\/4\u201d), dimensiones: 74 x 50 mm (2.91\u201d X 1.97\u201d).\" \/>\n<meta property=\"og:url\" content=\"https:\/\/www.mexicanguitarplayers.com\/en\/tienda\/accesorios\/para-guitarras\/pastillas-para-guitarra-acustica\/pastilla-belcat-p-guitarra-mod-k4t\/\" \/>\n<meta property=\"og:site_name\" content=\"Mexican Guitar Players\" \/>\n<meta property=\"article:modified_time\" content=\"2026-05-01T13:44:04+00:00\" \/>\n<meta property=\"og:image\" content=\"https:\/\/www.mexicanguitarplayers.com\/wp-content\/uploads\/2022\/08\/RABELK4T.jpg\" \/>\n\t<meta property=\"og:image:width\" content=\"1200\" \/>\n\t<meta property=\"og:image:height\" content=\"1200\" \/>\n\t<meta property=\"og:image:type\" content=\"image\/jpeg\" \/>\n<meta name=\"twitter:card\" content=\"summary_large_image\" \/>\n<meta name=\"twitter:label1\" content=\"Est. reading time\" \/>\n\t<meta name=\"twitter:data1\" content=\"1 minute\" \/>\n<script type=\"application\/ld+json\" class=\"yoast-schema-graph\">{\"@context\":\"https:\\\/\\\/schema.org\",\"@graph\":[{\"@type\":[\"WebPage\",\"ItemPage\"],\"@id\":\"https:\\\/\\\/www.mexicanguitarplayers.com\\\/tienda\\\/accesorios\\\/para-guitarras\\\/pastillas-para-guitarra-acustica\\\/pastilla-belcat-p-guitarra-mod-k4t\\\/\",\"url\":\"https:\\\/\\\/www.mexicanguitarplayers.com\\\/tienda\\\/accesorios\\\/para-guitarras\\\/pastillas-para-guitarra-acustica\\\/pastilla-belcat-p-guitarra-mod-k4t\\\/\",\"name\":\"PASTILLA BELCAT P\\\/GUITARRA MOD. K4T - Mexican Guitar Players\",\"isPartOf\":{\"@id\":\"https:\\\/\\\/www.mexicanguitarplayers.com\\\/#website\"},\"primaryImageOfPage\":{\"@id\":\"https:\\\/\\\/www.mexicanguitarplayers.com\\\/tienda\\\/accesorios\\\/para-guitarras\\\/pastillas-para-guitarra-acustica\\\/pastilla-belcat-p-guitarra-mod-k4t\\\/#primaryimage\"},\"image\":{\"@id\":\"https:\\\/\\\/www.mexicanguitarplayers.com\\\/tienda\\\/accesorios\\\/para-guitarras\\\/pastillas-para-guitarra-acustica\\\/pastilla-belcat-p-guitarra-mod-k4t\\\/#primaryimage\"},\"thumbnailUrl\":\"https:\\\/\\\/www.mexicanguitarplayers.com\\\/wp-content\\\/uploads\\\/2022\\\/08\\\/RABELK4T.jpg\",\"datePublished\":\"2022-08-18T13:30:52+00:00\",\"dateModified\":\"2026-05-01T13:44:04+00:00\",\"description\":\"PASTILLA BELCAT P\\\/GUITARRA MOD. K4T. Pastilla para guitarra ac\u00fastica, ecualizador de 4 bandas con Phase, impedancia de entrada de 2.2 mili-ohms, respuesta de frecuencia: 20 Hz - 20 kHz, rango de control en graves: \u00b110 dB a 60 Hz, rango de control en medios: \u00b18 dB a 600 Hz, rango de control en agudos: \u00b18 dB a 3 kHz, rango de control en presencia: \u00b18 dB a 15 kHz, vida de la bater\u00eda: m\u00e1s de 700 horas, fuente de alimentaci\u00f3n: pila alcalina de 9V, LED de comprobaci\u00f3n de bater\u00eda baja, funci\u00f3n: Phase S\\\/W para anti-retroalimentaci\u00f3n, pastilla B-7500 (piezo cer\u00e1mica), jack de salida: 6.35 mm (1\\\/4\u201d), dimensiones: 74 x 50 mm (2.91\u201d X 1.97\u201d).\",\"breadcrumb\":{\"@id\":\"https:\\\/\\\/www.mexicanguitarplayers.com\\\/tienda\\\/accesorios\\\/para-guitarras\\\/pastillas-para-guitarra-acustica\\\/pastilla-belcat-p-guitarra-mod-k4t\\\/#breadcrumb\"},\"inLanguage\":\"en-US\",\"potentialAction\":[{\"@type\":\"ReadAction\",\"target\":[\"https:\\\/\\\/www.mexicanguitarplayers.com\\\/tienda\\\/accesorios\\\/para-guitarras\\\/pastillas-para-guitarra-acustica\\\/pastilla-belcat-p-guitarra-mod-k4t\\\/\"]}]},{\"@type\":\"ImageObject\",\"inLanguage\":\"en-US\",\"@id\":\"https:\\\/\\\/www.mexicanguitarplayers.com\\\/tienda\\\/accesorios\\\/para-guitarras\\\/pastillas-para-guitarra-acustica\\\/pastilla-belcat-p-guitarra-mod-k4t\\\/#primaryimage\",\"url\":\"https:\\\/\\\/www.mexicanguitarplayers.com\\\/wp-content\\\/uploads\\\/2022\\\/08\\\/RABELK4T.jpg\",\"contentUrl\":\"https:\\\/\\\/www.mexicanguitarplayers.com\\\/wp-content\\\/uploads\\\/2022\\\/08\\\/RABELK4T.jpg\",\"width\":1200,\"height\":1200},{\"@type\":\"BreadcrumbList\",\"@id\":\"https:\\\/\\\/www.mexicanguitarplayers.com\\\/tienda\\\/accesorios\\\/para-guitarras\\\/pastillas-para-guitarra-acustica\\\/pastilla-belcat-p-guitarra-mod-k4t\\\/#breadcrumb\",\"itemListElement\":[{\"@type\":\"ListItem\",\"position\":1,\"name\":\"Portada\",\"item\":\"https:\\\/\\\/www.mexicanguitarplayers.com\\\/\"},{\"@type\":\"ListItem\",\"position\":2,\"name\":\"Tienda\",\"item\":\"https:\\\/\\\/www.mexicanguitarplayers.com\\\/tienda\\\/\"},{\"@type\":\"ListItem\",\"position\":3,\"name\":\"PASTILLA BELCAT P\\\/GUITARRA MOD. K4T\"}]},{\"@type\":\"WebSite\",\"@id\":\"https:\\\/\\\/www.mexicanguitarplayers.com\\\/#website\",\"url\":\"https:\\\/\\\/www.mexicanguitarplayers.com\\\/\",\"name\":\"Mexican Guitar Players\",\"description\":\"Website\",\"publisher\":{\"@id\":\"https:\\\/\\\/www.mexicanguitarplayers.com\\\/#organization\"},\"potentialAction\":[{\"@type\":\"SearchAction\",\"target\":{\"@type\":\"EntryPoint\",\"urlTemplate\":\"https:\\\/\\\/www.mexicanguitarplayers.com\\\/?s={search_term_string}\"},\"query-input\":{\"@type\":\"PropertyValueSpecification\",\"valueRequired\":true,\"valueName\":\"search_term_string\"}}],\"inLanguage\":\"en-US\"},{\"@type\":\"Organization\",\"@id\":\"https:\\\/\\\/www.mexicanguitarplayers.com\\\/#organization\",\"name\":\"Mexican Guitar Players\",\"url\":\"https:\\\/\\\/www.mexicanguitarplayers.com\\\/\",\"logo\":{\"@type\":\"ImageObject\",\"inLanguage\":\"en-US\",\"@id\":\"https:\\\/\\\/www.mexicanguitarplayers.com\\\/#\\\/schema\\\/logo\\\/image\\\/\",\"url\":\"\",\"contentUrl\":\"\",\"caption\":\"Mexican Guitar Players\"},\"image\":{\"@id\":\"https:\\\/\\\/www.mexicanguitarplayers.com\\\/#\\\/schema\\\/logo\\\/image\\\/\"}}]}<\/script>\n<!-- \/ Yoast SEO plugin. -->","yoast_head_json":{"title":"PASTILLA BELCAT P\/GUITARRA MOD. K4T - Mexican Guitar Players","description":"PASTILLA BELCAT P\/GUITARRA MOD. K4T. Pastilla para guitarra ac\u00fastica, ecualizador de 4 bandas con Phase, impedancia de entrada de 2.2 mili-ohms, respuesta de frecuencia: 20 Hz - 20 kHz, rango de control en graves: \u00b110 dB a 60 Hz, rango de control en medios: \u00b18 dB a 600 Hz, rango de control en agudos: \u00b18 dB a 3 kHz, rango de control en presencia: \u00b18 dB a 15 kHz, vida de la bater\u00eda: m\u00e1s de 700 horas, fuente de alimentaci\u00f3n: pila alcalina de 9V, LED de comprobaci\u00f3n de bater\u00eda baja, funci\u00f3n: Phase S\/W para anti-retroalimentaci\u00f3n, pastilla B-7500 (piezo cer\u00e1mica), jack de salida: 6.35 mm (1\/4\u201d), dimensiones: 74 x 50 mm (2.91\u201d X 1.97\u201d).","robots":{"index":"index","follow":"follow","max-snippet":"max-snippet:-1","max-image-preview":"max-image-preview:large","max-video-preview":"max-video-preview:-1"},"canonical":"https:\/\/www.mexicanguitarplayers.com\/en\/tienda\/accesorios\/para-guitarras\/pastillas-para-guitarra-acustica\/pastilla-belcat-p-guitarra-mod-k4t\/","og_locale":"en_US","og_type":"article","og_title":"PASTILLA BELCAT P\/GUITARRA MOD. K4T - Mexican Guitar Players","og_description":"PASTILLA BELCAT P\/GUITARRA MOD. K4T. Pastilla para guitarra ac\u00fastica, ecualizador de 4 bandas con Phase, impedancia de entrada de 2.2 mili-ohms, respuesta de frecuencia: 20 Hz - 20 kHz, rango de control en graves: \u00b110 dB a 60 Hz, rango de control en medios: \u00b18 dB a 600 Hz, rango de control en agudos: \u00b18 dB a 3 kHz, rango de control en presencia: \u00b18 dB a 15 kHz, vida de la bater\u00eda: m\u00e1s de 700 horas, fuente de alimentaci\u00f3n: pila alcalina de 9V, LED de comprobaci\u00f3n de bater\u00eda baja, funci\u00f3n: Phase S\/W para anti-retroalimentaci\u00f3n, pastilla B-7500 (piezo cer\u00e1mica), jack de salida: 6.35 mm (1\/4\u201d), dimensiones: 74 x 50 mm (2.91\u201d X 1.97\u201d).","og_url":"https:\/\/www.mexicanguitarplayers.com\/en\/tienda\/accesorios\/para-guitarras\/pastillas-para-guitarra-acustica\/pastilla-belcat-p-guitarra-mod-k4t\/","og_site_name":"Mexican Guitar Players","article_modified_time":"2026-05-01T13:44:04+00:00","og_image":[{"width":1200,"height":1200,"url":"https:\/\/www.mexicanguitarplayers.com\/wp-content\/uploads\/2022\/08\/RABELK4T.jpg","type":"image\/jpeg"}],"twitter_card":"summary_large_image","twitter_misc":{"Est. reading time":"1 minute"},"schema":{"@context":"https:\/\/schema.org","@graph":[{"@type":["WebPage","ItemPage"],"@id":"https:\/\/www.mexicanguitarplayers.com\/tienda\/accesorios\/para-guitarras\/pastillas-para-guitarra-acustica\/pastilla-belcat-p-guitarra-mod-k4t\/","url":"https:\/\/www.mexicanguitarplayers.com\/tienda\/accesorios\/para-guitarras\/pastillas-para-guitarra-acustica\/pastilla-belcat-p-guitarra-mod-k4t\/","name":"PASTILLA BELCAT P\/GUITARRA MOD. K4T - Mexican Guitar Players","isPartOf":{"@id":"https:\/\/www.mexicanguitarplayers.com\/#website"},"primaryImageOfPage":{"@id":"https:\/\/www.mexicanguitarplayers.com\/tienda\/accesorios\/para-guitarras\/pastillas-para-guitarra-acustica\/pastilla-belcat-p-guitarra-mod-k4t\/#primaryimage"},"image":{"@id":"https:\/\/www.mexicanguitarplayers.com\/tienda\/accesorios\/para-guitarras\/pastillas-para-guitarra-acustica\/pastilla-belcat-p-guitarra-mod-k4t\/#primaryimage"},"thumbnailUrl":"https:\/\/www.mexicanguitarplayers.com\/wp-content\/uploads\/2022\/08\/RABELK4T.jpg","datePublished":"2022-08-18T13:30:52+00:00","dateModified":"2026-05-01T13:44:04+00:00","description":"PASTILLA BELCAT P\/GUITARRA MOD. K4T. Pastilla para guitarra ac\u00fastica, ecualizador de 4 bandas con Phase, impedancia de entrada de 2.2 mili-ohms, respuesta de frecuencia: 20 Hz - 20 kHz, rango de control en graves: \u00b110 dB a 60 Hz, rango de control en medios: \u00b18 dB a 600 Hz, rango de control en agudos: \u00b18 dB a 3 kHz, rango de control en presencia: \u00b18 dB a 15 kHz, vida de la bater\u00eda: m\u00e1s de 700 horas, fuente de alimentaci\u00f3n: pila alcalina de 9V, LED de comprobaci\u00f3n de bater\u00eda baja, funci\u00f3n: Phase S\/W para anti-retroalimentaci\u00f3n, pastilla B-7500 (piezo cer\u00e1mica), jack de salida: 6.35 mm (1\/4\u201d), dimensiones: 74 x 50 mm (2.91\u201d X 1.97\u201d).","breadcrumb":{"@id":"https:\/\/www.mexicanguitarplayers.com\/tienda\/accesorios\/para-guitarras\/pastillas-para-guitarra-acustica\/pastilla-belcat-p-guitarra-mod-k4t\/#breadcrumb"},"inLanguage":"en-US","potentialAction":[{"@type":"ReadAction","target":["https:\/\/www.mexicanguitarplayers.com\/tienda\/accesorios\/para-guitarras\/pastillas-para-guitarra-acustica\/pastilla-belcat-p-guitarra-mod-k4t\/"]}]},{"@type":"ImageObject","inLanguage":"en-US","@id":"https:\/\/www.mexicanguitarplayers.com\/tienda\/accesorios\/para-guitarras\/pastillas-para-guitarra-acustica\/pastilla-belcat-p-guitarra-mod-k4t\/#primaryimage","url":"https:\/\/www.mexicanguitarplayers.com\/wp-content\/uploads\/2022\/08\/RABELK4T.jpg","contentUrl":"https:\/\/www.mexicanguitarplayers.com\/wp-content\/uploads\/2022\/08\/RABELK4T.jpg","width":1200,"height":1200},{"@type":"BreadcrumbList","@id":"https:\/\/www.mexicanguitarplayers.com\/tienda\/accesorios\/para-guitarras\/pastillas-para-guitarra-acustica\/pastilla-belcat-p-guitarra-mod-k4t\/#breadcrumb","itemListElement":[{"@type":"ListItem","position":1,"name":"Portada","item":"https:\/\/www.mexicanguitarplayers.com\/"},{"@type":"ListItem","position":2,"name":"Tienda","item":"https:\/\/www.mexicanguitarplayers.com\/tienda\/"},{"@type":"ListItem","position":3,"name":"PASTILLA BELCAT P\/GUITARRA MOD. K4T"}]},{"@type":"WebSite","@id":"https:\/\/www.mexicanguitarplayers.com\/#website","url":"https:\/\/www.mexicanguitarplayers.com\/","name":"Mexican Guitar Players","description":"Website","publisher":{"@id":"https:\/\/www.mexicanguitarplayers.com\/#organization"},"potentialAction":[{"@type":"SearchAction","target":{"@type":"EntryPoint","urlTemplate":"https:\/\/www.mexicanguitarplayers.com\/?s={search_term_string}"},"query-input":{"@type":"PropertyValueSpecification","valueRequired":true,"valueName":"search_term_string"}}],"inLanguage":"en-US"},{"@type":"Organization","@id":"https:\/\/www.mexicanguitarplayers.com\/#organization","name":"Mexican Guitar Players","url":"https:\/\/www.mexicanguitarplayers.com\/","logo":{"@type":"ImageObject","inLanguage":"en-US","@id":"https:\/\/www.mexicanguitarplayers.com\/#\/schema\/logo\/image\/","url":"","contentUrl":"","caption":"Mexican Guitar Players"},"image":{"@id":"https:\/\/www.mexicanguitarplayers.com\/#\/schema\/logo\/image\/"}}]}},"brands":[{"id":258,"name":"BELCAT","slug":"belcat"}],"_links":{"self":[{"href":"https:\/\/www.mexicanguitarplayers.com\/en\/wp-json\/wp\/v2\/product\/12515","targetHints":{"allow":["GET"]}}],"collection":[{"href":"https:\/\/www.mexicanguitarplayers.com\/en\/wp-json\/wp\/v2\/product"}],"about":[{"href":"https:\/\/www.mexicanguitarplayers.com\/en\/wp-json\/wp\/v2\/types\/product"}],"replies":[{"embeddable":true,"href":"https:\/\/www.mexicanguitarplayers.com\/en\/wp-json\/wp\/v2\/comments?post=12515"}],"wp:featuredmedia":[{"embeddable":true,"href":"https:\/\/www.mexicanguitarplayers.com\/en\/wp-json\/wp\/v2\/media\/12514"}],"wp:attachment":[{"href":"https:\/\/www.mexicanguitarplayers.com\/en\/wp-json\/wp\/v2\/media?parent=12515"}],"wp:term":[{"taxonomy":"pwb-brand","embeddable":true,"href":"https:\/\/www.mexicanguitarplayers.com\/en\/wp-json\/wp\/v2\/pwb-brand?post=12515"},{"taxonomy":"product_brand","embeddable":true,"href":"https:\/\/www.mexicanguitarplayers.com\/en\/wp-json\/wp\/v2\/product_brand?post=12515"},{"taxonomy":"product_cat","embeddable":true,"href":"https:\/\/www.mexicanguitarplayers.com\/en\/wp-json\/wp\/v2\/product_cat?post=12515"},{"taxonomy":"product_tag","embeddable":true,"href":"https:\/\/www.mexicanguitarplayers.com\/en\/wp-json\/wp\/v2\/product_tag?post=12515"}],"curies":[{"name":"wp","href":"https:\/\/api.w.org\/{rel}","templated":true}]}}