{"id":12560,"date":"2022-08-18T08:59:21","date_gmt":"2022-08-18T13:59:21","guid":{"rendered":"https:\/\/www.mexicanguitarplayers.com\/tienda\/sin%20categor\u00eda\/tapete-blackwidow-p-bateria-mod-bwdw\/"},"modified":"2026-04-10T05:15:12","modified_gmt":"2026-04-10T11:15:12","slug":"tapete-blackwidow-p-bateria-mod-bwdw","status":"publish","type":"product","link":"https:\/\/www.mexicanguitarplayers.com\/en\/tienda\/accesorios\/para-bateria\/cuidado-y-proteccion\/tapete-blackwidow-p-bateria-mod-bwdw\/","title":{"rendered":"TAPETE BLACKWIDOW P\/BATERIA MOD. BWDW"},"content":{"rendered":"<div style=\"text-align: justify\">\n<div>\n<h3>TAPETE BLACKWIDOW P\/BATERIA MOD. BWDW<\/h3>\n<\/div>\n<div>Tapete para bater\u00eda, elegante y seguro, ofrece un nuevo nivel de estabilidad para la bater\u00eda, portabilidad sin igual, f\u00e1cil de usar y mantener, protege todos los tipos de tambores y pisos, ligero y duradero, incluye estuche de transporte, paquete con 3 velcros Security Straps y paquete de marcadores Marker Strip.<\/div>\n<\/div>","protected":false},"excerpt":{"rendered":"<p>Tapete para bater\u00eda, elegante y seguro, ofrece un nuevo nivel de estabilidad para la bater\u00eda, portabilidad sin igual, f\u00e1cil de usar y mantener, protege todos los tipos de tambores y pisos, ligero y duradero, incluye estuche de transporte, paquete con 3 velcros Security Straps y paquete de marcadores Marker Strip.&hellip; <a class=\"kt-excerpt-readmore more-link\" href=\"https:\/\/www.mexicanguitarplayers.com\/en\/tienda\/accesorios\/para-bateria\/cuidado-y-proteccion\/tapete-blackwidow-p-bateria-mod-bwdw\/\">Read more<\/a><\/p>","protected":false},"featured_media":12558,"comment_status":"open","ping_status":"closed","template":"","meta":{"kt_blocks_editor_width":""},"pwb-brand":[428],"product_brand":[],"product_cat":[85,421,306],"product_tag":[],"class_list":{"0":"post-12560","1":"product","2":"type-product","3":"status-publish","4":"has-post-thumbnail","6":"pwb-brand-black-widow","7":"product_cat-accesorios","8":"product_cat-cuidado-y-proteccion","9":"product_cat-para-bateria","10":"product_shipping_class-0-5-kg","12":"first","13":"outofstock","14":"taxable","15":"shipping-taxable","16":"purchasable","17":"product-type-simple"},"yoast_head":"<!-- This site is optimized with the Yoast SEO plugin v27.5 - https:\/\/yoast.com\/product\/yoast-seo-wordpress\/ -->\n<title>TAPETE BLACKWIDOW P\/BATERIA MOD. BWDW - Mexican Guitar Players<\/title>\n<meta name=\"description\" content=\"TAPETE BLACKWIDOW P\/BATERIA MOD. BWDW. Tapete para bater\u00eda, elegante y seguro, ofrece un nuevo nivel de estabilidad para la bater\u00eda, portabilidad sin igual, f\u00e1cil de usar y mantener, protege todos los tipos de tambores y pisos, ligero y duradero, incluye estuche de transporte, paquete con 3 velcros Security Straps y paquete de marcadores Marker Strip.\" \/>\n<meta name=\"robots\" content=\"index, follow, max-snippet:-1, max-image-preview:large, max-video-preview:-1\" \/>\n<link rel=\"canonical\" href=\"https:\/\/www.mexicanguitarplayers.com\/en\/tienda\/accesorios\/para-bateria\/cuidado-y-proteccion\/tapete-blackwidow-p-bateria-mod-bwdw\/\" \/>\n<meta property=\"og:locale\" content=\"en_US\" \/>\n<meta property=\"og:type\" content=\"article\" \/>\n<meta property=\"og:title\" content=\"TAPETE BLACKWIDOW P\/BATERIA MOD. BWDW - Mexican Guitar Players\" \/>\n<meta property=\"og:description\" content=\"TAPETE BLACKWIDOW P\/BATERIA MOD. BWDW. Tapete para bater\u00eda, elegante y seguro, ofrece un nuevo nivel de estabilidad para la bater\u00eda, portabilidad sin igual, f\u00e1cil de usar y mantener, protege todos los tipos de tambores y pisos, ligero y duradero, incluye estuche de transporte, paquete con 3 velcros Security Straps y paquete de marcadores Marker Strip.\" \/>\n<meta property=\"og:url\" content=\"https:\/\/www.mexicanguitarplayers.com\/en\/tienda\/accesorios\/para-bateria\/cuidado-y-proteccion\/tapete-blackwidow-p-bateria-mod-bwdw\/\" \/>\n<meta property=\"og:site_name\" content=\"Mexican Guitar Players\" \/>\n<meta property=\"article:modified_time\" content=\"2026-04-10T11:15:12+00:00\" \/>\n<meta property=\"og:image\" content=\"https:\/\/www.mexicanguitarplayers.com\/wp-content\/uploads\/2022\/08\/RABWIBWDW.jpg\" \/>\n\t<meta property=\"og:image:width\" content=\"1200\" \/>\n\t<meta property=\"og:image:height\" content=\"1200\" \/>\n\t<meta property=\"og:image:type\" content=\"image\/jpeg\" \/>\n<meta name=\"twitter:card\" content=\"summary_large_image\" \/>\n<script type=\"application\/ld+json\" class=\"yoast-schema-graph\">{\"@context\":\"https:\\\/\\\/schema.org\",\"@graph\":[{\"@type\":[\"WebPage\",\"ItemPage\"],\"@id\":\"https:\\\/\\\/www.mexicanguitarplayers.com\\\/tienda\\\/accesorios\\\/para-bateria\\\/cuidado-y-proteccion\\\/tapete-blackwidow-p-bateria-mod-bwdw\\\/\",\"url\":\"https:\\\/\\\/www.mexicanguitarplayers.com\\\/tienda\\\/accesorios\\\/para-bateria\\\/cuidado-y-proteccion\\\/tapete-blackwidow-p-bateria-mod-bwdw\\\/\",\"name\":\"TAPETE BLACKWIDOW P\\\/BATERIA MOD. BWDW - Mexican Guitar Players\",\"isPartOf\":{\"@id\":\"https:\\\/\\\/www.mexicanguitarplayers.com\\\/#website\"},\"primaryImageOfPage\":{\"@id\":\"https:\\\/\\\/www.mexicanguitarplayers.com\\\/tienda\\\/accesorios\\\/para-bateria\\\/cuidado-y-proteccion\\\/tapete-blackwidow-p-bateria-mod-bwdw\\\/#primaryimage\"},\"image\":{\"@id\":\"https:\\\/\\\/www.mexicanguitarplayers.com\\\/tienda\\\/accesorios\\\/para-bateria\\\/cuidado-y-proteccion\\\/tapete-blackwidow-p-bateria-mod-bwdw\\\/#primaryimage\"},\"thumbnailUrl\":\"https:\\\/\\\/www.mexicanguitarplayers.com\\\/wp-content\\\/uploads\\\/2022\\\/08\\\/RABWIBWDW.jpg\",\"datePublished\":\"2022-08-18T13:59:21+00:00\",\"dateModified\":\"2026-04-10T11:15:12+00:00\",\"description\":\"TAPETE BLACKWIDOW P\\\/BATERIA MOD. BWDW. Tapete para bater\u00eda, elegante y seguro, ofrece un nuevo nivel de estabilidad para la bater\u00eda, portabilidad sin igual, f\u00e1cil de usar y mantener, protege todos los tipos de tambores y pisos, ligero y duradero, incluye estuche de transporte, paquete con 3 velcros Security Straps y paquete de marcadores Marker Strip.\",\"breadcrumb\":{\"@id\":\"https:\\\/\\\/www.mexicanguitarplayers.com\\\/tienda\\\/accesorios\\\/para-bateria\\\/cuidado-y-proteccion\\\/tapete-blackwidow-p-bateria-mod-bwdw\\\/#breadcrumb\"},\"inLanguage\":\"en-US\",\"potentialAction\":[{\"@type\":\"ReadAction\",\"target\":[\"https:\\\/\\\/www.mexicanguitarplayers.com\\\/tienda\\\/accesorios\\\/para-bateria\\\/cuidado-y-proteccion\\\/tapete-blackwidow-p-bateria-mod-bwdw\\\/\"]}]},{\"@type\":\"ImageObject\",\"inLanguage\":\"en-US\",\"@id\":\"https:\\\/\\\/www.mexicanguitarplayers.com\\\/tienda\\\/accesorios\\\/para-bateria\\\/cuidado-y-proteccion\\\/tapete-blackwidow-p-bateria-mod-bwdw\\\/#primaryimage\",\"url\":\"https:\\\/\\\/www.mexicanguitarplayers.com\\\/wp-content\\\/uploads\\\/2022\\\/08\\\/RABWIBWDW.jpg\",\"contentUrl\":\"https:\\\/\\\/www.mexicanguitarplayers.com\\\/wp-content\\\/uploads\\\/2022\\\/08\\\/RABWIBWDW.jpg\",\"width\":1200,\"height\":1200},{\"@type\":\"BreadcrumbList\",\"@id\":\"https:\\\/\\\/www.mexicanguitarplayers.com\\\/tienda\\\/accesorios\\\/para-bateria\\\/cuidado-y-proteccion\\\/tapete-blackwidow-p-bateria-mod-bwdw\\\/#breadcrumb\",\"itemListElement\":[{\"@type\":\"ListItem\",\"position\":1,\"name\":\"Portada\",\"item\":\"https:\\\/\\\/www.mexicanguitarplayers.com\\\/\"},{\"@type\":\"ListItem\",\"position\":2,\"name\":\"Tienda\",\"item\":\"https:\\\/\\\/www.mexicanguitarplayers.com\\\/tienda\\\/\"},{\"@type\":\"ListItem\",\"position\":3,\"name\":\"TAPETE BLACKWIDOW P\\\/BATERIA MOD. BWDW\"}]},{\"@type\":\"WebSite\",\"@id\":\"https:\\\/\\\/www.mexicanguitarplayers.com\\\/#website\",\"url\":\"https:\\\/\\\/www.mexicanguitarplayers.com\\\/\",\"name\":\"Mexican Guitar Players\",\"description\":\"Website\",\"publisher\":{\"@id\":\"https:\\\/\\\/www.mexicanguitarplayers.com\\\/#organization\"},\"potentialAction\":[{\"@type\":\"SearchAction\",\"target\":{\"@type\":\"EntryPoint\",\"urlTemplate\":\"https:\\\/\\\/www.mexicanguitarplayers.com\\\/?s={search_term_string}\"},\"query-input\":{\"@type\":\"PropertyValueSpecification\",\"valueRequired\":true,\"valueName\":\"search_term_string\"}}],\"inLanguage\":\"en-US\"},{\"@type\":\"Organization\",\"@id\":\"https:\\\/\\\/www.mexicanguitarplayers.com\\\/#organization\",\"name\":\"Mexican Guitar Players\",\"url\":\"https:\\\/\\\/www.mexicanguitarplayers.com\\\/\",\"logo\":{\"@type\":\"ImageObject\",\"inLanguage\":\"en-US\",\"@id\":\"https:\\\/\\\/www.mexicanguitarplayers.com\\\/#\\\/schema\\\/logo\\\/image\\\/\",\"url\":\"\",\"contentUrl\":\"\",\"caption\":\"Mexican Guitar Players\"},\"image\":{\"@id\":\"https:\\\/\\\/www.mexicanguitarplayers.com\\\/#\\\/schema\\\/logo\\\/image\\\/\"}}]}<\/script>\n<!-- \/ Yoast SEO plugin. -->","yoast_head_json":{"title":"TAPETE BLACKWIDOW P\/BATERIA MOD. BWDW - Mexican Guitar Players","description":"TAPETE BLACKWIDOW P\/BATERIA MOD. BWDW. Tapete para bater\u00eda, elegante y seguro, ofrece un nuevo nivel de estabilidad para la bater\u00eda, portabilidad sin igual, f\u00e1cil de usar y mantener, protege todos los tipos de tambores y pisos, ligero y duradero, incluye estuche de transporte, paquete con 3 velcros Security Straps y paquete de marcadores Marker Strip.","robots":{"index":"index","follow":"follow","max-snippet":"max-snippet:-1","max-image-preview":"max-image-preview:large","max-video-preview":"max-video-preview:-1"},"canonical":"https:\/\/www.mexicanguitarplayers.com\/en\/tienda\/accesorios\/para-bateria\/cuidado-y-proteccion\/tapete-blackwidow-p-bateria-mod-bwdw\/","og_locale":"en_US","og_type":"article","og_title":"TAPETE BLACKWIDOW P\/BATERIA MOD. BWDW - Mexican Guitar Players","og_description":"TAPETE BLACKWIDOW P\/BATERIA MOD. BWDW. Tapete para bater\u00eda, elegante y seguro, ofrece un nuevo nivel de estabilidad para la bater\u00eda, portabilidad sin igual, f\u00e1cil de usar y mantener, protege todos los tipos de tambores y pisos, ligero y duradero, incluye estuche de transporte, paquete con 3 velcros Security Straps y paquete de marcadores Marker Strip.","og_url":"https:\/\/www.mexicanguitarplayers.com\/en\/tienda\/accesorios\/para-bateria\/cuidado-y-proteccion\/tapete-blackwidow-p-bateria-mod-bwdw\/","og_site_name":"Mexican Guitar Players","article_modified_time":"2026-04-10T11:15:12+00:00","og_image":[{"width":1200,"height":1200,"url":"https:\/\/www.mexicanguitarplayers.com\/wp-content\/uploads\/2022\/08\/RABWIBWDW.jpg","type":"image\/jpeg"}],"twitter_card":"summary_large_image","schema":{"@context":"https:\/\/schema.org","@graph":[{"@type":["WebPage","ItemPage"],"@id":"https:\/\/www.mexicanguitarplayers.com\/tienda\/accesorios\/para-bateria\/cuidado-y-proteccion\/tapete-blackwidow-p-bateria-mod-bwdw\/","url":"https:\/\/www.mexicanguitarplayers.com\/tienda\/accesorios\/para-bateria\/cuidado-y-proteccion\/tapete-blackwidow-p-bateria-mod-bwdw\/","name":"TAPETE BLACKWIDOW P\/BATERIA MOD. BWDW - Mexican Guitar Players","isPartOf":{"@id":"https:\/\/www.mexicanguitarplayers.com\/#website"},"primaryImageOfPage":{"@id":"https:\/\/www.mexicanguitarplayers.com\/tienda\/accesorios\/para-bateria\/cuidado-y-proteccion\/tapete-blackwidow-p-bateria-mod-bwdw\/#primaryimage"},"image":{"@id":"https:\/\/www.mexicanguitarplayers.com\/tienda\/accesorios\/para-bateria\/cuidado-y-proteccion\/tapete-blackwidow-p-bateria-mod-bwdw\/#primaryimage"},"thumbnailUrl":"https:\/\/www.mexicanguitarplayers.com\/wp-content\/uploads\/2022\/08\/RABWIBWDW.jpg","datePublished":"2022-08-18T13:59:21+00:00","dateModified":"2026-04-10T11:15:12+00:00","description":"TAPETE BLACKWIDOW P\/BATERIA MOD. BWDW. Tapete para bater\u00eda, elegante y seguro, ofrece un nuevo nivel de estabilidad para la bater\u00eda, portabilidad sin igual, f\u00e1cil de usar y mantener, protege todos los tipos de tambores y pisos, ligero y duradero, incluye estuche de transporte, paquete con 3 velcros Security Straps y paquete de marcadores Marker Strip.","breadcrumb":{"@id":"https:\/\/www.mexicanguitarplayers.com\/tienda\/accesorios\/para-bateria\/cuidado-y-proteccion\/tapete-blackwidow-p-bateria-mod-bwdw\/#breadcrumb"},"inLanguage":"en-US","potentialAction":[{"@type":"ReadAction","target":["https:\/\/www.mexicanguitarplayers.com\/tienda\/accesorios\/para-bateria\/cuidado-y-proteccion\/tapete-blackwidow-p-bateria-mod-bwdw\/"]}]},{"@type":"ImageObject","inLanguage":"en-US","@id":"https:\/\/www.mexicanguitarplayers.com\/tienda\/accesorios\/para-bateria\/cuidado-y-proteccion\/tapete-blackwidow-p-bateria-mod-bwdw\/#primaryimage","url":"https:\/\/www.mexicanguitarplayers.com\/wp-content\/uploads\/2022\/08\/RABWIBWDW.jpg","contentUrl":"https:\/\/www.mexicanguitarplayers.com\/wp-content\/uploads\/2022\/08\/RABWIBWDW.jpg","width":1200,"height":1200},{"@type":"BreadcrumbList","@id":"https:\/\/www.mexicanguitarplayers.com\/tienda\/accesorios\/para-bateria\/cuidado-y-proteccion\/tapete-blackwidow-p-bateria-mod-bwdw\/#breadcrumb","itemListElement":[{"@type":"ListItem","position":1,"name":"Portada","item":"https:\/\/www.mexicanguitarplayers.com\/"},{"@type":"ListItem","position":2,"name":"Tienda","item":"https:\/\/www.mexicanguitarplayers.com\/tienda\/"},{"@type":"ListItem","position":3,"name":"TAPETE BLACKWIDOW P\/BATERIA MOD. BWDW"}]},{"@type":"WebSite","@id":"https:\/\/www.mexicanguitarplayers.com\/#website","url":"https:\/\/www.mexicanguitarplayers.com\/","name":"Mexican Guitar Players","description":"Website","publisher":{"@id":"https:\/\/www.mexicanguitarplayers.com\/#organization"},"potentialAction":[{"@type":"SearchAction","target":{"@type":"EntryPoint","urlTemplate":"https:\/\/www.mexicanguitarplayers.com\/?s={search_term_string}"},"query-input":{"@type":"PropertyValueSpecification","valueRequired":true,"valueName":"search_term_string"}}],"inLanguage":"en-US"},{"@type":"Organization","@id":"https:\/\/www.mexicanguitarplayers.com\/#organization","name":"Mexican Guitar Players","url":"https:\/\/www.mexicanguitarplayers.com\/","logo":{"@type":"ImageObject","inLanguage":"en-US","@id":"https:\/\/www.mexicanguitarplayers.com\/#\/schema\/logo\/image\/","url":"","contentUrl":"","caption":"Mexican Guitar Players"},"image":{"@id":"https:\/\/www.mexicanguitarplayers.com\/#\/schema\/logo\/image\/"}}]}},"brands":[{"id":428,"name":"BLACK WIDOW","slug":"black-widow"}],"_links":{"self":[{"href":"https:\/\/www.mexicanguitarplayers.com\/en\/wp-json\/wp\/v2\/product\/12560","targetHints":{"allow":["GET"]}}],"collection":[{"href":"https:\/\/www.mexicanguitarplayers.com\/en\/wp-json\/wp\/v2\/product"}],"about":[{"href":"https:\/\/www.mexicanguitarplayers.com\/en\/wp-json\/wp\/v2\/types\/product"}],"replies":[{"embeddable":true,"href":"https:\/\/www.mexicanguitarplayers.com\/en\/wp-json\/wp\/v2\/comments?post=12560"}],"wp:featuredmedia":[{"embeddable":true,"href":"https:\/\/www.mexicanguitarplayers.com\/en\/wp-json\/wp\/v2\/media\/12558"}],"wp:attachment":[{"href":"https:\/\/www.mexicanguitarplayers.com\/en\/wp-json\/wp\/v2\/media?parent=12560"}],"wp:term":[{"taxonomy":"pwb-brand","embeddable":true,"href":"https:\/\/www.mexicanguitarplayers.com\/en\/wp-json\/wp\/v2\/pwb-brand?post=12560"},{"taxonomy":"product_brand","embeddable":true,"href":"https:\/\/www.mexicanguitarplayers.com\/en\/wp-json\/wp\/v2\/product_brand?post=12560"},{"taxonomy":"product_cat","embeddable":true,"href":"https:\/\/www.mexicanguitarplayers.com\/en\/wp-json\/wp\/v2\/product_cat?post=12560"},{"taxonomy":"product_tag","embeddable":true,"href":"https:\/\/www.mexicanguitarplayers.com\/en\/wp-json\/wp\/v2\/product_tag?post=12560"}],"curies":[{"name":"wp","href":"https:\/\/api.w.org\/{rel}","templated":true}]}}