{"id":12653,"date":"2022-08-18T09:16:43","date_gmt":"2022-08-18T14:16:43","guid":{"rendered":"https:\/\/www.mexicanguitarplayers.com\/tienda\/sin%20categor\u00eda\/pastilla-dimarzio-p-bajo-split-p\/"},"modified":"2026-04-10T05:14:53","modified_gmt":"2026-04-10T11:14:53","slug":"pastilla-dimarzio-p-bajo-split-p","status":"publish","type":"product","link":"https:\/\/www.mexicanguitarplayers.com\/en\/tienda\/accesorios\/para-bajo\/pastillas\/pastilla-dimarzio-p-bajo-split-p\/","title":{"rendered":"PICKUP DIMARZIO P\/BASS SPLIT P"},"content":{"rendered":"<div style=\"text-align: justify\">\n<div>\n<h3>PICKUP DIMARZIO P\/BASS SPLIT P<\/h3>\n<\/div>\n<div>Pickup for 4-string electric bass, Split P model, center position, wiring: 4 conductors, magnet: ceramic, standard spacing, resistance: 19.16 kilo-ohms, reproduces subtle dynamics and the full range of electric bass frequencies is particularly useful on fretless basses and modern bass amps.<\/div>\n<\/div>","protected":false},"excerpt":{"rendered":"<p>Pastilla para bajo el\u00e9ctrico de 4 cuerdas, modelo Split P, posici\u00f3n central, alambrado: 4 conductores, im\u00e1n: cer\u00e1mica, espaciado est\u00e1ndar, resistencia: 19.16 kilo-ohms, reproduce din\u00e1micas sutiles y el rango completo de frecuencias de bajos el\u00e9ctricos es particularmente \u00fatil en bajos sin trastes y amplificadores modernos para bajo.&hellip; <a class=\"kt-excerpt-readmore more-link\" href=\"https:\/\/www.mexicanguitarplayers.com\/en\/tienda\/accesorios\/para-bajo\/pastillas\/pastilla-dimarzio-p-bajo-split-p\/\">Read more<\/a><\/p>","protected":false},"featured_media":12650,"comment_status":"open","ping_status":"closed","template":"","meta":{"kt_blocks_editor_width":""},"pwb-brand":[355],"product_brand":[],"product_cat":[85,340,356],"product_tag":[],"class_list":{"0":"post-12653","1":"product","2":"type-product","3":"status-publish","4":"has-post-thumbnail","6":"pwb-brand-dimarzio","7":"product_cat-accesorios","8":"product_cat-para-bajo","9":"product_cat-pastillas","10":"product_shipping_class-0-5-kg","12":"first","13":"outofstock","14":"taxable","15":"shipping-taxable","16":"purchasable","17":"product-type-simple"},"yoast_head":"<!-- This site is optimized with the Yoast SEO plugin v27.5 - https:\/\/yoast.com\/product\/yoast-seo-wordpress\/ -->\n<title>PASTILLA DIMARZIO P\/BAJO SPLIT P - Mexican Guitar Players<\/title>\n<meta name=\"description\" content=\"PASTILLA DIMARZIO P\/BAJO SPLIT P. Pastilla para bajo el\u00e9ctrico de 4 cuerdas, modelo Split P, posici\u00f3n central, alambrado: 4 conductores, im\u00e1n: cer\u00e1mica, espaciado est\u00e1ndar, resistencia: 19.16 kilo-ohms, reproduce din\u00e1micas sutiles y el rango completo de frecuencias de bajos el\u00e9ctricos es particularmente \u00fatil en bajos sin trastes y amplificadores modernos para bajo.\" \/>\n<meta name=\"robots\" content=\"index, follow, max-snippet:-1, max-image-preview:large, max-video-preview:-1\" \/>\n<link rel=\"canonical\" href=\"https:\/\/www.mexicanguitarplayers.com\/en\/tienda\/accesorios\/para-bajo\/pastillas\/pastilla-dimarzio-p-bajo-split-p\/\" \/>\n<meta property=\"og:locale\" content=\"en_US\" \/>\n<meta property=\"og:type\" content=\"article\" \/>\n<meta property=\"og:title\" content=\"PASTILLA DIMARZIO P\/BAJO SPLIT P - Mexican Guitar Players\" \/>\n<meta property=\"og:description\" content=\"PASTILLA DIMARZIO P\/BAJO SPLIT P. Pastilla para bajo el\u00e9ctrico de 4 cuerdas, modelo Split P, posici\u00f3n central, alambrado: 4 conductores, im\u00e1n: cer\u00e1mica, espaciado est\u00e1ndar, resistencia: 19.16 kilo-ohms, reproduce din\u00e1micas sutiles y el rango completo de frecuencias de bajos el\u00e9ctricos es particularmente \u00fatil en bajos sin trastes y amplificadores modernos para bajo.\" \/>\n<meta property=\"og:url\" content=\"https:\/\/www.mexicanguitarplayers.com\/en\/tienda\/accesorios\/para-bajo\/pastillas\/pastilla-dimarzio-p-bajo-split-p\/\" \/>\n<meta property=\"og:site_name\" content=\"Mexican Guitar Players\" \/>\n<meta property=\"article:modified_time\" content=\"2026-04-10T11:14:53+00:00\" \/>\n<meta property=\"og:image\" content=\"https:\/\/www.mexicanguitarplayers.com\/wp-content\/uploads\/2022\/08\/RADIMDP127.jpg\" \/>\n\t<meta property=\"og:image:width\" content=\"1200\" \/>\n\t<meta property=\"og:image:height\" content=\"1200\" \/>\n\t<meta property=\"og:image:type\" content=\"image\/jpeg\" \/>\n<meta name=\"twitter:card\" content=\"summary_large_image\" \/>\n<script type=\"application\/ld+json\" class=\"yoast-schema-graph\">{\"@context\":\"https:\\\/\\\/schema.org\",\"@graph\":[{\"@type\":[\"WebPage\",\"ItemPage\"],\"@id\":\"https:\\\/\\\/www.mexicanguitarplayers.com\\\/tienda\\\/accesorios\\\/para-bajo\\\/pastillas\\\/pastilla-dimarzio-p-bajo-split-p\\\/\",\"url\":\"https:\\\/\\\/www.mexicanguitarplayers.com\\\/tienda\\\/accesorios\\\/para-bajo\\\/pastillas\\\/pastilla-dimarzio-p-bajo-split-p\\\/\",\"name\":\"PASTILLA DIMARZIO P\\\/BAJO SPLIT P - Mexican Guitar Players\",\"isPartOf\":{\"@id\":\"https:\\\/\\\/www.mexicanguitarplayers.com\\\/#website\"},\"primaryImageOfPage\":{\"@id\":\"https:\\\/\\\/www.mexicanguitarplayers.com\\\/tienda\\\/accesorios\\\/para-bajo\\\/pastillas\\\/pastilla-dimarzio-p-bajo-split-p\\\/#primaryimage\"},\"image\":{\"@id\":\"https:\\\/\\\/www.mexicanguitarplayers.com\\\/tienda\\\/accesorios\\\/para-bajo\\\/pastillas\\\/pastilla-dimarzio-p-bajo-split-p\\\/#primaryimage\"},\"thumbnailUrl\":\"https:\\\/\\\/www.mexicanguitarplayers.com\\\/wp-content\\\/uploads\\\/2022\\\/08\\\/RADIMDP127.jpg\",\"datePublished\":\"2022-08-18T14:16:43+00:00\",\"dateModified\":\"2026-04-10T11:14:53+00:00\",\"description\":\"PASTILLA DIMARZIO P\\\/BAJO SPLIT P. Pastilla para bajo el\u00e9ctrico de 4 cuerdas, modelo Split P, posici\u00f3n central, alambrado: 4 conductores, im\u00e1n: cer\u00e1mica, espaciado est\u00e1ndar, resistencia: 19.16 kilo-ohms, reproduce din\u00e1micas sutiles y el rango completo de frecuencias de bajos el\u00e9ctricos es particularmente \u00fatil en bajos sin trastes y amplificadores modernos para bajo.\",\"breadcrumb\":{\"@id\":\"https:\\\/\\\/www.mexicanguitarplayers.com\\\/tienda\\\/accesorios\\\/para-bajo\\\/pastillas\\\/pastilla-dimarzio-p-bajo-split-p\\\/#breadcrumb\"},\"inLanguage\":\"en-US\",\"potentialAction\":[{\"@type\":\"ReadAction\",\"target\":[\"https:\\\/\\\/www.mexicanguitarplayers.com\\\/tienda\\\/accesorios\\\/para-bajo\\\/pastillas\\\/pastilla-dimarzio-p-bajo-split-p\\\/\"]}]},{\"@type\":\"ImageObject\",\"inLanguage\":\"en-US\",\"@id\":\"https:\\\/\\\/www.mexicanguitarplayers.com\\\/tienda\\\/accesorios\\\/para-bajo\\\/pastillas\\\/pastilla-dimarzio-p-bajo-split-p\\\/#primaryimage\",\"url\":\"https:\\\/\\\/www.mexicanguitarplayers.com\\\/wp-content\\\/uploads\\\/2022\\\/08\\\/RADIMDP127.jpg\",\"contentUrl\":\"https:\\\/\\\/www.mexicanguitarplayers.com\\\/wp-content\\\/uploads\\\/2022\\\/08\\\/RADIMDP127.jpg\",\"width\":1200,\"height\":1200},{\"@type\":\"BreadcrumbList\",\"@id\":\"https:\\\/\\\/www.mexicanguitarplayers.com\\\/tienda\\\/accesorios\\\/para-bajo\\\/pastillas\\\/pastilla-dimarzio-p-bajo-split-p\\\/#breadcrumb\",\"itemListElement\":[{\"@type\":\"ListItem\",\"position\":1,\"name\":\"Portada\",\"item\":\"https:\\\/\\\/www.mexicanguitarplayers.com\\\/\"},{\"@type\":\"ListItem\",\"position\":2,\"name\":\"Tienda\",\"item\":\"https:\\\/\\\/www.mexicanguitarplayers.com\\\/tienda\\\/\"},{\"@type\":\"ListItem\",\"position\":3,\"name\":\"PASTILLA DIMARZIO P\\\/BAJO SPLIT P\"}]},{\"@type\":\"WebSite\",\"@id\":\"https:\\\/\\\/www.mexicanguitarplayers.com\\\/#website\",\"url\":\"https:\\\/\\\/www.mexicanguitarplayers.com\\\/\",\"name\":\"Mexican Guitar Players\",\"description\":\"Website\",\"publisher\":{\"@id\":\"https:\\\/\\\/www.mexicanguitarplayers.com\\\/#organization\"},\"potentialAction\":[{\"@type\":\"SearchAction\",\"target\":{\"@type\":\"EntryPoint\",\"urlTemplate\":\"https:\\\/\\\/www.mexicanguitarplayers.com\\\/?s={search_term_string}\"},\"query-input\":{\"@type\":\"PropertyValueSpecification\",\"valueRequired\":true,\"valueName\":\"search_term_string\"}}],\"inLanguage\":\"en-US\"},{\"@type\":\"Organization\",\"@id\":\"https:\\\/\\\/www.mexicanguitarplayers.com\\\/#organization\",\"name\":\"Mexican Guitar Players\",\"url\":\"https:\\\/\\\/www.mexicanguitarplayers.com\\\/\",\"logo\":{\"@type\":\"ImageObject\",\"inLanguage\":\"en-US\",\"@id\":\"https:\\\/\\\/www.mexicanguitarplayers.com\\\/#\\\/schema\\\/logo\\\/image\\\/\",\"url\":\"\",\"contentUrl\":\"\",\"caption\":\"Mexican Guitar Players\"},\"image\":{\"@id\":\"https:\\\/\\\/www.mexicanguitarplayers.com\\\/#\\\/schema\\\/logo\\\/image\\\/\"}}]}<\/script>\n<!-- \/ Yoast SEO plugin. -->","yoast_head_json":{"title":"PASTILLA DIMARZIO P\/BAJO SPLIT P - Mexican Guitar Players","description":"PASTILLA DIMARZIO P\/BAJO SPLIT P. Pastilla para bajo el\u00e9ctrico de 4 cuerdas, modelo Split P, posici\u00f3n central, alambrado: 4 conductores, im\u00e1n: cer\u00e1mica, espaciado est\u00e1ndar, resistencia: 19.16 kilo-ohms, reproduce din\u00e1micas sutiles y el rango completo de frecuencias de bajos el\u00e9ctricos es particularmente \u00fatil en bajos sin trastes y amplificadores modernos para bajo.","robots":{"index":"index","follow":"follow","max-snippet":"max-snippet:-1","max-image-preview":"max-image-preview:large","max-video-preview":"max-video-preview:-1"},"canonical":"https:\/\/www.mexicanguitarplayers.com\/en\/tienda\/accesorios\/para-bajo\/pastillas\/pastilla-dimarzio-p-bajo-split-p\/","og_locale":"en_US","og_type":"article","og_title":"PASTILLA DIMARZIO P\/BAJO SPLIT P - Mexican Guitar Players","og_description":"PASTILLA DIMARZIO P\/BAJO SPLIT P. Pastilla para bajo el\u00e9ctrico de 4 cuerdas, modelo Split P, posici\u00f3n central, alambrado: 4 conductores, im\u00e1n: cer\u00e1mica, espaciado est\u00e1ndar, resistencia: 19.16 kilo-ohms, reproduce din\u00e1micas sutiles y el rango completo de frecuencias de bajos el\u00e9ctricos es particularmente \u00fatil en bajos sin trastes y amplificadores modernos para bajo.","og_url":"https:\/\/www.mexicanguitarplayers.com\/en\/tienda\/accesorios\/para-bajo\/pastillas\/pastilla-dimarzio-p-bajo-split-p\/","og_site_name":"Mexican Guitar Players","article_modified_time":"2026-04-10T11:14:53+00:00","og_image":[{"width":1200,"height":1200,"url":"https:\/\/www.mexicanguitarplayers.com\/wp-content\/uploads\/2022\/08\/RADIMDP127.jpg","type":"image\/jpeg"}],"twitter_card":"summary_large_image","schema":{"@context":"https:\/\/schema.org","@graph":[{"@type":["WebPage","ItemPage"],"@id":"https:\/\/www.mexicanguitarplayers.com\/tienda\/accesorios\/para-bajo\/pastillas\/pastilla-dimarzio-p-bajo-split-p\/","url":"https:\/\/www.mexicanguitarplayers.com\/tienda\/accesorios\/para-bajo\/pastillas\/pastilla-dimarzio-p-bajo-split-p\/","name":"PASTILLA DIMARZIO P\/BAJO SPLIT P - Mexican Guitar Players","isPartOf":{"@id":"https:\/\/www.mexicanguitarplayers.com\/#website"},"primaryImageOfPage":{"@id":"https:\/\/www.mexicanguitarplayers.com\/tienda\/accesorios\/para-bajo\/pastillas\/pastilla-dimarzio-p-bajo-split-p\/#primaryimage"},"image":{"@id":"https:\/\/www.mexicanguitarplayers.com\/tienda\/accesorios\/para-bajo\/pastillas\/pastilla-dimarzio-p-bajo-split-p\/#primaryimage"},"thumbnailUrl":"https:\/\/www.mexicanguitarplayers.com\/wp-content\/uploads\/2022\/08\/RADIMDP127.jpg","datePublished":"2022-08-18T14:16:43+00:00","dateModified":"2026-04-10T11:14:53+00:00","description":"PASTILLA DIMARZIO P\/BAJO SPLIT P. Pastilla para bajo el\u00e9ctrico de 4 cuerdas, modelo Split P, posici\u00f3n central, alambrado: 4 conductores, im\u00e1n: cer\u00e1mica, espaciado est\u00e1ndar, resistencia: 19.16 kilo-ohms, reproduce din\u00e1micas sutiles y el rango completo de frecuencias de bajos el\u00e9ctricos es particularmente \u00fatil en bajos sin trastes y amplificadores modernos para bajo.","breadcrumb":{"@id":"https:\/\/www.mexicanguitarplayers.com\/tienda\/accesorios\/para-bajo\/pastillas\/pastilla-dimarzio-p-bajo-split-p\/#breadcrumb"},"inLanguage":"en-US","potentialAction":[{"@type":"ReadAction","target":["https:\/\/www.mexicanguitarplayers.com\/tienda\/accesorios\/para-bajo\/pastillas\/pastilla-dimarzio-p-bajo-split-p\/"]}]},{"@type":"ImageObject","inLanguage":"en-US","@id":"https:\/\/www.mexicanguitarplayers.com\/tienda\/accesorios\/para-bajo\/pastillas\/pastilla-dimarzio-p-bajo-split-p\/#primaryimage","url":"https:\/\/www.mexicanguitarplayers.com\/wp-content\/uploads\/2022\/08\/RADIMDP127.jpg","contentUrl":"https:\/\/www.mexicanguitarplayers.com\/wp-content\/uploads\/2022\/08\/RADIMDP127.jpg","width":1200,"height":1200},{"@type":"BreadcrumbList","@id":"https:\/\/www.mexicanguitarplayers.com\/tienda\/accesorios\/para-bajo\/pastillas\/pastilla-dimarzio-p-bajo-split-p\/#breadcrumb","itemListElement":[{"@type":"ListItem","position":1,"name":"Portada","item":"https:\/\/www.mexicanguitarplayers.com\/"},{"@type":"ListItem","position":2,"name":"Tienda","item":"https:\/\/www.mexicanguitarplayers.com\/tienda\/"},{"@type":"ListItem","position":3,"name":"PASTILLA DIMARZIO P\/BAJO SPLIT P"}]},{"@type":"WebSite","@id":"https:\/\/www.mexicanguitarplayers.com\/#website","url":"https:\/\/www.mexicanguitarplayers.com\/","name":"Mexican Guitar Players","description":"Website","publisher":{"@id":"https:\/\/www.mexicanguitarplayers.com\/#organization"},"potentialAction":[{"@type":"SearchAction","target":{"@type":"EntryPoint","urlTemplate":"https:\/\/www.mexicanguitarplayers.com\/?s={search_term_string}"},"query-input":{"@type":"PropertyValueSpecification","valueRequired":true,"valueName":"search_term_string"}}],"inLanguage":"en-US"},{"@type":"Organization","@id":"https:\/\/www.mexicanguitarplayers.com\/#organization","name":"Mexican Guitar Players","url":"https:\/\/www.mexicanguitarplayers.com\/","logo":{"@type":"ImageObject","inLanguage":"en-US","@id":"https:\/\/www.mexicanguitarplayers.com\/#\/schema\/logo\/image\/","url":"","contentUrl":"","caption":"Mexican Guitar Players"},"image":{"@id":"https:\/\/www.mexicanguitarplayers.com\/#\/schema\/logo\/image\/"}}]}},"brands":[{"id":355,"name":"DIMARZIO","slug":"dimarzio"}],"_links":{"self":[{"href":"https:\/\/www.mexicanguitarplayers.com\/en\/wp-json\/wp\/v2\/product\/12653","targetHints":{"allow":["GET"]}}],"collection":[{"href":"https:\/\/www.mexicanguitarplayers.com\/en\/wp-json\/wp\/v2\/product"}],"about":[{"href":"https:\/\/www.mexicanguitarplayers.com\/en\/wp-json\/wp\/v2\/types\/product"}],"replies":[{"embeddable":true,"href":"https:\/\/www.mexicanguitarplayers.com\/en\/wp-json\/wp\/v2\/comments?post=12653"}],"wp:featuredmedia":[{"embeddable":true,"href":"https:\/\/www.mexicanguitarplayers.com\/en\/wp-json\/wp\/v2\/media\/12650"}],"wp:attachment":[{"href":"https:\/\/www.mexicanguitarplayers.com\/en\/wp-json\/wp\/v2\/media?parent=12653"}],"wp:term":[{"taxonomy":"pwb-brand","embeddable":true,"href":"https:\/\/www.mexicanguitarplayers.com\/en\/wp-json\/wp\/v2\/pwb-brand?post=12653"},{"taxonomy":"product_brand","embeddable":true,"href":"https:\/\/www.mexicanguitarplayers.com\/en\/wp-json\/wp\/v2\/product_brand?post=12653"},{"taxonomy":"product_cat","embeddable":true,"href":"https:\/\/www.mexicanguitarplayers.com\/en\/wp-json\/wp\/v2\/product_cat?post=12653"},{"taxonomy":"product_tag","embeddable":true,"href":"https:\/\/www.mexicanguitarplayers.com\/en\/wp-json\/wp\/v2\/product_tag?post=12653"}],"curies":[{"name":"wp","href":"https:\/\/api.w.org\/{rel}","templated":true}]}}