{"id":12706,"date":"2022-08-18T09:18:14","date_gmt":"2022-08-18T14:18:14","guid":{"rendered":"https:\/\/www.mexicanguitarplayers.com\/tienda\/sin%20categor\u00eda\/pastilla-dimarzio-humbucker-p-elect-air-norton\/"},"modified":"2026-04-10T05:14:46","modified_gmt":"2026-04-10T11:14:46","slug":"pastilla-dimarzio-humbucker-p-elect-air-norton","status":"publish","type":"product","link":"https:\/\/www.mexicanguitarplayers.com\/en\/tienda\/accesorios\/para-guitarras\/pastillas-para-guitarra-electrica\/pastilla-dimarzio-humbucker-p-elect-air-norton\/","title":{"rendered":"DIMARZIO HUMBUCKER PICKUP FOR ELECT. AIR NORTON"},"content":{"rendered":"<div style=\"text-align: justify\">\n<div>\n<h3>DIMARZIO HUMBUCKER PICKUP FOR ELECT. AIR NORTON<\/h3>\n<\/div>\n<div>Humbucker Pickup for 6-string electric guitar, Air Norton model, position: ideal for neck or bridge on solid and semi-solid guitars, wiring: 4 conductors, magnet: alnico 5, standard spacing, resistance: 12.58 kilo-ohms, distinctive sound with high gain amps, radically clean, deep and warm tone, but not dirty or distorted, great harmonics, reduces string pull, improves sustain, selective attack and dynamics fully controllable and expressive.<\/div>\n<\/div>","protected":false},"excerpt":{"rendered":"<p>Pastilla humbucker para guitarra el\u00e9ctrica de 6 cuerdas, modelo Air Norton, posici\u00f3n: ideal para brazo o puente en guitarras s\u00f3lidas y semi-s\u00f3lidas, alambrado: 4 conductores, im\u00e1n: alnico 5, espaciado est\u00e1ndar, resistencia: 12.58 kilo-ohms, sonido distintivo con amplificadores de alta ganancia, radicalmente limpia, tono profundo y c\u00e1lido, pero no sucio ni distorsionado, arm\u00f3nicos geniales, reduce el tir\u00f3n de la cuerda, mejora el sustain, ataque selectivo y din\u00e1mica totalmente controlables y expresivos.&hellip; <a class=\"kt-excerpt-readmore more-link\" href=\"https:\/\/www.mexicanguitarplayers.com\/en\/tienda\/accesorios\/para-guitarras\/pastillas-para-guitarra-electrica\/pastilla-dimarzio-humbucker-p-elect-air-norton\/\">Read more<\/a><\/p>","protected":false},"featured_media":12703,"comment_status":"open","ping_status":"closed","template":"","meta":{"kt_blocks_editor_width":""},"pwb-brand":[355],"product_brand":[],"product_cat":[85,336,353],"product_tag":[],"class_list":{"0":"post-12706","1":"product","2":"type-product","3":"status-publish","4":"has-post-thumbnail","6":"pwb-brand-dimarzio","7":"product_cat-accesorios","8":"product_cat-para-guitarras","9":"product_cat-pastillas-para-guitarra-electrica","10":"product_shipping_class-0-5-kg","12":"first","13":"outofstock","14":"taxable","15":"shipping-taxable","16":"purchasable","17":"product-type-simple"},"yoast_head":"<!-- This site is optimized with the Yoast SEO plugin v27.6 - https:\/\/yoast.com\/product\/yoast-seo-wordpress\/ -->\n<title>PASTILLA DIMARZIO HUMBUCKER P\/ELECT. AIR NORTON - Mexican Guitar Players<\/title>\n<meta name=\"description\" content=\"PASTILLA DIMARZIO HUMBUCKER P\/ELECT. AIR NORTON. Pastilla humbucker para guitarra el\u00e9ctrica de 6 cuerdas, modelo Air Norton, posici\u00f3n: ideal para brazo o puente en guitarras s\u00f3lidas y semi-s\u00f3lidas, alambrado: 4 conductores, im\u00e1n: alnico 5, espaciado est\u00e1ndar, resistencia: 12.58 kilo-ohms, sonido distintivo con amplificadores de alta ganancia, radicalmente limpia, tono profundo y c\u00e1lido, pero no sucio ni distorsionado, arm\u00f3nicos geniales, reduce el tir\u00f3n de la cuerda, mejora el sustain, ataque selectivo y din\u00e1mica totalmente controlables y expresivos.\" \/>\n<meta name=\"robots\" content=\"index, follow, max-snippet:-1, max-image-preview:large, max-video-preview:-1\" \/>\n<link rel=\"canonical\" href=\"https:\/\/www.mexicanguitarplayers.com\/en\/tienda\/accesorios\/para-guitarras\/pastillas-para-guitarra-electrica\/pastilla-dimarzio-humbucker-p-elect-air-norton\/\" \/>\n<meta property=\"og:locale\" content=\"en_US\" \/>\n<meta property=\"og:type\" content=\"article\" \/>\n<meta property=\"og:title\" content=\"PASTILLA DIMARZIO HUMBUCKER P\/ELECT. AIR NORTON - Mexican Guitar Players\" \/>\n<meta property=\"og:description\" content=\"PASTILLA DIMARZIO HUMBUCKER P\/ELECT. AIR NORTON. Pastilla humbucker para guitarra el\u00e9ctrica de 6 cuerdas, modelo Air Norton, posici\u00f3n: ideal para brazo o puente en guitarras s\u00f3lidas y semi-s\u00f3lidas, alambrado: 4 conductores, im\u00e1n: alnico 5, espaciado est\u00e1ndar, resistencia: 12.58 kilo-ohms, sonido distintivo con amplificadores de alta ganancia, radicalmente limpia, tono profundo y c\u00e1lido, pero no sucio ni distorsionado, arm\u00f3nicos geniales, reduce el tir\u00f3n de la cuerda, mejora el sustain, ataque selectivo y din\u00e1mica totalmente controlables y expresivos.\" \/>\n<meta property=\"og:url\" content=\"https:\/\/www.mexicanguitarplayers.com\/en\/tienda\/accesorios\/para-guitarras\/pastillas-para-guitarra-electrica\/pastilla-dimarzio-humbucker-p-elect-air-norton\/\" \/>\n<meta property=\"og:site_name\" content=\"Mexican Guitar Players\" \/>\n<meta property=\"article:modified_time\" content=\"2026-04-10T11:14:46+00:00\" \/>\n<meta property=\"og:image\" content=\"https:\/\/www.mexicanguitarplayers.com\/wp-content\/uploads\/2022\/08\/RADIMDP193.jpg\" \/>\n\t<meta property=\"og:image:width\" content=\"1200\" \/>\n\t<meta property=\"og:image:height\" content=\"1200\" \/>\n\t<meta property=\"og:image:type\" content=\"image\/jpeg\" \/>\n<meta name=\"twitter:card\" content=\"summary_large_image\" \/>\n<script type=\"application\/ld+json\" class=\"yoast-schema-graph\">{\"@context\":\"https:\\\/\\\/schema.org\",\"@graph\":[{\"@type\":[\"WebPage\",\"ItemPage\"],\"@id\":\"https:\\\/\\\/www.mexicanguitarplayers.com\\\/tienda\\\/accesorios\\\/para-guitarras\\\/pastillas-para-guitarra-electrica\\\/pastilla-dimarzio-humbucker-p-elect-air-norton\\\/\",\"url\":\"https:\\\/\\\/www.mexicanguitarplayers.com\\\/tienda\\\/accesorios\\\/para-guitarras\\\/pastillas-para-guitarra-electrica\\\/pastilla-dimarzio-humbucker-p-elect-air-norton\\\/\",\"name\":\"PASTILLA DIMARZIO HUMBUCKER P\\\/ELECT. AIR NORTON - Mexican Guitar Players\",\"isPartOf\":{\"@id\":\"https:\\\/\\\/www.mexicanguitarplayers.com\\\/#website\"},\"primaryImageOfPage\":{\"@id\":\"https:\\\/\\\/www.mexicanguitarplayers.com\\\/tienda\\\/accesorios\\\/para-guitarras\\\/pastillas-para-guitarra-electrica\\\/pastilla-dimarzio-humbucker-p-elect-air-norton\\\/#primaryimage\"},\"image\":{\"@id\":\"https:\\\/\\\/www.mexicanguitarplayers.com\\\/tienda\\\/accesorios\\\/para-guitarras\\\/pastillas-para-guitarra-electrica\\\/pastilla-dimarzio-humbucker-p-elect-air-norton\\\/#primaryimage\"},\"thumbnailUrl\":\"https:\\\/\\\/www.mexicanguitarplayers.com\\\/wp-content\\\/uploads\\\/2022\\\/08\\\/RADIMDP193.jpg\",\"datePublished\":\"2022-08-18T14:18:14+00:00\",\"dateModified\":\"2026-04-10T11:14:46+00:00\",\"description\":\"PASTILLA DIMARZIO HUMBUCKER P\\\/ELECT. AIR NORTON. Pastilla humbucker para guitarra el\u00e9ctrica de 6 cuerdas, modelo Air Norton, posici\u00f3n: ideal para brazo o puente en guitarras s\u00f3lidas y semi-s\u00f3lidas, alambrado: 4 conductores, im\u00e1n: alnico 5, espaciado est\u00e1ndar, resistencia: 12.58 kilo-ohms, sonido distintivo con amplificadores de alta ganancia, radicalmente limpia, tono profundo y c\u00e1lido, pero no sucio ni distorsionado, arm\u00f3nicos geniales, reduce el tir\u00f3n de la cuerda, mejora el sustain, ataque selectivo y din\u00e1mica totalmente controlables y expresivos.\",\"breadcrumb\":{\"@id\":\"https:\\\/\\\/www.mexicanguitarplayers.com\\\/tienda\\\/accesorios\\\/para-guitarras\\\/pastillas-para-guitarra-electrica\\\/pastilla-dimarzio-humbucker-p-elect-air-norton\\\/#breadcrumb\"},\"inLanguage\":\"en-US\",\"potentialAction\":[{\"@type\":\"ReadAction\",\"target\":[\"https:\\\/\\\/www.mexicanguitarplayers.com\\\/tienda\\\/accesorios\\\/para-guitarras\\\/pastillas-para-guitarra-electrica\\\/pastilla-dimarzio-humbucker-p-elect-air-norton\\\/\"]}]},{\"@type\":\"ImageObject\",\"inLanguage\":\"en-US\",\"@id\":\"https:\\\/\\\/www.mexicanguitarplayers.com\\\/tienda\\\/accesorios\\\/para-guitarras\\\/pastillas-para-guitarra-electrica\\\/pastilla-dimarzio-humbucker-p-elect-air-norton\\\/#primaryimage\",\"url\":\"https:\\\/\\\/www.mexicanguitarplayers.com\\\/wp-content\\\/uploads\\\/2022\\\/08\\\/RADIMDP193.jpg\",\"contentUrl\":\"https:\\\/\\\/www.mexicanguitarplayers.com\\\/wp-content\\\/uploads\\\/2022\\\/08\\\/RADIMDP193.jpg\",\"width\":1200,\"height\":1200},{\"@type\":\"BreadcrumbList\",\"@id\":\"https:\\\/\\\/www.mexicanguitarplayers.com\\\/tienda\\\/accesorios\\\/para-guitarras\\\/pastillas-para-guitarra-electrica\\\/pastilla-dimarzio-humbucker-p-elect-air-norton\\\/#breadcrumb\",\"itemListElement\":[{\"@type\":\"ListItem\",\"position\":1,\"name\":\"Portada\",\"item\":\"https:\\\/\\\/www.mexicanguitarplayers.com\\\/\"},{\"@type\":\"ListItem\",\"position\":2,\"name\":\"Tienda\",\"item\":\"https:\\\/\\\/www.mexicanguitarplayers.com\\\/tienda\\\/\"},{\"@type\":\"ListItem\",\"position\":3,\"name\":\"PASTILLA DIMARZIO HUMBUCKER P\\\/ELECT. AIR NORTON\"}]},{\"@type\":\"WebSite\",\"@id\":\"https:\\\/\\\/www.mexicanguitarplayers.com\\\/#website\",\"url\":\"https:\\\/\\\/www.mexicanguitarplayers.com\\\/\",\"name\":\"Mexican Guitar Players\",\"description\":\"Website\",\"publisher\":{\"@id\":\"https:\\\/\\\/www.mexicanguitarplayers.com\\\/#organization\"},\"potentialAction\":[{\"@type\":\"SearchAction\",\"target\":{\"@type\":\"EntryPoint\",\"urlTemplate\":\"https:\\\/\\\/www.mexicanguitarplayers.com\\\/?s={search_term_string}\"},\"query-input\":{\"@type\":\"PropertyValueSpecification\",\"valueRequired\":true,\"valueName\":\"search_term_string\"}}],\"inLanguage\":\"en-US\"},{\"@type\":\"Organization\",\"@id\":\"https:\\\/\\\/www.mexicanguitarplayers.com\\\/#organization\",\"name\":\"Mexican Guitar Players\",\"url\":\"https:\\\/\\\/www.mexicanguitarplayers.com\\\/\",\"logo\":{\"@type\":\"ImageObject\",\"inLanguage\":\"en-US\",\"@id\":\"https:\\\/\\\/www.mexicanguitarplayers.com\\\/#\\\/schema\\\/logo\\\/image\\\/\",\"url\":\"\",\"contentUrl\":\"\",\"caption\":\"Mexican Guitar Players\"},\"image\":{\"@id\":\"https:\\\/\\\/www.mexicanguitarplayers.com\\\/#\\\/schema\\\/logo\\\/image\\\/\"}}]}<\/script>\n<!-- \/ Yoast SEO plugin. -->","yoast_head_json":{"title":"PASTILLA DIMARZIO HUMBUCKER P\/ELECT. AIR NORTON - Mexican Guitar Players","description":"PASTILLA DIMARZIO HUMBUCKER P\/ELECT. AIR NORTON. Pastilla humbucker para guitarra el\u00e9ctrica de 6 cuerdas, modelo Air Norton, posici\u00f3n: ideal para brazo o puente en guitarras s\u00f3lidas y semi-s\u00f3lidas, alambrado: 4 conductores, im\u00e1n: alnico 5, espaciado est\u00e1ndar, resistencia: 12.58 kilo-ohms, sonido distintivo con amplificadores de alta ganancia, radicalmente limpia, tono profundo y c\u00e1lido, pero no sucio ni distorsionado, arm\u00f3nicos geniales, reduce el tir\u00f3n de la cuerda, mejora el sustain, ataque selectivo y din\u00e1mica totalmente controlables y expresivos.","robots":{"index":"index","follow":"follow","max-snippet":"max-snippet:-1","max-image-preview":"max-image-preview:large","max-video-preview":"max-video-preview:-1"},"canonical":"https:\/\/www.mexicanguitarplayers.com\/en\/tienda\/accesorios\/para-guitarras\/pastillas-para-guitarra-electrica\/pastilla-dimarzio-humbucker-p-elect-air-norton\/","og_locale":"en_US","og_type":"article","og_title":"PASTILLA DIMARZIO HUMBUCKER P\/ELECT. AIR NORTON - Mexican Guitar Players","og_description":"PASTILLA DIMARZIO HUMBUCKER P\/ELECT. AIR NORTON. Pastilla humbucker para guitarra el\u00e9ctrica de 6 cuerdas, modelo Air Norton, posici\u00f3n: ideal para brazo o puente en guitarras s\u00f3lidas y semi-s\u00f3lidas, alambrado: 4 conductores, im\u00e1n: alnico 5, espaciado est\u00e1ndar, resistencia: 12.58 kilo-ohms, sonido distintivo con amplificadores de alta ganancia, radicalmente limpia, tono profundo y c\u00e1lido, pero no sucio ni distorsionado, arm\u00f3nicos geniales, reduce el tir\u00f3n de la cuerda, mejora el sustain, ataque selectivo y din\u00e1mica totalmente controlables y expresivos.","og_url":"https:\/\/www.mexicanguitarplayers.com\/en\/tienda\/accesorios\/para-guitarras\/pastillas-para-guitarra-electrica\/pastilla-dimarzio-humbucker-p-elect-air-norton\/","og_site_name":"Mexican Guitar Players","article_modified_time":"2026-04-10T11:14:46+00:00","og_image":[{"width":1200,"height":1200,"url":"https:\/\/www.mexicanguitarplayers.com\/wp-content\/uploads\/2022\/08\/RADIMDP193.jpg","type":"image\/jpeg"}],"twitter_card":"summary_large_image","schema":{"@context":"https:\/\/schema.org","@graph":[{"@type":["WebPage","ItemPage"],"@id":"https:\/\/www.mexicanguitarplayers.com\/tienda\/accesorios\/para-guitarras\/pastillas-para-guitarra-electrica\/pastilla-dimarzio-humbucker-p-elect-air-norton\/","url":"https:\/\/www.mexicanguitarplayers.com\/tienda\/accesorios\/para-guitarras\/pastillas-para-guitarra-electrica\/pastilla-dimarzio-humbucker-p-elect-air-norton\/","name":"PASTILLA DIMARZIO HUMBUCKER P\/ELECT. AIR NORTON - Mexican Guitar Players","isPartOf":{"@id":"https:\/\/www.mexicanguitarplayers.com\/#website"},"primaryImageOfPage":{"@id":"https:\/\/www.mexicanguitarplayers.com\/tienda\/accesorios\/para-guitarras\/pastillas-para-guitarra-electrica\/pastilla-dimarzio-humbucker-p-elect-air-norton\/#primaryimage"},"image":{"@id":"https:\/\/www.mexicanguitarplayers.com\/tienda\/accesorios\/para-guitarras\/pastillas-para-guitarra-electrica\/pastilla-dimarzio-humbucker-p-elect-air-norton\/#primaryimage"},"thumbnailUrl":"https:\/\/www.mexicanguitarplayers.com\/wp-content\/uploads\/2022\/08\/RADIMDP193.jpg","datePublished":"2022-08-18T14:18:14+00:00","dateModified":"2026-04-10T11:14:46+00:00","description":"PASTILLA DIMARZIO HUMBUCKER P\/ELECT. AIR NORTON. Pastilla humbucker para guitarra el\u00e9ctrica de 6 cuerdas, modelo Air Norton, posici\u00f3n: ideal para brazo o puente en guitarras s\u00f3lidas y semi-s\u00f3lidas, alambrado: 4 conductores, im\u00e1n: alnico 5, espaciado est\u00e1ndar, resistencia: 12.58 kilo-ohms, sonido distintivo con amplificadores de alta ganancia, radicalmente limpia, tono profundo y c\u00e1lido, pero no sucio ni distorsionado, arm\u00f3nicos geniales, reduce el tir\u00f3n de la cuerda, mejora el sustain, ataque selectivo y din\u00e1mica totalmente controlables y expresivos.","breadcrumb":{"@id":"https:\/\/www.mexicanguitarplayers.com\/tienda\/accesorios\/para-guitarras\/pastillas-para-guitarra-electrica\/pastilla-dimarzio-humbucker-p-elect-air-norton\/#breadcrumb"},"inLanguage":"en-US","potentialAction":[{"@type":"ReadAction","target":["https:\/\/www.mexicanguitarplayers.com\/tienda\/accesorios\/para-guitarras\/pastillas-para-guitarra-electrica\/pastilla-dimarzio-humbucker-p-elect-air-norton\/"]}]},{"@type":"ImageObject","inLanguage":"en-US","@id":"https:\/\/www.mexicanguitarplayers.com\/tienda\/accesorios\/para-guitarras\/pastillas-para-guitarra-electrica\/pastilla-dimarzio-humbucker-p-elect-air-norton\/#primaryimage","url":"https:\/\/www.mexicanguitarplayers.com\/wp-content\/uploads\/2022\/08\/RADIMDP193.jpg","contentUrl":"https:\/\/www.mexicanguitarplayers.com\/wp-content\/uploads\/2022\/08\/RADIMDP193.jpg","width":1200,"height":1200},{"@type":"BreadcrumbList","@id":"https:\/\/www.mexicanguitarplayers.com\/tienda\/accesorios\/para-guitarras\/pastillas-para-guitarra-electrica\/pastilla-dimarzio-humbucker-p-elect-air-norton\/#breadcrumb","itemListElement":[{"@type":"ListItem","position":1,"name":"Portada","item":"https:\/\/www.mexicanguitarplayers.com\/"},{"@type":"ListItem","position":2,"name":"Tienda","item":"https:\/\/www.mexicanguitarplayers.com\/tienda\/"},{"@type":"ListItem","position":3,"name":"PASTILLA DIMARZIO HUMBUCKER P\/ELECT. AIR NORTON"}]},{"@type":"WebSite","@id":"https:\/\/www.mexicanguitarplayers.com\/#website","url":"https:\/\/www.mexicanguitarplayers.com\/","name":"Mexican Guitar Players","description":"Website","publisher":{"@id":"https:\/\/www.mexicanguitarplayers.com\/#organization"},"potentialAction":[{"@type":"SearchAction","target":{"@type":"EntryPoint","urlTemplate":"https:\/\/www.mexicanguitarplayers.com\/?s={search_term_string}"},"query-input":{"@type":"PropertyValueSpecification","valueRequired":true,"valueName":"search_term_string"}}],"inLanguage":"en-US"},{"@type":"Organization","@id":"https:\/\/www.mexicanguitarplayers.com\/#organization","name":"Mexican Guitar Players","url":"https:\/\/www.mexicanguitarplayers.com\/","logo":{"@type":"ImageObject","inLanguage":"en-US","@id":"https:\/\/www.mexicanguitarplayers.com\/#\/schema\/logo\/image\/","url":"","contentUrl":"","caption":"Mexican Guitar Players"},"image":{"@id":"https:\/\/www.mexicanguitarplayers.com\/#\/schema\/logo\/image\/"}}]}},"brands":[{"id":355,"name":"DIMARZIO","slug":"dimarzio"}],"_links":{"self":[{"href":"https:\/\/www.mexicanguitarplayers.com\/en\/wp-json\/wp\/v2\/product\/12706","targetHints":{"allow":["GET"]}}],"collection":[{"href":"https:\/\/www.mexicanguitarplayers.com\/en\/wp-json\/wp\/v2\/product"}],"about":[{"href":"https:\/\/www.mexicanguitarplayers.com\/en\/wp-json\/wp\/v2\/types\/product"}],"replies":[{"embeddable":true,"href":"https:\/\/www.mexicanguitarplayers.com\/en\/wp-json\/wp\/v2\/comments?post=12706"}],"wp:featuredmedia":[{"embeddable":true,"href":"https:\/\/www.mexicanguitarplayers.com\/en\/wp-json\/wp\/v2\/media\/12703"}],"wp:attachment":[{"href":"https:\/\/www.mexicanguitarplayers.com\/en\/wp-json\/wp\/v2\/media?parent=12706"}],"wp:term":[{"taxonomy":"pwb-brand","embeddable":true,"href":"https:\/\/www.mexicanguitarplayers.com\/en\/wp-json\/wp\/v2\/pwb-brand?post=12706"},{"taxonomy":"product_brand","embeddable":true,"href":"https:\/\/www.mexicanguitarplayers.com\/en\/wp-json\/wp\/v2\/product_brand?post=12706"},{"taxonomy":"product_cat","embeddable":true,"href":"https:\/\/www.mexicanguitarplayers.com\/en\/wp-json\/wp\/v2\/product_cat?post=12706"},{"taxonomy":"product_tag","embeddable":true,"href":"https:\/\/www.mexicanguitarplayers.com\/en\/wp-json\/wp\/v2\/product_tag?post=12706"}],"curies":[{"name":"wp","href":"https:\/\/api.w.org\/{rel}","templated":true}]}}