{"id":12750,"date":"2022-08-18T09:19:42","date_gmt":"2022-08-18T14:19:42","guid":{"rendered":"https:\/\/www.mexicanguitarplayers.com\/tienda\/sin%20categor\u00eda\/parche-evans-22-mod-bd22mx1b\/"},"modified":"2026-04-10T05:14:38","modified_gmt":"2026-04-10T11:14:38","slug":"parche-evans-22-mod-bd22mx1b","status":"publish","type":"product","link":"https:\/\/www.mexicanguitarplayers.com\/en\/tienda\/accesorios\/para-bateria\/parches\/para-bombo\/parche-evans-22-mod-bd22mx1b\/","title":{"rendered":"PATCH EVANS 22 MOD. BD22MX1B"},"content":{"rendered":"<div style=\"text-align: justify\">\n<div>\n<h3>PATCH EVANS 22 MOD. BD22MX1B<\/h3>\n<\/div>\n<div>Hit Head for 22&quot; Marching Bass Drum, MX1 Black Series, Unique Tone Damping System that can be manipulated by applying individual felts (included) to improve articulation and focus on the low end for indoor and outdoor marching, Made in USA.<\/div>\n<\/div>","protected":false},"excerpt":{"rendered":"<p>Parche de golpe para bombo de marcha de 22\u201d pulgadas, serie MX1 Black, sistema de amortiguaci\u00f3n \u00fanico de tono que se puede manipular aplicando fieltros individuales (incluidos) para mejorar la articulaci\u00f3n y centrarse en la gama de graves para marcha en interiores y exteriores, hecho en USA.&hellip; <a class=\"kt-excerpt-readmore more-link\" href=\"https:\/\/www.mexicanguitarplayers.com\/en\/tienda\/accesorios\/para-bateria\/parches\/para-bombo\/parche-evans-22-mod-bd22mx1b\/\">Read more<\/a><\/p>","protected":false},"featured_media":12749,"comment_status":"open","ping_status":"closed","template":"","meta":{"kt_blocks_editor_width":""},"pwb-brand":[366],"product_brand":[],"product_cat":[85,306,369,363],"product_tag":[],"class_list":{"0":"post-12750","1":"product","2":"type-product","3":"status-publish","4":"has-post-thumbnail","6":"pwb-brand-evans","7":"product_cat-accesorios","8":"product_cat-para-bateria","9":"product_cat-para-bombo","10":"product_cat-parches","11":"product_shipping_class-0-5-kg","13":"first","14":"outofstock","15":"taxable","16":"shipping-taxable","17":"purchasable","18":"product-type-simple"},"yoast_head":"<!-- This site is optimized with the Yoast SEO plugin v27.6 - https:\/\/yoast.com\/product\/yoast-seo-wordpress\/ -->\n<title>PARCHE EVANS 22 MOD. BD22MX1B - Mexican Guitar Players<\/title>\n<meta name=\"description\" content=\"PARCHE EVANS 22 MOD. BD22MX1B. Parche de golpe para bombo de marcha de 22\u201d pulgadas, serie MX1 Black, sistema de amortiguaci\u00f3n \u00fanico de tono que se puede manipular aplicando fieltros individuales (incluidos) para mejorar la articulaci\u00f3n y centrarse en la gama de graves para marcha en interiores y exteriores, hecho en USA.\" \/>\n<meta name=\"robots\" content=\"index, follow, max-snippet:-1, max-image-preview:large, max-video-preview:-1\" \/>\n<link rel=\"canonical\" href=\"https:\/\/www.mexicanguitarplayers.com\/en\/tienda\/accesorios\/para-bateria\/parches\/para-bombo\/parche-evans-22-mod-bd22mx1b\/\" \/>\n<meta property=\"og:locale\" content=\"en_US\" \/>\n<meta property=\"og:type\" content=\"article\" \/>\n<meta property=\"og:title\" content=\"PARCHE EVANS 22 MOD. BD22MX1B - Mexican Guitar Players\" \/>\n<meta property=\"og:description\" content=\"PARCHE EVANS 22 MOD. BD22MX1B. Parche de golpe para bombo de marcha de 22\u201d pulgadas, serie MX1 Black, sistema de amortiguaci\u00f3n \u00fanico de tono que se puede manipular aplicando fieltros individuales (incluidos) para mejorar la articulaci\u00f3n y centrarse en la gama de graves para marcha en interiores y exteriores, hecho en USA.\" \/>\n<meta property=\"og:url\" content=\"https:\/\/www.mexicanguitarplayers.com\/en\/tienda\/accesorios\/para-bateria\/parches\/para-bombo\/parche-evans-22-mod-bd22mx1b\/\" \/>\n<meta property=\"og:site_name\" content=\"Mexican Guitar Players\" \/>\n<meta property=\"article:modified_time\" content=\"2026-04-10T11:14:38+00:00\" \/>\n<meta property=\"og:image\" content=\"https:\/\/www.mexicanguitarplayers.com\/wp-content\/uploads\/2022\/08\/RAEVABD22MX1B.jpg\" \/>\n\t<meta property=\"og:image:width\" content=\"1200\" \/>\n\t<meta property=\"og:image:height\" content=\"1200\" \/>\n\t<meta property=\"og:image:type\" content=\"image\/jpeg\" \/>\n<meta name=\"twitter:card\" content=\"summary_large_image\" \/>\n<script type=\"application\/ld+json\" class=\"yoast-schema-graph\">{\"@context\":\"https:\\\/\\\/schema.org\",\"@graph\":[{\"@type\":[\"WebPage\",\"ItemPage\"],\"@id\":\"https:\\\/\\\/www.mexicanguitarplayers.com\\\/tienda\\\/accesorios\\\/para-bateria\\\/parches\\\/para-bombo\\\/parche-evans-22-mod-bd22mx1b\\\/\",\"url\":\"https:\\\/\\\/www.mexicanguitarplayers.com\\\/tienda\\\/accesorios\\\/para-bateria\\\/parches\\\/para-bombo\\\/parche-evans-22-mod-bd22mx1b\\\/\",\"name\":\"PARCHE EVANS 22 MOD. BD22MX1B - Mexican Guitar Players\",\"isPartOf\":{\"@id\":\"https:\\\/\\\/www.mexicanguitarplayers.com\\\/#website\"},\"primaryImageOfPage\":{\"@id\":\"https:\\\/\\\/www.mexicanguitarplayers.com\\\/tienda\\\/accesorios\\\/para-bateria\\\/parches\\\/para-bombo\\\/parche-evans-22-mod-bd22mx1b\\\/#primaryimage\"},\"image\":{\"@id\":\"https:\\\/\\\/www.mexicanguitarplayers.com\\\/tienda\\\/accesorios\\\/para-bateria\\\/parches\\\/para-bombo\\\/parche-evans-22-mod-bd22mx1b\\\/#primaryimage\"},\"thumbnailUrl\":\"https:\\\/\\\/www.mexicanguitarplayers.com\\\/wp-content\\\/uploads\\\/2022\\\/08\\\/RAEVABD22MX1B.jpg\",\"datePublished\":\"2022-08-18T14:19:42+00:00\",\"dateModified\":\"2026-04-10T11:14:38+00:00\",\"description\":\"PARCHE EVANS 22 MOD. BD22MX1B. Parche de golpe para bombo de marcha de 22\u201d pulgadas, serie MX1 Black, sistema de amortiguaci\u00f3n \u00fanico de tono que se puede manipular aplicando fieltros individuales (incluidos) para mejorar la articulaci\u00f3n y centrarse en la gama de graves para marcha en interiores y exteriores, hecho en USA.\",\"breadcrumb\":{\"@id\":\"https:\\\/\\\/www.mexicanguitarplayers.com\\\/tienda\\\/accesorios\\\/para-bateria\\\/parches\\\/para-bombo\\\/parche-evans-22-mod-bd22mx1b\\\/#breadcrumb\"},\"inLanguage\":\"en-US\",\"potentialAction\":[{\"@type\":\"ReadAction\",\"target\":[\"https:\\\/\\\/www.mexicanguitarplayers.com\\\/tienda\\\/accesorios\\\/para-bateria\\\/parches\\\/para-bombo\\\/parche-evans-22-mod-bd22mx1b\\\/\"]}]},{\"@type\":\"ImageObject\",\"inLanguage\":\"en-US\",\"@id\":\"https:\\\/\\\/www.mexicanguitarplayers.com\\\/tienda\\\/accesorios\\\/para-bateria\\\/parches\\\/para-bombo\\\/parche-evans-22-mod-bd22mx1b\\\/#primaryimage\",\"url\":\"https:\\\/\\\/www.mexicanguitarplayers.com\\\/wp-content\\\/uploads\\\/2022\\\/08\\\/RAEVABD22MX1B.jpg\",\"contentUrl\":\"https:\\\/\\\/www.mexicanguitarplayers.com\\\/wp-content\\\/uploads\\\/2022\\\/08\\\/RAEVABD22MX1B.jpg\",\"width\":1200,\"height\":1200},{\"@type\":\"BreadcrumbList\",\"@id\":\"https:\\\/\\\/www.mexicanguitarplayers.com\\\/tienda\\\/accesorios\\\/para-bateria\\\/parches\\\/para-bombo\\\/parche-evans-22-mod-bd22mx1b\\\/#breadcrumb\",\"itemListElement\":[{\"@type\":\"ListItem\",\"position\":1,\"name\":\"Portada\",\"item\":\"https:\\\/\\\/www.mexicanguitarplayers.com\\\/\"},{\"@type\":\"ListItem\",\"position\":2,\"name\":\"Tienda\",\"item\":\"https:\\\/\\\/www.mexicanguitarplayers.com\\\/tienda\\\/\"},{\"@type\":\"ListItem\",\"position\":3,\"name\":\"PARCHE EVANS 22 MOD. BD22MX1B\"}]},{\"@type\":\"WebSite\",\"@id\":\"https:\\\/\\\/www.mexicanguitarplayers.com\\\/#website\",\"url\":\"https:\\\/\\\/www.mexicanguitarplayers.com\\\/\",\"name\":\"Mexican Guitar Players\",\"description\":\"Website\",\"publisher\":{\"@id\":\"https:\\\/\\\/www.mexicanguitarplayers.com\\\/#organization\"},\"potentialAction\":[{\"@type\":\"SearchAction\",\"target\":{\"@type\":\"EntryPoint\",\"urlTemplate\":\"https:\\\/\\\/www.mexicanguitarplayers.com\\\/?s={search_term_string}\"},\"query-input\":{\"@type\":\"PropertyValueSpecification\",\"valueRequired\":true,\"valueName\":\"search_term_string\"}}],\"inLanguage\":\"en-US\"},{\"@type\":\"Organization\",\"@id\":\"https:\\\/\\\/www.mexicanguitarplayers.com\\\/#organization\",\"name\":\"Mexican Guitar Players\",\"url\":\"https:\\\/\\\/www.mexicanguitarplayers.com\\\/\",\"logo\":{\"@type\":\"ImageObject\",\"inLanguage\":\"en-US\",\"@id\":\"https:\\\/\\\/www.mexicanguitarplayers.com\\\/#\\\/schema\\\/logo\\\/image\\\/\",\"url\":\"\",\"contentUrl\":\"\",\"caption\":\"Mexican Guitar Players\"},\"image\":{\"@id\":\"https:\\\/\\\/www.mexicanguitarplayers.com\\\/#\\\/schema\\\/logo\\\/image\\\/\"}}]}<\/script>\n<!-- \/ Yoast SEO plugin. -->","yoast_head_json":{"title":"PARCHE EVANS 22 MOD. BD22MX1B - Mexican Guitar Players","description":"PARCHE EVANS 22 MOD. BD22MX1B. Parche de golpe para bombo de marcha de 22\u201d pulgadas, serie MX1 Black, sistema de amortiguaci\u00f3n \u00fanico de tono que se puede manipular aplicando fieltros individuales (incluidos) para mejorar la articulaci\u00f3n y centrarse en la gama de graves para marcha en interiores y exteriores, hecho en USA.","robots":{"index":"index","follow":"follow","max-snippet":"max-snippet:-1","max-image-preview":"max-image-preview:large","max-video-preview":"max-video-preview:-1"},"canonical":"https:\/\/www.mexicanguitarplayers.com\/en\/tienda\/accesorios\/para-bateria\/parches\/para-bombo\/parche-evans-22-mod-bd22mx1b\/","og_locale":"en_US","og_type":"article","og_title":"PARCHE EVANS 22 MOD. BD22MX1B - Mexican Guitar Players","og_description":"PARCHE EVANS 22 MOD. BD22MX1B. Parche de golpe para bombo de marcha de 22\u201d pulgadas, serie MX1 Black, sistema de amortiguaci\u00f3n \u00fanico de tono que se puede manipular aplicando fieltros individuales (incluidos) para mejorar la articulaci\u00f3n y centrarse en la gama de graves para marcha en interiores y exteriores, hecho en USA.","og_url":"https:\/\/www.mexicanguitarplayers.com\/en\/tienda\/accesorios\/para-bateria\/parches\/para-bombo\/parche-evans-22-mod-bd22mx1b\/","og_site_name":"Mexican Guitar Players","article_modified_time":"2026-04-10T11:14:38+00:00","og_image":[{"width":1200,"height":1200,"url":"https:\/\/www.mexicanguitarplayers.com\/wp-content\/uploads\/2022\/08\/RAEVABD22MX1B.jpg","type":"image\/jpeg"}],"twitter_card":"summary_large_image","schema":{"@context":"https:\/\/schema.org","@graph":[{"@type":["WebPage","ItemPage"],"@id":"https:\/\/www.mexicanguitarplayers.com\/tienda\/accesorios\/para-bateria\/parches\/para-bombo\/parche-evans-22-mod-bd22mx1b\/","url":"https:\/\/www.mexicanguitarplayers.com\/tienda\/accesorios\/para-bateria\/parches\/para-bombo\/parche-evans-22-mod-bd22mx1b\/","name":"PARCHE EVANS 22 MOD. BD22MX1B - Mexican Guitar Players","isPartOf":{"@id":"https:\/\/www.mexicanguitarplayers.com\/#website"},"primaryImageOfPage":{"@id":"https:\/\/www.mexicanguitarplayers.com\/tienda\/accesorios\/para-bateria\/parches\/para-bombo\/parche-evans-22-mod-bd22mx1b\/#primaryimage"},"image":{"@id":"https:\/\/www.mexicanguitarplayers.com\/tienda\/accesorios\/para-bateria\/parches\/para-bombo\/parche-evans-22-mod-bd22mx1b\/#primaryimage"},"thumbnailUrl":"https:\/\/www.mexicanguitarplayers.com\/wp-content\/uploads\/2022\/08\/RAEVABD22MX1B.jpg","datePublished":"2022-08-18T14:19:42+00:00","dateModified":"2026-04-10T11:14:38+00:00","description":"PARCHE EVANS 22 MOD. BD22MX1B. Parche de golpe para bombo de marcha de 22\u201d pulgadas, serie MX1 Black, sistema de amortiguaci\u00f3n \u00fanico de tono que se puede manipular aplicando fieltros individuales (incluidos) para mejorar la articulaci\u00f3n y centrarse en la gama de graves para marcha en interiores y exteriores, hecho en USA.","breadcrumb":{"@id":"https:\/\/www.mexicanguitarplayers.com\/tienda\/accesorios\/para-bateria\/parches\/para-bombo\/parche-evans-22-mod-bd22mx1b\/#breadcrumb"},"inLanguage":"en-US","potentialAction":[{"@type":"ReadAction","target":["https:\/\/www.mexicanguitarplayers.com\/tienda\/accesorios\/para-bateria\/parches\/para-bombo\/parche-evans-22-mod-bd22mx1b\/"]}]},{"@type":"ImageObject","inLanguage":"en-US","@id":"https:\/\/www.mexicanguitarplayers.com\/tienda\/accesorios\/para-bateria\/parches\/para-bombo\/parche-evans-22-mod-bd22mx1b\/#primaryimage","url":"https:\/\/www.mexicanguitarplayers.com\/wp-content\/uploads\/2022\/08\/RAEVABD22MX1B.jpg","contentUrl":"https:\/\/www.mexicanguitarplayers.com\/wp-content\/uploads\/2022\/08\/RAEVABD22MX1B.jpg","width":1200,"height":1200},{"@type":"BreadcrumbList","@id":"https:\/\/www.mexicanguitarplayers.com\/tienda\/accesorios\/para-bateria\/parches\/para-bombo\/parche-evans-22-mod-bd22mx1b\/#breadcrumb","itemListElement":[{"@type":"ListItem","position":1,"name":"Portada","item":"https:\/\/www.mexicanguitarplayers.com\/"},{"@type":"ListItem","position":2,"name":"Tienda","item":"https:\/\/www.mexicanguitarplayers.com\/tienda\/"},{"@type":"ListItem","position":3,"name":"PARCHE EVANS 22 MOD. BD22MX1B"}]},{"@type":"WebSite","@id":"https:\/\/www.mexicanguitarplayers.com\/#website","url":"https:\/\/www.mexicanguitarplayers.com\/","name":"Mexican Guitar Players","description":"Website","publisher":{"@id":"https:\/\/www.mexicanguitarplayers.com\/#organization"},"potentialAction":[{"@type":"SearchAction","target":{"@type":"EntryPoint","urlTemplate":"https:\/\/www.mexicanguitarplayers.com\/?s={search_term_string}"},"query-input":{"@type":"PropertyValueSpecification","valueRequired":true,"valueName":"search_term_string"}}],"inLanguage":"en-US"},{"@type":"Organization","@id":"https:\/\/www.mexicanguitarplayers.com\/#organization","name":"Mexican Guitar Players","url":"https:\/\/www.mexicanguitarplayers.com\/","logo":{"@type":"ImageObject","inLanguage":"en-US","@id":"https:\/\/www.mexicanguitarplayers.com\/#\/schema\/logo\/image\/","url":"","contentUrl":"","caption":"Mexican Guitar Players"},"image":{"@id":"https:\/\/www.mexicanguitarplayers.com\/#\/schema\/logo\/image\/"}}]}},"brands":[{"id":366,"name":"EVANS","slug":"evans"}],"_links":{"self":[{"href":"https:\/\/www.mexicanguitarplayers.com\/en\/wp-json\/wp\/v2\/product\/12750","targetHints":{"allow":["GET"]}}],"collection":[{"href":"https:\/\/www.mexicanguitarplayers.com\/en\/wp-json\/wp\/v2\/product"}],"about":[{"href":"https:\/\/www.mexicanguitarplayers.com\/en\/wp-json\/wp\/v2\/types\/product"}],"replies":[{"embeddable":true,"href":"https:\/\/www.mexicanguitarplayers.com\/en\/wp-json\/wp\/v2\/comments?post=12750"}],"wp:featuredmedia":[{"embeddable":true,"href":"https:\/\/www.mexicanguitarplayers.com\/en\/wp-json\/wp\/v2\/media\/12749"}],"wp:attachment":[{"href":"https:\/\/www.mexicanguitarplayers.com\/en\/wp-json\/wp\/v2\/media?parent=12750"}],"wp:term":[{"taxonomy":"pwb-brand","embeddable":true,"href":"https:\/\/www.mexicanguitarplayers.com\/en\/wp-json\/wp\/v2\/pwb-brand?post=12750"},{"taxonomy":"product_brand","embeddable":true,"href":"https:\/\/www.mexicanguitarplayers.com\/en\/wp-json\/wp\/v2\/product_brand?post=12750"},{"taxonomy":"product_cat","embeddable":true,"href":"https:\/\/www.mexicanguitarplayers.com\/en\/wp-json\/wp\/v2\/product_cat?post=12750"},{"taxonomy":"product_tag","embeddable":true,"href":"https:\/\/www.mexicanguitarplayers.com\/en\/wp-json\/wp\/v2\/product_tag?post=12750"}],"curies":[{"name":"wp","href":"https:\/\/api.w.org\/{rel}","templated":true}]}}