{"id":12938,"date":"2022-08-18T09:36:06","date_gmt":"2022-08-18T14:36:06","guid":{"rendered":"https:\/\/www.mexicanguitarplayers.com\/tienda\/sin%20categor\u00eda\/parche-evans-jgo-mod-etp-g2ctd-r\/"},"modified":"2026-04-10T05:13:55","modified_gmt":"2026-04-10T11:13:55","slug":"parche-evans-jgo-mod-etp-g2ctd-r","status":"publish","type":"product","link":"https:\/\/www.mexicanguitarplayers.com\/en\/tienda\/accesorios\/para-bateria\/parches\/paquetes-parches\/parche-evans-jgo-mod-etp-g2ctd-r\/","title":{"rendered":"PATCH EVANS (GAME.) MOD. ETP-G2CTD-R"},"content":{"rendered":"<div style=\"text-align: justify\">\n<div>\n<h3>PATCH EVANS (GAME.) MOD. ETP-G2CTD-R<\/h3>\n<\/div>\n<div>Set of drumheads for tom, G2 Coated series, transparent finish, diameters: 10&quot;, 12&quot; and 16&quot; inches, low and deep sound, greater resistance, made with two layers of 7 thousandths of an inch film, semi-gloss sound , warm and powerful, balance between attack and duration, great response, made in the USA.<\/div>\n<\/div>","protected":false},"excerpt":{"rendered":"<p>Juego de parches de golpe para tom, serie G2 Coated, terminado transparente, di\u00e1metros: 10\u201d, 12\u201d y 16\u201d pulgadas, sonido grave y profundo, mayor resistencia, fabricados con dos capas de pel\u00edcula de 7 mil\u00e9simas de pulgada, sonido semi brillante, tibio y potente, equilibrio entre ataque y duraci\u00f3n, gran respuesta, hechosen USA.&hellip; <a class=\"kt-excerpt-readmore more-link\" href=\"https:\/\/www.mexicanguitarplayers.com\/en\/tienda\/accesorios\/para-bateria\/parches\/paquetes-parches\/parche-evans-jgo-mod-etp-g2ctd-r\/\">Read more<\/a><\/p>","protected":false},"featured_media":12937,"comment_status":"open","ping_status":"closed","template":"","meta":{"kt_blocks_editor_width":""},"pwb-brand":[366],"product_brand":[],"product_cat":[85,437,306,363],"product_tag":[],"class_list":{"0":"post-12938","1":"product","2":"type-product","3":"status-publish","4":"has-post-thumbnail","6":"pwb-brand-evans","7":"product_cat-accesorios","8":"product_cat-paquetes-parches","9":"product_cat-para-bateria","10":"product_cat-parches","11":"product_shipping_class-0-5-kg","13":"first","14":"outofstock","15":"taxable","16":"shipping-taxable","17":"purchasable","18":"product-type-simple"},"yoast_head":"<!-- This site is optimized with the Yoast SEO plugin v27.6 - https:\/\/yoast.com\/product\/yoast-seo-wordpress\/ -->\n<title>PARCHE EVANS (JGO.) MOD. ETP-G2CTD-R - Mexican Guitar Players<\/title>\n<meta name=\"description\" content=\"PARCHE EVANS (JGO.) MOD. ETP-G2CTD-R. Juego de parches de golpe para tom, serie G2 Coated, terminado transparente, di\u00e1metros: 10\u201d, 12\u201d y 16\u201d pulgadas, sonido grave y profundo, mayor resistencia, fabricados con dos capas de pel\u00edcula de 7 mil\u00e9simas de pulgada, sonido semi brillante, tibio y potente, equilibrio entre ataque y duraci\u00f3n, gran respuesta, hechosen USA.\" \/>\n<meta name=\"robots\" content=\"index, follow, max-snippet:-1, max-image-preview:large, max-video-preview:-1\" \/>\n<link rel=\"canonical\" href=\"https:\/\/www.mexicanguitarplayers.com\/en\/tienda\/accesorios\/para-bateria\/parches\/paquetes-parches\/parche-evans-jgo-mod-etp-g2ctd-r\/\" \/>\n<meta property=\"og:locale\" content=\"en_US\" \/>\n<meta property=\"og:type\" content=\"article\" \/>\n<meta property=\"og:title\" content=\"PARCHE EVANS (JGO.) MOD. ETP-G2CTD-R - Mexican Guitar Players\" \/>\n<meta property=\"og:description\" content=\"PARCHE EVANS (JGO.) MOD. ETP-G2CTD-R. Juego de parches de golpe para tom, serie G2 Coated, terminado transparente, di\u00e1metros: 10\u201d, 12\u201d y 16\u201d pulgadas, sonido grave y profundo, mayor resistencia, fabricados con dos capas de pel\u00edcula de 7 mil\u00e9simas de pulgada, sonido semi brillante, tibio y potente, equilibrio entre ataque y duraci\u00f3n, gran respuesta, hechosen USA.\" \/>\n<meta property=\"og:url\" content=\"https:\/\/www.mexicanguitarplayers.com\/en\/tienda\/accesorios\/para-bateria\/parches\/paquetes-parches\/parche-evans-jgo-mod-etp-g2ctd-r\/\" \/>\n<meta property=\"og:site_name\" content=\"Mexican Guitar Players\" \/>\n<meta property=\"article:modified_time\" content=\"2026-04-10T11:13:55+00:00\" \/>\n<meta property=\"og:image\" content=\"https:\/\/www.mexicanguitarplayers.com\/wp-content\/uploads\/2022\/08\/RAEVAETPG2CTDR.jpg\" \/>\n\t<meta property=\"og:image:width\" content=\"1200\" \/>\n\t<meta property=\"og:image:height\" content=\"1200\" \/>\n\t<meta property=\"og:image:type\" content=\"image\/jpeg\" \/>\n<meta name=\"twitter:card\" content=\"summary_large_image\" \/>\n<script type=\"application\/ld+json\" class=\"yoast-schema-graph\">{\"@context\":\"https:\\\/\\\/schema.org\",\"@graph\":[{\"@type\":[\"WebPage\",\"ItemPage\"],\"@id\":\"https:\\\/\\\/www.mexicanguitarplayers.com\\\/tienda\\\/accesorios\\\/para-bateria\\\/parches\\\/paquetes-parches\\\/parche-evans-jgo-mod-etp-g2ctd-r\\\/\",\"url\":\"https:\\\/\\\/www.mexicanguitarplayers.com\\\/tienda\\\/accesorios\\\/para-bateria\\\/parches\\\/paquetes-parches\\\/parche-evans-jgo-mod-etp-g2ctd-r\\\/\",\"name\":\"PARCHE EVANS (JGO.) MOD. ETP-G2CTD-R - Mexican Guitar Players\",\"isPartOf\":{\"@id\":\"https:\\\/\\\/www.mexicanguitarplayers.com\\\/#website\"},\"primaryImageOfPage\":{\"@id\":\"https:\\\/\\\/www.mexicanguitarplayers.com\\\/tienda\\\/accesorios\\\/para-bateria\\\/parches\\\/paquetes-parches\\\/parche-evans-jgo-mod-etp-g2ctd-r\\\/#primaryimage\"},\"image\":{\"@id\":\"https:\\\/\\\/www.mexicanguitarplayers.com\\\/tienda\\\/accesorios\\\/para-bateria\\\/parches\\\/paquetes-parches\\\/parche-evans-jgo-mod-etp-g2ctd-r\\\/#primaryimage\"},\"thumbnailUrl\":\"https:\\\/\\\/www.mexicanguitarplayers.com\\\/wp-content\\\/uploads\\\/2022\\\/08\\\/RAEVAETPG2CTDR.jpg\",\"datePublished\":\"2022-08-18T14:36:06+00:00\",\"dateModified\":\"2026-04-10T11:13:55+00:00\",\"description\":\"PARCHE EVANS (JGO.) MOD. ETP-G2CTD-R. Juego de parches de golpe para tom, serie G2 Coated, terminado transparente, di\u00e1metros: 10\u201d, 12\u201d y 16\u201d pulgadas, sonido grave y profundo, mayor resistencia, fabricados con dos capas de pel\u00edcula de 7 mil\u00e9simas de pulgada, sonido semi brillante, tibio y potente, equilibrio entre ataque y duraci\u00f3n, gran respuesta, hechosen USA.\",\"breadcrumb\":{\"@id\":\"https:\\\/\\\/www.mexicanguitarplayers.com\\\/tienda\\\/accesorios\\\/para-bateria\\\/parches\\\/paquetes-parches\\\/parche-evans-jgo-mod-etp-g2ctd-r\\\/#breadcrumb\"},\"inLanguage\":\"en-US\",\"potentialAction\":[{\"@type\":\"ReadAction\",\"target\":[\"https:\\\/\\\/www.mexicanguitarplayers.com\\\/tienda\\\/accesorios\\\/para-bateria\\\/parches\\\/paquetes-parches\\\/parche-evans-jgo-mod-etp-g2ctd-r\\\/\"]}]},{\"@type\":\"ImageObject\",\"inLanguage\":\"en-US\",\"@id\":\"https:\\\/\\\/www.mexicanguitarplayers.com\\\/tienda\\\/accesorios\\\/para-bateria\\\/parches\\\/paquetes-parches\\\/parche-evans-jgo-mod-etp-g2ctd-r\\\/#primaryimage\",\"url\":\"https:\\\/\\\/www.mexicanguitarplayers.com\\\/wp-content\\\/uploads\\\/2022\\\/08\\\/RAEVAETPG2CTDR.jpg\",\"contentUrl\":\"https:\\\/\\\/www.mexicanguitarplayers.com\\\/wp-content\\\/uploads\\\/2022\\\/08\\\/RAEVAETPG2CTDR.jpg\",\"width\":1200,\"height\":1200},{\"@type\":\"BreadcrumbList\",\"@id\":\"https:\\\/\\\/www.mexicanguitarplayers.com\\\/tienda\\\/accesorios\\\/para-bateria\\\/parches\\\/paquetes-parches\\\/parche-evans-jgo-mod-etp-g2ctd-r\\\/#breadcrumb\",\"itemListElement\":[{\"@type\":\"ListItem\",\"position\":1,\"name\":\"Portada\",\"item\":\"https:\\\/\\\/www.mexicanguitarplayers.com\\\/\"},{\"@type\":\"ListItem\",\"position\":2,\"name\":\"Tienda\",\"item\":\"https:\\\/\\\/www.mexicanguitarplayers.com\\\/tienda\\\/\"},{\"@type\":\"ListItem\",\"position\":3,\"name\":\"PARCHE EVANS (JGO.) MOD. ETP-G2CTD-R\"}]},{\"@type\":\"WebSite\",\"@id\":\"https:\\\/\\\/www.mexicanguitarplayers.com\\\/#website\",\"url\":\"https:\\\/\\\/www.mexicanguitarplayers.com\\\/\",\"name\":\"Mexican Guitar Players\",\"description\":\"Website\",\"publisher\":{\"@id\":\"https:\\\/\\\/www.mexicanguitarplayers.com\\\/#organization\"},\"potentialAction\":[{\"@type\":\"SearchAction\",\"target\":{\"@type\":\"EntryPoint\",\"urlTemplate\":\"https:\\\/\\\/www.mexicanguitarplayers.com\\\/?s={search_term_string}\"},\"query-input\":{\"@type\":\"PropertyValueSpecification\",\"valueRequired\":true,\"valueName\":\"search_term_string\"}}],\"inLanguage\":\"en-US\"},{\"@type\":\"Organization\",\"@id\":\"https:\\\/\\\/www.mexicanguitarplayers.com\\\/#organization\",\"name\":\"Mexican Guitar Players\",\"url\":\"https:\\\/\\\/www.mexicanguitarplayers.com\\\/\",\"logo\":{\"@type\":\"ImageObject\",\"inLanguage\":\"en-US\",\"@id\":\"https:\\\/\\\/www.mexicanguitarplayers.com\\\/#\\\/schema\\\/logo\\\/image\\\/\",\"url\":\"\",\"contentUrl\":\"\",\"caption\":\"Mexican Guitar Players\"},\"image\":{\"@id\":\"https:\\\/\\\/www.mexicanguitarplayers.com\\\/#\\\/schema\\\/logo\\\/image\\\/\"}}]}<\/script>\n<!-- \/ Yoast SEO plugin. -->","yoast_head_json":{"title":"PARCHE EVANS (JGO.) MOD. ETP-G2CTD-R - Mexican Guitar Players","description":"PARCHE EVANS (JGO.) MOD. ETP-G2CTD-R. Juego de parches de golpe para tom, serie G2 Coated, terminado transparente, di\u00e1metros: 10\u201d, 12\u201d y 16\u201d pulgadas, sonido grave y profundo, mayor resistencia, fabricados con dos capas de pel\u00edcula de 7 mil\u00e9simas de pulgada, sonido semi brillante, tibio y potente, equilibrio entre ataque y duraci\u00f3n, gran respuesta, hechosen USA.","robots":{"index":"index","follow":"follow","max-snippet":"max-snippet:-1","max-image-preview":"max-image-preview:large","max-video-preview":"max-video-preview:-1"},"canonical":"https:\/\/www.mexicanguitarplayers.com\/en\/tienda\/accesorios\/para-bateria\/parches\/paquetes-parches\/parche-evans-jgo-mod-etp-g2ctd-r\/","og_locale":"en_US","og_type":"article","og_title":"PARCHE EVANS (JGO.) MOD. ETP-G2CTD-R - Mexican Guitar Players","og_description":"PARCHE EVANS (JGO.) MOD. ETP-G2CTD-R. Juego de parches de golpe para tom, serie G2 Coated, terminado transparente, di\u00e1metros: 10\u201d, 12\u201d y 16\u201d pulgadas, sonido grave y profundo, mayor resistencia, fabricados con dos capas de pel\u00edcula de 7 mil\u00e9simas de pulgada, sonido semi brillante, tibio y potente, equilibrio entre ataque y duraci\u00f3n, gran respuesta, hechosen USA.","og_url":"https:\/\/www.mexicanguitarplayers.com\/en\/tienda\/accesorios\/para-bateria\/parches\/paquetes-parches\/parche-evans-jgo-mod-etp-g2ctd-r\/","og_site_name":"Mexican Guitar Players","article_modified_time":"2026-04-10T11:13:55+00:00","og_image":[{"width":1200,"height":1200,"url":"https:\/\/www.mexicanguitarplayers.com\/wp-content\/uploads\/2022\/08\/RAEVAETPG2CTDR.jpg","type":"image\/jpeg"}],"twitter_card":"summary_large_image","schema":{"@context":"https:\/\/schema.org","@graph":[{"@type":["WebPage","ItemPage"],"@id":"https:\/\/www.mexicanguitarplayers.com\/tienda\/accesorios\/para-bateria\/parches\/paquetes-parches\/parche-evans-jgo-mod-etp-g2ctd-r\/","url":"https:\/\/www.mexicanguitarplayers.com\/tienda\/accesorios\/para-bateria\/parches\/paquetes-parches\/parche-evans-jgo-mod-etp-g2ctd-r\/","name":"PARCHE EVANS (JGO.) MOD. ETP-G2CTD-R - Mexican Guitar Players","isPartOf":{"@id":"https:\/\/www.mexicanguitarplayers.com\/#website"},"primaryImageOfPage":{"@id":"https:\/\/www.mexicanguitarplayers.com\/tienda\/accesorios\/para-bateria\/parches\/paquetes-parches\/parche-evans-jgo-mod-etp-g2ctd-r\/#primaryimage"},"image":{"@id":"https:\/\/www.mexicanguitarplayers.com\/tienda\/accesorios\/para-bateria\/parches\/paquetes-parches\/parche-evans-jgo-mod-etp-g2ctd-r\/#primaryimage"},"thumbnailUrl":"https:\/\/www.mexicanguitarplayers.com\/wp-content\/uploads\/2022\/08\/RAEVAETPG2CTDR.jpg","datePublished":"2022-08-18T14:36:06+00:00","dateModified":"2026-04-10T11:13:55+00:00","description":"PARCHE EVANS (JGO.) MOD. ETP-G2CTD-R. Juego de parches de golpe para tom, serie G2 Coated, terminado transparente, di\u00e1metros: 10\u201d, 12\u201d y 16\u201d pulgadas, sonido grave y profundo, mayor resistencia, fabricados con dos capas de pel\u00edcula de 7 mil\u00e9simas de pulgada, sonido semi brillante, tibio y potente, equilibrio entre ataque y duraci\u00f3n, gran respuesta, hechosen USA.","breadcrumb":{"@id":"https:\/\/www.mexicanguitarplayers.com\/tienda\/accesorios\/para-bateria\/parches\/paquetes-parches\/parche-evans-jgo-mod-etp-g2ctd-r\/#breadcrumb"},"inLanguage":"en-US","potentialAction":[{"@type":"ReadAction","target":["https:\/\/www.mexicanguitarplayers.com\/tienda\/accesorios\/para-bateria\/parches\/paquetes-parches\/parche-evans-jgo-mod-etp-g2ctd-r\/"]}]},{"@type":"ImageObject","inLanguage":"en-US","@id":"https:\/\/www.mexicanguitarplayers.com\/tienda\/accesorios\/para-bateria\/parches\/paquetes-parches\/parche-evans-jgo-mod-etp-g2ctd-r\/#primaryimage","url":"https:\/\/www.mexicanguitarplayers.com\/wp-content\/uploads\/2022\/08\/RAEVAETPG2CTDR.jpg","contentUrl":"https:\/\/www.mexicanguitarplayers.com\/wp-content\/uploads\/2022\/08\/RAEVAETPG2CTDR.jpg","width":1200,"height":1200},{"@type":"BreadcrumbList","@id":"https:\/\/www.mexicanguitarplayers.com\/tienda\/accesorios\/para-bateria\/parches\/paquetes-parches\/parche-evans-jgo-mod-etp-g2ctd-r\/#breadcrumb","itemListElement":[{"@type":"ListItem","position":1,"name":"Portada","item":"https:\/\/www.mexicanguitarplayers.com\/"},{"@type":"ListItem","position":2,"name":"Tienda","item":"https:\/\/www.mexicanguitarplayers.com\/tienda\/"},{"@type":"ListItem","position":3,"name":"PARCHE EVANS (JGO.) MOD. ETP-G2CTD-R"}]},{"@type":"WebSite","@id":"https:\/\/www.mexicanguitarplayers.com\/#website","url":"https:\/\/www.mexicanguitarplayers.com\/","name":"Mexican Guitar Players","description":"Website","publisher":{"@id":"https:\/\/www.mexicanguitarplayers.com\/#organization"},"potentialAction":[{"@type":"SearchAction","target":{"@type":"EntryPoint","urlTemplate":"https:\/\/www.mexicanguitarplayers.com\/?s={search_term_string}"},"query-input":{"@type":"PropertyValueSpecification","valueRequired":true,"valueName":"search_term_string"}}],"inLanguage":"en-US"},{"@type":"Organization","@id":"https:\/\/www.mexicanguitarplayers.com\/#organization","name":"Mexican Guitar Players","url":"https:\/\/www.mexicanguitarplayers.com\/","logo":{"@type":"ImageObject","inLanguage":"en-US","@id":"https:\/\/www.mexicanguitarplayers.com\/#\/schema\/logo\/image\/","url":"","contentUrl":"","caption":"Mexican Guitar Players"},"image":{"@id":"https:\/\/www.mexicanguitarplayers.com\/#\/schema\/logo\/image\/"}}]}},"brands":[{"id":366,"name":"EVANS","slug":"evans"}],"_links":{"self":[{"href":"https:\/\/www.mexicanguitarplayers.com\/en\/wp-json\/wp\/v2\/product\/12938","targetHints":{"allow":["GET"]}}],"collection":[{"href":"https:\/\/www.mexicanguitarplayers.com\/en\/wp-json\/wp\/v2\/product"}],"about":[{"href":"https:\/\/www.mexicanguitarplayers.com\/en\/wp-json\/wp\/v2\/types\/product"}],"replies":[{"embeddable":true,"href":"https:\/\/www.mexicanguitarplayers.com\/en\/wp-json\/wp\/v2\/comments?post=12938"}],"wp:featuredmedia":[{"embeddable":true,"href":"https:\/\/www.mexicanguitarplayers.com\/en\/wp-json\/wp\/v2\/media\/12937"}],"wp:attachment":[{"href":"https:\/\/www.mexicanguitarplayers.com\/en\/wp-json\/wp\/v2\/media?parent=12938"}],"wp:term":[{"taxonomy":"pwb-brand","embeddable":true,"href":"https:\/\/www.mexicanguitarplayers.com\/en\/wp-json\/wp\/v2\/pwb-brand?post=12938"},{"taxonomy":"product_brand","embeddable":true,"href":"https:\/\/www.mexicanguitarplayers.com\/en\/wp-json\/wp\/v2\/product_brand?post=12938"},{"taxonomy":"product_cat","embeddable":true,"href":"https:\/\/www.mexicanguitarplayers.com\/en\/wp-json\/wp\/v2\/product_cat?post=12938"},{"taxonomy":"product_tag","embeddable":true,"href":"https:\/\/www.mexicanguitarplayers.com\/en\/wp-json\/wp\/v2\/product_tag?post=12938"}],"curies":[{"name":"wp","href":"https:\/\/api.w.org\/{rel}","templated":true}]}}