{"id":13066,"date":"2022-08-18T09:54:30","date_gmt":"2022-08-18T14:54:30","guid":{"rendered":"https:\/\/www.mexicanguitarplayers.com\/tienda\/sin%20categor\u00eda\/refuerzo-kickport-cajon-mod-cp1-black\/"},"modified":"2026-04-10T05:13:27","modified_gmt":"2026-04-10T11:13:27","slug":"refuerzo-kickport-cajon-mod-cp1-black","status":"publish","type":"product","link":"https:\/\/www.mexicanguitarplayers.com\/en\/tienda\/accesorios\/para-percusion\/refuerzos-para-percusion\/refuerzo-kickport-cajon-mod-cp1-black\/","title":{"rendered":"KICKPORT REINFORCEMENT DRAWER MOD. CP1 BLACK"},"content":{"rendered":"<div style=\"text-align: justify\">\n<div>\n<h3>KICKPORT REINFORCEMENT DRAWER MOD. CP1 BLACK<\/h3>\n<\/div>\n<div>Kickport sound reinforcement for cajon. Model: CP1BLACK. It increases the bass sound of your cajon, giving it more punch, highlighting the low frequencies and giving it a more professional look.<\/div>\n<\/div>","protected":false},"excerpt":{"rendered":"<p>Refuerzo Kickport de sonido para caj\u00f3n. Modelo: CP1BLACK. Aumenta el sonido grave de tu caj\u00f3n, d\u00e1ndole mayor punch, destacando las frecuencias bajas y le da unavista m\u00e1s profesional.&hellip; <a class=\"kt-excerpt-readmore more-link\" href=\"https:\/\/www.mexicanguitarplayers.com\/en\/tienda\/accesorios\/para-percusion\/refuerzos-para-percusion\/refuerzo-kickport-cajon-mod-cp1-black\/\">Read more<\/a><\/p>","protected":false},"featured_media":13064,"comment_status":"open","ping_status":"closed","template":"","meta":{"kt_blocks_editor_width":""},"pwb-brand":[444],"product_brand":[],"product_cat":[85,432,439],"product_tag":[],"class_list":{"0":"post-13066","1":"product","2":"type-product","3":"status-publish","4":"has-post-thumbnail","6":"pwb-brand-kickport","7":"product_cat-accesorios","8":"product_cat-para-percusion","9":"product_cat-refuerzos-para-percusion","10":"product_shipping_class-10-15-kg","12":"first","13":"outofstock","14":"taxable","15":"shipping-taxable","16":"purchasable","17":"product-type-simple"},"yoast_head":"<!-- This site is optimized with the Yoast SEO plugin v27.5 - https:\/\/yoast.com\/product\/yoast-seo-wordpress\/ -->\n<title>REFUERZO KICKPORT CAJON MOD. CP1 BLACK - Mexican Guitar Players<\/title>\n<meta name=\"description\" content=\"REFUERZO KICKPORT CAJON MOD. CP1 BLACK. Refuerzo Kickport de sonido para caj\u00f3n. Modelo: CP1BLACK. Aumenta el sonido grave de tu caj\u00f3n, d\u00e1ndole mayor punch, destacando las frecuencias bajas y le da unavista m\u00e1s profesional.\" \/>\n<meta name=\"robots\" content=\"index, follow, max-snippet:-1, max-image-preview:large, max-video-preview:-1\" \/>\n<link rel=\"canonical\" href=\"https:\/\/www.mexicanguitarplayers.com\/en\/tienda\/accesorios\/para-percusion\/refuerzos-para-percusion\/refuerzo-kickport-cajon-mod-cp1-black\/\" \/>\n<meta property=\"og:locale\" content=\"en_US\" \/>\n<meta property=\"og:type\" content=\"article\" \/>\n<meta property=\"og:title\" content=\"REFUERZO KICKPORT CAJON MOD. CP1 BLACK - Mexican Guitar Players\" \/>\n<meta property=\"og:description\" content=\"REFUERZO KICKPORT CAJON MOD. CP1 BLACK. Refuerzo Kickport de sonido para caj\u00f3n. Modelo: CP1BLACK. Aumenta el sonido grave de tu caj\u00f3n, d\u00e1ndole mayor punch, destacando las frecuencias bajas y le da unavista m\u00e1s profesional.\" \/>\n<meta property=\"og:url\" content=\"https:\/\/www.mexicanguitarplayers.com\/en\/tienda\/accesorios\/para-percusion\/refuerzos-para-percusion\/refuerzo-kickport-cajon-mod-cp1-black\/\" \/>\n<meta property=\"og:site_name\" content=\"Mexican Guitar Players\" \/>\n<meta property=\"article:modified_time\" content=\"2026-04-10T11:13:27+00:00\" \/>\n<meta property=\"og:image\" content=\"https:\/\/www.mexicanguitarplayers.com\/wp-content\/uploads\/2022\/08\/RAKICCP1BLACK.jpg\" \/>\n\t<meta property=\"og:image:width\" content=\"1200\" \/>\n\t<meta property=\"og:image:height\" content=\"1200\" \/>\n\t<meta property=\"og:image:type\" content=\"image\/jpeg\" \/>\n<meta name=\"twitter:card\" content=\"summary_large_image\" \/>\n<script type=\"application\/ld+json\" class=\"yoast-schema-graph\">{\"@context\":\"https:\\\/\\\/schema.org\",\"@graph\":[{\"@type\":[\"WebPage\",\"ItemPage\"],\"@id\":\"https:\\\/\\\/www.mexicanguitarplayers.com\\\/tienda\\\/accesorios\\\/para-percusion\\\/refuerzos-para-percusion\\\/refuerzo-kickport-cajon-mod-cp1-black\\\/\",\"url\":\"https:\\\/\\\/www.mexicanguitarplayers.com\\\/tienda\\\/accesorios\\\/para-percusion\\\/refuerzos-para-percusion\\\/refuerzo-kickport-cajon-mod-cp1-black\\\/\",\"name\":\"REFUERZO KICKPORT CAJON MOD. CP1 BLACK - Mexican Guitar Players\",\"isPartOf\":{\"@id\":\"https:\\\/\\\/www.mexicanguitarplayers.com\\\/#website\"},\"primaryImageOfPage\":{\"@id\":\"https:\\\/\\\/www.mexicanguitarplayers.com\\\/tienda\\\/accesorios\\\/para-percusion\\\/refuerzos-para-percusion\\\/refuerzo-kickport-cajon-mod-cp1-black\\\/#primaryimage\"},\"image\":{\"@id\":\"https:\\\/\\\/www.mexicanguitarplayers.com\\\/tienda\\\/accesorios\\\/para-percusion\\\/refuerzos-para-percusion\\\/refuerzo-kickport-cajon-mod-cp1-black\\\/#primaryimage\"},\"thumbnailUrl\":\"https:\\\/\\\/www.mexicanguitarplayers.com\\\/wp-content\\\/uploads\\\/2022\\\/08\\\/RAKICCP1BLACK.jpg\",\"datePublished\":\"2022-08-18T14:54:30+00:00\",\"dateModified\":\"2026-04-10T11:13:27+00:00\",\"description\":\"REFUERZO KICKPORT CAJON MOD. CP1 BLACK. Refuerzo Kickport de sonido para caj\u00f3n. Modelo: CP1BLACK. Aumenta el sonido grave de tu caj\u00f3n, d\u00e1ndole mayor punch, destacando las frecuencias bajas y le da unavista m\u00e1s profesional.\",\"breadcrumb\":{\"@id\":\"https:\\\/\\\/www.mexicanguitarplayers.com\\\/tienda\\\/accesorios\\\/para-percusion\\\/refuerzos-para-percusion\\\/refuerzo-kickport-cajon-mod-cp1-black\\\/#breadcrumb\"},\"inLanguage\":\"en-US\",\"potentialAction\":[{\"@type\":\"ReadAction\",\"target\":[\"https:\\\/\\\/www.mexicanguitarplayers.com\\\/tienda\\\/accesorios\\\/para-percusion\\\/refuerzos-para-percusion\\\/refuerzo-kickport-cajon-mod-cp1-black\\\/\"]}]},{\"@type\":\"ImageObject\",\"inLanguage\":\"en-US\",\"@id\":\"https:\\\/\\\/www.mexicanguitarplayers.com\\\/tienda\\\/accesorios\\\/para-percusion\\\/refuerzos-para-percusion\\\/refuerzo-kickport-cajon-mod-cp1-black\\\/#primaryimage\",\"url\":\"https:\\\/\\\/www.mexicanguitarplayers.com\\\/wp-content\\\/uploads\\\/2022\\\/08\\\/RAKICCP1BLACK.jpg\",\"contentUrl\":\"https:\\\/\\\/www.mexicanguitarplayers.com\\\/wp-content\\\/uploads\\\/2022\\\/08\\\/RAKICCP1BLACK.jpg\",\"width\":1200,\"height\":1200},{\"@type\":\"BreadcrumbList\",\"@id\":\"https:\\\/\\\/www.mexicanguitarplayers.com\\\/tienda\\\/accesorios\\\/para-percusion\\\/refuerzos-para-percusion\\\/refuerzo-kickport-cajon-mod-cp1-black\\\/#breadcrumb\",\"itemListElement\":[{\"@type\":\"ListItem\",\"position\":1,\"name\":\"Portada\",\"item\":\"https:\\\/\\\/www.mexicanguitarplayers.com\\\/\"},{\"@type\":\"ListItem\",\"position\":2,\"name\":\"Tienda\",\"item\":\"https:\\\/\\\/www.mexicanguitarplayers.com\\\/tienda\\\/\"},{\"@type\":\"ListItem\",\"position\":3,\"name\":\"REFUERZO KICKPORT CAJON MOD. CP1 BLACK\"}]},{\"@type\":\"WebSite\",\"@id\":\"https:\\\/\\\/www.mexicanguitarplayers.com\\\/#website\",\"url\":\"https:\\\/\\\/www.mexicanguitarplayers.com\\\/\",\"name\":\"Mexican Guitar Players\",\"description\":\"Website\",\"publisher\":{\"@id\":\"https:\\\/\\\/www.mexicanguitarplayers.com\\\/#organization\"},\"potentialAction\":[{\"@type\":\"SearchAction\",\"target\":{\"@type\":\"EntryPoint\",\"urlTemplate\":\"https:\\\/\\\/www.mexicanguitarplayers.com\\\/?s={search_term_string}\"},\"query-input\":{\"@type\":\"PropertyValueSpecification\",\"valueRequired\":true,\"valueName\":\"search_term_string\"}}],\"inLanguage\":\"en-US\"},{\"@type\":\"Organization\",\"@id\":\"https:\\\/\\\/www.mexicanguitarplayers.com\\\/#organization\",\"name\":\"Mexican Guitar Players\",\"url\":\"https:\\\/\\\/www.mexicanguitarplayers.com\\\/\",\"logo\":{\"@type\":\"ImageObject\",\"inLanguage\":\"en-US\",\"@id\":\"https:\\\/\\\/www.mexicanguitarplayers.com\\\/#\\\/schema\\\/logo\\\/image\\\/\",\"url\":\"\",\"contentUrl\":\"\",\"caption\":\"Mexican Guitar Players\"},\"image\":{\"@id\":\"https:\\\/\\\/www.mexicanguitarplayers.com\\\/#\\\/schema\\\/logo\\\/image\\\/\"}}]}<\/script>\n<!-- \/ Yoast SEO plugin. -->","yoast_head_json":{"title":"REFUERZO KICKPORT CAJON MOD. CP1 BLACK - Mexican Guitar Players","description":"REFUERZO KICKPORT CAJON MOD. CP1 BLACK. Refuerzo Kickport de sonido para caj\u00f3n. Modelo: CP1BLACK. Aumenta el sonido grave de tu caj\u00f3n, d\u00e1ndole mayor punch, destacando las frecuencias bajas y le da unavista m\u00e1s profesional.","robots":{"index":"index","follow":"follow","max-snippet":"max-snippet:-1","max-image-preview":"max-image-preview:large","max-video-preview":"max-video-preview:-1"},"canonical":"https:\/\/www.mexicanguitarplayers.com\/en\/tienda\/accesorios\/para-percusion\/refuerzos-para-percusion\/refuerzo-kickport-cajon-mod-cp1-black\/","og_locale":"en_US","og_type":"article","og_title":"REFUERZO KICKPORT CAJON MOD. CP1 BLACK - Mexican Guitar Players","og_description":"REFUERZO KICKPORT CAJON MOD. CP1 BLACK. Refuerzo Kickport de sonido para caj\u00f3n. Modelo: CP1BLACK. Aumenta el sonido grave de tu caj\u00f3n, d\u00e1ndole mayor punch, destacando las frecuencias bajas y le da unavista m\u00e1s profesional.","og_url":"https:\/\/www.mexicanguitarplayers.com\/en\/tienda\/accesorios\/para-percusion\/refuerzos-para-percusion\/refuerzo-kickport-cajon-mod-cp1-black\/","og_site_name":"Mexican Guitar Players","article_modified_time":"2026-04-10T11:13:27+00:00","og_image":[{"width":1200,"height":1200,"url":"https:\/\/www.mexicanguitarplayers.com\/wp-content\/uploads\/2022\/08\/RAKICCP1BLACK.jpg","type":"image\/jpeg"}],"twitter_card":"summary_large_image","schema":{"@context":"https:\/\/schema.org","@graph":[{"@type":["WebPage","ItemPage"],"@id":"https:\/\/www.mexicanguitarplayers.com\/tienda\/accesorios\/para-percusion\/refuerzos-para-percusion\/refuerzo-kickport-cajon-mod-cp1-black\/","url":"https:\/\/www.mexicanguitarplayers.com\/tienda\/accesorios\/para-percusion\/refuerzos-para-percusion\/refuerzo-kickport-cajon-mod-cp1-black\/","name":"REFUERZO KICKPORT CAJON MOD. CP1 BLACK - Mexican Guitar Players","isPartOf":{"@id":"https:\/\/www.mexicanguitarplayers.com\/#website"},"primaryImageOfPage":{"@id":"https:\/\/www.mexicanguitarplayers.com\/tienda\/accesorios\/para-percusion\/refuerzos-para-percusion\/refuerzo-kickport-cajon-mod-cp1-black\/#primaryimage"},"image":{"@id":"https:\/\/www.mexicanguitarplayers.com\/tienda\/accesorios\/para-percusion\/refuerzos-para-percusion\/refuerzo-kickport-cajon-mod-cp1-black\/#primaryimage"},"thumbnailUrl":"https:\/\/www.mexicanguitarplayers.com\/wp-content\/uploads\/2022\/08\/RAKICCP1BLACK.jpg","datePublished":"2022-08-18T14:54:30+00:00","dateModified":"2026-04-10T11:13:27+00:00","description":"REFUERZO KICKPORT CAJON MOD. CP1 BLACK. Refuerzo Kickport de sonido para caj\u00f3n. Modelo: CP1BLACK. Aumenta el sonido grave de tu caj\u00f3n, d\u00e1ndole mayor punch, destacando las frecuencias bajas y le da unavista m\u00e1s profesional.","breadcrumb":{"@id":"https:\/\/www.mexicanguitarplayers.com\/tienda\/accesorios\/para-percusion\/refuerzos-para-percusion\/refuerzo-kickport-cajon-mod-cp1-black\/#breadcrumb"},"inLanguage":"en-US","potentialAction":[{"@type":"ReadAction","target":["https:\/\/www.mexicanguitarplayers.com\/tienda\/accesorios\/para-percusion\/refuerzos-para-percusion\/refuerzo-kickport-cajon-mod-cp1-black\/"]}]},{"@type":"ImageObject","inLanguage":"en-US","@id":"https:\/\/www.mexicanguitarplayers.com\/tienda\/accesorios\/para-percusion\/refuerzos-para-percusion\/refuerzo-kickport-cajon-mod-cp1-black\/#primaryimage","url":"https:\/\/www.mexicanguitarplayers.com\/wp-content\/uploads\/2022\/08\/RAKICCP1BLACK.jpg","contentUrl":"https:\/\/www.mexicanguitarplayers.com\/wp-content\/uploads\/2022\/08\/RAKICCP1BLACK.jpg","width":1200,"height":1200},{"@type":"BreadcrumbList","@id":"https:\/\/www.mexicanguitarplayers.com\/tienda\/accesorios\/para-percusion\/refuerzos-para-percusion\/refuerzo-kickport-cajon-mod-cp1-black\/#breadcrumb","itemListElement":[{"@type":"ListItem","position":1,"name":"Portada","item":"https:\/\/www.mexicanguitarplayers.com\/"},{"@type":"ListItem","position":2,"name":"Tienda","item":"https:\/\/www.mexicanguitarplayers.com\/tienda\/"},{"@type":"ListItem","position":3,"name":"REFUERZO KICKPORT CAJON MOD. CP1 BLACK"}]},{"@type":"WebSite","@id":"https:\/\/www.mexicanguitarplayers.com\/#website","url":"https:\/\/www.mexicanguitarplayers.com\/","name":"Mexican Guitar Players","description":"Website","publisher":{"@id":"https:\/\/www.mexicanguitarplayers.com\/#organization"},"potentialAction":[{"@type":"SearchAction","target":{"@type":"EntryPoint","urlTemplate":"https:\/\/www.mexicanguitarplayers.com\/?s={search_term_string}"},"query-input":{"@type":"PropertyValueSpecification","valueRequired":true,"valueName":"search_term_string"}}],"inLanguage":"en-US"},{"@type":"Organization","@id":"https:\/\/www.mexicanguitarplayers.com\/#organization","name":"Mexican Guitar Players","url":"https:\/\/www.mexicanguitarplayers.com\/","logo":{"@type":"ImageObject","inLanguage":"en-US","@id":"https:\/\/www.mexicanguitarplayers.com\/#\/schema\/logo\/image\/","url":"","contentUrl":"","caption":"Mexican Guitar Players"},"image":{"@id":"https:\/\/www.mexicanguitarplayers.com\/#\/schema\/logo\/image\/"}}]}},"brands":[{"id":444,"name":"KICKPORT","slug":"kickport"}],"_links":{"self":[{"href":"https:\/\/www.mexicanguitarplayers.com\/en\/wp-json\/wp\/v2\/product\/13066","targetHints":{"allow":["GET"]}}],"collection":[{"href":"https:\/\/www.mexicanguitarplayers.com\/en\/wp-json\/wp\/v2\/product"}],"about":[{"href":"https:\/\/www.mexicanguitarplayers.com\/en\/wp-json\/wp\/v2\/types\/product"}],"replies":[{"embeddable":true,"href":"https:\/\/www.mexicanguitarplayers.com\/en\/wp-json\/wp\/v2\/comments?post=13066"}],"wp:featuredmedia":[{"embeddable":true,"href":"https:\/\/www.mexicanguitarplayers.com\/en\/wp-json\/wp\/v2\/media\/13064"}],"wp:attachment":[{"href":"https:\/\/www.mexicanguitarplayers.com\/en\/wp-json\/wp\/v2\/media?parent=13066"}],"wp:term":[{"taxonomy":"pwb-brand","embeddable":true,"href":"https:\/\/www.mexicanguitarplayers.com\/en\/wp-json\/wp\/v2\/pwb-brand?post=13066"},{"taxonomy":"product_brand","embeddable":true,"href":"https:\/\/www.mexicanguitarplayers.com\/en\/wp-json\/wp\/v2\/product_brand?post=13066"},{"taxonomy":"product_cat","embeddable":true,"href":"https:\/\/www.mexicanguitarplayers.com\/en\/wp-json\/wp\/v2\/product_cat?post=13066"},{"taxonomy":"product_tag","embeddable":true,"href":"https:\/\/www.mexicanguitarplayers.com\/en\/wp-json\/wp\/v2\/product_tag?post=13066"}],"curies":[{"name":"wp","href":"https:\/\/api.w.org\/{rel}","templated":true}]}}