{"id":13278,"date":"2022-08-18T10:00:16","date_gmt":"2022-08-18T15:00:16","guid":{"rendered":"https:\/\/www.mexicanguitarplayers.com\/tienda\/sin%20categor\u00eda\/extension-meinl-p-cajon-rack-cr-bar\/"},"modified":"2024-02-22T01:20:43","modified_gmt":"2024-02-22T07:20:43","slug":"extension-meinl-p-cajon-rack-cr-bar","status":"publish","type":"product","link":"https:\/\/www.mexicanguitarplayers.com\/en\/tienda\/accesorios\/para-percusion\/hardware-para-percusion\/extension-meinl-p-cajon-rack-cr-bar\/","title":{"rendered":"MEINL EXTENSION FOR CR-BAR RACK DRAWER"},"content":{"rendered":"<div style=\"text-align: justify\">\n<div>\n<h3>MEINL EXTENSION FOR CR-BAR RACK DRAWER<\/h3>\n<\/div>\n<div>Add-on bar for cajon rack, when additional space is required for more percussion instruments, designed to fit anywhere on the cajon rack gives you more options for mounting blocks, cowbells, shakers or other small percussion items.<\/div>\n<\/div>","protected":false},"excerpt":{"rendered":"<p>Barra complemento para cajon rack, cuando se requiere espacio adicional para m\u00e1s instrumentos de percusi\u00f3n, dise\u00f1ado para colocar en cualquier parte del cajon rack te ofrece m\u00e1s opciones para montar bloques, cencerros, shakers u otros elementos peque\u00f1os de percusi\u00f3n.&hellip; <a class=\"kt-excerpt-readmore more-link\" href=\"https:\/\/www.mexicanguitarplayers.com\/en\/tienda\/accesorios\/para-percusion\/hardware-para-percusion\/extension-meinl-p-cajon-rack-cr-bar\/\">Read more<\/a><\/p>","protected":false},"featured_media":13277,"comment_status":"open","ping_status":"closed","template":"","meta":{"kt_blocks_editor_width":""},"pwb-brand":[290],"product_brand":[],"product_cat":[85,458,432],"product_tag":[],"class_list":{"0":"post-13278","1":"product","2":"type-product","3":"status-publish","4":"has-post-thumbnail","6":"pwb-brand-meinl","7":"product_cat-accesorios","8":"product_cat-hardware-para-percusion","9":"product_cat-para-percusion","10":"product_shipping_class-0-5-kg","12":"first","13":"outofstock","14":"taxable","15":"shipping-taxable","16":"purchasable","17":"product-type-simple"},"yoast_head":"<!-- This site is optimized with the Yoast SEO plugin v27.3 - https:\/\/yoast.com\/product\/yoast-seo-wordpress\/ -->\n<title>EXTENSION MEINL P\/CAJON RACK CR-BAR - Mexican Guitar Players<\/title>\n<meta name=\"description\" content=\"EXTENSION MEINL P\/CAJON RACK CR-BAR. Barra complemento para cajon rack, cuando se requiere espacio adicional para m\u00e1s instrumentos de percusi\u00f3n, dise\u00f1ado para colocar en cualquier parte del cajon rack te ofrece m\u00e1s opciones para montar bloques, cencerros, shakers u otros elementos peque\u00f1os de percusi\u00f3n.\" \/>\n<meta name=\"robots\" content=\"index, follow, max-snippet:-1, max-image-preview:large, max-video-preview:-1\" \/>\n<link rel=\"canonical\" href=\"https:\/\/www.mexicanguitarplayers.com\/en\/tienda\/accesorios\/para-percusion\/hardware-para-percusion\/extension-meinl-p-cajon-rack-cr-bar\/\" \/>\n<meta property=\"og:locale\" content=\"en_US\" \/>\n<meta property=\"og:type\" content=\"article\" \/>\n<meta property=\"og:title\" content=\"EXTENSION MEINL P\/CAJON RACK CR-BAR - Mexican Guitar Players\" \/>\n<meta property=\"og:description\" content=\"EXTENSION MEINL P\/CAJON RACK CR-BAR. Barra complemento para cajon rack, cuando se requiere espacio adicional para m\u00e1s instrumentos de percusi\u00f3n, dise\u00f1ado para colocar en cualquier parte del cajon rack te ofrece m\u00e1s opciones para montar bloques, cencerros, shakers u otros elementos peque\u00f1os de percusi\u00f3n.\" \/>\n<meta property=\"og:url\" content=\"https:\/\/www.mexicanguitarplayers.com\/en\/tienda\/accesorios\/para-percusion\/hardware-para-percusion\/extension-meinl-p-cajon-rack-cr-bar\/\" \/>\n<meta property=\"og:site_name\" content=\"Mexican Guitar Players\" \/>\n<meta property=\"article:modified_time\" content=\"2024-02-22T07:20:43+00:00\" \/>\n<meta property=\"og:image\" content=\"https:\/\/www.mexicanguitarplayers.com\/wp-content\/uploads\/2022\/08\/RAMEICRBAR.jpg\" \/>\n\t<meta property=\"og:image:width\" content=\"800\" \/>\n\t<meta property=\"og:image:height\" content=\"1600\" \/>\n\t<meta property=\"og:image:type\" content=\"image\/jpeg\" \/>\n<meta name=\"twitter:card\" content=\"summary_large_image\" \/>\n<script type=\"application\/ld+json\" class=\"yoast-schema-graph\">{\"@context\":\"https:\\\/\\\/schema.org\",\"@graph\":[{\"@type\":[\"WebPage\",\"ItemPage\"],\"@id\":\"https:\\\/\\\/www.mexicanguitarplayers.com\\\/tienda\\\/accesorios\\\/para-percusion\\\/hardware-para-percusion\\\/extension-meinl-p-cajon-rack-cr-bar\\\/\",\"url\":\"https:\\\/\\\/www.mexicanguitarplayers.com\\\/tienda\\\/accesorios\\\/para-percusion\\\/hardware-para-percusion\\\/extension-meinl-p-cajon-rack-cr-bar\\\/\",\"name\":\"EXTENSION MEINL P\\\/CAJON RACK CR-BAR - Mexican Guitar Players\",\"isPartOf\":{\"@id\":\"https:\\\/\\\/www.mexicanguitarplayers.com\\\/#website\"},\"primaryImageOfPage\":{\"@id\":\"https:\\\/\\\/www.mexicanguitarplayers.com\\\/tienda\\\/accesorios\\\/para-percusion\\\/hardware-para-percusion\\\/extension-meinl-p-cajon-rack-cr-bar\\\/#primaryimage\"},\"image\":{\"@id\":\"https:\\\/\\\/www.mexicanguitarplayers.com\\\/tienda\\\/accesorios\\\/para-percusion\\\/hardware-para-percusion\\\/extension-meinl-p-cajon-rack-cr-bar\\\/#primaryimage\"},\"thumbnailUrl\":\"https:\\\/\\\/www.mexicanguitarplayers.com\\\/wp-content\\\/uploads\\\/2022\\\/08\\\/RAMEICRBAR.jpg\",\"datePublished\":\"2022-08-18T15:00:16+00:00\",\"dateModified\":\"2024-02-22T07:20:43+00:00\",\"description\":\"EXTENSION MEINL P\\\/CAJON RACK CR-BAR. Barra complemento para cajon rack, cuando se requiere espacio adicional para m\u00e1s instrumentos de percusi\u00f3n, dise\u00f1ado para colocar en cualquier parte del cajon rack te ofrece m\u00e1s opciones para montar bloques, cencerros, shakers u otros elementos peque\u00f1os de percusi\u00f3n.\",\"breadcrumb\":{\"@id\":\"https:\\\/\\\/www.mexicanguitarplayers.com\\\/tienda\\\/accesorios\\\/para-percusion\\\/hardware-para-percusion\\\/extension-meinl-p-cajon-rack-cr-bar\\\/#breadcrumb\"},\"inLanguage\":\"en-US\",\"potentialAction\":[{\"@type\":\"ReadAction\",\"target\":[\"https:\\\/\\\/www.mexicanguitarplayers.com\\\/tienda\\\/accesorios\\\/para-percusion\\\/hardware-para-percusion\\\/extension-meinl-p-cajon-rack-cr-bar\\\/\"]}]},{\"@type\":\"ImageObject\",\"inLanguage\":\"en-US\",\"@id\":\"https:\\\/\\\/www.mexicanguitarplayers.com\\\/tienda\\\/accesorios\\\/para-percusion\\\/hardware-para-percusion\\\/extension-meinl-p-cajon-rack-cr-bar\\\/#primaryimage\",\"url\":\"https:\\\/\\\/www.mexicanguitarplayers.com\\\/wp-content\\\/uploads\\\/2022\\\/08\\\/RAMEICRBAR.jpg\",\"contentUrl\":\"https:\\\/\\\/www.mexicanguitarplayers.com\\\/wp-content\\\/uploads\\\/2022\\\/08\\\/RAMEICRBAR.jpg\",\"width\":800,\"height\":1600},{\"@type\":\"BreadcrumbList\",\"@id\":\"https:\\\/\\\/www.mexicanguitarplayers.com\\\/tienda\\\/accesorios\\\/para-percusion\\\/hardware-para-percusion\\\/extension-meinl-p-cajon-rack-cr-bar\\\/#breadcrumb\",\"itemListElement\":[{\"@type\":\"ListItem\",\"position\":1,\"name\":\"Portada\",\"item\":\"https:\\\/\\\/www.mexicanguitarplayers.com\\\/\"},{\"@type\":\"ListItem\",\"position\":2,\"name\":\"Tienda\",\"item\":\"https:\\\/\\\/www.mexicanguitarplayers.com\\\/tienda\\\/\"},{\"@type\":\"ListItem\",\"position\":3,\"name\":\"EXTENSION MEINL P\\\/CAJON RACK CR-BAR\"}]},{\"@type\":\"WebSite\",\"@id\":\"https:\\\/\\\/www.mexicanguitarplayers.com\\\/#website\",\"url\":\"https:\\\/\\\/www.mexicanguitarplayers.com\\\/\",\"name\":\"Mexican Guitar Players\",\"description\":\"Website\",\"publisher\":{\"@id\":\"https:\\\/\\\/www.mexicanguitarplayers.com\\\/#organization\"},\"potentialAction\":[{\"@type\":\"SearchAction\",\"target\":{\"@type\":\"EntryPoint\",\"urlTemplate\":\"https:\\\/\\\/www.mexicanguitarplayers.com\\\/?s={search_term_string}\"},\"query-input\":{\"@type\":\"PropertyValueSpecification\",\"valueRequired\":true,\"valueName\":\"search_term_string\"}}],\"inLanguage\":\"en-US\"},{\"@type\":\"Organization\",\"@id\":\"https:\\\/\\\/www.mexicanguitarplayers.com\\\/#organization\",\"name\":\"Mexican Guitar Players\",\"url\":\"https:\\\/\\\/www.mexicanguitarplayers.com\\\/\",\"logo\":{\"@type\":\"ImageObject\",\"inLanguage\":\"en-US\",\"@id\":\"https:\\\/\\\/www.mexicanguitarplayers.com\\\/#\\\/schema\\\/logo\\\/image\\\/\",\"url\":\"\",\"contentUrl\":\"\",\"caption\":\"Mexican Guitar Players\"},\"image\":{\"@id\":\"https:\\\/\\\/www.mexicanguitarplayers.com\\\/#\\\/schema\\\/logo\\\/image\\\/\"}}]}<\/script>\n<!-- \/ Yoast SEO plugin. -->","yoast_head_json":{"title":"EXTENSION MEINL P\/CAJON RACK CR-BAR - Mexican Guitar Players","description":"EXTENSION MEINL P\/CAJON RACK CR-BAR. Barra complemento para cajon rack, cuando se requiere espacio adicional para m\u00e1s instrumentos de percusi\u00f3n, dise\u00f1ado para colocar en cualquier parte del cajon rack te ofrece m\u00e1s opciones para montar bloques, cencerros, shakers u otros elementos peque\u00f1os de percusi\u00f3n.","robots":{"index":"index","follow":"follow","max-snippet":"max-snippet:-1","max-image-preview":"max-image-preview:large","max-video-preview":"max-video-preview:-1"},"canonical":"https:\/\/www.mexicanguitarplayers.com\/en\/tienda\/accesorios\/para-percusion\/hardware-para-percusion\/extension-meinl-p-cajon-rack-cr-bar\/","og_locale":"en_US","og_type":"article","og_title":"EXTENSION MEINL P\/CAJON RACK CR-BAR - Mexican Guitar Players","og_description":"EXTENSION MEINL P\/CAJON RACK CR-BAR. Barra complemento para cajon rack, cuando se requiere espacio adicional para m\u00e1s instrumentos de percusi\u00f3n, dise\u00f1ado para colocar en cualquier parte del cajon rack te ofrece m\u00e1s opciones para montar bloques, cencerros, shakers u otros elementos peque\u00f1os de percusi\u00f3n.","og_url":"https:\/\/www.mexicanguitarplayers.com\/en\/tienda\/accesorios\/para-percusion\/hardware-para-percusion\/extension-meinl-p-cajon-rack-cr-bar\/","og_site_name":"Mexican Guitar Players","article_modified_time":"2024-02-22T07:20:43+00:00","og_image":[{"width":800,"height":1600,"url":"https:\/\/www.mexicanguitarplayers.com\/wp-content\/uploads\/2022\/08\/RAMEICRBAR.jpg","type":"image\/jpeg"}],"twitter_card":"summary_large_image","schema":{"@context":"https:\/\/schema.org","@graph":[{"@type":["WebPage","ItemPage"],"@id":"https:\/\/www.mexicanguitarplayers.com\/tienda\/accesorios\/para-percusion\/hardware-para-percusion\/extension-meinl-p-cajon-rack-cr-bar\/","url":"https:\/\/www.mexicanguitarplayers.com\/tienda\/accesorios\/para-percusion\/hardware-para-percusion\/extension-meinl-p-cajon-rack-cr-bar\/","name":"EXTENSION MEINL P\/CAJON RACK CR-BAR - Mexican Guitar Players","isPartOf":{"@id":"https:\/\/www.mexicanguitarplayers.com\/#website"},"primaryImageOfPage":{"@id":"https:\/\/www.mexicanguitarplayers.com\/tienda\/accesorios\/para-percusion\/hardware-para-percusion\/extension-meinl-p-cajon-rack-cr-bar\/#primaryimage"},"image":{"@id":"https:\/\/www.mexicanguitarplayers.com\/tienda\/accesorios\/para-percusion\/hardware-para-percusion\/extension-meinl-p-cajon-rack-cr-bar\/#primaryimage"},"thumbnailUrl":"https:\/\/www.mexicanguitarplayers.com\/wp-content\/uploads\/2022\/08\/RAMEICRBAR.jpg","datePublished":"2022-08-18T15:00:16+00:00","dateModified":"2024-02-22T07:20:43+00:00","description":"EXTENSION MEINL P\/CAJON RACK CR-BAR. Barra complemento para cajon rack, cuando se requiere espacio adicional para m\u00e1s instrumentos de percusi\u00f3n, dise\u00f1ado para colocar en cualquier parte del cajon rack te ofrece m\u00e1s opciones para montar bloques, cencerros, shakers u otros elementos peque\u00f1os de percusi\u00f3n.","breadcrumb":{"@id":"https:\/\/www.mexicanguitarplayers.com\/tienda\/accesorios\/para-percusion\/hardware-para-percusion\/extension-meinl-p-cajon-rack-cr-bar\/#breadcrumb"},"inLanguage":"en-US","potentialAction":[{"@type":"ReadAction","target":["https:\/\/www.mexicanguitarplayers.com\/tienda\/accesorios\/para-percusion\/hardware-para-percusion\/extension-meinl-p-cajon-rack-cr-bar\/"]}]},{"@type":"ImageObject","inLanguage":"en-US","@id":"https:\/\/www.mexicanguitarplayers.com\/tienda\/accesorios\/para-percusion\/hardware-para-percusion\/extension-meinl-p-cajon-rack-cr-bar\/#primaryimage","url":"https:\/\/www.mexicanguitarplayers.com\/wp-content\/uploads\/2022\/08\/RAMEICRBAR.jpg","contentUrl":"https:\/\/www.mexicanguitarplayers.com\/wp-content\/uploads\/2022\/08\/RAMEICRBAR.jpg","width":800,"height":1600},{"@type":"BreadcrumbList","@id":"https:\/\/www.mexicanguitarplayers.com\/tienda\/accesorios\/para-percusion\/hardware-para-percusion\/extension-meinl-p-cajon-rack-cr-bar\/#breadcrumb","itemListElement":[{"@type":"ListItem","position":1,"name":"Portada","item":"https:\/\/www.mexicanguitarplayers.com\/"},{"@type":"ListItem","position":2,"name":"Tienda","item":"https:\/\/www.mexicanguitarplayers.com\/tienda\/"},{"@type":"ListItem","position":3,"name":"EXTENSION MEINL P\/CAJON RACK CR-BAR"}]},{"@type":"WebSite","@id":"https:\/\/www.mexicanguitarplayers.com\/#website","url":"https:\/\/www.mexicanguitarplayers.com\/","name":"Mexican Guitar Players","description":"Website","publisher":{"@id":"https:\/\/www.mexicanguitarplayers.com\/#organization"},"potentialAction":[{"@type":"SearchAction","target":{"@type":"EntryPoint","urlTemplate":"https:\/\/www.mexicanguitarplayers.com\/?s={search_term_string}"},"query-input":{"@type":"PropertyValueSpecification","valueRequired":true,"valueName":"search_term_string"}}],"inLanguage":"en-US"},{"@type":"Organization","@id":"https:\/\/www.mexicanguitarplayers.com\/#organization","name":"Mexican Guitar Players","url":"https:\/\/www.mexicanguitarplayers.com\/","logo":{"@type":"ImageObject","inLanguage":"en-US","@id":"https:\/\/www.mexicanguitarplayers.com\/#\/schema\/logo\/image\/","url":"","contentUrl":"","caption":"Mexican Guitar Players"},"image":{"@id":"https:\/\/www.mexicanguitarplayers.com\/#\/schema\/logo\/image\/"}}]}},"brands":[{"id":290,"name":"MEINL","slug":"meinl"}],"_links":{"self":[{"href":"https:\/\/www.mexicanguitarplayers.com\/en\/wp-json\/wp\/v2\/product\/13278","targetHints":{"allow":["GET"]}}],"collection":[{"href":"https:\/\/www.mexicanguitarplayers.com\/en\/wp-json\/wp\/v2\/product"}],"about":[{"href":"https:\/\/www.mexicanguitarplayers.com\/en\/wp-json\/wp\/v2\/types\/product"}],"replies":[{"embeddable":true,"href":"https:\/\/www.mexicanguitarplayers.com\/en\/wp-json\/wp\/v2\/comments?post=13278"}],"wp:featuredmedia":[{"embeddable":true,"href":"https:\/\/www.mexicanguitarplayers.com\/en\/wp-json\/wp\/v2\/media\/13277"}],"wp:attachment":[{"href":"https:\/\/www.mexicanguitarplayers.com\/en\/wp-json\/wp\/v2\/media?parent=13278"}],"wp:term":[{"taxonomy":"pwb-brand","embeddable":true,"href":"https:\/\/www.mexicanguitarplayers.com\/en\/wp-json\/wp\/v2\/pwb-brand?post=13278"},{"taxonomy":"product_brand","embeddable":true,"href":"https:\/\/www.mexicanguitarplayers.com\/en\/wp-json\/wp\/v2\/product_brand?post=13278"},{"taxonomy":"product_cat","embeddable":true,"href":"https:\/\/www.mexicanguitarplayers.com\/en\/wp-json\/wp\/v2\/product_cat?post=13278"},{"taxonomy":"product_tag","embeddable":true,"href":"https:\/\/www.mexicanguitarplayers.com\/en\/wp-json\/wp\/v2\/product_tag?post=13278"}],"curies":[{"name":"wp","href":"https:\/\/api.w.org\/{rel}","templated":true}]}}