{"id":13420,"date":"2022-08-18T10:05:53","date_gmt":"2022-08-18T15:05:53","guid":{"rendered":"https:\/\/www.mexicanguitarplayers.com\/tienda\/sin%20categor\u00eda\/llave-meinl-p-bateria-mod-mbkt\/"},"modified":"2026-05-01T07:42:37","modified_gmt":"2026-05-01T13:42:37","slug":"llave-meinl-p-bateria-mod-mbkt","status":"publish","type":"product","link":"https:\/\/www.mexicanguitarplayers.com\/en\/tienda\/accesorios\/para-bateria\/llaves\/llave-meinl-p-bateria-mod-mbkt\/","title":{"rendered":"MEINL KEY FOR BATTERY MOD. MBKT"},"content":{"rendered":"<div style=\"text-align: justify\">\n<div>\n<h3>MEINL KEY FOR BATTERY MOD. MBKT<\/h3>\n<\/div>\n<div>Drum Tuning Wrench, Features Meinl Logo and Byzance Logo, Antique Tin Plated Finish, Wide Brim Design for Easy Tuning Adjustments and Head Changes, Key Ring Hole to Attach to Your Everyday Wrench Set .<\/div>\n<\/div>","protected":false},"excerpt":{"rendered":"<p>Llave de afinaci\u00f3n para bater\u00eda, cuenta con el logotipo de Meinl y el logotipo de Byzance, terminado esta\u00f1ado antiguo, dise\u00f1o de ala ancha para facilitar ajustes en la afinaci\u00f3n y en los cambios de parches, agujero para llavero para adjuntar a tu juego de llaves diario.&hellip; <a class=\"kt-excerpt-readmore more-link\" href=\"https:\/\/www.mexicanguitarplayers.com\/en\/tienda\/accesorios\/para-bateria\/llaves\/llave-meinl-p-bateria-mod-mbkt\/\">Read more<\/a><\/p>","protected":false},"featured_media":13419,"comment_status":"open","ping_status":"closed","template":"","meta":{"kt_blocks_editor_width":""},"pwb-brand":[290],"product_brand":[],"product_cat":[85,430,306],"product_tag":[],"class_list":{"0":"post-13420","1":"product","2":"type-product","3":"status-publish","4":"has-post-thumbnail","6":"pwb-brand-meinl","7":"product_cat-accesorios","8":"product_cat-llaves","9":"product_cat-para-bateria","10":"product_shipping_class-0-5-kg","12":"first","13":"instock","14":"taxable","15":"shipping-taxable","16":"purchasable","17":"product-type-simple"},"yoast_head":"<!-- This site is optimized with the Yoast SEO plugin v27.6 - https:\/\/yoast.com\/product\/yoast-seo-wordpress\/ -->\n<title>LLAVE MEINL P\/BATERIA MOD. MBKT - Mexican Guitar Players<\/title>\n<meta name=\"description\" content=\"LLAVE MEINL P\/BATERIA MOD. MBKT. Llave de afinaci\u00f3n para bater\u00eda, cuenta con el logotipo de Meinl y el logotipo de Byzance, terminado esta\u00f1ado antiguo, dise\u00f1o de ala ancha para facilitar ajustes en la afinaci\u00f3n y en los cambios de parches, agujero para llavero para adjuntar a tu juego de llaves diario.\" \/>\n<meta name=\"robots\" content=\"index, follow, max-snippet:-1, max-image-preview:large, max-video-preview:-1\" \/>\n<link rel=\"canonical\" href=\"https:\/\/www.mexicanguitarplayers.com\/en\/tienda\/accesorios\/para-bateria\/llaves\/llave-meinl-p-bateria-mod-mbkt\/\" \/>\n<meta property=\"og:locale\" content=\"en_US\" \/>\n<meta property=\"og:type\" content=\"article\" \/>\n<meta property=\"og:title\" content=\"LLAVE MEINL P\/BATERIA MOD. MBKT - Mexican Guitar Players\" \/>\n<meta property=\"og:description\" content=\"LLAVE MEINL P\/BATERIA MOD. MBKT. Llave de afinaci\u00f3n para bater\u00eda, cuenta con el logotipo de Meinl y el logotipo de Byzance, terminado esta\u00f1ado antiguo, dise\u00f1o de ala ancha para facilitar ajustes en la afinaci\u00f3n y en los cambios de parches, agujero para llavero para adjuntar a tu juego de llaves diario.\" \/>\n<meta property=\"og:url\" content=\"https:\/\/www.mexicanguitarplayers.com\/en\/tienda\/accesorios\/para-bateria\/llaves\/llave-meinl-p-bateria-mod-mbkt\/\" \/>\n<meta property=\"og:site_name\" content=\"Mexican Guitar Players\" \/>\n<meta property=\"article:modified_time\" content=\"2026-05-01T13:42:37+00:00\" \/>\n<meta property=\"og:image\" content=\"https:\/\/www.mexicanguitarplayers.com\/wp-content\/uploads\/2022\/08\/RAMEIMBKT.jpg\" \/>\n\t<meta property=\"og:image:width\" content=\"1200\" \/>\n\t<meta property=\"og:image:height\" content=\"1200\" \/>\n\t<meta property=\"og:image:type\" content=\"image\/jpeg\" \/>\n<meta name=\"twitter:card\" content=\"summary_large_image\" \/>\n<script type=\"application\/ld+json\" class=\"yoast-schema-graph\">{\"@context\":\"https:\\\/\\\/schema.org\",\"@graph\":[{\"@type\":[\"WebPage\",\"ItemPage\"],\"@id\":\"https:\\\/\\\/www.mexicanguitarplayers.com\\\/tienda\\\/accesorios\\\/para-bateria\\\/llaves\\\/llave-meinl-p-bateria-mod-mbkt\\\/\",\"url\":\"https:\\\/\\\/www.mexicanguitarplayers.com\\\/tienda\\\/accesorios\\\/para-bateria\\\/llaves\\\/llave-meinl-p-bateria-mod-mbkt\\\/\",\"name\":\"LLAVE MEINL P\\\/BATERIA MOD. MBKT - Mexican Guitar Players\",\"isPartOf\":{\"@id\":\"https:\\\/\\\/www.mexicanguitarplayers.com\\\/#website\"},\"primaryImageOfPage\":{\"@id\":\"https:\\\/\\\/www.mexicanguitarplayers.com\\\/tienda\\\/accesorios\\\/para-bateria\\\/llaves\\\/llave-meinl-p-bateria-mod-mbkt\\\/#primaryimage\"},\"image\":{\"@id\":\"https:\\\/\\\/www.mexicanguitarplayers.com\\\/tienda\\\/accesorios\\\/para-bateria\\\/llaves\\\/llave-meinl-p-bateria-mod-mbkt\\\/#primaryimage\"},\"thumbnailUrl\":\"https:\\\/\\\/www.mexicanguitarplayers.com\\\/wp-content\\\/uploads\\\/2022\\\/08\\\/RAMEIMBKT.jpg\",\"datePublished\":\"2022-08-18T15:05:53+00:00\",\"dateModified\":\"2026-05-01T13:42:37+00:00\",\"description\":\"LLAVE MEINL P\\\/BATERIA MOD. MBKT. Llave de afinaci\u00f3n para bater\u00eda, cuenta con el logotipo de Meinl y el logotipo de Byzance, terminado esta\u00f1ado antiguo, dise\u00f1o de ala ancha para facilitar ajustes en la afinaci\u00f3n y en los cambios de parches, agujero para llavero para adjuntar a tu juego de llaves diario.\",\"breadcrumb\":{\"@id\":\"https:\\\/\\\/www.mexicanguitarplayers.com\\\/tienda\\\/accesorios\\\/para-bateria\\\/llaves\\\/llave-meinl-p-bateria-mod-mbkt\\\/#breadcrumb\"},\"inLanguage\":\"en-US\",\"potentialAction\":[{\"@type\":\"ReadAction\",\"target\":[\"https:\\\/\\\/www.mexicanguitarplayers.com\\\/tienda\\\/accesorios\\\/para-bateria\\\/llaves\\\/llave-meinl-p-bateria-mod-mbkt\\\/\"]}]},{\"@type\":\"ImageObject\",\"inLanguage\":\"en-US\",\"@id\":\"https:\\\/\\\/www.mexicanguitarplayers.com\\\/tienda\\\/accesorios\\\/para-bateria\\\/llaves\\\/llave-meinl-p-bateria-mod-mbkt\\\/#primaryimage\",\"url\":\"https:\\\/\\\/www.mexicanguitarplayers.com\\\/wp-content\\\/uploads\\\/2022\\\/08\\\/RAMEIMBKT.jpg\",\"contentUrl\":\"https:\\\/\\\/www.mexicanguitarplayers.com\\\/wp-content\\\/uploads\\\/2022\\\/08\\\/RAMEIMBKT.jpg\",\"width\":1200,\"height\":1200},{\"@type\":\"BreadcrumbList\",\"@id\":\"https:\\\/\\\/www.mexicanguitarplayers.com\\\/tienda\\\/accesorios\\\/para-bateria\\\/llaves\\\/llave-meinl-p-bateria-mod-mbkt\\\/#breadcrumb\",\"itemListElement\":[{\"@type\":\"ListItem\",\"position\":1,\"name\":\"Portada\",\"item\":\"https:\\\/\\\/www.mexicanguitarplayers.com\\\/\"},{\"@type\":\"ListItem\",\"position\":2,\"name\":\"Tienda\",\"item\":\"https:\\\/\\\/www.mexicanguitarplayers.com\\\/tienda\\\/\"},{\"@type\":\"ListItem\",\"position\":3,\"name\":\"LLAVE MEINL P\\\/BATERIA MOD. MBKT\"}]},{\"@type\":\"WebSite\",\"@id\":\"https:\\\/\\\/www.mexicanguitarplayers.com\\\/#website\",\"url\":\"https:\\\/\\\/www.mexicanguitarplayers.com\\\/\",\"name\":\"Mexican Guitar Players\",\"description\":\"Website\",\"publisher\":{\"@id\":\"https:\\\/\\\/www.mexicanguitarplayers.com\\\/#organization\"},\"potentialAction\":[{\"@type\":\"SearchAction\",\"target\":{\"@type\":\"EntryPoint\",\"urlTemplate\":\"https:\\\/\\\/www.mexicanguitarplayers.com\\\/?s={search_term_string}\"},\"query-input\":{\"@type\":\"PropertyValueSpecification\",\"valueRequired\":true,\"valueName\":\"search_term_string\"}}],\"inLanguage\":\"en-US\"},{\"@type\":\"Organization\",\"@id\":\"https:\\\/\\\/www.mexicanguitarplayers.com\\\/#organization\",\"name\":\"Mexican Guitar Players\",\"url\":\"https:\\\/\\\/www.mexicanguitarplayers.com\\\/\",\"logo\":{\"@type\":\"ImageObject\",\"inLanguage\":\"en-US\",\"@id\":\"https:\\\/\\\/www.mexicanguitarplayers.com\\\/#\\\/schema\\\/logo\\\/image\\\/\",\"url\":\"\",\"contentUrl\":\"\",\"caption\":\"Mexican Guitar Players\"},\"image\":{\"@id\":\"https:\\\/\\\/www.mexicanguitarplayers.com\\\/#\\\/schema\\\/logo\\\/image\\\/\"}}]}<\/script>\n<!-- \/ Yoast SEO plugin. -->","yoast_head_json":{"title":"LLAVE MEINL P\/BATERIA MOD. MBKT - Mexican Guitar Players","description":"LLAVE MEINL P\/BATERIA MOD. MBKT. Llave de afinaci\u00f3n para bater\u00eda, cuenta con el logotipo de Meinl y el logotipo de Byzance, terminado esta\u00f1ado antiguo, dise\u00f1o de ala ancha para facilitar ajustes en la afinaci\u00f3n y en los cambios de parches, agujero para llavero para adjuntar a tu juego de llaves diario.","robots":{"index":"index","follow":"follow","max-snippet":"max-snippet:-1","max-image-preview":"max-image-preview:large","max-video-preview":"max-video-preview:-1"},"canonical":"https:\/\/www.mexicanguitarplayers.com\/en\/tienda\/accesorios\/para-bateria\/llaves\/llave-meinl-p-bateria-mod-mbkt\/","og_locale":"en_US","og_type":"article","og_title":"LLAVE MEINL P\/BATERIA MOD. MBKT - Mexican Guitar Players","og_description":"LLAVE MEINL P\/BATERIA MOD. MBKT. Llave de afinaci\u00f3n para bater\u00eda, cuenta con el logotipo de Meinl y el logotipo de Byzance, terminado esta\u00f1ado antiguo, dise\u00f1o de ala ancha para facilitar ajustes en la afinaci\u00f3n y en los cambios de parches, agujero para llavero para adjuntar a tu juego de llaves diario.","og_url":"https:\/\/www.mexicanguitarplayers.com\/en\/tienda\/accesorios\/para-bateria\/llaves\/llave-meinl-p-bateria-mod-mbkt\/","og_site_name":"Mexican Guitar Players","article_modified_time":"2026-05-01T13:42:37+00:00","og_image":[{"width":1200,"height":1200,"url":"https:\/\/www.mexicanguitarplayers.com\/wp-content\/uploads\/2022\/08\/RAMEIMBKT.jpg","type":"image\/jpeg"}],"twitter_card":"summary_large_image","schema":{"@context":"https:\/\/schema.org","@graph":[{"@type":["WebPage","ItemPage"],"@id":"https:\/\/www.mexicanguitarplayers.com\/tienda\/accesorios\/para-bateria\/llaves\/llave-meinl-p-bateria-mod-mbkt\/","url":"https:\/\/www.mexicanguitarplayers.com\/tienda\/accesorios\/para-bateria\/llaves\/llave-meinl-p-bateria-mod-mbkt\/","name":"LLAVE MEINL P\/BATERIA MOD. MBKT - Mexican Guitar Players","isPartOf":{"@id":"https:\/\/www.mexicanguitarplayers.com\/#website"},"primaryImageOfPage":{"@id":"https:\/\/www.mexicanguitarplayers.com\/tienda\/accesorios\/para-bateria\/llaves\/llave-meinl-p-bateria-mod-mbkt\/#primaryimage"},"image":{"@id":"https:\/\/www.mexicanguitarplayers.com\/tienda\/accesorios\/para-bateria\/llaves\/llave-meinl-p-bateria-mod-mbkt\/#primaryimage"},"thumbnailUrl":"https:\/\/www.mexicanguitarplayers.com\/wp-content\/uploads\/2022\/08\/RAMEIMBKT.jpg","datePublished":"2022-08-18T15:05:53+00:00","dateModified":"2026-05-01T13:42:37+00:00","description":"LLAVE MEINL P\/BATERIA MOD. MBKT. Llave de afinaci\u00f3n para bater\u00eda, cuenta con el logotipo de Meinl y el logotipo de Byzance, terminado esta\u00f1ado antiguo, dise\u00f1o de ala ancha para facilitar ajustes en la afinaci\u00f3n y en los cambios de parches, agujero para llavero para adjuntar a tu juego de llaves diario.","breadcrumb":{"@id":"https:\/\/www.mexicanguitarplayers.com\/tienda\/accesorios\/para-bateria\/llaves\/llave-meinl-p-bateria-mod-mbkt\/#breadcrumb"},"inLanguage":"en-US","potentialAction":[{"@type":"ReadAction","target":["https:\/\/www.mexicanguitarplayers.com\/tienda\/accesorios\/para-bateria\/llaves\/llave-meinl-p-bateria-mod-mbkt\/"]}]},{"@type":"ImageObject","inLanguage":"en-US","@id":"https:\/\/www.mexicanguitarplayers.com\/tienda\/accesorios\/para-bateria\/llaves\/llave-meinl-p-bateria-mod-mbkt\/#primaryimage","url":"https:\/\/www.mexicanguitarplayers.com\/wp-content\/uploads\/2022\/08\/RAMEIMBKT.jpg","contentUrl":"https:\/\/www.mexicanguitarplayers.com\/wp-content\/uploads\/2022\/08\/RAMEIMBKT.jpg","width":1200,"height":1200},{"@type":"BreadcrumbList","@id":"https:\/\/www.mexicanguitarplayers.com\/tienda\/accesorios\/para-bateria\/llaves\/llave-meinl-p-bateria-mod-mbkt\/#breadcrumb","itemListElement":[{"@type":"ListItem","position":1,"name":"Portada","item":"https:\/\/www.mexicanguitarplayers.com\/"},{"@type":"ListItem","position":2,"name":"Tienda","item":"https:\/\/www.mexicanguitarplayers.com\/tienda\/"},{"@type":"ListItem","position":3,"name":"LLAVE MEINL P\/BATERIA MOD. MBKT"}]},{"@type":"WebSite","@id":"https:\/\/www.mexicanguitarplayers.com\/#website","url":"https:\/\/www.mexicanguitarplayers.com\/","name":"Mexican Guitar Players","description":"Website","publisher":{"@id":"https:\/\/www.mexicanguitarplayers.com\/#organization"},"potentialAction":[{"@type":"SearchAction","target":{"@type":"EntryPoint","urlTemplate":"https:\/\/www.mexicanguitarplayers.com\/?s={search_term_string}"},"query-input":{"@type":"PropertyValueSpecification","valueRequired":true,"valueName":"search_term_string"}}],"inLanguage":"en-US"},{"@type":"Organization","@id":"https:\/\/www.mexicanguitarplayers.com\/#organization","name":"Mexican Guitar Players","url":"https:\/\/www.mexicanguitarplayers.com\/","logo":{"@type":"ImageObject","inLanguage":"en-US","@id":"https:\/\/www.mexicanguitarplayers.com\/#\/schema\/logo\/image\/","url":"","contentUrl":"","caption":"Mexican Guitar Players"},"image":{"@id":"https:\/\/www.mexicanguitarplayers.com\/#\/schema\/logo\/image\/"}}]}},"brands":[{"id":290,"name":"MEINL","slug":"meinl"}],"_links":{"self":[{"href":"https:\/\/www.mexicanguitarplayers.com\/en\/wp-json\/wp\/v2\/product\/13420","targetHints":{"allow":["GET"]}}],"collection":[{"href":"https:\/\/www.mexicanguitarplayers.com\/en\/wp-json\/wp\/v2\/product"}],"about":[{"href":"https:\/\/www.mexicanguitarplayers.com\/en\/wp-json\/wp\/v2\/types\/product"}],"replies":[{"embeddable":true,"href":"https:\/\/www.mexicanguitarplayers.com\/en\/wp-json\/wp\/v2\/comments?post=13420"}],"wp:featuredmedia":[{"embeddable":true,"href":"https:\/\/www.mexicanguitarplayers.com\/en\/wp-json\/wp\/v2\/media\/13419"}],"wp:attachment":[{"href":"https:\/\/www.mexicanguitarplayers.com\/en\/wp-json\/wp\/v2\/media?parent=13420"}],"wp:term":[{"taxonomy":"pwb-brand","embeddable":true,"href":"https:\/\/www.mexicanguitarplayers.com\/en\/wp-json\/wp\/v2\/pwb-brand?post=13420"},{"taxonomy":"product_brand","embeddable":true,"href":"https:\/\/www.mexicanguitarplayers.com\/en\/wp-json\/wp\/v2\/product_brand?post=13420"},{"taxonomy":"product_cat","embeddable":true,"href":"https:\/\/www.mexicanguitarplayers.com\/en\/wp-json\/wp\/v2\/product_cat?post=13420"},{"taxonomy":"product_tag","embeddable":true,"href":"https:\/\/www.mexicanguitarplayers.com\/en\/wp-json\/wp\/v2\/product_tag?post=13420"}],"curies":[{"name":"wp","href":"https:\/\/api.w.org\/{rel}","templated":true}]}}