{"id":13512,"date":"2022-08-18T10:08:04","date_gmt":"2022-08-18T15:08:04","guid":{"rendered":"https:\/\/www.mexicanguitarplayers.com\/tienda\/sin%20categor\u00eda\/repuesto-meinl-p-practicador-pedal-mdppa\/"},"modified":"2026-04-10T05:11:49","modified_gmt":"2026-04-10T11:11:49","slug":"repuesto-meinl-p-practicador-pedal-mdppa","status":"publish","type":"product","link":"https:\/\/www.mexicanguitarplayers.com\/en\/tienda\/accesorios\/para-percusion\/hardware-para-percusion\/repuesto-meinl-p-practicador-pedal-mdppa\/","title":{"rendered":"MEINL SPARE PART P\/PRACTICER PEDAL MDPPA"},"content":{"rendered":"<div style=\"text-align: justify\">\n<div>\n<h3>MEINL SPARE PART P\/PRACTICER PEDAL MDPPA<\/h3>\n<\/div>\n<div>Replacement pad surface for Meinl&#039;s Dynamic Pedal Pad, for practice pad, works for single and double kick practice, use as a pedal stand to turn it into a practice pad, designed in conjunction with Benny Greb.<\/div>\n<\/div>","protected":false},"excerpt":{"rendered":"<p>Reemplazo de la superficie de pad para el pedal Dynamic Pedal Pad de Meinl, para pad de pr\u00e1ctica, funciona para practicar bombo sencillo y doble, \u00fasalo como soporte de pedal para convertirlo en un pad de pr\u00e1ctica, dise\u00f1ado en conjunto con Benny Greb.&hellip; <a class=\"kt-excerpt-readmore more-link\" href=\"https:\/\/www.mexicanguitarplayers.com\/en\/tienda\/accesorios\/para-percusion\/hardware-para-percusion\/repuesto-meinl-p-practicador-pedal-mdppa\/\">Read more<\/a><\/p>","protected":false},"featured_media":13507,"comment_status":"open","ping_status":"closed","template":"","meta":{"kt_blocks_editor_width":""},"pwb-brand":[290],"product_brand":[],"product_cat":[85,458,432],"product_tag":[],"class_list":{"0":"post-13512","1":"product","2":"type-product","3":"status-publish","4":"has-post-thumbnail","6":"pwb-brand-meinl","7":"product_cat-accesorios","8":"product_cat-hardware-para-percusion","9":"product_cat-para-percusion","10":"product_shipping_class-0-5-kg","12":"first","13":"outofstock","14":"taxable","15":"shipping-taxable","16":"purchasable","17":"product-type-simple"},"yoast_head":"<!-- This site is optimized with the Yoast SEO plugin v27.5 - https:\/\/yoast.com\/product\/yoast-seo-wordpress\/ -->\n<title>REPUESTO MEINL P\/PRACTICADOR PEDAL MDPPA - Mexican Guitar Players<\/title>\n<meta name=\"description\" content=\"REPUESTO MEINL P\/PRACTICADOR PEDAL MDPPA. Reemplazo de la superficie de pad para el pedal Dynamic Pedal Pad de Meinl, para pad de pr\u00e1ctica, funciona para practicar bombo sencillo y doble, \u00fasalo como soporte de pedal para convertirlo en un pad de pr\u00e1ctica, dise\u00f1ado en conjunto con Benny Greb.\" \/>\n<meta name=\"robots\" content=\"index, follow, max-snippet:-1, max-image-preview:large, max-video-preview:-1\" \/>\n<link rel=\"canonical\" href=\"https:\/\/www.mexicanguitarplayers.com\/en\/tienda\/accesorios\/para-percusion\/hardware-para-percusion\/repuesto-meinl-p-practicador-pedal-mdppa\/\" \/>\n<meta property=\"og:locale\" content=\"en_US\" \/>\n<meta property=\"og:type\" content=\"article\" \/>\n<meta property=\"og:title\" content=\"REPUESTO MEINL P\/PRACTICADOR PEDAL MDPPA - Mexican Guitar Players\" \/>\n<meta property=\"og:description\" content=\"REPUESTO MEINL P\/PRACTICADOR PEDAL MDPPA. Reemplazo de la superficie de pad para el pedal Dynamic Pedal Pad de Meinl, para pad de pr\u00e1ctica, funciona para practicar bombo sencillo y doble, \u00fasalo como soporte de pedal para convertirlo en un pad de pr\u00e1ctica, dise\u00f1ado en conjunto con Benny Greb.\" \/>\n<meta property=\"og:url\" content=\"https:\/\/www.mexicanguitarplayers.com\/en\/tienda\/accesorios\/para-percusion\/hardware-para-percusion\/repuesto-meinl-p-practicador-pedal-mdppa\/\" \/>\n<meta property=\"og:site_name\" content=\"Mexican Guitar Players\" \/>\n<meta property=\"article:modified_time\" content=\"2026-04-10T11:11:49+00:00\" \/>\n<meta property=\"og:image\" content=\"https:\/\/www.mexicanguitarplayers.com\/wp-content\/uploads\/2022\/08\/RAMEIMDPPA.jpg\" \/>\n\t<meta property=\"og:image:width\" content=\"1200\" \/>\n\t<meta property=\"og:image:height\" content=\"1200\" \/>\n\t<meta property=\"og:image:type\" content=\"image\/jpeg\" \/>\n<meta name=\"twitter:card\" content=\"summary_large_image\" \/>\n<script type=\"application\/ld+json\" class=\"yoast-schema-graph\">{\"@context\":\"https:\\\/\\\/schema.org\",\"@graph\":[{\"@type\":[\"WebPage\",\"ItemPage\"],\"@id\":\"https:\\\/\\\/www.mexicanguitarplayers.com\\\/tienda\\\/accesorios\\\/para-percusion\\\/hardware-para-percusion\\\/repuesto-meinl-p-practicador-pedal-mdppa\\\/\",\"url\":\"https:\\\/\\\/www.mexicanguitarplayers.com\\\/tienda\\\/accesorios\\\/para-percusion\\\/hardware-para-percusion\\\/repuesto-meinl-p-practicador-pedal-mdppa\\\/\",\"name\":\"REPUESTO MEINL P\\\/PRACTICADOR PEDAL MDPPA - Mexican Guitar Players\",\"isPartOf\":{\"@id\":\"https:\\\/\\\/www.mexicanguitarplayers.com\\\/#website\"},\"primaryImageOfPage\":{\"@id\":\"https:\\\/\\\/www.mexicanguitarplayers.com\\\/tienda\\\/accesorios\\\/para-percusion\\\/hardware-para-percusion\\\/repuesto-meinl-p-practicador-pedal-mdppa\\\/#primaryimage\"},\"image\":{\"@id\":\"https:\\\/\\\/www.mexicanguitarplayers.com\\\/tienda\\\/accesorios\\\/para-percusion\\\/hardware-para-percusion\\\/repuesto-meinl-p-practicador-pedal-mdppa\\\/#primaryimage\"},\"thumbnailUrl\":\"https:\\\/\\\/www.mexicanguitarplayers.com\\\/wp-content\\\/uploads\\\/2022\\\/08\\\/RAMEIMDPPA.jpg\",\"datePublished\":\"2022-08-18T15:08:04+00:00\",\"dateModified\":\"2026-04-10T11:11:49+00:00\",\"description\":\"REPUESTO MEINL P\\\/PRACTICADOR PEDAL MDPPA. Reemplazo de la superficie de pad para el pedal Dynamic Pedal Pad de Meinl, para pad de pr\u00e1ctica, funciona para practicar bombo sencillo y doble, \u00fasalo como soporte de pedal para convertirlo en un pad de pr\u00e1ctica, dise\u00f1ado en conjunto con Benny Greb.\",\"breadcrumb\":{\"@id\":\"https:\\\/\\\/www.mexicanguitarplayers.com\\\/tienda\\\/accesorios\\\/para-percusion\\\/hardware-para-percusion\\\/repuesto-meinl-p-practicador-pedal-mdppa\\\/#breadcrumb\"},\"inLanguage\":\"en-US\",\"potentialAction\":[{\"@type\":\"ReadAction\",\"target\":[\"https:\\\/\\\/www.mexicanguitarplayers.com\\\/tienda\\\/accesorios\\\/para-percusion\\\/hardware-para-percusion\\\/repuesto-meinl-p-practicador-pedal-mdppa\\\/\"]}]},{\"@type\":\"ImageObject\",\"inLanguage\":\"en-US\",\"@id\":\"https:\\\/\\\/www.mexicanguitarplayers.com\\\/tienda\\\/accesorios\\\/para-percusion\\\/hardware-para-percusion\\\/repuesto-meinl-p-practicador-pedal-mdppa\\\/#primaryimage\",\"url\":\"https:\\\/\\\/www.mexicanguitarplayers.com\\\/wp-content\\\/uploads\\\/2022\\\/08\\\/RAMEIMDPPA.jpg\",\"contentUrl\":\"https:\\\/\\\/www.mexicanguitarplayers.com\\\/wp-content\\\/uploads\\\/2022\\\/08\\\/RAMEIMDPPA.jpg\",\"width\":1200,\"height\":1200},{\"@type\":\"BreadcrumbList\",\"@id\":\"https:\\\/\\\/www.mexicanguitarplayers.com\\\/tienda\\\/accesorios\\\/para-percusion\\\/hardware-para-percusion\\\/repuesto-meinl-p-practicador-pedal-mdppa\\\/#breadcrumb\",\"itemListElement\":[{\"@type\":\"ListItem\",\"position\":1,\"name\":\"Portada\",\"item\":\"https:\\\/\\\/www.mexicanguitarplayers.com\\\/\"},{\"@type\":\"ListItem\",\"position\":2,\"name\":\"Tienda\",\"item\":\"https:\\\/\\\/www.mexicanguitarplayers.com\\\/tienda\\\/\"},{\"@type\":\"ListItem\",\"position\":3,\"name\":\"REPUESTO MEINL P\\\/PRACTICADOR PEDAL MDPPA\"}]},{\"@type\":\"WebSite\",\"@id\":\"https:\\\/\\\/www.mexicanguitarplayers.com\\\/#website\",\"url\":\"https:\\\/\\\/www.mexicanguitarplayers.com\\\/\",\"name\":\"Mexican Guitar Players\",\"description\":\"Website\",\"publisher\":{\"@id\":\"https:\\\/\\\/www.mexicanguitarplayers.com\\\/#organization\"},\"potentialAction\":[{\"@type\":\"SearchAction\",\"target\":{\"@type\":\"EntryPoint\",\"urlTemplate\":\"https:\\\/\\\/www.mexicanguitarplayers.com\\\/?s={search_term_string}\"},\"query-input\":{\"@type\":\"PropertyValueSpecification\",\"valueRequired\":true,\"valueName\":\"search_term_string\"}}],\"inLanguage\":\"en-US\"},{\"@type\":\"Organization\",\"@id\":\"https:\\\/\\\/www.mexicanguitarplayers.com\\\/#organization\",\"name\":\"Mexican Guitar Players\",\"url\":\"https:\\\/\\\/www.mexicanguitarplayers.com\\\/\",\"logo\":{\"@type\":\"ImageObject\",\"inLanguage\":\"en-US\",\"@id\":\"https:\\\/\\\/www.mexicanguitarplayers.com\\\/#\\\/schema\\\/logo\\\/image\\\/\",\"url\":\"\",\"contentUrl\":\"\",\"caption\":\"Mexican Guitar Players\"},\"image\":{\"@id\":\"https:\\\/\\\/www.mexicanguitarplayers.com\\\/#\\\/schema\\\/logo\\\/image\\\/\"}}]}<\/script>\n<!-- \/ Yoast SEO plugin. -->","yoast_head_json":{"title":"REPUESTO MEINL P\/PRACTICADOR PEDAL MDPPA - Mexican Guitar Players","description":"REPUESTO MEINL P\/PRACTICADOR PEDAL MDPPA. Reemplazo de la superficie de pad para el pedal Dynamic Pedal Pad de Meinl, para pad de pr\u00e1ctica, funciona para practicar bombo sencillo y doble, \u00fasalo como soporte de pedal para convertirlo en un pad de pr\u00e1ctica, dise\u00f1ado en conjunto con Benny Greb.","robots":{"index":"index","follow":"follow","max-snippet":"max-snippet:-1","max-image-preview":"max-image-preview:large","max-video-preview":"max-video-preview:-1"},"canonical":"https:\/\/www.mexicanguitarplayers.com\/en\/tienda\/accesorios\/para-percusion\/hardware-para-percusion\/repuesto-meinl-p-practicador-pedal-mdppa\/","og_locale":"en_US","og_type":"article","og_title":"REPUESTO MEINL P\/PRACTICADOR PEDAL MDPPA - Mexican Guitar Players","og_description":"REPUESTO MEINL P\/PRACTICADOR PEDAL MDPPA. Reemplazo de la superficie de pad para el pedal Dynamic Pedal Pad de Meinl, para pad de pr\u00e1ctica, funciona para practicar bombo sencillo y doble, \u00fasalo como soporte de pedal para convertirlo en un pad de pr\u00e1ctica, dise\u00f1ado en conjunto con Benny Greb.","og_url":"https:\/\/www.mexicanguitarplayers.com\/en\/tienda\/accesorios\/para-percusion\/hardware-para-percusion\/repuesto-meinl-p-practicador-pedal-mdppa\/","og_site_name":"Mexican Guitar Players","article_modified_time":"2026-04-10T11:11:49+00:00","og_image":[{"width":1200,"height":1200,"url":"https:\/\/www.mexicanguitarplayers.com\/wp-content\/uploads\/2022\/08\/RAMEIMDPPA.jpg","type":"image\/jpeg"}],"twitter_card":"summary_large_image","schema":{"@context":"https:\/\/schema.org","@graph":[{"@type":["WebPage","ItemPage"],"@id":"https:\/\/www.mexicanguitarplayers.com\/tienda\/accesorios\/para-percusion\/hardware-para-percusion\/repuesto-meinl-p-practicador-pedal-mdppa\/","url":"https:\/\/www.mexicanguitarplayers.com\/tienda\/accesorios\/para-percusion\/hardware-para-percusion\/repuesto-meinl-p-practicador-pedal-mdppa\/","name":"REPUESTO MEINL P\/PRACTICADOR PEDAL MDPPA - Mexican Guitar Players","isPartOf":{"@id":"https:\/\/www.mexicanguitarplayers.com\/#website"},"primaryImageOfPage":{"@id":"https:\/\/www.mexicanguitarplayers.com\/tienda\/accesorios\/para-percusion\/hardware-para-percusion\/repuesto-meinl-p-practicador-pedal-mdppa\/#primaryimage"},"image":{"@id":"https:\/\/www.mexicanguitarplayers.com\/tienda\/accesorios\/para-percusion\/hardware-para-percusion\/repuesto-meinl-p-practicador-pedal-mdppa\/#primaryimage"},"thumbnailUrl":"https:\/\/www.mexicanguitarplayers.com\/wp-content\/uploads\/2022\/08\/RAMEIMDPPA.jpg","datePublished":"2022-08-18T15:08:04+00:00","dateModified":"2026-04-10T11:11:49+00:00","description":"REPUESTO MEINL P\/PRACTICADOR PEDAL MDPPA. Reemplazo de la superficie de pad para el pedal Dynamic Pedal Pad de Meinl, para pad de pr\u00e1ctica, funciona para practicar bombo sencillo y doble, \u00fasalo como soporte de pedal para convertirlo en un pad de pr\u00e1ctica, dise\u00f1ado en conjunto con Benny Greb.","breadcrumb":{"@id":"https:\/\/www.mexicanguitarplayers.com\/tienda\/accesorios\/para-percusion\/hardware-para-percusion\/repuesto-meinl-p-practicador-pedal-mdppa\/#breadcrumb"},"inLanguage":"en-US","potentialAction":[{"@type":"ReadAction","target":["https:\/\/www.mexicanguitarplayers.com\/tienda\/accesorios\/para-percusion\/hardware-para-percusion\/repuesto-meinl-p-practicador-pedal-mdppa\/"]}]},{"@type":"ImageObject","inLanguage":"en-US","@id":"https:\/\/www.mexicanguitarplayers.com\/tienda\/accesorios\/para-percusion\/hardware-para-percusion\/repuesto-meinl-p-practicador-pedal-mdppa\/#primaryimage","url":"https:\/\/www.mexicanguitarplayers.com\/wp-content\/uploads\/2022\/08\/RAMEIMDPPA.jpg","contentUrl":"https:\/\/www.mexicanguitarplayers.com\/wp-content\/uploads\/2022\/08\/RAMEIMDPPA.jpg","width":1200,"height":1200},{"@type":"BreadcrumbList","@id":"https:\/\/www.mexicanguitarplayers.com\/tienda\/accesorios\/para-percusion\/hardware-para-percusion\/repuesto-meinl-p-practicador-pedal-mdppa\/#breadcrumb","itemListElement":[{"@type":"ListItem","position":1,"name":"Portada","item":"https:\/\/www.mexicanguitarplayers.com\/"},{"@type":"ListItem","position":2,"name":"Tienda","item":"https:\/\/www.mexicanguitarplayers.com\/tienda\/"},{"@type":"ListItem","position":3,"name":"REPUESTO MEINL P\/PRACTICADOR PEDAL MDPPA"}]},{"@type":"WebSite","@id":"https:\/\/www.mexicanguitarplayers.com\/#website","url":"https:\/\/www.mexicanguitarplayers.com\/","name":"Mexican Guitar Players","description":"Website","publisher":{"@id":"https:\/\/www.mexicanguitarplayers.com\/#organization"},"potentialAction":[{"@type":"SearchAction","target":{"@type":"EntryPoint","urlTemplate":"https:\/\/www.mexicanguitarplayers.com\/?s={search_term_string}"},"query-input":{"@type":"PropertyValueSpecification","valueRequired":true,"valueName":"search_term_string"}}],"inLanguage":"en-US"},{"@type":"Organization","@id":"https:\/\/www.mexicanguitarplayers.com\/#organization","name":"Mexican Guitar Players","url":"https:\/\/www.mexicanguitarplayers.com\/","logo":{"@type":"ImageObject","inLanguage":"en-US","@id":"https:\/\/www.mexicanguitarplayers.com\/#\/schema\/logo\/image\/","url":"","contentUrl":"","caption":"Mexican Guitar Players"},"image":{"@id":"https:\/\/www.mexicanguitarplayers.com\/#\/schema\/logo\/image\/"}}]}},"brands":[{"id":290,"name":"MEINL","slug":"meinl"}],"_links":{"self":[{"href":"https:\/\/www.mexicanguitarplayers.com\/en\/wp-json\/wp\/v2\/product\/13512","targetHints":{"allow":["GET"]}}],"collection":[{"href":"https:\/\/www.mexicanguitarplayers.com\/en\/wp-json\/wp\/v2\/product"}],"about":[{"href":"https:\/\/www.mexicanguitarplayers.com\/en\/wp-json\/wp\/v2\/types\/product"}],"replies":[{"embeddable":true,"href":"https:\/\/www.mexicanguitarplayers.com\/en\/wp-json\/wp\/v2\/comments?post=13512"}],"wp:featuredmedia":[{"embeddable":true,"href":"https:\/\/www.mexicanguitarplayers.com\/en\/wp-json\/wp\/v2\/media\/13507"}],"wp:attachment":[{"href":"https:\/\/www.mexicanguitarplayers.com\/en\/wp-json\/wp\/v2\/media?parent=13512"}],"wp:term":[{"taxonomy":"pwb-brand","embeddable":true,"href":"https:\/\/www.mexicanguitarplayers.com\/en\/wp-json\/wp\/v2\/pwb-brand?post=13512"},{"taxonomy":"product_brand","embeddable":true,"href":"https:\/\/www.mexicanguitarplayers.com\/en\/wp-json\/wp\/v2\/product_brand?post=13512"},{"taxonomy":"product_cat","embeddable":true,"href":"https:\/\/www.mexicanguitarplayers.com\/en\/wp-json\/wp\/v2\/product_cat?post=13512"},{"taxonomy":"product_tag","embeddable":true,"href":"https:\/\/www.mexicanguitarplayers.com\/en\/wp-json\/wp\/v2\/product_tag?post=13512"}],"curies":[{"name":"wp","href":"https:\/\/api.w.org\/{rel}","templated":true}]}}