{"id":13575,"date":"2022-08-18T10:11:00","date_gmt":"2022-08-18T15:11:00","guid":{"rendered":"https:\/\/www.mexicanguitarplayers.com\/tienda\/sin%20categor\u00eda\/abrazadera-meinl-p-mic-cajon-mod-mpmcc\/"},"modified":"2026-01-01T08:28:30","modified_gmt":"2026-01-01T14:28:30","slug":"abrazadera-meinl-p-mic-cajon-mod-mpmcc","status":"publish","type":"product","link":"https:\/\/www.mexicanguitarplayers.com\/en\/tienda\/accesorios\/stands\/para-microfono\/abrazadera-meinl-p-mic-cajon-mod-mpmcc\/","title":{"rendered":"MEINL P\/MIC CLAMP. DRAWER MOD. MPMCC"},"content":{"rendered":"<div style=\"text-align: justify\">\n<div>\n<h3>MEINL P\/MIC CLAMP. DRAWER MOD. MPMCC<\/h3>\n<\/div>\n<div>Cajon Mic Stand - Solid Steel Frame for Maximum Durability - Adjustable Clamping Mechanism Compatible with All Common Cajon Sound Ports - Foam Padding Ensures Quiet Recording and Protects Your Cajon Finish - Sliding Mount Swings fits all conventional microphone types, weight: 250 g.<\/div>\n<\/div>","protected":false},"excerpt":{"rendered":"<p>Soporte de micr\u00f3fono para caj\u00f3n, marco de acero s\u00f3lido para una m\u00e1xima durabilidad, mecanismo de sujeci\u00f3n ajustable compatible con todos los puertos de sonido de caj\u00f3n comunes, acolchado de espuma que garantiza una grabaci\u00f3n silenciosa y protege el terminado de tu caj\u00f3n, soporte deslizante que se adapta a todos los tipos de micr\u00f3fono convencionales, peso: 250 g.&hellip; <a class=\"kt-excerpt-readmore more-link\" href=\"https:\/\/www.mexicanguitarplayers.com\/en\/tienda\/accesorios\/stands\/para-microfono\/abrazadera-meinl-p-mic-cajon-mod-mpmcc\/\">Read more<\/a><\/p>","protected":false},"featured_media":13574,"comment_status":"open","ping_status":"closed","template":"","meta":{"kt_blocks_editor_width":""},"pwb-brand":[290],"product_brand":[],"product_cat":[85,464,416],"product_tag":[],"class_list":{"0":"post-13575","1":"product","2":"type-product","3":"status-publish","4":"has-post-thumbnail","6":"pwb-brand-meinl","7":"product_cat-accesorios","8":"product_cat-para-microfono","9":"product_cat-stands","10":"product_shipping_class-0-5-kg","12":"first","13":"instock","14":"taxable","15":"shipping-taxable","16":"purchasable","17":"product-type-simple"},"yoast_head":"<!-- This site is optimized with the Yoast SEO plugin v27.3 - https:\/\/yoast.com\/product\/yoast-seo-wordpress\/ -->\n<title>ABRAZADERA MEINL P\/MIC. CAJON MOD. MPMCC - Mexican Guitar Players<\/title>\n<meta name=\"description\" content=\"ABRAZADERA MEINL P\/MIC. CAJON MOD. MPMCC. Soporte de micr\u00f3fono para caj\u00f3n, marco de acero s\u00f3lido para una m\u00e1xima durabilidad, mecanismo de sujeci\u00f3n ajustable compatible con todos los puertos de sonido de caj\u00f3n comunes, acolchado de espuma que garantiza una grabaci\u00f3n silenciosa y protege el terminado de tu caj\u00f3n, soporte deslizante que se adapta a todos los tipos de micr\u00f3fono convencionales, peso: 250 g.\" \/>\n<meta name=\"robots\" content=\"index, follow, max-snippet:-1, max-image-preview:large, max-video-preview:-1\" \/>\n<link rel=\"canonical\" href=\"https:\/\/www.mexicanguitarplayers.com\/en\/tienda\/accesorios\/stands\/para-microfono\/abrazadera-meinl-p-mic-cajon-mod-mpmcc\/\" \/>\n<meta property=\"og:locale\" content=\"en_US\" \/>\n<meta property=\"og:type\" content=\"article\" \/>\n<meta property=\"og:title\" content=\"ABRAZADERA MEINL P\/MIC. CAJON MOD. MPMCC - Mexican Guitar Players\" \/>\n<meta property=\"og:description\" content=\"ABRAZADERA MEINL P\/MIC. CAJON MOD. MPMCC. Soporte de micr\u00f3fono para caj\u00f3n, marco de acero s\u00f3lido para una m\u00e1xima durabilidad, mecanismo de sujeci\u00f3n ajustable compatible con todos los puertos de sonido de caj\u00f3n comunes, acolchado de espuma que garantiza una grabaci\u00f3n silenciosa y protege el terminado de tu caj\u00f3n, soporte deslizante que se adapta a todos los tipos de micr\u00f3fono convencionales, peso: 250 g.\" \/>\n<meta property=\"og:url\" content=\"https:\/\/www.mexicanguitarplayers.com\/en\/tienda\/accesorios\/stands\/para-microfono\/abrazadera-meinl-p-mic-cajon-mod-mpmcc\/\" \/>\n<meta property=\"og:site_name\" content=\"Mexican Guitar Players\" \/>\n<meta property=\"article:modified_time\" content=\"2026-01-01T14:28:30+00:00\" \/>\n<meta property=\"og:image\" content=\"https:\/\/www.mexicanguitarplayers.com\/wp-content\/uploads\/2022\/08\/RAMEIMPMCC.jpg\" \/>\n\t<meta property=\"og:image:width\" content=\"1600\" \/>\n\t<meta property=\"og:image:height\" content=\"800\" \/>\n\t<meta property=\"og:image:type\" content=\"image\/jpeg\" \/>\n<meta name=\"twitter:card\" content=\"summary_large_image\" \/>\n<script type=\"application\/ld+json\" class=\"yoast-schema-graph\">{\"@context\":\"https:\\\/\\\/schema.org\",\"@graph\":[{\"@type\":[\"WebPage\",\"ItemPage\"],\"@id\":\"https:\\\/\\\/www.mexicanguitarplayers.com\\\/tienda\\\/accesorios\\\/stands\\\/para-microfono\\\/abrazadera-meinl-p-mic-cajon-mod-mpmcc\\\/\",\"url\":\"https:\\\/\\\/www.mexicanguitarplayers.com\\\/tienda\\\/accesorios\\\/stands\\\/para-microfono\\\/abrazadera-meinl-p-mic-cajon-mod-mpmcc\\\/\",\"name\":\"ABRAZADERA MEINL P\\\/MIC. CAJON MOD. MPMCC - Mexican Guitar Players\",\"isPartOf\":{\"@id\":\"https:\\\/\\\/www.mexicanguitarplayers.com\\\/#website\"},\"primaryImageOfPage\":{\"@id\":\"https:\\\/\\\/www.mexicanguitarplayers.com\\\/tienda\\\/accesorios\\\/stands\\\/para-microfono\\\/abrazadera-meinl-p-mic-cajon-mod-mpmcc\\\/#primaryimage\"},\"image\":{\"@id\":\"https:\\\/\\\/www.mexicanguitarplayers.com\\\/tienda\\\/accesorios\\\/stands\\\/para-microfono\\\/abrazadera-meinl-p-mic-cajon-mod-mpmcc\\\/#primaryimage\"},\"thumbnailUrl\":\"https:\\\/\\\/www.mexicanguitarplayers.com\\\/wp-content\\\/uploads\\\/2022\\\/08\\\/RAMEIMPMCC.jpg\",\"datePublished\":\"2022-08-18T15:11:00+00:00\",\"dateModified\":\"2026-01-01T14:28:30+00:00\",\"description\":\"ABRAZADERA MEINL P\\\/MIC. CAJON MOD. MPMCC. Soporte de micr\u00f3fono para caj\u00f3n, marco de acero s\u00f3lido para una m\u00e1xima durabilidad, mecanismo de sujeci\u00f3n ajustable compatible con todos los puertos de sonido de caj\u00f3n comunes, acolchado de espuma que garantiza una grabaci\u00f3n silenciosa y protege el terminado de tu caj\u00f3n, soporte deslizante que se adapta a todos los tipos de micr\u00f3fono convencionales, peso: 250 g.\",\"breadcrumb\":{\"@id\":\"https:\\\/\\\/www.mexicanguitarplayers.com\\\/tienda\\\/accesorios\\\/stands\\\/para-microfono\\\/abrazadera-meinl-p-mic-cajon-mod-mpmcc\\\/#breadcrumb\"},\"inLanguage\":\"en-US\",\"potentialAction\":[{\"@type\":\"ReadAction\",\"target\":[\"https:\\\/\\\/www.mexicanguitarplayers.com\\\/tienda\\\/accesorios\\\/stands\\\/para-microfono\\\/abrazadera-meinl-p-mic-cajon-mod-mpmcc\\\/\"]}]},{\"@type\":\"ImageObject\",\"inLanguage\":\"en-US\",\"@id\":\"https:\\\/\\\/www.mexicanguitarplayers.com\\\/tienda\\\/accesorios\\\/stands\\\/para-microfono\\\/abrazadera-meinl-p-mic-cajon-mod-mpmcc\\\/#primaryimage\",\"url\":\"https:\\\/\\\/www.mexicanguitarplayers.com\\\/wp-content\\\/uploads\\\/2022\\\/08\\\/RAMEIMPMCC.jpg\",\"contentUrl\":\"https:\\\/\\\/www.mexicanguitarplayers.com\\\/wp-content\\\/uploads\\\/2022\\\/08\\\/RAMEIMPMCC.jpg\",\"width\":1600,\"height\":800},{\"@type\":\"BreadcrumbList\",\"@id\":\"https:\\\/\\\/www.mexicanguitarplayers.com\\\/tienda\\\/accesorios\\\/stands\\\/para-microfono\\\/abrazadera-meinl-p-mic-cajon-mod-mpmcc\\\/#breadcrumb\",\"itemListElement\":[{\"@type\":\"ListItem\",\"position\":1,\"name\":\"Portada\",\"item\":\"https:\\\/\\\/www.mexicanguitarplayers.com\\\/\"},{\"@type\":\"ListItem\",\"position\":2,\"name\":\"Tienda\",\"item\":\"https:\\\/\\\/www.mexicanguitarplayers.com\\\/tienda\\\/\"},{\"@type\":\"ListItem\",\"position\":3,\"name\":\"ABRAZADERA MEINL P\\\/MIC. CAJON MOD. MPMCC\"}]},{\"@type\":\"WebSite\",\"@id\":\"https:\\\/\\\/www.mexicanguitarplayers.com\\\/#website\",\"url\":\"https:\\\/\\\/www.mexicanguitarplayers.com\\\/\",\"name\":\"Mexican Guitar Players\",\"description\":\"Website\",\"publisher\":{\"@id\":\"https:\\\/\\\/www.mexicanguitarplayers.com\\\/#organization\"},\"potentialAction\":[{\"@type\":\"SearchAction\",\"target\":{\"@type\":\"EntryPoint\",\"urlTemplate\":\"https:\\\/\\\/www.mexicanguitarplayers.com\\\/?s={search_term_string}\"},\"query-input\":{\"@type\":\"PropertyValueSpecification\",\"valueRequired\":true,\"valueName\":\"search_term_string\"}}],\"inLanguage\":\"en-US\"},{\"@type\":\"Organization\",\"@id\":\"https:\\\/\\\/www.mexicanguitarplayers.com\\\/#organization\",\"name\":\"Mexican Guitar Players\",\"url\":\"https:\\\/\\\/www.mexicanguitarplayers.com\\\/\",\"logo\":{\"@type\":\"ImageObject\",\"inLanguage\":\"en-US\",\"@id\":\"https:\\\/\\\/www.mexicanguitarplayers.com\\\/#\\\/schema\\\/logo\\\/image\\\/\",\"url\":\"\",\"contentUrl\":\"\",\"caption\":\"Mexican Guitar Players\"},\"image\":{\"@id\":\"https:\\\/\\\/www.mexicanguitarplayers.com\\\/#\\\/schema\\\/logo\\\/image\\\/\"}}]}<\/script>\n<!-- \/ Yoast SEO plugin. -->","yoast_head_json":{"title":"ABRAZADERA MEINL P\/MIC. CAJON MOD. MPMCC - Mexican Guitar Players","description":"ABRAZADERA MEINL P\/MIC. CAJON MOD. MPMCC. Soporte de micr\u00f3fono para caj\u00f3n, marco de acero s\u00f3lido para una m\u00e1xima durabilidad, mecanismo de sujeci\u00f3n ajustable compatible con todos los puertos de sonido de caj\u00f3n comunes, acolchado de espuma que garantiza una grabaci\u00f3n silenciosa y protege el terminado de tu caj\u00f3n, soporte deslizante que se adapta a todos los tipos de micr\u00f3fono convencionales, peso: 250 g.","robots":{"index":"index","follow":"follow","max-snippet":"max-snippet:-1","max-image-preview":"max-image-preview:large","max-video-preview":"max-video-preview:-1"},"canonical":"https:\/\/www.mexicanguitarplayers.com\/en\/tienda\/accesorios\/stands\/para-microfono\/abrazadera-meinl-p-mic-cajon-mod-mpmcc\/","og_locale":"en_US","og_type":"article","og_title":"ABRAZADERA MEINL P\/MIC. CAJON MOD. MPMCC - Mexican Guitar Players","og_description":"ABRAZADERA MEINL P\/MIC. CAJON MOD. MPMCC. Soporte de micr\u00f3fono para caj\u00f3n, marco de acero s\u00f3lido para una m\u00e1xima durabilidad, mecanismo de sujeci\u00f3n ajustable compatible con todos los puertos de sonido de caj\u00f3n comunes, acolchado de espuma que garantiza una grabaci\u00f3n silenciosa y protege el terminado de tu caj\u00f3n, soporte deslizante que se adapta a todos los tipos de micr\u00f3fono convencionales, peso: 250 g.","og_url":"https:\/\/www.mexicanguitarplayers.com\/en\/tienda\/accesorios\/stands\/para-microfono\/abrazadera-meinl-p-mic-cajon-mod-mpmcc\/","og_site_name":"Mexican Guitar Players","article_modified_time":"2026-01-01T14:28:30+00:00","og_image":[{"width":1600,"height":800,"url":"https:\/\/www.mexicanguitarplayers.com\/wp-content\/uploads\/2022\/08\/RAMEIMPMCC.jpg","type":"image\/jpeg"}],"twitter_card":"summary_large_image","schema":{"@context":"https:\/\/schema.org","@graph":[{"@type":["WebPage","ItemPage"],"@id":"https:\/\/www.mexicanguitarplayers.com\/tienda\/accesorios\/stands\/para-microfono\/abrazadera-meinl-p-mic-cajon-mod-mpmcc\/","url":"https:\/\/www.mexicanguitarplayers.com\/tienda\/accesorios\/stands\/para-microfono\/abrazadera-meinl-p-mic-cajon-mod-mpmcc\/","name":"ABRAZADERA MEINL P\/MIC. CAJON MOD. MPMCC - Mexican Guitar Players","isPartOf":{"@id":"https:\/\/www.mexicanguitarplayers.com\/#website"},"primaryImageOfPage":{"@id":"https:\/\/www.mexicanguitarplayers.com\/tienda\/accesorios\/stands\/para-microfono\/abrazadera-meinl-p-mic-cajon-mod-mpmcc\/#primaryimage"},"image":{"@id":"https:\/\/www.mexicanguitarplayers.com\/tienda\/accesorios\/stands\/para-microfono\/abrazadera-meinl-p-mic-cajon-mod-mpmcc\/#primaryimage"},"thumbnailUrl":"https:\/\/www.mexicanguitarplayers.com\/wp-content\/uploads\/2022\/08\/RAMEIMPMCC.jpg","datePublished":"2022-08-18T15:11:00+00:00","dateModified":"2026-01-01T14:28:30+00:00","description":"ABRAZADERA MEINL P\/MIC. CAJON MOD. MPMCC. Soporte de micr\u00f3fono para caj\u00f3n, marco de acero s\u00f3lido para una m\u00e1xima durabilidad, mecanismo de sujeci\u00f3n ajustable compatible con todos los puertos de sonido de caj\u00f3n comunes, acolchado de espuma que garantiza una grabaci\u00f3n silenciosa y protege el terminado de tu caj\u00f3n, soporte deslizante que se adapta a todos los tipos de micr\u00f3fono convencionales, peso: 250 g.","breadcrumb":{"@id":"https:\/\/www.mexicanguitarplayers.com\/tienda\/accesorios\/stands\/para-microfono\/abrazadera-meinl-p-mic-cajon-mod-mpmcc\/#breadcrumb"},"inLanguage":"en-US","potentialAction":[{"@type":"ReadAction","target":["https:\/\/www.mexicanguitarplayers.com\/tienda\/accesorios\/stands\/para-microfono\/abrazadera-meinl-p-mic-cajon-mod-mpmcc\/"]}]},{"@type":"ImageObject","inLanguage":"en-US","@id":"https:\/\/www.mexicanguitarplayers.com\/tienda\/accesorios\/stands\/para-microfono\/abrazadera-meinl-p-mic-cajon-mod-mpmcc\/#primaryimage","url":"https:\/\/www.mexicanguitarplayers.com\/wp-content\/uploads\/2022\/08\/RAMEIMPMCC.jpg","contentUrl":"https:\/\/www.mexicanguitarplayers.com\/wp-content\/uploads\/2022\/08\/RAMEIMPMCC.jpg","width":1600,"height":800},{"@type":"BreadcrumbList","@id":"https:\/\/www.mexicanguitarplayers.com\/tienda\/accesorios\/stands\/para-microfono\/abrazadera-meinl-p-mic-cajon-mod-mpmcc\/#breadcrumb","itemListElement":[{"@type":"ListItem","position":1,"name":"Portada","item":"https:\/\/www.mexicanguitarplayers.com\/"},{"@type":"ListItem","position":2,"name":"Tienda","item":"https:\/\/www.mexicanguitarplayers.com\/tienda\/"},{"@type":"ListItem","position":3,"name":"ABRAZADERA MEINL P\/MIC. CAJON MOD. MPMCC"}]},{"@type":"WebSite","@id":"https:\/\/www.mexicanguitarplayers.com\/#website","url":"https:\/\/www.mexicanguitarplayers.com\/","name":"Mexican Guitar Players","description":"Website","publisher":{"@id":"https:\/\/www.mexicanguitarplayers.com\/#organization"},"potentialAction":[{"@type":"SearchAction","target":{"@type":"EntryPoint","urlTemplate":"https:\/\/www.mexicanguitarplayers.com\/?s={search_term_string}"},"query-input":{"@type":"PropertyValueSpecification","valueRequired":true,"valueName":"search_term_string"}}],"inLanguage":"en-US"},{"@type":"Organization","@id":"https:\/\/www.mexicanguitarplayers.com\/#organization","name":"Mexican Guitar Players","url":"https:\/\/www.mexicanguitarplayers.com\/","logo":{"@type":"ImageObject","inLanguage":"en-US","@id":"https:\/\/www.mexicanguitarplayers.com\/#\/schema\/logo\/image\/","url":"","contentUrl":"","caption":"Mexican Guitar Players"},"image":{"@id":"https:\/\/www.mexicanguitarplayers.com\/#\/schema\/logo\/image\/"}}]}},"brands":[{"id":290,"name":"MEINL","slug":"meinl"}],"_links":{"self":[{"href":"https:\/\/www.mexicanguitarplayers.com\/en\/wp-json\/wp\/v2\/product\/13575","targetHints":{"allow":["GET"]}}],"collection":[{"href":"https:\/\/www.mexicanguitarplayers.com\/en\/wp-json\/wp\/v2\/product"}],"about":[{"href":"https:\/\/www.mexicanguitarplayers.com\/en\/wp-json\/wp\/v2\/types\/product"}],"replies":[{"embeddable":true,"href":"https:\/\/www.mexicanguitarplayers.com\/en\/wp-json\/wp\/v2\/comments?post=13575"}],"wp:featuredmedia":[{"embeddable":true,"href":"https:\/\/www.mexicanguitarplayers.com\/en\/wp-json\/wp\/v2\/media\/13574"}],"wp:attachment":[{"href":"https:\/\/www.mexicanguitarplayers.com\/en\/wp-json\/wp\/v2\/media?parent=13575"}],"wp:term":[{"taxonomy":"pwb-brand","embeddable":true,"href":"https:\/\/www.mexicanguitarplayers.com\/en\/wp-json\/wp\/v2\/pwb-brand?post=13575"},{"taxonomy":"product_brand","embeddable":true,"href":"https:\/\/www.mexicanguitarplayers.com\/en\/wp-json\/wp\/v2\/product_brand?post=13575"},{"taxonomy":"product_cat","embeddable":true,"href":"https:\/\/www.mexicanguitarplayers.com\/en\/wp-json\/wp\/v2\/product_cat?post=13575"},{"taxonomy":"product_tag","embeddable":true,"href":"https:\/\/www.mexicanguitarplayers.com\/en\/wp-json\/wp\/v2\/product_tag?post=13575"}],"curies":[{"name":"wp","href":"https:\/\/api.w.org\/{rel}","templated":true}]}}