{"id":13818,"date":"2022-08-18T14:51:33","date_gmt":"2022-08-18T19:51:33","guid":{"rendered":"https:\/\/www.mexicanguitarplayers.com\/tienda\/sin%20categor\u00eda\/preamplificador-behringer-mod-mic2200-v2\/"},"modified":"2026-05-01T07:42:02","modified_gmt":"2026-05-01T13:42:02","slug":"preamplificador-behringer-mod-mic2200-v2","status":"publish","type":"product","link":"https:\/\/www.mexicanguitarplayers.com\/en\/tienda\/audio\/amplificadores-audio\/preamplificadores-para-microfono\/preamplificador-behringer-mod-mic2200-v2\/","title":{"rendered":"BEHRINGER MOD MIC2200 V2 PREAMPLIFIER"},"content":{"rendered":"<div style=\"text-align: justify\">\n<div>\n<h3>BEHRINGER MOD MIC2200 V2 PREAMPLIFIER<\/h3>\n<\/div>\n<div>Discrete vacuum tube\/line mic preamp, ultra-low noise with hand-selected 12AX7 tube for ultra-musical sound, mic input stage based on discrete transistor-pair conjugate circuitry, \u201cultra-wide\u201d bandwidth 10 Hz to 200 kHz for open sound, built-in fully parametric EQs with dedicated center frequency, bandwidth, and level controls, separate line driver to convert -10 dBV to +4 dBu pro-level, +48V soft-mute phantom power to prevent turn-on bump, fully adjustable and switchable 12 dB high-pass filter, switchable reverse phase to correct phase-related problems, precise 12-segment LED metering for output level, servo-balanced inputs and outputs on connectors Gold-plated 1\/4\u201d TRS and XLR, internal switched-mode power supply (100-240 V~) for noise-free audio and low power consumption, dimensions: 48 2.6 x 44.45 x 215.9mm, weight: 3kg.<\/div>\n<\/div>","protected":false},"excerpt":{"rendered":"<p>Preamplificador discreto de bulbo al vac\u00edo\/l\u00ednea para micr\u00f3fono, ruido ultra bajo con bulbo 12AX7 seleccionado a mano para un sonido ultra musical, etapa de entrada de micr\u00f3fono basada en un discreto circuito conjugado de pares de transistores, ancho de banda \u201dultra-ancho\u201d de 10 Hz a 200 kHz para un sonido abierto, ecualizadores totalmente param\u00e9tricos integrados con frecuencia central dedicada, ancho de banda y controles de nivel, controlador de l\u00ednea independiente para convertir -10 dBV en nivel profesional de +4 dBu, soft-mute +48V phantom power para evitar golpes de encendido, filtro pasa-altos de 12 dB totalmente ajustable y conmutable, fase conmutable inversa para corregir problemas relacionados con la fase, medici\u00f3n precisa de LED de 12 segmentos para nivel de salida, entradas y salidas servo balanceadas con conectores TRS 1\/4\u201d y XLR ba\u00f1ados en oro, fuente de alimentaci\u00f3n interna en modo conmutado (100- 240 V~) para audio libre de ruido y bajo consumo de energ\u00eda, dimensiones: 482.6 x 44.45 x 215.9 mm, peso: 3 kg.&hellip; <a class=\"kt-excerpt-readmore more-link\" href=\"https:\/\/www.mexicanguitarplayers.com\/en\/tienda\/audio\/amplificadores-audio\/preamplificadores-para-microfono\/preamplificador-behringer-mod-mic2200-v2\/\">Read more<\/a><\/p>","protected":false},"featured_media":13814,"comment_status":"open","ping_status":"closed","template":"","meta":{"kt_blocks_editor_width":""},"pwb-brand":[171],"product_brand":[],"product_cat":[219,213,471],"product_tag":[],"class_list":{"0":"post-13818","1":"product","2":"type-product","3":"status-publish","4":"has-post-thumbnail","6":"pwb-brand-behringer","7":"product_cat-amplificadores-audio","8":"product_cat-audio","9":"product_cat-preamplificadores-para-microfono","10":"product_shipping_class-0-5-kg","12":"first","13":"instock","14":"taxable","15":"shipping-taxable","16":"purchasable","17":"product-type-simple"},"yoast_head":"<!-- This site is optimized with the Yoast SEO plugin v27.6 - https:\/\/yoast.com\/product\/yoast-seo-wordpress\/ -->\n<title>PREAMPLIFICADOR BEHRINGER MOD MIC2200 V2 - Mexican Guitar Players<\/title>\n<meta name=\"description\" content=\"PREAMPLIFICADOR BEHRINGER MOD MIC2200 V2. Preamplificador discreto de bulbo al vac\u00edo\/l\u00ednea para micr\u00f3fono, ruido ultra bajo con bulbo 12AX7 seleccionado a mano para un sonido ultra musical, etapa de entrada de micr\u00f3fono basada en un discreto circuito conjugado de pares de transistores, ancho de banda \u201dultra-ancho\u201d de 10 Hz a 200 kHz para un sonido abierto, ecualizadores totalmente param\u00e9tricos integrados con frecuencia central dedicada, ancho de banda y controles de nivel, controlador de l\u00ednea independiente para convertir -10 dBV en nivel profesional de +4 dBu, soft-mute +48V phantom power para evitar golpes de encendido, filtro pasa-altos de 12 dB totalmente ajustable y conmutable, fase conmutable inversa para corregir problemas relacionados con la fase, medici\u00f3n precisa de LED de 12 segmentos para nivel de salida, entradas y salidas servo balanceadas con conectores TRS 1\/4\u201d y XLR ba\u00f1ados en oro, fuente de alimentaci\u00f3n interna en modo conmutado (100- 240 V~) para audio libre de ruido y bajo consumo de energ\u00eda, dimensiones: 482.6 x 44.45 x 215.9 mm, peso: 3 kg.\" \/>\n<meta name=\"robots\" content=\"index, follow, max-snippet:-1, max-image-preview:large, max-video-preview:-1\" \/>\n<link rel=\"canonical\" href=\"https:\/\/www.mexicanguitarplayers.com\/en\/tienda\/audio\/amplificadores-audio\/preamplificadores-para-microfono\/preamplificador-behringer-mod-mic2200-v2\/\" \/>\n<meta property=\"og:locale\" content=\"en_US\" \/>\n<meta property=\"og:type\" content=\"article\" \/>\n<meta property=\"og:title\" content=\"PREAMPLIFICADOR BEHRINGER MOD MIC2200 V2 - Mexican Guitar Players\" \/>\n<meta property=\"og:description\" content=\"PREAMPLIFICADOR BEHRINGER MOD MIC2200 V2. Preamplificador discreto de bulbo al vac\u00edo\/l\u00ednea para micr\u00f3fono, ruido ultra bajo con bulbo 12AX7 seleccionado a mano para un sonido ultra musical, etapa de entrada de micr\u00f3fono basada en un discreto circuito conjugado de pares de transistores, ancho de banda \u201dultra-ancho\u201d de 10 Hz a 200 kHz para un sonido abierto, ecualizadores totalmente param\u00e9tricos integrados con frecuencia central dedicada, ancho de banda y controles de nivel, controlador de l\u00ednea independiente para convertir -10 dBV en nivel profesional de +4 dBu, soft-mute +48V phantom power para evitar golpes de encendido, filtro pasa-altos de 12 dB totalmente ajustable y conmutable, fase conmutable inversa para corregir problemas relacionados con la fase, medici\u00f3n precisa de LED de 12 segmentos para nivel de salida, entradas y salidas servo balanceadas con conectores TRS 1\/4\u201d y XLR ba\u00f1ados en oro, fuente de alimentaci\u00f3n interna en modo conmutado (100- 240 V~) para audio libre de ruido y bajo consumo de energ\u00eda, dimensiones: 482.6 x 44.45 x 215.9 mm, peso: 3 kg.\" \/>\n<meta property=\"og:url\" content=\"https:\/\/www.mexicanguitarplayers.com\/en\/tienda\/audio\/amplificadores-audio\/preamplificadores-para-microfono\/preamplificador-behringer-mod-mic2200-v2\/\" \/>\n<meta property=\"og:site_name\" content=\"Mexican Guitar Players\" \/>\n<meta property=\"article:modified_time\" content=\"2026-05-01T13:42:02+00:00\" \/>\n<meta property=\"og:image\" content=\"https:\/\/www.mexicanguitarplayers.com\/wp-content\/uploads\/2022\/08\/IABEHMIC2200V2.jpg\" \/>\n\t<meta property=\"og:image:width\" content=\"1600\" \/>\n\t<meta property=\"og:image:height\" content=\"800\" \/>\n\t<meta property=\"og:image:type\" content=\"image\/jpeg\" \/>\n<meta name=\"twitter:card\" content=\"summary_large_image\" \/>\n<meta name=\"twitter:label1\" content=\"Est. reading time\" \/>\n\t<meta name=\"twitter:data1\" content=\"1 minute\" \/>\n<script type=\"application\/ld+json\" class=\"yoast-schema-graph\">{\"@context\":\"https:\\\/\\\/schema.org\",\"@graph\":[{\"@type\":[\"WebPage\",\"ItemPage\"],\"@id\":\"https:\\\/\\\/www.mexicanguitarplayers.com\\\/tienda\\\/audio\\\/amplificadores-audio\\\/preamplificadores-para-microfono\\\/preamplificador-behringer-mod-mic2200-v2\\\/\",\"url\":\"https:\\\/\\\/www.mexicanguitarplayers.com\\\/tienda\\\/audio\\\/amplificadores-audio\\\/preamplificadores-para-microfono\\\/preamplificador-behringer-mod-mic2200-v2\\\/\",\"name\":\"PREAMPLIFICADOR BEHRINGER MOD MIC2200 V2 - Mexican Guitar Players\",\"isPartOf\":{\"@id\":\"https:\\\/\\\/www.mexicanguitarplayers.com\\\/#website\"},\"primaryImageOfPage\":{\"@id\":\"https:\\\/\\\/www.mexicanguitarplayers.com\\\/tienda\\\/audio\\\/amplificadores-audio\\\/preamplificadores-para-microfono\\\/preamplificador-behringer-mod-mic2200-v2\\\/#primaryimage\"},\"image\":{\"@id\":\"https:\\\/\\\/www.mexicanguitarplayers.com\\\/tienda\\\/audio\\\/amplificadores-audio\\\/preamplificadores-para-microfono\\\/preamplificador-behringer-mod-mic2200-v2\\\/#primaryimage\"},\"thumbnailUrl\":\"https:\\\/\\\/www.mexicanguitarplayers.com\\\/wp-content\\\/uploads\\\/2022\\\/08\\\/IABEHMIC2200V2.jpg\",\"datePublished\":\"2022-08-18T19:51:33+00:00\",\"dateModified\":\"2026-05-01T13:42:02+00:00\",\"description\":\"PREAMPLIFICADOR BEHRINGER MOD MIC2200 V2. Preamplificador discreto de bulbo al vac\u00edo\\\/l\u00ednea para micr\u00f3fono, ruido ultra bajo con bulbo 12AX7 seleccionado a mano para un sonido ultra musical, etapa de entrada de micr\u00f3fono basada en un discreto circuito conjugado de pares de transistores, ancho de banda \u201dultra-ancho\u201d de 10 Hz a 200 kHz para un sonido abierto, ecualizadores totalmente param\u00e9tricos integrados con frecuencia central dedicada, ancho de banda y controles de nivel, controlador de l\u00ednea independiente para convertir -10 dBV en nivel profesional de +4 dBu, soft-mute +48V phantom power para evitar golpes de encendido, filtro pasa-altos de 12 dB totalmente ajustable y conmutable, fase conmutable inversa para corregir problemas relacionados con la fase, medici\u00f3n precisa de LED de 12 segmentos para nivel de salida, entradas y salidas servo balanceadas con conectores TRS 1\\\/4\u201d y XLR ba\u00f1ados en oro, fuente de alimentaci\u00f3n interna en modo conmutado (100- 240 V~) para audio libre de ruido y bajo consumo de energ\u00eda, dimensiones: 482.6 x 44.45 x 215.9 mm, peso: 3 kg.\",\"breadcrumb\":{\"@id\":\"https:\\\/\\\/www.mexicanguitarplayers.com\\\/tienda\\\/audio\\\/amplificadores-audio\\\/preamplificadores-para-microfono\\\/preamplificador-behringer-mod-mic2200-v2\\\/#breadcrumb\"},\"inLanguage\":\"en-US\",\"potentialAction\":[{\"@type\":\"ReadAction\",\"target\":[\"https:\\\/\\\/www.mexicanguitarplayers.com\\\/tienda\\\/audio\\\/amplificadores-audio\\\/preamplificadores-para-microfono\\\/preamplificador-behringer-mod-mic2200-v2\\\/\"]}]},{\"@type\":\"ImageObject\",\"inLanguage\":\"en-US\",\"@id\":\"https:\\\/\\\/www.mexicanguitarplayers.com\\\/tienda\\\/audio\\\/amplificadores-audio\\\/preamplificadores-para-microfono\\\/preamplificador-behringer-mod-mic2200-v2\\\/#primaryimage\",\"url\":\"https:\\\/\\\/www.mexicanguitarplayers.com\\\/wp-content\\\/uploads\\\/2022\\\/08\\\/IABEHMIC2200V2.jpg\",\"contentUrl\":\"https:\\\/\\\/www.mexicanguitarplayers.com\\\/wp-content\\\/uploads\\\/2022\\\/08\\\/IABEHMIC2200V2.jpg\",\"width\":1600,\"height\":800},{\"@type\":\"BreadcrumbList\",\"@id\":\"https:\\\/\\\/www.mexicanguitarplayers.com\\\/tienda\\\/audio\\\/amplificadores-audio\\\/preamplificadores-para-microfono\\\/preamplificador-behringer-mod-mic2200-v2\\\/#breadcrumb\",\"itemListElement\":[{\"@type\":\"ListItem\",\"position\":1,\"name\":\"Portada\",\"item\":\"https:\\\/\\\/www.mexicanguitarplayers.com\\\/\"},{\"@type\":\"ListItem\",\"position\":2,\"name\":\"Tienda\",\"item\":\"https:\\\/\\\/www.mexicanguitarplayers.com\\\/tienda\\\/\"},{\"@type\":\"ListItem\",\"position\":3,\"name\":\"PREAMPLIFICADOR BEHRINGER MOD MIC2200 V2\"}]},{\"@type\":\"WebSite\",\"@id\":\"https:\\\/\\\/www.mexicanguitarplayers.com\\\/#website\",\"url\":\"https:\\\/\\\/www.mexicanguitarplayers.com\\\/\",\"name\":\"Mexican Guitar Players\",\"description\":\"Website\",\"publisher\":{\"@id\":\"https:\\\/\\\/www.mexicanguitarplayers.com\\\/#organization\"},\"potentialAction\":[{\"@type\":\"SearchAction\",\"target\":{\"@type\":\"EntryPoint\",\"urlTemplate\":\"https:\\\/\\\/www.mexicanguitarplayers.com\\\/?s={search_term_string}\"},\"query-input\":{\"@type\":\"PropertyValueSpecification\",\"valueRequired\":true,\"valueName\":\"search_term_string\"}}],\"inLanguage\":\"en-US\"},{\"@type\":\"Organization\",\"@id\":\"https:\\\/\\\/www.mexicanguitarplayers.com\\\/#organization\",\"name\":\"Mexican Guitar Players\",\"url\":\"https:\\\/\\\/www.mexicanguitarplayers.com\\\/\",\"logo\":{\"@type\":\"ImageObject\",\"inLanguage\":\"en-US\",\"@id\":\"https:\\\/\\\/www.mexicanguitarplayers.com\\\/#\\\/schema\\\/logo\\\/image\\\/\",\"url\":\"\",\"contentUrl\":\"\",\"caption\":\"Mexican Guitar Players\"},\"image\":{\"@id\":\"https:\\\/\\\/www.mexicanguitarplayers.com\\\/#\\\/schema\\\/logo\\\/image\\\/\"}}]}<\/script>\n<!-- \/ Yoast SEO plugin. -->","yoast_head_json":{"title":"PREAMPLIFICADOR BEHRINGER MOD MIC2200 V2 - Mexican Guitar Players","description":"PREAMPLIFICADOR BEHRINGER MOD MIC2200 V2. Preamplificador discreto de bulbo al vac\u00edo\/l\u00ednea para micr\u00f3fono, ruido ultra bajo con bulbo 12AX7 seleccionado a mano para un sonido ultra musical, etapa de entrada de micr\u00f3fono basada en un discreto circuito conjugado de pares de transistores, ancho de banda \u201dultra-ancho\u201d de 10 Hz a 200 kHz para un sonido abierto, ecualizadores totalmente param\u00e9tricos integrados con frecuencia central dedicada, ancho de banda y controles de nivel, controlador de l\u00ednea independiente para convertir -10 dBV en nivel profesional de +4 dBu, soft-mute +48V phantom power para evitar golpes de encendido, filtro pasa-altos de 12 dB totalmente ajustable y conmutable, fase conmutable inversa para corregir problemas relacionados con la fase, medici\u00f3n precisa de LED de 12 segmentos para nivel de salida, entradas y salidas servo balanceadas con conectores TRS 1\/4\u201d y XLR ba\u00f1ados en oro, fuente de alimentaci\u00f3n interna en modo conmutado (100- 240 V~) para audio libre de ruido y bajo consumo de energ\u00eda, dimensiones: 482.6 x 44.45 x 215.9 mm, peso: 3 kg.","robots":{"index":"index","follow":"follow","max-snippet":"max-snippet:-1","max-image-preview":"max-image-preview:large","max-video-preview":"max-video-preview:-1"},"canonical":"https:\/\/www.mexicanguitarplayers.com\/en\/tienda\/audio\/amplificadores-audio\/preamplificadores-para-microfono\/preamplificador-behringer-mod-mic2200-v2\/","og_locale":"en_US","og_type":"article","og_title":"PREAMPLIFICADOR BEHRINGER MOD MIC2200 V2 - Mexican Guitar Players","og_description":"PREAMPLIFICADOR BEHRINGER MOD MIC2200 V2. Preamplificador discreto de bulbo al vac\u00edo\/l\u00ednea para micr\u00f3fono, ruido ultra bajo con bulbo 12AX7 seleccionado a mano para un sonido ultra musical, etapa de entrada de micr\u00f3fono basada en un discreto circuito conjugado de pares de transistores, ancho de banda \u201dultra-ancho\u201d de 10 Hz a 200 kHz para un sonido abierto, ecualizadores totalmente param\u00e9tricos integrados con frecuencia central dedicada, ancho de banda y controles de nivel, controlador de l\u00ednea independiente para convertir -10 dBV en nivel profesional de +4 dBu, soft-mute +48V phantom power para evitar golpes de encendido, filtro pasa-altos de 12 dB totalmente ajustable y conmutable, fase conmutable inversa para corregir problemas relacionados con la fase, medici\u00f3n precisa de LED de 12 segmentos para nivel de salida, entradas y salidas servo balanceadas con conectores TRS 1\/4\u201d y XLR ba\u00f1ados en oro, fuente de alimentaci\u00f3n interna en modo conmutado (100- 240 V~) para audio libre de ruido y bajo consumo de energ\u00eda, dimensiones: 482.6 x 44.45 x 215.9 mm, peso: 3 kg.","og_url":"https:\/\/www.mexicanguitarplayers.com\/en\/tienda\/audio\/amplificadores-audio\/preamplificadores-para-microfono\/preamplificador-behringer-mod-mic2200-v2\/","og_site_name":"Mexican Guitar Players","article_modified_time":"2026-05-01T13:42:02+00:00","og_image":[{"width":1600,"height":800,"url":"https:\/\/www.mexicanguitarplayers.com\/wp-content\/uploads\/2022\/08\/IABEHMIC2200V2.jpg","type":"image\/jpeg"}],"twitter_card":"summary_large_image","twitter_misc":{"Est. reading time":"1 minute"},"schema":{"@context":"https:\/\/schema.org","@graph":[{"@type":["WebPage","ItemPage"],"@id":"https:\/\/www.mexicanguitarplayers.com\/tienda\/audio\/amplificadores-audio\/preamplificadores-para-microfono\/preamplificador-behringer-mod-mic2200-v2\/","url":"https:\/\/www.mexicanguitarplayers.com\/tienda\/audio\/amplificadores-audio\/preamplificadores-para-microfono\/preamplificador-behringer-mod-mic2200-v2\/","name":"PREAMPLIFICADOR BEHRINGER MOD MIC2200 V2 - Mexican Guitar Players","isPartOf":{"@id":"https:\/\/www.mexicanguitarplayers.com\/#website"},"primaryImageOfPage":{"@id":"https:\/\/www.mexicanguitarplayers.com\/tienda\/audio\/amplificadores-audio\/preamplificadores-para-microfono\/preamplificador-behringer-mod-mic2200-v2\/#primaryimage"},"image":{"@id":"https:\/\/www.mexicanguitarplayers.com\/tienda\/audio\/amplificadores-audio\/preamplificadores-para-microfono\/preamplificador-behringer-mod-mic2200-v2\/#primaryimage"},"thumbnailUrl":"https:\/\/www.mexicanguitarplayers.com\/wp-content\/uploads\/2022\/08\/IABEHMIC2200V2.jpg","datePublished":"2022-08-18T19:51:33+00:00","dateModified":"2026-05-01T13:42:02+00:00","description":"PREAMPLIFICADOR BEHRINGER MOD MIC2200 V2. Preamplificador discreto de bulbo al vac\u00edo\/l\u00ednea para micr\u00f3fono, ruido ultra bajo con bulbo 12AX7 seleccionado a mano para un sonido ultra musical, etapa de entrada de micr\u00f3fono basada en un discreto circuito conjugado de pares de transistores, ancho de banda \u201dultra-ancho\u201d de 10 Hz a 200 kHz para un sonido abierto, ecualizadores totalmente param\u00e9tricos integrados con frecuencia central dedicada, ancho de banda y controles de nivel, controlador de l\u00ednea independiente para convertir -10 dBV en nivel profesional de +4 dBu, soft-mute +48V phantom power para evitar golpes de encendido, filtro pasa-altos de 12 dB totalmente ajustable y conmutable, fase conmutable inversa para corregir problemas relacionados con la fase, medici\u00f3n precisa de LED de 12 segmentos para nivel de salida, entradas y salidas servo balanceadas con conectores TRS 1\/4\u201d y XLR ba\u00f1ados en oro, fuente de alimentaci\u00f3n interna en modo conmutado (100- 240 V~) para audio libre de ruido y bajo consumo de energ\u00eda, dimensiones: 482.6 x 44.45 x 215.9 mm, peso: 3 kg.","breadcrumb":{"@id":"https:\/\/www.mexicanguitarplayers.com\/tienda\/audio\/amplificadores-audio\/preamplificadores-para-microfono\/preamplificador-behringer-mod-mic2200-v2\/#breadcrumb"},"inLanguage":"en-US","potentialAction":[{"@type":"ReadAction","target":["https:\/\/www.mexicanguitarplayers.com\/tienda\/audio\/amplificadores-audio\/preamplificadores-para-microfono\/preamplificador-behringer-mod-mic2200-v2\/"]}]},{"@type":"ImageObject","inLanguage":"en-US","@id":"https:\/\/www.mexicanguitarplayers.com\/tienda\/audio\/amplificadores-audio\/preamplificadores-para-microfono\/preamplificador-behringer-mod-mic2200-v2\/#primaryimage","url":"https:\/\/www.mexicanguitarplayers.com\/wp-content\/uploads\/2022\/08\/IABEHMIC2200V2.jpg","contentUrl":"https:\/\/www.mexicanguitarplayers.com\/wp-content\/uploads\/2022\/08\/IABEHMIC2200V2.jpg","width":1600,"height":800},{"@type":"BreadcrumbList","@id":"https:\/\/www.mexicanguitarplayers.com\/tienda\/audio\/amplificadores-audio\/preamplificadores-para-microfono\/preamplificador-behringer-mod-mic2200-v2\/#breadcrumb","itemListElement":[{"@type":"ListItem","position":1,"name":"Portada","item":"https:\/\/www.mexicanguitarplayers.com\/"},{"@type":"ListItem","position":2,"name":"Tienda","item":"https:\/\/www.mexicanguitarplayers.com\/tienda\/"},{"@type":"ListItem","position":3,"name":"PREAMPLIFICADOR BEHRINGER MOD MIC2200 V2"}]},{"@type":"WebSite","@id":"https:\/\/www.mexicanguitarplayers.com\/#website","url":"https:\/\/www.mexicanguitarplayers.com\/","name":"Mexican Guitar Players","description":"Website","publisher":{"@id":"https:\/\/www.mexicanguitarplayers.com\/#organization"},"potentialAction":[{"@type":"SearchAction","target":{"@type":"EntryPoint","urlTemplate":"https:\/\/www.mexicanguitarplayers.com\/?s={search_term_string}"},"query-input":{"@type":"PropertyValueSpecification","valueRequired":true,"valueName":"search_term_string"}}],"inLanguage":"en-US"},{"@type":"Organization","@id":"https:\/\/www.mexicanguitarplayers.com\/#organization","name":"Mexican Guitar Players","url":"https:\/\/www.mexicanguitarplayers.com\/","logo":{"@type":"ImageObject","inLanguage":"en-US","@id":"https:\/\/www.mexicanguitarplayers.com\/#\/schema\/logo\/image\/","url":"","contentUrl":"","caption":"Mexican Guitar Players"},"image":{"@id":"https:\/\/www.mexicanguitarplayers.com\/#\/schema\/logo\/image\/"}}]}},"brands":[{"id":171,"name":"BEHRINGER","slug":"behringer"}],"_links":{"self":[{"href":"https:\/\/www.mexicanguitarplayers.com\/en\/wp-json\/wp\/v2\/product\/13818","targetHints":{"allow":["GET"]}}],"collection":[{"href":"https:\/\/www.mexicanguitarplayers.com\/en\/wp-json\/wp\/v2\/product"}],"about":[{"href":"https:\/\/www.mexicanguitarplayers.com\/en\/wp-json\/wp\/v2\/types\/product"}],"replies":[{"embeddable":true,"href":"https:\/\/www.mexicanguitarplayers.com\/en\/wp-json\/wp\/v2\/comments?post=13818"}],"wp:featuredmedia":[{"embeddable":true,"href":"https:\/\/www.mexicanguitarplayers.com\/en\/wp-json\/wp\/v2\/media\/13814"}],"wp:attachment":[{"href":"https:\/\/www.mexicanguitarplayers.com\/en\/wp-json\/wp\/v2\/media?parent=13818"}],"wp:term":[{"taxonomy":"pwb-brand","embeddable":true,"href":"https:\/\/www.mexicanguitarplayers.com\/en\/wp-json\/wp\/v2\/pwb-brand?post=13818"},{"taxonomy":"product_brand","embeddable":true,"href":"https:\/\/www.mexicanguitarplayers.com\/en\/wp-json\/wp\/v2\/product_brand?post=13818"},{"taxonomy":"product_cat","embeddable":true,"href":"https:\/\/www.mexicanguitarplayers.com\/en\/wp-json\/wp\/v2\/product_cat?post=13818"},{"taxonomy":"product_tag","embeddable":true,"href":"https:\/\/www.mexicanguitarplayers.com\/en\/wp-json\/wp\/v2\/product_tag?post=13818"}],"curies":[{"name":"wp","href":"https:\/\/api.w.org\/{rel}","templated":true}]}}