{"id":13821,"date":"2022-08-18T14:51:37","date_gmt":"2022-08-18T19:51:37","guid":{"rendered":"https:\/\/www.mexicanguitarplayers.com\/tienda\/sin%20categor\u00eda\/bafle-behringer-multimedia-mod-ms16\/"},"modified":"2026-05-01T07:42:02","modified_gmt":"2026-05-01T13:42:02","slug":"bafle-behringer-multimedia-mod-ms16","status":"publish","type":"product","link":"https:\/\/www.mexicanguitarplayers.com\/en\/tienda\/audio\/bafles-y-bocinas\/bafles\/bafles-activos\/bafle-behringer-multimedia-mod-ms16\/","title":{"rendered":"BEHRINGER MULTIMEDIA SPEAKER MOD. MS16"},"content":{"rendered":"<div style=\"text-align: justify\">\n<div>\n<h3>BEHRINGER MULTIMEDIA SPEAKER MOD. MS16<\/h3>\n<\/div>\n<div>High-performance 16-watt active personal monitoring system, ideal for home studio, multimedia applications, and vocal and keyboard monitoring, powerful 4\u201d woofers and high-resolution tweeter powered by 2 x 8-watt amplifiers, dedicated volume controls, bass and treble for added flexibility, stereo RCA inputs for sound cards, keyboards, and more that can be used simultaneously with a second stereo source (such as a CD player) via a stereo 1\/8\u201d TRS input, Separately adjustable 1\/4&quot; TRS microphone, mixable with stereo inputs for vocal monitoring and playback applications, 1\/8&quot; headphone jack with auto speaker mute function, magnetically shielded for placement near computer monitors, dimensions: 140 x 150 x 241 mm, weight: right: 2.1 kg, left: 1.4 kg.<\/div>\n<\/div>","protected":false},"excerpt":{"rendered":"<p>Sistema de monitoreo personal activo de alto rendimiento de 16 watts, ideal paraestudio casero, aplicaciones multimedia y monitoreo vocal y de teclados, potentes woofers de 4\u201d pulgadas y tweeter de alta resoluci\u00f3n alimentados por 2 amplificadores de 8 watts, controles de dedicados de volumen, graves y agudos para mayor flexibilidad, entradas RCA est\u00e9reo para tarjetas de sonido, teclados, entre otros, que se pueden utilizar simult\u00e1neamente  con una segunda fuente est\u00e9reo (como reproductor de CD) a trav\u00e9s de una entrada TRS 1\/8\u201d est\u00e9reo, entrada de micr\u00f3fono TRS 1\/4\u201d ajustable por separado, mezclable con entradas est\u00e9reo para aplicaciones de reproducci\u00f3n y monitorizaci\u00f3n vocal, conector de aud\u00edfonos de 1\/8\u201d confunci\u00f3n de silenciamiento autom\u00e1tico del altavoz, blindaje magn\u00e9tico para podercolocarse cerca de monitores de computadora, dimensiones: 140 x 150 x 241 mm, peso: derecho: 2.1 kg, izquierdo: 1.4 kg.&hellip; <a class=\"kt-excerpt-readmore more-link\" href=\"https:\/\/www.mexicanguitarplayers.com\/en\/tienda\/audio\/bafles-y-bocinas\/bafles\/bafles-activos\/bafle-behringer-multimedia-mod-ms16\/\">Read more<\/a><\/p>","protected":false},"featured_media":13819,"comment_status":"open","ping_status":"closed","template":"","meta":{"kt_blocks_editor_width":""},"pwb-brand":[171],"product_brand":[],"product_cat":[213,222,472,221],"product_tag":[],"class_list":{"0":"post-13821","1":"product","2":"type-product","3":"status-publish","4":"has-post-thumbnail","6":"pwb-brand-behringer","7":"product_cat-audio","8":"product_cat-bafles","9":"product_cat-bafles-activos","10":"product_cat-bafles-y-bocinas","11":"product_shipping_class-0-5-kg","13":"first","14":"instock","15":"taxable","16":"shipping-taxable","17":"purchasable","18":"product-type-simple"},"yoast_head":"<!-- This site is optimized with the Yoast SEO plugin v27.5 - https:\/\/yoast.com\/product\/yoast-seo-wordpress\/ -->\n<title>BAFLE BEHRINGER MULTIMEDIA MOD. MS16 - Mexican Guitar Players<\/title>\n<meta name=\"description\" content=\"BAFLE BEHRINGER MULTIMEDIA MOD. MS16. Sistema de monitoreo personal activo de alto rendimiento de 16 watts, ideal paraestudio casero, aplicaciones multimedia y monitoreo vocal y de teclados, potentes woofers de 4\u201d pulgadas y tweeter de alta resoluci\u00f3n alimentados por 2 amplificadores de 8 watts, controles de dedicados de volumen, graves y agudos para mayor flexibilidad, entradas RCA est\u00e9reo para tarjetas de sonido, teclados, entre otros, que se pueden utilizar simult\u00e1neamente con una segunda fuente est\u00e9reo (como reproductor de CD) a trav\u00e9s de una entrada TRS 1\/8\u201d est\u00e9reo, entrada de micr\u00f3fono TRS 1\/4\u201d ajustable por separado, mezclable con entradas est\u00e9reo para aplicaciones de reproducci\u00f3n y monitorizaci\u00f3n vocal, conector de aud\u00edfonos de 1\/8\u201d confunci\u00f3n de silenciamiento autom\u00e1tico del altavoz, blindaje magn\u00e9tico para podercolocarse cerca de monitores de computadora, dimensiones: 140 x 150 x 241 mm, peso: derecho: 2.1 kg, izquierdo: 1.4 kg.\" \/>\n<meta name=\"robots\" content=\"index, follow, max-snippet:-1, max-image-preview:large, max-video-preview:-1\" \/>\n<link rel=\"canonical\" href=\"https:\/\/www.mexicanguitarplayers.com\/en\/tienda\/audio\/bafles-y-bocinas\/bafles\/bafles-activos\/bafle-behringer-multimedia-mod-ms16\/\" \/>\n<meta property=\"og:locale\" content=\"en_US\" \/>\n<meta property=\"og:type\" content=\"article\" \/>\n<meta property=\"og:title\" content=\"BAFLE BEHRINGER MULTIMEDIA MOD. MS16 - Mexican Guitar Players\" \/>\n<meta property=\"og:description\" content=\"BAFLE BEHRINGER MULTIMEDIA MOD. MS16. Sistema de monitoreo personal activo de alto rendimiento de 16 watts, ideal paraestudio casero, aplicaciones multimedia y monitoreo vocal y de teclados, potentes woofers de 4\u201d pulgadas y tweeter de alta resoluci\u00f3n alimentados por 2 amplificadores de 8 watts, controles de dedicados de volumen, graves y agudos para mayor flexibilidad, entradas RCA est\u00e9reo para tarjetas de sonido, teclados, entre otros, que se pueden utilizar simult\u00e1neamente con una segunda fuente est\u00e9reo (como reproductor de CD) a trav\u00e9s de una entrada TRS 1\/8\u201d est\u00e9reo, entrada de micr\u00f3fono TRS 1\/4\u201d ajustable por separado, mezclable con entradas est\u00e9reo para aplicaciones de reproducci\u00f3n y monitorizaci\u00f3n vocal, conector de aud\u00edfonos de 1\/8\u201d confunci\u00f3n de silenciamiento autom\u00e1tico del altavoz, blindaje magn\u00e9tico para podercolocarse cerca de monitores de computadora, dimensiones: 140 x 150 x 241 mm, peso: derecho: 2.1 kg, izquierdo: 1.4 kg.\" \/>\n<meta property=\"og:url\" content=\"https:\/\/www.mexicanguitarplayers.com\/en\/tienda\/audio\/bafles-y-bocinas\/bafles\/bafles-activos\/bafle-behringer-multimedia-mod-ms16\/\" \/>\n<meta property=\"og:site_name\" content=\"Mexican Guitar Players\" \/>\n<meta property=\"article:modified_time\" content=\"2026-05-01T13:42:02+00:00\" \/>\n<meta property=\"og:image\" content=\"https:\/\/www.mexicanguitarplayers.com\/wp-content\/uploads\/2022\/08\/IABEHMS16.jpg\" \/>\n\t<meta property=\"og:image:width\" content=\"1200\" \/>\n\t<meta property=\"og:image:height\" content=\"1200\" \/>\n\t<meta property=\"og:image:type\" content=\"image\/jpeg\" \/>\n<meta name=\"twitter:card\" content=\"summary_large_image\" \/>\n<meta name=\"twitter:label1\" content=\"Est. reading time\" \/>\n\t<meta name=\"twitter:data1\" content=\"1 minute\" \/>\n<script type=\"application\/ld+json\" class=\"yoast-schema-graph\">{\"@context\":\"https:\\\/\\\/schema.org\",\"@graph\":[{\"@type\":[\"WebPage\",\"ItemPage\"],\"@id\":\"https:\\\/\\\/www.mexicanguitarplayers.com\\\/tienda\\\/audio\\\/bafles-y-bocinas\\\/bafles\\\/bafles-activos\\\/bafle-behringer-multimedia-mod-ms16\\\/\",\"url\":\"https:\\\/\\\/www.mexicanguitarplayers.com\\\/tienda\\\/audio\\\/bafles-y-bocinas\\\/bafles\\\/bafles-activos\\\/bafle-behringer-multimedia-mod-ms16\\\/\",\"name\":\"BAFLE BEHRINGER MULTIMEDIA MOD. MS16 - Mexican Guitar Players\",\"isPartOf\":{\"@id\":\"https:\\\/\\\/www.mexicanguitarplayers.com\\\/#website\"},\"primaryImageOfPage\":{\"@id\":\"https:\\\/\\\/www.mexicanguitarplayers.com\\\/tienda\\\/audio\\\/bafles-y-bocinas\\\/bafles\\\/bafles-activos\\\/bafle-behringer-multimedia-mod-ms16\\\/#primaryimage\"},\"image\":{\"@id\":\"https:\\\/\\\/www.mexicanguitarplayers.com\\\/tienda\\\/audio\\\/bafles-y-bocinas\\\/bafles\\\/bafles-activos\\\/bafle-behringer-multimedia-mod-ms16\\\/#primaryimage\"},\"thumbnailUrl\":\"https:\\\/\\\/www.mexicanguitarplayers.com\\\/wp-content\\\/uploads\\\/2022\\\/08\\\/IABEHMS16.jpg\",\"datePublished\":\"2022-08-18T19:51:37+00:00\",\"dateModified\":\"2026-05-01T13:42:02+00:00\",\"description\":\"BAFLE BEHRINGER MULTIMEDIA MOD. MS16. Sistema de monitoreo personal activo de alto rendimiento de 16 watts, ideal paraestudio casero, aplicaciones multimedia y monitoreo vocal y de teclados, potentes woofers de 4\u201d pulgadas y tweeter de alta resoluci\u00f3n alimentados por 2 amplificadores de 8 watts, controles de dedicados de volumen, graves y agudos para mayor flexibilidad, entradas RCA est\u00e9reo para tarjetas de sonido, teclados, entre otros, que se pueden utilizar simult\u00e1neamente con una segunda fuente est\u00e9reo (como reproductor de CD) a trav\u00e9s de una entrada TRS 1\\\/8\u201d est\u00e9reo, entrada de micr\u00f3fono TRS 1\\\/4\u201d ajustable por separado, mezclable con entradas est\u00e9reo para aplicaciones de reproducci\u00f3n y monitorizaci\u00f3n vocal, conector de aud\u00edfonos de 1\\\/8\u201d confunci\u00f3n de silenciamiento autom\u00e1tico del altavoz, blindaje magn\u00e9tico para podercolocarse cerca de monitores de computadora, dimensiones: 140 x 150 x 241 mm, peso: derecho: 2.1 kg, izquierdo: 1.4 kg.\",\"breadcrumb\":{\"@id\":\"https:\\\/\\\/www.mexicanguitarplayers.com\\\/tienda\\\/audio\\\/bafles-y-bocinas\\\/bafles\\\/bafles-activos\\\/bafle-behringer-multimedia-mod-ms16\\\/#breadcrumb\"},\"inLanguage\":\"en-US\",\"potentialAction\":[{\"@type\":\"ReadAction\",\"target\":[\"https:\\\/\\\/www.mexicanguitarplayers.com\\\/tienda\\\/audio\\\/bafles-y-bocinas\\\/bafles\\\/bafles-activos\\\/bafle-behringer-multimedia-mod-ms16\\\/\"]}]},{\"@type\":\"ImageObject\",\"inLanguage\":\"en-US\",\"@id\":\"https:\\\/\\\/www.mexicanguitarplayers.com\\\/tienda\\\/audio\\\/bafles-y-bocinas\\\/bafles\\\/bafles-activos\\\/bafle-behringer-multimedia-mod-ms16\\\/#primaryimage\",\"url\":\"https:\\\/\\\/www.mexicanguitarplayers.com\\\/wp-content\\\/uploads\\\/2022\\\/08\\\/IABEHMS16.jpg\",\"contentUrl\":\"https:\\\/\\\/www.mexicanguitarplayers.com\\\/wp-content\\\/uploads\\\/2022\\\/08\\\/IABEHMS16.jpg\",\"width\":1200,\"height\":1200},{\"@type\":\"BreadcrumbList\",\"@id\":\"https:\\\/\\\/www.mexicanguitarplayers.com\\\/tienda\\\/audio\\\/bafles-y-bocinas\\\/bafles\\\/bafles-activos\\\/bafle-behringer-multimedia-mod-ms16\\\/#breadcrumb\",\"itemListElement\":[{\"@type\":\"ListItem\",\"position\":1,\"name\":\"Portada\",\"item\":\"https:\\\/\\\/www.mexicanguitarplayers.com\\\/\"},{\"@type\":\"ListItem\",\"position\":2,\"name\":\"Tienda\",\"item\":\"https:\\\/\\\/www.mexicanguitarplayers.com\\\/tienda\\\/\"},{\"@type\":\"ListItem\",\"position\":3,\"name\":\"BAFLE BEHRINGER MULTIMEDIA MOD. MS16\"}]},{\"@type\":\"WebSite\",\"@id\":\"https:\\\/\\\/www.mexicanguitarplayers.com\\\/#website\",\"url\":\"https:\\\/\\\/www.mexicanguitarplayers.com\\\/\",\"name\":\"Mexican Guitar Players\",\"description\":\"Website\",\"publisher\":{\"@id\":\"https:\\\/\\\/www.mexicanguitarplayers.com\\\/#organization\"},\"potentialAction\":[{\"@type\":\"SearchAction\",\"target\":{\"@type\":\"EntryPoint\",\"urlTemplate\":\"https:\\\/\\\/www.mexicanguitarplayers.com\\\/?s={search_term_string}\"},\"query-input\":{\"@type\":\"PropertyValueSpecification\",\"valueRequired\":true,\"valueName\":\"search_term_string\"}}],\"inLanguage\":\"en-US\"},{\"@type\":\"Organization\",\"@id\":\"https:\\\/\\\/www.mexicanguitarplayers.com\\\/#organization\",\"name\":\"Mexican Guitar Players\",\"url\":\"https:\\\/\\\/www.mexicanguitarplayers.com\\\/\",\"logo\":{\"@type\":\"ImageObject\",\"inLanguage\":\"en-US\",\"@id\":\"https:\\\/\\\/www.mexicanguitarplayers.com\\\/#\\\/schema\\\/logo\\\/image\\\/\",\"url\":\"\",\"contentUrl\":\"\",\"caption\":\"Mexican Guitar Players\"},\"image\":{\"@id\":\"https:\\\/\\\/www.mexicanguitarplayers.com\\\/#\\\/schema\\\/logo\\\/image\\\/\"}}]}<\/script>\n<!-- \/ Yoast SEO plugin. -->","yoast_head_json":{"title":"BAFLE BEHRINGER MULTIMEDIA MOD. MS16 - Mexican Guitar Players","description":"BAFLE BEHRINGER MULTIMEDIA MOD. MS16. Sistema de monitoreo personal activo de alto rendimiento de 16 watts, ideal paraestudio casero, aplicaciones multimedia y monitoreo vocal y de teclados, potentes woofers de 4\u201d pulgadas y tweeter de alta resoluci\u00f3n alimentados por 2 amplificadores de 8 watts, controles de dedicados de volumen, graves y agudos para mayor flexibilidad, entradas RCA est\u00e9reo para tarjetas de sonido, teclados, entre otros, que se pueden utilizar simult\u00e1neamente con una segunda fuente est\u00e9reo (como reproductor de CD) a trav\u00e9s de una entrada TRS 1\/8\u201d est\u00e9reo, entrada de micr\u00f3fono TRS 1\/4\u201d ajustable por separado, mezclable con entradas est\u00e9reo para aplicaciones de reproducci\u00f3n y monitorizaci\u00f3n vocal, conector de aud\u00edfonos de 1\/8\u201d confunci\u00f3n de silenciamiento autom\u00e1tico del altavoz, blindaje magn\u00e9tico para podercolocarse cerca de monitores de computadora, dimensiones: 140 x 150 x 241 mm, peso: derecho: 2.1 kg, izquierdo: 1.4 kg.","robots":{"index":"index","follow":"follow","max-snippet":"max-snippet:-1","max-image-preview":"max-image-preview:large","max-video-preview":"max-video-preview:-1"},"canonical":"https:\/\/www.mexicanguitarplayers.com\/en\/tienda\/audio\/bafles-y-bocinas\/bafles\/bafles-activos\/bafle-behringer-multimedia-mod-ms16\/","og_locale":"en_US","og_type":"article","og_title":"BAFLE BEHRINGER MULTIMEDIA MOD. MS16 - Mexican Guitar Players","og_description":"BAFLE BEHRINGER MULTIMEDIA MOD. MS16. Sistema de monitoreo personal activo de alto rendimiento de 16 watts, ideal paraestudio casero, aplicaciones multimedia y monitoreo vocal y de teclados, potentes woofers de 4\u201d pulgadas y tweeter de alta resoluci\u00f3n alimentados por 2 amplificadores de 8 watts, controles de dedicados de volumen, graves y agudos para mayor flexibilidad, entradas RCA est\u00e9reo para tarjetas de sonido, teclados, entre otros, que se pueden utilizar simult\u00e1neamente con una segunda fuente est\u00e9reo (como reproductor de CD) a trav\u00e9s de una entrada TRS 1\/8\u201d est\u00e9reo, entrada de micr\u00f3fono TRS 1\/4\u201d ajustable por separado, mezclable con entradas est\u00e9reo para aplicaciones de reproducci\u00f3n y monitorizaci\u00f3n vocal, conector de aud\u00edfonos de 1\/8\u201d confunci\u00f3n de silenciamiento autom\u00e1tico del altavoz, blindaje magn\u00e9tico para podercolocarse cerca de monitores de computadora, dimensiones: 140 x 150 x 241 mm, peso: derecho: 2.1 kg, izquierdo: 1.4 kg.","og_url":"https:\/\/www.mexicanguitarplayers.com\/en\/tienda\/audio\/bafles-y-bocinas\/bafles\/bafles-activos\/bafle-behringer-multimedia-mod-ms16\/","og_site_name":"Mexican Guitar Players","article_modified_time":"2026-05-01T13:42:02+00:00","og_image":[{"width":1200,"height":1200,"url":"https:\/\/www.mexicanguitarplayers.com\/wp-content\/uploads\/2022\/08\/IABEHMS16.jpg","type":"image\/jpeg"}],"twitter_card":"summary_large_image","twitter_misc":{"Est. reading time":"1 minute"},"schema":{"@context":"https:\/\/schema.org","@graph":[{"@type":["WebPage","ItemPage"],"@id":"https:\/\/www.mexicanguitarplayers.com\/tienda\/audio\/bafles-y-bocinas\/bafles\/bafles-activos\/bafle-behringer-multimedia-mod-ms16\/","url":"https:\/\/www.mexicanguitarplayers.com\/tienda\/audio\/bafles-y-bocinas\/bafles\/bafles-activos\/bafle-behringer-multimedia-mod-ms16\/","name":"BAFLE BEHRINGER MULTIMEDIA MOD. MS16 - Mexican Guitar Players","isPartOf":{"@id":"https:\/\/www.mexicanguitarplayers.com\/#website"},"primaryImageOfPage":{"@id":"https:\/\/www.mexicanguitarplayers.com\/tienda\/audio\/bafles-y-bocinas\/bafles\/bafles-activos\/bafle-behringer-multimedia-mod-ms16\/#primaryimage"},"image":{"@id":"https:\/\/www.mexicanguitarplayers.com\/tienda\/audio\/bafles-y-bocinas\/bafles\/bafles-activos\/bafle-behringer-multimedia-mod-ms16\/#primaryimage"},"thumbnailUrl":"https:\/\/www.mexicanguitarplayers.com\/wp-content\/uploads\/2022\/08\/IABEHMS16.jpg","datePublished":"2022-08-18T19:51:37+00:00","dateModified":"2026-05-01T13:42:02+00:00","description":"BAFLE BEHRINGER MULTIMEDIA MOD. MS16. Sistema de monitoreo personal activo de alto rendimiento de 16 watts, ideal paraestudio casero, aplicaciones multimedia y monitoreo vocal y de teclados, potentes woofers de 4\u201d pulgadas y tweeter de alta resoluci\u00f3n alimentados por 2 amplificadores de 8 watts, controles de dedicados de volumen, graves y agudos para mayor flexibilidad, entradas RCA est\u00e9reo para tarjetas de sonido, teclados, entre otros, que se pueden utilizar simult\u00e1neamente con una segunda fuente est\u00e9reo (como reproductor de CD) a trav\u00e9s de una entrada TRS 1\/8\u201d est\u00e9reo, entrada de micr\u00f3fono TRS 1\/4\u201d ajustable por separado, mezclable con entradas est\u00e9reo para aplicaciones de reproducci\u00f3n y monitorizaci\u00f3n vocal, conector de aud\u00edfonos de 1\/8\u201d confunci\u00f3n de silenciamiento autom\u00e1tico del altavoz, blindaje magn\u00e9tico para podercolocarse cerca de monitores de computadora, dimensiones: 140 x 150 x 241 mm, peso: derecho: 2.1 kg, izquierdo: 1.4 kg.","breadcrumb":{"@id":"https:\/\/www.mexicanguitarplayers.com\/tienda\/audio\/bafles-y-bocinas\/bafles\/bafles-activos\/bafle-behringer-multimedia-mod-ms16\/#breadcrumb"},"inLanguage":"en-US","potentialAction":[{"@type":"ReadAction","target":["https:\/\/www.mexicanguitarplayers.com\/tienda\/audio\/bafles-y-bocinas\/bafles\/bafles-activos\/bafle-behringer-multimedia-mod-ms16\/"]}]},{"@type":"ImageObject","inLanguage":"en-US","@id":"https:\/\/www.mexicanguitarplayers.com\/tienda\/audio\/bafles-y-bocinas\/bafles\/bafles-activos\/bafle-behringer-multimedia-mod-ms16\/#primaryimage","url":"https:\/\/www.mexicanguitarplayers.com\/wp-content\/uploads\/2022\/08\/IABEHMS16.jpg","contentUrl":"https:\/\/www.mexicanguitarplayers.com\/wp-content\/uploads\/2022\/08\/IABEHMS16.jpg","width":1200,"height":1200},{"@type":"BreadcrumbList","@id":"https:\/\/www.mexicanguitarplayers.com\/tienda\/audio\/bafles-y-bocinas\/bafles\/bafles-activos\/bafle-behringer-multimedia-mod-ms16\/#breadcrumb","itemListElement":[{"@type":"ListItem","position":1,"name":"Portada","item":"https:\/\/www.mexicanguitarplayers.com\/"},{"@type":"ListItem","position":2,"name":"Tienda","item":"https:\/\/www.mexicanguitarplayers.com\/tienda\/"},{"@type":"ListItem","position":3,"name":"BAFLE BEHRINGER MULTIMEDIA MOD. MS16"}]},{"@type":"WebSite","@id":"https:\/\/www.mexicanguitarplayers.com\/#website","url":"https:\/\/www.mexicanguitarplayers.com\/","name":"Mexican Guitar Players","description":"Website","publisher":{"@id":"https:\/\/www.mexicanguitarplayers.com\/#organization"},"potentialAction":[{"@type":"SearchAction","target":{"@type":"EntryPoint","urlTemplate":"https:\/\/www.mexicanguitarplayers.com\/?s={search_term_string}"},"query-input":{"@type":"PropertyValueSpecification","valueRequired":true,"valueName":"search_term_string"}}],"inLanguage":"en-US"},{"@type":"Organization","@id":"https:\/\/www.mexicanguitarplayers.com\/#organization","name":"Mexican Guitar Players","url":"https:\/\/www.mexicanguitarplayers.com\/","logo":{"@type":"ImageObject","inLanguage":"en-US","@id":"https:\/\/www.mexicanguitarplayers.com\/#\/schema\/logo\/image\/","url":"","contentUrl":"","caption":"Mexican Guitar Players"},"image":{"@id":"https:\/\/www.mexicanguitarplayers.com\/#\/schema\/logo\/image\/"}}]}},"brands":[{"id":171,"name":"BEHRINGER","slug":"behringer"}],"_links":{"self":[{"href":"https:\/\/www.mexicanguitarplayers.com\/en\/wp-json\/wp\/v2\/product\/13821","targetHints":{"allow":["GET"]}}],"collection":[{"href":"https:\/\/www.mexicanguitarplayers.com\/en\/wp-json\/wp\/v2\/product"}],"about":[{"href":"https:\/\/www.mexicanguitarplayers.com\/en\/wp-json\/wp\/v2\/types\/product"}],"replies":[{"embeddable":true,"href":"https:\/\/www.mexicanguitarplayers.com\/en\/wp-json\/wp\/v2\/comments?post=13821"}],"wp:featuredmedia":[{"embeddable":true,"href":"https:\/\/www.mexicanguitarplayers.com\/en\/wp-json\/wp\/v2\/media\/13819"}],"wp:attachment":[{"href":"https:\/\/www.mexicanguitarplayers.com\/en\/wp-json\/wp\/v2\/media?parent=13821"}],"wp:term":[{"taxonomy":"pwb-brand","embeddable":true,"href":"https:\/\/www.mexicanguitarplayers.com\/en\/wp-json\/wp\/v2\/pwb-brand?post=13821"},{"taxonomy":"product_brand","embeddable":true,"href":"https:\/\/www.mexicanguitarplayers.com\/en\/wp-json\/wp\/v2\/product_brand?post=13821"},{"taxonomy":"product_cat","embeddable":true,"href":"https:\/\/www.mexicanguitarplayers.com\/en\/wp-json\/wp\/v2\/product_cat?post=13821"},{"taxonomy":"product_tag","embeddable":true,"href":"https:\/\/www.mexicanguitarplayers.com\/en\/wp-json\/wp\/v2\/product_tag?post=13821"}],"curies":[{"name":"wp","href":"https:\/\/api.w.org\/{rel}","templated":true}]}}