{"id":13823,"date":"2022-08-18T14:51:41","date_gmt":"2022-08-18T19:51:41","guid":{"rendered":"https:\/\/www.mexicanguitarplayers.com\/tienda\/sin%20categor\u00eda\/amplificador-behringer-p-audif-p1\/"},"modified":"2026-04-03T22:15:20","modified_gmt":"2026-04-04T04:15:20","slug":"amplificador-behringer-p-audif-p1","status":"publish","type":"product","link":"https:\/\/www.mexicanguitarplayers.com\/en\/tienda\/audio\/amplificadores-audio\/amplificadores-para-audifonos\/amplificador-behringer-p-audif-p1\/","title":{"rendered":"BEHRINGER AMPLIFIER FOR AUDIF. P1"},"content":{"rendered":"<div style=\"text-align: justify\">\n<div>\n<h3>BEHRINGER AMPLIFIER FOR AUDIF. P1<\/h3>\n<\/div>\n<div>In-ear monitor amplifier for personal monitor applications, high-output, battery-safe headphones, dual XLR inputs allowing mono or 2-channel stereo operation, switchable mono\/stereo operation with mixing function, level and balance controls \/ mix, runs up to 12 hours on a 9V battery (not included).<\/div>\n<\/div>","protected":false},"excerpt":{"rendered":"<p>Amplificador In-ear monitor para aplicaciones de monitor personal, aud\u00edfonos dealta potencia de salida y a prueba de bater\u00edas, entradas XLR dual que permiten operaci\u00f3n mono o est\u00e9reo de 2 canales, funcionamiento mono \/ est\u00e9reo conmutable con funci\u00f3n de mezcla, controles de nivel y balance \/ mezcla, funciona hasta 12 horas con una bater\u00eda de 9V (no incluida).&hellip; <a class=\"kt-excerpt-readmore more-link\" href=\"https:\/\/www.mexicanguitarplayers.com\/en\/tienda\/audio\/amplificadores-audio\/amplificadores-para-audifonos\/amplificador-behringer-p-audif-p1\/\">Read more<\/a><\/p>","protected":false},"featured_media":13822,"comment_status":"open","ping_status":"closed","template":"","meta":{"kt_blocks_editor_width":""},"pwb-brand":[171],"product_brand":[],"product_cat":[219,240,213],"product_tag":[],"class_list":{"0":"post-13823","1":"product","2":"type-product","3":"status-publish","4":"has-post-thumbnail","6":"pwb-brand-behringer","7":"product_cat-amplificadores-audio","8":"product_cat-amplificadores-para-audifonos","9":"product_cat-audio","10":"product_shipping_class-0-5-kg","12":"first","13":"instock","14":"taxable","15":"shipping-taxable","16":"purchasable","17":"product-type-simple"},"yoast_head":"<!-- This site is optimized with the Yoast SEO plugin v27.3 - https:\/\/yoast.com\/product\/yoast-seo-wordpress\/ -->\n<title>AMPLIFICADOR BEHRINGER P\/AUDIF. P1 - Mexican Guitar Players<\/title>\n<meta name=\"description\" content=\"AMPLIFICADOR BEHRINGER P\/AUDIF. P1. Amplificador In-ear monitor para aplicaciones de monitor personal, aud\u00edfonos dealta potencia de salida y a prueba de bater\u00edas, entradas XLR dual que permiten operaci\u00f3n mono o est\u00e9reo de 2 canales, funcionamiento mono \/ est\u00e9reo conmutable con funci\u00f3n de mezcla, controles de nivel y balance \/ mezcla, funciona hasta 12 horas con una bater\u00eda de 9V (no incluida).\" \/>\n<meta name=\"robots\" content=\"index, follow, max-snippet:-1, max-image-preview:large, max-video-preview:-1\" \/>\n<link rel=\"canonical\" href=\"https:\/\/www.mexicanguitarplayers.com\/en\/tienda\/audio\/amplificadores-audio\/amplificadores-para-audifonos\/amplificador-behringer-p-audif-p1\/\" \/>\n<meta property=\"og:locale\" content=\"en_US\" \/>\n<meta property=\"og:type\" content=\"article\" \/>\n<meta property=\"og:title\" content=\"AMPLIFICADOR BEHRINGER P\/AUDIF. P1 - Mexican Guitar Players\" \/>\n<meta property=\"og:description\" content=\"AMPLIFICADOR BEHRINGER P\/AUDIF. P1. Amplificador In-ear monitor para aplicaciones de monitor personal, aud\u00edfonos dealta potencia de salida y a prueba de bater\u00edas, entradas XLR dual que permiten operaci\u00f3n mono o est\u00e9reo de 2 canales, funcionamiento mono \/ est\u00e9reo conmutable con funci\u00f3n de mezcla, controles de nivel y balance \/ mezcla, funciona hasta 12 horas con una bater\u00eda de 9V (no incluida).\" \/>\n<meta property=\"og:url\" content=\"https:\/\/www.mexicanguitarplayers.com\/en\/tienda\/audio\/amplificadores-audio\/amplificadores-para-audifonos\/amplificador-behringer-p-audif-p1\/\" \/>\n<meta property=\"og:site_name\" content=\"Mexican Guitar Players\" \/>\n<meta property=\"article:modified_time\" content=\"2026-04-04T04:15:20+00:00\" \/>\n<meta property=\"og:image\" content=\"https:\/\/www.mexicanguitarplayers.com\/wp-content\/uploads\/2022\/08\/IABEHP1.jpg\" \/>\n\t<meta property=\"og:image:width\" content=\"1600\" \/>\n\t<meta property=\"og:image:height\" content=\"800\" \/>\n\t<meta property=\"og:image:type\" content=\"image\/jpeg\" \/>\n<meta name=\"twitter:card\" content=\"summary_large_image\" \/>\n<script type=\"application\/ld+json\" class=\"yoast-schema-graph\">{\"@context\":\"https:\\\/\\\/schema.org\",\"@graph\":[{\"@type\":[\"WebPage\",\"ItemPage\"],\"@id\":\"https:\\\/\\\/www.mexicanguitarplayers.com\\\/tienda\\\/audio\\\/amplificadores-audio\\\/amplificadores-para-audifonos\\\/amplificador-behringer-p-audif-p1\\\/\",\"url\":\"https:\\\/\\\/www.mexicanguitarplayers.com\\\/tienda\\\/audio\\\/amplificadores-audio\\\/amplificadores-para-audifonos\\\/amplificador-behringer-p-audif-p1\\\/\",\"name\":\"AMPLIFICADOR BEHRINGER P\\\/AUDIF. P1 - Mexican Guitar Players\",\"isPartOf\":{\"@id\":\"https:\\\/\\\/www.mexicanguitarplayers.com\\\/#website\"},\"primaryImageOfPage\":{\"@id\":\"https:\\\/\\\/www.mexicanguitarplayers.com\\\/tienda\\\/audio\\\/amplificadores-audio\\\/amplificadores-para-audifonos\\\/amplificador-behringer-p-audif-p1\\\/#primaryimage\"},\"image\":{\"@id\":\"https:\\\/\\\/www.mexicanguitarplayers.com\\\/tienda\\\/audio\\\/amplificadores-audio\\\/amplificadores-para-audifonos\\\/amplificador-behringer-p-audif-p1\\\/#primaryimage\"},\"thumbnailUrl\":\"https:\\\/\\\/www.mexicanguitarplayers.com\\\/wp-content\\\/uploads\\\/2022\\\/08\\\/IABEHP1.jpg\",\"datePublished\":\"2022-08-18T19:51:41+00:00\",\"dateModified\":\"2026-04-04T04:15:20+00:00\",\"description\":\"AMPLIFICADOR BEHRINGER P\\\/AUDIF. P1. Amplificador In-ear monitor para aplicaciones de monitor personal, aud\u00edfonos dealta potencia de salida y a prueba de bater\u00edas, entradas XLR dual que permiten operaci\u00f3n mono o est\u00e9reo de 2 canales, funcionamiento mono \\\/ est\u00e9reo conmutable con funci\u00f3n de mezcla, controles de nivel y balance \\\/ mezcla, funciona hasta 12 horas con una bater\u00eda de 9V (no incluida).\",\"breadcrumb\":{\"@id\":\"https:\\\/\\\/www.mexicanguitarplayers.com\\\/tienda\\\/audio\\\/amplificadores-audio\\\/amplificadores-para-audifonos\\\/amplificador-behringer-p-audif-p1\\\/#breadcrumb\"},\"inLanguage\":\"en-US\",\"potentialAction\":[{\"@type\":\"ReadAction\",\"target\":[\"https:\\\/\\\/www.mexicanguitarplayers.com\\\/tienda\\\/audio\\\/amplificadores-audio\\\/amplificadores-para-audifonos\\\/amplificador-behringer-p-audif-p1\\\/\"]}]},{\"@type\":\"ImageObject\",\"inLanguage\":\"en-US\",\"@id\":\"https:\\\/\\\/www.mexicanguitarplayers.com\\\/tienda\\\/audio\\\/amplificadores-audio\\\/amplificadores-para-audifonos\\\/amplificador-behringer-p-audif-p1\\\/#primaryimage\",\"url\":\"https:\\\/\\\/www.mexicanguitarplayers.com\\\/wp-content\\\/uploads\\\/2022\\\/08\\\/IABEHP1.jpg\",\"contentUrl\":\"https:\\\/\\\/www.mexicanguitarplayers.com\\\/wp-content\\\/uploads\\\/2022\\\/08\\\/IABEHP1.jpg\",\"width\":1600,\"height\":800},{\"@type\":\"BreadcrumbList\",\"@id\":\"https:\\\/\\\/www.mexicanguitarplayers.com\\\/tienda\\\/audio\\\/amplificadores-audio\\\/amplificadores-para-audifonos\\\/amplificador-behringer-p-audif-p1\\\/#breadcrumb\",\"itemListElement\":[{\"@type\":\"ListItem\",\"position\":1,\"name\":\"Portada\",\"item\":\"https:\\\/\\\/www.mexicanguitarplayers.com\\\/\"},{\"@type\":\"ListItem\",\"position\":2,\"name\":\"Tienda\",\"item\":\"https:\\\/\\\/www.mexicanguitarplayers.com\\\/tienda\\\/\"},{\"@type\":\"ListItem\",\"position\":3,\"name\":\"AMPLIFICADOR BEHRINGER P\\\/AUDIF. P1\"}]},{\"@type\":\"WebSite\",\"@id\":\"https:\\\/\\\/www.mexicanguitarplayers.com\\\/#website\",\"url\":\"https:\\\/\\\/www.mexicanguitarplayers.com\\\/\",\"name\":\"Mexican Guitar Players\",\"description\":\"Website\",\"publisher\":{\"@id\":\"https:\\\/\\\/www.mexicanguitarplayers.com\\\/#organization\"},\"potentialAction\":[{\"@type\":\"SearchAction\",\"target\":{\"@type\":\"EntryPoint\",\"urlTemplate\":\"https:\\\/\\\/www.mexicanguitarplayers.com\\\/?s={search_term_string}\"},\"query-input\":{\"@type\":\"PropertyValueSpecification\",\"valueRequired\":true,\"valueName\":\"search_term_string\"}}],\"inLanguage\":\"en-US\"},{\"@type\":\"Organization\",\"@id\":\"https:\\\/\\\/www.mexicanguitarplayers.com\\\/#organization\",\"name\":\"Mexican Guitar Players\",\"url\":\"https:\\\/\\\/www.mexicanguitarplayers.com\\\/\",\"logo\":{\"@type\":\"ImageObject\",\"inLanguage\":\"en-US\",\"@id\":\"https:\\\/\\\/www.mexicanguitarplayers.com\\\/#\\\/schema\\\/logo\\\/image\\\/\",\"url\":\"\",\"contentUrl\":\"\",\"caption\":\"Mexican Guitar Players\"},\"image\":{\"@id\":\"https:\\\/\\\/www.mexicanguitarplayers.com\\\/#\\\/schema\\\/logo\\\/image\\\/\"}}]}<\/script>\n<!-- \/ Yoast SEO plugin. -->","yoast_head_json":{"title":"AMPLIFICADOR BEHRINGER P\/AUDIF. P1 - Mexican Guitar Players","description":"AMPLIFICADOR BEHRINGER P\/AUDIF. P1. Amplificador In-ear monitor para aplicaciones de monitor personal, aud\u00edfonos dealta potencia de salida y a prueba de bater\u00edas, entradas XLR dual que permiten operaci\u00f3n mono o est\u00e9reo de 2 canales, funcionamiento mono \/ est\u00e9reo conmutable con funci\u00f3n de mezcla, controles de nivel y balance \/ mezcla, funciona hasta 12 horas con una bater\u00eda de 9V (no incluida).","robots":{"index":"index","follow":"follow","max-snippet":"max-snippet:-1","max-image-preview":"max-image-preview:large","max-video-preview":"max-video-preview:-1"},"canonical":"https:\/\/www.mexicanguitarplayers.com\/en\/tienda\/audio\/amplificadores-audio\/amplificadores-para-audifonos\/amplificador-behringer-p-audif-p1\/","og_locale":"en_US","og_type":"article","og_title":"AMPLIFICADOR BEHRINGER P\/AUDIF. P1 - Mexican Guitar Players","og_description":"AMPLIFICADOR BEHRINGER P\/AUDIF. P1. Amplificador In-ear monitor para aplicaciones de monitor personal, aud\u00edfonos dealta potencia de salida y a prueba de bater\u00edas, entradas XLR dual que permiten operaci\u00f3n mono o est\u00e9reo de 2 canales, funcionamiento mono \/ est\u00e9reo conmutable con funci\u00f3n de mezcla, controles de nivel y balance \/ mezcla, funciona hasta 12 horas con una bater\u00eda de 9V (no incluida).","og_url":"https:\/\/www.mexicanguitarplayers.com\/en\/tienda\/audio\/amplificadores-audio\/amplificadores-para-audifonos\/amplificador-behringer-p-audif-p1\/","og_site_name":"Mexican Guitar Players","article_modified_time":"2026-04-04T04:15:20+00:00","og_image":[{"width":1600,"height":800,"url":"https:\/\/www.mexicanguitarplayers.com\/wp-content\/uploads\/2022\/08\/IABEHP1.jpg","type":"image\/jpeg"}],"twitter_card":"summary_large_image","schema":{"@context":"https:\/\/schema.org","@graph":[{"@type":["WebPage","ItemPage"],"@id":"https:\/\/www.mexicanguitarplayers.com\/tienda\/audio\/amplificadores-audio\/amplificadores-para-audifonos\/amplificador-behringer-p-audif-p1\/","url":"https:\/\/www.mexicanguitarplayers.com\/tienda\/audio\/amplificadores-audio\/amplificadores-para-audifonos\/amplificador-behringer-p-audif-p1\/","name":"AMPLIFICADOR BEHRINGER P\/AUDIF. P1 - Mexican Guitar Players","isPartOf":{"@id":"https:\/\/www.mexicanguitarplayers.com\/#website"},"primaryImageOfPage":{"@id":"https:\/\/www.mexicanguitarplayers.com\/tienda\/audio\/amplificadores-audio\/amplificadores-para-audifonos\/amplificador-behringer-p-audif-p1\/#primaryimage"},"image":{"@id":"https:\/\/www.mexicanguitarplayers.com\/tienda\/audio\/amplificadores-audio\/amplificadores-para-audifonos\/amplificador-behringer-p-audif-p1\/#primaryimage"},"thumbnailUrl":"https:\/\/www.mexicanguitarplayers.com\/wp-content\/uploads\/2022\/08\/IABEHP1.jpg","datePublished":"2022-08-18T19:51:41+00:00","dateModified":"2026-04-04T04:15:20+00:00","description":"AMPLIFICADOR BEHRINGER P\/AUDIF. P1. Amplificador In-ear monitor para aplicaciones de monitor personal, aud\u00edfonos dealta potencia de salida y a prueba de bater\u00edas, entradas XLR dual que permiten operaci\u00f3n mono o est\u00e9reo de 2 canales, funcionamiento mono \/ est\u00e9reo conmutable con funci\u00f3n de mezcla, controles de nivel y balance \/ mezcla, funciona hasta 12 horas con una bater\u00eda de 9V (no incluida).","breadcrumb":{"@id":"https:\/\/www.mexicanguitarplayers.com\/tienda\/audio\/amplificadores-audio\/amplificadores-para-audifonos\/amplificador-behringer-p-audif-p1\/#breadcrumb"},"inLanguage":"en-US","potentialAction":[{"@type":"ReadAction","target":["https:\/\/www.mexicanguitarplayers.com\/tienda\/audio\/amplificadores-audio\/amplificadores-para-audifonos\/amplificador-behringer-p-audif-p1\/"]}]},{"@type":"ImageObject","inLanguage":"en-US","@id":"https:\/\/www.mexicanguitarplayers.com\/tienda\/audio\/amplificadores-audio\/amplificadores-para-audifonos\/amplificador-behringer-p-audif-p1\/#primaryimage","url":"https:\/\/www.mexicanguitarplayers.com\/wp-content\/uploads\/2022\/08\/IABEHP1.jpg","contentUrl":"https:\/\/www.mexicanguitarplayers.com\/wp-content\/uploads\/2022\/08\/IABEHP1.jpg","width":1600,"height":800},{"@type":"BreadcrumbList","@id":"https:\/\/www.mexicanguitarplayers.com\/tienda\/audio\/amplificadores-audio\/amplificadores-para-audifonos\/amplificador-behringer-p-audif-p1\/#breadcrumb","itemListElement":[{"@type":"ListItem","position":1,"name":"Portada","item":"https:\/\/www.mexicanguitarplayers.com\/"},{"@type":"ListItem","position":2,"name":"Tienda","item":"https:\/\/www.mexicanguitarplayers.com\/tienda\/"},{"@type":"ListItem","position":3,"name":"AMPLIFICADOR BEHRINGER P\/AUDIF. P1"}]},{"@type":"WebSite","@id":"https:\/\/www.mexicanguitarplayers.com\/#website","url":"https:\/\/www.mexicanguitarplayers.com\/","name":"Mexican Guitar Players","description":"Website","publisher":{"@id":"https:\/\/www.mexicanguitarplayers.com\/#organization"},"potentialAction":[{"@type":"SearchAction","target":{"@type":"EntryPoint","urlTemplate":"https:\/\/www.mexicanguitarplayers.com\/?s={search_term_string}"},"query-input":{"@type":"PropertyValueSpecification","valueRequired":true,"valueName":"search_term_string"}}],"inLanguage":"en-US"},{"@type":"Organization","@id":"https:\/\/www.mexicanguitarplayers.com\/#organization","name":"Mexican Guitar Players","url":"https:\/\/www.mexicanguitarplayers.com\/","logo":{"@type":"ImageObject","inLanguage":"en-US","@id":"https:\/\/www.mexicanguitarplayers.com\/#\/schema\/logo\/image\/","url":"","contentUrl":"","caption":"Mexican Guitar Players"},"image":{"@id":"https:\/\/www.mexicanguitarplayers.com\/#\/schema\/logo\/image\/"}}]}},"brands":[{"id":171,"name":"BEHRINGER","slug":"behringer"}],"_links":{"self":[{"href":"https:\/\/www.mexicanguitarplayers.com\/en\/wp-json\/wp\/v2\/product\/13823","targetHints":{"allow":["GET"]}}],"collection":[{"href":"https:\/\/www.mexicanguitarplayers.com\/en\/wp-json\/wp\/v2\/product"}],"about":[{"href":"https:\/\/www.mexicanguitarplayers.com\/en\/wp-json\/wp\/v2\/types\/product"}],"replies":[{"embeddable":true,"href":"https:\/\/www.mexicanguitarplayers.com\/en\/wp-json\/wp\/v2\/comments?post=13823"}],"wp:featuredmedia":[{"embeddable":true,"href":"https:\/\/www.mexicanguitarplayers.com\/en\/wp-json\/wp\/v2\/media\/13822"}],"wp:attachment":[{"href":"https:\/\/www.mexicanguitarplayers.com\/en\/wp-json\/wp\/v2\/media?parent=13823"}],"wp:term":[{"taxonomy":"pwb-brand","embeddable":true,"href":"https:\/\/www.mexicanguitarplayers.com\/en\/wp-json\/wp\/v2\/pwb-brand?post=13823"},{"taxonomy":"product_brand","embeddable":true,"href":"https:\/\/www.mexicanguitarplayers.com\/en\/wp-json\/wp\/v2\/product_brand?post=13823"},{"taxonomy":"product_cat","embeddable":true,"href":"https:\/\/www.mexicanguitarplayers.com\/en\/wp-json\/wp\/v2\/product_cat?post=13823"},{"taxonomy":"product_tag","embeddable":true,"href":"https:\/\/www.mexicanguitarplayers.com\/en\/wp-json\/wp\/v2\/product_tag?post=13823"}],"curies":[{"name":"wp","href":"https:\/\/api.w.org\/{rel}","templated":true}]}}