{"id":13828,"date":"2022-08-18T14:51:49","date_gmt":"2022-08-18T19:51:49","guid":{"rendered":"https:\/\/www.mexicanguitarplayers.com\/tienda\/sin%20categor\u00eda\/amplificador-behringer-p-audif-p2\/"},"modified":"2026-03-07T22:20:08","modified_gmt":"2026-03-08T04:20:08","slug":"amplificador-behringer-p-audif-p2","status":"publish","type":"product","link":"https:\/\/www.mexicanguitarplayers.com\/en\/tienda\/audio\/amplificadores-audio\/amplificadores-para-audifonos\/amplificador-behringer-p-audif-p2\/","title":{"rendered":"BEHRINGER AMPLIFIER FOR AUDIF. P2"},"content":{"rendered":"<div style=\"text-align: justify\">\n<div>\n<h3>BEHRINGER AMPLIFIER FOR AUDIF. P2<\/h3>\n<\/div>\n<div>Ultra-compact personal in-ears amplifier for monitoring applications, ultra-lightweight design, drum-proof high-power headphone output, combo XLR\/TRS input connector with locking mechanism, level control with On\/Off switch, toggle switch mono or stereo (internal) source, works up to 12 hours with AAA batteries (not included), battery control with LED indicators, integrated current limit to protect ears and hearing aids, includes belt-pack, resistant metal chassis, dimensions: 33 x 38 x 132mm, weight: 140g.<\/div>\n<\/div>","protected":false},"excerpt":{"rendered":"<p>Amplificador personal ultra compacto de in-ears para aplicaciones de monitoreo, dise\u00f1o ultra ligero, salida de aud\u00edfonos de alta potencia a prueba de bateristas, conector de entrada combo XLR\/TRS con mecanismo de bloqueo, control de nivel con switch On\/Off, switch de fuente mono o est\u00e9reo (interno), funciona hasta 12 horas con bater\u00edas AAA (no incluidas), control de bater\u00eda con indicadores LED, l\u00edmite de corriente integrado para proteger o\u00eddos y aud\u00edfonos, incluye belt-pack, resistente chasis de metal, dimensiones: 33 x 38 x 132 mm, peso: 140 g.&hellip; <a class=\"kt-excerpt-readmore more-link\" href=\"https:\/\/www.mexicanguitarplayers.com\/en\/tienda\/audio\/amplificadores-audio\/amplificadores-para-audifonos\/amplificador-behringer-p-audif-p2\/\">Read more<\/a><\/p>","protected":false},"featured_media":13824,"comment_status":"open","ping_status":"closed","template":"","meta":{"kt_blocks_editor_width":""},"pwb-brand":[171],"product_brand":[],"product_cat":[219,240,213],"product_tag":[],"class_list":{"0":"post-13828","1":"product","2":"type-product","3":"status-publish","4":"has-post-thumbnail","6":"pwb-brand-behringer","7":"product_cat-amplificadores-audio","8":"product_cat-amplificadores-para-audifonos","9":"product_cat-audio","10":"product_shipping_class-0-5-kg","12":"first","13":"instock","14":"taxable","15":"shipping-taxable","16":"purchasable","17":"product-type-simple"},"yoast_head":"<!-- This site is optimized with the Yoast SEO plugin v27.3 - https:\/\/yoast.com\/product\/yoast-seo-wordpress\/ -->\n<title>AMPLIFICADOR BEHRINGER P\/AUDIF. P2 - Mexican Guitar Players<\/title>\n<meta name=\"description\" content=\"AMPLIFICADOR BEHRINGER P\/AUDIF. P2. Amplificador personal ultra compacto de in-ears para aplicaciones de monitoreo, dise\u00f1o ultra ligero, salida de aud\u00edfonos de alta potencia a prueba de bateristas, conector de entrada combo XLR\/TRS con mecanismo de bloqueo, control de nivel con switch On\/Off, switch de fuente mono o est\u00e9reo (interno), funciona hasta 12 horas con bater\u00edas AAA (no incluidas), control de bater\u00eda con indicadores LED, l\u00edmite de corriente integrado para proteger o\u00eddos y aud\u00edfonos, incluye belt-pack, resistente chasis de metal, dimensiones: 33 x 38 x 132 mm, peso: 140 g.\" \/>\n<meta name=\"robots\" content=\"index, follow, max-snippet:-1, max-image-preview:large, max-video-preview:-1\" \/>\n<link rel=\"canonical\" href=\"https:\/\/www.mexicanguitarplayers.com\/en\/tienda\/audio\/amplificadores-audio\/amplificadores-para-audifonos\/amplificador-behringer-p-audif-p2\/\" \/>\n<meta property=\"og:locale\" content=\"en_US\" \/>\n<meta property=\"og:type\" content=\"article\" \/>\n<meta property=\"og:title\" content=\"AMPLIFICADOR BEHRINGER P\/AUDIF. P2 - Mexican Guitar Players\" \/>\n<meta property=\"og:description\" content=\"AMPLIFICADOR BEHRINGER P\/AUDIF. P2. Amplificador personal ultra compacto de in-ears para aplicaciones de monitoreo, dise\u00f1o ultra ligero, salida de aud\u00edfonos de alta potencia a prueba de bateristas, conector de entrada combo XLR\/TRS con mecanismo de bloqueo, control de nivel con switch On\/Off, switch de fuente mono o est\u00e9reo (interno), funciona hasta 12 horas con bater\u00edas AAA (no incluidas), control de bater\u00eda con indicadores LED, l\u00edmite de corriente integrado para proteger o\u00eddos y aud\u00edfonos, incluye belt-pack, resistente chasis de metal, dimensiones: 33 x 38 x 132 mm, peso: 140 g.\" \/>\n<meta property=\"og:url\" content=\"https:\/\/www.mexicanguitarplayers.com\/en\/tienda\/audio\/amplificadores-audio\/amplificadores-para-audifonos\/amplificador-behringer-p-audif-p2\/\" \/>\n<meta property=\"og:site_name\" content=\"Mexican Guitar Players\" \/>\n<meta property=\"article:modified_time\" content=\"2026-03-08T04:20:08+00:00\" \/>\n<meta property=\"og:image\" content=\"https:\/\/www.mexicanguitarplayers.com\/wp-content\/uploads\/2022\/08\/IABEHP2.jpg\" \/>\n\t<meta property=\"og:image:width\" content=\"1200\" \/>\n\t<meta property=\"og:image:height\" content=\"1200\" \/>\n\t<meta property=\"og:image:type\" content=\"image\/jpeg\" \/>\n<meta name=\"twitter:card\" content=\"summary_large_image\" \/>\n<script type=\"application\/ld+json\" class=\"yoast-schema-graph\">{\"@context\":\"https:\\\/\\\/schema.org\",\"@graph\":[{\"@type\":[\"WebPage\",\"ItemPage\"],\"@id\":\"https:\\\/\\\/www.mexicanguitarplayers.com\\\/tienda\\\/audio\\\/amplificadores-audio\\\/amplificadores-para-audifonos\\\/amplificador-behringer-p-audif-p2\\\/\",\"url\":\"https:\\\/\\\/www.mexicanguitarplayers.com\\\/tienda\\\/audio\\\/amplificadores-audio\\\/amplificadores-para-audifonos\\\/amplificador-behringer-p-audif-p2\\\/\",\"name\":\"AMPLIFICADOR BEHRINGER P\\\/AUDIF. P2 - Mexican Guitar Players\",\"isPartOf\":{\"@id\":\"https:\\\/\\\/www.mexicanguitarplayers.com\\\/#website\"},\"primaryImageOfPage\":{\"@id\":\"https:\\\/\\\/www.mexicanguitarplayers.com\\\/tienda\\\/audio\\\/amplificadores-audio\\\/amplificadores-para-audifonos\\\/amplificador-behringer-p-audif-p2\\\/#primaryimage\"},\"image\":{\"@id\":\"https:\\\/\\\/www.mexicanguitarplayers.com\\\/tienda\\\/audio\\\/amplificadores-audio\\\/amplificadores-para-audifonos\\\/amplificador-behringer-p-audif-p2\\\/#primaryimage\"},\"thumbnailUrl\":\"https:\\\/\\\/www.mexicanguitarplayers.com\\\/wp-content\\\/uploads\\\/2022\\\/08\\\/IABEHP2.jpg\",\"datePublished\":\"2022-08-18T19:51:49+00:00\",\"dateModified\":\"2026-03-08T04:20:08+00:00\",\"description\":\"AMPLIFICADOR BEHRINGER P\\\/AUDIF. P2. Amplificador personal ultra compacto de in-ears para aplicaciones de monitoreo, dise\u00f1o ultra ligero, salida de aud\u00edfonos de alta potencia a prueba de bateristas, conector de entrada combo XLR\\\/TRS con mecanismo de bloqueo, control de nivel con switch On\\\/Off, switch de fuente mono o est\u00e9reo (interno), funciona hasta 12 horas con bater\u00edas AAA (no incluidas), control de bater\u00eda con indicadores LED, l\u00edmite de corriente integrado para proteger o\u00eddos y aud\u00edfonos, incluye belt-pack, resistente chasis de metal, dimensiones: 33 x 38 x 132 mm, peso: 140 g.\",\"breadcrumb\":{\"@id\":\"https:\\\/\\\/www.mexicanguitarplayers.com\\\/tienda\\\/audio\\\/amplificadores-audio\\\/amplificadores-para-audifonos\\\/amplificador-behringer-p-audif-p2\\\/#breadcrumb\"},\"inLanguage\":\"en-US\",\"potentialAction\":[{\"@type\":\"ReadAction\",\"target\":[\"https:\\\/\\\/www.mexicanguitarplayers.com\\\/tienda\\\/audio\\\/amplificadores-audio\\\/amplificadores-para-audifonos\\\/amplificador-behringer-p-audif-p2\\\/\"]}]},{\"@type\":\"ImageObject\",\"inLanguage\":\"en-US\",\"@id\":\"https:\\\/\\\/www.mexicanguitarplayers.com\\\/tienda\\\/audio\\\/amplificadores-audio\\\/amplificadores-para-audifonos\\\/amplificador-behringer-p-audif-p2\\\/#primaryimage\",\"url\":\"https:\\\/\\\/www.mexicanguitarplayers.com\\\/wp-content\\\/uploads\\\/2022\\\/08\\\/IABEHP2.jpg\",\"contentUrl\":\"https:\\\/\\\/www.mexicanguitarplayers.com\\\/wp-content\\\/uploads\\\/2022\\\/08\\\/IABEHP2.jpg\",\"width\":1200,\"height\":1200},{\"@type\":\"BreadcrumbList\",\"@id\":\"https:\\\/\\\/www.mexicanguitarplayers.com\\\/tienda\\\/audio\\\/amplificadores-audio\\\/amplificadores-para-audifonos\\\/amplificador-behringer-p-audif-p2\\\/#breadcrumb\",\"itemListElement\":[{\"@type\":\"ListItem\",\"position\":1,\"name\":\"Portada\",\"item\":\"https:\\\/\\\/www.mexicanguitarplayers.com\\\/\"},{\"@type\":\"ListItem\",\"position\":2,\"name\":\"Tienda\",\"item\":\"https:\\\/\\\/www.mexicanguitarplayers.com\\\/tienda\\\/\"},{\"@type\":\"ListItem\",\"position\":3,\"name\":\"AMPLIFICADOR BEHRINGER P\\\/AUDIF. P2\"}]},{\"@type\":\"WebSite\",\"@id\":\"https:\\\/\\\/www.mexicanguitarplayers.com\\\/#website\",\"url\":\"https:\\\/\\\/www.mexicanguitarplayers.com\\\/\",\"name\":\"Mexican Guitar Players\",\"description\":\"Website\",\"publisher\":{\"@id\":\"https:\\\/\\\/www.mexicanguitarplayers.com\\\/#organization\"},\"potentialAction\":[{\"@type\":\"SearchAction\",\"target\":{\"@type\":\"EntryPoint\",\"urlTemplate\":\"https:\\\/\\\/www.mexicanguitarplayers.com\\\/?s={search_term_string}\"},\"query-input\":{\"@type\":\"PropertyValueSpecification\",\"valueRequired\":true,\"valueName\":\"search_term_string\"}}],\"inLanguage\":\"en-US\"},{\"@type\":\"Organization\",\"@id\":\"https:\\\/\\\/www.mexicanguitarplayers.com\\\/#organization\",\"name\":\"Mexican Guitar Players\",\"url\":\"https:\\\/\\\/www.mexicanguitarplayers.com\\\/\",\"logo\":{\"@type\":\"ImageObject\",\"inLanguage\":\"en-US\",\"@id\":\"https:\\\/\\\/www.mexicanguitarplayers.com\\\/#\\\/schema\\\/logo\\\/image\\\/\",\"url\":\"\",\"contentUrl\":\"\",\"caption\":\"Mexican Guitar Players\"},\"image\":{\"@id\":\"https:\\\/\\\/www.mexicanguitarplayers.com\\\/#\\\/schema\\\/logo\\\/image\\\/\"}}]}<\/script>\n<!-- \/ Yoast SEO plugin. -->","yoast_head_json":{"title":"AMPLIFICADOR BEHRINGER P\/AUDIF. P2 - Mexican Guitar Players","description":"AMPLIFICADOR BEHRINGER P\/AUDIF. P2. Amplificador personal ultra compacto de in-ears para aplicaciones de monitoreo, dise\u00f1o ultra ligero, salida de aud\u00edfonos de alta potencia a prueba de bateristas, conector de entrada combo XLR\/TRS con mecanismo de bloqueo, control de nivel con switch On\/Off, switch de fuente mono o est\u00e9reo (interno), funciona hasta 12 horas con bater\u00edas AAA (no incluidas), control de bater\u00eda con indicadores LED, l\u00edmite de corriente integrado para proteger o\u00eddos y aud\u00edfonos, incluye belt-pack, resistente chasis de metal, dimensiones: 33 x 38 x 132 mm, peso: 140 g.","robots":{"index":"index","follow":"follow","max-snippet":"max-snippet:-1","max-image-preview":"max-image-preview:large","max-video-preview":"max-video-preview:-1"},"canonical":"https:\/\/www.mexicanguitarplayers.com\/en\/tienda\/audio\/amplificadores-audio\/amplificadores-para-audifonos\/amplificador-behringer-p-audif-p2\/","og_locale":"en_US","og_type":"article","og_title":"AMPLIFICADOR BEHRINGER P\/AUDIF. P2 - Mexican Guitar Players","og_description":"AMPLIFICADOR BEHRINGER P\/AUDIF. P2. Amplificador personal ultra compacto de in-ears para aplicaciones de monitoreo, dise\u00f1o ultra ligero, salida de aud\u00edfonos de alta potencia a prueba de bateristas, conector de entrada combo XLR\/TRS con mecanismo de bloqueo, control de nivel con switch On\/Off, switch de fuente mono o est\u00e9reo (interno), funciona hasta 12 horas con bater\u00edas AAA (no incluidas), control de bater\u00eda con indicadores LED, l\u00edmite de corriente integrado para proteger o\u00eddos y aud\u00edfonos, incluye belt-pack, resistente chasis de metal, dimensiones: 33 x 38 x 132 mm, peso: 140 g.","og_url":"https:\/\/www.mexicanguitarplayers.com\/en\/tienda\/audio\/amplificadores-audio\/amplificadores-para-audifonos\/amplificador-behringer-p-audif-p2\/","og_site_name":"Mexican Guitar Players","article_modified_time":"2026-03-08T04:20:08+00:00","og_image":[{"width":1200,"height":1200,"url":"https:\/\/www.mexicanguitarplayers.com\/wp-content\/uploads\/2022\/08\/IABEHP2.jpg","type":"image\/jpeg"}],"twitter_card":"summary_large_image","schema":{"@context":"https:\/\/schema.org","@graph":[{"@type":["WebPage","ItemPage"],"@id":"https:\/\/www.mexicanguitarplayers.com\/tienda\/audio\/amplificadores-audio\/amplificadores-para-audifonos\/amplificador-behringer-p-audif-p2\/","url":"https:\/\/www.mexicanguitarplayers.com\/tienda\/audio\/amplificadores-audio\/amplificadores-para-audifonos\/amplificador-behringer-p-audif-p2\/","name":"AMPLIFICADOR BEHRINGER P\/AUDIF. P2 - Mexican Guitar Players","isPartOf":{"@id":"https:\/\/www.mexicanguitarplayers.com\/#website"},"primaryImageOfPage":{"@id":"https:\/\/www.mexicanguitarplayers.com\/tienda\/audio\/amplificadores-audio\/amplificadores-para-audifonos\/amplificador-behringer-p-audif-p2\/#primaryimage"},"image":{"@id":"https:\/\/www.mexicanguitarplayers.com\/tienda\/audio\/amplificadores-audio\/amplificadores-para-audifonos\/amplificador-behringer-p-audif-p2\/#primaryimage"},"thumbnailUrl":"https:\/\/www.mexicanguitarplayers.com\/wp-content\/uploads\/2022\/08\/IABEHP2.jpg","datePublished":"2022-08-18T19:51:49+00:00","dateModified":"2026-03-08T04:20:08+00:00","description":"AMPLIFICADOR BEHRINGER P\/AUDIF. P2. Amplificador personal ultra compacto de in-ears para aplicaciones de monitoreo, dise\u00f1o ultra ligero, salida de aud\u00edfonos de alta potencia a prueba de bateristas, conector de entrada combo XLR\/TRS con mecanismo de bloqueo, control de nivel con switch On\/Off, switch de fuente mono o est\u00e9reo (interno), funciona hasta 12 horas con bater\u00edas AAA (no incluidas), control de bater\u00eda con indicadores LED, l\u00edmite de corriente integrado para proteger o\u00eddos y aud\u00edfonos, incluye belt-pack, resistente chasis de metal, dimensiones: 33 x 38 x 132 mm, peso: 140 g.","breadcrumb":{"@id":"https:\/\/www.mexicanguitarplayers.com\/tienda\/audio\/amplificadores-audio\/amplificadores-para-audifonos\/amplificador-behringer-p-audif-p2\/#breadcrumb"},"inLanguage":"en-US","potentialAction":[{"@type":"ReadAction","target":["https:\/\/www.mexicanguitarplayers.com\/tienda\/audio\/amplificadores-audio\/amplificadores-para-audifonos\/amplificador-behringer-p-audif-p2\/"]}]},{"@type":"ImageObject","inLanguage":"en-US","@id":"https:\/\/www.mexicanguitarplayers.com\/tienda\/audio\/amplificadores-audio\/amplificadores-para-audifonos\/amplificador-behringer-p-audif-p2\/#primaryimage","url":"https:\/\/www.mexicanguitarplayers.com\/wp-content\/uploads\/2022\/08\/IABEHP2.jpg","contentUrl":"https:\/\/www.mexicanguitarplayers.com\/wp-content\/uploads\/2022\/08\/IABEHP2.jpg","width":1200,"height":1200},{"@type":"BreadcrumbList","@id":"https:\/\/www.mexicanguitarplayers.com\/tienda\/audio\/amplificadores-audio\/amplificadores-para-audifonos\/amplificador-behringer-p-audif-p2\/#breadcrumb","itemListElement":[{"@type":"ListItem","position":1,"name":"Portada","item":"https:\/\/www.mexicanguitarplayers.com\/"},{"@type":"ListItem","position":2,"name":"Tienda","item":"https:\/\/www.mexicanguitarplayers.com\/tienda\/"},{"@type":"ListItem","position":3,"name":"AMPLIFICADOR BEHRINGER P\/AUDIF. P2"}]},{"@type":"WebSite","@id":"https:\/\/www.mexicanguitarplayers.com\/#website","url":"https:\/\/www.mexicanguitarplayers.com\/","name":"Mexican Guitar Players","description":"Website","publisher":{"@id":"https:\/\/www.mexicanguitarplayers.com\/#organization"},"potentialAction":[{"@type":"SearchAction","target":{"@type":"EntryPoint","urlTemplate":"https:\/\/www.mexicanguitarplayers.com\/?s={search_term_string}"},"query-input":{"@type":"PropertyValueSpecification","valueRequired":true,"valueName":"search_term_string"}}],"inLanguage":"en-US"},{"@type":"Organization","@id":"https:\/\/www.mexicanguitarplayers.com\/#organization","name":"Mexican Guitar Players","url":"https:\/\/www.mexicanguitarplayers.com\/","logo":{"@type":"ImageObject","inLanguage":"en-US","@id":"https:\/\/www.mexicanguitarplayers.com\/#\/schema\/logo\/image\/","url":"","contentUrl":"","caption":"Mexican Guitar Players"},"image":{"@id":"https:\/\/www.mexicanguitarplayers.com\/#\/schema\/logo\/image\/"}}]}},"brands":[{"id":171,"name":"BEHRINGER","slug":"behringer"}],"_links":{"self":[{"href":"https:\/\/www.mexicanguitarplayers.com\/en\/wp-json\/wp\/v2\/product\/13828","targetHints":{"allow":["GET"]}}],"collection":[{"href":"https:\/\/www.mexicanguitarplayers.com\/en\/wp-json\/wp\/v2\/product"}],"about":[{"href":"https:\/\/www.mexicanguitarplayers.com\/en\/wp-json\/wp\/v2\/types\/product"}],"replies":[{"embeddable":true,"href":"https:\/\/www.mexicanguitarplayers.com\/en\/wp-json\/wp\/v2\/comments?post=13828"}],"wp:featuredmedia":[{"embeddable":true,"href":"https:\/\/www.mexicanguitarplayers.com\/en\/wp-json\/wp\/v2\/media\/13824"}],"wp:attachment":[{"href":"https:\/\/www.mexicanguitarplayers.com\/en\/wp-json\/wp\/v2\/media?parent=13828"}],"wp:term":[{"taxonomy":"pwb-brand","embeddable":true,"href":"https:\/\/www.mexicanguitarplayers.com\/en\/wp-json\/wp\/v2\/pwb-brand?post=13828"},{"taxonomy":"product_brand","embeddable":true,"href":"https:\/\/www.mexicanguitarplayers.com\/en\/wp-json\/wp\/v2\/product_brand?post=13828"},{"taxonomy":"product_cat","embeddable":true,"href":"https:\/\/www.mexicanguitarplayers.com\/en\/wp-json\/wp\/v2\/product_cat?post=13828"},{"taxonomy":"product_tag","embeddable":true,"href":"https:\/\/www.mexicanguitarplayers.com\/en\/wp-json\/wp\/v2\/product_tag?post=13828"}],"curies":[{"name":"wp","href":"https:\/\/api.w.org\/{rel}","templated":true}]}}