{"id":13836,"date":"2022-08-18T14:52:03","date_gmt":"2022-08-18T19:52:03","guid":{"rendered":"https:\/\/www.mexicanguitarplayers.com\/tienda\/sin%20categor\u00eda\/microfono-behringer-mod-sl-75c\/"},"modified":"2026-04-10T05:10:50","modified_gmt":"2026-04-10T11:10:50","slug":"microfono-behringer-mod-sl-75c","status":"publish","type":"product","link":"https:\/\/www.mexicanguitarplayers.com\/en\/tienda\/audio\/microfonia\/microfonos-alambricos\/de-mano\/microfono-behringer-mod-sl-75c\/","title":{"rendered":"BEHRINGER MICROPHONE MOD. SL 75C"},"content":{"rendered":"<div style=\"text-align: justify\">\n<div>\n<h3>BEHRINGER MICROPHONE MOD. SL 75C<\/h3>\n<\/div>\n<div>Cardioid dynamic microphone, smooth mid-frequency presence boosted for excellent vocal, drums or guitar sound, ultra-wide frequency response for bright and transparent sound, extremely high signal output, cardioid characteristic that minimizes background noise and feedback, integrated spherical filter for wind and pop noise, shock-mount system to reduce handling noise, 3-pin XLR connector for greater signal integrity, microphone stand adapter, weight: 260 g, includes impact resistant case.<\/div>\n<\/div>","protected":false},"excerpt":{"rendered":"<p>Micr\u00f3fono din\u00e1mico cardioide, la presencia suave de frecuencia media aumenta para un excelente sonido de voz, bater\u00eda o guitarras, respuesta de frecuencia ultra ancha para un sonido brillante y transparente, salida de se\u00f1al extremadamente alta, caracter\u00edstica cardioide que minimiza el ruido de fondo y la retroalimentaci\u00f3n, filtro esf\u00e9rico integrado de viento y ruido pop, sistema shock-mount para reducir el ruido de manejo, conector XLR de 3 pines para mayor integridad de se\u00f1al, adaptador de soporte de micr\u00f3fono, peso: 260 g, incluye estuche resistente al impacto.&hellip; <a class=\"kt-excerpt-readmore more-link\" href=\"https:\/\/www.mexicanguitarplayers.com\/en\/tienda\/audio\/microfonia\/microfonos-alambricos\/de-mano\/microfono-behringer-mod-sl-75c\/\">Read more<\/a><\/p>","protected":false},"featured_media":13833,"comment_status":"open","ping_status":"closed","template":"","meta":{"kt_blocks_editor_width":""},"pwb-brand":[171],"product_brand":[],"product_cat":[213,218,214,215],"product_tag":[],"class_list":{"0":"post-13836","1":"product","2":"type-product","3":"status-publish","4":"has-post-thumbnail","6":"pwb-brand-behringer","7":"product_cat-audio","8":"product_cat-de-mano","9":"product_cat-microfonia","10":"product_cat-microfonos-alambricos","11":"product_shipping_class-0-5-kg","13":"first","14":"outofstock","15":"taxable","16":"shipping-taxable","17":"purchasable","18":"product-type-simple"},"yoast_head":"<!-- This site is optimized with the Yoast SEO plugin v27.5 - https:\/\/yoast.com\/product\/yoast-seo-wordpress\/ -->\n<title>MICROFONO BEHRINGER MOD. SL 75C - Mexican Guitar Players<\/title>\n<meta name=\"description\" content=\"MICROFONO BEHRINGER MOD. SL 75C. Micr\u00f3fono din\u00e1mico cardioide, la presencia suave de frecuencia media aumenta para un excelente sonido de voz, bater\u00eda o guitarras, respuesta de frecuencia ultra ancha para un sonido brillante y transparente, salida de se\u00f1al extremadamente alta, caracter\u00edstica cardioide que minimiza el ruido de fondo y la retroalimentaci\u00f3n, filtro esf\u00e9rico integrado de viento y ruido pop, sistema shock-mount para reducir el ruido de manejo, conector XLR de 3 pines para mayor integridad de se\u00f1al, adaptador de soporte de micr\u00f3fono, peso: 260 g, incluye estuche resistente al impacto.\" \/>\n<meta name=\"robots\" content=\"index, follow, max-snippet:-1, max-image-preview:large, max-video-preview:-1\" \/>\n<link rel=\"canonical\" href=\"https:\/\/www.mexicanguitarplayers.com\/en\/tienda\/audio\/microfonia\/microfonos-alambricos\/de-mano\/microfono-behringer-mod-sl-75c\/\" \/>\n<meta property=\"og:locale\" content=\"en_US\" \/>\n<meta property=\"og:type\" content=\"article\" \/>\n<meta property=\"og:title\" content=\"MICROFONO BEHRINGER MOD. SL 75C - Mexican Guitar Players\" \/>\n<meta property=\"og:description\" content=\"MICROFONO BEHRINGER MOD. SL 75C. Micr\u00f3fono din\u00e1mico cardioide, la presencia suave de frecuencia media aumenta para un excelente sonido de voz, bater\u00eda o guitarras, respuesta de frecuencia ultra ancha para un sonido brillante y transparente, salida de se\u00f1al extremadamente alta, caracter\u00edstica cardioide que minimiza el ruido de fondo y la retroalimentaci\u00f3n, filtro esf\u00e9rico integrado de viento y ruido pop, sistema shock-mount para reducir el ruido de manejo, conector XLR de 3 pines para mayor integridad de se\u00f1al, adaptador de soporte de micr\u00f3fono, peso: 260 g, incluye estuche resistente al impacto.\" \/>\n<meta property=\"og:url\" content=\"https:\/\/www.mexicanguitarplayers.com\/en\/tienda\/audio\/microfonia\/microfonos-alambricos\/de-mano\/microfono-behringer-mod-sl-75c\/\" \/>\n<meta property=\"og:site_name\" content=\"Mexican Guitar Players\" \/>\n<meta property=\"article:modified_time\" content=\"2026-04-10T11:10:50+00:00\" \/>\n<meta property=\"og:image\" content=\"https:\/\/www.mexicanguitarplayers.com\/wp-content\/uploads\/2022\/08\/IABEHSL75C.jpg\" \/>\n\t<meta property=\"og:image:width\" content=\"800\" \/>\n\t<meta property=\"og:image:height\" content=\"1600\" \/>\n\t<meta property=\"og:image:type\" content=\"image\/jpeg\" \/>\n<meta name=\"twitter:card\" content=\"summary_large_image\" \/>\n<script type=\"application\/ld+json\" class=\"yoast-schema-graph\">{\"@context\":\"https:\\\/\\\/schema.org\",\"@graph\":[{\"@type\":[\"WebPage\",\"ItemPage\"],\"@id\":\"https:\\\/\\\/www.mexicanguitarplayers.com\\\/tienda\\\/audio\\\/microfonia\\\/microfonos-alambricos\\\/de-mano\\\/microfono-behringer-mod-sl-75c\\\/\",\"url\":\"https:\\\/\\\/www.mexicanguitarplayers.com\\\/tienda\\\/audio\\\/microfonia\\\/microfonos-alambricos\\\/de-mano\\\/microfono-behringer-mod-sl-75c\\\/\",\"name\":\"MICROFONO BEHRINGER MOD. SL 75C - Mexican Guitar Players\",\"isPartOf\":{\"@id\":\"https:\\\/\\\/www.mexicanguitarplayers.com\\\/#website\"},\"primaryImageOfPage\":{\"@id\":\"https:\\\/\\\/www.mexicanguitarplayers.com\\\/tienda\\\/audio\\\/microfonia\\\/microfonos-alambricos\\\/de-mano\\\/microfono-behringer-mod-sl-75c\\\/#primaryimage\"},\"image\":{\"@id\":\"https:\\\/\\\/www.mexicanguitarplayers.com\\\/tienda\\\/audio\\\/microfonia\\\/microfonos-alambricos\\\/de-mano\\\/microfono-behringer-mod-sl-75c\\\/#primaryimage\"},\"thumbnailUrl\":\"https:\\\/\\\/www.mexicanguitarplayers.com\\\/wp-content\\\/uploads\\\/2022\\\/08\\\/IABEHSL75C.jpg\",\"datePublished\":\"2022-08-18T19:52:03+00:00\",\"dateModified\":\"2026-04-10T11:10:50+00:00\",\"description\":\"MICROFONO BEHRINGER MOD. SL 75C. Micr\u00f3fono din\u00e1mico cardioide, la presencia suave de frecuencia media aumenta para un excelente sonido de voz, bater\u00eda o guitarras, respuesta de frecuencia ultra ancha para un sonido brillante y transparente, salida de se\u00f1al extremadamente alta, caracter\u00edstica cardioide que minimiza el ruido de fondo y la retroalimentaci\u00f3n, filtro esf\u00e9rico integrado de viento y ruido pop, sistema shock-mount para reducir el ruido de manejo, conector XLR de 3 pines para mayor integridad de se\u00f1al, adaptador de soporte de micr\u00f3fono, peso: 260 g, incluye estuche resistente al impacto.\",\"breadcrumb\":{\"@id\":\"https:\\\/\\\/www.mexicanguitarplayers.com\\\/tienda\\\/audio\\\/microfonia\\\/microfonos-alambricos\\\/de-mano\\\/microfono-behringer-mod-sl-75c\\\/#breadcrumb\"},\"inLanguage\":\"en-US\",\"potentialAction\":[{\"@type\":\"ReadAction\",\"target\":[\"https:\\\/\\\/www.mexicanguitarplayers.com\\\/tienda\\\/audio\\\/microfonia\\\/microfonos-alambricos\\\/de-mano\\\/microfono-behringer-mod-sl-75c\\\/\"]}]},{\"@type\":\"ImageObject\",\"inLanguage\":\"en-US\",\"@id\":\"https:\\\/\\\/www.mexicanguitarplayers.com\\\/tienda\\\/audio\\\/microfonia\\\/microfonos-alambricos\\\/de-mano\\\/microfono-behringer-mod-sl-75c\\\/#primaryimage\",\"url\":\"https:\\\/\\\/www.mexicanguitarplayers.com\\\/wp-content\\\/uploads\\\/2022\\\/08\\\/IABEHSL75C.jpg\",\"contentUrl\":\"https:\\\/\\\/www.mexicanguitarplayers.com\\\/wp-content\\\/uploads\\\/2022\\\/08\\\/IABEHSL75C.jpg\",\"width\":800,\"height\":1600},{\"@type\":\"BreadcrumbList\",\"@id\":\"https:\\\/\\\/www.mexicanguitarplayers.com\\\/tienda\\\/audio\\\/microfonia\\\/microfonos-alambricos\\\/de-mano\\\/microfono-behringer-mod-sl-75c\\\/#breadcrumb\",\"itemListElement\":[{\"@type\":\"ListItem\",\"position\":1,\"name\":\"Portada\",\"item\":\"https:\\\/\\\/www.mexicanguitarplayers.com\\\/\"},{\"@type\":\"ListItem\",\"position\":2,\"name\":\"Tienda\",\"item\":\"https:\\\/\\\/www.mexicanguitarplayers.com\\\/tienda\\\/\"},{\"@type\":\"ListItem\",\"position\":3,\"name\":\"MICROFONO BEHRINGER MOD. SL 75C\"}]},{\"@type\":\"WebSite\",\"@id\":\"https:\\\/\\\/www.mexicanguitarplayers.com\\\/#website\",\"url\":\"https:\\\/\\\/www.mexicanguitarplayers.com\\\/\",\"name\":\"Mexican Guitar Players\",\"description\":\"Website\",\"publisher\":{\"@id\":\"https:\\\/\\\/www.mexicanguitarplayers.com\\\/#organization\"},\"potentialAction\":[{\"@type\":\"SearchAction\",\"target\":{\"@type\":\"EntryPoint\",\"urlTemplate\":\"https:\\\/\\\/www.mexicanguitarplayers.com\\\/?s={search_term_string}\"},\"query-input\":{\"@type\":\"PropertyValueSpecification\",\"valueRequired\":true,\"valueName\":\"search_term_string\"}}],\"inLanguage\":\"en-US\"},{\"@type\":\"Organization\",\"@id\":\"https:\\\/\\\/www.mexicanguitarplayers.com\\\/#organization\",\"name\":\"Mexican Guitar Players\",\"url\":\"https:\\\/\\\/www.mexicanguitarplayers.com\\\/\",\"logo\":{\"@type\":\"ImageObject\",\"inLanguage\":\"en-US\",\"@id\":\"https:\\\/\\\/www.mexicanguitarplayers.com\\\/#\\\/schema\\\/logo\\\/image\\\/\",\"url\":\"\",\"contentUrl\":\"\",\"caption\":\"Mexican Guitar Players\"},\"image\":{\"@id\":\"https:\\\/\\\/www.mexicanguitarplayers.com\\\/#\\\/schema\\\/logo\\\/image\\\/\"}}]}<\/script>\n<!-- \/ Yoast SEO plugin. -->","yoast_head_json":{"title":"MICROFONO BEHRINGER MOD. SL 75C - Mexican Guitar Players","description":"MICROFONO BEHRINGER MOD. SL 75C. Micr\u00f3fono din\u00e1mico cardioide, la presencia suave de frecuencia media aumenta para un excelente sonido de voz, bater\u00eda o guitarras, respuesta de frecuencia ultra ancha para un sonido brillante y transparente, salida de se\u00f1al extremadamente alta, caracter\u00edstica cardioide que minimiza el ruido de fondo y la retroalimentaci\u00f3n, filtro esf\u00e9rico integrado de viento y ruido pop, sistema shock-mount para reducir el ruido de manejo, conector XLR de 3 pines para mayor integridad de se\u00f1al, adaptador de soporte de micr\u00f3fono, peso: 260 g, incluye estuche resistente al impacto.","robots":{"index":"index","follow":"follow","max-snippet":"max-snippet:-1","max-image-preview":"max-image-preview:large","max-video-preview":"max-video-preview:-1"},"canonical":"https:\/\/www.mexicanguitarplayers.com\/en\/tienda\/audio\/microfonia\/microfonos-alambricos\/de-mano\/microfono-behringer-mod-sl-75c\/","og_locale":"en_US","og_type":"article","og_title":"MICROFONO BEHRINGER MOD. SL 75C - Mexican Guitar Players","og_description":"MICROFONO BEHRINGER MOD. SL 75C. Micr\u00f3fono din\u00e1mico cardioide, la presencia suave de frecuencia media aumenta para un excelente sonido de voz, bater\u00eda o guitarras, respuesta de frecuencia ultra ancha para un sonido brillante y transparente, salida de se\u00f1al extremadamente alta, caracter\u00edstica cardioide que minimiza el ruido de fondo y la retroalimentaci\u00f3n, filtro esf\u00e9rico integrado de viento y ruido pop, sistema shock-mount para reducir el ruido de manejo, conector XLR de 3 pines para mayor integridad de se\u00f1al, adaptador de soporte de micr\u00f3fono, peso: 260 g, incluye estuche resistente al impacto.","og_url":"https:\/\/www.mexicanguitarplayers.com\/en\/tienda\/audio\/microfonia\/microfonos-alambricos\/de-mano\/microfono-behringer-mod-sl-75c\/","og_site_name":"Mexican Guitar Players","article_modified_time":"2026-04-10T11:10:50+00:00","og_image":[{"width":800,"height":1600,"url":"https:\/\/www.mexicanguitarplayers.com\/wp-content\/uploads\/2022\/08\/IABEHSL75C.jpg","type":"image\/jpeg"}],"twitter_card":"summary_large_image","schema":{"@context":"https:\/\/schema.org","@graph":[{"@type":["WebPage","ItemPage"],"@id":"https:\/\/www.mexicanguitarplayers.com\/tienda\/audio\/microfonia\/microfonos-alambricos\/de-mano\/microfono-behringer-mod-sl-75c\/","url":"https:\/\/www.mexicanguitarplayers.com\/tienda\/audio\/microfonia\/microfonos-alambricos\/de-mano\/microfono-behringer-mod-sl-75c\/","name":"MICROFONO BEHRINGER MOD. SL 75C - Mexican Guitar Players","isPartOf":{"@id":"https:\/\/www.mexicanguitarplayers.com\/#website"},"primaryImageOfPage":{"@id":"https:\/\/www.mexicanguitarplayers.com\/tienda\/audio\/microfonia\/microfonos-alambricos\/de-mano\/microfono-behringer-mod-sl-75c\/#primaryimage"},"image":{"@id":"https:\/\/www.mexicanguitarplayers.com\/tienda\/audio\/microfonia\/microfonos-alambricos\/de-mano\/microfono-behringer-mod-sl-75c\/#primaryimage"},"thumbnailUrl":"https:\/\/www.mexicanguitarplayers.com\/wp-content\/uploads\/2022\/08\/IABEHSL75C.jpg","datePublished":"2022-08-18T19:52:03+00:00","dateModified":"2026-04-10T11:10:50+00:00","description":"MICROFONO BEHRINGER MOD. SL 75C. Micr\u00f3fono din\u00e1mico cardioide, la presencia suave de frecuencia media aumenta para un excelente sonido de voz, bater\u00eda o guitarras, respuesta de frecuencia ultra ancha para un sonido brillante y transparente, salida de se\u00f1al extremadamente alta, caracter\u00edstica cardioide que minimiza el ruido de fondo y la retroalimentaci\u00f3n, filtro esf\u00e9rico integrado de viento y ruido pop, sistema shock-mount para reducir el ruido de manejo, conector XLR de 3 pines para mayor integridad de se\u00f1al, adaptador de soporte de micr\u00f3fono, peso: 260 g, incluye estuche resistente al impacto.","breadcrumb":{"@id":"https:\/\/www.mexicanguitarplayers.com\/tienda\/audio\/microfonia\/microfonos-alambricos\/de-mano\/microfono-behringer-mod-sl-75c\/#breadcrumb"},"inLanguage":"en-US","potentialAction":[{"@type":"ReadAction","target":["https:\/\/www.mexicanguitarplayers.com\/tienda\/audio\/microfonia\/microfonos-alambricos\/de-mano\/microfono-behringer-mod-sl-75c\/"]}]},{"@type":"ImageObject","inLanguage":"en-US","@id":"https:\/\/www.mexicanguitarplayers.com\/tienda\/audio\/microfonia\/microfonos-alambricos\/de-mano\/microfono-behringer-mod-sl-75c\/#primaryimage","url":"https:\/\/www.mexicanguitarplayers.com\/wp-content\/uploads\/2022\/08\/IABEHSL75C.jpg","contentUrl":"https:\/\/www.mexicanguitarplayers.com\/wp-content\/uploads\/2022\/08\/IABEHSL75C.jpg","width":800,"height":1600},{"@type":"BreadcrumbList","@id":"https:\/\/www.mexicanguitarplayers.com\/tienda\/audio\/microfonia\/microfonos-alambricos\/de-mano\/microfono-behringer-mod-sl-75c\/#breadcrumb","itemListElement":[{"@type":"ListItem","position":1,"name":"Portada","item":"https:\/\/www.mexicanguitarplayers.com\/"},{"@type":"ListItem","position":2,"name":"Tienda","item":"https:\/\/www.mexicanguitarplayers.com\/tienda\/"},{"@type":"ListItem","position":3,"name":"MICROFONO BEHRINGER MOD. SL 75C"}]},{"@type":"WebSite","@id":"https:\/\/www.mexicanguitarplayers.com\/#website","url":"https:\/\/www.mexicanguitarplayers.com\/","name":"Mexican Guitar Players","description":"Website","publisher":{"@id":"https:\/\/www.mexicanguitarplayers.com\/#organization"},"potentialAction":[{"@type":"SearchAction","target":{"@type":"EntryPoint","urlTemplate":"https:\/\/www.mexicanguitarplayers.com\/?s={search_term_string}"},"query-input":{"@type":"PropertyValueSpecification","valueRequired":true,"valueName":"search_term_string"}}],"inLanguage":"en-US"},{"@type":"Organization","@id":"https:\/\/www.mexicanguitarplayers.com\/#organization","name":"Mexican Guitar Players","url":"https:\/\/www.mexicanguitarplayers.com\/","logo":{"@type":"ImageObject","inLanguage":"en-US","@id":"https:\/\/www.mexicanguitarplayers.com\/#\/schema\/logo\/image\/","url":"","contentUrl":"","caption":"Mexican Guitar Players"},"image":{"@id":"https:\/\/www.mexicanguitarplayers.com\/#\/schema\/logo\/image\/"}}]}},"brands":[{"id":171,"name":"BEHRINGER","slug":"behringer"}],"_links":{"self":[{"href":"https:\/\/www.mexicanguitarplayers.com\/en\/wp-json\/wp\/v2\/product\/13836","targetHints":{"allow":["GET"]}}],"collection":[{"href":"https:\/\/www.mexicanguitarplayers.com\/en\/wp-json\/wp\/v2\/product"}],"about":[{"href":"https:\/\/www.mexicanguitarplayers.com\/en\/wp-json\/wp\/v2\/types\/product"}],"replies":[{"embeddable":true,"href":"https:\/\/www.mexicanguitarplayers.com\/en\/wp-json\/wp\/v2\/comments?post=13836"}],"wp:featuredmedia":[{"embeddable":true,"href":"https:\/\/www.mexicanguitarplayers.com\/en\/wp-json\/wp\/v2\/media\/13833"}],"wp:attachment":[{"href":"https:\/\/www.mexicanguitarplayers.com\/en\/wp-json\/wp\/v2\/media?parent=13836"}],"wp:term":[{"taxonomy":"pwb-brand","embeddable":true,"href":"https:\/\/www.mexicanguitarplayers.com\/en\/wp-json\/wp\/v2\/pwb-brand?post=13836"},{"taxonomy":"product_brand","embeddable":true,"href":"https:\/\/www.mexicanguitarplayers.com\/en\/wp-json\/wp\/v2\/product_brand?post=13836"},{"taxonomy":"product_cat","embeddable":true,"href":"https:\/\/www.mexicanguitarplayers.com\/en\/wp-json\/wp\/v2\/product_cat?post=13836"},{"taxonomy":"product_tag","embeddable":true,"href":"https:\/\/www.mexicanguitarplayers.com\/en\/wp-json\/wp\/v2\/product_tag?post=13836"}],"curies":[{"name":"wp","href":"https:\/\/api.w.org\/{rel}","templated":true}]}}