{"id":13838,"date":"2022-08-18T14:52:08","date_gmt":"2022-08-18T19:52:08","guid":{"rendered":"https:\/\/www.mexicanguitarplayers.com\/tienda\/sin%20categor\u00eda\/microfono-behringer-mod-tm1\/"},"modified":"2025-12-11T22:16:24","modified_gmt":"2025-12-12T04:16:24","slug":"microfono-behringer-mod-tm1","status":"publish","type":"product","link":"https:\/\/www.mexicanguitarplayers.com\/en\/tienda\/audio\/microfonia\/microfonos-alambricos\/para-instrumento\/microfono-behringer-mod-tm1\/","title":{"rendered":"BEHRINGER MICROPHONE MOD. TM1"},"content":{"rendered":"<div style=\"text-align: justify\">\n<div>\n<h3>BEHRINGER MICROPHONE MOD. TM1<\/h3>\n<\/div>\n<div>Gold-plated large-diaphragm condenser microphone, designed to capture sounds with incredible realism, ideal for recording studios and broadcast stations, pressure gradient acoustic principle, cardioid polar pattern, JFET preamplifier with bipolar output stage, frequency range: 20 Hz \u2013 20 kHz, Sensitivity: -34 dB, Dynamic Range: &gt;132 dB, Max SPL: 138 dB, Signal to Noise Ratio: 88.5 dB, Power: +48 V phantom power, Output: 3-pin XLR, Dimensions: 54 x 189mm, weight: 354g, includes a heavy-duty shockmount with integrated pop guard, a dedicated dust cover and a 6m professional-grade microphone cable.<\/div>\n<\/div>","protected":false},"excerpt":{"rendered":"<p>Micr\u00f3fono de condensador de diafragma grande chapada en oro, dise\u00f1ado para  capturar sonidos con incre\u00edble realismo, ideal para estudios de grabaci\u00f3n y estaciones de transmisi\u00f3n, principio ac\u00fastico gradiente de presi\u00f3n, patr\u00f3n polar cardioide, preamplificador JFET con etapa de salida bipolar, rango de frecuencia: 20 Hz &#8211; 20 kHz, sensibilidad: -34 dB, rango din\u00e1mico: &gt;132 dB, SPL m\u00e1ximo: 138 dB, relaci\u00f3n se\u00f1al a ruido: 88.5 dB, energ\u00eda: +48 V phantom power, salida: XLR de 3 pines, dimensiones: 54 x 189 mm, peso: 354 g, incluye un shockmount de alta resistencia con protector antipop integrado, una cubierta antipolvo dedicada y un cable de micr\u00f3fono de calidad profesional de 6 metros.&hellip; <a class=\"kt-excerpt-readmore more-link\" href=\"https:\/\/www.mexicanguitarplayers.com\/en\/tienda\/audio\/microfonia\/microfonos-alambricos\/para-instrumento\/microfono-behringer-mod-tm1\/\">Read more<\/a><\/p>","protected":false},"featured_media":13837,"comment_status":"open","ping_status":"closed","template":"","meta":{"kt_blocks_editor_width":""},"pwb-brand":[171],"product_brand":[],"product_cat":[213,214,215,216],"product_tag":[],"class_list":{"0":"post-13838","1":"product","2":"type-product","3":"status-publish","4":"has-post-thumbnail","6":"pwb-brand-behringer","7":"product_cat-audio","8":"product_cat-microfonia","9":"product_cat-microfonos-alambricos","10":"product_cat-para-instrumento","11":"product_shipping_class-0-5-kg","13":"first","14":"outofstock","15":"taxable","16":"shipping-taxable","17":"purchasable","18":"product-type-simple"},"yoast_head":"<!-- This site is optimized with the Yoast SEO plugin v27.3 - https:\/\/yoast.com\/product\/yoast-seo-wordpress\/ -->\n<title>MICROFONO BEHRINGER MOD. TM1 - Mexican Guitar Players<\/title>\n<meta name=\"description\" content=\"MICROFONO BEHRINGER MOD. TM1. Micr\u00f3fono de condensador de diafragma grande chapada en oro, dise\u00f1ado para capturar sonidos con incre\u00edble realismo, ideal para estudios de grabaci\u00f3n y estaciones de transmisi\u00f3n, principio ac\u00fastico gradiente de presi\u00f3n, patr\u00f3n polar cardioide, preamplificador JFET con etapa de salida bipolar, rango de frecuencia: 20 Hz - 20 kHz, sensibilidad: -34 dB, rango din\u00e1mico: &gt;132 dB, SPL m\u00e1ximo: 138 dB, relaci\u00f3n se\u00f1al a ruido: 88.5 dB, energ\u00eda: +48 V phantom power, salida: XLR de 3 pines, dimensiones: 54 x 189 mm, peso: 354 g, incluye un shockmount de alta resistencia con protector antipop integrado, una cubierta antipolvo dedicada y un cable de micr\u00f3fono de calidad profesional de 6 metros.\" \/>\n<meta name=\"robots\" content=\"index, follow, max-snippet:-1, max-image-preview:large, max-video-preview:-1\" \/>\n<link rel=\"canonical\" href=\"https:\/\/www.mexicanguitarplayers.com\/en\/tienda\/audio\/microfonia\/microfonos-alambricos\/para-instrumento\/microfono-behringer-mod-tm1\/\" \/>\n<meta property=\"og:locale\" content=\"en_US\" \/>\n<meta property=\"og:type\" content=\"article\" \/>\n<meta property=\"og:title\" content=\"MICROFONO BEHRINGER MOD. TM1 - Mexican Guitar Players\" \/>\n<meta property=\"og:description\" content=\"MICROFONO BEHRINGER MOD. TM1. Micr\u00f3fono de condensador de diafragma grande chapada en oro, dise\u00f1ado para capturar sonidos con incre\u00edble realismo, ideal para estudios de grabaci\u00f3n y estaciones de transmisi\u00f3n, principio ac\u00fastico gradiente de presi\u00f3n, patr\u00f3n polar cardioide, preamplificador JFET con etapa de salida bipolar, rango de frecuencia: 20 Hz - 20 kHz, sensibilidad: -34 dB, rango din\u00e1mico: &gt;132 dB, SPL m\u00e1ximo: 138 dB, relaci\u00f3n se\u00f1al a ruido: 88.5 dB, energ\u00eda: +48 V phantom power, salida: XLR de 3 pines, dimensiones: 54 x 189 mm, peso: 354 g, incluye un shockmount de alta resistencia con protector antipop integrado, una cubierta antipolvo dedicada y un cable de micr\u00f3fono de calidad profesional de 6 metros.\" \/>\n<meta property=\"og:url\" content=\"https:\/\/www.mexicanguitarplayers.com\/en\/tienda\/audio\/microfonia\/microfonos-alambricos\/para-instrumento\/microfono-behringer-mod-tm1\/\" \/>\n<meta property=\"og:site_name\" content=\"Mexican Guitar Players\" \/>\n<meta property=\"article:modified_time\" content=\"2025-12-12T04:16:24+00:00\" \/>\n<meta property=\"og:image\" content=\"https:\/\/www.mexicanguitarplayers.com\/wp-content\/uploads\/2022\/08\/IABEHTM1.jpg\" \/>\n\t<meta property=\"og:image:width\" content=\"800\" \/>\n\t<meta property=\"og:image:height\" content=\"1600\" \/>\n\t<meta property=\"og:image:type\" content=\"image\/jpeg\" \/>\n<meta name=\"twitter:card\" content=\"summary_large_image\" \/>\n<meta name=\"twitter:label1\" content=\"Est. reading time\" \/>\n\t<meta name=\"twitter:data1\" content=\"1 minute\" \/>\n<script type=\"application\/ld+json\" class=\"yoast-schema-graph\">{\"@context\":\"https:\\\/\\\/schema.org\",\"@graph\":[{\"@type\":[\"WebPage\",\"ItemPage\"],\"@id\":\"https:\\\/\\\/www.mexicanguitarplayers.com\\\/tienda\\\/audio\\\/microfonia\\\/microfonos-alambricos\\\/para-instrumento\\\/microfono-behringer-mod-tm1\\\/\",\"url\":\"https:\\\/\\\/www.mexicanguitarplayers.com\\\/tienda\\\/audio\\\/microfonia\\\/microfonos-alambricos\\\/para-instrumento\\\/microfono-behringer-mod-tm1\\\/\",\"name\":\"MICROFONO BEHRINGER MOD. TM1 - Mexican Guitar Players\",\"isPartOf\":{\"@id\":\"https:\\\/\\\/www.mexicanguitarplayers.com\\\/#website\"},\"primaryImageOfPage\":{\"@id\":\"https:\\\/\\\/www.mexicanguitarplayers.com\\\/tienda\\\/audio\\\/microfonia\\\/microfonos-alambricos\\\/para-instrumento\\\/microfono-behringer-mod-tm1\\\/#primaryimage\"},\"image\":{\"@id\":\"https:\\\/\\\/www.mexicanguitarplayers.com\\\/tienda\\\/audio\\\/microfonia\\\/microfonos-alambricos\\\/para-instrumento\\\/microfono-behringer-mod-tm1\\\/#primaryimage\"},\"thumbnailUrl\":\"https:\\\/\\\/www.mexicanguitarplayers.com\\\/wp-content\\\/uploads\\\/2022\\\/08\\\/IABEHTM1.jpg\",\"datePublished\":\"2022-08-18T19:52:08+00:00\",\"dateModified\":\"2025-12-12T04:16:24+00:00\",\"description\":\"MICROFONO BEHRINGER MOD. TM1. Micr\u00f3fono de condensador de diafragma grande chapada en oro, dise\u00f1ado para capturar sonidos con incre\u00edble realismo, ideal para estudios de grabaci\u00f3n y estaciones de transmisi\u00f3n, principio ac\u00fastico gradiente de presi\u00f3n, patr\u00f3n polar cardioide, preamplificador JFET con etapa de salida bipolar, rango de frecuencia: 20 Hz - 20 kHz, sensibilidad: -34 dB, rango din\u00e1mico: &gt;132 dB, SPL m\u00e1ximo: 138 dB, relaci\u00f3n se\u00f1al a ruido: 88.5 dB, energ\u00eda: +48 V phantom power, salida: XLR de 3 pines, dimensiones: 54 x 189 mm, peso: 354 g, incluye un shockmount de alta resistencia con protector antipop integrado, una cubierta antipolvo dedicada y un cable de micr\u00f3fono de calidad profesional de 6 metros.\",\"breadcrumb\":{\"@id\":\"https:\\\/\\\/www.mexicanguitarplayers.com\\\/tienda\\\/audio\\\/microfonia\\\/microfonos-alambricos\\\/para-instrumento\\\/microfono-behringer-mod-tm1\\\/#breadcrumb\"},\"inLanguage\":\"en-US\",\"potentialAction\":[{\"@type\":\"ReadAction\",\"target\":[\"https:\\\/\\\/www.mexicanguitarplayers.com\\\/tienda\\\/audio\\\/microfonia\\\/microfonos-alambricos\\\/para-instrumento\\\/microfono-behringer-mod-tm1\\\/\"]}]},{\"@type\":\"ImageObject\",\"inLanguage\":\"en-US\",\"@id\":\"https:\\\/\\\/www.mexicanguitarplayers.com\\\/tienda\\\/audio\\\/microfonia\\\/microfonos-alambricos\\\/para-instrumento\\\/microfono-behringer-mod-tm1\\\/#primaryimage\",\"url\":\"https:\\\/\\\/www.mexicanguitarplayers.com\\\/wp-content\\\/uploads\\\/2022\\\/08\\\/IABEHTM1.jpg\",\"contentUrl\":\"https:\\\/\\\/www.mexicanguitarplayers.com\\\/wp-content\\\/uploads\\\/2022\\\/08\\\/IABEHTM1.jpg\",\"width\":800,\"height\":1600},{\"@type\":\"BreadcrumbList\",\"@id\":\"https:\\\/\\\/www.mexicanguitarplayers.com\\\/tienda\\\/audio\\\/microfonia\\\/microfonos-alambricos\\\/para-instrumento\\\/microfono-behringer-mod-tm1\\\/#breadcrumb\",\"itemListElement\":[{\"@type\":\"ListItem\",\"position\":1,\"name\":\"Portada\",\"item\":\"https:\\\/\\\/www.mexicanguitarplayers.com\\\/\"},{\"@type\":\"ListItem\",\"position\":2,\"name\":\"Tienda\",\"item\":\"https:\\\/\\\/www.mexicanguitarplayers.com\\\/tienda\\\/\"},{\"@type\":\"ListItem\",\"position\":3,\"name\":\"MICROFONO BEHRINGER MOD. TM1\"}]},{\"@type\":\"WebSite\",\"@id\":\"https:\\\/\\\/www.mexicanguitarplayers.com\\\/#website\",\"url\":\"https:\\\/\\\/www.mexicanguitarplayers.com\\\/\",\"name\":\"Mexican Guitar Players\",\"description\":\"Website\",\"publisher\":{\"@id\":\"https:\\\/\\\/www.mexicanguitarplayers.com\\\/#organization\"},\"potentialAction\":[{\"@type\":\"SearchAction\",\"target\":{\"@type\":\"EntryPoint\",\"urlTemplate\":\"https:\\\/\\\/www.mexicanguitarplayers.com\\\/?s={search_term_string}\"},\"query-input\":{\"@type\":\"PropertyValueSpecification\",\"valueRequired\":true,\"valueName\":\"search_term_string\"}}],\"inLanguage\":\"en-US\"},{\"@type\":\"Organization\",\"@id\":\"https:\\\/\\\/www.mexicanguitarplayers.com\\\/#organization\",\"name\":\"Mexican Guitar Players\",\"url\":\"https:\\\/\\\/www.mexicanguitarplayers.com\\\/\",\"logo\":{\"@type\":\"ImageObject\",\"inLanguage\":\"en-US\",\"@id\":\"https:\\\/\\\/www.mexicanguitarplayers.com\\\/#\\\/schema\\\/logo\\\/image\\\/\",\"url\":\"\",\"contentUrl\":\"\",\"caption\":\"Mexican Guitar Players\"},\"image\":{\"@id\":\"https:\\\/\\\/www.mexicanguitarplayers.com\\\/#\\\/schema\\\/logo\\\/image\\\/\"}}]}<\/script>\n<!-- \/ Yoast SEO plugin. -->","yoast_head_json":{"title":"MICROFONO BEHRINGER MOD. TM1 - Mexican Guitar Players","description":"MICROFONO BEHRINGER MOD. TM1. Micr\u00f3fono de condensador de diafragma grande chapada en oro, dise\u00f1ado para capturar sonidos con incre\u00edble realismo, ideal para estudios de grabaci\u00f3n y estaciones de transmisi\u00f3n, principio ac\u00fastico gradiente de presi\u00f3n, patr\u00f3n polar cardioide, preamplificador JFET con etapa de salida bipolar, rango de frecuencia: 20 Hz - 20 kHz, sensibilidad: -34 dB, rango din\u00e1mico: &gt;132 dB, SPL m\u00e1ximo: 138 dB, relaci\u00f3n se\u00f1al a ruido: 88.5 dB, energ\u00eda: +48 V phantom power, salida: XLR de 3 pines, dimensiones: 54 x 189 mm, peso: 354 g, incluye un shockmount de alta resistencia con protector antipop integrado, una cubierta antipolvo dedicada y un cable de micr\u00f3fono de calidad profesional de 6 metros.","robots":{"index":"index","follow":"follow","max-snippet":"max-snippet:-1","max-image-preview":"max-image-preview:large","max-video-preview":"max-video-preview:-1"},"canonical":"https:\/\/www.mexicanguitarplayers.com\/en\/tienda\/audio\/microfonia\/microfonos-alambricos\/para-instrumento\/microfono-behringer-mod-tm1\/","og_locale":"en_US","og_type":"article","og_title":"MICROFONO BEHRINGER MOD. TM1 - Mexican Guitar Players","og_description":"MICROFONO BEHRINGER MOD. TM1. Micr\u00f3fono de condensador de diafragma grande chapada en oro, dise\u00f1ado para capturar sonidos con incre\u00edble realismo, ideal para estudios de grabaci\u00f3n y estaciones de transmisi\u00f3n, principio ac\u00fastico gradiente de presi\u00f3n, patr\u00f3n polar cardioide, preamplificador JFET con etapa de salida bipolar, rango de frecuencia: 20 Hz - 20 kHz, sensibilidad: -34 dB, rango din\u00e1mico: &gt;132 dB, SPL m\u00e1ximo: 138 dB, relaci\u00f3n se\u00f1al a ruido: 88.5 dB, energ\u00eda: +48 V phantom power, salida: XLR de 3 pines, dimensiones: 54 x 189 mm, peso: 354 g, incluye un shockmount de alta resistencia con protector antipop integrado, una cubierta antipolvo dedicada y un cable de micr\u00f3fono de calidad profesional de 6 metros.","og_url":"https:\/\/www.mexicanguitarplayers.com\/en\/tienda\/audio\/microfonia\/microfonos-alambricos\/para-instrumento\/microfono-behringer-mod-tm1\/","og_site_name":"Mexican Guitar Players","article_modified_time":"2025-12-12T04:16:24+00:00","og_image":[{"width":800,"height":1600,"url":"https:\/\/www.mexicanguitarplayers.com\/wp-content\/uploads\/2022\/08\/IABEHTM1.jpg","type":"image\/jpeg"}],"twitter_card":"summary_large_image","twitter_misc":{"Est. reading time":"1 minute"},"schema":{"@context":"https:\/\/schema.org","@graph":[{"@type":["WebPage","ItemPage"],"@id":"https:\/\/www.mexicanguitarplayers.com\/tienda\/audio\/microfonia\/microfonos-alambricos\/para-instrumento\/microfono-behringer-mod-tm1\/","url":"https:\/\/www.mexicanguitarplayers.com\/tienda\/audio\/microfonia\/microfonos-alambricos\/para-instrumento\/microfono-behringer-mod-tm1\/","name":"MICROFONO BEHRINGER MOD. TM1 - Mexican Guitar Players","isPartOf":{"@id":"https:\/\/www.mexicanguitarplayers.com\/#website"},"primaryImageOfPage":{"@id":"https:\/\/www.mexicanguitarplayers.com\/tienda\/audio\/microfonia\/microfonos-alambricos\/para-instrumento\/microfono-behringer-mod-tm1\/#primaryimage"},"image":{"@id":"https:\/\/www.mexicanguitarplayers.com\/tienda\/audio\/microfonia\/microfonos-alambricos\/para-instrumento\/microfono-behringer-mod-tm1\/#primaryimage"},"thumbnailUrl":"https:\/\/www.mexicanguitarplayers.com\/wp-content\/uploads\/2022\/08\/IABEHTM1.jpg","datePublished":"2022-08-18T19:52:08+00:00","dateModified":"2025-12-12T04:16:24+00:00","description":"MICROFONO BEHRINGER MOD. TM1. Micr\u00f3fono de condensador de diafragma grande chapada en oro, dise\u00f1ado para capturar sonidos con incre\u00edble realismo, ideal para estudios de grabaci\u00f3n y estaciones de transmisi\u00f3n, principio ac\u00fastico gradiente de presi\u00f3n, patr\u00f3n polar cardioide, preamplificador JFET con etapa de salida bipolar, rango de frecuencia: 20 Hz - 20 kHz, sensibilidad: -34 dB, rango din\u00e1mico: &gt;132 dB, SPL m\u00e1ximo: 138 dB, relaci\u00f3n se\u00f1al a ruido: 88.5 dB, energ\u00eda: +48 V phantom power, salida: XLR de 3 pines, dimensiones: 54 x 189 mm, peso: 354 g, incluye un shockmount de alta resistencia con protector antipop integrado, una cubierta antipolvo dedicada y un cable de micr\u00f3fono de calidad profesional de 6 metros.","breadcrumb":{"@id":"https:\/\/www.mexicanguitarplayers.com\/tienda\/audio\/microfonia\/microfonos-alambricos\/para-instrumento\/microfono-behringer-mod-tm1\/#breadcrumb"},"inLanguage":"en-US","potentialAction":[{"@type":"ReadAction","target":["https:\/\/www.mexicanguitarplayers.com\/tienda\/audio\/microfonia\/microfonos-alambricos\/para-instrumento\/microfono-behringer-mod-tm1\/"]}]},{"@type":"ImageObject","inLanguage":"en-US","@id":"https:\/\/www.mexicanguitarplayers.com\/tienda\/audio\/microfonia\/microfonos-alambricos\/para-instrumento\/microfono-behringer-mod-tm1\/#primaryimage","url":"https:\/\/www.mexicanguitarplayers.com\/wp-content\/uploads\/2022\/08\/IABEHTM1.jpg","contentUrl":"https:\/\/www.mexicanguitarplayers.com\/wp-content\/uploads\/2022\/08\/IABEHTM1.jpg","width":800,"height":1600},{"@type":"BreadcrumbList","@id":"https:\/\/www.mexicanguitarplayers.com\/tienda\/audio\/microfonia\/microfonos-alambricos\/para-instrumento\/microfono-behringer-mod-tm1\/#breadcrumb","itemListElement":[{"@type":"ListItem","position":1,"name":"Portada","item":"https:\/\/www.mexicanguitarplayers.com\/"},{"@type":"ListItem","position":2,"name":"Tienda","item":"https:\/\/www.mexicanguitarplayers.com\/tienda\/"},{"@type":"ListItem","position":3,"name":"MICROFONO BEHRINGER MOD. TM1"}]},{"@type":"WebSite","@id":"https:\/\/www.mexicanguitarplayers.com\/#website","url":"https:\/\/www.mexicanguitarplayers.com\/","name":"Mexican Guitar Players","description":"Website","publisher":{"@id":"https:\/\/www.mexicanguitarplayers.com\/#organization"},"potentialAction":[{"@type":"SearchAction","target":{"@type":"EntryPoint","urlTemplate":"https:\/\/www.mexicanguitarplayers.com\/?s={search_term_string}"},"query-input":{"@type":"PropertyValueSpecification","valueRequired":true,"valueName":"search_term_string"}}],"inLanguage":"en-US"},{"@type":"Organization","@id":"https:\/\/www.mexicanguitarplayers.com\/#organization","name":"Mexican Guitar Players","url":"https:\/\/www.mexicanguitarplayers.com\/","logo":{"@type":"ImageObject","inLanguage":"en-US","@id":"https:\/\/www.mexicanguitarplayers.com\/#\/schema\/logo\/image\/","url":"","contentUrl":"","caption":"Mexican Guitar Players"},"image":{"@id":"https:\/\/www.mexicanguitarplayers.com\/#\/schema\/logo\/image\/"}}]}},"brands":[{"id":171,"name":"BEHRINGER","slug":"behringer"}],"_links":{"self":[{"href":"https:\/\/www.mexicanguitarplayers.com\/en\/wp-json\/wp\/v2\/product\/13838","targetHints":{"allow":["GET"]}}],"collection":[{"href":"https:\/\/www.mexicanguitarplayers.com\/en\/wp-json\/wp\/v2\/product"}],"about":[{"href":"https:\/\/www.mexicanguitarplayers.com\/en\/wp-json\/wp\/v2\/types\/product"}],"replies":[{"embeddable":true,"href":"https:\/\/www.mexicanguitarplayers.com\/en\/wp-json\/wp\/v2\/comments?post=13838"}],"wp:featuredmedia":[{"embeddable":true,"href":"https:\/\/www.mexicanguitarplayers.com\/en\/wp-json\/wp\/v2\/media\/13837"}],"wp:attachment":[{"href":"https:\/\/www.mexicanguitarplayers.com\/en\/wp-json\/wp\/v2\/media?parent=13838"}],"wp:term":[{"taxonomy":"pwb-brand","embeddable":true,"href":"https:\/\/www.mexicanguitarplayers.com\/en\/wp-json\/wp\/v2\/pwb-brand?post=13838"},{"taxonomy":"product_brand","embeddable":true,"href":"https:\/\/www.mexicanguitarplayers.com\/en\/wp-json\/wp\/v2\/product_brand?post=13838"},{"taxonomy":"product_cat","embeddable":true,"href":"https:\/\/www.mexicanguitarplayers.com\/en\/wp-json\/wp\/v2\/product_cat?post=13838"},{"taxonomy":"product_tag","embeddable":true,"href":"https:\/\/www.mexicanguitarplayers.com\/en\/wp-json\/wp\/v2\/product_tag?post=13838"}],"curies":[{"name":"wp","href":"https:\/\/api.w.org\/{rel}","templated":true}]}}