{"id":13843,"date":"2022-08-18T14:52:17","date_gmt":"2022-08-18T19:52:17","guid":{"rendered":"https:\/\/www.mexicanguitarplayers.com\/tienda\/sin%20categor\u00eda\/interfaz-behringer-mod-ucg-102\/"},"modified":"2026-04-30T13:15:21","modified_gmt":"2026-04-30T19:15:21","slug":"interfaz-behringer-mod-ucg-102","status":"publish","type":"product","link":"https:\/\/www.mexicanguitarplayers.com\/en\/tienda\/audio\/interfaces\/interfaz-behringer-mod-ucg-102\/","title":{"rendered":"BEHRINGER INTERFACE MOD. UCG-102"},"content":{"rendered":"<div style=\"text-align: justify\">\n<div>\n<h3>BEHRINGER INTERFACE MOD. UCG-102<\/h3>\n<\/div>\n<div>Guitar-to-USB interface for recording and jamming with your PC\/Mac computer or iOS device, plug in your favorite guitar and turn your computer into a guitar amp and recording system without any other hardware, find a world of guitar amps free commercial guitar and pedal modeling modules for your sound and ultra-low latency ASIO driver for optimization on the behringer.com page, headphone output lets you play directly from your computer or monitor with active speakers, is powered via from USB (no external power supply required), dimensions: 24.6 x 50.8 x 95.6 mm, weight: 0.09 kg.<\/div>\n<\/div>","protected":false},"excerpt":{"rendered":"<p>Interfaz Guitarra-a-USB para grabar y jammear con tu computadora PC\/Mac o dispositivo iOS, conecta tu guitarra favorita y convierte tu computadora en un amplificador de guitarra y sistema de grabaci\u00f3n sin necesidad de ning\u00fan otro hardware,encuentra un mundo de amplificadores de guitarra comerciales gratuitos y m\u00f3dulosde modelado de pedales para tu sonido y el driver ASIO de latencia ultra baja para optimizaci\u00f3n en la p\u00e1gina de behringer.com, salida de aud\u00edfonos que te permite tocar directamente desde tu computadora o monitorear con altavoces activos, se alimenta por medio de USB (no requiere fuente de alimentaci\u00f3n externa), dimensiones: 24.6 x 50.8 x 95.6 mm, peso: 0.09 kg.&hellip; <a class=\"kt-excerpt-readmore more-link\" href=\"https:\/\/www.mexicanguitarplayers.com\/en\/tienda\/audio\/interfaces\/interfaz-behringer-mod-ucg-102\/\">Read more<\/a><\/p>","protected":false},"featured_media":13839,"comment_status":"open","ping_status":"closed","template":"","meta":{"kt_blocks_editor_width":""},"pwb-brand":[171],"product_brand":[],"product_cat":[213,233],"product_tag":[],"class_list":{"0":"post-13843","1":"product","2":"type-product","3":"status-publish","4":"has-post-thumbnail","6":"pwb-brand-behringer","7":"product_cat-audio","8":"product_cat-interfaces","9":"product_shipping_class-0-5-kg","11":"first","12":"outofstock","13":"taxable","14":"shipping-taxable","15":"purchasable","16":"product-type-simple"},"yoast_head":"<!-- This site is optimized with the Yoast SEO plugin v27.6 - https:\/\/yoast.com\/product\/yoast-seo-wordpress\/ -->\n<title>INTERFAZ BEHRINGER MOD. UCG-102 - Mexican Guitar Players<\/title>\n<meta name=\"description\" content=\"INTERFAZ BEHRINGER MOD. UCG-102. Interfaz Guitarra-a-USB para grabar y jammear con tu computadora PC\/Mac o dispositivo iOS, conecta tu guitarra favorita y convierte tu computadora en un amplificador de guitarra y sistema de grabaci\u00f3n sin necesidad de ning\u00fan otro hardware,encuentra un mundo de amplificadores de guitarra comerciales gratuitos y m\u00f3dulosde modelado de pedales para tu sonido y el driver ASIO de latencia ultra baja para optimizaci\u00f3n en la p\u00e1gina de behringer.com, salida de aud\u00edfonos que te permite tocar directamente desde tu computadora o monitorear con altavoces activos, se alimenta por medio de USB (no requiere fuente de alimentaci\u00f3n externa), dimensiones: 24.6 x 50.8 x 95.6 mm, peso: 0.09 kg.\" \/>\n<meta name=\"robots\" content=\"index, follow, max-snippet:-1, max-image-preview:large, max-video-preview:-1\" \/>\n<link rel=\"canonical\" href=\"https:\/\/www.mexicanguitarplayers.com\/en\/tienda\/audio\/interfaces\/interfaz-behringer-mod-ucg-102\/\" \/>\n<meta property=\"og:locale\" content=\"en_US\" \/>\n<meta property=\"og:type\" content=\"article\" \/>\n<meta property=\"og:title\" content=\"INTERFAZ BEHRINGER MOD. UCG-102 - Mexican Guitar Players\" \/>\n<meta property=\"og:description\" content=\"INTERFAZ BEHRINGER MOD. UCG-102. Interfaz Guitarra-a-USB para grabar y jammear con tu computadora PC\/Mac o dispositivo iOS, conecta tu guitarra favorita y convierte tu computadora en un amplificador de guitarra y sistema de grabaci\u00f3n sin necesidad de ning\u00fan otro hardware,encuentra un mundo de amplificadores de guitarra comerciales gratuitos y m\u00f3dulosde modelado de pedales para tu sonido y el driver ASIO de latencia ultra baja para optimizaci\u00f3n en la p\u00e1gina de behringer.com, salida de aud\u00edfonos que te permite tocar directamente desde tu computadora o monitorear con altavoces activos, se alimenta por medio de USB (no requiere fuente de alimentaci\u00f3n externa), dimensiones: 24.6 x 50.8 x 95.6 mm, peso: 0.09 kg.\" \/>\n<meta property=\"og:url\" content=\"https:\/\/www.mexicanguitarplayers.com\/en\/tienda\/audio\/interfaces\/interfaz-behringer-mod-ucg-102\/\" \/>\n<meta property=\"og:site_name\" content=\"Mexican Guitar Players\" \/>\n<meta property=\"article:modified_time\" content=\"2026-04-30T19:15:21+00:00\" \/>\n<meta property=\"og:image\" content=\"https:\/\/www.mexicanguitarplayers.com\/wp-content\/uploads\/2022\/08\/IABEHUCG102.jpg\" \/>\n\t<meta property=\"og:image:width\" content=\"1200\" \/>\n\t<meta property=\"og:image:height\" content=\"1200\" \/>\n\t<meta property=\"og:image:type\" content=\"image\/jpeg\" \/>\n<meta name=\"twitter:card\" content=\"summary_large_image\" \/>\n<meta name=\"twitter:label1\" content=\"Est. reading time\" \/>\n\t<meta name=\"twitter:data1\" content=\"1 minute\" \/>\n<script type=\"application\/ld+json\" class=\"yoast-schema-graph\">{\"@context\":\"https:\\\/\\\/schema.org\",\"@graph\":[{\"@type\":[\"WebPage\",\"ItemPage\"],\"@id\":\"https:\\\/\\\/www.mexicanguitarplayers.com\\\/tienda\\\/audio\\\/interfaces\\\/interfaz-behringer-mod-ucg-102\\\/\",\"url\":\"https:\\\/\\\/www.mexicanguitarplayers.com\\\/tienda\\\/audio\\\/interfaces\\\/interfaz-behringer-mod-ucg-102\\\/\",\"name\":\"INTERFAZ BEHRINGER MOD. UCG-102 - Mexican Guitar Players\",\"isPartOf\":{\"@id\":\"https:\\\/\\\/www.mexicanguitarplayers.com\\\/#website\"},\"primaryImageOfPage\":{\"@id\":\"https:\\\/\\\/www.mexicanguitarplayers.com\\\/tienda\\\/audio\\\/interfaces\\\/interfaz-behringer-mod-ucg-102\\\/#primaryimage\"},\"image\":{\"@id\":\"https:\\\/\\\/www.mexicanguitarplayers.com\\\/tienda\\\/audio\\\/interfaces\\\/interfaz-behringer-mod-ucg-102\\\/#primaryimage\"},\"thumbnailUrl\":\"https:\\\/\\\/www.mexicanguitarplayers.com\\\/wp-content\\\/uploads\\\/2022\\\/08\\\/IABEHUCG102.jpg\",\"datePublished\":\"2022-08-18T19:52:17+00:00\",\"dateModified\":\"2026-04-30T19:15:21+00:00\",\"description\":\"INTERFAZ BEHRINGER MOD. UCG-102. Interfaz Guitarra-a-USB para grabar y jammear con tu computadora PC\\\/Mac o dispositivo iOS, conecta tu guitarra favorita y convierte tu computadora en un amplificador de guitarra y sistema de grabaci\u00f3n sin necesidad de ning\u00fan otro hardware,encuentra un mundo de amplificadores de guitarra comerciales gratuitos y m\u00f3dulosde modelado de pedales para tu sonido y el driver ASIO de latencia ultra baja para optimizaci\u00f3n en la p\u00e1gina de behringer.com, salida de aud\u00edfonos que te permite tocar directamente desde tu computadora o monitorear con altavoces activos, se alimenta por medio de USB (no requiere fuente de alimentaci\u00f3n externa), dimensiones: 24.6 x 50.8 x 95.6 mm, peso: 0.09 kg.\",\"breadcrumb\":{\"@id\":\"https:\\\/\\\/www.mexicanguitarplayers.com\\\/tienda\\\/audio\\\/interfaces\\\/interfaz-behringer-mod-ucg-102\\\/#breadcrumb\"},\"inLanguage\":\"en-US\",\"potentialAction\":[{\"@type\":\"ReadAction\",\"target\":[\"https:\\\/\\\/www.mexicanguitarplayers.com\\\/tienda\\\/audio\\\/interfaces\\\/interfaz-behringer-mod-ucg-102\\\/\"]}]},{\"@type\":\"ImageObject\",\"inLanguage\":\"en-US\",\"@id\":\"https:\\\/\\\/www.mexicanguitarplayers.com\\\/tienda\\\/audio\\\/interfaces\\\/interfaz-behringer-mod-ucg-102\\\/#primaryimage\",\"url\":\"https:\\\/\\\/www.mexicanguitarplayers.com\\\/wp-content\\\/uploads\\\/2022\\\/08\\\/IABEHUCG102.jpg\",\"contentUrl\":\"https:\\\/\\\/www.mexicanguitarplayers.com\\\/wp-content\\\/uploads\\\/2022\\\/08\\\/IABEHUCG102.jpg\",\"width\":1200,\"height\":1200},{\"@type\":\"BreadcrumbList\",\"@id\":\"https:\\\/\\\/www.mexicanguitarplayers.com\\\/tienda\\\/audio\\\/interfaces\\\/interfaz-behringer-mod-ucg-102\\\/#breadcrumb\",\"itemListElement\":[{\"@type\":\"ListItem\",\"position\":1,\"name\":\"Portada\",\"item\":\"https:\\\/\\\/www.mexicanguitarplayers.com\\\/\"},{\"@type\":\"ListItem\",\"position\":2,\"name\":\"Tienda\",\"item\":\"https:\\\/\\\/www.mexicanguitarplayers.com\\\/tienda\\\/\"},{\"@type\":\"ListItem\",\"position\":3,\"name\":\"INTERFAZ BEHRINGER MOD. UCG-102\"}]},{\"@type\":\"WebSite\",\"@id\":\"https:\\\/\\\/www.mexicanguitarplayers.com\\\/#website\",\"url\":\"https:\\\/\\\/www.mexicanguitarplayers.com\\\/\",\"name\":\"Mexican Guitar Players\",\"description\":\"Website\",\"publisher\":{\"@id\":\"https:\\\/\\\/www.mexicanguitarplayers.com\\\/#organization\"},\"potentialAction\":[{\"@type\":\"SearchAction\",\"target\":{\"@type\":\"EntryPoint\",\"urlTemplate\":\"https:\\\/\\\/www.mexicanguitarplayers.com\\\/?s={search_term_string}\"},\"query-input\":{\"@type\":\"PropertyValueSpecification\",\"valueRequired\":true,\"valueName\":\"search_term_string\"}}],\"inLanguage\":\"en-US\"},{\"@type\":\"Organization\",\"@id\":\"https:\\\/\\\/www.mexicanguitarplayers.com\\\/#organization\",\"name\":\"Mexican Guitar Players\",\"url\":\"https:\\\/\\\/www.mexicanguitarplayers.com\\\/\",\"logo\":{\"@type\":\"ImageObject\",\"inLanguage\":\"en-US\",\"@id\":\"https:\\\/\\\/www.mexicanguitarplayers.com\\\/#\\\/schema\\\/logo\\\/image\\\/\",\"url\":\"\",\"contentUrl\":\"\",\"caption\":\"Mexican Guitar Players\"},\"image\":{\"@id\":\"https:\\\/\\\/www.mexicanguitarplayers.com\\\/#\\\/schema\\\/logo\\\/image\\\/\"}}]}<\/script>\n<!-- \/ Yoast SEO plugin. -->","yoast_head_json":{"title":"INTERFAZ BEHRINGER MOD. UCG-102 - Mexican Guitar Players","description":"INTERFAZ BEHRINGER MOD. UCG-102. Interfaz Guitarra-a-USB para grabar y jammear con tu computadora PC\/Mac o dispositivo iOS, conecta tu guitarra favorita y convierte tu computadora en un amplificador de guitarra y sistema de grabaci\u00f3n sin necesidad de ning\u00fan otro hardware,encuentra un mundo de amplificadores de guitarra comerciales gratuitos y m\u00f3dulosde modelado de pedales para tu sonido y el driver ASIO de latencia ultra baja para optimizaci\u00f3n en la p\u00e1gina de behringer.com, salida de aud\u00edfonos que te permite tocar directamente desde tu computadora o monitorear con altavoces activos, se alimenta por medio de USB (no requiere fuente de alimentaci\u00f3n externa), dimensiones: 24.6 x 50.8 x 95.6 mm, peso: 0.09 kg.","robots":{"index":"index","follow":"follow","max-snippet":"max-snippet:-1","max-image-preview":"max-image-preview:large","max-video-preview":"max-video-preview:-1"},"canonical":"https:\/\/www.mexicanguitarplayers.com\/en\/tienda\/audio\/interfaces\/interfaz-behringer-mod-ucg-102\/","og_locale":"en_US","og_type":"article","og_title":"INTERFAZ BEHRINGER MOD. UCG-102 - Mexican Guitar Players","og_description":"INTERFAZ BEHRINGER MOD. UCG-102. Interfaz Guitarra-a-USB para grabar y jammear con tu computadora PC\/Mac o dispositivo iOS, conecta tu guitarra favorita y convierte tu computadora en un amplificador de guitarra y sistema de grabaci\u00f3n sin necesidad de ning\u00fan otro hardware,encuentra un mundo de amplificadores de guitarra comerciales gratuitos y m\u00f3dulosde modelado de pedales para tu sonido y el driver ASIO de latencia ultra baja para optimizaci\u00f3n en la p\u00e1gina de behringer.com, salida de aud\u00edfonos que te permite tocar directamente desde tu computadora o monitorear con altavoces activos, se alimenta por medio de USB (no requiere fuente de alimentaci\u00f3n externa), dimensiones: 24.6 x 50.8 x 95.6 mm, peso: 0.09 kg.","og_url":"https:\/\/www.mexicanguitarplayers.com\/en\/tienda\/audio\/interfaces\/interfaz-behringer-mod-ucg-102\/","og_site_name":"Mexican Guitar Players","article_modified_time":"2026-04-30T19:15:21+00:00","og_image":[{"width":1200,"height":1200,"url":"https:\/\/www.mexicanguitarplayers.com\/wp-content\/uploads\/2022\/08\/IABEHUCG102.jpg","type":"image\/jpeg"}],"twitter_card":"summary_large_image","twitter_misc":{"Est. reading time":"1 minute"},"schema":{"@context":"https:\/\/schema.org","@graph":[{"@type":["WebPage","ItemPage"],"@id":"https:\/\/www.mexicanguitarplayers.com\/tienda\/audio\/interfaces\/interfaz-behringer-mod-ucg-102\/","url":"https:\/\/www.mexicanguitarplayers.com\/tienda\/audio\/interfaces\/interfaz-behringer-mod-ucg-102\/","name":"INTERFAZ BEHRINGER MOD. UCG-102 - Mexican Guitar Players","isPartOf":{"@id":"https:\/\/www.mexicanguitarplayers.com\/#website"},"primaryImageOfPage":{"@id":"https:\/\/www.mexicanguitarplayers.com\/tienda\/audio\/interfaces\/interfaz-behringer-mod-ucg-102\/#primaryimage"},"image":{"@id":"https:\/\/www.mexicanguitarplayers.com\/tienda\/audio\/interfaces\/interfaz-behringer-mod-ucg-102\/#primaryimage"},"thumbnailUrl":"https:\/\/www.mexicanguitarplayers.com\/wp-content\/uploads\/2022\/08\/IABEHUCG102.jpg","datePublished":"2022-08-18T19:52:17+00:00","dateModified":"2026-04-30T19:15:21+00:00","description":"INTERFAZ BEHRINGER MOD. UCG-102. Interfaz Guitarra-a-USB para grabar y jammear con tu computadora PC\/Mac o dispositivo iOS, conecta tu guitarra favorita y convierte tu computadora en un amplificador de guitarra y sistema de grabaci\u00f3n sin necesidad de ning\u00fan otro hardware,encuentra un mundo de amplificadores de guitarra comerciales gratuitos y m\u00f3dulosde modelado de pedales para tu sonido y el driver ASIO de latencia ultra baja para optimizaci\u00f3n en la p\u00e1gina de behringer.com, salida de aud\u00edfonos que te permite tocar directamente desde tu computadora o monitorear con altavoces activos, se alimenta por medio de USB (no requiere fuente de alimentaci\u00f3n externa), dimensiones: 24.6 x 50.8 x 95.6 mm, peso: 0.09 kg.","breadcrumb":{"@id":"https:\/\/www.mexicanguitarplayers.com\/tienda\/audio\/interfaces\/interfaz-behringer-mod-ucg-102\/#breadcrumb"},"inLanguage":"en-US","potentialAction":[{"@type":"ReadAction","target":["https:\/\/www.mexicanguitarplayers.com\/tienda\/audio\/interfaces\/interfaz-behringer-mod-ucg-102\/"]}]},{"@type":"ImageObject","inLanguage":"en-US","@id":"https:\/\/www.mexicanguitarplayers.com\/tienda\/audio\/interfaces\/interfaz-behringer-mod-ucg-102\/#primaryimage","url":"https:\/\/www.mexicanguitarplayers.com\/wp-content\/uploads\/2022\/08\/IABEHUCG102.jpg","contentUrl":"https:\/\/www.mexicanguitarplayers.com\/wp-content\/uploads\/2022\/08\/IABEHUCG102.jpg","width":1200,"height":1200},{"@type":"BreadcrumbList","@id":"https:\/\/www.mexicanguitarplayers.com\/tienda\/audio\/interfaces\/interfaz-behringer-mod-ucg-102\/#breadcrumb","itemListElement":[{"@type":"ListItem","position":1,"name":"Portada","item":"https:\/\/www.mexicanguitarplayers.com\/"},{"@type":"ListItem","position":2,"name":"Tienda","item":"https:\/\/www.mexicanguitarplayers.com\/tienda\/"},{"@type":"ListItem","position":3,"name":"INTERFAZ BEHRINGER MOD. UCG-102"}]},{"@type":"WebSite","@id":"https:\/\/www.mexicanguitarplayers.com\/#website","url":"https:\/\/www.mexicanguitarplayers.com\/","name":"Mexican Guitar Players","description":"Website","publisher":{"@id":"https:\/\/www.mexicanguitarplayers.com\/#organization"},"potentialAction":[{"@type":"SearchAction","target":{"@type":"EntryPoint","urlTemplate":"https:\/\/www.mexicanguitarplayers.com\/?s={search_term_string}"},"query-input":{"@type":"PropertyValueSpecification","valueRequired":true,"valueName":"search_term_string"}}],"inLanguage":"en-US"},{"@type":"Organization","@id":"https:\/\/www.mexicanguitarplayers.com\/#organization","name":"Mexican Guitar Players","url":"https:\/\/www.mexicanguitarplayers.com\/","logo":{"@type":"ImageObject","inLanguage":"en-US","@id":"https:\/\/www.mexicanguitarplayers.com\/#\/schema\/logo\/image\/","url":"","contentUrl":"","caption":"Mexican Guitar Players"},"image":{"@id":"https:\/\/www.mexicanguitarplayers.com\/#\/schema\/logo\/image\/"}}]}},"brands":[{"id":171,"name":"BEHRINGER","slug":"behringer"}],"_links":{"self":[{"href":"https:\/\/www.mexicanguitarplayers.com\/en\/wp-json\/wp\/v2\/product\/13843","targetHints":{"allow":["GET"]}}],"collection":[{"href":"https:\/\/www.mexicanguitarplayers.com\/en\/wp-json\/wp\/v2\/product"}],"about":[{"href":"https:\/\/www.mexicanguitarplayers.com\/en\/wp-json\/wp\/v2\/types\/product"}],"replies":[{"embeddable":true,"href":"https:\/\/www.mexicanguitarplayers.com\/en\/wp-json\/wp\/v2\/comments?post=13843"}],"wp:featuredmedia":[{"embeddable":true,"href":"https:\/\/www.mexicanguitarplayers.com\/en\/wp-json\/wp\/v2\/media\/13839"}],"wp:attachment":[{"href":"https:\/\/www.mexicanguitarplayers.com\/en\/wp-json\/wp\/v2\/media?parent=13843"}],"wp:term":[{"taxonomy":"pwb-brand","embeddable":true,"href":"https:\/\/www.mexicanguitarplayers.com\/en\/wp-json\/wp\/v2\/pwb-brand?post=13843"},{"taxonomy":"product_brand","embeddable":true,"href":"https:\/\/www.mexicanguitarplayers.com\/en\/wp-json\/wp\/v2\/product_brand?post=13843"},{"taxonomy":"product_cat","embeddable":true,"href":"https:\/\/www.mexicanguitarplayers.com\/en\/wp-json\/wp\/v2\/product_cat?post=13843"},{"taxonomy":"product_tag","embeddable":true,"href":"https:\/\/www.mexicanguitarplayers.com\/en\/wp-json\/wp\/v2\/product_tag?post=13843"}],"curies":[{"name":"wp","href":"https:\/\/api.w.org\/{rel}","templated":true}]}}