{"id":13925,"date":"2022-08-18T14:54:59","date_gmt":"2022-08-18T19:54:59","guid":{"rendered":"https:\/\/www.mexicanguitarplayers.com\/tienda\/sin%20categor\u00eda\/bafle-eurocom-instalacion-cl3564\/"},"modified":"2026-04-10T05:10:39","modified_gmt":"2026-04-10T11:10:39","slug":"bafle-eurocom-instalacion-cl3564","status":"publish","type":"product","link":"https:\/\/www.mexicanguitarplayers.com\/en\/tienda\/audio\/bafles-y-bocinas\/bafles\/instalacion\/bafle-eurocom-instalacion-cl3564\/","title":{"rendered":"EUROCOM SPEAKER INSTALLATION CL3564"},"content":{"rendered":"<div style=\"text-align: justify\">\n<div>\n<h3>EUROCOM SPEAKER INSTALLATION CL3564<\/h3>\n<\/div>\n<div>3-way passive subwoofer for installation, power: 300 watts, impedance: 8 ohms, maximum SPL: 96 dB, 15&quot; low-frequency woofer, 6&quot; mid-frequency woofer and 1.35&quot; driver, 60\u00b0 dispersion H x 40\u00b0 V, designed for a wide variety of fixed installation applications, passive crossover with overload circuitry for protection.<\/div>\n<\/div>","protected":false},"excerpt":{"rendered":"<p>Bafle pasivo de 3 v\u00edas para instalaci\u00f3n, potencia: 300 watts, impedancia: 8 ohms, SPL m\u00e1ximo: 96 dB, woofer de frecuencia grave de 15\u201d, woofer de frecuencia media de 6\u201d y driver de 1.35\u201d pulgadas, dispersi\u00f3n de 60\u00b0 H x 40\u00b0 V, dise\u00f1ado para una gran variedad de aplicaciones de instalaci\u00f3n fija, crossover pasivo con circuito de sobrecarga para protecci\u00f3n.&hellip; <a class=\"kt-excerpt-readmore more-link\" href=\"https:\/\/www.mexicanguitarplayers.com\/en\/tienda\/audio\/bafles-y-bocinas\/bafles\/instalacion\/bafle-eurocom-instalacion-cl3564\/\">Read more<\/a><\/p>","protected":false},"featured_media":13921,"comment_status":"open","ping_status":"closed","template":"","meta":{"kt_blocks_editor_width":""},"pwb-brand":[171],"product_brand":[],"product_cat":[213,222,221,243],"product_tag":[],"class_list":{"0":"post-13925","1":"product","2":"type-product","3":"status-publish","4":"has-post-thumbnail","6":"pwb-brand-behringer","7":"product_cat-audio","8":"product_cat-bafles","9":"product_cat-bafles-y-bocinas","10":"product_cat-instalacion","11":"product_shipping_class-25-30-kg","13":"first","14":"instock","15":"taxable","16":"shipping-taxable","17":"purchasable","18":"product-type-simple"},"yoast_head":"<!-- This site is optimized with the Yoast SEO plugin v27.5 - https:\/\/yoast.com\/product\/yoast-seo-wordpress\/ -->\n<title>BAFLE EUROCOM INSTALACION CL3564 - Mexican Guitar Players<\/title>\n<meta name=\"description\" content=\"BAFLE EUROCOM INSTALACION CL3564. Bafle pasivo de 3 v\u00edas para instalaci\u00f3n, potencia: 300 watts, impedancia: 8 ohms, SPL m\u00e1ximo: 96 dB, woofer de frecuencia grave de 15\u201d, woofer de frecuencia media de 6\u201d y driver de 1.35\u201d pulgadas, dispersi\u00f3n de 60\u00b0 H x 40\u00b0 V, dise\u00f1ado para una gran variedad de aplicaciones de instalaci\u00f3n fija, crossover pasivo con circuito de sobrecarga para protecci\u00f3n.\" \/>\n<meta name=\"robots\" content=\"index, follow, max-snippet:-1, max-image-preview:large, max-video-preview:-1\" \/>\n<link rel=\"canonical\" href=\"https:\/\/www.mexicanguitarplayers.com\/en\/tienda\/audio\/bafles-y-bocinas\/bafles\/instalacion\/bafle-eurocom-instalacion-cl3564\/\" \/>\n<meta property=\"og:locale\" content=\"en_US\" \/>\n<meta property=\"og:type\" content=\"article\" \/>\n<meta property=\"og:title\" content=\"BAFLE EUROCOM INSTALACION CL3564 - Mexican Guitar Players\" \/>\n<meta property=\"og:description\" content=\"BAFLE EUROCOM INSTALACION CL3564. Bafle pasivo de 3 v\u00edas para instalaci\u00f3n, potencia: 300 watts, impedancia: 8 ohms, SPL m\u00e1ximo: 96 dB, woofer de frecuencia grave de 15\u201d, woofer de frecuencia media de 6\u201d y driver de 1.35\u201d pulgadas, dispersi\u00f3n de 60\u00b0 H x 40\u00b0 V, dise\u00f1ado para una gran variedad de aplicaciones de instalaci\u00f3n fija, crossover pasivo con circuito de sobrecarga para protecci\u00f3n.\" \/>\n<meta property=\"og:url\" content=\"https:\/\/www.mexicanguitarplayers.com\/en\/tienda\/audio\/bafles-y-bocinas\/bafles\/instalacion\/bafle-eurocom-instalacion-cl3564\/\" \/>\n<meta property=\"og:site_name\" content=\"Mexican Guitar Players\" \/>\n<meta property=\"article:modified_time\" content=\"2026-04-10T11:10:39+00:00\" \/>\n<meta property=\"og:image\" content=\"https:\/\/www.mexicanguitarplayers.com\/wp-content\/uploads\/2022\/08\/IAEUCCL3564.jpg\" \/>\n\t<meta property=\"og:image:width\" content=\"800\" \/>\n\t<meta property=\"og:image:height\" content=\"1600\" \/>\n\t<meta property=\"og:image:type\" content=\"image\/jpeg\" \/>\n<meta name=\"twitter:card\" content=\"summary_large_image\" \/>\n<meta name=\"twitter:label1\" content=\"Est. reading time\" \/>\n\t<meta name=\"twitter:data1\" content=\"1 minute\" \/>\n<script type=\"application\/ld+json\" class=\"yoast-schema-graph\">{\"@context\":\"https:\\\/\\\/schema.org\",\"@graph\":[{\"@type\":[\"WebPage\",\"ItemPage\"],\"@id\":\"https:\\\/\\\/www.mexicanguitarplayers.com\\\/tienda\\\/audio\\\/bafles-y-bocinas\\\/bafles\\\/instalacion\\\/bafle-eurocom-instalacion-cl3564\\\/\",\"url\":\"https:\\\/\\\/www.mexicanguitarplayers.com\\\/tienda\\\/audio\\\/bafles-y-bocinas\\\/bafles\\\/instalacion\\\/bafle-eurocom-instalacion-cl3564\\\/\",\"name\":\"BAFLE EUROCOM INSTALACION CL3564 - Mexican Guitar Players\",\"isPartOf\":{\"@id\":\"https:\\\/\\\/www.mexicanguitarplayers.com\\\/#website\"},\"primaryImageOfPage\":{\"@id\":\"https:\\\/\\\/www.mexicanguitarplayers.com\\\/tienda\\\/audio\\\/bafles-y-bocinas\\\/bafles\\\/instalacion\\\/bafle-eurocom-instalacion-cl3564\\\/#primaryimage\"},\"image\":{\"@id\":\"https:\\\/\\\/www.mexicanguitarplayers.com\\\/tienda\\\/audio\\\/bafles-y-bocinas\\\/bafles\\\/instalacion\\\/bafle-eurocom-instalacion-cl3564\\\/#primaryimage\"},\"thumbnailUrl\":\"https:\\\/\\\/www.mexicanguitarplayers.com\\\/wp-content\\\/uploads\\\/2022\\\/08\\\/IAEUCCL3564.jpg\",\"datePublished\":\"2022-08-18T19:54:59+00:00\",\"dateModified\":\"2026-04-10T11:10:39+00:00\",\"description\":\"BAFLE EUROCOM INSTALACION CL3564. Bafle pasivo de 3 v\u00edas para instalaci\u00f3n, potencia: 300 watts, impedancia: 8 ohms, SPL m\u00e1ximo: 96 dB, woofer de frecuencia grave de 15\u201d, woofer de frecuencia media de 6\u201d y driver de 1.35\u201d pulgadas, dispersi\u00f3n de 60\u00b0 H x 40\u00b0 V, dise\u00f1ado para una gran variedad de aplicaciones de instalaci\u00f3n fija, crossover pasivo con circuito de sobrecarga para protecci\u00f3n.\",\"breadcrumb\":{\"@id\":\"https:\\\/\\\/www.mexicanguitarplayers.com\\\/tienda\\\/audio\\\/bafles-y-bocinas\\\/bafles\\\/instalacion\\\/bafle-eurocom-instalacion-cl3564\\\/#breadcrumb\"},\"inLanguage\":\"en-US\",\"potentialAction\":[{\"@type\":\"ReadAction\",\"target\":[\"https:\\\/\\\/www.mexicanguitarplayers.com\\\/tienda\\\/audio\\\/bafles-y-bocinas\\\/bafles\\\/instalacion\\\/bafle-eurocom-instalacion-cl3564\\\/\"]}]},{\"@type\":\"ImageObject\",\"inLanguage\":\"en-US\",\"@id\":\"https:\\\/\\\/www.mexicanguitarplayers.com\\\/tienda\\\/audio\\\/bafles-y-bocinas\\\/bafles\\\/instalacion\\\/bafle-eurocom-instalacion-cl3564\\\/#primaryimage\",\"url\":\"https:\\\/\\\/www.mexicanguitarplayers.com\\\/wp-content\\\/uploads\\\/2022\\\/08\\\/IAEUCCL3564.jpg\",\"contentUrl\":\"https:\\\/\\\/www.mexicanguitarplayers.com\\\/wp-content\\\/uploads\\\/2022\\\/08\\\/IAEUCCL3564.jpg\",\"width\":800,\"height\":1600},{\"@type\":\"BreadcrumbList\",\"@id\":\"https:\\\/\\\/www.mexicanguitarplayers.com\\\/tienda\\\/audio\\\/bafles-y-bocinas\\\/bafles\\\/instalacion\\\/bafle-eurocom-instalacion-cl3564\\\/#breadcrumb\",\"itemListElement\":[{\"@type\":\"ListItem\",\"position\":1,\"name\":\"Portada\",\"item\":\"https:\\\/\\\/www.mexicanguitarplayers.com\\\/\"},{\"@type\":\"ListItem\",\"position\":2,\"name\":\"Tienda\",\"item\":\"https:\\\/\\\/www.mexicanguitarplayers.com\\\/tienda\\\/\"},{\"@type\":\"ListItem\",\"position\":3,\"name\":\"BAFLE EUROCOM INSTALACION CL3564\"}]},{\"@type\":\"WebSite\",\"@id\":\"https:\\\/\\\/www.mexicanguitarplayers.com\\\/#website\",\"url\":\"https:\\\/\\\/www.mexicanguitarplayers.com\\\/\",\"name\":\"Mexican Guitar Players\",\"description\":\"Website\",\"publisher\":{\"@id\":\"https:\\\/\\\/www.mexicanguitarplayers.com\\\/#organization\"},\"potentialAction\":[{\"@type\":\"SearchAction\",\"target\":{\"@type\":\"EntryPoint\",\"urlTemplate\":\"https:\\\/\\\/www.mexicanguitarplayers.com\\\/?s={search_term_string}\"},\"query-input\":{\"@type\":\"PropertyValueSpecification\",\"valueRequired\":true,\"valueName\":\"search_term_string\"}}],\"inLanguage\":\"en-US\"},{\"@type\":\"Organization\",\"@id\":\"https:\\\/\\\/www.mexicanguitarplayers.com\\\/#organization\",\"name\":\"Mexican Guitar Players\",\"url\":\"https:\\\/\\\/www.mexicanguitarplayers.com\\\/\",\"logo\":{\"@type\":\"ImageObject\",\"inLanguage\":\"en-US\",\"@id\":\"https:\\\/\\\/www.mexicanguitarplayers.com\\\/#\\\/schema\\\/logo\\\/image\\\/\",\"url\":\"\",\"contentUrl\":\"\",\"caption\":\"Mexican Guitar Players\"},\"image\":{\"@id\":\"https:\\\/\\\/www.mexicanguitarplayers.com\\\/#\\\/schema\\\/logo\\\/image\\\/\"}}]}<\/script>\n<!-- \/ Yoast SEO plugin. -->","yoast_head_json":{"title":"BAFLE EUROCOM INSTALACION CL3564 - Mexican Guitar Players","description":"BAFLE EUROCOM INSTALACION CL3564. Bafle pasivo de 3 v\u00edas para instalaci\u00f3n, potencia: 300 watts, impedancia: 8 ohms, SPL m\u00e1ximo: 96 dB, woofer de frecuencia grave de 15\u201d, woofer de frecuencia media de 6\u201d y driver de 1.35\u201d pulgadas, dispersi\u00f3n de 60\u00b0 H x 40\u00b0 V, dise\u00f1ado para una gran variedad de aplicaciones de instalaci\u00f3n fija, crossover pasivo con circuito de sobrecarga para protecci\u00f3n.","robots":{"index":"index","follow":"follow","max-snippet":"max-snippet:-1","max-image-preview":"max-image-preview:large","max-video-preview":"max-video-preview:-1"},"canonical":"https:\/\/www.mexicanguitarplayers.com\/en\/tienda\/audio\/bafles-y-bocinas\/bafles\/instalacion\/bafle-eurocom-instalacion-cl3564\/","og_locale":"en_US","og_type":"article","og_title":"BAFLE EUROCOM INSTALACION CL3564 - Mexican Guitar Players","og_description":"BAFLE EUROCOM INSTALACION CL3564. Bafle pasivo de 3 v\u00edas para instalaci\u00f3n, potencia: 300 watts, impedancia: 8 ohms, SPL m\u00e1ximo: 96 dB, woofer de frecuencia grave de 15\u201d, woofer de frecuencia media de 6\u201d y driver de 1.35\u201d pulgadas, dispersi\u00f3n de 60\u00b0 H x 40\u00b0 V, dise\u00f1ado para una gran variedad de aplicaciones de instalaci\u00f3n fija, crossover pasivo con circuito de sobrecarga para protecci\u00f3n.","og_url":"https:\/\/www.mexicanguitarplayers.com\/en\/tienda\/audio\/bafles-y-bocinas\/bafles\/instalacion\/bafle-eurocom-instalacion-cl3564\/","og_site_name":"Mexican Guitar Players","article_modified_time":"2026-04-10T11:10:39+00:00","og_image":[{"width":800,"height":1600,"url":"https:\/\/www.mexicanguitarplayers.com\/wp-content\/uploads\/2022\/08\/IAEUCCL3564.jpg","type":"image\/jpeg"}],"twitter_card":"summary_large_image","twitter_misc":{"Est. reading time":"1 minute"},"schema":{"@context":"https:\/\/schema.org","@graph":[{"@type":["WebPage","ItemPage"],"@id":"https:\/\/www.mexicanguitarplayers.com\/tienda\/audio\/bafles-y-bocinas\/bafles\/instalacion\/bafle-eurocom-instalacion-cl3564\/","url":"https:\/\/www.mexicanguitarplayers.com\/tienda\/audio\/bafles-y-bocinas\/bafles\/instalacion\/bafle-eurocom-instalacion-cl3564\/","name":"BAFLE EUROCOM INSTALACION CL3564 - Mexican Guitar Players","isPartOf":{"@id":"https:\/\/www.mexicanguitarplayers.com\/#website"},"primaryImageOfPage":{"@id":"https:\/\/www.mexicanguitarplayers.com\/tienda\/audio\/bafles-y-bocinas\/bafles\/instalacion\/bafle-eurocom-instalacion-cl3564\/#primaryimage"},"image":{"@id":"https:\/\/www.mexicanguitarplayers.com\/tienda\/audio\/bafles-y-bocinas\/bafles\/instalacion\/bafle-eurocom-instalacion-cl3564\/#primaryimage"},"thumbnailUrl":"https:\/\/www.mexicanguitarplayers.com\/wp-content\/uploads\/2022\/08\/IAEUCCL3564.jpg","datePublished":"2022-08-18T19:54:59+00:00","dateModified":"2026-04-10T11:10:39+00:00","description":"BAFLE EUROCOM INSTALACION CL3564. Bafle pasivo de 3 v\u00edas para instalaci\u00f3n, potencia: 300 watts, impedancia: 8 ohms, SPL m\u00e1ximo: 96 dB, woofer de frecuencia grave de 15\u201d, woofer de frecuencia media de 6\u201d y driver de 1.35\u201d pulgadas, dispersi\u00f3n de 60\u00b0 H x 40\u00b0 V, dise\u00f1ado para una gran variedad de aplicaciones de instalaci\u00f3n fija, crossover pasivo con circuito de sobrecarga para protecci\u00f3n.","breadcrumb":{"@id":"https:\/\/www.mexicanguitarplayers.com\/tienda\/audio\/bafles-y-bocinas\/bafles\/instalacion\/bafle-eurocom-instalacion-cl3564\/#breadcrumb"},"inLanguage":"en-US","potentialAction":[{"@type":"ReadAction","target":["https:\/\/www.mexicanguitarplayers.com\/tienda\/audio\/bafles-y-bocinas\/bafles\/instalacion\/bafle-eurocom-instalacion-cl3564\/"]}]},{"@type":"ImageObject","inLanguage":"en-US","@id":"https:\/\/www.mexicanguitarplayers.com\/tienda\/audio\/bafles-y-bocinas\/bafles\/instalacion\/bafle-eurocom-instalacion-cl3564\/#primaryimage","url":"https:\/\/www.mexicanguitarplayers.com\/wp-content\/uploads\/2022\/08\/IAEUCCL3564.jpg","contentUrl":"https:\/\/www.mexicanguitarplayers.com\/wp-content\/uploads\/2022\/08\/IAEUCCL3564.jpg","width":800,"height":1600},{"@type":"BreadcrumbList","@id":"https:\/\/www.mexicanguitarplayers.com\/tienda\/audio\/bafles-y-bocinas\/bafles\/instalacion\/bafle-eurocom-instalacion-cl3564\/#breadcrumb","itemListElement":[{"@type":"ListItem","position":1,"name":"Portada","item":"https:\/\/www.mexicanguitarplayers.com\/"},{"@type":"ListItem","position":2,"name":"Tienda","item":"https:\/\/www.mexicanguitarplayers.com\/tienda\/"},{"@type":"ListItem","position":3,"name":"BAFLE EUROCOM INSTALACION CL3564"}]},{"@type":"WebSite","@id":"https:\/\/www.mexicanguitarplayers.com\/#website","url":"https:\/\/www.mexicanguitarplayers.com\/","name":"Mexican Guitar Players","description":"Website","publisher":{"@id":"https:\/\/www.mexicanguitarplayers.com\/#organization"},"potentialAction":[{"@type":"SearchAction","target":{"@type":"EntryPoint","urlTemplate":"https:\/\/www.mexicanguitarplayers.com\/?s={search_term_string}"},"query-input":{"@type":"PropertyValueSpecification","valueRequired":true,"valueName":"search_term_string"}}],"inLanguage":"en-US"},{"@type":"Organization","@id":"https:\/\/www.mexicanguitarplayers.com\/#organization","name":"Mexican Guitar Players","url":"https:\/\/www.mexicanguitarplayers.com\/","logo":{"@type":"ImageObject","inLanguage":"en-US","@id":"https:\/\/www.mexicanguitarplayers.com\/#\/schema\/logo\/image\/","url":"","contentUrl":"","caption":"Mexican Guitar Players"},"image":{"@id":"https:\/\/www.mexicanguitarplayers.com\/#\/schema\/logo\/image\/"}}]}},"brands":[{"id":171,"name":"BEHRINGER","slug":"behringer"}],"_links":{"self":[{"href":"https:\/\/www.mexicanguitarplayers.com\/en\/wp-json\/wp\/v2\/product\/13925","targetHints":{"allow":["GET"]}}],"collection":[{"href":"https:\/\/www.mexicanguitarplayers.com\/en\/wp-json\/wp\/v2\/product"}],"about":[{"href":"https:\/\/www.mexicanguitarplayers.com\/en\/wp-json\/wp\/v2\/types\/product"}],"replies":[{"embeddable":true,"href":"https:\/\/www.mexicanguitarplayers.com\/en\/wp-json\/wp\/v2\/comments?post=13925"}],"wp:featuredmedia":[{"embeddable":true,"href":"https:\/\/www.mexicanguitarplayers.com\/en\/wp-json\/wp\/v2\/media\/13921"}],"wp:attachment":[{"href":"https:\/\/www.mexicanguitarplayers.com\/en\/wp-json\/wp\/v2\/media?parent=13925"}],"wp:term":[{"taxonomy":"pwb-brand","embeddable":true,"href":"https:\/\/www.mexicanguitarplayers.com\/en\/wp-json\/wp\/v2\/pwb-brand?post=13925"},{"taxonomy":"product_brand","embeddable":true,"href":"https:\/\/www.mexicanguitarplayers.com\/en\/wp-json\/wp\/v2\/product_brand?post=13925"},{"taxonomy":"product_cat","embeddable":true,"href":"https:\/\/www.mexicanguitarplayers.com\/en\/wp-json\/wp\/v2\/product_cat?post=13925"},{"taxonomy":"product_tag","embeddable":true,"href":"https:\/\/www.mexicanguitarplayers.com\/en\/wp-json\/wp\/v2\/product_tag?post=13925"}],"curies":[{"name":"wp","href":"https:\/\/api.w.org\/{rel}","templated":true}]}}