{"id":13938,"date":"2022-08-18T14:55:18","date_gmt":"2022-08-18T19:55:18","guid":{"rendered":"https:\/\/www.mexicanguitarplayers.com\/tienda\/sin%20categor\u00eda\/microfono-fonestar-mod-fdm-635\/"},"modified":"2025-03-26T23:14:09","modified_gmt":"2025-03-27T05:14:09","slug":"microfono-fonestar-mod-fdm-635","status":"publish","type":"product","link":"https:\/\/www.mexicanguitarplayers.com\/en\/tienda\/audio\/microfonia\/microfonos-alambricos\/de-escritorio\/microfono-fonestar-mod-fdm-635\/","title":{"rendered":"FONESTAR MICROPHONE MOD. FDM-635"},"content":{"rendered":"<div style=\"text-align: justify\">\n<div>\n<h3>FONESTAR MICROPHONE MOD. FDM-635<\/h3>\n<\/div>\n<div>Gooseneck microphone, unidirectional dynamic capsule, frequency response: 80 \u2013 12,000 Hz, sensitivity: -54 dB (V\/Pa) at 1 kHz, impedance: 600 ohms, XLR male connector, balanced line, height: 51 cm with gooseneck 8.5 mm, adaptable to DJ mixers, XLR microphone stands, etc., weight: 0.2 kg.<\/div>\n<\/div>","protected":false},"excerpt":{"rendered":"<p>Micr\u00f3fono con flexo, c\u00e1psula din\u00e1mica unidireccional, respuesta de frecuencia: 80 &#8211; 12,000 Hz, sensibilidad: -54 dB (V\/Pa) a 1 kHz, impedancia: 600 ohms, conector XLR macho, l\u00ednea balanceada, altura: 51 cm con flexo de 8.5 mm, adaptable a mesas de mezcladoras de DJ, bases de micr\u00f3fono XLR, etc., peso: 0.2 kg.&hellip; <a class=\"kt-excerpt-readmore more-link\" href=\"https:\/\/www.mexicanguitarplayers.com\/en\/tienda\/audio\/microfonia\/microfonos-alambricos\/de-escritorio\/microfono-fonestar-mod-fdm-635\/\">Read more<\/a><\/p>","protected":false},"featured_media":13937,"comment_status":"open","ping_status":"closed","template":"","meta":{"kt_blocks_editor_width":""},"pwb-brand":[487],"product_brand":[],"product_cat":[213,217,214,215],"product_tag":[],"class_list":{"0":"post-13938","1":"product","2":"type-product","3":"status-publish","4":"has-post-thumbnail","6":"pwb-brand-fonestar","7":"product_cat-audio","8":"product_cat-de-escritorio","9":"product_cat-microfonia","10":"product_cat-microfonos-alambricos","11":"product_shipping_class-0-5-kg","13":"first","14":"outofstock","15":"taxable","16":"shipping-taxable","17":"purchasable","18":"product-type-simple"},"yoast_head":"<!-- This site is optimized with the Yoast SEO plugin v27.3 - https:\/\/yoast.com\/product\/yoast-seo-wordpress\/ -->\n<title>MICROFONO FONESTAR MOD. FDM-635 - Mexican Guitar Players<\/title>\n<meta name=\"description\" content=\"MICROFONO FONESTAR MOD. FDM-635. Micr\u00f3fono con flexo, c\u00e1psula din\u00e1mica unidireccional, respuesta de frecuencia: 80 - 12,000 Hz, sensibilidad: -54 dB (V\/Pa) a 1 kHz, impedancia: 600 ohms, conector XLR macho, l\u00ednea balanceada, altura: 51 cm con flexo de 8.5 mm, adaptable a mesas de mezcladoras de DJ, bases de micr\u00f3fono XLR, etc., peso: 0.2 kg.\" \/>\n<meta name=\"robots\" content=\"index, follow, max-snippet:-1, max-image-preview:large, max-video-preview:-1\" \/>\n<link rel=\"canonical\" href=\"https:\/\/www.mexicanguitarplayers.com\/en\/tienda\/audio\/microfonia\/microfonos-alambricos\/de-escritorio\/microfono-fonestar-mod-fdm-635\/\" \/>\n<meta property=\"og:locale\" content=\"en_US\" \/>\n<meta property=\"og:type\" content=\"article\" \/>\n<meta property=\"og:title\" content=\"MICROFONO FONESTAR MOD. FDM-635 - Mexican Guitar Players\" \/>\n<meta property=\"og:description\" content=\"MICROFONO FONESTAR MOD. FDM-635. Micr\u00f3fono con flexo, c\u00e1psula din\u00e1mica unidireccional, respuesta de frecuencia: 80 - 12,000 Hz, sensibilidad: -54 dB (V\/Pa) a 1 kHz, impedancia: 600 ohms, conector XLR macho, l\u00ednea balanceada, altura: 51 cm con flexo de 8.5 mm, adaptable a mesas de mezcladoras de DJ, bases de micr\u00f3fono XLR, etc., peso: 0.2 kg.\" \/>\n<meta property=\"og:url\" content=\"https:\/\/www.mexicanguitarplayers.com\/en\/tienda\/audio\/microfonia\/microfonos-alambricos\/de-escritorio\/microfono-fonestar-mod-fdm-635\/\" \/>\n<meta property=\"og:site_name\" content=\"Mexican Guitar Players\" \/>\n<meta property=\"article:modified_time\" content=\"2025-03-27T05:14:09+00:00\" \/>\n<meta property=\"og:image\" content=\"https:\/\/www.mexicanguitarplayers.com\/wp-content\/uploads\/2022\/08\/IAFONFDM635.jpg\" \/>\n\t<meta property=\"og:image:width\" content=\"800\" \/>\n\t<meta property=\"og:image:height\" content=\"1600\" \/>\n\t<meta property=\"og:image:type\" content=\"image\/jpeg\" \/>\n<meta name=\"twitter:card\" content=\"summary_large_image\" \/>\n<script type=\"application\/ld+json\" class=\"yoast-schema-graph\">{\"@context\":\"https:\\\/\\\/schema.org\",\"@graph\":[{\"@type\":[\"WebPage\",\"ItemPage\"],\"@id\":\"https:\\\/\\\/www.mexicanguitarplayers.com\\\/tienda\\\/audio\\\/microfonia\\\/microfonos-alambricos\\\/de-escritorio\\\/microfono-fonestar-mod-fdm-635\\\/\",\"url\":\"https:\\\/\\\/www.mexicanguitarplayers.com\\\/tienda\\\/audio\\\/microfonia\\\/microfonos-alambricos\\\/de-escritorio\\\/microfono-fonestar-mod-fdm-635\\\/\",\"name\":\"MICROFONO FONESTAR MOD. FDM-635 - Mexican Guitar Players\",\"isPartOf\":{\"@id\":\"https:\\\/\\\/www.mexicanguitarplayers.com\\\/#website\"},\"primaryImageOfPage\":{\"@id\":\"https:\\\/\\\/www.mexicanguitarplayers.com\\\/tienda\\\/audio\\\/microfonia\\\/microfonos-alambricos\\\/de-escritorio\\\/microfono-fonestar-mod-fdm-635\\\/#primaryimage\"},\"image\":{\"@id\":\"https:\\\/\\\/www.mexicanguitarplayers.com\\\/tienda\\\/audio\\\/microfonia\\\/microfonos-alambricos\\\/de-escritorio\\\/microfono-fonestar-mod-fdm-635\\\/#primaryimage\"},\"thumbnailUrl\":\"https:\\\/\\\/www.mexicanguitarplayers.com\\\/wp-content\\\/uploads\\\/2022\\\/08\\\/IAFONFDM635.jpg\",\"datePublished\":\"2022-08-18T19:55:18+00:00\",\"dateModified\":\"2025-03-27T05:14:09+00:00\",\"description\":\"MICROFONO FONESTAR MOD. FDM-635. Micr\u00f3fono con flexo, c\u00e1psula din\u00e1mica unidireccional, respuesta de frecuencia: 80 - 12,000 Hz, sensibilidad: -54 dB (V\\\/Pa) a 1 kHz, impedancia: 600 ohms, conector XLR macho, l\u00ednea balanceada, altura: 51 cm con flexo de 8.5 mm, adaptable a mesas de mezcladoras de DJ, bases de micr\u00f3fono XLR, etc., peso: 0.2 kg.\",\"breadcrumb\":{\"@id\":\"https:\\\/\\\/www.mexicanguitarplayers.com\\\/tienda\\\/audio\\\/microfonia\\\/microfonos-alambricos\\\/de-escritorio\\\/microfono-fonestar-mod-fdm-635\\\/#breadcrumb\"},\"inLanguage\":\"en-US\",\"potentialAction\":[{\"@type\":\"ReadAction\",\"target\":[\"https:\\\/\\\/www.mexicanguitarplayers.com\\\/tienda\\\/audio\\\/microfonia\\\/microfonos-alambricos\\\/de-escritorio\\\/microfono-fonestar-mod-fdm-635\\\/\"]}]},{\"@type\":\"ImageObject\",\"inLanguage\":\"en-US\",\"@id\":\"https:\\\/\\\/www.mexicanguitarplayers.com\\\/tienda\\\/audio\\\/microfonia\\\/microfonos-alambricos\\\/de-escritorio\\\/microfono-fonestar-mod-fdm-635\\\/#primaryimage\",\"url\":\"https:\\\/\\\/www.mexicanguitarplayers.com\\\/wp-content\\\/uploads\\\/2022\\\/08\\\/IAFONFDM635.jpg\",\"contentUrl\":\"https:\\\/\\\/www.mexicanguitarplayers.com\\\/wp-content\\\/uploads\\\/2022\\\/08\\\/IAFONFDM635.jpg\",\"width\":800,\"height\":1600},{\"@type\":\"BreadcrumbList\",\"@id\":\"https:\\\/\\\/www.mexicanguitarplayers.com\\\/tienda\\\/audio\\\/microfonia\\\/microfonos-alambricos\\\/de-escritorio\\\/microfono-fonestar-mod-fdm-635\\\/#breadcrumb\",\"itemListElement\":[{\"@type\":\"ListItem\",\"position\":1,\"name\":\"Portada\",\"item\":\"https:\\\/\\\/www.mexicanguitarplayers.com\\\/\"},{\"@type\":\"ListItem\",\"position\":2,\"name\":\"Tienda\",\"item\":\"https:\\\/\\\/www.mexicanguitarplayers.com\\\/tienda\\\/\"},{\"@type\":\"ListItem\",\"position\":3,\"name\":\"MICROFONO FONESTAR MOD. FDM-635\"}]},{\"@type\":\"WebSite\",\"@id\":\"https:\\\/\\\/www.mexicanguitarplayers.com\\\/#website\",\"url\":\"https:\\\/\\\/www.mexicanguitarplayers.com\\\/\",\"name\":\"Mexican Guitar Players\",\"description\":\"Website\",\"publisher\":{\"@id\":\"https:\\\/\\\/www.mexicanguitarplayers.com\\\/#organization\"},\"potentialAction\":[{\"@type\":\"SearchAction\",\"target\":{\"@type\":\"EntryPoint\",\"urlTemplate\":\"https:\\\/\\\/www.mexicanguitarplayers.com\\\/?s={search_term_string}\"},\"query-input\":{\"@type\":\"PropertyValueSpecification\",\"valueRequired\":true,\"valueName\":\"search_term_string\"}}],\"inLanguage\":\"en-US\"},{\"@type\":\"Organization\",\"@id\":\"https:\\\/\\\/www.mexicanguitarplayers.com\\\/#organization\",\"name\":\"Mexican Guitar Players\",\"url\":\"https:\\\/\\\/www.mexicanguitarplayers.com\\\/\",\"logo\":{\"@type\":\"ImageObject\",\"inLanguage\":\"en-US\",\"@id\":\"https:\\\/\\\/www.mexicanguitarplayers.com\\\/#\\\/schema\\\/logo\\\/image\\\/\",\"url\":\"\",\"contentUrl\":\"\",\"caption\":\"Mexican Guitar Players\"},\"image\":{\"@id\":\"https:\\\/\\\/www.mexicanguitarplayers.com\\\/#\\\/schema\\\/logo\\\/image\\\/\"}}]}<\/script>\n<!-- \/ Yoast SEO plugin. -->","yoast_head_json":{"title":"MICROFONO FONESTAR MOD. FDM-635 - Mexican Guitar Players","description":"MICROFONO FONESTAR MOD. FDM-635. Micr\u00f3fono con flexo, c\u00e1psula din\u00e1mica unidireccional, respuesta de frecuencia: 80 - 12,000 Hz, sensibilidad: -54 dB (V\/Pa) a 1 kHz, impedancia: 600 ohms, conector XLR macho, l\u00ednea balanceada, altura: 51 cm con flexo de 8.5 mm, adaptable a mesas de mezcladoras de DJ, bases de micr\u00f3fono XLR, etc., peso: 0.2 kg.","robots":{"index":"index","follow":"follow","max-snippet":"max-snippet:-1","max-image-preview":"max-image-preview:large","max-video-preview":"max-video-preview:-1"},"canonical":"https:\/\/www.mexicanguitarplayers.com\/en\/tienda\/audio\/microfonia\/microfonos-alambricos\/de-escritorio\/microfono-fonestar-mod-fdm-635\/","og_locale":"en_US","og_type":"article","og_title":"MICROFONO FONESTAR MOD. FDM-635 - Mexican Guitar Players","og_description":"MICROFONO FONESTAR MOD. FDM-635. Micr\u00f3fono con flexo, c\u00e1psula din\u00e1mica unidireccional, respuesta de frecuencia: 80 - 12,000 Hz, sensibilidad: -54 dB (V\/Pa) a 1 kHz, impedancia: 600 ohms, conector XLR macho, l\u00ednea balanceada, altura: 51 cm con flexo de 8.5 mm, adaptable a mesas de mezcladoras de DJ, bases de micr\u00f3fono XLR, etc., peso: 0.2 kg.","og_url":"https:\/\/www.mexicanguitarplayers.com\/en\/tienda\/audio\/microfonia\/microfonos-alambricos\/de-escritorio\/microfono-fonestar-mod-fdm-635\/","og_site_name":"Mexican Guitar Players","article_modified_time":"2025-03-27T05:14:09+00:00","og_image":[{"width":800,"height":1600,"url":"https:\/\/www.mexicanguitarplayers.com\/wp-content\/uploads\/2022\/08\/IAFONFDM635.jpg","type":"image\/jpeg"}],"twitter_card":"summary_large_image","schema":{"@context":"https:\/\/schema.org","@graph":[{"@type":["WebPage","ItemPage"],"@id":"https:\/\/www.mexicanguitarplayers.com\/tienda\/audio\/microfonia\/microfonos-alambricos\/de-escritorio\/microfono-fonestar-mod-fdm-635\/","url":"https:\/\/www.mexicanguitarplayers.com\/tienda\/audio\/microfonia\/microfonos-alambricos\/de-escritorio\/microfono-fonestar-mod-fdm-635\/","name":"MICROFONO FONESTAR MOD. FDM-635 - Mexican Guitar Players","isPartOf":{"@id":"https:\/\/www.mexicanguitarplayers.com\/#website"},"primaryImageOfPage":{"@id":"https:\/\/www.mexicanguitarplayers.com\/tienda\/audio\/microfonia\/microfonos-alambricos\/de-escritorio\/microfono-fonestar-mod-fdm-635\/#primaryimage"},"image":{"@id":"https:\/\/www.mexicanguitarplayers.com\/tienda\/audio\/microfonia\/microfonos-alambricos\/de-escritorio\/microfono-fonestar-mod-fdm-635\/#primaryimage"},"thumbnailUrl":"https:\/\/www.mexicanguitarplayers.com\/wp-content\/uploads\/2022\/08\/IAFONFDM635.jpg","datePublished":"2022-08-18T19:55:18+00:00","dateModified":"2025-03-27T05:14:09+00:00","description":"MICROFONO FONESTAR MOD. FDM-635. Micr\u00f3fono con flexo, c\u00e1psula din\u00e1mica unidireccional, respuesta de frecuencia: 80 - 12,000 Hz, sensibilidad: -54 dB (V\/Pa) a 1 kHz, impedancia: 600 ohms, conector XLR macho, l\u00ednea balanceada, altura: 51 cm con flexo de 8.5 mm, adaptable a mesas de mezcladoras de DJ, bases de micr\u00f3fono XLR, etc., peso: 0.2 kg.","breadcrumb":{"@id":"https:\/\/www.mexicanguitarplayers.com\/tienda\/audio\/microfonia\/microfonos-alambricos\/de-escritorio\/microfono-fonestar-mod-fdm-635\/#breadcrumb"},"inLanguage":"en-US","potentialAction":[{"@type":"ReadAction","target":["https:\/\/www.mexicanguitarplayers.com\/tienda\/audio\/microfonia\/microfonos-alambricos\/de-escritorio\/microfono-fonestar-mod-fdm-635\/"]}]},{"@type":"ImageObject","inLanguage":"en-US","@id":"https:\/\/www.mexicanguitarplayers.com\/tienda\/audio\/microfonia\/microfonos-alambricos\/de-escritorio\/microfono-fonestar-mod-fdm-635\/#primaryimage","url":"https:\/\/www.mexicanguitarplayers.com\/wp-content\/uploads\/2022\/08\/IAFONFDM635.jpg","contentUrl":"https:\/\/www.mexicanguitarplayers.com\/wp-content\/uploads\/2022\/08\/IAFONFDM635.jpg","width":800,"height":1600},{"@type":"BreadcrumbList","@id":"https:\/\/www.mexicanguitarplayers.com\/tienda\/audio\/microfonia\/microfonos-alambricos\/de-escritorio\/microfono-fonestar-mod-fdm-635\/#breadcrumb","itemListElement":[{"@type":"ListItem","position":1,"name":"Portada","item":"https:\/\/www.mexicanguitarplayers.com\/"},{"@type":"ListItem","position":2,"name":"Tienda","item":"https:\/\/www.mexicanguitarplayers.com\/tienda\/"},{"@type":"ListItem","position":3,"name":"MICROFONO FONESTAR MOD. FDM-635"}]},{"@type":"WebSite","@id":"https:\/\/www.mexicanguitarplayers.com\/#website","url":"https:\/\/www.mexicanguitarplayers.com\/","name":"Mexican Guitar Players","description":"Website","publisher":{"@id":"https:\/\/www.mexicanguitarplayers.com\/#organization"},"potentialAction":[{"@type":"SearchAction","target":{"@type":"EntryPoint","urlTemplate":"https:\/\/www.mexicanguitarplayers.com\/?s={search_term_string}"},"query-input":{"@type":"PropertyValueSpecification","valueRequired":true,"valueName":"search_term_string"}}],"inLanguage":"en-US"},{"@type":"Organization","@id":"https:\/\/www.mexicanguitarplayers.com\/#organization","name":"Mexican Guitar Players","url":"https:\/\/www.mexicanguitarplayers.com\/","logo":{"@type":"ImageObject","inLanguage":"en-US","@id":"https:\/\/www.mexicanguitarplayers.com\/#\/schema\/logo\/image\/","url":"","contentUrl":"","caption":"Mexican Guitar Players"},"image":{"@id":"https:\/\/www.mexicanguitarplayers.com\/#\/schema\/logo\/image\/"}}]}},"brands":[{"id":487,"name":"FONESTAR","slug":"fonestar"}],"_links":{"self":[{"href":"https:\/\/www.mexicanguitarplayers.com\/en\/wp-json\/wp\/v2\/product\/13938","targetHints":{"allow":["GET"]}}],"collection":[{"href":"https:\/\/www.mexicanguitarplayers.com\/en\/wp-json\/wp\/v2\/product"}],"about":[{"href":"https:\/\/www.mexicanguitarplayers.com\/en\/wp-json\/wp\/v2\/types\/product"}],"replies":[{"embeddable":true,"href":"https:\/\/www.mexicanguitarplayers.com\/en\/wp-json\/wp\/v2\/comments?post=13938"}],"wp:featuredmedia":[{"embeddable":true,"href":"https:\/\/www.mexicanguitarplayers.com\/en\/wp-json\/wp\/v2\/media\/13937"}],"wp:attachment":[{"href":"https:\/\/www.mexicanguitarplayers.com\/en\/wp-json\/wp\/v2\/media?parent=13938"}],"wp:term":[{"taxonomy":"pwb-brand","embeddable":true,"href":"https:\/\/www.mexicanguitarplayers.com\/en\/wp-json\/wp\/v2\/pwb-brand?post=13938"},{"taxonomy":"product_brand","embeddable":true,"href":"https:\/\/www.mexicanguitarplayers.com\/en\/wp-json\/wp\/v2\/product_brand?post=13938"},{"taxonomy":"product_cat","embeddable":true,"href":"https:\/\/www.mexicanguitarplayers.com\/en\/wp-json\/wp\/v2\/product_cat?post=13938"},{"taxonomy":"product_tag","embeddable":true,"href":"https:\/\/www.mexicanguitarplayers.com\/en\/wp-json\/wp\/v2\/product_tag?post=13938"}],"curies":[{"name":"wp","href":"https:\/\/api.w.org\/{rel}","templated":true}]}}