{"id":14009,"date":"2022-08-18T14:57:12","date_gmt":"2022-08-18T19:57:12","guid":{"rendered":"https:\/\/www.mexicanguitarplayers.com\/tienda\/sin%20categor\u00eda\/pantalla-fonestar-proyeccion-ppel-43120b\/"},"modified":"2026-05-01T07:41:52","modified_gmt":"2026-05-01T13:41:52","slug":"pantalla-fonestar-proyeccion-ppel-43120b","status":"publish","type":"product","link":"https:\/\/www.mexicanguitarplayers.com\/en\/tienda\/video\/proyectores\/pantalla-fonestar-proyeccion-ppel-43120b\/","title":{"rendered":"FONESTAR PROJECTION SCREEN PPEL-43120B"},"content":{"rendered":"<div style=\"text-align: justify\">\n<div>\n<h3>FONESTAR PROJECTION SCREEN PPEL-43120B<\/h3>\n<\/div>\n<div>Electric projection screen, synchronous motor, octagonal casing, up, down and stop buttons, remote control, adjustable limit switch, wall or ceiling installation, fiber reinforced PVC fabric, black back, flame retardant material, thickness: 0.4 mm, 4:3 aspect ratio, 3 cm black borders, 30 cm extra top black border, screen dimensions: 120\u201d (2.4 x 1.8 m), weight: 11 kg.<\/div>\n<\/div>","protected":false},"excerpt":{"rendered":"<p>Pantalla de proyecci\u00f3n el\u00e9ctrica, motor s\u00edncrono, carcasa octogonal, pulsadoresde subida, bajada y parada, control remoto, final de recorrido ajustable, instalaci\u00f3n en pared o techo, tela PVC reforzada con fibra, parte posterior en negro,material retardante de flama, grosor: 0.4 mm, formato 4:3, bordes negros de 3 cm, borde negro superior extra de 30 cm, dimensiones de la pantalla: 120\u201d (2.4 x 1.8 m), peso: 11 kg.&hellip; <a class=\"kt-excerpt-readmore more-link\" href=\"https:\/\/www.mexicanguitarplayers.com\/en\/tienda\/video\/proyectores\/pantalla-fonestar-proyeccion-ppel-43120b\/\">Read more<\/a><\/p>","protected":false},"featured_media":14008,"comment_status":"open","ping_status":"closed","template":"","meta":{"kt_blocks_editor_width":""},"pwb-brand":[487],"product_brand":[],"product_cat":[481,480],"product_tag":[],"class_list":{"0":"post-14009","1":"product","2":"type-product","3":"status-publish","4":"has-post-thumbnail","6":"pwb-brand-fonestar","7":"product_cat-proyectores","8":"product_cat-video","9":"product_shipping_class-10-15-kg","11":"first","12":"instock","13":"taxable","14":"shipping-taxable","15":"purchasable","16":"product-type-simple"},"yoast_head":"<!-- This site is optimized with the Yoast SEO plugin v27.6 - https:\/\/yoast.com\/product\/yoast-seo-wordpress\/ -->\n<title>PANTALLA FONESTAR PROYECCION PPEL-43120B - Mexican Guitar Players<\/title>\n<meta name=\"description\" content=\"PANTALLA FONESTAR PROYECCION PPEL-43120B. Pantalla de proyecci\u00f3n el\u00e9ctrica, motor s\u00edncrono, carcasa octogonal, pulsadoresde subida, bajada y parada, control remoto, final de recorrido ajustable, instalaci\u00f3n en pared o techo, tela PVC reforzada con fibra, parte posterior en negro,material retardante de flama, grosor: 0.4 mm, formato 4:3, bordes negros de 3 cm, borde negro superior extra de 30 cm, dimensiones de la pantalla: 120\u201d (2.4 x 1.8 m), peso: 11 kg.\" \/>\n<meta name=\"robots\" content=\"index, follow, max-snippet:-1, max-image-preview:large, max-video-preview:-1\" \/>\n<link rel=\"canonical\" href=\"https:\/\/www.mexicanguitarplayers.com\/en\/tienda\/video\/proyectores\/pantalla-fonestar-proyeccion-ppel-43120b\/\" \/>\n<meta property=\"og:locale\" content=\"en_US\" \/>\n<meta property=\"og:type\" content=\"article\" \/>\n<meta property=\"og:title\" content=\"PANTALLA FONESTAR PROYECCION PPEL-43120B - Mexican Guitar Players\" \/>\n<meta property=\"og:description\" content=\"PANTALLA FONESTAR PROYECCION PPEL-43120B. Pantalla de proyecci\u00f3n el\u00e9ctrica, motor s\u00edncrono, carcasa octogonal, pulsadoresde subida, bajada y parada, control remoto, final de recorrido ajustable, instalaci\u00f3n en pared o techo, tela PVC reforzada con fibra, parte posterior en negro,material retardante de flama, grosor: 0.4 mm, formato 4:3, bordes negros de 3 cm, borde negro superior extra de 30 cm, dimensiones de la pantalla: 120\u201d (2.4 x 1.8 m), peso: 11 kg.\" \/>\n<meta property=\"og:url\" content=\"https:\/\/www.mexicanguitarplayers.com\/en\/tienda\/video\/proyectores\/pantalla-fonestar-proyeccion-ppel-43120b\/\" \/>\n<meta property=\"og:site_name\" content=\"Mexican Guitar Players\" \/>\n<meta property=\"article:modified_time\" content=\"2026-05-01T13:41:52+00:00\" \/>\n<meta property=\"og:image\" content=\"https:\/\/www.mexicanguitarplayers.com\/wp-content\/uploads\/2022\/08\/IAFONPPEL43120.jpg\" \/>\n\t<meta property=\"og:image:width\" content=\"1200\" \/>\n\t<meta property=\"og:image:height\" content=\"1200\" \/>\n\t<meta property=\"og:image:type\" content=\"image\/jpeg\" \/>\n<meta name=\"twitter:card\" content=\"summary_large_image\" \/>\n<script type=\"application\/ld+json\" class=\"yoast-schema-graph\">{\"@context\":\"https:\\\/\\\/schema.org\",\"@graph\":[{\"@type\":[\"WebPage\",\"ItemPage\"],\"@id\":\"https:\\\/\\\/www.mexicanguitarplayers.com\\\/tienda\\\/video\\\/proyectores\\\/pantalla-fonestar-proyeccion-ppel-43120b\\\/\",\"url\":\"https:\\\/\\\/www.mexicanguitarplayers.com\\\/tienda\\\/video\\\/proyectores\\\/pantalla-fonestar-proyeccion-ppel-43120b\\\/\",\"name\":\"PANTALLA FONESTAR PROYECCION PPEL-43120B - Mexican Guitar Players\",\"isPartOf\":{\"@id\":\"https:\\\/\\\/www.mexicanguitarplayers.com\\\/#website\"},\"primaryImageOfPage\":{\"@id\":\"https:\\\/\\\/www.mexicanguitarplayers.com\\\/tienda\\\/video\\\/proyectores\\\/pantalla-fonestar-proyeccion-ppel-43120b\\\/#primaryimage\"},\"image\":{\"@id\":\"https:\\\/\\\/www.mexicanguitarplayers.com\\\/tienda\\\/video\\\/proyectores\\\/pantalla-fonestar-proyeccion-ppel-43120b\\\/#primaryimage\"},\"thumbnailUrl\":\"https:\\\/\\\/www.mexicanguitarplayers.com\\\/wp-content\\\/uploads\\\/2022\\\/08\\\/IAFONPPEL43120.jpg\",\"datePublished\":\"2022-08-18T19:57:12+00:00\",\"dateModified\":\"2026-05-01T13:41:52+00:00\",\"description\":\"PANTALLA FONESTAR PROYECCION PPEL-43120B. Pantalla de proyecci\u00f3n el\u00e9ctrica, motor s\u00edncrono, carcasa octogonal, pulsadoresde subida, bajada y parada, control remoto, final de recorrido ajustable, instalaci\u00f3n en pared o techo, tela PVC reforzada con fibra, parte posterior en negro,material retardante de flama, grosor: 0.4 mm, formato 4:3, bordes negros de 3 cm, borde negro superior extra de 30 cm, dimensiones de la pantalla: 120\u201d (2.4 x 1.8 m), peso: 11 kg.\",\"breadcrumb\":{\"@id\":\"https:\\\/\\\/www.mexicanguitarplayers.com\\\/tienda\\\/video\\\/proyectores\\\/pantalla-fonestar-proyeccion-ppel-43120b\\\/#breadcrumb\"},\"inLanguage\":\"en-US\",\"potentialAction\":[{\"@type\":\"ReadAction\",\"target\":[\"https:\\\/\\\/www.mexicanguitarplayers.com\\\/tienda\\\/video\\\/proyectores\\\/pantalla-fonestar-proyeccion-ppel-43120b\\\/\"]}]},{\"@type\":\"ImageObject\",\"inLanguage\":\"en-US\",\"@id\":\"https:\\\/\\\/www.mexicanguitarplayers.com\\\/tienda\\\/video\\\/proyectores\\\/pantalla-fonestar-proyeccion-ppel-43120b\\\/#primaryimage\",\"url\":\"https:\\\/\\\/www.mexicanguitarplayers.com\\\/wp-content\\\/uploads\\\/2022\\\/08\\\/IAFONPPEL43120.jpg\",\"contentUrl\":\"https:\\\/\\\/www.mexicanguitarplayers.com\\\/wp-content\\\/uploads\\\/2022\\\/08\\\/IAFONPPEL43120.jpg\",\"width\":1200,\"height\":1200},{\"@type\":\"BreadcrumbList\",\"@id\":\"https:\\\/\\\/www.mexicanguitarplayers.com\\\/tienda\\\/video\\\/proyectores\\\/pantalla-fonestar-proyeccion-ppel-43120b\\\/#breadcrumb\",\"itemListElement\":[{\"@type\":\"ListItem\",\"position\":1,\"name\":\"Portada\",\"item\":\"https:\\\/\\\/www.mexicanguitarplayers.com\\\/\"},{\"@type\":\"ListItem\",\"position\":2,\"name\":\"Tienda\",\"item\":\"https:\\\/\\\/www.mexicanguitarplayers.com\\\/tienda\\\/\"},{\"@type\":\"ListItem\",\"position\":3,\"name\":\"PANTALLA FONESTAR PROYECCION PPEL-43120B\"}]},{\"@type\":\"WebSite\",\"@id\":\"https:\\\/\\\/www.mexicanguitarplayers.com\\\/#website\",\"url\":\"https:\\\/\\\/www.mexicanguitarplayers.com\\\/\",\"name\":\"Mexican Guitar Players\",\"description\":\"Website\",\"publisher\":{\"@id\":\"https:\\\/\\\/www.mexicanguitarplayers.com\\\/#organization\"},\"potentialAction\":[{\"@type\":\"SearchAction\",\"target\":{\"@type\":\"EntryPoint\",\"urlTemplate\":\"https:\\\/\\\/www.mexicanguitarplayers.com\\\/?s={search_term_string}\"},\"query-input\":{\"@type\":\"PropertyValueSpecification\",\"valueRequired\":true,\"valueName\":\"search_term_string\"}}],\"inLanguage\":\"en-US\"},{\"@type\":\"Organization\",\"@id\":\"https:\\\/\\\/www.mexicanguitarplayers.com\\\/#organization\",\"name\":\"Mexican Guitar Players\",\"url\":\"https:\\\/\\\/www.mexicanguitarplayers.com\\\/\",\"logo\":{\"@type\":\"ImageObject\",\"inLanguage\":\"en-US\",\"@id\":\"https:\\\/\\\/www.mexicanguitarplayers.com\\\/#\\\/schema\\\/logo\\\/image\\\/\",\"url\":\"\",\"contentUrl\":\"\",\"caption\":\"Mexican Guitar Players\"},\"image\":{\"@id\":\"https:\\\/\\\/www.mexicanguitarplayers.com\\\/#\\\/schema\\\/logo\\\/image\\\/\"}}]}<\/script>\n<!-- \/ Yoast SEO plugin. -->","yoast_head_json":{"title":"PANTALLA FONESTAR PROYECCION PPEL-43120B - Mexican Guitar Players","description":"PANTALLA FONESTAR PROYECCION PPEL-43120B. Pantalla de proyecci\u00f3n el\u00e9ctrica, motor s\u00edncrono, carcasa octogonal, pulsadoresde subida, bajada y parada, control remoto, final de recorrido ajustable, instalaci\u00f3n en pared o techo, tela PVC reforzada con fibra, parte posterior en negro,material retardante de flama, grosor: 0.4 mm, formato 4:3, bordes negros de 3 cm, borde negro superior extra de 30 cm, dimensiones de la pantalla: 120\u201d (2.4 x 1.8 m), peso: 11 kg.","robots":{"index":"index","follow":"follow","max-snippet":"max-snippet:-1","max-image-preview":"max-image-preview:large","max-video-preview":"max-video-preview:-1"},"canonical":"https:\/\/www.mexicanguitarplayers.com\/en\/tienda\/video\/proyectores\/pantalla-fonestar-proyeccion-ppel-43120b\/","og_locale":"en_US","og_type":"article","og_title":"PANTALLA FONESTAR PROYECCION PPEL-43120B - Mexican Guitar Players","og_description":"PANTALLA FONESTAR PROYECCION PPEL-43120B. Pantalla de proyecci\u00f3n el\u00e9ctrica, motor s\u00edncrono, carcasa octogonal, pulsadoresde subida, bajada y parada, control remoto, final de recorrido ajustable, instalaci\u00f3n en pared o techo, tela PVC reforzada con fibra, parte posterior en negro,material retardante de flama, grosor: 0.4 mm, formato 4:3, bordes negros de 3 cm, borde negro superior extra de 30 cm, dimensiones de la pantalla: 120\u201d (2.4 x 1.8 m), peso: 11 kg.","og_url":"https:\/\/www.mexicanguitarplayers.com\/en\/tienda\/video\/proyectores\/pantalla-fonestar-proyeccion-ppel-43120b\/","og_site_name":"Mexican Guitar Players","article_modified_time":"2026-05-01T13:41:52+00:00","og_image":[{"width":1200,"height":1200,"url":"https:\/\/www.mexicanguitarplayers.com\/wp-content\/uploads\/2022\/08\/IAFONPPEL43120.jpg","type":"image\/jpeg"}],"twitter_card":"summary_large_image","schema":{"@context":"https:\/\/schema.org","@graph":[{"@type":["WebPage","ItemPage"],"@id":"https:\/\/www.mexicanguitarplayers.com\/tienda\/video\/proyectores\/pantalla-fonestar-proyeccion-ppel-43120b\/","url":"https:\/\/www.mexicanguitarplayers.com\/tienda\/video\/proyectores\/pantalla-fonestar-proyeccion-ppel-43120b\/","name":"PANTALLA FONESTAR PROYECCION PPEL-43120B - Mexican Guitar Players","isPartOf":{"@id":"https:\/\/www.mexicanguitarplayers.com\/#website"},"primaryImageOfPage":{"@id":"https:\/\/www.mexicanguitarplayers.com\/tienda\/video\/proyectores\/pantalla-fonestar-proyeccion-ppel-43120b\/#primaryimage"},"image":{"@id":"https:\/\/www.mexicanguitarplayers.com\/tienda\/video\/proyectores\/pantalla-fonestar-proyeccion-ppel-43120b\/#primaryimage"},"thumbnailUrl":"https:\/\/www.mexicanguitarplayers.com\/wp-content\/uploads\/2022\/08\/IAFONPPEL43120.jpg","datePublished":"2022-08-18T19:57:12+00:00","dateModified":"2026-05-01T13:41:52+00:00","description":"PANTALLA FONESTAR PROYECCION PPEL-43120B. Pantalla de proyecci\u00f3n el\u00e9ctrica, motor s\u00edncrono, carcasa octogonal, pulsadoresde subida, bajada y parada, control remoto, final de recorrido ajustable, instalaci\u00f3n en pared o techo, tela PVC reforzada con fibra, parte posterior en negro,material retardante de flama, grosor: 0.4 mm, formato 4:3, bordes negros de 3 cm, borde negro superior extra de 30 cm, dimensiones de la pantalla: 120\u201d (2.4 x 1.8 m), peso: 11 kg.","breadcrumb":{"@id":"https:\/\/www.mexicanguitarplayers.com\/tienda\/video\/proyectores\/pantalla-fonestar-proyeccion-ppel-43120b\/#breadcrumb"},"inLanguage":"en-US","potentialAction":[{"@type":"ReadAction","target":["https:\/\/www.mexicanguitarplayers.com\/tienda\/video\/proyectores\/pantalla-fonestar-proyeccion-ppel-43120b\/"]}]},{"@type":"ImageObject","inLanguage":"en-US","@id":"https:\/\/www.mexicanguitarplayers.com\/tienda\/video\/proyectores\/pantalla-fonestar-proyeccion-ppel-43120b\/#primaryimage","url":"https:\/\/www.mexicanguitarplayers.com\/wp-content\/uploads\/2022\/08\/IAFONPPEL43120.jpg","contentUrl":"https:\/\/www.mexicanguitarplayers.com\/wp-content\/uploads\/2022\/08\/IAFONPPEL43120.jpg","width":1200,"height":1200},{"@type":"BreadcrumbList","@id":"https:\/\/www.mexicanguitarplayers.com\/tienda\/video\/proyectores\/pantalla-fonestar-proyeccion-ppel-43120b\/#breadcrumb","itemListElement":[{"@type":"ListItem","position":1,"name":"Portada","item":"https:\/\/www.mexicanguitarplayers.com\/"},{"@type":"ListItem","position":2,"name":"Tienda","item":"https:\/\/www.mexicanguitarplayers.com\/tienda\/"},{"@type":"ListItem","position":3,"name":"PANTALLA FONESTAR PROYECCION PPEL-43120B"}]},{"@type":"WebSite","@id":"https:\/\/www.mexicanguitarplayers.com\/#website","url":"https:\/\/www.mexicanguitarplayers.com\/","name":"Mexican Guitar Players","description":"Website","publisher":{"@id":"https:\/\/www.mexicanguitarplayers.com\/#organization"},"potentialAction":[{"@type":"SearchAction","target":{"@type":"EntryPoint","urlTemplate":"https:\/\/www.mexicanguitarplayers.com\/?s={search_term_string}"},"query-input":{"@type":"PropertyValueSpecification","valueRequired":true,"valueName":"search_term_string"}}],"inLanguage":"en-US"},{"@type":"Organization","@id":"https:\/\/www.mexicanguitarplayers.com\/#organization","name":"Mexican Guitar Players","url":"https:\/\/www.mexicanguitarplayers.com\/","logo":{"@type":"ImageObject","inLanguage":"en-US","@id":"https:\/\/www.mexicanguitarplayers.com\/#\/schema\/logo\/image\/","url":"","contentUrl":"","caption":"Mexican Guitar Players"},"image":{"@id":"https:\/\/www.mexicanguitarplayers.com\/#\/schema\/logo\/image\/"}}]}},"brands":[{"id":487,"name":"FONESTAR","slug":"fonestar"}],"_links":{"self":[{"href":"https:\/\/www.mexicanguitarplayers.com\/en\/wp-json\/wp\/v2\/product\/14009","targetHints":{"allow":["GET"]}}],"collection":[{"href":"https:\/\/www.mexicanguitarplayers.com\/en\/wp-json\/wp\/v2\/product"}],"about":[{"href":"https:\/\/www.mexicanguitarplayers.com\/en\/wp-json\/wp\/v2\/types\/product"}],"replies":[{"embeddable":true,"href":"https:\/\/www.mexicanguitarplayers.com\/en\/wp-json\/wp\/v2\/comments?post=14009"}],"wp:featuredmedia":[{"embeddable":true,"href":"https:\/\/www.mexicanguitarplayers.com\/en\/wp-json\/wp\/v2\/media\/14008"}],"wp:attachment":[{"href":"https:\/\/www.mexicanguitarplayers.com\/en\/wp-json\/wp\/v2\/media?parent=14009"}],"wp:term":[{"taxonomy":"pwb-brand","embeddable":true,"href":"https:\/\/www.mexicanguitarplayers.com\/en\/wp-json\/wp\/v2\/pwb-brand?post=14009"},{"taxonomy":"product_brand","embeddable":true,"href":"https:\/\/www.mexicanguitarplayers.com\/en\/wp-json\/wp\/v2\/product_brand?post=14009"},{"taxonomy":"product_cat","embeddable":true,"href":"https:\/\/www.mexicanguitarplayers.com\/en\/wp-json\/wp\/v2\/product_cat?post=14009"},{"taxonomy":"product_tag","embeddable":true,"href":"https:\/\/www.mexicanguitarplayers.com\/en\/wp-json\/wp\/v2\/product_tag?post=14009"}],"curies":[{"name":"wp","href":"https:\/\/api.w.org\/{rel}","templated":true}]}}