{"id":14032,"date":"2022-08-18T14:57:50","date_gmt":"2022-08-18T19:57:50","guid":{"rendered":"https:\/\/www.mexicanguitarplayers.com\/tienda\/sin%20categor\u00eda\/cabezal-reloop-mod-concorde-black\/"},"modified":"2026-05-01T07:41:48","modified_gmt":"2026-05-01T13:41:48","slug":"cabezal-reloop-mod-concorde-black","status":"publish","type":"product","link":"https:\/\/www.mexicanguitarplayers.com\/en\/tienda\/accesorios\/de-dj\/agujas-y-cabezales\/cabezal-reloop-mod-concorde-black\/","title":{"rendered":"RELOOP HEAD MOD. CONCORDE BLACK"},"content":{"rendered":"<div style=\"text-align: justify\">\n<div>\n<h3>RELOOP HEAD MOD. CONCORDE BLACK<\/h3>\n<\/div>\n<div>Complete headstock with many applications, special spherical stylus, balanced sound, slightly accentuated bass range, can also be used for sratching, low vinyl wear, easy arm installation via SME direct mount, made by Ortofon, frequency range: 20Hz - 18kHz, Output Voltage (5cm\/s): 5mV, Tracking Force Range: 3-5g, Recommended Tracking Force: 4g, Weight: 18.5g.<\/div>\n<\/div>","protected":false},"excerpt":{"rendered":"<p>Cabezal completo con muchas aplicaciones, aguja esf\u00e9rica especial, sonido equilibrado, ligera acentuaci\u00f3n de la gama de graves, tambi\u00e9n se puede utilizar para sratching, desgaste bajo del vinilo, f\u00e1cil instalaci\u00f3n del brazo mediante montaje directo SME, fabricado por Ortofon, rango de frecuencia: 20 Hz &#8211; 18 kHz, voltaje de salida (5 cm\/s: 5 mV, rango de fuerza de seguimiento: 3 &#8211; 5 g, fuerza de seguimiento recomendada: 4 g, peso: 18.5 g.&hellip; <a class=\"kt-excerpt-readmore more-link\" href=\"https:\/\/www.mexicanguitarplayers.com\/en\/tienda\/accesorios\/de-dj\/agujas-y-cabezales\/cabezal-reloop-mod-concorde-black\/\">Read more<\/a><\/p>","protected":false},"featured_media":14028,"comment_status":"open","ping_status":"closed","template":"","meta":{"kt_blocks_editor_width":""},"pwb-brand":[496],"product_brand":[],"product_cat":[85,486,485],"product_tag":[],"class_list":{"0":"post-14032","1":"product","2":"type-product","3":"status-publish","4":"has-post-thumbnail","6":"pwb-brand-reloop","7":"product_cat-accesorios","8":"product_cat-agujas-y-cabezales","9":"product_cat-de-dj","10":"product_shipping_class-0-5-kg","12":"first","13":"instock","14":"taxable","15":"shipping-taxable","16":"purchasable","17":"product-type-simple"},"yoast_head":"<!-- This site is optimized with the Yoast SEO plugin v27.5 - https:\/\/yoast.com\/product\/yoast-seo-wordpress\/ -->\n<title>CABEZAL RELOOP MOD. CONCORDE BLACK - Mexican Guitar Players<\/title>\n<meta name=\"description\" content=\"CABEZAL RELOOP MOD. CONCORDE BLACK. Cabezal completo con muchas aplicaciones, aguja esf\u00e9rica especial, sonido equilibrado, ligera acentuaci\u00f3n de la gama de graves, tambi\u00e9n se puede utilizar para sratching, desgaste bajo del vinilo, f\u00e1cil instalaci\u00f3n del brazo mediante montaje directo SME, fabricado por Ortofon, rango de frecuencia: 20 Hz - 18 kHz, voltaje de salida (5 cm\/s: 5 mV, rango de fuerza de seguimiento: 3 - 5 g, fuerza de seguimiento recomendada: 4 g, peso: 18.5 g.\" \/>\n<meta name=\"robots\" content=\"index, follow, max-snippet:-1, max-image-preview:large, max-video-preview:-1\" \/>\n<link rel=\"canonical\" href=\"https:\/\/www.mexicanguitarplayers.com\/en\/tienda\/accesorios\/de-dj\/agujas-y-cabezales\/cabezal-reloop-mod-concorde-black\/\" \/>\n<meta property=\"og:locale\" content=\"en_US\" \/>\n<meta property=\"og:type\" content=\"article\" \/>\n<meta property=\"og:title\" content=\"CABEZAL RELOOP MOD. CONCORDE BLACK - Mexican Guitar Players\" \/>\n<meta property=\"og:description\" content=\"CABEZAL RELOOP MOD. CONCORDE BLACK. Cabezal completo con muchas aplicaciones, aguja esf\u00e9rica especial, sonido equilibrado, ligera acentuaci\u00f3n de la gama de graves, tambi\u00e9n se puede utilizar para sratching, desgaste bajo del vinilo, f\u00e1cil instalaci\u00f3n del brazo mediante montaje directo SME, fabricado por Ortofon, rango de frecuencia: 20 Hz - 18 kHz, voltaje de salida (5 cm\/s: 5 mV, rango de fuerza de seguimiento: 3 - 5 g, fuerza de seguimiento recomendada: 4 g, peso: 18.5 g.\" \/>\n<meta property=\"og:url\" content=\"https:\/\/www.mexicanguitarplayers.com\/en\/tienda\/accesorios\/de-dj\/agujas-y-cabezales\/cabezal-reloop-mod-concorde-black\/\" \/>\n<meta property=\"og:site_name\" content=\"Mexican Guitar Players\" \/>\n<meta property=\"article:modified_time\" content=\"2026-05-01T13:41:48+00:00\" \/>\n<meta property=\"og:image\" content=\"https:\/\/www.mexicanguitarplayers.com\/wp-content\/uploads\/2022\/08\/IARELCONCORDBK.jpg\" \/>\n\t<meta property=\"og:image:width\" content=\"1200\" \/>\n\t<meta property=\"og:image:height\" content=\"1200\" \/>\n\t<meta property=\"og:image:type\" content=\"image\/jpeg\" \/>\n<meta name=\"twitter:card\" content=\"summary_large_image\" \/>\n<script type=\"application\/ld+json\" class=\"yoast-schema-graph\">{\"@context\":\"https:\\\/\\\/schema.org\",\"@graph\":[{\"@type\":[\"WebPage\",\"ItemPage\"],\"@id\":\"https:\\\/\\\/www.mexicanguitarplayers.com\\\/tienda\\\/accesorios\\\/de-dj\\\/agujas-y-cabezales\\\/cabezal-reloop-mod-concorde-black\\\/\",\"url\":\"https:\\\/\\\/www.mexicanguitarplayers.com\\\/tienda\\\/accesorios\\\/de-dj\\\/agujas-y-cabezales\\\/cabezal-reloop-mod-concorde-black\\\/\",\"name\":\"CABEZAL RELOOP MOD. CONCORDE BLACK - Mexican Guitar Players\",\"isPartOf\":{\"@id\":\"https:\\\/\\\/www.mexicanguitarplayers.com\\\/#website\"},\"primaryImageOfPage\":{\"@id\":\"https:\\\/\\\/www.mexicanguitarplayers.com\\\/tienda\\\/accesorios\\\/de-dj\\\/agujas-y-cabezales\\\/cabezal-reloop-mod-concorde-black\\\/#primaryimage\"},\"image\":{\"@id\":\"https:\\\/\\\/www.mexicanguitarplayers.com\\\/tienda\\\/accesorios\\\/de-dj\\\/agujas-y-cabezales\\\/cabezal-reloop-mod-concorde-black\\\/#primaryimage\"},\"thumbnailUrl\":\"https:\\\/\\\/www.mexicanguitarplayers.com\\\/wp-content\\\/uploads\\\/2022\\\/08\\\/IARELCONCORDBK.jpg\",\"datePublished\":\"2022-08-18T19:57:50+00:00\",\"dateModified\":\"2026-05-01T13:41:48+00:00\",\"description\":\"CABEZAL RELOOP MOD. CONCORDE BLACK. Cabezal completo con muchas aplicaciones, aguja esf\u00e9rica especial, sonido equilibrado, ligera acentuaci\u00f3n de la gama de graves, tambi\u00e9n se puede utilizar para sratching, desgaste bajo del vinilo, f\u00e1cil instalaci\u00f3n del brazo mediante montaje directo SME, fabricado por Ortofon, rango de frecuencia: 20 Hz - 18 kHz, voltaje de salida (5 cm\\\/s: 5 mV, rango de fuerza de seguimiento: 3 - 5 g, fuerza de seguimiento recomendada: 4 g, peso: 18.5 g.\",\"breadcrumb\":{\"@id\":\"https:\\\/\\\/www.mexicanguitarplayers.com\\\/tienda\\\/accesorios\\\/de-dj\\\/agujas-y-cabezales\\\/cabezal-reloop-mod-concorde-black\\\/#breadcrumb\"},\"inLanguage\":\"en-US\",\"potentialAction\":[{\"@type\":\"ReadAction\",\"target\":[\"https:\\\/\\\/www.mexicanguitarplayers.com\\\/tienda\\\/accesorios\\\/de-dj\\\/agujas-y-cabezales\\\/cabezal-reloop-mod-concorde-black\\\/\"]}]},{\"@type\":\"ImageObject\",\"inLanguage\":\"en-US\",\"@id\":\"https:\\\/\\\/www.mexicanguitarplayers.com\\\/tienda\\\/accesorios\\\/de-dj\\\/agujas-y-cabezales\\\/cabezal-reloop-mod-concorde-black\\\/#primaryimage\",\"url\":\"https:\\\/\\\/www.mexicanguitarplayers.com\\\/wp-content\\\/uploads\\\/2022\\\/08\\\/IARELCONCORDBK.jpg\",\"contentUrl\":\"https:\\\/\\\/www.mexicanguitarplayers.com\\\/wp-content\\\/uploads\\\/2022\\\/08\\\/IARELCONCORDBK.jpg\",\"width\":1200,\"height\":1200},{\"@type\":\"BreadcrumbList\",\"@id\":\"https:\\\/\\\/www.mexicanguitarplayers.com\\\/tienda\\\/accesorios\\\/de-dj\\\/agujas-y-cabezales\\\/cabezal-reloop-mod-concorde-black\\\/#breadcrumb\",\"itemListElement\":[{\"@type\":\"ListItem\",\"position\":1,\"name\":\"Portada\",\"item\":\"https:\\\/\\\/www.mexicanguitarplayers.com\\\/\"},{\"@type\":\"ListItem\",\"position\":2,\"name\":\"Tienda\",\"item\":\"https:\\\/\\\/www.mexicanguitarplayers.com\\\/tienda\\\/\"},{\"@type\":\"ListItem\",\"position\":3,\"name\":\"CABEZAL RELOOP MOD. CONCORDE BLACK\"}]},{\"@type\":\"WebSite\",\"@id\":\"https:\\\/\\\/www.mexicanguitarplayers.com\\\/#website\",\"url\":\"https:\\\/\\\/www.mexicanguitarplayers.com\\\/\",\"name\":\"Mexican Guitar Players\",\"description\":\"Website\",\"publisher\":{\"@id\":\"https:\\\/\\\/www.mexicanguitarplayers.com\\\/#organization\"},\"potentialAction\":[{\"@type\":\"SearchAction\",\"target\":{\"@type\":\"EntryPoint\",\"urlTemplate\":\"https:\\\/\\\/www.mexicanguitarplayers.com\\\/?s={search_term_string}\"},\"query-input\":{\"@type\":\"PropertyValueSpecification\",\"valueRequired\":true,\"valueName\":\"search_term_string\"}}],\"inLanguage\":\"en-US\"},{\"@type\":\"Organization\",\"@id\":\"https:\\\/\\\/www.mexicanguitarplayers.com\\\/#organization\",\"name\":\"Mexican Guitar Players\",\"url\":\"https:\\\/\\\/www.mexicanguitarplayers.com\\\/\",\"logo\":{\"@type\":\"ImageObject\",\"inLanguage\":\"en-US\",\"@id\":\"https:\\\/\\\/www.mexicanguitarplayers.com\\\/#\\\/schema\\\/logo\\\/image\\\/\",\"url\":\"\",\"contentUrl\":\"\",\"caption\":\"Mexican Guitar Players\"},\"image\":{\"@id\":\"https:\\\/\\\/www.mexicanguitarplayers.com\\\/#\\\/schema\\\/logo\\\/image\\\/\"}}]}<\/script>\n<!-- \/ Yoast SEO plugin. -->","yoast_head_json":{"title":"CABEZAL RELOOP MOD. CONCORDE BLACK - Mexican Guitar Players","description":"CABEZAL RELOOP MOD. CONCORDE BLACK. Cabezal completo con muchas aplicaciones, aguja esf\u00e9rica especial, sonido equilibrado, ligera acentuaci\u00f3n de la gama de graves, tambi\u00e9n se puede utilizar para sratching, desgaste bajo del vinilo, f\u00e1cil instalaci\u00f3n del brazo mediante montaje directo SME, fabricado por Ortofon, rango de frecuencia: 20 Hz - 18 kHz, voltaje de salida (5 cm\/s: 5 mV, rango de fuerza de seguimiento: 3 - 5 g, fuerza de seguimiento recomendada: 4 g, peso: 18.5 g.","robots":{"index":"index","follow":"follow","max-snippet":"max-snippet:-1","max-image-preview":"max-image-preview:large","max-video-preview":"max-video-preview:-1"},"canonical":"https:\/\/www.mexicanguitarplayers.com\/en\/tienda\/accesorios\/de-dj\/agujas-y-cabezales\/cabezal-reloop-mod-concorde-black\/","og_locale":"en_US","og_type":"article","og_title":"CABEZAL RELOOP MOD. CONCORDE BLACK - Mexican Guitar Players","og_description":"CABEZAL RELOOP MOD. CONCORDE BLACK. Cabezal completo con muchas aplicaciones, aguja esf\u00e9rica especial, sonido equilibrado, ligera acentuaci\u00f3n de la gama de graves, tambi\u00e9n se puede utilizar para sratching, desgaste bajo del vinilo, f\u00e1cil instalaci\u00f3n del brazo mediante montaje directo SME, fabricado por Ortofon, rango de frecuencia: 20 Hz - 18 kHz, voltaje de salida (5 cm\/s: 5 mV, rango de fuerza de seguimiento: 3 - 5 g, fuerza de seguimiento recomendada: 4 g, peso: 18.5 g.","og_url":"https:\/\/www.mexicanguitarplayers.com\/en\/tienda\/accesorios\/de-dj\/agujas-y-cabezales\/cabezal-reloop-mod-concorde-black\/","og_site_name":"Mexican Guitar Players","article_modified_time":"2026-05-01T13:41:48+00:00","og_image":[{"width":1200,"height":1200,"url":"https:\/\/www.mexicanguitarplayers.com\/wp-content\/uploads\/2022\/08\/IARELCONCORDBK.jpg","type":"image\/jpeg"}],"twitter_card":"summary_large_image","schema":{"@context":"https:\/\/schema.org","@graph":[{"@type":["WebPage","ItemPage"],"@id":"https:\/\/www.mexicanguitarplayers.com\/tienda\/accesorios\/de-dj\/agujas-y-cabezales\/cabezal-reloop-mod-concorde-black\/","url":"https:\/\/www.mexicanguitarplayers.com\/tienda\/accesorios\/de-dj\/agujas-y-cabezales\/cabezal-reloop-mod-concorde-black\/","name":"CABEZAL RELOOP MOD. CONCORDE BLACK - Mexican Guitar Players","isPartOf":{"@id":"https:\/\/www.mexicanguitarplayers.com\/#website"},"primaryImageOfPage":{"@id":"https:\/\/www.mexicanguitarplayers.com\/tienda\/accesorios\/de-dj\/agujas-y-cabezales\/cabezal-reloop-mod-concorde-black\/#primaryimage"},"image":{"@id":"https:\/\/www.mexicanguitarplayers.com\/tienda\/accesorios\/de-dj\/agujas-y-cabezales\/cabezal-reloop-mod-concorde-black\/#primaryimage"},"thumbnailUrl":"https:\/\/www.mexicanguitarplayers.com\/wp-content\/uploads\/2022\/08\/IARELCONCORDBK.jpg","datePublished":"2022-08-18T19:57:50+00:00","dateModified":"2026-05-01T13:41:48+00:00","description":"CABEZAL RELOOP MOD. CONCORDE BLACK. Cabezal completo con muchas aplicaciones, aguja esf\u00e9rica especial, sonido equilibrado, ligera acentuaci\u00f3n de la gama de graves, tambi\u00e9n se puede utilizar para sratching, desgaste bajo del vinilo, f\u00e1cil instalaci\u00f3n del brazo mediante montaje directo SME, fabricado por Ortofon, rango de frecuencia: 20 Hz - 18 kHz, voltaje de salida (5 cm\/s: 5 mV, rango de fuerza de seguimiento: 3 - 5 g, fuerza de seguimiento recomendada: 4 g, peso: 18.5 g.","breadcrumb":{"@id":"https:\/\/www.mexicanguitarplayers.com\/tienda\/accesorios\/de-dj\/agujas-y-cabezales\/cabezal-reloop-mod-concorde-black\/#breadcrumb"},"inLanguage":"en-US","potentialAction":[{"@type":"ReadAction","target":["https:\/\/www.mexicanguitarplayers.com\/tienda\/accesorios\/de-dj\/agujas-y-cabezales\/cabezal-reloop-mod-concorde-black\/"]}]},{"@type":"ImageObject","inLanguage":"en-US","@id":"https:\/\/www.mexicanguitarplayers.com\/tienda\/accesorios\/de-dj\/agujas-y-cabezales\/cabezal-reloop-mod-concorde-black\/#primaryimage","url":"https:\/\/www.mexicanguitarplayers.com\/wp-content\/uploads\/2022\/08\/IARELCONCORDBK.jpg","contentUrl":"https:\/\/www.mexicanguitarplayers.com\/wp-content\/uploads\/2022\/08\/IARELCONCORDBK.jpg","width":1200,"height":1200},{"@type":"BreadcrumbList","@id":"https:\/\/www.mexicanguitarplayers.com\/tienda\/accesorios\/de-dj\/agujas-y-cabezales\/cabezal-reloop-mod-concorde-black\/#breadcrumb","itemListElement":[{"@type":"ListItem","position":1,"name":"Portada","item":"https:\/\/www.mexicanguitarplayers.com\/"},{"@type":"ListItem","position":2,"name":"Tienda","item":"https:\/\/www.mexicanguitarplayers.com\/tienda\/"},{"@type":"ListItem","position":3,"name":"CABEZAL RELOOP MOD. CONCORDE BLACK"}]},{"@type":"WebSite","@id":"https:\/\/www.mexicanguitarplayers.com\/#website","url":"https:\/\/www.mexicanguitarplayers.com\/","name":"Mexican Guitar Players","description":"Website","publisher":{"@id":"https:\/\/www.mexicanguitarplayers.com\/#organization"},"potentialAction":[{"@type":"SearchAction","target":{"@type":"EntryPoint","urlTemplate":"https:\/\/www.mexicanguitarplayers.com\/?s={search_term_string}"},"query-input":{"@type":"PropertyValueSpecification","valueRequired":true,"valueName":"search_term_string"}}],"inLanguage":"en-US"},{"@type":"Organization","@id":"https:\/\/www.mexicanguitarplayers.com\/#organization","name":"Mexican Guitar Players","url":"https:\/\/www.mexicanguitarplayers.com\/","logo":{"@type":"ImageObject","inLanguage":"en-US","@id":"https:\/\/www.mexicanguitarplayers.com\/#\/schema\/logo\/image\/","url":"","contentUrl":"","caption":"Mexican Guitar Players"},"image":{"@id":"https:\/\/www.mexicanguitarplayers.com\/#\/schema\/logo\/image\/"}}]}},"brands":[{"id":496,"name":"RELOOP","slug":"reloop"}],"_links":{"self":[{"href":"https:\/\/www.mexicanguitarplayers.com\/en\/wp-json\/wp\/v2\/product\/14032","targetHints":{"allow":["GET"]}}],"collection":[{"href":"https:\/\/www.mexicanguitarplayers.com\/en\/wp-json\/wp\/v2\/product"}],"about":[{"href":"https:\/\/www.mexicanguitarplayers.com\/en\/wp-json\/wp\/v2\/types\/product"}],"replies":[{"embeddable":true,"href":"https:\/\/www.mexicanguitarplayers.com\/en\/wp-json\/wp\/v2\/comments?post=14032"}],"wp:featuredmedia":[{"embeddable":true,"href":"https:\/\/www.mexicanguitarplayers.com\/en\/wp-json\/wp\/v2\/media\/14028"}],"wp:attachment":[{"href":"https:\/\/www.mexicanguitarplayers.com\/en\/wp-json\/wp\/v2\/media?parent=14032"}],"wp:term":[{"taxonomy":"pwb-brand","embeddable":true,"href":"https:\/\/www.mexicanguitarplayers.com\/en\/wp-json\/wp\/v2\/pwb-brand?post=14032"},{"taxonomy":"product_brand","embeddable":true,"href":"https:\/\/www.mexicanguitarplayers.com\/en\/wp-json\/wp\/v2\/product_brand?post=14032"},{"taxonomy":"product_cat","embeddable":true,"href":"https:\/\/www.mexicanguitarplayers.com\/en\/wp-json\/wp\/v2\/product_cat?post=14032"},{"taxonomy":"product_tag","embeddable":true,"href":"https:\/\/www.mexicanguitarplayers.com\/en\/wp-json\/wp\/v2\/product_tag?post=14032"}],"curies":[{"name":"wp","href":"https:\/\/api.w.org\/{rel}","templated":true}]}}