{"id":14046,"date":"2022-08-18T14:58:16","date_gmt":"2022-08-18T19:58:16","guid":{"rendered":"https:\/\/www.mexicanguitarplayers.com\/tienda\/sin%20categor\u00eda\/bafle-reloop-c-poder-groove-blaster-bt\/"},"modified":"2026-05-01T07:41:48","modified_gmt":"2026-05-01T13:41:48","slug":"bafle-reloop-c-poder-groove-blaster-bt","status":"publish","type":"product","link":"https:\/\/www.mexicanguitarplayers.com\/en\/tienda\/audio\/bafles-y-bocinas\/bafles\/bafles-activos\/bafle-reloop-c-poder-groove-blaster-bt\/","title":{"rendered":"SPEAKER RELOOP W\/POWER GROOVE BLASTER BT"},"content":{"rendered":"<div style=\"text-align: justify\">\n<div>\n<h3>SPEAKER RELOOP W\/POWER GROOVE BLASTER BT<\/h3>\n<\/div>\n<div>100W portable active loudspeaker with high sound pressure level, Bluetooth 4.0 technology with a transmission range of up to 30 meters, built-in rechargeable lithium-ion battery (10 hours of operation, 6,600 mAh), with USB charging function for other devices, Massive bass performance from its 6\u201d low-frequency driver, NFC technology enables fast wireless connection on compatible devices, Precise 3-way frequency separation, 6\u201d woofer, 2 x 3\u201d midrange and 2 x 1\u201d inch tweeters, Smart Link function: Wireless connection of two speakers (speaker pairing), maximum output power of 100W, powerful class D amplifier module, USB charging function for other devices, playback control panel on the back top of the speaker, is the perfect addition to an existing portable turntable setup, adapter compartment with battery level and mains connection LEDs, grille metal on the front that protects the loudspeaker chassis, stable and light housing, includes detachable carrying handle, dimensions: 180 x 180 x 430 mm, weight: 4.40 kg.<\/div>\n<\/div>","protected":false},"excerpt":{"rendered":"<p>Bafle activo port\u00e1til de 100W con alto nivel de presi\u00f3n sonora, tecnolog\u00eda Bluetooth 4.0 con alcance de transmisi\u00f3n de hasta 30 metros, bater\u00eda de iones de litio recargable integrada (10 horas de funcionamiento, 6.600 mAh), con funci\u00f3n de carga USB para otros dispositivos, rendimiento de graves masivo gracias a su driver de baja frecuencia de 6\u201d pulgadas, tecnolog\u00eda NFC permite una conexi\u00f3n inal\u00e1mbrica r\u00e1pida en dispositivos compatibles, separaci\u00f3n precisa de las frecuencias de 3 formas, woofer de 6\u201d pulgadas, 2 medios de 3\u201d pulgadas y 2 tweeters de 1\u201d pulgada, funci\u00f3n Smart Link: Conexi\u00f3n inal\u00e1mbrica de dos altavoces (speaker pairing), potencia m\u00e1xima de salida de 100W, potente m\u00f3dulo amplificador de clase D, funci\u00f3n de carga USB para otros dispositivos, panel de control de reproducci\u00f3n en la parte superior del altavoz, es el complemento perfecto para una configuraci\u00f3n de tornamesa port\u00e1til existente, compartimento del adaptador con LED de nivel de bater\u00eda y conexi\u00f3n a la red, rejilla de metal en la parte delantera que protege el chasis del altavoz, carcasa estable y ligera, incluye asa de transporte desmontable, dimensiones: 180 x 180 x 430 mm, peso: 4.40 kg.&hellip; <a class=\"kt-excerpt-readmore more-link\" href=\"https:\/\/www.mexicanguitarplayers.com\/en\/tienda\/audio\/bafles-y-bocinas\/bafles\/bafles-activos\/bafle-reloop-c-poder-groove-blaster-bt\/\">Read more<\/a><\/p>","protected":false},"featured_media":14043,"comment_status":"open","ping_status":"closed","template":"","meta":{"kt_blocks_editor_width":""},"pwb-brand":[496],"product_brand":[],"product_cat":[213,222,472,221],"product_tag":[],"class_list":{"0":"post-14046","1":"product","2":"type-product","3":"status-publish","4":"has-post-thumbnail","6":"pwb-brand-reloop","7":"product_cat-audio","8":"product_cat-bafles","9":"product_cat-bafles-activos","10":"product_cat-bafles-y-bocinas","11":"product_shipping_class-0-5-kg","13":"first","14":"instock","15":"taxable","16":"shipping-taxable","17":"purchasable","18":"product-type-simple"},"yoast_head":"<!-- This site is optimized with the Yoast SEO plugin v27.5 - https:\/\/yoast.com\/product\/yoast-seo-wordpress\/ -->\n<title>BAFLE RELOOP C\/PODER GROOVE BLASTER BT - Mexican Guitar Players<\/title>\n<meta name=\"description\" content=\"BAFLE RELOOP C\/PODER GROOVE BLASTER BT. Bafle activo port\u00e1til de 100W con alto nivel de presi\u00f3n sonora, tecnolog\u00eda Bluetooth 4.0 con alcance de transmisi\u00f3n de hasta 30 metros, bater\u00eda de iones de litio recargable integrada (10 horas de funcionamiento, 6.600 mAh), con funci\u00f3n de carga USB para otros dispositivos, rendimiento de graves masivo gracias a su driver de baja frecuencia de 6\u201d pulgadas, tecnolog\u00eda NFC permite una conexi\u00f3n inal\u00e1mbrica r\u00e1pida en dispositivos compatibles, separaci\u00f3n precisa de las frecuencias de 3 formas, woofer de 6\u201d pulgadas, 2 medios de 3\u201d pulgadas y 2 tweeters de 1\u201d pulgada, funci\u00f3n Smart Link: Conexi\u00f3n inal\u00e1mbrica de dos altavoces (speaker pairing), potencia m\u00e1xima de salida de 100W, potente m\u00f3dulo amplificador de clase D, funci\u00f3n de carga USB para otros dispositivos, panel de control de reproducci\u00f3n en la parte superior del altavoz, es el complemento perfecto para una configuraci\u00f3n de tornamesa port\u00e1til existente, compartimento del adaptador con LED de nivel de bater\u00eda y conexi\u00f3n a la red, rejilla de metal en la parte delantera que protege el chasis del altavoz, carcasa estable y ligera, incluye asa de transporte desmontable, dimensiones: 180 x 180 x 430 mm, peso: 4.40 kg.\" \/>\n<meta name=\"robots\" content=\"index, follow, max-snippet:-1, max-image-preview:large, max-video-preview:-1\" \/>\n<link rel=\"canonical\" href=\"https:\/\/www.mexicanguitarplayers.com\/en\/tienda\/audio\/bafles-y-bocinas\/bafles\/bafles-activos\/bafle-reloop-c-poder-groove-blaster-bt\/\" \/>\n<meta property=\"og:locale\" content=\"en_US\" \/>\n<meta property=\"og:type\" content=\"article\" \/>\n<meta property=\"og:title\" content=\"BAFLE RELOOP C\/PODER GROOVE BLASTER BT - Mexican Guitar Players\" \/>\n<meta property=\"og:description\" content=\"BAFLE RELOOP C\/PODER GROOVE BLASTER BT. Bafle activo port\u00e1til de 100W con alto nivel de presi\u00f3n sonora, tecnolog\u00eda Bluetooth 4.0 con alcance de transmisi\u00f3n de hasta 30 metros, bater\u00eda de iones de litio recargable integrada (10 horas de funcionamiento, 6.600 mAh), con funci\u00f3n de carga USB para otros dispositivos, rendimiento de graves masivo gracias a su driver de baja frecuencia de 6\u201d pulgadas, tecnolog\u00eda NFC permite una conexi\u00f3n inal\u00e1mbrica r\u00e1pida en dispositivos compatibles, separaci\u00f3n precisa de las frecuencias de 3 formas, woofer de 6\u201d pulgadas, 2 medios de 3\u201d pulgadas y 2 tweeters de 1\u201d pulgada, funci\u00f3n Smart Link: Conexi\u00f3n inal\u00e1mbrica de dos altavoces (speaker pairing), potencia m\u00e1xima de salida de 100W, potente m\u00f3dulo amplificador de clase D, funci\u00f3n de carga USB para otros dispositivos, panel de control de reproducci\u00f3n en la parte superior del altavoz, es el complemento perfecto para una configuraci\u00f3n de tornamesa port\u00e1til existente, compartimento del adaptador con LED de nivel de bater\u00eda y conexi\u00f3n a la red, rejilla de metal en la parte delantera que protege el chasis del altavoz, carcasa estable y ligera, incluye asa de transporte desmontable, dimensiones: 180 x 180 x 430 mm, peso: 4.40 kg.\" \/>\n<meta property=\"og:url\" content=\"https:\/\/www.mexicanguitarplayers.com\/en\/tienda\/audio\/bafles-y-bocinas\/bafles\/bafles-activos\/bafle-reloop-c-poder-groove-blaster-bt\/\" \/>\n<meta property=\"og:site_name\" content=\"Mexican Guitar Players\" \/>\n<meta property=\"article:modified_time\" content=\"2026-05-01T13:41:48+00:00\" \/>\n<meta property=\"og:image\" content=\"https:\/\/www.mexicanguitarplayers.com\/wp-content\/uploads\/2022\/08\/IARELGROOVEBLA.jpg\" \/>\n\t<meta property=\"og:image:width\" content=\"1200\" \/>\n\t<meta property=\"og:image:height\" content=\"1200\" \/>\n\t<meta property=\"og:image:type\" content=\"image\/jpeg\" \/>\n<meta name=\"twitter:card\" content=\"summary_large_image\" \/>\n<meta name=\"twitter:label1\" content=\"Est. reading time\" \/>\n\t<meta name=\"twitter:data1\" content=\"1 minute\" \/>\n<script type=\"application\/ld+json\" class=\"yoast-schema-graph\">{\"@context\":\"https:\\\/\\\/schema.org\",\"@graph\":[{\"@type\":[\"WebPage\",\"ItemPage\"],\"@id\":\"https:\\\/\\\/www.mexicanguitarplayers.com\\\/tienda\\\/audio\\\/bafles-y-bocinas\\\/bafles\\\/bafles-activos\\\/bafle-reloop-c-poder-groove-blaster-bt\\\/\",\"url\":\"https:\\\/\\\/www.mexicanguitarplayers.com\\\/tienda\\\/audio\\\/bafles-y-bocinas\\\/bafles\\\/bafles-activos\\\/bafle-reloop-c-poder-groove-blaster-bt\\\/\",\"name\":\"BAFLE RELOOP C\\\/PODER GROOVE BLASTER BT - Mexican Guitar Players\",\"isPartOf\":{\"@id\":\"https:\\\/\\\/www.mexicanguitarplayers.com\\\/#website\"},\"primaryImageOfPage\":{\"@id\":\"https:\\\/\\\/www.mexicanguitarplayers.com\\\/tienda\\\/audio\\\/bafles-y-bocinas\\\/bafles\\\/bafles-activos\\\/bafle-reloop-c-poder-groove-blaster-bt\\\/#primaryimage\"},\"image\":{\"@id\":\"https:\\\/\\\/www.mexicanguitarplayers.com\\\/tienda\\\/audio\\\/bafles-y-bocinas\\\/bafles\\\/bafles-activos\\\/bafle-reloop-c-poder-groove-blaster-bt\\\/#primaryimage\"},\"thumbnailUrl\":\"https:\\\/\\\/www.mexicanguitarplayers.com\\\/wp-content\\\/uploads\\\/2022\\\/08\\\/IARELGROOVEBLA.jpg\",\"datePublished\":\"2022-08-18T19:58:16+00:00\",\"dateModified\":\"2026-05-01T13:41:48+00:00\",\"description\":\"BAFLE RELOOP C\\\/PODER GROOVE BLASTER BT. Bafle activo port\u00e1til de 100W con alto nivel de presi\u00f3n sonora, tecnolog\u00eda Bluetooth 4.0 con alcance de transmisi\u00f3n de hasta 30 metros, bater\u00eda de iones de litio recargable integrada (10 horas de funcionamiento, 6.600 mAh), con funci\u00f3n de carga USB para otros dispositivos, rendimiento de graves masivo gracias a su driver de baja frecuencia de 6\u201d pulgadas, tecnolog\u00eda NFC permite una conexi\u00f3n inal\u00e1mbrica r\u00e1pida en dispositivos compatibles, separaci\u00f3n precisa de las frecuencias de 3 formas, woofer de 6\u201d pulgadas, 2 medios de 3\u201d pulgadas y 2 tweeters de 1\u201d pulgada, funci\u00f3n Smart Link: Conexi\u00f3n inal\u00e1mbrica de dos altavoces (speaker pairing), potencia m\u00e1xima de salida de 100W, potente m\u00f3dulo amplificador de clase D, funci\u00f3n de carga USB para otros dispositivos, panel de control de reproducci\u00f3n en la parte superior del altavoz, es el complemento perfecto para una configuraci\u00f3n de tornamesa port\u00e1til existente, compartimento del adaptador con LED de nivel de bater\u00eda y conexi\u00f3n a la red, rejilla de metal en la parte delantera que protege el chasis del altavoz, carcasa estable y ligera, incluye asa de transporte desmontable, dimensiones: 180 x 180 x 430 mm, peso: 4.40 kg.\",\"breadcrumb\":{\"@id\":\"https:\\\/\\\/www.mexicanguitarplayers.com\\\/tienda\\\/audio\\\/bafles-y-bocinas\\\/bafles\\\/bafles-activos\\\/bafle-reloop-c-poder-groove-blaster-bt\\\/#breadcrumb\"},\"inLanguage\":\"en-US\",\"potentialAction\":[{\"@type\":\"ReadAction\",\"target\":[\"https:\\\/\\\/www.mexicanguitarplayers.com\\\/tienda\\\/audio\\\/bafles-y-bocinas\\\/bafles\\\/bafles-activos\\\/bafle-reloop-c-poder-groove-blaster-bt\\\/\"]}]},{\"@type\":\"ImageObject\",\"inLanguage\":\"en-US\",\"@id\":\"https:\\\/\\\/www.mexicanguitarplayers.com\\\/tienda\\\/audio\\\/bafles-y-bocinas\\\/bafles\\\/bafles-activos\\\/bafle-reloop-c-poder-groove-blaster-bt\\\/#primaryimage\",\"url\":\"https:\\\/\\\/www.mexicanguitarplayers.com\\\/wp-content\\\/uploads\\\/2022\\\/08\\\/IARELGROOVEBLA.jpg\",\"contentUrl\":\"https:\\\/\\\/www.mexicanguitarplayers.com\\\/wp-content\\\/uploads\\\/2022\\\/08\\\/IARELGROOVEBLA.jpg\",\"width\":1200,\"height\":1200},{\"@type\":\"BreadcrumbList\",\"@id\":\"https:\\\/\\\/www.mexicanguitarplayers.com\\\/tienda\\\/audio\\\/bafles-y-bocinas\\\/bafles\\\/bafles-activos\\\/bafle-reloop-c-poder-groove-blaster-bt\\\/#breadcrumb\",\"itemListElement\":[{\"@type\":\"ListItem\",\"position\":1,\"name\":\"Portada\",\"item\":\"https:\\\/\\\/www.mexicanguitarplayers.com\\\/\"},{\"@type\":\"ListItem\",\"position\":2,\"name\":\"Tienda\",\"item\":\"https:\\\/\\\/www.mexicanguitarplayers.com\\\/tienda\\\/\"},{\"@type\":\"ListItem\",\"position\":3,\"name\":\"BAFLE RELOOP C\\\/PODER GROOVE BLASTER BT\"}]},{\"@type\":\"WebSite\",\"@id\":\"https:\\\/\\\/www.mexicanguitarplayers.com\\\/#website\",\"url\":\"https:\\\/\\\/www.mexicanguitarplayers.com\\\/\",\"name\":\"Mexican Guitar Players\",\"description\":\"Website\",\"publisher\":{\"@id\":\"https:\\\/\\\/www.mexicanguitarplayers.com\\\/#organization\"},\"potentialAction\":[{\"@type\":\"SearchAction\",\"target\":{\"@type\":\"EntryPoint\",\"urlTemplate\":\"https:\\\/\\\/www.mexicanguitarplayers.com\\\/?s={search_term_string}\"},\"query-input\":{\"@type\":\"PropertyValueSpecification\",\"valueRequired\":true,\"valueName\":\"search_term_string\"}}],\"inLanguage\":\"en-US\"},{\"@type\":\"Organization\",\"@id\":\"https:\\\/\\\/www.mexicanguitarplayers.com\\\/#organization\",\"name\":\"Mexican Guitar Players\",\"url\":\"https:\\\/\\\/www.mexicanguitarplayers.com\\\/\",\"logo\":{\"@type\":\"ImageObject\",\"inLanguage\":\"en-US\",\"@id\":\"https:\\\/\\\/www.mexicanguitarplayers.com\\\/#\\\/schema\\\/logo\\\/image\\\/\",\"url\":\"\",\"contentUrl\":\"\",\"caption\":\"Mexican Guitar Players\"},\"image\":{\"@id\":\"https:\\\/\\\/www.mexicanguitarplayers.com\\\/#\\\/schema\\\/logo\\\/image\\\/\"}}]}<\/script>\n<!-- \/ Yoast SEO plugin. -->","yoast_head_json":{"title":"BAFLE RELOOP C\/PODER GROOVE BLASTER BT - Mexican Guitar Players","description":"BAFLE RELOOP C\/PODER GROOVE BLASTER BT. Bafle activo port\u00e1til de 100W con alto nivel de presi\u00f3n sonora, tecnolog\u00eda Bluetooth 4.0 con alcance de transmisi\u00f3n de hasta 30 metros, bater\u00eda de iones de litio recargable integrada (10 horas de funcionamiento, 6.600 mAh), con funci\u00f3n de carga USB para otros dispositivos, rendimiento de graves masivo gracias a su driver de baja frecuencia de 6\u201d pulgadas, tecnolog\u00eda NFC permite una conexi\u00f3n inal\u00e1mbrica r\u00e1pida en dispositivos compatibles, separaci\u00f3n precisa de las frecuencias de 3 formas, woofer de 6\u201d pulgadas, 2 medios de 3\u201d pulgadas y 2 tweeters de 1\u201d pulgada, funci\u00f3n Smart Link: Conexi\u00f3n inal\u00e1mbrica de dos altavoces (speaker pairing), potencia m\u00e1xima de salida de 100W, potente m\u00f3dulo amplificador de clase D, funci\u00f3n de carga USB para otros dispositivos, panel de control de reproducci\u00f3n en la parte superior del altavoz, es el complemento perfecto para una configuraci\u00f3n de tornamesa port\u00e1til existente, compartimento del adaptador con LED de nivel de bater\u00eda y conexi\u00f3n a la red, rejilla de metal en la parte delantera que protege el chasis del altavoz, carcasa estable y ligera, incluye asa de transporte desmontable, dimensiones: 180 x 180 x 430 mm, peso: 4.40 kg.","robots":{"index":"index","follow":"follow","max-snippet":"max-snippet:-1","max-image-preview":"max-image-preview:large","max-video-preview":"max-video-preview:-1"},"canonical":"https:\/\/www.mexicanguitarplayers.com\/en\/tienda\/audio\/bafles-y-bocinas\/bafles\/bafles-activos\/bafle-reloop-c-poder-groove-blaster-bt\/","og_locale":"en_US","og_type":"article","og_title":"BAFLE RELOOP C\/PODER GROOVE BLASTER BT - Mexican Guitar Players","og_description":"BAFLE RELOOP C\/PODER GROOVE BLASTER BT. Bafle activo port\u00e1til de 100W con alto nivel de presi\u00f3n sonora, tecnolog\u00eda Bluetooth 4.0 con alcance de transmisi\u00f3n de hasta 30 metros, bater\u00eda de iones de litio recargable integrada (10 horas de funcionamiento, 6.600 mAh), con funci\u00f3n de carga USB para otros dispositivos, rendimiento de graves masivo gracias a su driver de baja frecuencia de 6\u201d pulgadas, tecnolog\u00eda NFC permite una conexi\u00f3n inal\u00e1mbrica r\u00e1pida en dispositivos compatibles, separaci\u00f3n precisa de las frecuencias de 3 formas, woofer de 6\u201d pulgadas, 2 medios de 3\u201d pulgadas y 2 tweeters de 1\u201d pulgada, funci\u00f3n Smart Link: Conexi\u00f3n inal\u00e1mbrica de dos altavoces (speaker pairing), potencia m\u00e1xima de salida de 100W, potente m\u00f3dulo amplificador de clase D, funci\u00f3n de carga USB para otros dispositivos, panel de control de reproducci\u00f3n en la parte superior del altavoz, es el complemento perfecto para una configuraci\u00f3n de tornamesa port\u00e1til existente, compartimento del adaptador con LED de nivel de bater\u00eda y conexi\u00f3n a la red, rejilla de metal en la parte delantera que protege el chasis del altavoz, carcasa estable y ligera, incluye asa de transporte desmontable, dimensiones: 180 x 180 x 430 mm, peso: 4.40 kg.","og_url":"https:\/\/www.mexicanguitarplayers.com\/en\/tienda\/audio\/bafles-y-bocinas\/bafles\/bafles-activos\/bafle-reloop-c-poder-groove-blaster-bt\/","og_site_name":"Mexican Guitar Players","article_modified_time":"2026-05-01T13:41:48+00:00","og_image":[{"width":1200,"height":1200,"url":"https:\/\/www.mexicanguitarplayers.com\/wp-content\/uploads\/2022\/08\/IARELGROOVEBLA.jpg","type":"image\/jpeg"}],"twitter_card":"summary_large_image","twitter_misc":{"Est. reading time":"1 minute"},"schema":{"@context":"https:\/\/schema.org","@graph":[{"@type":["WebPage","ItemPage"],"@id":"https:\/\/www.mexicanguitarplayers.com\/tienda\/audio\/bafles-y-bocinas\/bafles\/bafles-activos\/bafle-reloop-c-poder-groove-blaster-bt\/","url":"https:\/\/www.mexicanguitarplayers.com\/tienda\/audio\/bafles-y-bocinas\/bafles\/bafles-activos\/bafle-reloop-c-poder-groove-blaster-bt\/","name":"BAFLE RELOOP C\/PODER GROOVE BLASTER BT - Mexican Guitar Players","isPartOf":{"@id":"https:\/\/www.mexicanguitarplayers.com\/#website"},"primaryImageOfPage":{"@id":"https:\/\/www.mexicanguitarplayers.com\/tienda\/audio\/bafles-y-bocinas\/bafles\/bafles-activos\/bafle-reloop-c-poder-groove-blaster-bt\/#primaryimage"},"image":{"@id":"https:\/\/www.mexicanguitarplayers.com\/tienda\/audio\/bafles-y-bocinas\/bafles\/bafles-activos\/bafle-reloop-c-poder-groove-blaster-bt\/#primaryimage"},"thumbnailUrl":"https:\/\/www.mexicanguitarplayers.com\/wp-content\/uploads\/2022\/08\/IARELGROOVEBLA.jpg","datePublished":"2022-08-18T19:58:16+00:00","dateModified":"2026-05-01T13:41:48+00:00","description":"BAFLE RELOOP C\/PODER GROOVE BLASTER BT. Bafle activo port\u00e1til de 100W con alto nivel de presi\u00f3n sonora, tecnolog\u00eda Bluetooth 4.0 con alcance de transmisi\u00f3n de hasta 30 metros, bater\u00eda de iones de litio recargable integrada (10 horas de funcionamiento, 6.600 mAh), con funci\u00f3n de carga USB para otros dispositivos, rendimiento de graves masivo gracias a su driver de baja frecuencia de 6\u201d pulgadas, tecnolog\u00eda NFC permite una conexi\u00f3n inal\u00e1mbrica r\u00e1pida en dispositivos compatibles, separaci\u00f3n precisa de las frecuencias de 3 formas, woofer de 6\u201d pulgadas, 2 medios de 3\u201d pulgadas y 2 tweeters de 1\u201d pulgada, funci\u00f3n Smart Link: Conexi\u00f3n inal\u00e1mbrica de dos altavoces (speaker pairing), potencia m\u00e1xima de salida de 100W, potente m\u00f3dulo amplificador de clase D, funci\u00f3n de carga USB para otros dispositivos, panel de control de reproducci\u00f3n en la parte superior del altavoz, es el complemento perfecto para una configuraci\u00f3n de tornamesa port\u00e1til existente, compartimento del adaptador con LED de nivel de bater\u00eda y conexi\u00f3n a la red, rejilla de metal en la parte delantera que protege el chasis del altavoz, carcasa estable y ligera, incluye asa de transporte desmontable, dimensiones: 180 x 180 x 430 mm, peso: 4.40 kg.","breadcrumb":{"@id":"https:\/\/www.mexicanguitarplayers.com\/tienda\/audio\/bafles-y-bocinas\/bafles\/bafles-activos\/bafle-reloop-c-poder-groove-blaster-bt\/#breadcrumb"},"inLanguage":"en-US","potentialAction":[{"@type":"ReadAction","target":["https:\/\/www.mexicanguitarplayers.com\/tienda\/audio\/bafles-y-bocinas\/bafles\/bafles-activos\/bafle-reloop-c-poder-groove-blaster-bt\/"]}]},{"@type":"ImageObject","inLanguage":"en-US","@id":"https:\/\/www.mexicanguitarplayers.com\/tienda\/audio\/bafles-y-bocinas\/bafles\/bafles-activos\/bafle-reloop-c-poder-groove-blaster-bt\/#primaryimage","url":"https:\/\/www.mexicanguitarplayers.com\/wp-content\/uploads\/2022\/08\/IARELGROOVEBLA.jpg","contentUrl":"https:\/\/www.mexicanguitarplayers.com\/wp-content\/uploads\/2022\/08\/IARELGROOVEBLA.jpg","width":1200,"height":1200},{"@type":"BreadcrumbList","@id":"https:\/\/www.mexicanguitarplayers.com\/tienda\/audio\/bafles-y-bocinas\/bafles\/bafles-activos\/bafle-reloop-c-poder-groove-blaster-bt\/#breadcrumb","itemListElement":[{"@type":"ListItem","position":1,"name":"Portada","item":"https:\/\/www.mexicanguitarplayers.com\/"},{"@type":"ListItem","position":2,"name":"Tienda","item":"https:\/\/www.mexicanguitarplayers.com\/tienda\/"},{"@type":"ListItem","position":3,"name":"BAFLE RELOOP C\/PODER GROOVE BLASTER BT"}]},{"@type":"WebSite","@id":"https:\/\/www.mexicanguitarplayers.com\/#website","url":"https:\/\/www.mexicanguitarplayers.com\/","name":"Mexican Guitar Players","description":"Website","publisher":{"@id":"https:\/\/www.mexicanguitarplayers.com\/#organization"},"potentialAction":[{"@type":"SearchAction","target":{"@type":"EntryPoint","urlTemplate":"https:\/\/www.mexicanguitarplayers.com\/?s={search_term_string}"},"query-input":{"@type":"PropertyValueSpecification","valueRequired":true,"valueName":"search_term_string"}}],"inLanguage":"en-US"},{"@type":"Organization","@id":"https:\/\/www.mexicanguitarplayers.com\/#organization","name":"Mexican Guitar Players","url":"https:\/\/www.mexicanguitarplayers.com\/","logo":{"@type":"ImageObject","inLanguage":"en-US","@id":"https:\/\/www.mexicanguitarplayers.com\/#\/schema\/logo\/image\/","url":"","contentUrl":"","caption":"Mexican Guitar Players"},"image":{"@id":"https:\/\/www.mexicanguitarplayers.com\/#\/schema\/logo\/image\/"}}]}},"brands":[{"id":496,"name":"RELOOP","slug":"reloop"}],"_links":{"self":[{"href":"https:\/\/www.mexicanguitarplayers.com\/en\/wp-json\/wp\/v2\/product\/14046","targetHints":{"allow":["GET"]}}],"collection":[{"href":"https:\/\/www.mexicanguitarplayers.com\/en\/wp-json\/wp\/v2\/product"}],"about":[{"href":"https:\/\/www.mexicanguitarplayers.com\/en\/wp-json\/wp\/v2\/types\/product"}],"replies":[{"embeddable":true,"href":"https:\/\/www.mexicanguitarplayers.com\/en\/wp-json\/wp\/v2\/comments?post=14046"}],"wp:featuredmedia":[{"embeddable":true,"href":"https:\/\/www.mexicanguitarplayers.com\/en\/wp-json\/wp\/v2\/media\/14043"}],"wp:attachment":[{"href":"https:\/\/www.mexicanguitarplayers.com\/en\/wp-json\/wp\/v2\/media?parent=14046"}],"wp:term":[{"taxonomy":"pwb-brand","embeddable":true,"href":"https:\/\/www.mexicanguitarplayers.com\/en\/wp-json\/wp\/v2\/pwb-brand?post=14046"},{"taxonomy":"product_brand","embeddable":true,"href":"https:\/\/www.mexicanguitarplayers.com\/en\/wp-json\/wp\/v2\/product_brand?post=14046"},{"taxonomy":"product_cat","embeddable":true,"href":"https:\/\/www.mexicanguitarplayers.com\/en\/wp-json\/wp\/v2\/product_cat?post=14046"},{"taxonomy":"product_tag","embeddable":true,"href":"https:\/\/www.mexicanguitarplayers.com\/en\/wp-json\/wp\/v2\/product_tag?post=14046"}],"curies":[{"name":"wp","href":"https:\/\/api.w.org\/{rel}","templated":true}]}}