{"id":14055,"date":"2022-08-18T14:58:30","date_gmt":"2022-08-18T19:58:30","guid":{"rendered":"https:\/\/www.mexicanguitarplayers.com\/tienda\/sin%20categor\u00eda\/mezcladora-reloop-mod-rmx-10-bt\/"},"modified":"2026-02-11T22:17:57","modified_gmt":"2026-02-12T04:17:57","slug":"mezcladora-reloop-mod-rmx-10-bt","status":"publish","type":"product","link":"https:\/\/www.mexicanguitarplayers.com\/en\/tienda\/audio\/equipo-de-dj\/mezcladoras-para-dj\/mezcladora-reloop-mod-rmx-10-bt\/","title":{"rendered":"MIXER RELOOP MOD. RMX-10BT"},"content":{"rendered":"<div style=\"text-align: justify\">\n<div>\n<h3>MIXER RELOOP MOD. RMX-10BT<\/h3>\n<\/div>\n<div>2-channel bluetooth DJ mixer, compact construction, built-in bluetooth connectivity, wireless music streaming from your smartphone or tablet directly to the mixer, flexible bluetooth routing on both channels, replaceable 45mm crossfader and two smooth-running line faders for mix, channel strips with 3-band EQ and gain adjustment, 1\/4&quot; headphone output with volume control and cue mix function, 1\/4&quot; mic input with dedicated volume control, master signal LED level chains space-saving, robust all-metal construction, power supply: AC 100 \u2013 240V, 50\/60 Hz, power consumption: 3.5W, frequency response: 20 Hz \u2013 20 kHz, inputs: 2 RCA phono, 2 RCA line , TS for microphone and a bluetooth input, outputs: RCA master, RCA Rec, 6.3 mm headphone output, equalization range at 100 Hz, 1 kHz, 10 kHz, dimensions: 180 x 260 x 70 mm, (potentiometers 21.5 mm), weight: 1.72 kg, included accessories: power cable and operating instructions.<\/div>\n<\/div>","protected":false},"excerpt":{"rendered":"<p>Mezcladora de DJ bluetooth de 2 canales, construcci\u00f3n compacta, conectividad bluetooth incorporada, transmisi\u00f3n de m\u00fasica inal\u00e1mbrica desde tu smartphone o tablet directamente a la mezcladora, enrutamiento bluetooth flexible en ambos canales, crossfader reemplazable de 45 mm y dos faders de l\u00ednea de funcionamiento suave para mezclar, tiras de canales con ecualizador de 3 bandas y ajuste de ganancia, salida de aud\u00edfonos de 6.3 mm con control de volumen y funci\u00f3n de mezcla cue, entrada de micr\u00f3fono de 6.3 mm con control de volumen dedicado, cadenas de nivel LED de se\u00f1al master, construcci\u00f3n robusta totalmente met\u00e1lica que ahorra mucho espacio, fuente de alimentaci\u00f3n: AC 100 &#8211; 240V, 50\/60 Hz, consumo de energ\u00eda: 3.5W, respuesta de frecuencia: 20 Hz &#8211; 20 kHz, entradas: 2 RCA phono, 2 RCA line, TS para micr\u00f3fono y una entrada bluetooth, salidas: RCA master, RCA Rec, salida de aud\u00edfonos de 6.3 mm, rango de ecualizaci\u00f3n a 100 Hz, 1 kHz, 10 kHz, dimensiones: 180 x 260 x 70 mm, (potenci\u00f3metros 21.5 mm), peso: 1.72 kg, accesorios incluidos: cable de alimentaci\u00f3n e instrucciones de funcionamiento.&hellip; <a class=\"kt-excerpt-readmore more-link\" href=\"https:\/\/www.mexicanguitarplayers.com\/en\/tienda\/audio\/equipo-de-dj\/mezcladoras-para-dj\/mezcladora-reloop-mod-rmx-10-bt\/\">Read more<\/a><\/p>","protected":false},"featured_media":14054,"comment_status":"open","ping_status":"closed","template":"","meta":{"kt_blocks_editor_width":""},"pwb-brand":[496],"product_brand":[],"product_cat":[213,483,488],"product_tag":[],"class_list":{"0":"post-14055","1":"product","2":"type-product","3":"status-publish","4":"has-post-thumbnail","6":"pwb-brand-reloop","7":"product_cat-audio","8":"product_cat-equipo-de-dj","9":"product_cat-mezcladoras-para-dj","10":"product_shipping_class-0-5-kg","12":"first","13":"instock","14":"taxable","15":"shipping-taxable","16":"purchasable","17":"product-type-simple"},"yoast_head":"<!-- This site is optimized with the Yoast SEO plugin v27.3 - https:\/\/yoast.com\/product\/yoast-seo-wordpress\/ -->\n<title>MEZCLADORA RELOOP MOD. RMX-10 BT - Mexican Guitar Players<\/title>\n<meta name=\"description\" content=\"MEZCLADORA RELOOP MOD. RMX-10 BT. Mezcladora de DJ bluetooth de 2 canales, construcci\u00f3n compacta, conectividad bluetooth incorporada, transmisi\u00f3n de m\u00fasica inal\u00e1mbrica desde tu smartphone o tablet directamente a la mezcladora, enrutamiento bluetooth flexible en ambos canales, crossfader reemplazable de 45 mm y dos faders de l\u00ednea de funcionamiento suave para mezclar, tiras de canales con ecualizador de 3 bandas y ajuste de ganancia, salida de aud\u00edfonos de 6.3 mm con control de volumen y funci\u00f3n de mezcla cue, entrada de micr\u00f3fono de 6.3 mm con control de volumen dedicado, cadenas de nivel LED de se\u00f1al master, construcci\u00f3n robusta totalmente met\u00e1lica que ahorra mucho espacio, fuente de alimentaci\u00f3n: AC 100 - 240V, 50\/60 Hz, consumo de energ\u00eda: 3.5W, respuesta de frecuencia: 20 Hz - 20 kHz, entradas: 2 RCA phono, 2 RCA line, TS para micr\u00f3fono y una entrada bluetooth, salidas: RCA master, RCA Rec, salida de aud\u00edfonos de 6.3 mm, rango de ecualizaci\u00f3n a 100 Hz, 1 kHz, 10 kHz, dimensiones: 180 x 260 x 70 mm, (potenci\u00f3metros 21.5 mm), peso: 1.72 kg, accesorios incluidos: cable de alimentaci\u00f3n e instrucciones de funcionamiento.\" \/>\n<meta name=\"robots\" content=\"index, follow, max-snippet:-1, max-image-preview:large, max-video-preview:-1\" \/>\n<link rel=\"canonical\" href=\"https:\/\/www.mexicanguitarplayers.com\/en\/tienda\/audio\/equipo-de-dj\/mezcladoras-para-dj\/mezcladora-reloop-mod-rmx-10-bt\/\" \/>\n<meta property=\"og:locale\" content=\"en_US\" \/>\n<meta property=\"og:type\" content=\"article\" \/>\n<meta property=\"og:title\" content=\"MEZCLADORA RELOOP MOD. RMX-10 BT - Mexican Guitar Players\" \/>\n<meta property=\"og:description\" content=\"MEZCLADORA RELOOP MOD. RMX-10 BT. Mezcladora de DJ bluetooth de 2 canales, construcci\u00f3n compacta, conectividad bluetooth incorporada, transmisi\u00f3n de m\u00fasica inal\u00e1mbrica desde tu smartphone o tablet directamente a la mezcladora, enrutamiento bluetooth flexible en ambos canales, crossfader reemplazable de 45 mm y dos faders de l\u00ednea de funcionamiento suave para mezclar, tiras de canales con ecualizador de 3 bandas y ajuste de ganancia, salida de aud\u00edfonos de 6.3 mm con control de volumen y funci\u00f3n de mezcla cue, entrada de micr\u00f3fono de 6.3 mm con control de volumen dedicado, cadenas de nivel LED de se\u00f1al master, construcci\u00f3n robusta totalmente met\u00e1lica que ahorra mucho espacio, fuente de alimentaci\u00f3n: AC 100 - 240V, 50\/60 Hz, consumo de energ\u00eda: 3.5W, respuesta de frecuencia: 20 Hz - 20 kHz, entradas: 2 RCA phono, 2 RCA line, TS para micr\u00f3fono y una entrada bluetooth, salidas: RCA master, RCA Rec, salida de aud\u00edfonos de 6.3 mm, rango de ecualizaci\u00f3n a 100 Hz, 1 kHz, 10 kHz, dimensiones: 180 x 260 x 70 mm, (potenci\u00f3metros 21.5 mm), peso: 1.72 kg, accesorios incluidos: cable de alimentaci\u00f3n e instrucciones de funcionamiento.\" \/>\n<meta property=\"og:url\" content=\"https:\/\/www.mexicanguitarplayers.com\/en\/tienda\/audio\/equipo-de-dj\/mezcladoras-para-dj\/mezcladora-reloop-mod-rmx-10-bt\/\" \/>\n<meta property=\"og:site_name\" content=\"Mexican Guitar Players\" \/>\n<meta property=\"article:modified_time\" content=\"2026-02-12T04:17:57+00:00\" \/>\n<meta property=\"og:image\" content=\"https:\/\/www.mexicanguitarplayers.com\/wp-content\/uploads\/2022\/08\/IARELRMX10BT.jpg\" \/>\n\t<meta property=\"og:image:width\" content=\"1200\" \/>\n\t<meta property=\"og:image:height\" content=\"1200\" \/>\n\t<meta property=\"og:image:type\" content=\"image\/jpeg\" \/>\n<meta name=\"twitter:card\" content=\"summary_large_image\" \/>\n<meta name=\"twitter:label1\" content=\"Est. reading time\" \/>\n\t<meta name=\"twitter:data1\" content=\"1 minute\" \/>\n<script type=\"application\/ld+json\" class=\"yoast-schema-graph\">{\"@context\":\"https:\\\/\\\/schema.org\",\"@graph\":[{\"@type\":[\"WebPage\",\"ItemPage\"],\"@id\":\"https:\\\/\\\/www.mexicanguitarplayers.com\\\/tienda\\\/audio\\\/equipo-de-dj\\\/mezcladoras-para-dj\\\/mezcladora-reloop-mod-rmx-10-bt\\\/\",\"url\":\"https:\\\/\\\/www.mexicanguitarplayers.com\\\/tienda\\\/audio\\\/equipo-de-dj\\\/mezcladoras-para-dj\\\/mezcladora-reloop-mod-rmx-10-bt\\\/\",\"name\":\"MEZCLADORA RELOOP MOD. RMX-10 BT - Mexican Guitar Players\",\"isPartOf\":{\"@id\":\"https:\\\/\\\/www.mexicanguitarplayers.com\\\/#website\"},\"primaryImageOfPage\":{\"@id\":\"https:\\\/\\\/www.mexicanguitarplayers.com\\\/tienda\\\/audio\\\/equipo-de-dj\\\/mezcladoras-para-dj\\\/mezcladora-reloop-mod-rmx-10-bt\\\/#primaryimage\"},\"image\":{\"@id\":\"https:\\\/\\\/www.mexicanguitarplayers.com\\\/tienda\\\/audio\\\/equipo-de-dj\\\/mezcladoras-para-dj\\\/mezcladora-reloop-mod-rmx-10-bt\\\/#primaryimage\"},\"thumbnailUrl\":\"https:\\\/\\\/www.mexicanguitarplayers.com\\\/wp-content\\\/uploads\\\/2022\\\/08\\\/IARELRMX10BT.jpg\",\"datePublished\":\"2022-08-18T19:58:30+00:00\",\"dateModified\":\"2026-02-12T04:17:57+00:00\",\"description\":\"MEZCLADORA RELOOP MOD. RMX-10 BT. Mezcladora de DJ bluetooth de 2 canales, construcci\u00f3n compacta, conectividad bluetooth incorporada, transmisi\u00f3n de m\u00fasica inal\u00e1mbrica desde tu smartphone o tablet directamente a la mezcladora, enrutamiento bluetooth flexible en ambos canales, crossfader reemplazable de 45 mm y dos faders de l\u00ednea de funcionamiento suave para mezclar, tiras de canales con ecualizador de 3 bandas y ajuste de ganancia, salida de aud\u00edfonos de 6.3 mm con control de volumen y funci\u00f3n de mezcla cue, entrada de micr\u00f3fono de 6.3 mm con control de volumen dedicado, cadenas de nivel LED de se\u00f1al master, construcci\u00f3n robusta totalmente met\u00e1lica que ahorra mucho espacio, fuente de alimentaci\u00f3n: AC 100 - 240V, 50\\\/60 Hz, consumo de energ\u00eda: 3.5W, respuesta de frecuencia: 20 Hz - 20 kHz, entradas: 2 RCA phono, 2 RCA line, TS para micr\u00f3fono y una entrada bluetooth, salidas: RCA master, RCA Rec, salida de aud\u00edfonos de 6.3 mm, rango de ecualizaci\u00f3n a 100 Hz, 1 kHz, 10 kHz, dimensiones: 180 x 260 x 70 mm, (potenci\u00f3metros 21.5 mm), peso: 1.72 kg, accesorios incluidos: cable de alimentaci\u00f3n e instrucciones de funcionamiento.\",\"breadcrumb\":{\"@id\":\"https:\\\/\\\/www.mexicanguitarplayers.com\\\/tienda\\\/audio\\\/equipo-de-dj\\\/mezcladoras-para-dj\\\/mezcladora-reloop-mod-rmx-10-bt\\\/#breadcrumb\"},\"inLanguage\":\"en-US\",\"potentialAction\":[{\"@type\":\"ReadAction\",\"target\":[\"https:\\\/\\\/www.mexicanguitarplayers.com\\\/tienda\\\/audio\\\/equipo-de-dj\\\/mezcladoras-para-dj\\\/mezcladora-reloop-mod-rmx-10-bt\\\/\"]}]},{\"@type\":\"ImageObject\",\"inLanguage\":\"en-US\",\"@id\":\"https:\\\/\\\/www.mexicanguitarplayers.com\\\/tienda\\\/audio\\\/equipo-de-dj\\\/mezcladoras-para-dj\\\/mezcladora-reloop-mod-rmx-10-bt\\\/#primaryimage\",\"url\":\"https:\\\/\\\/www.mexicanguitarplayers.com\\\/wp-content\\\/uploads\\\/2022\\\/08\\\/IARELRMX10BT.jpg\",\"contentUrl\":\"https:\\\/\\\/www.mexicanguitarplayers.com\\\/wp-content\\\/uploads\\\/2022\\\/08\\\/IARELRMX10BT.jpg\",\"width\":1200,\"height\":1200},{\"@type\":\"BreadcrumbList\",\"@id\":\"https:\\\/\\\/www.mexicanguitarplayers.com\\\/tienda\\\/audio\\\/equipo-de-dj\\\/mezcladoras-para-dj\\\/mezcladora-reloop-mod-rmx-10-bt\\\/#breadcrumb\",\"itemListElement\":[{\"@type\":\"ListItem\",\"position\":1,\"name\":\"Portada\",\"item\":\"https:\\\/\\\/www.mexicanguitarplayers.com\\\/\"},{\"@type\":\"ListItem\",\"position\":2,\"name\":\"Tienda\",\"item\":\"https:\\\/\\\/www.mexicanguitarplayers.com\\\/tienda\\\/\"},{\"@type\":\"ListItem\",\"position\":3,\"name\":\"MEZCLADORA RELOOP MOD. RMX-10 BT\"}]},{\"@type\":\"WebSite\",\"@id\":\"https:\\\/\\\/www.mexicanguitarplayers.com\\\/#website\",\"url\":\"https:\\\/\\\/www.mexicanguitarplayers.com\\\/\",\"name\":\"Mexican Guitar Players\",\"description\":\"Website\",\"publisher\":{\"@id\":\"https:\\\/\\\/www.mexicanguitarplayers.com\\\/#organization\"},\"potentialAction\":[{\"@type\":\"SearchAction\",\"target\":{\"@type\":\"EntryPoint\",\"urlTemplate\":\"https:\\\/\\\/www.mexicanguitarplayers.com\\\/?s={search_term_string}\"},\"query-input\":{\"@type\":\"PropertyValueSpecification\",\"valueRequired\":true,\"valueName\":\"search_term_string\"}}],\"inLanguage\":\"en-US\"},{\"@type\":\"Organization\",\"@id\":\"https:\\\/\\\/www.mexicanguitarplayers.com\\\/#organization\",\"name\":\"Mexican Guitar Players\",\"url\":\"https:\\\/\\\/www.mexicanguitarplayers.com\\\/\",\"logo\":{\"@type\":\"ImageObject\",\"inLanguage\":\"en-US\",\"@id\":\"https:\\\/\\\/www.mexicanguitarplayers.com\\\/#\\\/schema\\\/logo\\\/image\\\/\",\"url\":\"\",\"contentUrl\":\"\",\"caption\":\"Mexican Guitar Players\"},\"image\":{\"@id\":\"https:\\\/\\\/www.mexicanguitarplayers.com\\\/#\\\/schema\\\/logo\\\/image\\\/\"}}]}<\/script>\n<!-- \/ Yoast SEO plugin. -->","yoast_head_json":{"title":"MEZCLADORA RELOOP MOD. RMX-10 BT - Mexican Guitar Players","description":"MEZCLADORA RELOOP MOD. RMX-10 BT. Mezcladora de DJ bluetooth de 2 canales, construcci\u00f3n compacta, conectividad bluetooth incorporada, transmisi\u00f3n de m\u00fasica inal\u00e1mbrica desde tu smartphone o tablet directamente a la mezcladora, enrutamiento bluetooth flexible en ambos canales, crossfader reemplazable de 45 mm y dos faders de l\u00ednea de funcionamiento suave para mezclar, tiras de canales con ecualizador de 3 bandas y ajuste de ganancia, salida de aud\u00edfonos de 6.3 mm con control de volumen y funci\u00f3n de mezcla cue, entrada de micr\u00f3fono de 6.3 mm con control de volumen dedicado, cadenas de nivel LED de se\u00f1al master, construcci\u00f3n robusta totalmente met\u00e1lica que ahorra mucho espacio, fuente de alimentaci\u00f3n: AC 100 - 240V, 50\/60 Hz, consumo de energ\u00eda: 3.5W, respuesta de frecuencia: 20 Hz - 20 kHz, entradas: 2 RCA phono, 2 RCA line, TS para micr\u00f3fono y una entrada bluetooth, salidas: RCA master, RCA Rec, salida de aud\u00edfonos de 6.3 mm, rango de ecualizaci\u00f3n a 100 Hz, 1 kHz, 10 kHz, dimensiones: 180 x 260 x 70 mm, (potenci\u00f3metros 21.5 mm), peso: 1.72 kg, accesorios incluidos: cable de alimentaci\u00f3n e instrucciones de funcionamiento.","robots":{"index":"index","follow":"follow","max-snippet":"max-snippet:-1","max-image-preview":"max-image-preview:large","max-video-preview":"max-video-preview:-1"},"canonical":"https:\/\/www.mexicanguitarplayers.com\/en\/tienda\/audio\/equipo-de-dj\/mezcladoras-para-dj\/mezcladora-reloop-mod-rmx-10-bt\/","og_locale":"en_US","og_type":"article","og_title":"MEZCLADORA RELOOP MOD. RMX-10 BT - Mexican Guitar Players","og_description":"MEZCLADORA RELOOP MOD. RMX-10 BT. Mezcladora de DJ bluetooth de 2 canales, construcci\u00f3n compacta, conectividad bluetooth incorporada, transmisi\u00f3n de m\u00fasica inal\u00e1mbrica desde tu smartphone o tablet directamente a la mezcladora, enrutamiento bluetooth flexible en ambos canales, crossfader reemplazable de 45 mm y dos faders de l\u00ednea de funcionamiento suave para mezclar, tiras de canales con ecualizador de 3 bandas y ajuste de ganancia, salida de aud\u00edfonos de 6.3 mm con control de volumen y funci\u00f3n de mezcla cue, entrada de micr\u00f3fono de 6.3 mm con control de volumen dedicado, cadenas de nivel LED de se\u00f1al master, construcci\u00f3n robusta totalmente met\u00e1lica que ahorra mucho espacio, fuente de alimentaci\u00f3n: AC 100 - 240V, 50\/60 Hz, consumo de energ\u00eda: 3.5W, respuesta de frecuencia: 20 Hz - 20 kHz, entradas: 2 RCA phono, 2 RCA line, TS para micr\u00f3fono y una entrada bluetooth, salidas: RCA master, RCA Rec, salida de aud\u00edfonos de 6.3 mm, rango de ecualizaci\u00f3n a 100 Hz, 1 kHz, 10 kHz, dimensiones: 180 x 260 x 70 mm, (potenci\u00f3metros 21.5 mm), peso: 1.72 kg, accesorios incluidos: cable de alimentaci\u00f3n e instrucciones de funcionamiento.","og_url":"https:\/\/www.mexicanguitarplayers.com\/en\/tienda\/audio\/equipo-de-dj\/mezcladoras-para-dj\/mezcladora-reloop-mod-rmx-10-bt\/","og_site_name":"Mexican Guitar Players","article_modified_time":"2026-02-12T04:17:57+00:00","og_image":[{"width":1200,"height":1200,"url":"https:\/\/www.mexicanguitarplayers.com\/wp-content\/uploads\/2022\/08\/IARELRMX10BT.jpg","type":"image\/jpeg"}],"twitter_card":"summary_large_image","twitter_misc":{"Est. reading time":"1 minute"},"schema":{"@context":"https:\/\/schema.org","@graph":[{"@type":["WebPage","ItemPage"],"@id":"https:\/\/www.mexicanguitarplayers.com\/tienda\/audio\/equipo-de-dj\/mezcladoras-para-dj\/mezcladora-reloop-mod-rmx-10-bt\/","url":"https:\/\/www.mexicanguitarplayers.com\/tienda\/audio\/equipo-de-dj\/mezcladoras-para-dj\/mezcladora-reloop-mod-rmx-10-bt\/","name":"MEZCLADORA RELOOP MOD. RMX-10 BT - Mexican Guitar Players","isPartOf":{"@id":"https:\/\/www.mexicanguitarplayers.com\/#website"},"primaryImageOfPage":{"@id":"https:\/\/www.mexicanguitarplayers.com\/tienda\/audio\/equipo-de-dj\/mezcladoras-para-dj\/mezcladora-reloop-mod-rmx-10-bt\/#primaryimage"},"image":{"@id":"https:\/\/www.mexicanguitarplayers.com\/tienda\/audio\/equipo-de-dj\/mezcladoras-para-dj\/mezcladora-reloop-mod-rmx-10-bt\/#primaryimage"},"thumbnailUrl":"https:\/\/www.mexicanguitarplayers.com\/wp-content\/uploads\/2022\/08\/IARELRMX10BT.jpg","datePublished":"2022-08-18T19:58:30+00:00","dateModified":"2026-02-12T04:17:57+00:00","description":"MEZCLADORA RELOOP MOD. RMX-10 BT. Mezcladora de DJ bluetooth de 2 canales, construcci\u00f3n compacta, conectividad bluetooth incorporada, transmisi\u00f3n de m\u00fasica inal\u00e1mbrica desde tu smartphone o tablet directamente a la mezcladora, enrutamiento bluetooth flexible en ambos canales, crossfader reemplazable de 45 mm y dos faders de l\u00ednea de funcionamiento suave para mezclar, tiras de canales con ecualizador de 3 bandas y ajuste de ganancia, salida de aud\u00edfonos de 6.3 mm con control de volumen y funci\u00f3n de mezcla cue, entrada de micr\u00f3fono de 6.3 mm con control de volumen dedicado, cadenas de nivel LED de se\u00f1al master, construcci\u00f3n robusta totalmente met\u00e1lica que ahorra mucho espacio, fuente de alimentaci\u00f3n: AC 100 - 240V, 50\/60 Hz, consumo de energ\u00eda: 3.5W, respuesta de frecuencia: 20 Hz - 20 kHz, entradas: 2 RCA phono, 2 RCA line, TS para micr\u00f3fono y una entrada bluetooth, salidas: RCA master, RCA Rec, salida de aud\u00edfonos de 6.3 mm, rango de ecualizaci\u00f3n a 100 Hz, 1 kHz, 10 kHz, dimensiones: 180 x 260 x 70 mm, (potenci\u00f3metros 21.5 mm), peso: 1.72 kg, accesorios incluidos: cable de alimentaci\u00f3n e instrucciones de funcionamiento.","breadcrumb":{"@id":"https:\/\/www.mexicanguitarplayers.com\/tienda\/audio\/equipo-de-dj\/mezcladoras-para-dj\/mezcladora-reloop-mod-rmx-10-bt\/#breadcrumb"},"inLanguage":"en-US","potentialAction":[{"@type":"ReadAction","target":["https:\/\/www.mexicanguitarplayers.com\/tienda\/audio\/equipo-de-dj\/mezcladoras-para-dj\/mezcladora-reloop-mod-rmx-10-bt\/"]}]},{"@type":"ImageObject","inLanguage":"en-US","@id":"https:\/\/www.mexicanguitarplayers.com\/tienda\/audio\/equipo-de-dj\/mezcladoras-para-dj\/mezcladora-reloop-mod-rmx-10-bt\/#primaryimage","url":"https:\/\/www.mexicanguitarplayers.com\/wp-content\/uploads\/2022\/08\/IARELRMX10BT.jpg","contentUrl":"https:\/\/www.mexicanguitarplayers.com\/wp-content\/uploads\/2022\/08\/IARELRMX10BT.jpg","width":1200,"height":1200},{"@type":"BreadcrumbList","@id":"https:\/\/www.mexicanguitarplayers.com\/tienda\/audio\/equipo-de-dj\/mezcladoras-para-dj\/mezcladora-reloop-mod-rmx-10-bt\/#breadcrumb","itemListElement":[{"@type":"ListItem","position":1,"name":"Portada","item":"https:\/\/www.mexicanguitarplayers.com\/"},{"@type":"ListItem","position":2,"name":"Tienda","item":"https:\/\/www.mexicanguitarplayers.com\/tienda\/"},{"@type":"ListItem","position":3,"name":"MEZCLADORA RELOOP MOD. RMX-10 BT"}]},{"@type":"WebSite","@id":"https:\/\/www.mexicanguitarplayers.com\/#website","url":"https:\/\/www.mexicanguitarplayers.com\/","name":"Mexican Guitar Players","description":"Website","publisher":{"@id":"https:\/\/www.mexicanguitarplayers.com\/#organization"},"potentialAction":[{"@type":"SearchAction","target":{"@type":"EntryPoint","urlTemplate":"https:\/\/www.mexicanguitarplayers.com\/?s={search_term_string}"},"query-input":{"@type":"PropertyValueSpecification","valueRequired":true,"valueName":"search_term_string"}}],"inLanguage":"en-US"},{"@type":"Organization","@id":"https:\/\/www.mexicanguitarplayers.com\/#organization","name":"Mexican Guitar Players","url":"https:\/\/www.mexicanguitarplayers.com\/","logo":{"@type":"ImageObject","inLanguage":"en-US","@id":"https:\/\/www.mexicanguitarplayers.com\/#\/schema\/logo\/image\/","url":"","contentUrl":"","caption":"Mexican Guitar Players"},"image":{"@id":"https:\/\/www.mexicanguitarplayers.com\/#\/schema\/logo\/image\/"}}]}},"brands":[{"id":496,"name":"RELOOP","slug":"reloop"}],"_links":{"self":[{"href":"https:\/\/www.mexicanguitarplayers.com\/en\/wp-json\/wp\/v2\/product\/14055","targetHints":{"allow":["GET"]}}],"collection":[{"href":"https:\/\/www.mexicanguitarplayers.com\/en\/wp-json\/wp\/v2\/product"}],"about":[{"href":"https:\/\/www.mexicanguitarplayers.com\/en\/wp-json\/wp\/v2\/types\/product"}],"replies":[{"embeddable":true,"href":"https:\/\/www.mexicanguitarplayers.com\/en\/wp-json\/wp\/v2\/comments?post=14055"}],"wp:featuredmedia":[{"embeddable":true,"href":"https:\/\/www.mexicanguitarplayers.com\/en\/wp-json\/wp\/v2\/media\/14054"}],"wp:attachment":[{"href":"https:\/\/www.mexicanguitarplayers.com\/en\/wp-json\/wp\/v2\/media?parent=14055"}],"wp:term":[{"taxonomy":"pwb-brand","embeddable":true,"href":"https:\/\/www.mexicanguitarplayers.com\/en\/wp-json\/wp\/v2\/pwb-brand?post=14055"},{"taxonomy":"product_brand","embeddable":true,"href":"https:\/\/www.mexicanguitarplayers.com\/en\/wp-json\/wp\/v2\/product_brand?post=14055"},{"taxonomy":"product_cat","embeddable":true,"href":"https:\/\/www.mexicanguitarplayers.com\/en\/wp-json\/wp\/v2\/product_cat?post=14055"},{"taxonomy":"product_tag","embeddable":true,"href":"https:\/\/www.mexicanguitarplayers.com\/en\/wp-json\/wp\/v2\/product_tag?post=14055"}],"curies":[{"name":"wp","href":"https:\/\/api.w.org\/{rel}","templated":true}]}}