{"id":14062,"date":"2022-08-18T14:58:45","date_gmt":"2022-08-18T19:58:45","guid":{"rendered":"https:\/\/www.mexicanguitarplayers.com\/tienda\/sin%20categor\u00eda\/capsula-fonocaptora-reloop-stylus-black\/"},"modified":"2026-05-01T07:41:46","modified_gmt":"2026-05-01T13:41:46","slug":"capsula-fonocaptora-reloop-stylus-black","status":"publish","type":"product","link":"https:\/\/www.mexicanguitarplayers.com\/en\/tienda\/accesorios\/de-dj\/agujas-y-cabezales\/capsula-fonocaptora-reloop-stylus-black\/","title":{"rendered":"RELOOP STYLUS BLACK PHONOCAPS"},"content":{"rendered":"<div style=\"text-align: justify\">\n<div>\n<h3>RELOOP STYLUS BLACK PHONOCAPS<\/h3>\n<\/div>\n<div>Stylus Black stylus, complete cartridge system with many applications, balanced sound, slightly accentuated bass range, can also be used for scratching, special ball stylus, low vinyl wear, easy tonearm installation via direct SME mounting, made by Ortofon, Frequency Range: 20Hz - 18kHz, Output Voltage (5cm\/s): 5mV, Tracking Force Range: 3-5g, Recommended Tracking Force: 4g, Weight: 18.5g.<\/div>\n<\/div>","protected":false},"excerpt":{"rendered":"<p>Aguja fonocaptora Stylus Black, sistema de cartucho completo con muchas aplicaciones, sonido equilibrado, ligera acentuaci\u00f3n de la gama de graves, tambi\u00e9n se puede usar para scratching, aguja esf\u00e9rica especial, desgaste bajo del vinilo, f\u00e1cil instalaci\u00f3n del brazo mediante montaje directo SME, hecho por Ortofon, rango de frecuencia: 20 Hz &#8211; 18 kHz, voltaje de salida (5 cm\/s): 5 mV, rango de fuerza de seguimiento: 3 &#8211; 5 g, fuerza de seguimiento recomendada: 4 g, peso: 18.5 g.&hellip; <a class=\"kt-excerpt-readmore more-link\" href=\"https:\/\/www.mexicanguitarplayers.com\/en\/tienda\/accesorios\/de-dj\/agujas-y-cabezales\/capsula-fonocaptora-reloop-stylus-black\/\">Read more<\/a><\/p>","protected":false},"featured_media":14058,"comment_status":"open","ping_status":"closed","template":"","meta":{"kt_blocks_editor_width":""},"pwb-brand":[496],"product_brand":[],"product_cat":[85,486,485],"product_tag":[],"class_list":{"0":"post-14062","1":"product","2":"type-product","3":"status-publish","4":"has-post-thumbnail","6":"pwb-brand-reloop","7":"product_cat-accesorios","8":"product_cat-agujas-y-cabezales","9":"product_cat-de-dj","10":"product_shipping_class-0-5-kg","12":"first","13":"instock","14":"taxable","15":"shipping-taxable","16":"purchasable","17":"product-type-simple"},"yoast_head":"<!-- This site is optimized with the Yoast SEO plugin v27.5 - https:\/\/yoast.com\/product\/yoast-seo-wordpress\/ -->\n<title>CAPSULA FONOCAPTORA RELOOP STYLUS BLACK - Mexican Guitar Players<\/title>\n<meta name=\"description\" content=\"CAPSULA FONOCAPTORA RELOOP STYLUS BLACK. Aguja fonocaptora Stylus Black, sistema de cartucho completo con muchas aplicaciones, sonido equilibrado, ligera acentuaci\u00f3n de la gama de graves, tambi\u00e9n se puede usar para scratching, aguja esf\u00e9rica especial, desgaste bajo del vinilo, f\u00e1cil instalaci\u00f3n del brazo mediante montaje directo SME, hecho por Ortofon, rango de frecuencia: 20 Hz - 18 kHz, voltaje de salida (5 cm\/s): 5 mV, rango de fuerza de seguimiento: 3 - 5 g, fuerza de seguimiento recomendada: 4 g, peso: 18.5 g.\" \/>\n<meta name=\"robots\" content=\"index, follow, max-snippet:-1, max-image-preview:large, max-video-preview:-1\" \/>\n<link rel=\"canonical\" href=\"https:\/\/www.mexicanguitarplayers.com\/en\/tienda\/accesorios\/de-dj\/agujas-y-cabezales\/capsula-fonocaptora-reloop-stylus-black\/\" \/>\n<meta property=\"og:locale\" content=\"en_US\" \/>\n<meta property=\"og:type\" content=\"article\" \/>\n<meta property=\"og:title\" content=\"CAPSULA FONOCAPTORA RELOOP STYLUS BLACK - Mexican Guitar Players\" \/>\n<meta property=\"og:description\" content=\"CAPSULA FONOCAPTORA RELOOP STYLUS BLACK. Aguja fonocaptora Stylus Black, sistema de cartucho completo con muchas aplicaciones, sonido equilibrado, ligera acentuaci\u00f3n de la gama de graves, tambi\u00e9n se puede usar para scratching, aguja esf\u00e9rica especial, desgaste bajo del vinilo, f\u00e1cil instalaci\u00f3n del brazo mediante montaje directo SME, hecho por Ortofon, rango de frecuencia: 20 Hz - 18 kHz, voltaje de salida (5 cm\/s): 5 mV, rango de fuerza de seguimiento: 3 - 5 g, fuerza de seguimiento recomendada: 4 g, peso: 18.5 g.\" \/>\n<meta property=\"og:url\" content=\"https:\/\/www.mexicanguitarplayers.com\/en\/tienda\/accesorios\/de-dj\/agujas-y-cabezales\/capsula-fonocaptora-reloop-stylus-black\/\" \/>\n<meta property=\"og:site_name\" content=\"Mexican Guitar Players\" \/>\n<meta property=\"article:modified_time\" content=\"2026-05-01T13:41:46+00:00\" \/>\n<meta property=\"og:image\" content=\"https:\/\/www.mexicanguitarplayers.com\/wp-content\/uploads\/2022\/08\/IARELSTYLUSBLK.jpg\" \/>\n\t<meta property=\"og:image:width\" content=\"1200\" \/>\n\t<meta property=\"og:image:height\" content=\"1200\" \/>\n\t<meta property=\"og:image:type\" content=\"image\/jpeg\" \/>\n<meta name=\"twitter:card\" content=\"summary_large_image\" \/>\n<script type=\"application\/ld+json\" class=\"yoast-schema-graph\">{\"@context\":\"https:\\\/\\\/schema.org\",\"@graph\":[{\"@type\":[\"WebPage\",\"ItemPage\"],\"@id\":\"https:\\\/\\\/www.mexicanguitarplayers.com\\\/tienda\\\/accesorios\\\/de-dj\\\/agujas-y-cabezales\\\/capsula-fonocaptora-reloop-stylus-black\\\/\",\"url\":\"https:\\\/\\\/www.mexicanguitarplayers.com\\\/tienda\\\/accesorios\\\/de-dj\\\/agujas-y-cabezales\\\/capsula-fonocaptora-reloop-stylus-black\\\/\",\"name\":\"CAPSULA FONOCAPTORA RELOOP STYLUS BLACK - Mexican Guitar Players\",\"isPartOf\":{\"@id\":\"https:\\\/\\\/www.mexicanguitarplayers.com\\\/#website\"},\"primaryImageOfPage\":{\"@id\":\"https:\\\/\\\/www.mexicanguitarplayers.com\\\/tienda\\\/accesorios\\\/de-dj\\\/agujas-y-cabezales\\\/capsula-fonocaptora-reloop-stylus-black\\\/#primaryimage\"},\"image\":{\"@id\":\"https:\\\/\\\/www.mexicanguitarplayers.com\\\/tienda\\\/accesorios\\\/de-dj\\\/agujas-y-cabezales\\\/capsula-fonocaptora-reloop-stylus-black\\\/#primaryimage\"},\"thumbnailUrl\":\"https:\\\/\\\/www.mexicanguitarplayers.com\\\/wp-content\\\/uploads\\\/2022\\\/08\\\/IARELSTYLUSBLK.jpg\",\"datePublished\":\"2022-08-18T19:58:45+00:00\",\"dateModified\":\"2026-05-01T13:41:46+00:00\",\"description\":\"CAPSULA FONOCAPTORA RELOOP STYLUS BLACK. Aguja fonocaptora Stylus Black, sistema de cartucho completo con muchas aplicaciones, sonido equilibrado, ligera acentuaci\u00f3n de la gama de graves, tambi\u00e9n se puede usar para scratching, aguja esf\u00e9rica especial, desgaste bajo del vinilo, f\u00e1cil instalaci\u00f3n del brazo mediante montaje directo SME, hecho por Ortofon, rango de frecuencia: 20 Hz - 18 kHz, voltaje de salida (5 cm\\\/s): 5 mV, rango de fuerza de seguimiento: 3 - 5 g, fuerza de seguimiento recomendada: 4 g, peso: 18.5 g.\",\"breadcrumb\":{\"@id\":\"https:\\\/\\\/www.mexicanguitarplayers.com\\\/tienda\\\/accesorios\\\/de-dj\\\/agujas-y-cabezales\\\/capsula-fonocaptora-reloop-stylus-black\\\/#breadcrumb\"},\"inLanguage\":\"en-US\",\"potentialAction\":[{\"@type\":\"ReadAction\",\"target\":[\"https:\\\/\\\/www.mexicanguitarplayers.com\\\/tienda\\\/accesorios\\\/de-dj\\\/agujas-y-cabezales\\\/capsula-fonocaptora-reloop-stylus-black\\\/\"]}]},{\"@type\":\"ImageObject\",\"inLanguage\":\"en-US\",\"@id\":\"https:\\\/\\\/www.mexicanguitarplayers.com\\\/tienda\\\/accesorios\\\/de-dj\\\/agujas-y-cabezales\\\/capsula-fonocaptora-reloop-stylus-black\\\/#primaryimage\",\"url\":\"https:\\\/\\\/www.mexicanguitarplayers.com\\\/wp-content\\\/uploads\\\/2022\\\/08\\\/IARELSTYLUSBLK.jpg\",\"contentUrl\":\"https:\\\/\\\/www.mexicanguitarplayers.com\\\/wp-content\\\/uploads\\\/2022\\\/08\\\/IARELSTYLUSBLK.jpg\",\"width\":1200,\"height\":1200},{\"@type\":\"BreadcrumbList\",\"@id\":\"https:\\\/\\\/www.mexicanguitarplayers.com\\\/tienda\\\/accesorios\\\/de-dj\\\/agujas-y-cabezales\\\/capsula-fonocaptora-reloop-stylus-black\\\/#breadcrumb\",\"itemListElement\":[{\"@type\":\"ListItem\",\"position\":1,\"name\":\"Portada\",\"item\":\"https:\\\/\\\/www.mexicanguitarplayers.com\\\/\"},{\"@type\":\"ListItem\",\"position\":2,\"name\":\"Tienda\",\"item\":\"https:\\\/\\\/www.mexicanguitarplayers.com\\\/tienda\\\/\"},{\"@type\":\"ListItem\",\"position\":3,\"name\":\"CAPSULA FONOCAPTORA RELOOP STYLUS BLACK\"}]},{\"@type\":\"WebSite\",\"@id\":\"https:\\\/\\\/www.mexicanguitarplayers.com\\\/#website\",\"url\":\"https:\\\/\\\/www.mexicanguitarplayers.com\\\/\",\"name\":\"Mexican Guitar Players\",\"description\":\"Website\",\"publisher\":{\"@id\":\"https:\\\/\\\/www.mexicanguitarplayers.com\\\/#organization\"},\"potentialAction\":[{\"@type\":\"SearchAction\",\"target\":{\"@type\":\"EntryPoint\",\"urlTemplate\":\"https:\\\/\\\/www.mexicanguitarplayers.com\\\/?s={search_term_string}\"},\"query-input\":{\"@type\":\"PropertyValueSpecification\",\"valueRequired\":true,\"valueName\":\"search_term_string\"}}],\"inLanguage\":\"en-US\"},{\"@type\":\"Organization\",\"@id\":\"https:\\\/\\\/www.mexicanguitarplayers.com\\\/#organization\",\"name\":\"Mexican Guitar Players\",\"url\":\"https:\\\/\\\/www.mexicanguitarplayers.com\\\/\",\"logo\":{\"@type\":\"ImageObject\",\"inLanguage\":\"en-US\",\"@id\":\"https:\\\/\\\/www.mexicanguitarplayers.com\\\/#\\\/schema\\\/logo\\\/image\\\/\",\"url\":\"\",\"contentUrl\":\"\",\"caption\":\"Mexican Guitar Players\"},\"image\":{\"@id\":\"https:\\\/\\\/www.mexicanguitarplayers.com\\\/#\\\/schema\\\/logo\\\/image\\\/\"}}]}<\/script>\n<!-- \/ Yoast SEO plugin. -->","yoast_head_json":{"title":"CAPSULA FONOCAPTORA RELOOP STYLUS BLACK - Mexican Guitar Players","description":"CAPSULA FONOCAPTORA RELOOP STYLUS BLACK. Aguja fonocaptora Stylus Black, sistema de cartucho completo con muchas aplicaciones, sonido equilibrado, ligera acentuaci\u00f3n de la gama de graves, tambi\u00e9n se puede usar para scratching, aguja esf\u00e9rica especial, desgaste bajo del vinilo, f\u00e1cil instalaci\u00f3n del brazo mediante montaje directo SME, hecho por Ortofon, rango de frecuencia: 20 Hz - 18 kHz, voltaje de salida (5 cm\/s): 5 mV, rango de fuerza de seguimiento: 3 - 5 g, fuerza de seguimiento recomendada: 4 g, peso: 18.5 g.","robots":{"index":"index","follow":"follow","max-snippet":"max-snippet:-1","max-image-preview":"max-image-preview:large","max-video-preview":"max-video-preview:-1"},"canonical":"https:\/\/www.mexicanguitarplayers.com\/en\/tienda\/accesorios\/de-dj\/agujas-y-cabezales\/capsula-fonocaptora-reloop-stylus-black\/","og_locale":"en_US","og_type":"article","og_title":"CAPSULA FONOCAPTORA RELOOP STYLUS BLACK - Mexican Guitar Players","og_description":"CAPSULA FONOCAPTORA RELOOP STYLUS BLACK. Aguja fonocaptora Stylus Black, sistema de cartucho completo con muchas aplicaciones, sonido equilibrado, ligera acentuaci\u00f3n de la gama de graves, tambi\u00e9n se puede usar para scratching, aguja esf\u00e9rica especial, desgaste bajo del vinilo, f\u00e1cil instalaci\u00f3n del brazo mediante montaje directo SME, hecho por Ortofon, rango de frecuencia: 20 Hz - 18 kHz, voltaje de salida (5 cm\/s): 5 mV, rango de fuerza de seguimiento: 3 - 5 g, fuerza de seguimiento recomendada: 4 g, peso: 18.5 g.","og_url":"https:\/\/www.mexicanguitarplayers.com\/en\/tienda\/accesorios\/de-dj\/agujas-y-cabezales\/capsula-fonocaptora-reloop-stylus-black\/","og_site_name":"Mexican Guitar Players","article_modified_time":"2026-05-01T13:41:46+00:00","og_image":[{"width":1200,"height":1200,"url":"https:\/\/www.mexicanguitarplayers.com\/wp-content\/uploads\/2022\/08\/IARELSTYLUSBLK.jpg","type":"image\/jpeg"}],"twitter_card":"summary_large_image","schema":{"@context":"https:\/\/schema.org","@graph":[{"@type":["WebPage","ItemPage"],"@id":"https:\/\/www.mexicanguitarplayers.com\/tienda\/accesorios\/de-dj\/agujas-y-cabezales\/capsula-fonocaptora-reloop-stylus-black\/","url":"https:\/\/www.mexicanguitarplayers.com\/tienda\/accesorios\/de-dj\/agujas-y-cabezales\/capsula-fonocaptora-reloop-stylus-black\/","name":"CAPSULA FONOCAPTORA RELOOP STYLUS BLACK - Mexican Guitar Players","isPartOf":{"@id":"https:\/\/www.mexicanguitarplayers.com\/#website"},"primaryImageOfPage":{"@id":"https:\/\/www.mexicanguitarplayers.com\/tienda\/accesorios\/de-dj\/agujas-y-cabezales\/capsula-fonocaptora-reloop-stylus-black\/#primaryimage"},"image":{"@id":"https:\/\/www.mexicanguitarplayers.com\/tienda\/accesorios\/de-dj\/agujas-y-cabezales\/capsula-fonocaptora-reloop-stylus-black\/#primaryimage"},"thumbnailUrl":"https:\/\/www.mexicanguitarplayers.com\/wp-content\/uploads\/2022\/08\/IARELSTYLUSBLK.jpg","datePublished":"2022-08-18T19:58:45+00:00","dateModified":"2026-05-01T13:41:46+00:00","description":"CAPSULA FONOCAPTORA RELOOP STYLUS BLACK. Aguja fonocaptora Stylus Black, sistema de cartucho completo con muchas aplicaciones, sonido equilibrado, ligera acentuaci\u00f3n de la gama de graves, tambi\u00e9n se puede usar para scratching, aguja esf\u00e9rica especial, desgaste bajo del vinilo, f\u00e1cil instalaci\u00f3n del brazo mediante montaje directo SME, hecho por Ortofon, rango de frecuencia: 20 Hz - 18 kHz, voltaje de salida (5 cm\/s): 5 mV, rango de fuerza de seguimiento: 3 - 5 g, fuerza de seguimiento recomendada: 4 g, peso: 18.5 g.","breadcrumb":{"@id":"https:\/\/www.mexicanguitarplayers.com\/tienda\/accesorios\/de-dj\/agujas-y-cabezales\/capsula-fonocaptora-reloop-stylus-black\/#breadcrumb"},"inLanguage":"en-US","potentialAction":[{"@type":"ReadAction","target":["https:\/\/www.mexicanguitarplayers.com\/tienda\/accesorios\/de-dj\/agujas-y-cabezales\/capsula-fonocaptora-reloop-stylus-black\/"]}]},{"@type":"ImageObject","inLanguage":"en-US","@id":"https:\/\/www.mexicanguitarplayers.com\/tienda\/accesorios\/de-dj\/agujas-y-cabezales\/capsula-fonocaptora-reloop-stylus-black\/#primaryimage","url":"https:\/\/www.mexicanguitarplayers.com\/wp-content\/uploads\/2022\/08\/IARELSTYLUSBLK.jpg","contentUrl":"https:\/\/www.mexicanguitarplayers.com\/wp-content\/uploads\/2022\/08\/IARELSTYLUSBLK.jpg","width":1200,"height":1200},{"@type":"BreadcrumbList","@id":"https:\/\/www.mexicanguitarplayers.com\/tienda\/accesorios\/de-dj\/agujas-y-cabezales\/capsula-fonocaptora-reloop-stylus-black\/#breadcrumb","itemListElement":[{"@type":"ListItem","position":1,"name":"Portada","item":"https:\/\/www.mexicanguitarplayers.com\/"},{"@type":"ListItem","position":2,"name":"Tienda","item":"https:\/\/www.mexicanguitarplayers.com\/tienda\/"},{"@type":"ListItem","position":3,"name":"CAPSULA FONOCAPTORA RELOOP STYLUS BLACK"}]},{"@type":"WebSite","@id":"https:\/\/www.mexicanguitarplayers.com\/#website","url":"https:\/\/www.mexicanguitarplayers.com\/","name":"Mexican Guitar Players","description":"Website","publisher":{"@id":"https:\/\/www.mexicanguitarplayers.com\/#organization"},"potentialAction":[{"@type":"SearchAction","target":{"@type":"EntryPoint","urlTemplate":"https:\/\/www.mexicanguitarplayers.com\/?s={search_term_string}"},"query-input":{"@type":"PropertyValueSpecification","valueRequired":true,"valueName":"search_term_string"}}],"inLanguage":"en-US"},{"@type":"Organization","@id":"https:\/\/www.mexicanguitarplayers.com\/#organization","name":"Mexican Guitar Players","url":"https:\/\/www.mexicanguitarplayers.com\/","logo":{"@type":"ImageObject","inLanguage":"en-US","@id":"https:\/\/www.mexicanguitarplayers.com\/#\/schema\/logo\/image\/","url":"","contentUrl":"","caption":"Mexican Guitar Players"},"image":{"@id":"https:\/\/www.mexicanguitarplayers.com\/#\/schema\/logo\/image\/"}}]}},"brands":[{"id":496,"name":"RELOOP","slug":"reloop"}],"_links":{"self":[{"href":"https:\/\/www.mexicanguitarplayers.com\/en\/wp-json\/wp\/v2\/product\/14062","targetHints":{"allow":["GET"]}}],"collection":[{"href":"https:\/\/www.mexicanguitarplayers.com\/en\/wp-json\/wp\/v2\/product"}],"about":[{"href":"https:\/\/www.mexicanguitarplayers.com\/en\/wp-json\/wp\/v2\/types\/product"}],"replies":[{"embeddable":true,"href":"https:\/\/www.mexicanguitarplayers.com\/en\/wp-json\/wp\/v2\/comments?post=14062"}],"wp:featuredmedia":[{"embeddable":true,"href":"https:\/\/www.mexicanguitarplayers.com\/en\/wp-json\/wp\/v2\/media\/14058"}],"wp:attachment":[{"href":"https:\/\/www.mexicanguitarplayers.com\/en\/wp-json\/wp\/v2\/media?parent=14062"}],"wp:term":[{"taxonomy":"pwb-brand","embeddable":true,"href":"https:\/\/www.mexicanguitarplayers.com\/en\/wp-json\/wp\/v2\/pwb-brand?post=14062"},{"taxonomy":"product_brand","embeddable":true,"href":"https:\/\/www.mexicanguitarplayers.com\/en\/wp-json\/wp\/v2\/product_brand?post=14062"},{"taxonomy":"product_cat","embeddable":true,"href":"https:\/\/www.mexicanguitarplayers.com\/en\/wp-json\/wp\/v2\/product_cat?post=14062"},{"taxonomy":"product_tag","embeddable":true,"href":"https:\/\/www.mexicanguitarplayers.com\/en\/wp-json\/wp\/v2\/product_tag?post=14062"}],"curies":[{"name":"wp","href":"https:\/\/api.w.org\/{rel}","templated":true}]}}