{"id":14084,"date":"2022-08-18T14:59:30","date_gmt":"2022-08-18T19:59:30","guid":{"rendered":"https:\/\/www.mexicanguitarplayers.com\/tienda\/sin%20categor\u00eda\/controlador-reloop-d-grabacion-tape-2\/"},"modified":"2026-04-10T05:10:21","modified_gmt":"2026-04-10T11:10:21","slug":"controlador-reloop-d-grabacion-tape-2","status":"publish","type":"product","link":"https:\/\/www.mexicanguitarplayers.com\/en\/tienda\/audio\/interfaces\/controlador-reloop-d-grabacion-tape-2\/","title":{"rendered":"RELOOP D CONTROLLER\/TAPE 2 RECORDING"},"content":{"rendered":"<div style=\"text-align: justify\">\n<div>\n<h3>RELOOP D CONTROLLER\/TAPE 2 RECORDING<\/h3>\n<\/div>\n<div>Cassette-Look Portable Audio Recorder, Easily record your mix to microSD with the push of a button, Selectable recording format: WAV (lossles) or MP3, Built-in rechargeable battery with up to 6 hours of active recording, Line level input and mic level for connection of mixers or dynamic microphones, THRU output for monitoring or connecting headphones or when a separate REC output is available, fail-safe recording without complicated settings, lock and unlock functionality provides protection against stalling during recording, easy operation even in dark environments, input gain control, bi-LED feedback (power\/REC, SE card full, signal\/peak and battery), high-quality 24-bit A\/D converters, slot HiSpeed for microSD cards (class 10 recommended), card reader functionality during active USB connection with a computer, Sync Tool: Software that enables identify recordings with a time stamp, Kensington lock to secure the device, can be charged with any standard mobile power adapter (5V), included sticker sets allow for an individual look, dimensions: 103 x 14 x 65 mm, weight: 59 g, includes an RCA to 3.5 mm stereo mini jack cable, a micro USB cable and three sets of stickers.<\/div>\n<\/div>","protected":false},"excerpt":{"rendered":"<p>Grabador de audio port\u00e1til con aspecto de casete, graba f\u00e1cilmente tu mezcla en microSD con tan s\u00f3lo presionar un bot\u00f3n, formato de grabaci\u00f3n seleccionable: WAV (lossles) o MP3, bater\u00eda recargable integrada con hasta 6 horas de grabaci\u00f3n activa, entrada de nivel de l\u00ednea y nivel de micr\u00f3fono para la conexi\u00f3n de mezcladoras o micr\u00f3fonos din\u00e1micos, salida THRU para monitorear o conectar aud\u00edfonos o cuando hay disponible una salida REC separada, grabaci\u00f3n a prueba de fallas sin ajustes complicados, la funcionalidad de bloqueo y desbloqueo brinda la protecci\u00f3n contra la detenci\u00f3n accidental durante la grabaci\u00f3n, manejo sencillo incluso en entornos oscuros, control de ganancia de entrada, comentarios bi-LED (alimentaci\u00f3n\/REC, tarjeta SE llena, se\u00f1al\/pico y bater\u00eda), conversores A\/D de alta calidad de 24 bits, ranura HiSpeed para tarjetas microSD (se recomienda clase 10), funcionalidad del lector de tarjetas durante la conexi\u00f3n USB activa con una computadora, Sync Tool: Software que permite identificar grabaciones con un sello de tiempo, candado Kensington para asegurar el dispositivo, se puede cargar con cualquier adaptador de corriente m\u00f3vil est\u00e1ndar (5V), los juegos de stickers incluidos permiten una apariencia individualizada, dimensiones: 103 x 14 x 65 mm, peso: 59 g, incluye un cable RCA a mini jack est\u00e9reo de 3.5 mm, un cable micro USB y tres juegos de stickers.&hellip; <a class=\"kt-excerpt-readmore more-link\" href=\"https:\/\/www.mexicanguitarplayers.com\/en\/tienda\/audio\/interfaces\/controlador-reloop-d-grabacion-tape-2\/\">Read more<\/a><\/p>","protected":false},"featured_media":14083,"comment_status":"open","ping_status":"closed","template":"","meta":{"kt_blocks_editor_width":""},"pwb-brand":[496],"product_brand":[],"product_cat":[213,233],"product_tag":[],"class_list":{"0":"post-14084","1":"product","2":"type-product","3":"status-publish","4":"has-post-thumbnail","6":"pwb-brand-reloop","7":"product_cat-audio","8":"product_cat-interfaces","9":"product_shipping_class-0-5-kg","11":"first","12":"outofstock","13":"taxable","14":"shipping-taxable","15":"purchasable","16":"product-type-simple"},"yoast_head":"<!-- This site is optimized with the Yoast SEO plugin v27.5 - https:\/\/yoast.com\/product\/yoast-seo-wordpress\/ -->\n<title>CONTROLADOR RELOOP D\/GRABACION TAPE 2 - Mexican Guitar Players<\/title>\n<meta name=\"description\" content=\"CONTROLADOR RELOOP D\/GRABACION TAPE 2. Grabador de audio port\u00e1til con aspecto de casete, graba f\u00e1cilmente tu mezcla en microSD con tan s\u00f3lo presionar un bot\u00f3n, formato de grabaci\u00f3n seleccionable: WAV (lossles) o MP3, bater\u00eda recargable integrada con hasta 6 horas de grabaci\u00f3n activa, entrada de nivel de l\u00ednea y nivel de micr\u00f3fono para la conexi\u00f3n de mezcladoras o micr\u00f3fonos din\u00e1micos, salida THRU para monitorear o conectar aud\u00edfonos o cuando hay disponible una salida REC separada, grabaci\u00f3n a prueba de fallas sin ajustes complicados, la funcionalidad de bloqueo y desbloqueo brinda la protecci\u00f3n contra la detenci\u00f3n accidental durante la grabaci\u00f3n, manejo sencillo incluso en entornos oscuros, control de ganancia de entrada, comentarios bi-LED (alimentaci\u00f3n\/REC, tarjeta SE llena, se\u00f1al\/pico y bater\u00eda), conversores A\/D de alta calidad de 24 bits, ranura HiSpeed para tarjetas microSD (se recomienda clase 10), funcionalidad del lector de tarjetas durante la conexi\u00f3n USB activa con una computadora, Sync Tool: Software que permite identificar grabaciones con un sello de tiempo, candado Kensington para asegurar el dispositivo, se puede cargar con cualquier adaptador de corriente m\u00f3vil est\u00e1ndar (5V), los juegos de stickers incluidos permiten una apariencia individualizada, dimensiones: 103 x 14 x 65 mm, peso: 59 g, incluye un cable RCA a mini jack est\u00e9reo de 3.5 mm, un cable micro USB y tres juegos de stickers.\" \/>\n<meta name=\"robots\" content=\"index, follow, max-snippet:-1, max-image-preview:large, max-video-preview:-1\" \/>\n<link rel=\"canonical\" href=\"https:\/\/www.mexicanguitarplayers.com\/en\/tienda\/audio\/interfaces\/controlador-reloop-d-grabacion-tape-2\/\" \/>\n<meta property=\"og:locale\" content=\"en_US\" \/>\n<meta property=\"og:type\" content=\"article\" \/>\n<meta property=\"og:title\" content=\"CONTROLADOR RELOOP D\/GRABACION TAPE 2 - Mexican Guitar Players\" \/>\n<meta property=\"og:description\" content=\"CONTROLADOR RELOOP D\/GRABACION TAPE 2. Grabador de audio port\u00e1til con aspecto de casete, graba f\u00e1cilmente tu mezcla en microSD con tan s\u00f3lo presionar un bot\u00f3n, formato de grabaci\u00f3n seleccionable: WAV (lossles) o MP3, bater\u00eda recargable integrada con hasta 6 horas de grabaci\u00f3n activa, entrada de nivel de l\u00ednea y nivel de micr\u00f3fono para la conexi\u00f3n de mezcladoras o micr\u00f3fonos din\u00e1micos, salida THRU para monitorear o conectar aud\u00edfonos o cuando hay disponible una salida REC separada, grabaci\u00f3n a prueba de fallas sin ajustes complicados, la funcionalidad de bloqueo y desbloqueo brinda la protecci\u00f3n contra la detenci\u00f3n accidental durante la grabaci\u00f3n, manejo sencillo incluso en entornos oscuros, control de ganancia de entrada, comentarios bi-LED (alimentaci\u00f3n\/REC, tarjeta SE llena, se\u00f1al\/pico y bater\u00eda), conversores A\/D de alta calidad de 24 bits, ranura HiSpeed para tarjetas microSD (se recomienda clase 10), funcionalidad del lector de tarjetas durante la conexi\u00f3n USB activa con una computadora, Sync Tool: Software que permite identificar grabaciones con un sello de tiempo, candado Kensington para asegurar el dispositivo, se puede cargar con cualquier adaptador de corriente m\u00f3vil est\u00e1ndar (5V), los juegos de stickers incluidos permiten una apariencia individualizada, dimensiones: 103 x 14 x 65 mm, peso: 59 g, incluye un cable RCA a mini jack est\u00e9reo de 3.5 mm, un cable micro USB y tres juegos de stickers.\" \/>\n<meta property=\"og:url\" content=\"https:\/\/www.mexicanguitarplayers.com\/en\/tienda\/audio\/interfaces\/controlador-reloop-d-grabacion-tape-2\/\" \/>\n<meta property=\"og:site_name\" content=\"Mexican Guitar Players\" \/>\n<meta property=\"article:modified_time\" content=\"2026-04-10T11:10:21+00:00\" \/>\n<meta property=\"og:image\" content=\"https:\/\/www.mexicanguitarplayers.com\/wp-content\/uploads\/2022\/08\/IARELTAPE2.jpg\" \/>\n\t<meta property=\"og:image:width\" content=\"1200\" \/>\n\t<meta property=\"og:image:height\" content=\"1200\" \/>\n\t<meta property=\"og:image:type\" content=\"image\/jpeg\" \/>\n<meta name=\"twitter:card\" content=\"summary_large_image\" \/>\n<meta name=\"twitter:label1\" content=\"Est. reading time\" \/>\n\t<meta name=\"twitter:data1\" content=\"1 minute\" \/>\n<script type=\"application\/ld+json\" class=\"yoast-schema-graph\">{\"@context\":\"https:\\\/\\\/schema.org\",\"@graph\":[{\"@type\":[\"WebPage\",\"ItemPage\"],\"@id\":\"https:\\\/\\\/www.mexicanguitarplayers.com\\\/tienda\\\/audio\\\/interfaces\\\/controlador-reloop-d-grabacion-tape-2\\\/\",\"url\":\"https:\\\/\\\/www.mexicanguitarplayers.com\\\/tienda\\\/audio\\\/interfaces\\\/controlador-reloop-d-grabacion-tape-2\\\/\",\"name\":\"CONTROLADOR RELOOP D\\\/GRABACION TAPE 2 - Mexican Guitar Players\",\"isPartOf\":{\"@id\":\"https:\\\/\\\/www.mexicanguitarplayers.com\\\/#website\"},\"primaryImageOfPage\":{\"@id\":\"https:\\\/\\\/www.mexicanguitarplayers.com\\\/tienda\\\/audio\\\/interfaces\\\/controlador-reloop-d-grabacion-tape-2\\\/#primaryimage\"},\"image\":{\"@id\":\"https:\\\/\\\/www.mexicanguitarplayers.com\\\/tienda\\\/audio\\\/interfaces\\\/controlador-reloop-d-grabacion-tape-2\\\/#primaryimage\"},\"thumbnailUrl\":\"https:\\\/\\\/www.mexicanguitarplayers.com\\\/wp-content\\\/uploads\\\/2022\\\/08\\\/IARELTAPE2.jpg\",\"datePublished\":\"2022-08-18T19:59:30+00:00\",\"dateModified\":\"2026-04-10T11:10:21+00:00\",\"description\":\"CONTROLADOR RELOOP D\\\/GRABACION TAPE 2. Grabador de audio port\u00e1til con aspecto de casete, graba f\u00e1cilmente tu mezcla en microSD con tan s\u00f3lo presionar un bot\u00f3n, formato de grabaci\u00f3n seleccionable: WAV (lossles) o MP3, bater\u00eda recargable integrada con hasta 6 horas de grabaci\u00f3n activa, entrada de nivel de l\u00ednea y nivel de micr\u00f3fono para la conexi\u00f3n de mezcladoras o micr\u00f3fonos din\u00e1micos, salida THRU para monitorear o conectar aud\u00edfonos o cuando hay disponible una salida REC separada, grabaci\u00f3n a prueba de fallas sin ajustes complicados, la funcionalidad de bloqueo y desbloqueo brinda la protecci\u00f3n contra la detenci\u00f3n accidental durante la grabaci\u00f3n, manejo sencillo incluso en entornos oscuros, control de ganancia de entrada, comentarios bi-LED (alimentaci\u00f3n\\\/REC, tarjeta SE llena, se\u00f1al\\\/pico y bater\u00eda), conversores A\\\/D de alta calidad de 24 bits, ranura HiSpeed para tarjetas microSD (se recomienda clase 10), funcionalidad del lector de tarjetas durante la conexi\u00f3n USB activa con una computadora, Sync Tool: Software que permite identificar grabaciones con un sello de tiempo, candado Kensington para asegurar el dispositivo, se puede cargar con cualquier adaptador de corriente m\u00f3vil est\u00e1ndar (5V), los juegos de stickers incluidos permiten una apariencia individualizada, dimensiones: 103 x 14 x 65 mm, peso: 59 g, incluye un cable RCA a mini jack est\u00e9reo de 3.5 mm, un cable micro USB y tres juegos de stickers.\",\"breadcrumb\":{\"@id\":\"https:\\\/\\\/www.mexicanguitarplayers.com\\\/tienda\\\/audio\\\/interfaces\\\/controlador-reloop-d-grabacion-tape-2\\\/#breadcrumb\"},\"inLanguage\":\"en-US\",\"potentialAction\":[{\"@type\":\"ReadAction\",\"target\":[\"https:\\\/\\\/www.mexicanguitarplayers.com\\\/tienda\\\/audio\\\/interfaces\\\/controlador-reloop-d-grabacion-tape-2\\\/\"]}]},{\"@type\":\"ImageObject\",\"inLanguage\":\"en-US\",\"@id\":\"https:\\\/\\\/www.mexicanguitarplayers.com\\\/tienda\\\/audio\\\/interfaces\\\/controlador-reloop-d-grabacion-tape-2\\\/#primaryimage\",\"url\":\"https:\\\/\\\/www.mexicanguitarplayers.com\\\/wp-content\\\/uploads\\\/2022\\\/08\\\/IARELTAPE2.jpg\",\"contentUrl\":\"https:\\\/\\\/www.mexicanguitarplayers.com\\\/wp-content\\\/uploads\\\/2022\\\/08\\\/IARELTAPE2.jpg\",\"width\":1200,\"height\":1200},{\"@type\":\"BreadcrumbList\",\"@id\":\"https:\\\/\\\/www.mexicanguitarplayers.com\\\/tienda\\\/audio\\\/interfaces\\\/controlador-reloop-d-grabacion-tape-2\\\/#breadcrumb\",\"itemListElement\":[{\"@type\":\"ListItem\",\"position\":1,\"name\":\"Portada\",\"item\":\"https:\\\/\\\/www.mexicanguitarplayers.com\\\/\"},{\"@type\":\"ListItem\",\"position\":2,\"name\":\"Tienda\",\"item\":\"https:\\\/\\\/www.mexicanguitarplayers.com\\\/tienda\\\/\"},{\"@type\":\"ListItem\",\"position\":3,\"name\":\"CONTROLADOR RELOOP D\\\/GRABACION TAPE 2\"}]},{\"@type\":\"WebSite\",\"@id\":\"https:\\\/\\\/www.mexicanguitarplayers.com\\\/#website\",\"url\":\"https:\\\/\\\/www.mexicanguitarplayers.com\\\/\",\"name\":\"Mexican Guitar Players\",\"description\":\"Website\",\"publisher\":{\"@id\":\"https:\\\/\\\/www.mexicanguitarplayers.com\\\/#organization\"},\"potentialAction\":[{\"@type\":\"SearchAction\",\"target\":{\"@type\":\"EntryPoint\",\"urlTemplate\":\"https:\\\/\\\/www.mexicanguitarplayers.com\\\/?s={search_term_string}\"},\"query-input\":{\"@type\":\"PropertyValueSpecification\",\"valueRequired\":true,\"valueName\":\"search_term_string\"}}],\"inLanguage\":\"en-US\"},{\"@type\":\"Organization\",\"@id\":\"https:\\\/\\\/www.mexicanguitarplayers.com\\\/#organization\",\"name\":\"Mexican Guitar Players\",\"url\":\"https:\\\/\\\/www.mexicanguitarplayers.com\\\/\",\"logo\":{\"@type\":\"ImageObject\",\"inLanguage\":\"en-US\",\"@id\":\"https:\\\/\\\/www.mexicanguitarplayers.com\\\/#\\\/schema\\\/logo\\\/image\\\/\",\"url\":\"\",\"contentUrl\":\"\",\"caption\":\"Mexican Guitar Players\"},\"image\":{\"@id\":\"https:\\\/\\\/www.mexicanguitarplayers.com\\\/#\\\/schema\\\/logo\\\/image\\\/\"}}]}<\/script>\n<!-- \/ Yoast SEO plugin. -->","yoast_head_json":{"title":"CONTROLADOR RELOOP D\/GRABACION TAPE 2 - Mexican Guitar Players","description":"CONTROLADOR RELOOP D\/GRABACION TAPE 2. Grabador de audio port\u00e1til con aspecto de casete, graba f\u00e1cilmente tu mezcla en microSD con tan s\u00f3lo presionar un bot\u00f3n, formato de grabaci\u00f3n seleccionable: WAV (lossles) o MP3, bater\u00eda recargable integrada con hasta 6 horas de grabaci\u00f3n activa, entrada de nivel de l\u00ednea y nivel de micr\u00f3fono para la conexi\u00f3n de mezcladoras o micr\u00f3fonos din\u00e1micos, salida THRU para monitorear o conectar aud\u00edfonos o cuando hay disponible una salida REC separada, grabaci\u00f3n a prueba de fallas sin ajustes complicados, la funcionalidad de bloqueo y desbloqueo brinda la protecci\u00f3n contra la detenci\u00f3n accidental durante la grabaci\u00f3n, manejo sencillo incluso en entornos oscuros, control de ganancia de entrada, comentarios bi-LED (alimentaci\u00f3n\/REC, tarjeta SE llena, se\u00f1al\/pico y bater\u00eda), conversores A\/D de alta calidad de 24 bits, ranura HiSpeed para tarjetas microSD (se recomienda clase 10), funcionalidad del lector de tarjetas durante la conexi\u00f3n USB activa con una computadora, Sync Tool: Software que permite identificar grabaciones con un sello de tiempo, candado Kensington para asegurar el dispositivo, se puede cargar con cualquier adaptador de corriente m\u00f3vil est\u00e1ndar (5V), los juegos de stickers incluidos permiten una apariencia individualizada, dimensiones: 103 x 14 x 65 mm, peso: 59 g, incluye un cable RCA a mini jack est\u00e9reo de 3.5 mm, un cable micro USB y tres juegos de stickers.","robots":{"index":"index","follow":"follow","max-snippet":"max-snippet:-1","max-image-preview":"max-image-preview:large","max-video-preview":"max-video-preview:-1"},"canonical":"https:\/\/www.mexicanguitarplayers.com\/en\/tienda\/audio\/interfaces\/controlador-reloop-d-grabacion-tape-2\/","og_locale":"en_US","og_type":"article","og_title":"CONTROLADOR RELOOP D\/GRABACION TAPE 2 - Mexican Guitar Players","og_description":"CONTROLADOR RELOOP D\/GRABACION TAPE 2. Grabador de audio port\u00e1til con aspecto de casete, graba f\u00e1cilmente tu mezcla en microSD con tan s\u00f3lo presionar un bot\u00f3n, formato de grabaci\u00f3n seleccionable: WAV (lossles) o MP3, bater\u00eda recargable integrada con hasta 6 horas de grabaci\u00f3n activa, entrada de nivel de l\u00ednea y nivel de micr\u00f3fono para la conexi\u00f3n de mezcladoras o micr\u00f3fonos din\u00e1micos, salida THRU para monitorear o conectar aud\u00edfonos o cuando hay disponible una salida REC separada, grabaci\u00f3n a prueba de fallas sin ajustes complicados, la funcionalidad de bloqueo y desbloqueo brinda la protecci\u00f3n contra la detenci\u00f3n accidental durante la grabaci\u00f3n, manejo sencillo incluso en entornos oscuros, control de ganancia de entrada, comentarios bi-LED (alimentaci\u00f3n\/REC, tarjeta SE llena, se\u00f1al\/pico y bater\u00eda), conversores A\/D de alta calidad de 24 bits, ranura HiSpeed para tarjetas microSD (se recomienda clase 10), funcionalidad del lector de tarjetas durante la conexi\u00f3n USB activa con una computadora, Sync Tool: Software que permite identificar grabaciones con un sello de tiempo, candado Kensington para asegurar el dispositivo, se puede cargar con cualquier adaptador de corriente m\u00f3vil est\u00e1ndar (5V), los juegos de stickers incluidos permiten una apariencia individualizada, dimensiones: 103 x 14 x 65 mm, peso: 59 g, incluye un cable RCA a mini jack est\u00e9reo de 3.5 mm, un cable micro USB y tres juegos de stickers.","og_url":"https:\/\/www.mexicanguitarplayers.com\/en\/tienda\/audio\/interfaces\/controlador-reloop-d-grabacion-tape-2\/","og_site_name":"Mexican Guitar Players","article_modified_time":"2026-04-10T11:10:21+00:00","og_image":[{"width":1200,"height":1200,"url":"https:\/\/www.mexicanguitarplayers.com\/wp-content\/uploads\/2022\/08\/IARELTAPE2.jpg","type":"image\/jpeg"}],"twitter_card":"summary_large_image","twitter_misc":{"Est. reading time":"1 minute"},"schema":{"@context":"https:\/\/schema.org","@graph":[{"@type":["WebPage","ItemPage"],"@id":"https:\/\/www.mexicanguitarplayers.com\/tienda\/audio\/interfaces\/controlador-reloop-d-grabacion-tape-2\/","url":"https:\/\/www.mexicanguitarplayers.com\/tienda\/audio\/interfaces\/controlador-reloop-d-grabacion-tape-2\/","name":"CONTROLADOR RELOOP D\/GRABACION TAPE 2 - Mexican Guitar Players","isPartOf":{"@id":"https:\/\/www.mexicanguitarplayers.com\/#website"},"primaryImageOfPage":{"@id":"https:\/\/www.mexicanguitarplayers.com\/tienda\/audio\/interfaces\/controlador-reloop-d-grabacion-tape-2\/#primaryimage"},"image":{"@id":"https:\/\/www.mexicanguitarplayers.com\/tienda\/audio\/interfaces\/controlador-reloop-d-grabacion-tape-2\/#primaryimage"},"thumbnailUrl":"https:\/\/www.mexicanguitarplayers.com\/wp-content\/uploads\/2022\/08\/IARELTAPE2.jpg","datePublished":"2022-08-18T19:59:30+00:00","dateModified":"2026-04-10T11:10:21+00:00","description":"CONTROLADOR RELOOP D\/GRABACION TAPE 2. Grabador de audio port\u00e1til con aspecto de casete, graba f\u00e1cilmente tu mezcla en microSD con tan s\u00f3lo presionar un bot\u00f3n, formato de grabaci\u00f3n seleccionable: WAV (lossles) o MP3, bater\u00eda recargable integrada con hasta 6 horas de grabaci\u00f3n activa, entrada de nivel de l\u00ednea y nivel de micr\u00f3fono para la conexi\u00f3n de mezcladoras o micr\u00f3fonos din\u00e1micos, salida THRU para monitorear o conectar aud\u00edfonos o cuando hay disponible una salida REC separada, grabaci\u00f3n a prueba de fallas sin ajustes complicados, la funcionalidad de bloqueo y desbloqueo brinda la protecci\u00f3n contra la detenci\u00f3n accidental durante la grabaci\u00f3n, manejo sencillo incluso en entornos oscuros, control de ganancia de entrada, comentarios bi-LED (alimentaci\u00f3n\/REC, tarjeta SE llena, se\u00f1al\/pico y bater\u00eda), conversores A\/D de alta calidad de 24 bits, ranura HiSpeed para tarjetas microSD (se recomienda clase 10), funcionalidad del lector de tarjetas durante la conexi\u00f3n USB activa con una computadora, Sync Tool: Software que permite identificar grabaciones con un sello de tiempo, candado Kensington para asegurar el dispositivo, se puede cargar con cualquier adaptador de corriente m\u00f3vil est\u00e1ndar (5V), los juegos de stickers incluidos permiten una apariencia individualizada, dimensiones: 103 x 14 x 65 mm, peso: 59 g, incluye un cable RCA a mini jack est\u00e9reo de 3.5 mm, un cable micro USB y tres juegos de stickers.","breadcrumb":{"@id":"https:\/\/www.mexicanguitarplayers.com\/tienda\/audio\/interfaces\/controlador-reloop-d-grabacion-tape-2\/#breadcrumb"},"inLanguage":"en-US","potentialAction":[{"@type":"ReadAction","target":["https:\/\/www.mexicanguitarplayers.com\/tienda\/audio\/interfaces\/controlador-reloop-d-grabacion-tape-2\/"]}]},{"@type":"ImageObject","inLanguage":"en-US","@id":"https:\/\/www.mexicanguitarplayers.com\/tienda\/audio\/interfaces\/controlador-reloop-d-grabacion-tape-2\/#primaryimage","url":"https:\/\/www.mexicanguitarplayers.com\/wp-content\/uploads\/2022\/08\/IARELTAPE2.jpg","contentUrl":"https:\/\/www.mexicanguitarplayers.com\/wp-content\/uploads\/2022\/08\/IARELTAPE2.jpg","width":1200,"height":1200},{"@type":"BreadcrumbList","@id":"https:\/\/www.mexicanguitarplayers.com\/tienda\/audio\/interfaces\/controlador-reloop-d-grabacion-tape-2\/#breadcrumb","itemListElement":[{"@type":"ListItem","position":1,"name":"Portada","item":"https:\/\/www.mexicanguitarplayers.com\/"},{"@type":"ListItem","position":2,"name":"Tienda","item":"https:\/\/www.mexicanguitarplayers.com\/tienda\/"},{"@type":"ListItem","position":3,"name":"CONTROLADOR RELOOP D\/GRABACION TAPE 2"}]},{"@type":"WebSite","@id":"https:\/\/www.mexicanguitarplayers.com\/#website","url":"https:\/\/www.mexicanguitarplayers.com\/","name":"Mexican Guitar Players","description":"Website","publisher":{"@id":"https:\/\/www.mexicanguitarplayers.com\/#organization"},"potentialAction":[{"@type":"SearchAction","target":{"@type":"EntryPoint","urlTemplate":"https:\/\/www.mexicanguitarplayers.com\/?s={search_term_string}"},"query-input":{"@type":"PropertyValueSpecification","valueRequired":true,"valueName":"search_term_string"}}],"inLanguage":"en-US"},{"@type":"Organization","@id":"https:\/\/www.mexicanguitarplayers.com\/#organization","name":"Mexican Guitar Players","url":"https:\/\/www.mexicanguitarplayers.com\/","logo":{"@type":"ImageObject","inLanguage":"en-US","@id":"https:\/\/www.mexicanguitarplayers.com\/#\/schema\/logo\/image\/","url":"","contentUrl":"","caption":"Mexican Guitar Players"},"image":{"@id":"https:\/\/www.mexicanguitarplayers.com\/#\/schema\/logo\/image\/"}}]}},"brands":[{"id":496,"name":"RELOOP","slug":"reloop"}],"_links":{"self":[{"href":"https:\/\/www.mexicanguitarplayers.com\/en\/wp-json\/wp\/v2\/product\/14084","targetHints":{"allow":["GET"]}}],"collection":[{"href":"https:\/\/www.mexicanguitarplayers.com\/en\/wp-json\/wp\/v2\/product"}],"about":[{"href":"https:\/\/www.mexicanguitarplayers.com\/en\/wp-json\/wp\/v2\/types\/product"}],"replies":[{"embeddable":true,"href":"https:\/\/www.mexicanguitarplayers.com\/en\/wp-json\/wp\/v2\/comments?post=14084"}],"wp:featuredmedia":[{"embeddable":true,"href":"https:\/\/www.mexicanguitarplayers.com\/en\/wp-json\/wp\/v2\/media\/14083"}],"wp:attachment":[{"href":"https:\/\/www.mexicanguitarplayers.com\/en\/wp-json\/wp\/v2\/media?parent=14084"}],"wp:term":[{"taxonomy":"pwb-brand","embeddable":true,"href":"https:\/\/www.mexicanguitarplayers.com\/en\/wp-json\/wp\/v2\/pwb-brand?post=14084"},{"taxonomy":"product_brand","embeddable":true,"href":"https:\/\/www.mexicanguitarplayers.com\/en\/wp-json\/wp\/v2\/product_brand?post=14084"},{"taxonomy":"product_cat","embeddable":true,"href":"https:\/\/www.mexicanguitarplayers.com\/en\/wp-json\/wp\/v2\/product_cat?post=14084"},{"taxonomy":"product_tag","embeddable":true,"href":"https:\/\/www.mexicanguitarplayers.com\/en\/wp-json\/wp\/v2\/product_tag?post=14084"}],"curies":[{"name":"wp","href":"https:\/\/api.w.org\/{rel}","templated":true}]}}