{"id":14123,"date":"2022-08-18T15:00:46","date_gmt":"2022-08-18T20:00:46","guid":{"rendered":"https:\/\/www.mexicanguitarplayers.com\/tienda\/sin%20categor\u00eda\/bafle-turbosound-subwoofer-mod-ip15b\/"},"modified":"2026-02-18T04:27:15","modified_gmt":"2026-02-18T10:27:15","slug":"bafle-turbosound-subwoofer-mod-ip15b","status":"publish","type":"product","link":"https:\/\/www.mexicanguitarplayers.com\/en\/tienda\/audio\/bafles-y-bocinas\/bafles\/bafles-activos\/bafle-turbosound-subwoofer-mod-ip15b\/","title":{"rendered":"SUBWOOFER TURBOSOUND SPEAKER MOD. IP15B"},"content":{"rendered":"<div style=\"text-align: justify; list-style: circle;\">\n<div>\n<h3>SUBWOOFER TURBOSOUND SPEAKER MOD. IP15B<\/h3>\n<\/div>\n<div>15\u201d active Front Loaded subwoofer, 600-watt high-excursion, low-distortion speaker, 2 x 200-watt amplifiers included for satellite speakers, total power: 1000 watts, Klark Teknik Spatial technology for creating 3D sound environments, presets integrated DSP for typical user applications, class D, simple integrated digital mixer, LCD display, inputs: 2 XLR\/TRS combo, outputs: 2 speakON and 2 XLR (Link).<\/div>\n<\/div>","protected":false},"excerpt":{"rendered":"<p>Subwoofer Front Loaded activo de 15\u201d pulgadas, altavoz de alta excursi\u00f3n y baja distorsi\u00f3n de 600 watts, 2 amplificadores de 200 watts  incluidos para altavoces sat\u00e9lite, potencia total: 1000 watts, tecnolog\u00eda Klark Teknik Spatial para creaci\u00f3n de ambientes de sonido 3D, pre ajustes integrales DSP para aplicaciones t\u00edpicas de usuario, clase D, mezcladora digital sencilla integrada, display LCD, entradas: 2 XLR\/TRS combo, salidas: 2 speakON y 2 XLR (Link).&hellip; <a class=\"kt-excerpt-readmore more-link\" href=\"https:\/\/www.mexicanguitarplayers.com\/en\/tienda\/audio\/bafles-y-bocinas\/bafles\/bafles-activos\/bafle-turbosound-subwoofer-mod-ip15b\/\">Read more<\/a><\/p>","protected":false},"featured_media":14118,"comment_status":"open","ping_status":"closed","template":"","meta":{"kt_blocks_editor_width":""},"pwb-brand":[498],"product_brand":[],"product_cat":[213,222,472,221],"product_tag":[],"class_list":{"0":"post-14123","1":"product","2":"type-product","3":"status-publish","4":"has-post-thumbnail","6":"pwb-brand-turbosound","7":"product_cat-audio","8":"product_cat-bafles","9":"product_cat-bafles-activos","10":"product_cat-bafles-y-bocinas","11":"product_shipping_class-25-30-kg","13":"first","14":"outofstock","15":"taxable","16":"shipping-taxable","17":"purchasable","18":"product-type-simple"},"yoast_head":"<!-- This site is optimized with the Yoast SEO plugin v27.3 - https:\/\/yoast.com\/product\/yoast-seo-wordpress\/ -->\n<title>BAFLE TURBOSOUND SUBWOOFER MOD. IP15B - Mexican Guitar Players<\/title>\n<meta name=\"description\" content=\"BAFLE TURBOSOUND SUBWOOFER MOD. IP15B. Subwoofer Front Loaded activo de 15\u201d pulgadas, altavoz de alta excursi\u00f3n y baja distorsi\u00f3n de 600 watts, 2 amplificadores de 200 watts incluidos para altavoces sat\u00e9lite, potencia total: 1000 watts, tecnolog\u00eda Klark Teknik Spatial para creaci\u00f3n de ambientes de sonido 3D, pre ajustes integrales DSP para aplicaciones t\u00edpicas de usuario, clase D, mezcladora digital sencilla integrada, display LCD, entradas: 2 XLR\/TRS combo, salidas: 2 speakON y 2 XLR (Link).\" \/>\n<meta name=\"robots\" content=\"index, follow, max-snippet:-1, max-image-preview:large, max-video-preview:-1\" \/>\n<link rel=\"canonical\" href=\"https:\/\/www.mexicanguitarplayers.com\/en\/tienda\/audio\/bafles-y-bocinas\/bafles\/bafles-activos\/bafle-turbosound-subwoofer-mod-ip15b\/\" \/>\n<meta property=\"og:locale\" content=\"en_US\" \/>\n<meta property=\"og:type\" content=\"article\" \/>\n<meta property=\"og:title\" content=\"BAFLE TURBOSOUND SUBWOOFER MOD. IP15B - Mexican Guitar Players\" \/>\n<meta property=\"og:description\" content=\"BAFLE TURBOSOUND SUBWOOFER MOD. IP15B. Subwoofer Front Loaded activo de 15\u201d pulgadas, altavoz de alta excursi\u00f3n y baja distorsi\u00f3n de 600 watts, 2 amplificadores de 200 watts incluidos para altavoces sat\u00e9lite, potencia total: 1000 watts, tecnolog\u00eda Klark Teknik Spatial para creaci\u00f3n de ambientes de sonido 3D, pre ajustes integrales DSP para aplicaciones t\u00edpicas de usuario, clase D, mezcladora digital sencilla integrada, display LCD, entradas: 2 XLR\/TRS combo, salidas: 2 speakON y 2 XLR (Link).\" \/>\n<meta property=\"og:url\" content=\"https:\/\/www.mexicanguitarplayers.com\/en\/tienda\/audio\/bafles-y-bocinas\/bafles\/bafles-activos\/bafle-turbosound-subwoofer-mod-ip15b\/\" \/>\n<meta property=\"og:site_name\" content=\"Mexican Guitar Players\" \/>\n<meta property=\"article:modified_time\" content=\"2026-02-18T10:27:15+00:00\" \/>\n<meta property=\"og:image\" content=\"https:\/\/www.mexicanguitarplayers.com\/wp-content\/uploads\/2022\/08\/IATURIP15B.jpg\" \/>\n\t<meta property=\"og:image:width\" content=\"1200\" \/>\n\t<meta property=\"og:image:height\" content=\"1200\" \/>\n\t<meta property=\"og:image:type\" content=\"image\/jpeg\" \/>\n<meta name=\"twitter:card\" content=\"summary_large_image\" \/>\n<script type=\"application\/ld+json\" class=\"yoast-schema-graph\">{\"@context\":\"https:\\\/\\\/schema.org\",\"@graph\":[{\"@type\":[\"WebPage\",\"ItemPage\"],\"@id\":\"https:\\\/\\\/www.mexicanguitarplayers.com\\\/tienda\\\/audio\\\/bafles-y-bocinas\\\/bafles\\\/bafles-activos\\\/bafle-turbosound-subwoofer-mod-ip15b\\\/\",\"url\":\"https:\\\/\\\/www.mexicanguitarplayers.com\\\/tienda\\\/audio\\\/bafles-y-bocinas\\\/bafles\\\/bafles-activos\\\/bafle-turbosound-subwoofer-mod-ip15b\\\/\",\"name\":\"BAFLE TURBOSOUND SUBWOOFER MOD. IP15B - Mexican Guitar Players\",\"isPartOf\":{\"@id\":\"https:\\\/\\\/www.mexicanguitarplayers.com\\\/#website\"},\"primaryImageOfPage\":{\"@id\":\"https:\\\/\\\/www.mexicanguitarplayers.com\\\/tienda\\\/audio\\\/bafles-y-bocinas\\\/bafles\\\/bafles-activos\\\/bafle-turbosound-subwoofer-mod-ip15b\\\/#primaryimage\"},\"image\":{\"@id\":\"https:\\\/\\\/www.mexicanguitarplayers.com\\\/tienda\\\/audio\\\/bafles-y-bocinas\\\/bafles\\\/bafles-activos\\\/bafle-turbosound-subwoofer-mod-ip15b\\\/#primaryimage\"},\"thumbnailUrl\":\"https:\\\/\\\/www.mexicanguitarplayers.com\\\/wp-content\\\/uploads\\\/2022\\\/08\\\/IATURIP15B.jpg\",\"datePublished\":\"2022-08-18T20:00:46+00:00\",\"dateModified\":\"2026-02-18T10:27:15+00:00\",\"description\":\"BAFLE TURBOSOUND SUBWOOFER MOD. IP15B. Subwoofer Front Loaded activo de 15\u201d pulgadas, altavoz de alta excursi\u00f3n y baja distorsi\u00f3n de 600 watts, 2 amplificadores de 200 watts incluidos para altavoces sat\u00e9lite, potencia total: 1000 watts, tecnolog\u00eda Klark Teknik Spatial para creaci\u00f3n de ambientes de sonido 3D, pre ajustes integrales DSP para aplicaciones t\u00edpicas de usuario, clase D, mezcladora digital sencilla integrada, display LCD, entradas: 2 XLR\\\/TRS combo, salidas: 2 speakON y 2 XLR (Link).\",\"breadcrumb\":{\"@id\":\"https:\\\/\\\/www.mexicanguitarplayers.com\\\/tienda\\\/audio\\\/bafles-y-bocinas\\\/bafles\\\/bafles-activos\\\/bafle-turbosound-subwoofer-mod-ip15b\\\/#breadcrumb\"},\"inLanguage\":\"en-US\",\"potentialAction\":[{\"@type\":\"ReadAction\",\"target\":[\"https:\\\/\\\/www.mexicanguitarplayers.com\\\/tienda\\\/audio\\\/bafles-y-bocinas\\\/bafles\\\/bafles-activos\\\/bafle-turbosound-subwoofer-mod-ip15b\\\/\"]}]},{\"@type\":\"ImageObject\",\"inLanguage\":\"en-US\",\"@id\":\"https:\\\/\\\/www.mexicanguitarplayers.com\\\/tienda\\\/audio\\\/bafles-y-bocinas\\\/bafles\\\/bafles-activos\\\/bafle-turbosound-subwoofer-mod-ip15b\\\/#primaryimage\",\"url\":\"https:\\\/\\\/www.mexicanguitarplayers.com\\\/wp-content\\\/uploads\\\/2022\\\/08\\\/IATURIP15B.jpg\",\"contentUrl\":\"https:\\\/\\\/www.mexicanguitarplayers.com\\\/wp-content\\\/uploads\\\/2022\\\/08\\\/IATURIP15B.jpg\",\"width\":1200,\"height\":1200},{\"@type\":\"BreadcrumbList\",\"@id\":\"https:\\\/\\\/www.mexicanguitarplayers.com\\\/tienda\\\/audio\\\/bafles-y-bocinas\\\/bafles\\\/bafles-activos\\\/bafle-turbosound-subwoofer-mod-ip15b\\\/#breadcrumb\",\"itemListElement\":[{\"@type\":\"ListItem\",\"position\":1,\"name\":\"Portada\",\"item\":\"https:\\\/\\\/www.mexicanguitarplayers.com\\\/\"},{\"@type\":\"ListItem\",\"position\":2,\"name\":\"Tienda\",\"item\":\"https:\\\/\\\/www.mexicanguitarplayers.com\\\/tienda\\\/\"},{\"@type\":\"ListItem\",\"position\":3,\"name\":\"BAFLE TURBOSOUND SUBWOOFER MOD. IP15B\"}]},{\"@type\":\"WebSite\",\"@id\":\"https:\\\/\\\/www.mexicanguitarplayers.com\\\/#website\",\"url\":\"https:\\\/\\\/www.mexicanguitarplayers.com\\\/\",\"name\":\"Mexican Guitar Players\",\"description\":\"Website\",\"publisher\":{\"@id\":\"https:\\\/\\\/www.mexicanguitarplayers.com\\\/#organization\"},\"potentialAction\":[{\"@type\":\"SearchAction\",\"target\":{\"@type\":\"EntryPoint\",\"urlTemplate\":\"https:\\\/\\\/www.mexicanguitarplayers.com\\\/?s={search_term_string}\"},\"query-input\":{\"@type\":\"PropertyValueSpecification\",\"valueRequired\":true,\"valueName\":\"search_term_string\"}}],\"inLanguage\":\"en-US\"},{\"@type\":\"Organization\",\"@id\":\"https:\\\/\\\/www.mexicanguitarplayers.com\\\/#organization\",\"name\":\"Mexican Guitar Players\",\"url\":\"https:\\\/\\\/www.mexicanguitarplayers.com\\\/\",\"logo\":{\"@type\":\"ImageObject\",\"inLanguage\":\"en-US\",\"@id\":\"https:\\\/\\\/www.mexicanguitarplayers.com\\\/#\\\/schema\\\/logo\\\/image\\\/\",\"url\":\"\",\"contentUrl\":\"\",\"caption\":\"Mexican Guitar Players\"},\"image\":{\"@id\":\"https:\\\/\\\/www.mexicanguitarplayers.com\\\/#\\\/schema\\\/logo\\\/image\\\/\"}}]}<\/script>\n<!-- \/ Yoast SEO plugin. -->","yoast_head_json":{"title":"BAFLE TURBOSOUND SUBWOOFER MOD. IP15B - Mexican Guitar Players","description":"BAFLE TURBOSOUND SUBWOOFER MOD. IP15B. Subwoofer Front Loaded activo de 15\u201d pulgadas, altavoz de alta excursi\u00f3n y baja distorsi\u00f3n de 600 watts, 2 amplificadores de 200 watts incluidos para altavoces sat\u00e9lite, potencia total: 1000 watts, tecnolog\u00eda Klark Teknik Spatial para creaci\u00f3n de ambientes de sonido 3D, pre ajustes integrales DSP para aplicaciones t\u00edpicas de usuario, clase D, mezcladora digital sencilla integrada, display LCD, entradas: 2 XLR\/TRS combo, salidas: 2 speakON y 2 XLR (Link).","robots":{"index":"index","follow":"follow","max-snippet":"max-snippet:-1","max-image-preview":"max-image-preview:large","max-video-preview":"max-video-preview:-1"},"canonical":"https:\/\/www.mexicanguitarplayers.com\/en\/tienda\/audio\/bafles-y-bocinas\/bafles\/bafles-activos\/bafle-turbosound-subwoofer-mod-ip15b\/","og_locale":"en_US","og_type":"article","og_title":"BAFLE TURBOSOUND SUBWOOFER MOD. IP15B - Mexican Guitar Players","og_description":"BAFLE TURBOSOUND SUBWOOFER MOD. IP15B. Subwoofer Front Loaded activo de 15\u201d pulgadas, altavoz de alta excursi\u00f3n y baja distorsi\u00f3n de 600 watts, 2 amplificadores de 200 watts incluidos para altavoces sat\u00e9lite, potencia total: 1000 watts, tecnolog\u00eda Klark Teknik Spatial para creaci\u00f3n de ambientes de sonido 3D, pre ajustes integrales DSP para aplicaciones t\u00edpicas de usuario, clase D, mezcladora digital sencilla integrada, display LCD, entradas: 2 XLR\/TRS combo, salidas: 2 speakON y 2 XLR (Link).","og_url":"https:\/\/www.mexicanguitarplayers.com\/en\/tienda\/audio\/bafles-y-bocinas\/bafles\/bafles-activos\/bafle-turbosound-subwoofer-mod-ip15b\/","og_site_name":"Mexican Guitar Players","article_modified_time":"2026-02-18T10:27:15+00:00","og_image":[{"width":1200,"height":1200,"url":"https:\/\/www.mexicanguitarplayers.com\/wp-content\/uploads\/2022\/08\/IATURIP15B.jpg","type":"image\/jpeg"}],"twitter_card":"summary_large_image","schema":{"@context":"https:\/\/schema.org","@graph":[{"@type":["WebPage","ItemPage"],"@id":"https:\/\/www.mexicanguitarplayers.com\/tienda\/audio\/bafles-y-bocinas\/bafles\/bafles-activos\/bafle-turbosound-subwoofer-mod-ip15b\/","url":"https:\/\/www.mexicanguitarplayers.com\/tienda\/audio\/bafles-y-bocinas\/bafles\/bafles-activos\/bafle-turbosound-subwoofer-mod-ip15b\/","name":"BAFLE TURBOSOUND SUBWOOFER MOD. IP15B - Mexican Guitar Players","isPartOf":{"@id":"https:\/\/www.mexicanguitarplayers.com\/#website"},"primaryImageOfPage":{"@id":"https:\/\/www.mexicanguitarplayers.com\/tienda\/audio\/bafles-y-bocinas\/bafles\/bafles-activos\/bafle-turbosound-subwoofer-mod-ip15b\/#primaryimage"},"image":{"@id":"https:\/\/www.mexicanguitarplayers.com\/tienda\/audio\/bafles-y-bocinas\/bafles\/bafles-activos\/bafle-turbosound-subwoofer-mod-ip15b\/#primaryimage"},"thumbnailUrl":"https:\/\/www.mexicanguitarplayers.com\/wp-content\/uploads\/2022\/08\/IATURIP15B.jpg","datePublished":"2022-08-18T20:00:46+00:00","dateModified":"2026-02-18T10:27:15+00:00","description":"BAFLE TURBOSOUND SUBWOOFER MOD. IP15B. Subwoofer Front Loaded activo de 15\u201d pulgadas, altavoz de alta excursi\u00f3n y baja distorsi\u00f3n de 600 watts, 2 amplificadores de 200 watts incluidos para altavoces sat\u00e9lite, potencia total: 1000 watts, tecnolog\u00eda Klark Teknik Spatial para creaci\u00f3n de ambientes de sonido 3D, pre ajustes integrales DSP para aplicaciones t\u00edpicas de usuario, clase D, mezcladora digital sencilla integrada, display LCD, entradas: 2 XLR\/TRS combo, salidas: 2 speakON y 2 XLR (Link).","breadcrumb":{"@id":"https:\/\/www.mexicanguitarplayers.com\/tienda\/audio\/bafles-y-bocinas\/bafles\/bafles-activos\/bafle-turbosound-subwoofer-mod-ip15b\/#breadcrumb"},"inLanguage":"en-US","potentialAction":[{"@type":"ReadAction","target":["https:\/\/www.mexicanguitarplayers.com\/tienda\/audio\/bafles-y-bocinas\/bafles\/bafles-activos\/bafle-turbosound-subwoofer-mod-ip15b\/"]}]},{"@type":"ImageObject","inLanguage":"en-US","@id":"https:\/\/www.mexicanguitarplayers.com\/tienda\/audio\/bafles-y-bocinas\/bafles\/bafles-activos\/bafle-turbosound-subwoofer-mod-ip15b\/#primaryimage","url":"https:\/\/www.mexicanguitarplayers.com\/wp-content\/uploads\/2022\/08\/IATURIP15B.jpg","contentUrl":"https:\/\/www.mexicanguitarplayers.com\/wp-content\/uploads\/2022\/08\/IATURIP15B.jpg","width":1200,"height":1200},{"@type":"BreadcrumbList","@id":"https:\/\/www.mexicanguitarplayers.com\/tienda\/audio\/bafles-y-bocinas\/bafles\/bafles-activos\/bafle-turbosound-subwoofer-mod-ip15b\/#breadcrumb","itemListElement":[{"@type":"ListItem","position":1,"name":"Portada","item":"https:\/\/www.mexicanguitarplayers.com\/"},{"@type":"ListItem","position":2,"name":"Tienda","item":"https:\/\/www.mexicanguitarplayers.com\/tienda\/"},{"@type":"ListItem","position":3,"name":"BAFLE TURBOSOUND SUBWOOFER MOD. IP15B"}]},{"@type":"WebSite","@id":"https:\/\/www.mexicanguitarplayers.com\/#website","url":"https:\/\/www.mexicanguitarplayers.com\/","name":"Mexican Guitar Players","description":"Website","publisher":{"@id":"https:\/\/www.mexicanguitarplayers.com\/#organization"},"potentialAction":[{"@type":"SearchAction","target":{"@type":"EntryPoint","urlTemplate":"https:\/\/www.mexicanguitarplayers.com\/?s={search_term_string}"},"query-input":{"@type":"PropertyValueSpecification","valueRequired":true,"valueName":"search_term_string"}}],"inLanguage":"en-US"},{"@type":"Organization","@id":"https:\/\/www.mexicanguitarplayers.com\/#organization","name":"Mexican Guitar Players","url":"https:\/\/www.mexicanguitarplayers.com\/","logo":{"@type":"ImageObject","inLanguage":"en-US","@id":"https:\/\/www.mexicanguitarplayers.com\/#\/schema\/logo\/image\/","url":"","contentUrl":"","caption":"Mexican Guitar Players"},"image":{"@id":"https:\/\/www.mexicanguitarplayers.com\/#\/schema\/logo\/image\/"}}]}},"brands":[{"id":498,"name":"TURBO SOUND","slug":"turbosound"}],"_links":{"self":[{"href":"https:\/\/www.mexicanguitarplayers.com\/en\/wp-json\/wp\/v2\/product\/14123","targetHints":{"allow":["GET"]}}],"collection":[{"href":"https:\/\/www.mexicanguitarplayers.com\/en\/wp-json\/wp\/v2\/product"}],"about":[{"href":"https:\/\/www.mexicanguitarplayers.com\/en\/wp-json\/wp\/v2\/types\/product"}],"replies":[{"embeddable":true,"href":"https:\/\/www.mexicanguitarplayers.com\/en\/wp-json\/wp\/v2\/comments?post=14123"}],"wp:featuredmedia":[{"embeddable":true,"href":"https:\/\/www.mexicanguitarplayers.com\/en\/wp-json\/wp\/v2\/media\/14118"}],"wp:attachment":[{"href":"https:\/\/www.mexicanguitarplayers.com\/en\/wp-json\/wp\/v2\/media?parent=14123"}],"wp:term":[{"taxonomy":"pwb-brand","embeddable":true,"href":"https:\/\/www.mexicanguitarplayers.com\/en\/wp-json\/wp\/v2\/pwb-brand?post=14123"},{"taxonomy":"product_brand","embeddable":true,"href":"https:\/\/www.mexicanguitarplayers.com\/en\/wp-json\/wp\/v2\/product_brand?post=14123"},{"taxonomy":"product_cat","embeddable":true,"href":"https:\/\/www.mexicanguitarplayers.com\/en\/wp-json\/wp\/v2\/product_cat?post=14123"},{"taxonomy":"product_tag","embeddable":true,"href":"https:\/\/www.mexicanguitarplayers.com\/en\/wp-json\/wp\/v2\/product_tag?post=14123"}],"curies":[{"name":"wp","href":"https:\/\/api.w.org\/{rel}","templated":true}]}}