{"id":14174,"date":"2022-08-18T15:02:16","date_gmt":"2022-08-18T20:02:16","guid":{"rendered":"https:\/\/www.mexicanguitarplayers.com\/tienda\/sin%20categor\u00eda\/modulo-carlsbro-p-percusion-mod-okto-a\/"},"modified":"2026-04-10T05:10:11","modified_gmt":"2026-04-10T11:10:11","slug":"modulo-carlsbro-p-percusion-mod-okto-a","status":"publish","type":"product","link":"https:\/\/www.mexicanguitarplayers.com\/en\/tienda\/percusiones\/baterias\/baterias-electronicas\/modulo-carlsbro-p-percusion-mod-okto-a\/","title":{"rendered":"CARLSBRO MODULE FOR PERCUSSION MOD. OK TO A"},"content":{"rendered":"<div style=\"text-align: justify\">\n<div>\n<h3>CARLSBRO MODULE FOR PERCUSSION MOD. OK TO A<\/h3>\n<\/div>\n<div>Drum Pad with 8 high-response, heavy-duty, user-configurable rubber pads, 2.8\u201d TFT LCD display, 408 high-quality drum voices, 30 preset drum kits, 20 user-defined drum kits, 20 demo songs, mix input, line output, headphone output, USB MIDI interface (USB to device), Bluetooth MIDI connectivity, 5V input for power bank, record and playback function, adjustable sensitivity and crosstalk, metronome function, function teaching and learning, multiple effects, EQ and filter settings, drum voice tuning, expansion sockets for other pads, includes an Okto A percussion pad, a pair of pedals (kick and hihat control) and a pair of drumsticks<\/div>\n<\/div>","protected":false},"excerpt":{"rendered":"<p>Pad de percusi\u00f3n con 8 pads de goma de alta respuesta, resistentes y configurables por el usuario, pantalla LCD TFT de 2.8\u201d pulgadas, 408 voces de percusi\u00f3n de alta calidad, 30 kits de bater\u00eda prestablecidos, 20 kits de bater\u00eda definidos por el usuario, 20 canciones demo, entrada mix, salida de l\u00ednea, salida de aud\u00edfonos, interface MIDI USB (USB a dispositivo), conectividad MIDI Bluetooth, entrada de 5V para powerbank, funci\u00f3n de grabaci\u00f3n y reproducci\u00f3n, sensibilidad y crosstalk ajustables, funci\u00f3n de metr\u00f3nomo, funci\u00f3n de ense\u00f1anza y aprendizaje, m\u00faltiples efectos, ajustes de ecualizador y filtros, afinaci\u00f3n de voz de bater\u00eda, z\u00f3calos de expansi\u00f3n para otros pads, incluye un pad de percusi\u00f3n Okto A, un par de pedales (bombo y control de hihat) y un par de baquetas.&hellip; <a class=\"kt-excerpt-readmore more-link\" href=\"https:\/\/www.mexicanguitarplayers.com\/en\/tienda\/percusiones\/baterias\/baterias-electronicas\/modulo-carlsbro-p-percusion-mod-okto-a\/\">Read more<\/a><\/p>","protected":false},"featured_media":14171,"comment_status":"open","ping_status":"closed","template":"","meta":{"kt_blocks_editor_width":""},"pwb-brand":[501],"product_brand":[],"product_cat":[209,262,208],"product_tag":[],"class_list":{"0":"post-14174","1":"product","2":"type-product","3":"status-publish","4":"has-post-thumbnail","6":"pwb-brand-carlsbro","7":"product_cat-baterias","8":"product_cat-baterias-electronicas","9":"product_cat-percusiones","10":"product_shipping_class-5-10-kg","12":"first","13":"outofstock","14":"taxable","15":"shipping-taxable","16":"purchasable","17":"product-type-simple"},"yoast_head":"<!-- This site is optimized with the Yoast SEO plugin v27.5 - https:\/\/yoast.com\/product\/yoast-seo-wordpress\/ -->\n<title>MODULO CARLSBRO P\/PERCUSION MOD. OKTO A - Mexican Guitar Players<\/title>\n<meta name=\"description\" content=\"MODULO CARLSBRO P\/PERCUSION MOD. OKTO A. Pad de percusi\u00f3n con 8 pads de goma de alta respuesta, resistentes y configurables por el usuario, pantalla LCD TFT de 2.8\u201d pulgadas, 408 voces de percusi\u00f3n de alta calidad, 30 kits de bater\u00eda prestablecidos, 20 kits de bater\u00eda definidos por el usuario, 20 canciones demo, entrada mix, salida de l\u00ednea, salida de aud\u00edfonos, interface MIDI USB (USB a dispositivo), conectividad MIDI Bluetooth, entrada de 5V para powerbank, funci\u00f3n de grabaci\u00f3n y reproducci\u00f3n, sensibilidad y crosstalk ajustables, funci\u00f3n de metr\u00f3nomo, funci\u00f3n de ense\u00f1anza y aprendizaje, m\u00faltiples efectos, ajustes de ecualizador y filtros, afinaci\u00f3n de voz de bater\u00eda, z\u00f3calos de expansi\u00f3n para otros pads, incluye un pad de percusi\u00f3n Okto A, un par de pedales (bombo y control de hihat) y un par de baquetas.\" \/>\n<meta name=\"robots\" content=\"index, follow, max-snippet:-1, max-image-preview:large, max-video-preview:-1\" \/>\n<link rel=\"canonical\" href=\"https:\/\/www.mexicanguitarplayers.com\/en\/tienda\/percusiones\/baterias\/baterias-electronicas\/modulo-carlsbro-p-percusion-mod-okto-a\/\" \/>\n<meta property=\"og:locale\" content=\"en_US\" \/>\n<meta property=\"og:type\" content=\"article\" \/>\n<meta property=\"og:title\" content=\"MODULO CARLSBRO P\/PERCUSION MOD. OKTO A - Mexican Guitar Players\" \/>\n<meta property=\"og:description\" content=\"MODULO CARLSBRO P\/PERCUSION MOD. OKTO A. Pad de percusi\u00f3n con 8 pads de goma de alta respuesta, resistentes y configurables por el usuario, pantalla LCD TFT de 2.8\u201d pulgadas, 408 voces de percusi\u00f3n de alta calidad, 30 kits de bater\u00eda prestablecidos, 20 kits de bater\u00eda definidos por el usuario, 20 canciones demo, entrada mix, salida de l\u00ednea, salida de aud\u00edfonos, interface MIDI USB (USB a dispositivo), conectividad MIDI Bluetooth, entrada de 5V para powerbank, funci\u00f3n de grabaci\u00f3n y reproducci\u00f3n, sensibilidad y crosstalk ajustables, funci\u00f3n de metr\u00f3nomo, funci\u00f3n de ense\u00f1anza y aprendizaje, m\u00faltiples efectos, ajustes de ecualizador y filtros, afinaci\u00f3n de voz de bater\u00eda, z\u00f3calos de expansi\u00f3n para otros pads, incluye un pad de percusi\u00f3n Okto A, un par de pedales (bombo y control de hihat) y un par de baquetas.\" \/>\n<meta property=\"og:url\" content=\"https:\/\/www.mexicanguitarplayers.com\/en\/tienda\/percusiones\/baterias\/baterias-electronicas\/modulo-carlsbro-p-percusion-mod-okto-a\/\" \/>\n<meta property=\"og:site_name\" content=\"Mexican Guitar Players\" \/>\n<meta property=\"article:modified_time\" content=\"2026-04-10T11:10:11+00:00\" \/>\n<meta property=\"og:image\" content=\"https:\/\/www.mexicanguitarplayers.com\/wp-content\/uploads\/2022\/08\/IPCLSOKTOA.jpg\" \/>\n\t<meta property=\"og:image:width\" content=\"1200\" \/>\n\t<meta property=\"og:image:height\" content=\"1200\" \/>\n\t<meta property=\"og:image:type\" content=\"image\/jpeg\" \/>\n<meta name=\"twitter:card\" content=\"summary_large_image\" \/>\n<meta name=\"twitter:label1\" content=\"Est. reading time\" \/>\n\t<meta name=\"twitter:data1\" content=\"1 minute\" \/>\n<script type=\"application\/ld+json\" class=\"yoast-schema-graph\">{\"@context\":\"https:\\\/\\\/schema.org\",\"@graph\":[{\"@type\":[\"WebPage\",\"ItemPage\"],\"@id\":\"https:\\\/\\\/www.mexicanguitarplayers.com\\\/tienda\\\/percusiones\\\/baterias\\\/baterias-electronicas\\\/modulo-carlsbro-p-percusion-mod-okto-a\\\/\",\"url\":\"https:\\\/\\\/www.mexicanguitarplayers.com\\\/tienda\\\/percusiones\\\/baterias\\\/baterias-electronicas\\\/modulo-carlsbro-p-percusion-mod-okto-a\\\/\",\"name\":\"MODULO CARLSBRO P\\\/PERCUSION MOD. OKTO A - Mexican Guitar Players\",\"isPartOf\":{\"@id\":\"https:\\\/\\\/www.mexicanguitarplayers.com\\\/#website\"},\"primaryImageOfPage\":{\"@id\":\"https:\\\/\\\/www.mexicanguitarplayers.com\\\/tienda\\\/percusiones\\\/baterias\\\/baterias-electronicas\\\/modulo-carlsbro-p-percusion-mod-okto-a\\\/#primaryimage\"},\"image\":{\"@id\":\"https:\\\/\\\/www.mexicanguitarplayers.com\\\/tienda\\\/percusiones\\\/baterias\\\/baterias-electronicas\\\/modulo-carlsbro-p-percusion-mod-okto-a\\\/#primaryimage\"},\"thumbnailUrl\":\"https:\\\/\\\/www.mexicanguitarplayers.com\\\/wp-content\\\/uploads\\\/2022\\\/08\\\/IPCLSOKTOA.jpg\",\"datePublished\":\"2022-08-18T20:02:16+00:00\",\"dateModified\":\"2026-04-10T11:10:11+00:00\",\"description\":\"MODULO CARLSBRO P\\\/PERCUSION MOD. OKTO A. Pad de percusi\u00f3n con 8 pads de goma de alta respuesta, resistentes y configurables por el usuario, pantalla LCD TFT de 2.8\u201d pulgadas, 408 voces de percusi\u00f3n de alta calidad, 30 kits de bater\u00eda prestablecidos, 20 kits de bater\u00eda definidos por el usuario, 20 canciones demo, entrada mix, salida de l\u00ednea, salida de aud\u00edfonos, interface MIDI USB (USB a dispositivo), conectividad MIDI Bluetooth, entrada de 5V para powerbank, funci\u00f3n de grabaci\u00f3n y reproducci\u00f3n, sensibilidad y crosstalk ajustables, funci\u00f3n de metr\u00f3nomo, funci\u00f3n de ense\u00f1anza y aprendizaje, m\u00faltiples efectos, ajustes de ecualizador y filtros, afinaci\u00f3n de voz de bater\u00eda, z\u00f3calos de expansi\u00f3n para otros pads, incluye un pad de percusi\u00f3n Okto A, un par de pedales (bombo y control de hihat) y un par de baquetas.\",\"breadcrumb\":{\"@id\":\"https:\\\/\\\/www.mexicanguitarplayers.com\\\/tienda\\\/percusiones\\\/baterias\\\/baterias-electronicas\\\/modulo-carlsbro-p-percusion-mod-okto-a\\\/#breadcrumb\"},\"inLanguage\":\"en-US\",\"potentialAction\":[{\"@type\":\"ReadAction\",\"target\":[\"https:\\\/\\\/www.mexicanguitarplayers.com\\\/tienda\\\/percusiones\\\/baterias\\\/baterias-electronicas\\\/modulo-carlsbro-p-percusion-mod-okto-a\\\/\"]}]},{\"@type\":\"ImageObject\",\"inLanguage\":\"en-US\",\"@id\":\"https:\\\/\\\/www.mexicanguitarplayers.com\\\/tienda\\\/percusiones\\\/baterias\\\/baterias-electronicas\\\/modulo-carlsbro-p-percusion-mod-okto-a\\\/#primaryimage\",\"url\":\"https:\\\/\\\/www.mexicanguitarplayers.com\\\/wp-content\\\/uploads\\\/2022\\\/08\\\/IPCLSOKTOA.jpg\",\"contentUrl\":\"https:\\\/\\\/www.mexicanguitarplayers.com\\\/wp-content\\\/uploads\\\/2022\\\/08\\\/IPCLSOKTOA.jpg\",\"width\":1200,\"height\":1200},{\"@type\":\"BreadcrumbList\",\"@id\":\"https:\\\/\\\/www.mexicanguitarplayers.com\\\/tienda\\\/percusiones\\\/baterias\\\/baterias-electronicas\\\/modulo-carlsbro-p-percusion-mod-okto-a\\\/#breadcrumb\",\"itemListElement\":[{\"@type\":\"ListItem\",\"position\":1,\"name\":\"Portada\",\"item\":\"https:\\\/\\\/www.mexicanguitarplayers.com\\\/\"},{\"@type\":\"ListItem\",\"position\":2,\"name\":\"Tienda\",\"item\":\"https:\\\/\\\/www.mexicanguitarplayers.com\\\/tienda\\\/\"},{\"@type\":\"ListItem\",\"position\":3,\"name\":\"MODULO CARLSBRO P\\\/PERCUSION MOD. OKTO A\"}]},{\"@type\":\"WebSite\",\"@id\":\"https:\\\/\\\/www.mexicanguitarplayers.com\\\/#website\",\"url\":\"https:\\\/\\\/www.mexicanguitarplayers.com\\\/\",\"name\":\"Mexican Guitar Players\",\"description\":\"Website\",\"publisher\":{\"@id\":\"https:\\\/\\\/www.mexicanguitarplayers.com\\\/#organization\"},\"potentialAction\":[{\"@type\":\"SearchAction\",\"target\":{\"@type\":\"EntryPoint\",\"urlTemplate\":\"https:\\\/\\\/www.mexicanguitarplayers.com\\\/?s={search_term_string}\"},\"query-input\":{\"@type\":\"PropertyValueSpecification\",\"valueRequired\":true,\"valueName\":\"search_term_string\"}}],\"inLanguage\":\"en-US\"},{\"@type\":\"Organization\",\"@id\":\"https:\\\/\\\/www.mexicanguitarplayers.com\\\/#organization\",\"name\":\"Mexican Guitar Players\",\"url\":\"https:\\\/\\\/www.mexicanguitarplayers.com\\\/\",\"logo\":{\"@type\":\"ImageObject\",\"inLanguage\":\"en-US\",\"@id\":\"https:\\\/\\\/www.mexicanguitarplayers.com\\\/#\\\/schema\\\/logo\\\/image\\\/\",\"url\":\"\",\"contentUrl\":\"\",\"caption\":\"Mexican Guitar Players\"},\"image\":{\"@id\":\"https:\\\/\\\/www.mexicanguitarplayers.com\\\/#\\\/schema\\\/logo\\\/image\\\/\"}}]}<\/script>\n<!-- \/ Yoast SEO plugin. -->","yoast_head_json":{"title":"MODULO CARLSBRO P\/PERCUSION MOD. OKTO A - Mexican Guitar Players","description":"MODULO CARLSBRO P\/PERCUSION MOD. OKTO A. Pad de percusi\u00f3n con 8 pads de goma de alta respuesta, resistentes y configurables por el usuario, pantalla LCD TFT de 2.8\u201d pulgadas, 408 voces de percusi\u00f3n de alta calidad, 30 kits de bater\u00eda prestablecidos, 20 kits de bater\u00eda definidos por el usuario, 20 canciones demo, entrada mix, salida de l\u00ednea, salida de aud\u00edfonos, interface MIDI USB (USB a dispositivo), conectividad MIDI Bluetooth, entrada de 5V para powerbank, funci\u00f3n de grabaci\u00f3n y reproducci\u00f3n, sensibilidad y crosstalk ajustables, funci\u00f3n de metr\u00f3nomo, funci\u00f3n de ense\u00f1anza y aprendizaje, m\u00faltiples efectos, ajustes de ecualizador y filtros, afinaci\u00f3n de voz de bater\u00eda, z\u00f3calos de expansi\u00f3n para otros pads, incluye un pad de percusi\u00f3n Okto A, un par de pedales (bombo y control de hihat) y un par de baquetas.","robots":{"index":"index","follow":"follow","max-snippet":"max-snippet:-1","max-image-preview":"max-image-preview:large","max-video-preview":"max-video-preview:-1"},"canonical":"https:\/\/www.mexicanguitarplayers.com\/en\/tienda\/percusiones\/baterias\/baterias-electronicas\/modulo-carlsbro-p-percusion-mod-okto-a\/","og_locale":"en_US","og_type":"article","og_title":"MODULO CARLSBRO P\/PERCUSION MOD. OKTO A - Mexican Guitar Players","og_description":"MODULO CARLSBRO P\/PERCUSION MOD. OKTO A. Pad de percusi\u00f3n con 8 pads de goma de alta respuesta, resistentes y configurables por el usuario, pantalla LCD TFT de 2.8\u201d pulgadas, 408 voces de percusi\u00f3n de alta calidad, 30 kits de bater\u00eda prestablecidos, 20 kits de bater\u00eda definidos por el usuario, 20 canciones demo, entrada mix, salida de l\u00ednea, salida de aud\u00edfonos, interface MIDI USB (USB a dispositivo), conectividad MIDI Bluetooth, entrada de 5V para powerbank, funci\u00f3n de grabaci\u00f3n y reproducci\u00f3n, sensibilidad y crosstalk ajustables, funci\u00f3n de metr\u00f3nomo, funci\u00f3n de ense\u00f1anza y aprendizaje, m\u00faltiples efectos, ajustes de ecualizador y filtros, afinaci\u00f3n de voz de bater\u00eda, z\u00f3calos de expansi\u00f3n para otros pads, incluye un pad de percusi\u00f3n Okto A, un par de pedales (bombo y control de hihat) y un par de baquetas.","og_url":"https:\/\/www.mexicanguitarplayers.com\/en\/tienda\/percusiones\/baterias\/baterias-electronicas\/modulo-carlsbro-p-percusion-mod-okto-a\/","og_site_name":"Mexican Guitar Players","article_modified_time":"2026-04-10T11:10:11+00:00","og_image":[{"width":1200,"height":1200,"url":"https:\/\/www.mexicanguitarplayers.com\/wp-content\/uploads\/2022\/08\/IPCLSOKTOA.jpg","type":"image\/jpeg"}],"twitter_card":"summary_large_image","twitter_misc":{"Est. reading time":"1 minute"},"schema":{"@context":"https:\/\/schema.org","@graph":[{"@type":["WebPage","ItemPage"],"@id":"https:\/\/www.mexicanguitarplayers.com\/tienda\/percusiones\/baterias\/baterias-electronicas\/modulo-carlsbro-p-percusion-mod-okto-a\/","url":"https:\/\/www.mexicanguitarplayers.com\/tienda\/percusiones\/baterias\/baterias-electronicas\/modulo-carlsbro-p-percusion-mod-okto-a\/","name":"MODULO CARLSBRO P\/PERCUSION MOD. OKTO A - Mexican Guitar Players","isPartOf":{"@id":"https:\/\/www.mexicanguitarplayers.com\/#website"},"primaryImageOfPage":{"@id":"https:\/\/www.mexicanguitarplayers.com\/tienda\/percusiones\/baterias\/baterias-electronicas\/modulo-carlsbro-p-percusion-mod-okto-a\/#primaryimage"},"image":{"@id":"https:\/\/www.mexicanguitarplayers.com\/tienda\/percusiones\/baterias\/baterias-electronicas\/modulo-carlsbro-p-percusion-mod-okto-a\/#primaryimage"},"thumbnailUrl":"https:\/\/www.mexicanguitarplayers.com\/wp-content\/uploads\/2022\/08\/IPCLSOKTOA.jpg","datePublished":"2022-08-18T20:02:16+00:00","dateModified":"2026-04-10T11:10:11+00:00","description":"MODULO CARLSBRO P\/PERCUSION MOD. OKTO A. Pad de percusi\u00f3n con 8 pads de goma de alta respuesta, resistentes y configurables por el usuario, pantalla LCD TFT de 2.8\u201d pulgadas, 408 voces de percusi\u00f3n de alta calidad, 30 kits de bater\u00eda prestablecidos, 20 kits de bater\u00eda definidos por el usuario, 20 canciones demo, entrada mix, salida de l\u00ednea, salida de aud\u00edfonos, interface MIDI USB (USB a dispositivo), conectividad MIDI Bluetooth, entrada de 5V para powerbank, funci\u00f3n de grabaci\u00f3n y reproducci\u00f3n, sensibilidad y crosstalk ajustables, funci\u00f3n de metr\u00f3nomo, funci\u00f3n de ense\u00f1anza y aprendizaje, m\u00faltiples efectos, ajustes de ecualizador y filtros, afinaci\u00f3n de voz de bater\u00eda, z\u00f3calos de expansi\u00f3n para otros pads, incluye un pad de percusi\u00f3n Okto A, un par de pedales (bombo y control de hihat) y un par de baquetas.","breadcrumb":{"@id":"https:\/\/www.mexicanguitarplayers.com\/tienda\/percusiones\/baterias\/baterias-electronicas\/modulo-carlsbro-p-percusion-mod-okto-a\/#breadcrumb"},"inLanguage":"en-US","potentialAction":[{"@type":"ReadAction","target":["https:\/\/www.mexicanguitarplayers.com\/tienda\/percusiones\/baterias\/baterias-electronicas\/modulo-carlsbro-p-percusion-mod-okto-a\/"]}]},{"@type":"ImageObject","inLanguage":"en-US","@id":"https:\/\/www.mexicanguitarplayers.com\/tienda\/percusiones\/baterias\/baterias-electronicas\/modulo-carlsbro-p-percusion-mod-okto-a\/#primaryimage","url":"https:\/\/www.mexicanguitarplayers.com\/wp-content\/uploads\/2022\/08\/IPCLSOKTOA.jpg","contentUrl":"https:\/\/www.mexicanguitarplayers.com\/wp-content\/uploads\/2022\/08\/IPCLSOKTOA.jpg","width":1200,"height":1200},{"@type":"BreadcrumbList","@id":"https:\/\/www.mexicanguitarplayers.com\/tienda\/percusiones\/baterias\/baterias-electronicas\/modulo-carlsbro-p-percusion-mod-okto-a\/#breadcrumb","itemListElement":[{"@type":"ListItem","position":1,"name":"Portada","item":"https:\/\/www.mexicanguitarplayers.com\/"},{"@type":"ListItem","position":2,"name":"Tienda","item":"https:\/\/www.mexicanguitarplayers.com\/tienda\/"},{"@type":"ListItem","position":3,"name":"MODULO CARLSBRO P\/PERCUSION MOD. OKTO A"}]},{"@type":"WebSite","@id":"https:\/\/www.mexicanguitarplayers.com\/#website","url":"https:\/\/www.mexicanguitarplayers.com\/","name":"Mexican Guitar Players","description":"Website","publisher":{"@id":"https:\/\/www.mexicanguitarplayers.com\/#organization"},"potentialAction":[{"@type":"SearchAction","target":{"@type":"EntryPoint","urlTemplate":"https:\/\/www.mexicanguitarplayers.com\/?s={search_term_string}"},"query-input":{"@type":"PropertyValueSpecification","valueRequired":true,"valueName":"search_term_string"}}],"inLanguage":"en-US"},{"@type":"Organization","@id":"https:\/\/www.mexicanguitarplayers.com\/#organization","name":"Mexican Guitar Players","url":"https:\/\/www.mexicanguitarplayers.com\/","logo":{"@type":"ImageObject","inLanguage":"en-US","@id":"https:\/\/www.mexicanguitarplayers.com\/#\/schema\/logo\/image\/","url":"","contentUrl":"","caption":"Mexican Guitar Players"},"image":{"@id":"https:\/\/www.mexicanguitarplayers.com\/#\/schema\/logo\/image\/"}}]}},"brands":[{"id":501,"name":"CARLSBRO","slug":"carlsbro"}],"_links":{"self":[{"href":"https:\/\/www.mexicanguitarplayers.com\/en\/wp-json\/wp\/v2\/product\/14174","targetHints":{"allow":["GET"]}}],"collection":[{"href":"https:\/\/www.mexicanguitarplayers.com\/en\/wp-json\/wp\/v2\/product"}],"about":[{"href":"https:\/\/www.mexicanguitarplayers.com\/en\/wp-json\/wp\/v2\/types\/product"}],"replies":[{"embeddable":true,"href":"https:\/\/www.mexicanguitarplayers.com\/en\/wp-json\/wp\/v2\/comments?post=14174"}],"wp:featuredmedia":[{"embeddable":true,"href":"https:\/\/www.mexicanguitarplayers.com\/en\/wp-json\/wp\/v2\/media\/14171"}],"wp:attachment":[{"href":"https:\/\/www.mexicanguitarplayers.com\/en\/wp-json\/wp\/v2\/media?parent=14174"}],"wp:term":[{"taxonomy":"pwb-brand","embeddable":true,"href":"https:\/\/www.mexicanguitarplayers.com\/en\/wp-json\/wp\/v2\/pwb-brand?post=14174"},{"taxonomy":"product_brand","embeddable":true,"href":"https:\/\/www.mexicanguitarplayers.com\/en\/wp-json\/wp\/v2\/product_brand?post=14174"},{"taxonomy":"product_cat","embeddable":true,"href":"https:\/\/www.mexicanguitarplayers.com\/en\/wp-json\/wp\/v2\/product_cat?post=14174"},{"taxonomy":"product_tag","embeddable":true,"href":"https:\/\/www.mexicanguitarplayers.com\/en\/wp-json\/wp\/v2\/product_tag?post=14174"}],"curies":[{"name":"wp","href":"https:\/\/api.w.org\/{rel}","templated":true}]}}