{"id":14178,"date":"2022-08-18T15:02:22","date_gmt":"2022-08-18T20:02:22","guid":{"rendered":"https:\/\/www.mexicanguitarplayers.com\/tienda\/sin%20categor\u00eda\/sintetizador-behringer-2600-blue-marvin\/"},"modified":"2026-04-10T05:10:10","modified_gmt":"2026-04-10T11:10:10","slug":"sintetizador-behringer-2600-blue-marvin","status":"publish","type":"product","link":"https:\/\/www.mexicanguitarplayers.com\/en\/tienda\/teclas\/sintetizador-y-controlador\/sintetizador\/sintetizador-behringer-2600-blue-marvin\/","title":{"rendered":"BEHRINGER 2600 BLUE MARVIN SYNTHESIZER"},"content":{"rendered":"<div style=\"text-align: justify\">\n<div>\n<h3>BEHRINGER 2600 BLUE MARVIN SYNTHESIZER<\/h3>\n<\/div>\n<div>Special edition semi-modular analog synthesizer with 3 multimode VCOs and VCFs in 8U rackmount format, enables incredibly thick music creation, authentic reproduction of the ultra-rare Arp Blue Marvin circuits from the 70&#039;s with combined transistors and JFETs, the architecture semi-modular requires no patches for out-of-the-box performance, 3 VCOs, each with LFO mode, FM inputs and multiple waveform outputs for an impressive palette of tonal possibilities, multi-mode VCF with dedicated low-pass output with additional high\/notch switched output , incredible variety of modules including ring modulator, lag processor, sample &amp; hold, Schmitt trigger and envelope follower, ADSR and AR envelope generators with switchable time factor, realistic digital spring reverb for inspiring sound effects, colored noise generator continuously variable, 2 dedicated LFO&#039;s with sine wave and pulse outputs, filter distortion option PFD\/inverter on voltage processor, differential input (+\/-) VCA with linear and exponential control inputs, additional functions include fader, mixer, inverter, slew limiter and 4-way manifold for creative patching flexibility, external audio input for processing external sound sources, 58 faders and 15 buttons give you convenient, direct, real-time access to all parameters, 83 patch cable inputs\/outputs for the ultimate in flexibility setup, full MIDI implementation with MIDI channel and voice priority selection.<\/div>\n<\/div>","protected":false},"excerpt":{"rendered":"<p>Sintetizador anal\u00f3gico semimodular edici\u00f3n especial con 3 VCO y VCF multimodo en formato de montaje en rack de 8U, permite una creaci\u00f3n de m\u00fasica incre\u00edblemente gruesa, reproducci\u00f3n aut\u00e9ntica de los circuitos ultra raros Arp Blue Marvin de los a\u00f1os 70 con transistores y JFET combinados, la arquitectura semimodular no requiere parches para un rendimiento inmediato, 3 VCO, cada uno con modo LFO, entradas FM y m\u00faltiples salidas en forma de onda para una impresionante paleta de posibilidades tonales, VCF multimodo con salida de paso bajo dedicada con salida adicional conmutada alta\/notch, incre\u00edble variedad de m\u00f3dulos que incluyen ring modulator, lag processor, sample &amp; hold, Schmitt trigger y seguidor envelope, generadores de envolvente ADSR y AR con factor de tiempo conmutable, spring reverb digital realista para inspiradores efectos de sonido, generador de ruido con color continuamente variable, 2 LFO&#8217;s dedicados con salidas de onda sinusoidal y de pulso, opci\u00f3n de distorsi\u00f3n de filtro posterior conmutado (PFD) \/ inversor en el procesador de voltaje, entrada diferencial (+\/-) VCA con entradas de control lineales y exponenciales, las funciones adicionales incluyen atenuador, mezclador, inversor, limitador de velocidad de respuesta y m\u00faltiple de 4 v\u00edas para una flexibilidad de parcheo creativa, entrada de audio externa para procesar fuentes de sonido externas, 58 faders y 15 botones te brindan acceso pr\u00e1ctico, directo y en tiempo real a todos los par\u00e1metros, 83 entradas \/ salidas de cable de conexi\u00f3n para lo \u00faltimo en flexibilidad de configuraci\u00f3n, implementaci\u00f3n MIDI completa con canal MIDI y selecci\u00f3n de prioridad de voz.&hellip; <a class=\"kt-excerpt-readmore more-link\" href=\"https:\/\/www.mexicanguitarplayers.com\/en\/tienda\/teclas\/sintetizador-y-controlador\/sintetizador\/sintetizador-behringer-2600-blue-marvin\/\">Read more<\/a><\/p>","protected":false},"featured_media":14177,"comment_status":"open","ping_status":"closed","template":"","meta":{"kt_blocks_editor_width":""},"pwb-brand":[171],"product_brand":[],"product_cat":[393,386,376],"product_tag":[],"class_list":{"0":"post-14178","1":"product","2":"type-product","3":"status-publish","4":"has-post-thumbnail","6":"pwb-brand-behringer","7":"product_cat-sintetizador","8":"product_cat-sintetizador-y-controlador","9":"product_cat-teclas","10":"product_shipping_class-10-15-kg","12":"first","13":"outofstock","14":"taxable","15":"shipping-taxable","16":"purchasable","17":"product-type-simple"},"yoast_head":"<!-- This site is optimized with the Yoast SEO plugin v27.6 - https:\/\/yoast.com\/product\/yoast-seo-wordpress\/ -->\n<title>SINTETIZADOR BEHRINGER 2600 BLUE MARVIN - Mexican Guitar Players<\/title>\n<meta name=\"description\" content=\"SINTETIZADOR BEHRINGER 2600 BLUE MARVIN. Sintetizador anal\u00f3gico semimodular edici\u00f3n especial con 3 VCO y VCF multimodo en formato de montaje en rack de 8U, permite una creaci\u00f3n de m\u00fasica incre\u00edblemente gruesa, reproducci\u00f3n aut\u00e9ntica de los circuitos ultra raros Arp Blue Marvin de los a\u00f1os 70 con transistores y JFET combinados, la arquitectura semimodular no requiere parches para un rendimiento inmediato, 3 VCO, cada uno con modo LFO, entradas FM y m\u00faltiples salidas en forma de onda para una impresionante paleta de posibilidades tonales, VCF multimodo con salida de paso bajo dedicada con salida adicional conmutada alta\/notch, incre\u00edble variedad de m\u00f3dulos que incluyen ring modulator, lag processor, sample &amp; hold, Schmitt trigger y seguidor envelope, generadores de envolvente ADSR y AR con factor de tiempo conmutable, spring reverb digital realista para inspiradores efectos de sonido, generador de ruido con color continuamente variable, 2 LFO&#039;s dedicados con salidas de onda sinusoidal y de pulso, opci\u00f3n de distorsi\u00f3n de filtro posterior conmutado (PFD) \/ inversor en el procesador de voltaje, entrada diferencial (+\/-) VCA con entradas de control lineales y exponenciales, las funciones adicionales incluyen atenuador, mezclador, inversor, limitador de velocidad de respuesta y m\u00faltiple de 4 v\u00edas para una flexibilidad de parcheo creativa, entrada de audio externa para procesar fuentes de sonido externas, 58 faders y 15 botones te brindan acceso pr\u00e1ctico, directo y en tiempo real a todos los par\u00e1metros, 83 entradas \/ salidas de cable de conexi\u00f3n para lo \u00faltimo en flexibilidad de configuraci\u00f3n, implementaci\u00f3n MIDI completa con canal MIDI y selecci\u00f3n de prioridad de voz.\" \/>\n<meta name=\"robots\" content=\"index, follow, max-snippet:-1, max-image-preview:large, max-video-preview:-1\" \/>\n<link rel=\"canonical\" href=\"https:\/\/www.mexicanguitarplayers.com\/en\/tienda\/teclas\/sintetizador-y-controlador\/sintetizador\/sintetizador-behringer-2600-blue-marvin\/\" \/>\n<meta property=\"og:locale\" content=\"en_US\" \/>\n<meta property=\"og:type\" content=\"article\" \/>\n<meta property=\"og:title\" content=\"SINTETIZADOR BEHRINGER 2600 BLUE MARVIN - Mexican Guitar Players\" \/>\n<meta property=\"og:description\" content=\"SINTETIZADOR BEHRINGER 2600 BLUE MARVIN. Sintetizador anal\u00f3gico semimodular edici\u00f3n especial con 3 VCO y VCF multimodo en formato de montaje en rack de 8U, permite una creaci\u00f3n de m\u00fasica incre\u00edblemente gruesa, reproducci\u00f3n aut\u00e9ntica de los circuitos ultra raros Arp Blue Marvin de los a\u00f1os 70 con transistores y JFET combinados, la arquitectura semimodular no requiere parches para un rendimiento inmediato, 3 VCO, cada uno con modo LFO, entradas FM y m\u00faltiples salidas en forma de onda para una impresionante paleta de posibilidades tonales, VCF multimodo con salida de paso bajo dedicada con salida adicional conmutada alta\/notch, incre\u00edble variedad de m\u00f3dulos que incluyen ring modulator, lag processor, sample &amp; hold, Schmitt trigger y seguidor envelope, generadores de envolvente ADSR y AR con factor de tiempo conmutable, spring reverb digital realista para inspiradores efectos de sonido, generador de ruido con color continuamente variable, 2 LFO&#039;s dedicados con salidas de onda sinusoidal y de pulso, opci\u00f3n de distorsi\u00f3n de filtro posterior conmutado (PFD) \/ inversor en el procesador de voltaje, entrada diferencial (+\/-) VCA con entradas de control lineales y exponenciales, las funciones adicionales incluyen atenuador, mezclador, inversor, limitador de velocidad de respuesta y m\u00faltiple de 4 v\u00edas para una flexibilidad de parcheo creativa, entrada de audio externa para procesar fuentes de sonido externas, 58 faders y 15 botones te brindan acceso pr\u00e1ctico, directo y en tiempo real a todos los par\u00e1metros, 83 entradas \/ salidas de cable de conexi\u00f3n para lo \u00faltimo en flexibilidad de configuraci\u00f3n, implementaci\u00f3n MIDI completa con canal MIDI y selecci\u00f3n de prioridad de voz.\" \/>\n<meta property=\"og:url\" content=\"https:\/\/www.mexicanguitarplayers.com\/en\/tienda\/teclas\/sintetizador-y-controlador\/sintetizador\/sintetizador-behringer-2600-blue-marvin\/\" \/>\n<meta property=\"og:site_name\" content=\"Mexican Guitar Players\" \/>\n<meta property=\"article:modified_time\" content=\"2026-04-10T11:10:10+00:00\" \/>\n<meta property=\"og:image\" content=\"https:\/\/www.mexicanguitarplayers.com\/wp-content\/uploads\/2022\/08\/ITBEH2600BM.jpg\" \/>\n\t<meta property=\"og:image:width\" content=\"1200\" \/>\n\t<meta property=\"og:image:height\" content=\"1200\" \/>\n\t<meta property=\"og:image:type\" content=\"image\/jpeg\" \/>\n<meta name=\"twitter:card\" content=\"summary_large_image\" \/>\n<meta name=\"twitter:label1\" content=\"Est. reading time\" \/>\n\t<meta name=\"twitter:data1\" content=\"1 minute\" \/>\n<script type=\"application\/ld+json\" class=\"yoast-schema-graph\">{\"@context\":\"https:\\\/\\\/schema.org\",\"@graph\":[{\"@type\":[\"WebPage\",\"ItemPage\"],\"@id\":\"https:\\\/\\\/www.mexicanguitarplayers.com\\\/tienda\\\/teclas\\\/sintetizador-y-controlador\\\/sintetizador\\\/sintetizador-behringer-2600-blue-marvin\\\/\",\"url\":\"https:\\\/\\\/www.mexicanguitarplayers.com\\\/tienda\\\/teclas\\\/sintetizador-y-controlador\\\/sintetizador\\\/sintetizador-behringer-2600-blue-marvin\\\/\",\"name\":\"SINTETIZADOR BEHRINGER 2600 BLUE MARVIN - Mexican Guitar Players\",\"isPartOf\":{\"@id\":\"https:\\\/\\\/www.mexicanguitarplayers.com\\\/#website\"},\"primaryImageOfPage\":{\"@id\":\"https:\\\/\\\/www.mexicanguitarplayers.com\\\/tienda\\\/teclas\\\/sintetizador-y-controlador\\\/sintetizador\\\/sintetizador-behringer-2600-blue-marvin\\\/#primaryimage\"},\"image\":{\"@id\":\"https:\\\/\\\/www.mexicanguitarplayers.com\\\/tienda\\\/teclas\\\/sintetizador-y-controlador\\\/sintetizador\\\/sintetizador-behringer-2600-blue-marvin\\\/#primaryimage\"},\"thumbnailUrl\":\"https:\\\/\\\/www.mexicanguitarplayers.com\\\/wp-content\\\/uploads\\\/2022\\\/08\\\/ITBEH2600BM.jpg\",\"datePublished\":\"2022-08-18T20:02:22+00:00\",\"dateModified\":\"2026-04-10T11:10:10+00:00\",\"description\":\"SINTETIZADOR BEHRINGER 2600 BLUE MARVIN. Sintetizador anal\u00f3gico semimodular edici\u00f3n especial con 3 VCO y VCF multimodo en formato de montaje en rack de 8U, permite una creaci\u00f3n de m\u00fasica incre\u00edblemente gruesa, reproducci\u00f3n aut\u00e9ntica de los circuitos ultra raros Arp Blue Marvin de los a\u00f1os 70 con transistores y JFET combinados, la arquitectura semimodular no requiere parches para un rendimiento inmediato, 3 VCO, cada uno con modo LFO, entradas FM y m\u00faltiples salidas en forma de onda para una impresionante paleta de posibilidades tonales, VCF multimodo con salida de paso bajo dedicada con salida adicional conmutada alta\\\/notch, incre\u00edble variedad de m\u00f3dulos que incluyen ring modulator, lag processor, sample &amp; hold, Schmitt trigger y seguidor envelope, generadores de envolvente ADSR y AR con factor de tiempo conmutable, spring reverb digital realista para inspiradores efectos de sonido, generador de ruido con color continuamente variable, 2 LFO's dedicados con salidas de onda sinusoidal y de pulso, opci\u00f3n de distorsi\u00f3n de filtro posterior conmutado (PFD) \\\/ inversor en el procesador de voltaje, entrada diferencial (+\\\/-) VCA con entradas de control lineales y exponenciales, las funciones adicionales incluyen atenuador, mezclador, inversor, limitador de velocidad de respuesta y m\u00faltiple de 4 v\u00edas para una flexibilidad de parcheo creativa, entrada de audio externa para procesar fuentes de sonido externas, 58 faders y 15 botones te brindan acceso pr\u00e1ctico, directo y en tiempo real a todos los par\u00e1metros, 83 entradas \\\/ salidas de cable de conexi\u00f3n para lo \u00faltimo en flexibilidad de configuraci\u00f3n, implementaci\u00f3n MIDI completa con canal MIDI y selecci\u00f3n de prioridad de voz.\",\"breadcrumb\":{\"@id\":\"https:\\\/\\\/www.mexicanguitarplayers.com\\\/tienda\\\/teclas\\\/sintetizador-y-controlador\\\/sintetizador\\\/sintetizador-behringer-2600-blue-marvin\\\/#breadcrumb\"},\"inLanguage\":\"en-US\",\"potentialAction\":[{\"@type\":\"ReadAction\",\"target\":[\"https:\\\/\\\/www.mexicanguitarplayers.com\\\/tienda\\\/teclas\\\/sintetizador-y-controlador\\\/sintetizador\\\/sintetizador-behringer-2600-blue-marvin\\\/\"]}]},{\"@type\":\"ImageObject\",\"inLanguage\":\"en-US\",\"@id\":\"https:\\\/\\\/www.mexicanguitarplayers.com\\\/tienda\\\/teclas\\\/sintetizador-y-controlador\\\/sintetizador\\\/sintetizador-behringer-2600-blue-marvin\\\/#primaryimage\",\"url\":\"https:\\\/\\\/www.mexicanguitarplayers.com\\\/wp-content\\\/uploads\\\/2022\\\/08\\\/ITBEH2600BM.jpg\",\"contentUrl\":\"https:\\\/\\\/www.mexicanguitarplayers.com\\\/wp-content\\\/uploads\\\/2022\\\/08\\\/ITBEH2600BM.jpg\",\"width\":1200,\"height\":1200},{\"@type\":\"BreadcrumbList\",\"@id\":\"https:\\\/\\\/www.mexicanguitarplayers.com\\\/tienda\\\/teclas\\\/sintetizador-y-controlador\\\/sintetizador\\\/sintetizador-behringer-2600-blue-marvin\\\/#breadcrumb\",\"itemListElement\":[{\"@type\":\"ListItem\",\"position\":1,\"name\":\"Portada\",\"item\":\"https:\\\/\\\/www.mexicanguitarplayers.com\\\/\"},{\"@type\":\"ListItem\",\"position\":2,\"name\":\"Tienda\",\"item\":\"https:\\\/\\\/www.mexicanguitarplayers.com\\\/tienda\\\/\"},{\"@type\":\"ListItem\",\"position\":3,\"name\":\"SINTETIZADOR BEHRINGER 2600 BLUE MARVIN\"}]},{\"@type\":\"WebSite\",\"@id\":\"https:\\\/\\\/www.mexicanguitarplayers.com\\\/#website\",\"url\":\"https:\\\/\\\/www.mexicanguitarplayers.com\\\/\",\"name\":\"Mexican Guitar Players\",\"description\":\"Website\",\"publisher\":{\"@id\":\"https:\\\/\\\/www.mexicanguitarplayers.com\\\/#organization\"},\"potentialAction\":[{\"@type\":\"SearchAction\",\"target\":{\"@type\":\"EntryPoint\",\"urlTemplate\":\"https:\\\/\\\/www.mexicanguitarplayers.com\\\/?s={search_term_string}\"},\"query-input\":{\"@type\":\"PropertyValueSpecification\",\"valueRequired\":true,\"valueName\":\"search_term_string\"}}],\"inLanguage\":\"en-US\"},{\"@type\":\"Organization\",\"@id\":\"https:\\\/\\\/www.mexicanguitarplayers.com\\\/#organization\",\"name\":\"Mexican Guitar Players\",\"url\":\"https:\\\/\\\/www.mexicanguitarplayers.com\\\/\",\"logo\":{\"@type\":\"ImageObject\",\"inLanguage\":\"en-US\",\"@id\":\"https:\\\/\\\/www.mexicanguitarplayers.com\\\/#\\\/schema\\\/logo\\\/image\\\/\",\"url\":\"\",\"contentUrl\":\"\",\"caption\":\"Mexican Guitar Players\"},\"image\":{\"@id\":\"https:\\\/\\\/www.mexicanguitarplayers.com\\\/#\\\/schema\\\/logo\\\/image\\\/\"}}]}<\/script>\n<!-- \/ Yoast SEO plugin. -->","yoast_head_json":{"title":"SINTETIZADOR BEHRINGER 2600 BLUE MARVIN - Mexican Guitar Players","description":"SINTETIZADOR BEHRINGER 2600 BLUE MARVIN. Sintetizador anal\u00f3gico semimodular edici\u00f3n especial con 3 VCO y VCF multimodo en formato de montaje en rack de 8U, permite una creaci\u00f3n de m\u00fasica incre\u00edblemente gruesa, reproducci\u00f3n aut\u00e9ntica de los circuitos ultra raros Arp Blue Marvin de los a\u00f1os 70 con transistores y JFET combinados, la arquitectura semimodular no requiere parches para un rendimiento inmediato, 3 VCO, cada uno con modo LFO, entradas FM y m\u00faltiples salidas en forma de onda para una impresionante paleta de posibilidades tonales, VCF multimodo con salida de paso bajo dedicada con salida adicional conmutada alta\/notch, incre\u00edble variedad de m\u00f3dulos que incluyen ring modulator, lag processor, sample &amp; hold, Schmitt trigger y seguidor envelope, generadores de envolvente ADSR y AR con factor de tiempo conmutable, spring reverb digital realista para inspiradores efectos de sonido, generador de ruido con color continuamente variable, 2 LFO's dedicados con salidas de onda sinusoidal y de pulso, opci\u00f3n de distorsi\u00f3n de filtro posterior conmutado (PFD) \/ inversor en el procesador de voltaje, entrada diferencial (+\/-) VCA con entradas de control lineales y exponenciales, las funciones adicionales incluyen atenuador, mezclador, inversor, limitador de velocidad de respuesta y m\u00faltiple de 4 v\u00edas para una flexibilidad de parcheo creativa, entrada de audio externa para procesar fuentes de sonido externas, 58 faders y 15 botones te brindan acceso pr\u00e1ctico, directo y en tiempo real a todos los par\u00e1metros, 83 entradas \/ salidas de cable de conexi\u00f3n para lo \u00faltimo en flexibilidad de configuraci\u00f3n, implementaci\u00f3n MIDI completa con canal MIDI y selecci\u00f3n de prioridad de voz.","robots":{"index":"index","follow":"follow","max-snippet":"max-snippet:-1","max-image-preview":"max-image-preview:large","max-video-preview":"max-video-preview:-1"},"canonical":"https:\/\/www.mexicanguitarplayers.com\/en\/tienda\/teclas\/sintetizador-y-controlador\/sintetizador\/sintetizador-behringer-2600-blue-marvin\/","og_locale":"en_US","og_type":"article","og_title":"SINTETIZADOR BEHRINGER 2600 BLUE MARVIN - Mexican Guitar Players","og_description":"SINTETIZADOR BEHRINGER 2600 BLUE MARVIN. Sintetizador anal\u00f3gico semimodular edici\u00f3n especial con 3 VCO y VCF multimodo en formato de montaje en rack de 8U, permite una creaci\u00f3n de m\u00fasica incre\u00edblemente gruesa, reproducci\u00f3n aut\u00e9ntica de los circuitos ultra raros Arp Blue Marvin de los a\u00f1os 70 con transistores y JFET combinados, la arquitectura semimodular no requiere parches para un rendimiento inmediato, 3 VCO, cada uno con modo LFO, entradas FM y m\u00faltiples salidas en forma de onda para una impresionante paleta de posibilidades tonales, VCF multimodo con salida de paso bajo dedicada con salida adicional conmutada alta\/notch, incre\u00edble variedad de m\u00f3dulos que incluyen ring modulator, lag processor, sample &amp; hold, Schmitt trigger y seguidor envelope, generadores de envolvente ADSR y AR con factor de tiempo conmutable, spring reverb digital realista para inspiradores efectos de sonido, generador de ruido con color continuamente variable, 2 LFO's dedicados con salidas de onda sinusoidal y de pulso, opci\u00f3n de distorsi\u00f3n de filtro posterior conmutado (PFD) \/ inversor en el procesador de voltaje, entrada diferencial (+\/-) VCA con entradas de control lineales y exponenciales, las funciones adicionales incluyen atenuador, mezclador, inversor, limitador de velocidad de respuesta y m\u00faltiple de 4 v\u00edas para una flexibilidad de parcheo creativa, entrada de audio externa para procesar fuentes de sonido externas, 58 faders y 15 botones te brindan acceso pr\u00e1ctico, directo y en tiempo real a todos los par\u00e1metros, 83 entradas \/ salidas de cable de conexi\u00f3n para lo \u00faltimo en flexibilidad de configuraci\u00f3n, implementaci\u00f3n MIDI completa con canal MIDI y selecci\u00f3n de prioridad de voz.","og_url":"https:\/\/www.mexicanguitarplayers.com\/en\/tienda\/teclas\/sintetizador-y-controlador\/sintetizador\/sintetizador-behringer-2600-blue-marvin\/","og_site_name":"Mexican Guitar Players","article_modified_time":"2026-04-10T11:10:10+00:00","og_image":[{"width":1200,"height":1200,"url":"https:\/\/www.mexicanguitarplayers.com\/wp-content\/uploads\/2022\/08\/ITBEH2600BM.jpg","type":"image\/jpeg"}],"twitter_card":"summary_large_image","twitter_misc":{"Est. reading time":"1 minute"},"schema":{"@context":"https:\/\/schema.org","@graph":[{"@type":["WebPage","ItemPage"],"@id":"https:\/\/www.mexicanguitarplayers.com\/tienda\/teclas\/sintetizador-y-controlador\/sintetizador\/sintetizador-behringer-2600-blue-marvin\/","url":"https:\/\/www.mexicanguitarplayers.com\/tienda\/teclas\/sintetizador-y-controlador\/sintetizador\/sintetizador-behringer-2600-blue-marvin\/","name":"SINTETIZADOR BEHRINGER 2600 BLUE MARVIN - Mexican Guitar Players","isPartOf":{"@id":"https:\/\/www.mexicanguitarplayers.com\/#website"},"primaryImageOfPage":{"@id":"https:\/\/www.mexicanguitarplayers.com\/tienda\/teclas\/sintetizador-y-controlador\/sintetizador\/sintetizador-behringer-2600-blue-marvin\/#primaryimage"},"image":{"@id":"https:\/\/www.mexicanguitarplayers.com\/tienda\/teclas\/sintetizador-y-controlador\/sintetizador\/sintetizador-behringer-2600-blue-marvin\/#primaryimage"},"thumbnailUrl":"https:\/\/www.mexicanguitarplayers.com\/wp-content\/uploads\/2022\/08\/ITBEH2600BM.jpg","datePublished":"2022-08-18T20:02:22+00:00","dateModified":"2026-04-10T11:10:10+00:00","description":"SINTETIZADOR BEHRINGER 2600 BLUE MARVIN. Sintetizador anal\u00f3gico semimodular edici\u00f3n especial con 3 VCO y VCF multimodo en formato de montaje en rack de 8U, permite una creaci\u00f3n de m\u00fasica incre\u00edblemente gruesa, reproducci\u00f3n aut\u00e9ntica de los circuitos ultra raros Arp Blue Marvin de los a\u00f1os 70 con transistores y JFET combinados, la arquitectura semimodular no requiere parches para un rendimiento inmediato, 3 VCO, cada uno con modo LFO, entradas FM y m\u00faltiples salidas en forma de onda para una impresionante paleta de posibilidades tonales, VCF multimodo con salida de paso bajo dedicada con salida adicional conmutada alta\/notch, incre\u00edble variedad de m\u00f3dulos que incluyen ring modulator, lag processor, sample &amp; hold, Schmitt trigger y seguidor envelope, generadores de envolvente ADSR y AR con factor de tiempo conmutable, spring reverb digital realista para inspiradores efectos de sonido, generador de ruido con color continuamente variable, 2 LFO's dedicados con salidas de onda sinusoidal y de pulso, opci\u00f3n de distorsi\u00f3n de filtro posterior conmutado (PFD) \/ inversor en el procesador de voltaje, entrada diferencial (+\/-) VCA con entradas de control lineales y exponenciales, las funciones adicionales incluyen atenuador, mezclador, inversor, limitador de velocidad de respuesta y m\u00faltiple de 4 v\u00edas para una flexibilidad de parcheo creativa, entrada de audio externa para procesar fuentes de sonido externas, 58 faders y 15 botones te brindan acceso pr\u00e1ctico, directo y en tiempo real a todos los par\u00e1metros, 83 entradas \/ salidas de cable de conexi\u00f3n para lo \u00faltimo en flexibilidad de configuraci\u00f3n, implementaci\u00f3n MIDI completa con canal MIDI y selecci\u00f3n de prioridad de voz.","breadcrumb":{"@id":"https:\/\/www.mexicanguitarplayers.com\/tienda\/teclas\/sintetizador-y-controlador\/sintetizador\/sintetizador-behringer-2600-blue-marvin\/#breadcrumb"},"inLanguage":"en-US","potentialAction":[{"@type":"ReadAction","target":["https:\/\/www.mexicanguitarplayers.com\/tienda\/teclas\/sintetizador-y-controlador\/sintetizador\/sintetizador-behringer-2600-blue-marvin\/"]}]},{"@type":"ImageObject","inLanguage":"en-US","@id":"https:\/\/www.mexicanguitarplayers.com\/tienda\/teclas\/sintetizador-y-controlador\/sintetizador\/sintetizador-behringer-2600-blue-marvin\/#primaryimage","url":"https:\/\/www.mexicanguitarplayers.com\/wp-content\/uploads\/2022\/08\/ITBEH2600BM.jpg","contentUrl":"https:\/\/www.mexicanguitarplayers.com\/wp-content\/uploads\/2022\/08\/ITBEH2600BM.jpg","width":1200,"height":1200},{"@type":"BreadcrumbList","@id":"https:\/\/www.mexicanguitarplayers.com\/tienda\/teclas\/sintetizador-y-controlador\/sintetizador\/sintetizador-behringer-2600-blue-marvin\/#breadcrumb","itemListElement":[{"@type":"ListItem","position":1,"name":"Portada","item":"https:\/\/www.mexicanguitarplayers.com\/"},{"@type":"ListItem","position":2,"name":"Tienda","item":"https:\/\/www.mexicanguitarplayers.com\/tienda\/"},{"@type":"ListItem","position":3,"name":"SINTETIZADOR BEHRINGER 2600 BLUE MARVIN"}]},{"@type":"WebSite","@id":"https:\/\/www.mexicanguitarplayers.com\/#website","url":"https:\/\/www.mexicanguitarplayers.com\/","name":"Mexican Guitar Players","description":"Website","publisher":{"@id":"https:\/\/www.mexicanguitarplayers.com\/#organization"},"potentialAction":[{"@type":"SearchAction","target":{"@type":"EntryPoint","urlTemplate":"https:\/\/www.mexicanguitarplayers.com\/?s={search_term_string}"},"query-input":{"@type":"PropertyValueSpecification","valueRequired":true,"valueName":"search_term_string"}}],"inLanguage":"en-US"},{"@type":"Organization","@id":"https:\/\/www.mexicanguitarplayers.com\/#organization","name":"Mexican Guitar Players","url":"https:\/\/www.mexicanguitarplayers.com\/","logo":{"@type":"ImageObject","inLanguage":"en-US","@id":"https:\/\/www.mexicanguitarplayers.com\/#\/schema\/logo\/image\/","url":"","contentUrl":"","caption":"Mexican Guitar Players"},"image":{"@id":"https:\/\/www.mexicanguitarplayers.com\/#\/schema\/logo\/image\/"}}]}},"brands":[{"id":171,"name":"BEHRINGER","slug":"behringer"}],"_links":{"self":[{"href":"https:\/\/www.mexicanguitarplayers.com\/en\/wp-json\/wp\/v2\/product\/14178","targetHints":{"allow":["GET"]}}],"collection":[{"href":"https:\/\/www.mexicanguitarplayers.com\/en\/wp-json\/wp\/v2\/product"}],"about":[{"href":"https:\/\/www.mexicanguitarplayers.com\/en\/wp-json\/wp\/v2\/types\/product"}],"replies":[{"embeddable":true,"href":"https:\/\/www.mexicanguitarplayers.com\/en\/wp-json\/wp\/v2\/comments?post=14178"}],"wp:featuredmedia":[{"embeddable":true,"href":"https:\/\/www.mexicanguitarplayers.com\/en\/wp-json\/wp\/v2\/media\/14177"}],"wp:attachment":[{"href":"https:\/\/www.mexicanguitarplayers.com\/en\/wp-json\/wp\/v2\/media?parent=14178"}],"wp:term":[{"taxonomy":"pwb-brand","embeddable":true,"href":"https:\/\/www.mexicanguitarplayers.com\/en\/wp-json\/wp\/v2\/pwb-brand?post=14178"},{"taxonomy":"product_brand","embeddable":true,"href":"https:\/\/www.mexicanguitarplayers.com\/en\/wp-json\/wp\/v2\/product_brand?post=14178"},{"taxonomy":"product_cat","embeddable":true,"href":"https:\/\/www.mexicanguitarplayers.com\/en\/wp-json\/wp\/v2\/product_cat?post=14178"},{"taxonomy":"product_tag","embeddable":true,"href":"https:\/\/www.mexicanguitarplayers.com\/en\/wp-json\/wp\/v2\/product_tag?post=14178"}],"curies":[{"name":"wp","href":"https:\/\/api.w.org\/{rel}","templated":true}]}}