{"id":14211,"date":"2022-08-18T15:03:18","date_gmt":"2022-08-18T20:03:18","guid":{"rendered":"https:\/\/www.mexicanguitarplayers.com\/tienda\/sin%20categor\u00eda\/afinador-behringer-cromatico-mod-tu300\/"},"modified":"2026-04-23T01:15:05","modified_gmt":"2026-04-23T07:15:05","slug":"afinador-behringer-cromatico-mod-tu300","status":"publish","type":"product","link":"https:\/\/www.mexicanguitarplayers.com\/en\/tienda\/accesorios\/afinadores-y-metronomos\/afinadores\/afinadores-cromaticos\/afinador-behringer-cromatico-mod-tu300\/","title":{"rendered":"BEHRINGER CHROMATIC TUNER MOD. TU300"},"content":{"rendered":"<div style=\"text-align: justify\">\n<div>\n<h3>BEHRINGER CHROMATIC TUNER MOD. TU300<\/h3>\n<\/div>\n<div>Chromatic Tuner 7 tuning modes including regular, flat, double flat and chromatic mode, 7-segment LED and 11-point flow meter ensure accurate tuning, reference pitch adjustable from 438Hz to 447Hz, mute\/bypass function for silent tuning, status LED for on\/off and battery status, runs on 9V battery or Behringer&#039;s PSU-SB DC adapter (not included), world-class electronic On\/Off switch for higher signal integrity in bypass mode, dimensions: 54 x 70 x 123 mm, weight: 0.33 kg.<\/div>\n<\/div>","protected":false},"excerpt":{"rendered":"<p>Afinador crom\u00e1tico 7 modos de afinaci\u00f3n, incluyendo modo regular, bemol, doble bemol y crom\u00e1tico, LED de 7 segmentos y medidor de flujo de 11 puntos que garantizan una afinaci\u00f3n precisa, tono de referencia ajustable desde 438 Hz a 447 Hz, funci\u00f3n mute\/bypass para una afinaci\u00f3n silenciosa, LED de estado para encendido\/apagado y para checar el estado de la bater\u00eda, funciona con una bater\u00eda de 9V o con el adaptador PSU-SB DC de Behringer (no incluido), interruptor electr\u00f3nico On\/Off de primera clase para una mayor integridad de la se\u00f1al en modo bypass, dimensiones: 54 x 70 x 123 mm, peso: 0.33 kg.&hellip; <a class=\"kt-excerpt-readmore more-link\" href=\"https:\/\/www.mexicanguitarplayers.com\/en\/tienda\/accesorios\/afinadores-y-metronomos\/afinadores\/afinadores-cromaticos\/afinador-behringer-cromatico-mod-tu300\/\">Read more<\/a><\/p>","protected":false},"featured_media":14209,"comment_status":"open","ping_status":"closed","template":"","meta":{"kt_blocks_editor_width":""},"pwb-brand":[171],"product_brand":[],"product_cat":[85,423,424,422],"product_tag":[],"class_list":{"0":"post-14211","1":"product","2":"type-product","3":"status-publish","4":"has-post-thumbnail","6":"pwb-brand-behringer","7":"product_cat-accesorios","8":"product_cat-afinadores","9":"product_cat-afinadores-cromaticos","10":"product_cat-afinadores-y-metronomos","11":"product_shipping_class-0-5-kg","13":"first","14":"outofstock","15":"taxable","16":"shipping-taxable","17":"purchasable","18":"product-type-simple"},"yoast_head":"<!-- This site is optimized with the Yoast SEO plugin v27.5 - https:\/\/yoast.com\/product\/yoast-seo-wordpress\/ -->\n<title>AFINADOR BEHRINGER CROMATICO MOD. TU300 - Mexican Guitar Players<\/title>\n<meta name=\"description\" content=\"AFINADOR BEHRINGER CROMATICO MOD. TU300. Afinador crom\u00e1tico 7 modos de afinaci\u00f3n, incluyendo modo regular, bemol, doble bemol y crom\u00e1tico, LED de 7 segmentos y medidor de flujo de 11 puntos que garantizan una afinaci\u00f3n precisa, tono de referencia ajustable desde 438 Hz a 447 Hz, funci\u00f3n mute\/bypass para una afinaci\u00f3n silenciosa, LED de estado para encendido\/apagado y para checar el estado de la bater\u00eda, funciona con una bater\u00eda de 9V o con el adaptador PSU-SB DC de Behringer (no incluido), interruptor electr\u00f3nico On\/Off de primera clase para una mayor integridad de la se\u00f1al en modo bypass, dimensiones: 54 x 70 x 123 mm, peso: 0.33 kg.\" \/>\n<meta name=\"robots\" content=\"index, follow, max-snippet:-1, max-image-preview:large, max-video-preview:-1\" \/>\n<link rel=\"canonical\" href=\"https:\/\/www.mexicanguitarplayers.com\/en\/tienda\/accesorios\/afinadores-y-metronomos\/afinadores\/afinadores-cromaticos\/afinador-behringer-cromatico-mod-tu300\/\" \/>\n<meta property=\"og:locale\" content=\"en_US\" \/>\n<meta property=\"og:type\" content=\"article\" \/>\n<meta property=\"og:title\" content=\"AFINADOR BEHRINGER CROMATICO MOD. TU300 - Mexican Guitar Players\" \/>\n<meta property=\"og:description\" content=\"AFINADOR BEHRINGER CROMATICO MOD. TU300. Afinador crom\u00e1tico 7 modos de afinaci\u00f3n, incluyendo modo regular, bemol, doble bemol y crom\u00e1tico, LED de 7 segmentos y medidor de flujo de 11 puntos que garantizan una afinaci\u00f3n precisa, tono de referencia ajustable desde 438 Hz a 447 Hz, funci\u00f3n mute\/bypass para una afinaci\u00f3n silenciosa, LED de estado para encendido\/apagado y para checar el estado de la bater\u00eda, funciona con una bater\u00eda de 9V o con el adaptador PSU-SB DC de Behringer (no incluido), interruptor electr\u00f3nico On\/Off de primera clase para una mayor integridad de la se\u00f1al en modo bypass, dimensiones: 54 x 70 x 123 mm, peso: 0.33 kg.\" \/>\n<meta property=\"og:url\" content=\"https:\/\/www.mexicanguitarplayers.com\/en\/tienda\/accesorios\/afinadores-y-metronomos\/afinadores\/afinadores-cromaticos\/afinador-behringer-cromatico-mod-tu300\/\" \/>\n<meta property=\"og:site_name\" content=\"Mexican Guitar Players\" \/>\n<meta property=\"article:modified_time\" content=\"2026-04-23T07:15:05+00:00\" \/>\n<meta property=\"og:image\" content=\"https:\/\/www.mexicanguitarplayers.com\/wp-content\/uploads\/2022\/08\/RABEHTU300.jpg\" \/>\n\t<meta property=\"og:image:width\" content=\"800\" \/>\n\t<meta property=\"og:image:height\" content=\"1600\" \/>\n\t<meta property=\"og:image:type\" content=\"image\/jpeg\" \/>\n<meta name=\"twitter:card\" content=\"summary_large_image\" \/>\n<meta name=\"twitter:label1\" content=\"Est. reading time\" \/>\n\t<meta name=\"twitter:data1\" content=\"1 minute\" \/>\n<script type=\"application\/ld+json\" class=\"yoast-schema-graph\">{\"@context\":\"https:\\\/\\\/schema.org\",\"@graph\":[{\"@type\":[\"WebPage\",\"ItemPage\"],\"@id\":\"https:\\\/\\\/www.mexicanguitarplayers.com\\\/tienda\\\/accesorios\\\/afinadores-y-metronomos\\\/afinadores\\\/afinadores-cromaticos\\\/afinador-behringer-cromatico-mod-tu300\\\/\",\"url\":\"https:\\\/\\\/www.mexicanguitarplayers.com\\\/tienda\\\/accesorios\\\/afinadores-y-metronomos\\\/afinadores\\\/afinadores-cromaticos\\\/afinador-behringer-cromatico-mod-tu300\\\/\",\"name\":\"AFINADOR BEHRINGER CROMATICO MOD. TU300 - Mexican Guitar Players\",\"isPartOf\":{\"@id\":\"https:\\\/\\\/www.mexicanguitarplayers.com\\\/#website\"},\"primaryImageOfPage\":{\"@id\":\"https:\\\/\\\/www.mexicanguitarplayers.com\\\/tienda\\\/accesorios\\\/afinadores-y-metronomos\\\/afinadores\\\/afinadores-cromaticos\\\/afinador-behringer-cromatico-mod-tu300\\\/#primaryimage\"},\"image\":{\"@id\":\"https:\\\/\\\/www.mexicanguitarplayers.com\\\/tienda\\\/accesorios\\\/afinadores-y-metronomos\\\/afinadores\\\/afinadores-cromaticos\\\/afinador-behringer-cromatico-mod-tu300\\\/#primaryimage\"},\"thumbnailUrl\":\"https:\\\/\\\/www.mexicanguitarplayers.com\\\/wp-content\\\/uploads\\\/2022\\\/08\\\/RABEHTU300.jpg\",\"datePublished\":\"2022-08-18T20:03:18+00:00\",\"dateModified\":\"2026-04-23T07:15:05+00:00\",\"description\":\"AFINADOR BEHRINGER CROMATICO MOD. TU300. Afinador crom\u00e1tico 7 modos de afinaci\u00f3n, incluyendo modo regular, bemol, doble bemol y crom\u00e1tico, LED de 7 segmentos y medidor de flujo de 11 puntos que garantizan una afinaci\u00f3n precisa, tono de referencia ajustable desde 438 Hz a 447 Hz, funci\u00f3n mute\\\/bypass para una afinaci\u00f3n silenciosa, LED de estado para encendido\\\/apagado y para checar el estado de la bater\u00eda, funciona con una bater\u00eda de 9V o con el adaptador PSU-SB DC de Behringer (no incluido), interruptor electr\u00f3nico On\\\/Off de primera clase para una mayor integridad de la se\u00f1al en modo bypass, dimensiones: 54 x 70 x 123 mm, peso: 0.33 kg.\",\"breadcrumb\":{\"@id\":\"https:\\\/\\\/www.mexicanguitarplayers.com\\\/tienda\\\/accesorios\\\/afinadores-y-metronomos\\\/afinadores\\\/afinadores-cromaticos\\\/afinador-behringer-cromatico-mod-tu300\\\/#breadcrumb\"},\"inLanguage\":\"en-US\",\"potentialAction\":[{\"@type\":\"ReadAction\",\"target\":[\"https:\\\/\\\/www.mexicanguitarplayers.com\\\/tienda\\\/accesorios\\\/afinadores-y-metronomos\\\/afinadores\\\/afinadores-cromaticos\\\/afinador-behringer-cromatico-mod-tu300\\\/\"]}]},{\"@type\":\"ImageObject\",\"inLanguage\":\"en-US\",\"@id\":\"https:\\\/\\\/www.mexicanguitarplayers.com\\\/tienda\\\/accesorios\\\/afinadores-y-metronomos\\\/afinadores\\\/afinadores-cromaticos\\\/afinador-behringer-cromatico-mod-tu300\\\/#primaryimage\",\"url\":\"https:\\\/\\\/www.mexicanguitarplayers.com\\\/wp-content\\\/uploads\\\/2022\\\/08\\\/RABEHTU300.jpg\",\"contentUrl\":\"https:\\\/\\\/www.mexicanguitarplayers.com\\\/wp-content\\\/uploads\\\/2022\\\/08\\\/RABEHTU300.jpg\",\"width\":800,\"height\":1600},{\"@type\":\"BreadcrumbList\",\"@id\":\"https:\\\/\\\/www.mexicanguitarplayers.com\\\/tienda\\\/accesorios\\\/afinadores-y-metronomos\\\/afinadores\\\/afinadores-cromaticos\\\/afinador-behringer-cromatico-mod-tu300\\\/#breadcrumb\",\"itemListElement\":[{\"@type\":\"ListItem\",\"position\":1,\"name\":\"Portada\",\"item\":\"https:\\\/\\\/www.mexicanguitarplayers.com\\\/\"},{\"@type\":\"ListItem\",\"position\":2,\"name\":\"Tienda\",\"item\":\"https:\\\/\\\/www.mexicanguitarplayers.com\\\/tienda\\\/\"},{\"@type\":\"ListItem\",\"position\":3,\"name\":\"AFINADOR BEHRINGER CROMATICO MOD. TU300\"}]},{\"@type\":\"WebSite\",\"@id\":\"https:\\\/\\\/www.mexicanguitarplayers.com\\\/#website\",\"url\":\"https:\\\/\\\/www.mexicanguitarplayers.com\\\/\",\"name\":\"Mexican Guitar Players\",\"description\":\"Website\",\"publisher\":{\"@id\":\"https:\\\/\\\/www.mexicanguitarplayers.com\\\/#organization\"},\"potentialAction\":[{\"@type\":\"SearchAction\",\"target\":{\"@type\":\"EntryPoint\",\"urlTemplate\":\"https:\\\/\\\/www.mexicanguitarplayers.com\\\/?s={search_term_string}\"},\"query-input\":{\"@type\":\"PropertyValueSpecification\",\"valueRequired\":true,\"valueName\":\"search_term_string\"}}],\"inLanguage\":\"en-US\"},{\"@type\":\"Organization\",\"@id\":\"https:\\\/\\\/www.mexicanguitarplayers.com\\\/#organization\",\"name\":\"Mexican Guitar Players\",\"url\":\"https:\\\/\\\/www.mexicanguitarplayers.com\\\/\",\"logo\":{\"@type\":\"ImageObject\",\"inLanguage\":\"en-US\",\"@id\":\"https:\\\/\\\/www.mexicanguitarplayers.com\\\/#\\\/schema\\\/logo\\\/image\\\/\",\"url\":\"\",\"contentUrl\":\"\",\"caption\":\"Mexican Guitar Players\"},\"image\":{\"@id\":\"https:\\\/\\\/www.mexicanguitarplayers.com\\\/#\\\/schema\\\/logo\\\/image\\\/\"}}]}<\/script>\n<!-- \/ Yoast SEO plugin. -->","yoast_head_json":{"title":"AFINADOR BEHRINGER CROMATICO MOD. TU300 - Mexican Guitar Players","description":"AFINADOR BEHRINGER CROMATICO MOD. TU300. Afinador crom\u00e1tico 7 modos de afinaci\u00f3n, incluyendo modo regular, bemol, doble bemol y crom\u00e1tico, LED de 7 segmentos y medidor de flujo de 11 puntos que garantizan una afinaci\u00f3n precisa, tono de referencia ajustable desde 438 Hz a 447 Hz, funci\u00f3n mute\/bypass para una afinaci\u00f3n silenciosa, LED de estado para encendido\/apagado y para checar el estado de la bater\u00eda, funciona con una bater\u00eda de 9V o con el adaptador PSU-SB DC de Behringer (no incluido), interruptor electr\u00f3nico On\/Off de primera clase para una mayor integridad de la se\u00f1al en modo bypass, dimensiones: 54 x 70 x 123 mm, peso: 0.33 kg.","robots":{"index":"index","follow":"follow","max-snippet":"max-snippet:-1","max-image-preview":"max-image-preview:large","max-video-preview":"max-video-preview:-1"},"canonical":"https:\/\/www.mexicanguitarplayers.com\/en\/tienda\/accesorios\/afinadores-y-metronomos\/afinadores\/afinadores-cromaticos\/afinador-behringer-cromatico-mod-tu300\/","og_locale":"en_US","og_type":"article","og_title":"AFINADOR BEHRINGER CROMATICO MOD. TU300 - Mexican Guitar Players","og_description":"AFINADOR BEHRINGER CROMATICO MOD. TU300. Afinador crom\u00e1tico 7 modos de afinaci\u00f3n, incluyendo modo regular, bemol, doble bemol y crom\u00e1tico, LED de 7 segmentos y medidor de flujo de 11 puntos que garantizan una afinaci\u00f3n precisa, tono de referencia ajustable desde 438 Hz a 447 Hz, funci\u00f3n mute\/bypass para una afinaci\u00f3n silenciosa, LED de estado para encendido\/apagado y para checar el estado de la bater\u00eda, funciona con una bater\u00eda de 9V o con el adaptador PSU-SB DC de Behringer (no incluido), interruptor electr\u00f3nico On\/Off de primera clase para una mayor integridad de la se\u00f1al en modo bypass, dimensiones: 54 x 70 x 123 mm, peso: 0.33 kg.","og_url":"https:\/\/www.mexicanguitarplayers.com\/en\/tienda\/accesorios\/afinadores-y-metronomos\/afinadores\/afinadores-cromaticos\/afinador-behringer-cromatico-mod-tu300\/","og_site_name":"Mexican Guitar Players","article_modified_time":"2026-04-23T07:15:05+00:00","og_image":[{"width":800,"height":1600,"url":"https:\/\/www.mexicanguitarplayers.com\/wp-content\/uploads\/2022\/08\/RABEHTU300.jpg","type":"image\/jpeg"}],"twitter_card":"summary_large_image","twitter_misc":{"Est. reading time":"1 minute"},"schema":{"@context":"https:\/\/schema.org","@graph":[{"@type":["WebPage","ItemPage"],"@id":"https:\/\/www.mexicanguitarplayers.com\/tienda\/accesorios\/afinadores-y-metronomos\/afinadores\/afinadores-cromaticos\/afinador-behringer-cromatico-mod-tu300\/","url":"https:\/\/www.mexicanguitarplayers.com\/tienda\/accesorios\/afinadores-y-metronomos\/afinadores\/afinadores-cromaticos\/afinador-behringer-cromatico-mod-tu300\/","name":"AFINADOR BEHRINGER CROMATICO MOD. TU300 - Mexican Guitar Players","isPartOf":{"@id":"https:\/\/www.mexicanguitarplayers.com\/#website"},"primaryImageOfPage":{"@id":"https:\/\/www.mexicanguitarplayers.com\/tienda\/accesorios\/afinadores-y-metronomos\/afinadores\/afinadores-cromaticos\/afinador-behringer-cromatico-mod-tu300\/#primaryimage"},"image":{"@id":"https:\/\/www.mexicanguitarplayers.com\/tienda\/accesorios\/afinadores-y-metronomos\/afinadores\/afinadores-cromaticos\/afinador-behringer-cromatico-mod-tu300\/#primaryimage"},"thumbnailUrl":"https:\/\/www.mexicanguitarplayers.com\/wp-content\/uploads\/2022\/08\/RABEHTU300.jpg","datePublished":"2022-08-18T20:03:18+00:00","dateModified":"2026-04-23T07:15:05+00:00","description":"AFINADOR BEHRINGER CROMATICO MOD. TU300. Afinador crom\u00e1tico 7 modos de afinaci\u00f3n, incluyendo modo regular, bemol, doble bemol y crom\u00e1tico, LED de 7 segmentos y medidor de flujo de 11 puntos que garantizan una afinaci\u00f3n precisa, tono de referencia ajustable desde 438 Hz a 447 Hz, funci\u00f3n mute\/bypass para una afinaci\u00f3n silenciosa, LED de estado para encendido\/apagado y para checar el estado de la bater\u00eda, funciona con una bater\u00eda de 9V o con el adaptador PSU-SB DC de Behringer (no incluido), interruptor electr\u00f3nico On\/Off de primera clase para una mayor integridad de la se\u00f1al en modo bypass, dimensiones: 54 x 70 x 123 mm, peso: 0.33 kg.","breadcrumb":{"@id":"https:\/\/www.mexicanguitarplayers.com\/tienda\/accesorios\/afinadores-y-metronomos\/afinadores\/afinadores-cromaticos\/afinador-behringer-cromatico-mod-tu300\/#breadcrumb"},"inLanguage":"en-US","potentialAction":[{"@type":"ReadAction","target":["https:\/\/www.mexicanguitarplayers.com\/tienda\/accesorios\/afinadores-y-metronomos\/afinadores\/afinadores-cromaticos\/afinador-behringer-cromatico-mod-tu300\/"]}]},{"@type":"ImageObject","inLanguage":"en-US","@id":"https:\/\/www.mexicanguitarplayers.com\/tienda\/accesorios\/afinadores-y-metronomos\/afinadores\/afinadores-cromaticos\/afinador-behringer-cromatico-mod-tu300\/#primaryimage","url":"https:\/\/www.mexicanguitarplayers.com\/wp-content\/uploads\/2022\/08\/RABEHTU300.jpg","contentUrl":"https:\/\/www.mexicanguitarplayers.com\/wp-content\/uploads\/2022\/08\/RABEHTU300.jpg","width":800,"height":1600},{"@type":"BreadcrumbList","@id":"https:\/\/www.mexicanguitarplayers.com\/tienda\/accesorios\/afinadores-y-metronomos\/afinadores\/afinadores-cromaticos\/afinador-behringer-cromatico-mod-tu300\/#breadcrumb","itemListElement":[{"@type":"ListItem","position":1,"name":"Portada","item":"https:\/\/www.mexicanguitarplayers.com\/"},{"@type":"ListItem","position":2,"name":"Tienda","item":"https:\/\/www.mexicanguitarplayers.com\/tienda\/"},{"@type":"ListItem","position":3,"name":"AFINADOR BEHRINGER CROMATICO MOD. TU300"}]},{"@type":"WebSite","@id":"https:\/\/www.mexicanguitarplayers.com\/#website","url":"https:\/\/www.mexicanguitarplayers.com\/","name":"Mexican Guitar Players","description":"Website","publisher":{"@id":"https:\/\/www.mexicanguitarplayers.com\/#organization"},"potentialAction":[{"@type":"SearchAction","target":{"@type":"EntryPoint","urlTemplate":"https:\/\/www.mexicanguitarplayers.com\/?s={search_term_string}"},"query-input":{"@type":"PropertyValueSpecification","valueRequired":true,"valueName":"search_term_string"}}],"inLanguage":"en-US"},{"@type":"Organization","@id":"https:\/\/www.mexicanguitarplayers.com\/#organization","name":"Mexican Guitar Players","url":"https:\/\/www.mexicanguitarplayers.com\/","logo":{"@type":"ImageObject","inLanguage":"en-US","@id":"https:\/\/www.mexicanguitarplayers.com\/#\/schema\/logo\/image\/","url":"","contentUrl":"","caption":"Mexican Guitar Players"},"image":{"@id":"https:\/\/www.mexicanguitarplayers.com\/#\/schema\/logo\/image\/"}}]}},"brands":[{"id":171,"name":"BEHRINGER","slug":"behringer"}],"_links":{"self":[{"href":"https:\/\/www.mexicanguitarplayers.com\/en\/wp-json\/wp\/v2\/product\/14211","targetHints":{"allow":["GET"]}}],"collection":[{"href":"https:\/\/www.mexicanguitarplayers.com\/en\/wp-json\/wp\/v2\/product"}],"about":[{"href":"https:\/\/www.mexicanguitarplayers.com\/en\/wp-json\/wp\/v2\/types\/product"}],"replies":[{"embeddable":true,"href":"https:\/\/www.mexicanguitarplayers.com\/en\/wp-json\/wp\/v2\/comments?post=14211"}],"wp:featuredmedia":[{"embeddable":true,"href":"https:\/\/www.mexicanguitarplayers.com\/en\/wp-json\/wp\/v2\/media\/14209"}],"wp:attachment":[{"href":"https:\/\/www.mexicanguitarplayers.com\/en\/wp-json\/wp\/v2\/media?parent=14211"}],"wp:term":[{"taxonomy":"pwb-brand","embeddable":true,"href":"https:\/\/www.mexicanguitarplayers.com\/en\/wp-json\/wp\/v2\/pwb-brand?post=14211"},{"taxonomy":"product_brand","embeddable":true,"href":"https:\/\/www.mexicanguitarplayers.com\/en\/wp-json\/wp\/v2\/product_brand?post=14211"},{"taxonomy":"product_cat","embeddable":true,"href":"https:\/\/www.mexicanguitarplayers.com\/en\/wp-json\/wp\/v2\/product_cat?post=14211"},{"taxonomy":"product_tag","embeddable":true,"href":"https:\/\/www.mexicanguitarplayers.com\/en\/wp-json\/wp\/v2\/product_tag?post=14211"}],"curies":[{"name":"wp","href":"https:\/\/api.w.org\/{rel}","templated":true}]}}