{"id":14502,"date":"2022-08-18T15:13:36","date_gmt":"2022-08-18T20:13:36","guid":{"rendered":"https:\/\/www.mexicanguitarplayers.com\/tienda\/sin%20categor\u00eda\/audifonos-behringer-mod-hpx2000\/"},"modified":"2026-04-04T22:16:10","modified_gmt":"2026-04-05T04:16:10","slug":"audifonos-behringer-mod-hpx2000","status":"publish","type":"product","link":"https:\/\/www.mexicanguitarplayers.com\/en\/tienda\/audio\/audifonos\/audifono-alambrico\/audifonos-para-dj\/audifonos-behringer-mod-hpx2000\/","title":{"rendered":"BEHRINGER HEADPHONES MOD. HPX2000"},"content":{"rendered":"<div style=\"text-align: justify\">\n<div>\n<h3>BEHRINGER HEADPHONES MOD. HPX2000<\/h3>\n<\/div>\n<div>High-definition bass and super-transparent treble, ultra-high dynamic range, 40mm high-efficiency cobalt capsule, 1\/8 plug and 1\/4 adapter, 2-meter single-sided cable with oxygen-free wire, Rotating rounded ear cups, ultra-durable headband construction, frequency response: 20 Hz \u2013 20 kHz, peak power: 100 mW, impedance: 64 ohms, sensitivity: 110 dB.<\/div>\n<\/div>","protected":false},"excerpt":{"rendered":"<p>Graves de alta definici\u00f3n y agudos s\u00faper transparentes, rango din\u00e1mico ultra alto, c\u00e1psula de cobalto de alta eficiencia de 40 mm, conector de 1\/8 y adaptador de 1\/4, cable de un s\u00f3lo lado de 2 metros con alambre libre de ox\u00edgeno, orejerasredondeadas giratorias, construcci\u00f3n de diadema ultra resistente, respuesta de frecuencia: 20 Hz &#8211; 20 kHz, potencia m\u00e1xima: 100 mW, impedancia: 64 ohms, sensibilidad: 110 dB.&hellip; <a class=\"kt-excerpt-readmore more-link\" href=\"https:\/\/www.mexicanguitarplayers.com\/en\/tienda\/audio\/audifonos\/audifono-alambrico\/audifonos-para-dj\/audifonos-behringer-mod-hpx2000\/\">Read more<\/a><\/p>","protected":false},"featured_media":14500,"comment_status":"open","ping_status":"closed","template":"","meta":{"kt_blocks_editor_width":""},"pwb-brand":[171],"product_brand":[],"product_cat":[506,505,511,213],"product_tag":[],"class_list":{"0":"post-14502","1":"product","2":"type-product","3":"status-publish","4":"has-post-thumbnail","6":"pwb-brand-behringer","7":"product_cat-audifono-alambrico","8":"product_cat-audifonos","9":"product_cat-audifonos-para-dj","10":"product_cat-audio","11":"product_shipping_class-0-5-kg","13":"first","14":"instock","15":"taxable","16":"shipping-taxable","17":"purchasable","18":"product-type-simple"},"yoast_head":"<!-- This site is optimized with the Yoast SEO plugin v27.3 - https:\/\/yoast.com\/product\/yoast-seo-wordpress\/ -->\n<title>AUDIFONOS BEHRINGER MOD. HPX2000 - Mexican Guitar Players<\/title>\n<meta name=\"description\" content=\"AUDIFONOS BEHRINGER MOD. HPX2000. Graves de alta definici\u00f3n y agudos s\u00faper transparentes, rango din\u00e1mico ultra alto, c\u00e1psula de cobalto de alta eficiencia de 40 mm, conector de 1\/8 y adaptador de 1\/4, cable de un s\u00f3lo lado de 2 metros con alambre libre de ox\u00edgeno, orejerasredondeadas giratorias, construcci\u00f3n de diadema ultra resistente, respuesta de frecuencia: 20 Hz - 20 kHz, potencia m\u00e1xima: 100 mW, impedancia: 64 ohms, sensibilidad: 110 dB.\" \/>\n<meta name=\"robots\" content=\"index, follow, max-snippet:-1, max-image-preview:large, max-video-preview:-1\" \/>\n<link rel=\"canonical\" href=\"https:\/\/www.mexicanguitarplayers.com\/en\/tienda\/audio\/audifonos\/audifono-alambrico\/audifonos-para-dj\/audifonos-behringer-mod-hpx2000\/\" \/>\n<meta property=\"og:locale\" content=\"en_US\" \/>\n<meta property=\"og:type\" content=\"article\" \/>\n<meta property=\"og:title\" content=\"AUDIFONOS BEHRINGER MOD. HPX2000 - Mexican Guitar Players\" \/>\n<meta property=\"og:description\" content=\"AUDIFONOS BEHRINGER MOD. HPX2000. Graves de alta definici\u00f3n y agudos s\u00faper transparentes, rango din\u00e1mico ultra alto, c\u00e1psula de cobalto de alta eficiencia de 40 mm, conector de 1\/8 y adaptador de 1\/4, cable de un s\u00f3lo lado de 2 metros con alambre libre de ox\u00edgeno, orejerasredondeadas giratorias, construcci\u00f3n de diadema ultra resistente, respuesta de frecuencia: 20 Hz - 20 kHz, potencia m\u00e1xima: 100 mW, impedancia: 64 ohms, sensibilidad: 110 dB.\" \/>\n<meta property=\"og:url\" content=\"https:\/\/www.mexicanguitarplayers.com\/en\/tienda\/audio\/audifonos\/audifono-alambrico\/audifonos-para-dj\/audifonos-behringer-mod-hpx2000\/\" \/>\n<meta property=\"og:site_name\" content=\"Mexican Guitar Players\" \/>\n<meta property=\"article:modified_time\" content=\"2026-04-05T04:16:10+00:00\" \/>\n<meta property=\"og:image\" content=\"https:\/\/www.mexicanguitarplayers.com\/wp-content\/uploads\/2022\/08\/VABEHHPX2000.jpg\" \/>\n\t<meta property=\"og:image:width\" content=\"1200\" \/>\n\t<meta property=\"og:image:height\" content=\"1200\" \/>\n\t<meta property=\"og:image:type\" content=\"image\/jpeg\" \/>\n<meta name=\"twitter:card\" content=\"summary_large_image\" \/>\n<script type=\"application\/ld+json\" class=\"yoast-schema-graph\">{\"@context\":\"https:\\\/\\\/schema.org\",\"@graph\":[{\"@type\":[\"WebPage\",\"ItemPage\"],\"@id\":\"https:\\\/\\\/www.mexicanguitarplayers.com\\\/tienda\\\/audio\\\/audifonos\\\/audifono-alambrico\\\/audifonos-para-dj\\\/audifonos-behringer-mod-hpx2000\\\/\",\"url\":\"https:\\\/\\\/www.mexicanguitarplayers.com\\\/tienda\\\/audio\\\/audifonos\\\/audifono-alambrico\\\/audifonos-para-dj\\\/audifonos-behringer-mod-hpx2000\\\/\",\"name\":\"AUDIFONOS BEHRINGER MOD. HPX2000 - Mexican Guitar Players\",\"isPartOf\":{\"@id\":\"https:\\\/\\\/www.mexicanguitarplayers.com\\\/#website\"},\"primaryImageOfPage\":{\"@id\":\"https:\\\/\\\/www.mexicanguitarplayers.com\\\/tienda\\\/audio\\\/audifonos\\\/audifono-alambrico\\\/audifonos-para-dj\\\/audifonos-behringer-mod-hpx2000\\\/#primaryimage\"},\"image\":{\"@id\":\"https:\\\/\\\/www.mexicanguitarplayers.com\\\/tienda\\\/audio\\\/audifonos\\\/audifono-alambrico\\\/audifonos-para-dj\\\/audifonos-behringer-mod-hpx2000\\\/#primaryimage\"},\"thumbnailUrl\":\"https:\\\/\\\/www.mexicanguitarplayers.com\\\/wp-content\\\/uploads\\\/2022\\\/08\\\/VABEHHPX2000.jpg\",\"datePublished\":\"2022-08-18T20:13:36+00:00\",\"dateModified\":\"2026-04-05T04:16:10+00:00\",\"description\":\"AUDIFONOS BEHRINGER MOD. HPX2000. Graves de alta definici\u00f3n y agudos s\u00faper transparentes, rango din\u00e1mico ultra alto, c\u00e1psula de cobalto de alta eficiencia de 40 mm, conector de 1\\\/8 y adaptador de 1\\\/4, cable de un s\u00f3lo lado de 2 metros con alambre libre de ox\u00edgeno, orejerasredondeadas giratorias, construcci\u00f3n de diadema ultra resistente, respuesta de frecuencia: 20 Hz - 20 kHz, potencia m\u00e1xima: 100 mW, impedancia: 64 ohms, sensibilidad: 110 dB.\",\"breadcrumb\":{\"@id\":\"https:\\\/\\\/www.mexicanguitarplayers.com\\\/tienda\\\/audio\\\/audifonos\\\/audifono-alambrico\\\/audifonos-para-dj\\\/audifonos-behringer-mod-hpx2000\\\/#breadcrumb\"},\"inLanguage\":\"en-US\",\"potentialAction\":[{\"@type\":\"ReadAction\",\"target\":[\"https:\\\/\\\/www.mexicanguitarplayers.com\\\/tienda\\\/audio\\\/audifonos\\\/audifono-alambrico\\\/audifonos-para-dj\\\/audifonos-behringer-mod-hpx2000\\\/\"]}]},{\"@type\":\"ImageObject\",\"inLanguage\":\"en-US\",\"@id\":\"https:\\\/\\\/www.mexicanguitarplayers.com\\\/tienda\\\/audio\\\/audifonos\\\/audifono-alambrico\\\/audifonos-para-dj\\\/audifonos-behringer-mod-hpx2000\\\/#primaryimage\",\"url\":\"https:\\\/\\\/www.mexicanguitarplayers.com\\\/wp-content\\\/uploads\\\/2022\\\/08\\\/VABEHHPX2000.jpg\",\"contentUrl\":\"https:\\\/\\\/www.mexicanguitarplayers.com\\\/wp-content\\\/uploads\\\/2022\\\/08\\\/VABEHHPX2000.jpg\",\"width\":1200,\"height\":1200},{\"@type\":\"BreadcrumbList\",\"@id\":\"https:\\\/\\\/www.mexicanguitarplayers.com\\\/tienda\\\/audio\\\/audifonos\\\/audifono-alambrico\\\/audifonos-para-dj\\\/audifonos-behringer-mod-hpx2000\\\/#breadcrumb\",\"itemListElement\":[{\"@type\":\"ListItem\",\"position\":1,\"name\":\"Portada\",\"item\":\"https:\\\/\\\/www.mexicanguitarplayers.com\\\/\"},{\"@type\":\"ListItem\",\"position\":2,\"name\":\"Tienda\",\"item\":\"https:\\\/\\\/www.mexicanguitarplayers.com\\\/tienda\\\/\"},{\"@type\":\"ListItem\",\"position\":3,\"name\":\"AUDIFONOS BEHRINGER MOD. HPX2000\"}]},{\"@type\":\"WebSite\",\"@id\":\"https:\\\/\\\/www.mexicanguitarplayers.com\\\/#website\",\"url\":\"https:\\\/\\\/www.mexicanguitarplayers.com\\\/\",\"name\":\"Mexican Guitar Players\",\"description\":\"Website\",\"publisher\":{\"@id\":\"https:\\\/\\\/www.mexicanguitarplayers.com\\\/#organization\"},\"potentialAction\":[{\"@type\":\"SearchAction\",\"target\":{\"@type\":\"EntryPoint\",\"urlTemplate\":\"https:\\\/\\\/www.mexicanguitarplayers.com\\\/?s={search_term_string}\"},\"query-input\":{\"@type\":\"PropertyValueSpecification\",\"valueRequired\":true,\"valueName\":\"search_term_string\"}}],\"inLanguage\":\"en-US\"},{\"@type\":\"Organization\",\"@id\":\"https:\\\/\\\/www.mexicanguitarplayers.com\\\/#organization\",\"name\":\"Mexican Guitar Players\",\"url\":\"https:\\\/\\\/www.mexicanguitarplayers.com\\\/\",\"logo\":{\"@type\":\"ImageObject\",\"inLanguage\":\"en-US\",\"@id\":\"https:\\\/\\\/www.mexicanguitarplayers.com\\\/#\\\/schema\\\/logo\\\/image\\\/\",\"url\":\"\",\"contentUrl\":\"\",\"caption\":\"Mexican Guitar Players\"},\"image\":{\"@id\":\"https:\\\/\\\/www.mexicanguitarplayers.com\\\/#\\\/schema\\\/logo\\\/image\\\/\"}}]}<\/script>\n<!-- \/ Yoast SEO plugin. -->","yoast_head_json":{"title":"AUDIFONOS BEHRINGER MOD. HPX2000 - Mexican Guitar Players","description":"AUDIFONOS BEHRINGER MOD. HPX2000. Graves de alta definici\u00f3n y agudos s\u00faper transparentes, rango din\u00e1mico ultra alto, c\u00e1psula de cobalto de alta eficiencia de 40 mm, conector de 1\/8 y adaptador de 1\/4, cable de un s\u00f3lo lado de 2 metros con alambre libre de ox\u00edgeno, orejerasredondeadas giratorias, construcci\u00f3n de diadema ultra resistente, respuesta de frecuencia: 20 Hz - 20 kHz, potencia m\u00e1xima: 100 mW, impedancia: 64 ohms, sensibilidad: 110 dB.","robots":{"index":"index","follow":"follow","max-snippet":"max-snippet:-1","max-image-preview":"max-image-preview:large","max-video-preview":"max-video-preview:-1"},"canonical":"https:\/\/www.mexicanguitarplayers.com\/en\/tienda\/audio\/audifonos\/audifono-alambrico\/audifonos-para-dj\/audifonos-behringer-mod-hpx2000\/","og_locale":"en_US","og_type":"article","og_title":"AUDIFONOS BEHRINGER MOD. HPX2000 - Mexican Guitar Players","og_description":"AUDIFONOS BEHRINGER MOD. HPX2000. Graves de alta definici\u00f3n y agudos s\u00faper transparentes, rango din\u00e1mico ultra alto, c\u00e1psula de cobalto de alta eficiencia de 40 mm, conector de 1\/8 y adaptador de 1\/4, cable de un s\u00f3lo lado de 2 metros con alambre libre de ox\u00edgeno, orejerasredondeadas giratorias, construcci\u00f3n de diadema ultra resistente, respuesta de frecuencia: 20 Hz - 20 kHz, potencia m\u00e1xima: 100 mW, impedancia: 64 ohms, sensibilidad: 110 dB.","og_url":"https:\/\/www.mexicanguitarplayers.com\/en\/tienda\/audio\/audifonos\/audifono-alambrico\/audifonos-para-dj\/audifonos-behringer-mod-hpx2000\/","og_site_name":"Mexican Guitar Players","article_modified_time":"2026-04-05T04:16:10+00:00","og_image":[{"width":1200,"height":1200,"url":"https:\/\/www.mexicanguitarplayers.com\/wp-content\/uploads\/2022\/08\/VABEHHPX2000.jpg","type":"image\/jpeg"}],"twitter_card":"summary_large_image","schema":{"@context":"https:\/\/schema.org","@graph":[{"@type":["WebPage","ItemPage"],"@id":"https:\/\/www.mexicanguitarplayers.com\/tienda\/audio\/audifonos\/audifono-alambrico\/audifonos-para-dj\/audifonos-behringer-mod-hpx2000\/","url":"https:\/\/www.mexicanguitarplayers.com\/tienda\/audio\/audifonos\/audifono-alambrico\/audifonos-para-dj\/audifonos-behringer-mod-hpx2000\/","name":"AUDIFONOS BEHRINGER MOD. HPX2000 - Mexican Guitar Players","isPartOf":{"@id":"https:\/\/www.mexicanguitarplayers.com\/#website"},"primaryImageOfPage":{"@id":"https:\/\/www.mexicanguitarplayers.com\/tienda\/audio\/audifonos\/audifono-alambrico\/audifonos-para-dj\/audifonos-behringer-mod-hpx2000\/#primaryimage"},"image":{"@id":"https:\/\/www.mexicanguitarplayers.com\/tienda\/audio\/audifonos\/audifono-alambrico\/audifonos-para-dj\/audifonos-behringer-mod-hpx2000\/#primaryimage"},"thumbnailUrl":"https:\/\/www.mexicanguitarplayers.com\/wp-content\/uploads\/2022\/08\/VABEHHPX2000.jpg","datePublished":"2022-08-18T20:13:36+00:00","dateModified":"2026-04-05T04:16:10+00:00","description":"AUDIFONOS BEHRINGER MOD. HPX2000. Graves de alta definici\u00f3n y agudos s\u00faper transparentes, rango din\u00e1mico ultra alto, c\u00e1psula de cobalto de alta eficiencia de 40 mm, conector de 1\/8 y adaptador de 1\/4, cable de un s\u00f3lo lado de 2 metros con alambre libre de ox\u00edgeno, orejerasredondeadas giratorias, construcci\u00f3n de diadema ultra resistente, respuesta de frecuencia: 20 Hz - 20 kHz, potencia m\u00e1xima: 100 mW, impedancia: 64 ohms, sensibilidad: 110 dB.","breadcrumb":{"@id":"https:\/\/www.mexicanguitarplayers.com\/tienda\/audio\/audifonos\/audifono-alambrico\/audifonos-para-dj\/audifonos-behringer-mod-hpx2000\/#breadcrumb"},"inLanguage":"en-US","potentialAction":[{"@type":"ReadAction","target":["https:\/\/www.mexicanguitarplayers.com\/tienda\/audio\/audifonos\/audifono-alambrico\/audifonos-para-dj\/audifonos-behringer-mod-hpx2000\/"]}]},{"@type":"ImageObject","inLanguage":"en-US","@id":"https:\/\/www.mexicanguitarplayers.com\/tienda\/audio\/audifonos\/audifono-alambrico\/audifonos-para-dj\/audifonos-behringer-mod-hpx2000\/#primaryimage","url":"https:\/\/www.mexicanguitarplayers.com\/wp-content\/uploads\/2022\/08\/VABEHHPX2000.jpg","contentUrl":"https:\/\/www.mexicanguitarplayers.com\/wp-content\/uploads\/2022\/08\/VABEHHPX2000.jpg","width":1200,"height":1200},{"@type":"BreadcrumbList","@id":"https:\/\/www.mexicanguitarplayers.com\/tienda\/audio\/audifonos\/audifono-alambrico\/audifonos-para-dj\/audifonos-behringer-mod-hpx2000\/#breadcrumb","itemListElement":[{"@type":"ListItem","position":1,"name":"Portada","item":"https:\/\/www.mexicanguitarplayers.com\/"},{"@type":"ListItem","position":2,"name":"Tienda","item":"https:\/\/www.mexicanguitarplayers.com\/tienda\/"},{"@type":"ListItem","position":3,"name":"AUDIFONOS BEHRINGER MOD. HPX2000"}]},{"@type":"WebSite","@id":"https:\/\/www.mexicanguitarplayers.com\/#website","url":"https:\/\/www.mexicanguitarplayers.com\/","name":"Mexican Guitar Players","description":"Website","publisher":{"@id":"https:\/\/www.mexicanguitarplayers.com\/#organization"},"potentialAction":[{"@type":"SearchAction","target":{"@type":"EntryPoint","urlTemplate":"https:\/\/www.mexicanguitarplayers.com\/?s={search_term_string}"},"query-input":{"@type":"PropertyValueSpecification","valueRequired":true,"valueName":"search_term_string"}}],"inLanguage":"en-US"},{"@type":"Organization","@id":"https:\/\/www.mexicanguitarplayers.com\/#organization","name":"Mexican Guitar Players","url":"https:\/\/www.mexicanguitarplayers.com\/","logo":{"@type":"ImageObject","inLanguage":"en-US","@id":"https:\/\/www.mexicanguitarplayers.com\/#\/schema\/logo\/image\/","url":"","contentUrl":"","caption":"Mexican Guitar Players"},"image":{"@id":"https:\/\/www.mexicanguitarplayers.com\/#\/schema\/logo\/image\/"}}]}},"brands":[{"id":171,"name":"BEHRINGER","slug":"behringer"}],"_links":{"self":[{"href":"https:\/\/www.mexicanguitarplayers.com\/en\/wp-json\/wp\/v2\/product\/14502","targetHints":{"allow":["GET"]}}],"collection":[{"href":"https:\/\/www.mexicanguitarplayers.com\/en\/wp-json\/wp\/v2\/product"}],"about":[{"href":"https:\/\/www.mexicanguitarplayers.com\/en\/wp-json\/wp\/v2\/types\/product"}],"replies":[{"embeddable":true,"href":"https:\/\/www.mexicanguitarplayers.com\/en\/wp-json\/wp\/v2\/comments?post=14502"}],"wp:featuredmedia":[{"embeddable":true,"href":"https:\/\/www.mexicanguitarplayers.com\/en\/wp-json\/wp\/v2\/media\/14500"}],"wp:attachment":[{"href":"https:\/\/www.mexicanguitarplayers.com\/en\/wp-json\/wp\/v2\/media?parent=14502"}],"wp:term":[{"taxonomy":"pwb-brand","embeddable":true,"href":"https:\/\/www.mexicanguitarplayers.com\/en\/wp-json\/wp\/v2\/pwb-brand?post=14502"},{"taxonomy":"product_brand","embeddable":true,"href":"https:\/\/www.mexicanguitarplayers.com\/en\/wp-json\/wp\/v2\/product_brand?post=14502"},{"taxonomy":"product_cat","embeddable":true,"href":"https:\/\/www.mexicanguitarplayers.com\/en\/wp-json\/wp\/v2\/product_cat?post=14502"},{"taxonomy":"product_tag","embeddable":true,"href":"https:\/\/www.mexicanguitarplayers.com\/en\/wp-json\/wp\/v2\/product_tag?post=14502"}],"curies":[{"name":"wp","href":"https:\/\/api.w.org\/{rel}","templated":true}]}}