{"id":14516,"date":"2022-08-18T15:13:58","date_gmt":"2022-08-18T20:13:58","guid":{"rendered":"https:\/\/www.mexicanguitarplayers.com\/tienda\/sin%20categor\u00eda\/soporte-behringer-p-teclado-mod-ks1002\/"},"modified":"2026-05-01T07:41:20","modified_gmt":"2026-05-01T13:41:20","slug":"soporte-behringer-p-teclado-mod-ks1002","status":"publish","type":"product","link":"https:\/\/www.mexicanguitarplayers.com\/en\/tienda\/accesorios\/stands\/para-instrumento-stands\/soporte-behringer-p-teclado-mod-ks1002\/","title":{"rendered":"BEHRINGER SUPPORT FOR KEYBOARD MOD. KS1002"},"content":{"rendered":"<div style=\"text-align: justify\">\n<div>\n<h3>BEHRINGER SUPPORT FOR KEYBOARD MOD. KS1002<\/h3>\n<\/div>\n<div>Professional X-Ring Keyboard Stand, Suitable for Synthesizers, MIDI Controllers, Digital Pianos in Studio or Live Performances, Double Braced Design, Adjustable Shock-Absorbing Shoulders to Protect Your Instrument and Provide a Stable Grip, Precise Adjustment from 50.8 to 96.52 cm, quick release locking pin for secure height and width adjustment, heavy duty with up to 25kg max load, lightweight design for easy transport and storage, weight: 4.5kg.<\/div>\n<\/div>","protected":false},"excerpt":{"rendered":"<p>Soporte profesional en X para teclado, adecuado para sintetizadores, controladores MIDI, pianos digitales en estudio o presentaciones en vivo, dise\u00f1o de doble refuerzo, omas ajustables que absorben los golpes para proteger tu instrumento y proporcionar un agarre estable, ajuste preciso de 50.8 a 96.52 cm, pasador de bloqueo de liberaci\u00f3n r\u00e1pida para un ajuste seguro de la altura y el ancho, servicio pesado con hasta 25 kg de carga m\u00e1xima, dise\u00f1o liviano para un f\u00e1cil transporte y almacenamiento, peso: 4.5 kg.&hellip; <a class=\"kt-excerpt-readmore more-link\" href=\"https:\/\/www.mexicanguitarplayers.com\/en\/tienda\/accesorios\/stands\/para-instrumento-stands\/soporte-behringer-p-teclado-mod-ks1002\/\">Read more<\/a><\/p>","protected":false},"featured_media":14513,"comment_status":"open","ping_status":"closed","template":"","meta":{"kt_blocks_editor_width":""},"pwb-brand":[171],"product_brand":[],"product_cat":[85,510,416],"product_tag":[],"class_list":{"0":"post-14516","1":"product","2":"type-product","3":"status-publish","4":"has-post-thumbnail","6":"pwb-brand-behringer","7":"product_cat-accesorios","8":"product_cat-para-instrumento-stands","9":"product_cat-stands","10":"product_shipping_class-5-10-kg","12":"first","13":"instock","14":"taxable","15":"shipping-taxable","16":"purchasable","17":"product-type-simple"},"yoast_head":"<!-- This site is optimized with the Yoast SEO plugin v27.5 - https:\/\/yoast.com\/product\/yoast-seo-wordpress\/ -->\n<title>SOPORTE BEHRINGER P\/TECLADO MOD. KS1002 - Mexican Guitar Players<\/title>\n<meta name=\"description\" content=\"SOPORTE BEHRINGER P\/TECLADO MOD. KS1002. Soporte profesional en X para teclado, adecuado para sintetizadores, controladores MIDI, pianos digitales en estudio o presentaciones en vivo, dise\u00f1o de doble refuerzo, omas ajustables que absorben los golpes para proteger tu instrumento y proporcionar un agarre estable, ajuste preciso de 50.8 a 96.52 cm, pasador de bloqueo de liberaci\u00f3n r\u00e1pida para un ajuste seguro de la altura y el ancho, servicio pesado con hasta 25 kg de carga m\u00e1xima, dise\u00f1o liviano para un f\u00e1cil transporte y almacenamiento, peso: 4.5 kg.\" \/>\n<meta name=\"robots\" content=\"index, follow, max-snippet:-1, max-image-preview:large, max-video-preview:-1\" \/>\n<link rel=\"canonical\" href=\"https:\/\/www.mexicanguitarplayers.com\/en\/tienda\/accesorios\/stands\/para-instrumento-stands\/soporte-behringer-p-teclado-mod-ks1002\/\" \/>\n<meta property=\"og:locale\" content=\"en_US\" \/>\n<meta property=\"og:type\" content=\"article\" \/>\n<meta property=\"og:title\" content=\"SOPORTE BEHRINGER P\/TECLADO MOD. KS1002 - Mexican Guitar Players\" \/>\n<meta property=\"og:description\" content=\"SOPORTE BEHRINGER P\/TECLADO MOD. KS1002. Soporte profesional en X para teclado, adecuado para sintetizadores, controladores MIDI, pianos digitales en estudio o presentaciones en vivo, dise\u00f1o de doble refuerzo, omas ajustables que absorben los golpes para proteger tu instrumento y proporcionar un agarre estable, ajuste preciso de 50.8 a 96.52 cm, pasador de bloqueo de liberaci\u00f3n r\u00e1pida para un ajuste seguro de la altura y el ancho, servicio pesado con hasta 25 kg de carga m\u00e1xima, dise\u00f1o liviano para un f\u00e1cil transporte y almacenamiento, peso: 4.5 kg.\" \/>\n<meta property=\"og:url\" content=\"https:\/\/www.mexicanguitarplayers.com\/en\/tienda\/accesorios\/stands\/para-instrumento-stands\/soporte-behringer-p-teclado-mod-ks1002\/\" \/>\n<meta property=\"og:site_name\" content=\"Mexican Guitar Players\" \/>\n<meta property=\"article:modified_time\" content=\"2026-05-01T13:41:20+00:00\" \/>\n<meta property=\"og:image\" content=\"https:\/\/www.mexicanguitarplayers.com\/wp-content\/uploads\/2022\/08\/VABEHKS1002.jpg\" \/>\n\t<meta property=\"og:image:width\" content=\"1200\" \/>\n\t<meta property=\"og:image:height\" content=\"1200\" \/>\n\t<meta property=\"og:image:type\" content=\"image\/jpeg\" \/>\n<meta name=\"twitter:card\" content=\"summary_large_image\" \/>\n<script type=\"application\/ld+json\" class=\"yoast-schema-graph\">{\"@context\":\"https:\\\/\\\/schema.org\",\"@graph\":[{\"@type\":[\"WebPage\",\"ItemPage\"],\"@id\":\"https:\\\/\\\/www.mexicanguitarplayers.com\\\/tienda\\\/accesorios\\\/stands\\\/para-instrumento-stands\\\/soporte-behringer-p-teclado-mod-ks1002\\\/\",\"url\":\"https:\\\/\\\/www.mexicanguitarplayers.com\\\/tienda\\\/accesorios\\\/stands\\\/para-instrumento-stands\\\/soporte-behringer-p-teclado-mod-ks1002\\\/\",\"name\":\"SOPORTE BEHRINGER P\\\/TECLADO MOD. KS1002 - Mexican Guitar Players\",\"isPartOf\":{\"@id\":\"https:\\\/\\\/www.mexicanguitarplayers.com\\\/#website\"},\"primaryImageOfPage\":{\"@id\":\"https:\\\/\\\/www.mexicanguitarplayers.com\\\/tienda\\\/accesorios\\\/stands\\\/para-instrumento-stands\\\/soporte-behringer-p-teclado-mod-ks1002\\\/#primaryimage\"},\"image\":{\"@id\":\"https:\\\/\\\/www.mexicanguitarplayers.com\\\/tienda\\\/accesorios\\\/stands\\\/para-instrumento-stands\\\/soporte-behringer-p-teclado-mod-ks1002\\\/#primaryimage\"},\"thumbnailUrl\":\"https:\\\/\\\/www.mexicanguitarplayers.com\\\/wp-content\\\/uploads\\\/2022\\\/08\\\/VABEHKS1002.jpg\",\"datePublished\":\"2022-08-18T20:13:58+00:00\",\"dateModified\":\"2026-05-01T13:41:20+00:00\",\"description\":\"SOPORTE BEHRINGER P\\\/TECLADO MOD. KS1002. Soporte profesional en X para teclado, adecuado para sintetizadores, controladores MIDI, pianos digitales en estudio o presentaciones en vivo, dise\u00f1o de doble refuerzo, omas ajustables que absorben los golpes para proteger tu instrumento y proporcionar un agarre estable, ajuste preciso de 50.8 a 96.52 cm, pasador de bloqueo de liberaci\u00f3n r\u00e1pida para un ajuste seguro de la altura y el ancho, servicio pesado con hasta 25 kg de carga m\u00e1xima, dise\u00f1o liviano para un f\u00e1cil transporte y almacenamiento, peso: 4.5 kg.\",\"breadcrumb\":{\"@id\":\"https:\\\/\\\/www.mexicanguitarplayers.com\\\/tienda\\\/accesorios\\\/stands\\\/para-instrumento-stands\\\/soporte-behringer-p-teclado-mod-ks1002\\\/#breadcrumb\"},\"inLanguage\":\"en-US\",\"potentialAction\":[{\"@type\":\"ReadAction\",\"target\":[\"https:\\\/\\\/www.mexicanguitarplayers.com\\\/tienda\\\/accesorios\\\/stands\\\/para-instrumento-stands\\\/soporte-behringer-p-teclado-mod-ks1002\\\/\"]}]},{\"@type\":\"ImageObject\",\"inLanguage\":\"en-US\",\"@id\":\"https:\\\/\\\/www.mexicanguitarplayers.com\\\/tienda\\\/accesorios\\\/stands\\\/para-instrumento-stands\\\/soporte-behringer-p-teclado-mod-ks1002\\\/#primaryimage\",\"url\":\"https:\\\/\\\/www.mexicanguitarplayers.com\\\/wp-content\\\/uploads\\\/2022\\\/08\\\/VABEHKS1002.jpg\",\"contentUrl\":\"https:\\\/\\\/www.mexicanguitarplayers.com\\\/wp-content\\\/uploads\\\/2022\\\/08\\\/VABEHKS1002.jpg\",\"width\":1200,\"height\":1200},{\"@type\":\"BreadcrumbList\",\"@id\":\"https:\\\/\\\/www.mexicanguitarplayers.com\\\/tienda\\\/accesorios\\\/stands\\\/para-instrumento-stands\\\/soporte-behringer-p-teclado-mod-ks1002\\\/#breadcrumb\",\"itemListElement\":[{\"@type\":\"ListItem\",\"position\":1,\"name\":\"Portada\",\"item\":\"https:\\\/\\\/www.mexicanguitarplayers.com\\\/\"},{\"@type\":\"ListItem\",\"position\":2,\"name\":\"Tienda\",\"item\":\"https:\\\/\\\/www.mexicanguitarplayers.com\\\/tienda\\\/\"},{\"@type\":\"ListItem\",\"position\":3,\"name\":\"SOPORTE BEHRINGER P\\\/TECLADO MOD. KS1002\"}]},{\"@type\":\"WebSite\",\"@id\":\"https:\\\/\\\/www.mexicanguitarplayers.com\\\/#website\",\"url\":\"https:\\\/\\\/www.mexicanguitarplayers.com\\\/\",\"name\":\"Mexican Guitar Players\",\"description\":\"Website\",\"publisher\":{\"@id\":\"https:\\\/\\\/www.mexicanguitarplayers.com\\\/#organization\"},\"potentialAction\":[{\"@type\":\"SearchAction\",\"target\":{\"@type\":\"EntryPoint\",\"urlTemplate\":\"https:\\\/\\\/www.mexicanguitarplayers.com\\\/?s={search_term_string}\"},\"query-input\":{\"@type\":\"PropertyValueSpecification\",\"valueRequired\":true,\"valueName\":\"search_term_string\"}}],\"inLanguage\":\"en-US\"},{\"@type\":\"Organization\",\"@id\":\"https:\\\/\\\/www.mexicanguitarplayers.com\\\/#organization\",\"name\":\"Mexican Guitar Players\",\"url\":\"https:\\\/\\\/www.mexicanguitarplayers.com\\\/\",\"logo\":{\"@type\":\"ImageObject\",\"inLanguage\":\"en-US\",\"@id\":\"https:\\\/\\\/www.mexicanguitarplayers.com\\\/#\\\/schema\\\/logo\\\/image\\\/\",\"url\":\"\",\"contentUrl\":\"\",\"caption\":\"Mexican Guitar Players\"},\"image\":{\"@id\":\"https:\\\/\\\/www.mexicanguitarplayers.com\\\/#\\\/schema\\\/logo\\\/image\\\/\"}}]}<\/script>\n<!-- \/ Yoast SEO plugin. -->","yoast_head_json":{"title":"SOPORTE BEHRINGER P\/TECLADO MOD. KS1002 - Mexican Guitar Players","description":"SOPORTE BEHRINGER P\/TECLADO MOD. KS1002. Soporte profesional en X para teclado, adecuado para sintetizadores, controladores MIDI, pianos digitales en estudio o presentaciones en vivo, dise\u00f1o de doble refuerzo, omas ajustables que absorben los golpes para proteger tu instrumento y proporcionar un agarre estable, ajuste preciso de 50.8 a 96.52 cm, pasador de bloqueo de liberaci\u00f3n r\u00e1pida para un ajuste seguro de la altura y el ancho, servicio pesado con hasta 25 kg de carga m\u00e1xima, dise\u00f1o liviano para un f\u00e1cil transporte y almacenamiento, peso: 4.5 kg.","robots":{"index":"index","follow":"follow","max-snippet":"max-snippet:-1","max-image-preview":"max-image-preview:large","max-video-preview":"max-video-preview:-1"},"canonical":"https:\/\/www.mexicanguitarplayers.com\/en\/tienda\/accesorios\/stands\/para-instrumento-stands\/soporte-behringer-p-teclado-mod-ks1002\/","og_locale":"en_US","og_type":"article","og_title":"SOPORTE BEHRINGER P\/TECLADO MOD. KS1002 - Mexican Guitar Players","og_description":"SOPORTE BEHRINGER P\/TECLADO MOD. KS1002. Soporte profesional en X para teclado, adecuado para sintetizadores, controladores MIDI, pianos digitales en estudio o presentaciones en vivo, dise\u00f1o de doble refuerzo, omas ajustables que absorben los golpes para proteger tu instrumento y proporcionar un agarre estable, ajuste preciso de 50.8 a 96.52 cm, pasador de bloqueo de liberaci\u00f3n r\u00e1pida para un ajuste seguro de la altura y el ancho, servicio pesado con hasta 25 kg de carga m\u00e1xima, dise\u00f1o liviano para un f\u00e1cil transporte y almacenamiento, peso: 4.5 kg.","og_url":"https:\/\/www.mexicanguitarplayers.com\/en\/tienda\/accesorios\/stands\/para-instrumento-stands\/soporte-behringer-p-teclado-mod-ks1002\/","og_site_name":"Mexican Guitar Players","article_modified_time":"2026-05-01T13:41:20+00:00","og_image":[{"width":1200,"height":1200,"url":"https:\/\/www.mexicanguitarplayers.com\/wp-content\/uploads\/2022\/08\/VABEHKS1002.jpg","type":"image\/jpeg"}],"twitter_card":"summary_large_image","schema":{"@context":"https:\/\/schema.org","@graph":[{"@type":["WebPage","ItemPage"],"@id":"https:\/\/www.mexicanguitarplayers.com\/tienda\/accesorios\/stands\/para-instrumento-stands\/soporte-behringer-p-teclado-mod-ks1002\/","url":"https:\/\/www.mexicanguitarplayers.com\/tienda\/accesorios\/stands\/para-instrumento-stands\/soporte-behringer-p-teclado-mod-ks1002\/","name":"SOPORTE BEHRINGER P\/TECLADO MOD. KS1002 - Mexican Guitar Players","isPartOf":{"@id":"https:\/\/www.mexicanguitarplayers.com\/#website"},"primaryImageOfPage":{"@id":"https:\/\/www.mexicanguitarplayers.com\/tienda\/accesorios\/stands\/para-instrumento-stands\/soporte-behringer-p-teclado-mod-ks1002\/#primaryimage"},"image":{"@id":"https:\/\/www.mexicanguitarplayers.com\/tienda\/accesorios\/stands\/para-instrumento-stands\/soporte-behringer-p-teclado-mod-ks1002\/#primaryimage"},"thumbnailUrl":"https:\/\/www.mexicanguitarplayers.com\/wp-content\/uploads\/2022\/08\/VABEHKS1002.jpg","datePublished":"2022-08-18T20:13:58+00:00","dateModified":"2026-05-01T13:41:20+00:00","description":"SOPORTE BEHRINGER P\/TECLADO MOD. KS1002. Soporte profesional en X para teclado, adecuado para sintetizadores, controladores MIDI, pianos digitales en estudio o presentaciones en vivo, dise\u00f1o de doble refuerzo, omas ajustables que absorben los golpes para proteger tu instrumento y proporcionar un agarre estable, ajuste preciso de 50.8 a 96.52 cm, pasador de bloqueo de liberaci\u00f3n r\u00e1pida para un ajuste seguro de la altura y el ancho, servicio pesado con hasta 25 kg de carga m\u00e1xima, dise\u00f1o liviano para un f\u00e1cil transporte y almacenamiento, peso: 4.5 kg.","breadcrumb":{"@id":"https:\/\/www.mexicanguitarplayers.com\/tienda\/accesorios\/stands\/para-instrumento-stands\/soporte-behringer-p-teclado-mod-ks1002\/#breadcrumb"},"inLanguage":"en-US","potentialAction":[{"@type":"ReadAction","target":["https:\/\/www.mexicanguitarplayers.com\/tienda\/accesorios\/stands\/para-instrumento-stands\/soporte-behringer-p-teclado-mod-ks1002\/"]}]},{"@type":"ImageObject","inLanguage":"en-US","@id":"https:\/\/www.mexicanguitarplayers.com\/tienda\/accesorios\/stands\/para-instrumento-stands\/soporte-behringer-p-teclado-mod-ks1002\/#primaryimage","url":"https:\/\/www.mexicanguitarplayers.com\/wp-content\/uploads\/2022\/08\/VABEHKS1002.jpg","contentUrl":"https:\/\/www.mexicanguitarplayers.com\/wp-content\/uploads\/2022\/08\/VABEHKS1002.jpg","width":1200,"height":1200},{"@type":"BreadcrumbList","@id":"https:\/\/www.mexicanguitarplayers.com\/tienda\/accesorios\/stands\/para-instrumento-stands\/soporte-behringer-p-teclado-mod-ks1002\/#breadcrumb","itemListElement":[{"@type":"ListItem","position":1,"name":"Portada","item":"https:\/\/www.mexicanguitarplayers.com\/"},{"@type":"ListItem","position":2,"name":"Tienda","item":"https:\/\/www.mexicanguitarplayers.com\/tienda\/"},{"@type":"ListItem","position":3,"name":"SOPORTE BEHRINGER P\/TECLADO MOD. KS1002"}]},{"@type":"WebSite","@id":"https:\/\/www.mexicanguitarplayers.com\/#website","url":"https:\/\/www.mexicanguitarplayers.com\/","name":"Mexican Guitar Players","description":"Website","publisher":{"@id":"https:\/\/www.mexicanguitarplayers.com\/#organization"},"potentialAction":[{"@type":"SearchAction","target":{"@type":"EntryPoint","urlTemplate":"https:\/\/www.mexicanguitarplayers.com\/?s={search_term_string}"},"query-input":{"@type":"PropertyValueSpecification","valueRequired":true,"valueName":"search_term_string"}}],"inLanguage":"en-US"},{"@type":"Organization","@id":"https:\/\/www.mexicanguitarplayers.com\/#organization","name":"Mexican Guitar Players","url":"https:\/\/www.mexicanguitarplayers.com\/","logo":{"@type":"ImageObject","inLanguage":"en-US","@id":"https:\/\/www.mexicanguitarplayers.com\/#\/schema\/logo\/image\/","url":"","contentUrl":"","caption":"Mexican Guitar Players"},"image":{"@id":"https:\/\/www.mexicanguitarplayers.com\/#\/schema\/logo\/image\/"}}]}},"brands":[{"id":171,"name":"BEHRINGER","slug":"behringer"}],"_links":{"self":[{"href":"https:\/\/www.mexicanguitarplayers.com\/en\/wp-json\/wp\/v2\/product\/14516","targetHints":{"allow":["GET"]}}],"collection":[{"href":"https:\/\/www.mexicanguitarplayers.com\/en\/wp-json\/wp\/v2\/product"}],"about":[{"href":"https:\/\/www.mexicanguitarplayers.com\/en\/wp-json\/wp\/v2\/types\/product"}],"replies":[{"embeddable":true,"href":"https:\/\/www.mexicanguitarplayers.com\/en\/wp-json\/wp\/v2\/comments?post=14516"}],"wp:featuredmedia":[{"embeddable":true,"href":"https:\/\/www.mexicanguitarplayers.com\/en\/wp-json\/wp\/v2\/media\/14513"}],"wp:attachment":[{"href":"https:\/\/www.mexicanguitarplayers.com\/en\/wp-json\/wp\/v2\/media?parent=14516"}],"wp:term":[{"taxonomy":"pwb-brand","embeddable":true,"href":"https:\/\/www.mexicanguitarplayers.com\/en\/wp-json\/wp\/v2\/pwb-brand?post=14516"},{"taxonomy":"product_brand","embeddable":true,"href":"https:\/\/www.mexicanguitarplayers.com\/en\/wp-json\/wp\/v2\/product_brand?post=14516"},{"taxonomy":"product_cat","embeddable":true,"href":"https:\/\/www.mexicanguitarplayers.com\/en\/wp-json\/wp\/v2\/product_cat?post=14516"},{"taxonomy":"product_tag","embeddable":true,"href":"https:\/\/www.mexicanguitarplayers.com\/en\/wp-json\/wp\/v2\/product_tag?post=14516"}],"curies":[{"name":"wp","href":"https:\/\/api.w.org\/{rel}","templated":true}]}}