{"id":14538,"date":"2022-08-18T15:14:43","date_gmt":"2022-08-18T20:14:43","guid":{"rendered":"https:\/\/www.mexicanguitarplayers.com\/tienda\/sin%20categor\u00eda\/soporte-behringer-p-monitor-mod-sm5001\/"},"modified":"2026-04-10T05:09:23","modified_gmt":"2026-04-10T11:09:23","slug":"soporte-behringer-p-monitor-mod-sm5001","status":"publish","type":"product","link":"https:\/\/www.mexicanguitarplayers.com\/en\/tienda\/accesorios\/stands\/para-bocina\/soporte-behringer-p-monitor-mod-sm5001\/","title":{"rendered":"BEHRINGER MONITOR SUPPORT MOD. SM5001"},"content":{"rendered":"<div style=\"text-align: justify\">\n<div>\n<h3>BEHRINGER MONITOR SUPPORT MOD. SM5001<\/h3>\n<\/div>\n<div>Universal Triangle Stand for Nearfield Studio Monitor and Wide Range Speakers - Height Adjustable - Heavy Duty - Perfect for Recording Studios and Listening Environments - Large 10&quot; x 10&quot; Metal Platform with Soft Rubber Padding that Reduces vibration, 5-step precise height adjustment from 93 to 115 cm rise, made of heavy-duty steel for a maximum weight capacity of 25 kg, 45 cm floor length per side.<\/div>\n<\/div>","protected":false},"excerpt":{"rendered":"<p>Soporte universal triangular para monitor de estudio de campo cercano y una amplia gama de altavoces, ajustable en altura, para trabajo pesado, perfecto para estudios de grabaci\u00f3n y entornos de escucha, gran plataforma de metal de 25 x 25 cm con acolchado de goma suave que reduce la vibraci\u00f3n, ajuste de altura preciso en 5 pasos desde 93 hasta 115 cm de elevaci\u00f3n, fabricado con acero resistente para una capacidad m\u00e1xima de peso de 25 kg, longitud de la base del piso de 45 cm por lado.&hellip; <a class=\"kt-excerpt-readmore more-link\" href=\"https:\/\/www.mexicanguitarplayers.com\/en\/tienda\/accesorios\/stands\/para-bocina\/soporte-behringer-p-monitor-mod-sm5001\/\">Read more<\/a><\/p>","protected":false},"featured_media":14534,"comment_status":"open","ping_status":"closed","template":"","meta":{"kt_blocks_editor_width":""},"pwb-brand":[171],"product_brand":[],"product_cat":[85,417,416],"product_tag":[],"class_list":{"0":"post-14538","1":"product","2":"type-product","3":"status-publish","4":"has-post-thumbnail","6":"pwb-brand-behringer","7":"product_cat-accesorios","8":"product_cat-para-bocina","9":"product_cat-stands","10":"product_shipping_class-5-10-kg","12":"first","13":"outofstock","14":"taxable","15":"shipping-taxable","16":"purchasable","17":"product-type-simple"},"yoast_head":"<!-- This site is optimized with the Yoast SEO plugin v27.6 - https:\/\/yoast.com\/product\/yoast-seo-wordpress\/ -->\n<title>SOPORTE BEHRINGER P\/MONITOR MOD. SM5001 - Mexican Guitar Players<\/title>\n<meta name=\"description\" content=\"SOPORTE BEHRINGER P\/MONITOR MOD. SM5001. Soporte universal triangular para monitor de estudio de campo cercano y una amplia gama de altavoces, ajustable en altura, para trabajo pesado, perfecto para estudios de grabaci\u00f3n y entornos de escucha, gran plataforma de metal de 25 x 25 cm con acolchado de goma suave que reduce la vibraci\u00f3n, ajuste de altura preciso en 5 pasos desde 93 hasta 115 cm de elevaci\u00f3n, fabricado con acero resistente para una capacidad m\u00e1xima de peso de 25 kg, longitud de la base del piso de 45 cm por lado.\" \/>\n<meta name=\"robots\" content=\"index, follow, max-snippet:-1, max-image-preview:large, max-video-preview:-1\" \/>\n<link rel=\"canonical\" href=\"https:\/\/www.mexicanguitarplayers.com\/en\/tienda\/accesorios\/stands\/para-bocina\/soporte-behringer-p-monitor-mod-sm5001\/\" \/>\n<meta property=\"og:locale\" content=\"en_US\" \/>\n<meta property=\"og:type\" content=\"article\" \/>\n<meta property=\"og:title\" content=\"SOPORTE BEHRINGER P\/MONITOR MOD. SM5001 - Mexican Guitar Players\" \/>\n<meta property=\"og:description\" content=\"SOPORTE BEHRINGER P\/MONITOR MOD. SM5001. Soporte universal triangular para monitor de estudio de campo cercano y una amplia gama de altavoces, ajustable en altura, para trabajo pesado, perfecto para estudios de grabaci\u00f3n y entornos de escucha, gran plataforma de metal de 25 x 25 cm con acolchado de goma suave que reduce la vibraci\u00f3n, ajuste de altura preciso en 5 pasos desde 93 hasta 115 cm de elevaci\u00f3n, fabricado con acero resistente para una capacidad m\u00e1xima de peso de 25 kg, longitud de la base del piso de 45 cm por lado.\" \/>\n<meta property=\"og:url\" content=\"https:\/\/www.mexicanguitarplayers.com\/en\/tienda\/accesorios\/stands\/para-bocina\/soporte-behringer-p-monitor-mod-sm5001\/\" \/>\n<meta property=\"og:site_name\" content=\"Mexican Guitar Players\" \/>\n<meta property=\"article:modified_time\" content=\"2026-04-10T11:09:23+00:00\" \/>\n<meta property=\"og:image\" content=\"https:\/\/www.mexicanguitarplayers.com\/wp-content\/uploads\/2022\/08\/VABEHSM5001.jpg\" \/>\n\t<meta property=\"og:image:width\" content=\"800\" \/>\n\t<meta property=\"og:image:height\" content=\"1600\" \/>\n\t<meta property=\"og:image:type\" content=\"image\/jpeg\" \/>\n<meta name=\"twitter:card\" content=\"summary_large_image\" \/>\n<script type=\"application\/ld+json\" class=\"yoast-schema-graph\">{\"@context\":\"https:\\\/\\\/schema.org\",\"@graph\":[{\"@type\":[\"WebPage\",\"ItemPage\"],\"@id\":\"https:\\\/\\\/www.mexicanguitarplayers.com\\\/tienda\\\/accesorios\\\/stands\\\/para-bocina\\\/soporte-behringer-p-monitor-mod-sm5001\\\/\",\"url\":\"https:\\\/\\\/www.mexicanguitarplayers.com\\\/tienda\\\/accesorios\\\/stands\\\/para-bocina\\\/soporte-behringer-p-monitor-mod-sm5001\\\/\",\"name\":\"SOPORTE BEHRINGER P\\\/MONITOR MOD. SM5001 - Mexican Guitar Players\",\"isPartOf\":{\"@id\":\"https:\\\/\\\/www.mexicanguitarplayers.com\\\/#website\"},\"primaryImageOfPage\":{\"@id\":\"https:\\\/\\\/www.mexicanguitarplayers.com\\\/tienda\\\/accesorios\\\/stands\\\/para-bocina\\\/soporte-behringer-p-monitor-mod-sm5001\\\/#primaryimage\"},\"image\":{\"@id\":\"https:\\\/\\\/www.mexicanguitarplayers.com\\\/tienda\\\/accesorios\\\/stands\\\/para-bocina\\\/soporte-behringer-p-monitor-mod-sm5001\\\/#primaryimage\"},\"thumbnailUrl\":\"https:\\\/\\\/www.mexicanguitarplayers.com\\\/wp-content\\\/uploads\\\/2022\\\/08\\\/VABEHSM5001.jpg\",\"datePublished\":\"2022-08-18T20:14:43+00:00\",\"dateModified\":\"2026-04-10T11:09:23+00:00\",\"description\":\"SOPORTE BEHRINGER P\\\/MONITOR MOD. SM5001. Soporte universal triangular para monitor de estudio de campo cercano y una amplia gama de altavoces, ajustable en altura, para trabajo pesado, perfecto para estudios de grabaci\u00f3n y entornos de escucha, gran plataforma de metal de 25 x 25 cm con acolchado de goma suave que reduce la vibraci\u00f3n, ajuste de altura preciso en 5 pasos desde 93 hasta 115 cm de elevaci\u00f3n, fabricado con acero resistente para una capacidad m\u00e1xima de peso de 25 kg, longitud de la base del piso de 45 cm por lado.\",\"breadcrumb\":{\"@id\":\"https:\\\/\\\/www.mexicanguitarplayers.com\\\/tienda\\\/accesorios\\\/stands\\\/para-bocina\\\/soporte-behringer-p-monitor-mod-sm5001\\\/#breadcrumb\"},\"inLanguage\":\"en-US\",\"potentialAction\":[{\"@type\":\"ReadAction\",\"target\":[\"https:\\\/\\\/www.mexicanguitarplayers.com\\\/tienda\\\/accesorios\\\/stands\\\/para-bocina\\\/soporte-behringer-p-monitor-mod-sm5001\\\/\"]}]},{\"@type\":\"ImageObject\",\"inLanguage\":\"en-US\",\"@id\":\"https:\\\/\\\/www.mexicanguitarplayers.com\\\/tienda\\\/accesorios\\\/stands\\\/para-bocina\\\/soporte-behringer-p-monitor-mod-sm5001\\\/#primaryimage\",\"url\":\"https:\\\/\\\/www.mexicanguitarplayers.com\\\/wp-content\\\/uploads\\\/2022\\\/08\\\/VABEHSM5001.jpg\",\"contentUrl\":\"https:\\\/\\\/www.mexicanguitarplayers.com\\\/wp-content\\\/uploads\\\/2022\\\/08\\\/VABEHSM5001.jpg\",\"width\":800,\"height\":1600},{\"@type\":\"BreadcrumbList\",\"@id\":\"https:\\\/\\\/www.mexicanguitarplayers.com\\\/tienda\\\/accesorios\\\/stands\\\/para-bocina\\\/soporte-behringer-p-monitor-mod-sm5001\\\/#breadcrumb\",\"itemListElement\":[{\"@type\":\"ListItem\",\"position\":1,\"name\":\"Portada\",\"item\":\"https:\\\/\\\/www.mexicanguitarplayers.com\\\/\"},{\"@type\":\"ListItem\",\"position\":2,\"name\":\"Tienda\",\"item\":\"https:\\\/\\\/www.mexicanguitarplayers.com\\\/tienda\\\/\"},{\"@type\":\"ListItem\",\"position\":3,\"name\":\"SOPORTE BEHRINGER P\\\/MONITOR MOD. SM5001\"}]},{\"@type\":\"WebSite\",\"@id\":\"https:\\\/\\\/www.mexicanguitarplayers.com\\\/#website\",\"url\":\"https:\\\/\\\/www.mexicanguitarplayers.com\\\/\",\"name\":\"Mexican Guitar Players\",\"description\":\"Website\",\"publisher\":{\"@id\":\"https:\\\/\\\/www.mexicanguitarplayers.com\\\/#organization\"},\"potentialAction\":[{\"@type\":\"SearchAction\",\"target\":{\"@type\":\"EntryPoint\",\"urlTemplate\":\"https:\\\/\\\/www.mexicanguitarplayers.com\\\/?s={search_term_string}\"},\"query-input\":{\"@type\":\"PropertyValueSpecification\",\"valueRequired\":true,\"valueName\":\"search_term_string\"}}],\"inLanguage\":\"en-US\"},{\"@type\":\"Organization\",\"@id\":\"https:\\\/\\\/www.mexicanguitarplayers.com\\\/#organization\",\"name\":\"Mexican Guitar Players\",\"url\":\"https:\\\/\\\/www.mexicanguitarplayers.com\\\/\",\"logo\":{\"@type\":\"ImageObject\",\"inLanguage\":\"en-US\",\"@id\":\"https:\\\/\\\/www.mexicanguitarplayers.com\\\/#\\\/schema\\\/logo\\\/image\\\/\",\"url\":\"\",\"contentUrl\":\"\",\"caption\":\"Mexican Guitar Players\"},\"image\":{\"@id\":\"https:\\\/\\\/www.mexicanguitarplayers.com\\\/#\\\/schema\\\/logo\\\/image\\\/\"}}]}<\/script>\n<!-- \/ Yoast SEO plugin. -->","yoast_head_json":{"title":"SOPORTE BEHRINGER P\/MONITOR MOD. SM5001 - Mexican Guitar Players","description":"SOPORTE BEHRINGER P\/MONITOR MOD. SM5001. Soporte universal triangular para monitor de estudio de campo cercano y una amplia gama de altavoces, ajustable en altura, para trabajo pesado, perfecto para estudios de grabaci\u00f3n y entornos de escucha, gran plataforma de metal de 25 x 25 cm con acolchado de goma suave que reduce la vibraci\u00f3n, ajuste de altura preciso en 5 pasos desde 93 hasta 115 cm de elevaci\u00f3n, fabricado con acero resistente para una capacidad m\u00e1xima de peso de 25 kg, longitud de la base del piso de 45 cm por lado.","robots":{"index":"index","follow":"follow","max-snippet":"max-snippet:-1","max-image-preview":"max-image-preview:large","max-video-preview":"max-video-preview:-1"},"canonical":"https:\/\/www.mexicanguitarplayers.com\/en\/tienda\/accesorios\/stands\/para-bocina\/soporte-behringer-p-monitor-mod-sm5001\/","og_locale":"en_US","og_type":"article","og_title":"SOPORTE BEHRINGER P\/MONITOR MOD. SM5001 - Mexican Guitar Players","og_description":"SOPORTE BEHRINGER P\/MONITOR MOD. SM5001. Soporte universal triangular para monitor de estudio de campo cercano y una amplia gama de altavoces, ajustable en altura, para trabajo pesado, perfecto para estudios de grabaci\u00f3n y entornos de escucha, gran plataforma de metal de 25 x 25 cm con acolchado de goma suave que reduce la vibraci\u00f3n, ajuste de altura preciso en 5 pasos desde 93 hasta 115 cm de elevaci\u00f3n, fabricado con acero resistente para una capacidad m\u00e1xima de peso de 25 kg, longitud de la base del piso de 45 cm por lado.","og_url":"https:\/\/www.mexicanguitarplayers.com\/en\/tienda\/accesorios\/stands\/para-bocina\/soporte-behringer-p-monitor-mod-sm5001\/","og_site_name":"Mexican Guitar Players","article_modified_time":"2026-04-10T11:09:23+00:00","og_image":[{"width":800,"height":1600,"url":"https:\/\/www.mexicanguitarplayers.com\/wp-content\/uploads\/2022\/08\/VABEHSM5001.jpg","type":"image\/jpeg"}],"twitter_card":"summary_large_image","schema":{"@context":"https:\/\/schema.org","@graph":[{"@type":["WebPage","ItemPage"],"@id":"https:\/\/www.mexicanguitarplayers.com\/tienda\/accesorios\/stands\/para-bocina\/soporte-behringer-p-monitor-mod-sm5001\/","url":"https:\/\/www.mexicanguitarplayers.com\/tienda\/accesorios\/stands\/para-bocina\/soporte-behringer-p-monitor-mod-sm5001\/","name":"SOPORTE BEHRINGER P\/MONITOR MOD. SM5001 - Mexican Guitar Players","isPartOf":{"@id":"https:\/\/www.mexicanguitarplayers.com\/#website"},"primaryImageOfPage":{"@id":"https:\/\/www.mexicanguitarplayers.com\/tienda\/accesorios\/stands\/para-bocina\/soporte-behringer-p-monitor-mod-sm5001\/#primaryimage"},"image":{"@id":"https:\/\/www.mexicanguitarplayers.com\/tienda\/accesorios\/stands\/para-bocina\/soporte-behringer-p-monitor-mod-sm5001\/#primaryimage"},"thumbnailUrl":"https:\/\/www.mexicanguitarplayers.com\/wp-content\/uploads\/2022\/08\/VABEHSM5001.jpg","datePublished":"2022-08-18T20:14:43+00:00","dateModified":"2026-04-10T11:09:23+00:00","description":"SOPORTE BEHRINGER P\/MONITOR MOD. SM5001. Soporte universal triangular para monitor de estudio de campo cercano y una amplia gama de altavoces, ajustable en altura, para trabajo pesado, perfecto para estudios de grabaci\u00f3n y entornos de escucha, gran plataforma de metal de 25 x 25 cm con acolchado de goma suave que reduce la vibraci\u00f3n, ajuste de altura preciso en 5 pasos desde 93 hasta 115 cm de elevaci\u00f3n, fabricado con acero resistente para una capacidad m\u00e1xima de peso de 25 kg, longitud de la base del piso de 45 cm por lado.","breadcrumb":{"@id":"https:\/\/www.mexicanguitarplayers.com\/tienda\/accesorios\/stands\/para-bocina\/soporte-behringer-p-monitor-mod-sm5001\/#breadcrumb"},"inLanguage":"en-US","potentialAction":[{"@type":"ReadAction","target":["https:\/\/www.mexicanguitarplayers.com\/tienda\/accesorios\/stands\/para-bocina\/soporte-behringer-p-monitor-mod-sm5001\/"]}]},{"@type":"ImageObject","inLanguage":"en-US","@id":"https:\/\/www.mexicanguitarplayers.com\/tienda\/accesorios\/stands\/para-bocina\/soporte-behringer-p-monitor-mod-sm5001\/#primaryimage","url":"https:\/\/www.mexicanguitarplayers.com\/wp-content\/uploads\/2022\/08\/VABEHSM5001.jpg","contentUrl":"https:\/\/www.mexicanguitarplayers.com\/wp-content\/uploads\/2022\/08\/VABEHSM5001.jpg","width":800,"height":1600},{"@type":"BreadcrumbList","@id":"https:\/\/www.mexicanguitarplayers.com\/tienda\/accesorios\/stands\/para-bocina\/soporte-behringer-p-monitor-mod-sm5001\/#breadcrumb","itemListElement":[{"@type":"ListItem","position":1,"name":"Portada","item":"https:\/\/www.mexicanguitarplayers.com\/"},{"@type":"ListItem","position":2,"name":"Tienda","item":"https:\/\/www.mexicanguitarplayers.com\/tienda\/"},{"@type":"ListItem","position":3,"name":"SOPORTE BEHRINGER P\/MONITOR MOD. SM5001"}]},{"@type":"WebSite","@id":"https:\/\/www.mexicanguitarplayers.com\/#website","url":"https:\/\/www.mexicanguitarplayers.com\/","name":"Mexican Guitar Players","description":"Website","publisher":{"@id":"https:\/\/www.mexicanguitarplayers.com\/#organization"},"potentialAction":[{"@type":"SearchAction","target":{"@type":"EntryPoint","urlTemplate":"https:\/\/www.mexicanguitarplayers.com\/?s={search_term_string}"},"query-input":{"@type":"PropertyValueSpecification","valueRequired":true,"valueName":"search_term_string"}}],"inLanguage":"en-US"},{"@type":"Organization","@id":"https:\/\/www.mexicanguitarplayers.com\/#organization","name":"Mexican Guitar Players","url":"https:\/\/www.mexicanguitarplayers.com\/","logo":{"@type":"ImageObject","inLanguage":"en-US","@id":"https:\/\/www.mexicanguitarplayers.com\/#\/schema\/logo\/image\/","url":"","contentUrl":"","caption":"Mexican Guitar Players"},"image":{"@id":"https:\/\/www.mexicanguitarplayers.com\/#\/schema\/logo\/image\/"}}]}},"brands":[{"id":171,"name":"BEHRINGER","slug":"behringer"}],"_links":{"self":[{"href":"https:\/\/www.mexicanguitarplayers.com\/en\/wp-json\/wp\/v2\/product\/14538","targetHints":{"allow":["GET"]}}],"collection":[{"href":"https:\/\/www.mexicanguitarplayers.com\/en\/wp-json\/wp\/v2\/product"}],"about":[{"href":"https:\/\/www.mexicanguitarplayers.com\/en\/wp-json\/wp\/v2\/types\/product"}],"replies":[{"embeddable":true,"href":"https:\/\/www.mexicanguitarplayers.com\/en\/wp-json\/wp\/v2\/comments?post=14538"}],"wp:featuredmedia":[{"embeddable":true,"href":"https:\/\/www.mexicanguitarplayers.com\/en\/wp-json\/wp\/v2\/media\/14534"}],"wp:attachment":[{"href":"https:\/\/www.mexicanguitarplayers.com\/en\/wp-json\/wp\/v2\/media?parent=14538"}],"wp:term":[{"taxonomy":"pwb-brand","embeddable":true,"href":"https:\/\/www.mexicanguitarplayers.com\/en\/wp-json\/wp\/v2\/pwb-brand?post=14538"},{"taxonomy":"product_brand","embeddable":true,"href":"https:\/\/www.mexicanguitarplayers.com\/en\/wp-json\/wp\/v2\/product_brand?post=14538"},{"taxonomy":"product_cat","embeddable":true,"href":"https:\/\/www.mexicanguitarplayers.com\/en\/wp-json\/wp\/v2\/product_cat?post=14538"},{"taxonomy":"product_tag","embeddable":true,"href":"https:\/\/www.mexicanguitarplayers.com\/en\/wp-json\/wp\/v2\/product_tag?post=14538"}],"curies":[{"name":"wp","href":"https:\/\/api.w.org\/{rel}","templated":true}]}}