{"id":14543,"date":"2022-08-18T15:14:50","date_gmt":"2022-08-18T20:14:50","guid":{"rendered":"https:\/\/www.mexicanguitarplayers.com\/tienda\/sin%20categor\u00eda\/soporte-carlsbro-p-bateria-mod-oktoa-stand\/"},"modified":"2026-04-27T13:15:14","modified_gmt":"2026-04-27T19:15:14","slug":"soporte-carlsbro-p-bateria-mod-oktoa-stand","status":"publish","type":"product","link":"https:\/\/www.mexicanguitarplayers.com\/en\/tienda\/accesorios\/para-bateria\/hardware-para-bateria\/atriles\/soporte-carlsbro-p-bateria-mod-oktoa-stand\/","title":{"rendered":"CARLSBRO SUPPORT FOR BATTERY MOD. OKTOA STAND"},"content":{"rendered":"<div style=\"text-align: justify\">\n<div>\n<h3>CARLSBRO SUPPORT FOR BATTERY MOD. OKTOA STAND<\/h3>\n<\/div>\n<div>Carlsbro Percussion Module Stand, Adjustable Tilt, Adjustable Height, 2 Levels with Tilt, Pad Playing Height: 59cm \u2013 89cm.<\/div>\n<\/div>","protected":false},"excerpt":{"rendered":"<p>Atril para m\u00f3dulo de percusi\u00f3n Carlsbro, inclinaci\u00f3n ajustable, altura ajustable, 2 niveles con inclinaci\u00f3n, altura de toque del pad: 59 cm &#8211; 89 cm.&hellip; <a class=\"kt-excerpt-readmore more-link\" href=\"https:\/\/www.mexicanguitarplayers.com\/en\/tienda\/accesorios\/para-bateria\/hardware-para-bateria\/atriles\/soporte-carlsbro-p-bateria-mod-oktoa-stand\/\">Read more<\/a><\/p>","protected":false},"featured_media":14539,"comment_status":"open","ping_status":"closed","template":"","meta":{"kt_blocks_editor_width":""},"pwb-brand":[501],"product_brand":[],"product_cat":[85,515,435,306],"product_tag":[],"class_list":{"0":"post-14543","1":"product","2":"type-product","3":"status-publish","4":"has-post-thumbnail","6":"pwb-brand-carlsbro","7":"product_cat-accesorios","8":"product_cat-atriles","9":"product_cat-hardware-para-bateria","10":"product_cat-para-bateria","11":"product_shipping_class-0-5-kg","13":"first","14":"outofstock","15":"taxable","16":"shipping-taxable","17":"purchasable","18":"product-type-simple"},"yoast_head":"<!-- This site is optimized with the Yoast SEO plugin v27.5 - https:\/\/yoast.com\/product\/yoast-seo-wordpress\/ -->\n<title>SOPORTE CARLSBRO P\/BATERIA MOD. OKTOA STAND - Mexican Guitar Players<\/title>\n<meta name=\"description\" content=\"SOPORTE CARLSBRO P\/BATERIA MOD. OKTOA STAND. Atril para m\u00f3dulo de percusi\u00f3n Carlsbro, inclinaci\u00f3n ajustable, altura ajustable, 2 niveles con inclinaci\u00f3n, altura de toque del pad: 59 cm - 89 cm.\" \/>\n<meta name=\"robots\" content=\"index, follow, max-snippet:-1, max-image-preview:large, max-video-preview:-1\" \/>\n<link rel=\"canonical\" href=\"https:\/\/www.mexicanguitarplayers.com\/en\/tienda\/accesorios\/para-bateria\/hardware-para-bateria\/atriles\/soporte-carlsbro-p-bateria-mod-oktoa-stand\/\" \/>\n<meta property=\"og:locale\" content=\"en_US\" \/>\n<meta property=\"og:type\" content=\"article\" \/>\n<meta property=\"og:title\" content=\"SOPORTE CARLSBRO P\/BATERIA MOD. OKTOA STAND - Mexican Guitar Players\" \/>\n<meta property=\"og:description\" content=\"SOPORTE CARLSBRO P\/BATERIA MOD. OKTOA STAND. Atril para m\u00f3dulo de percusi\u00f3n Carlsbro, inclinaci\u00f3n ajustable, altura ajustable, 2 niveles con inclinaci\u00f3n, altura de toque del pad: 59 cm - 89 cm.\" \/>\n<meta property=\"og:url\" content=\"https:\/\/www.mexicanguitarplayers.com\/en\/tienda\/accesorios\/para-bateria\/hardware-para-bateria\/atriles\/soporte-carlsbro-p-bateria-mod-oktoa-stand\/\" \/>\n<meta property=\"og:site_name\" content=\"Mexican Guitar Players\" \/>\n<meta property=\"article:modified_time\" content=\"2026-04-27T19:15:14+00:00\" \/>\n<meta property=\"og:image\" content=\"https:\/\/www.mexicanguitarplayers.com\/wp-content\/uploads\/2022\/08\/VACLSOKTOASTAN.jpg\" \/>\n\t<meta property=\"og:image:width\" content=\"1200\" \/>\n\t<meta property=\"og:image:height\" content=\"1200\" \/>\n\t<meta property=\"og:image:type\" content=\"image\/jpeg\" \/>\n<meta name=\"twitter:card\" content=\"summary_large_image\" \/>\n<script type=\"application\/ld+json\" class=\"yoast-schema-graph\">{\"@context\":\"https:\\\/\\\/schema.org\",\"@graph\":[{\"@type\":[\"WebPage\",\"ItemPage\"],\"@id\":\"https:\\\/\\\/www.mexicanguitarplayers.com\\\/tienda\\\/accesorios\\\/para-bateria\\\/hardware-para-bateria\\\/atriles\\\/soporte-carlsbro-p-bateria-mod-oktoa-stand\\\/\",\"url\":\"https:\\\/\\\/www.mexicanguitarplayers.com\\\/tienda\\\/accesorios\\\/para-bateria\\\/hardware-para-bateria\\\/atriles\\\/soporte-carlsbro-p-bateria-mod-oktoa-stand\\\/\",\"name\":\"SOPORTE CARLSBRO P\\\/BATERIA MOD. OKTOA STAND - Mexican Guitar Players\",\"isPartOf\":{\"@id\":\"https:\\\/\\\/www.mexicanguitarplayers.com\\\/#website\"},\"primaryImageOfPage\":{\"@id\":\"https:\\\/\\\/www.mexicanguitarplayers.com\\\/tienda\\\/accesorios\\\/para-bateria\\\/hardware-para-bateria\\\/atriles\\\/soporte-carlsbro-p-bateria-mod-oktoa-stand\\\/#primaryimage\"},\"image\":{\"@id\":\"https:\\\/\\\/www.mexicanguitarplayers.com\\\/tienda\\\/accesorios\\\/para-bateria\\\/hardware-para-bateria\\\/atriles\\\/soporte-carlsbro-p-bateria-mod-oktoa-stand\\\/#primaryimage\"},\"thumbnailUrl\":\"https:\\\/\\\/www.mexicanguitarplayers.com\\\/wp-content\\\/uploads\\\/2022\\\/08\\\/VACLSOKTOASTAN.jpg\",\"datePublished\":\"2022-08-18T20:14:50+00:00\",\"dateModified\":\"2026-04-27T19:15:14+00:00\",\"description\":\"SOPORTE CARLSBRO P\\\/BATERIA MOD. OKTOA STAND. Atril para m\u00f3dulo de percusi\u00f3n Carlsbro, inclinaci\u00f3n ajustable, altura ajustable, 2 niveles con inclinaci\u00f3n, altura de toque del pad: 59 cm - 89 cm.\",\"breadcrumb\":{\"@id\":\"https:\\\/\\\/www.mexicanguitarplayers.com\\\/tienda\\\/accesorios\\\/para-bateria\\\/hardware-para-bateria\\\/atriles\\\/soporte-carlsbro-p-bateria-mod-oktoa-stand\\\/#breadcrumb\"},\"inLanguage\":\"en-US\",\"potentialAction\":[{\"@type\":\"ReadAction\",\"target\":[\"https:\\\/\\\/www.mexicanguitarplayers.com\\\/tienda\\\/accesorios\\\/para-bateria\\\/hardware-para-bateria\\\/atriles\\\/soporte-carlsbro-p-bateria-mod-oktoa-stand\\\/\"]}]},{\"@type\":\"ImageObject\",\"inLanguage\":\"en-US\",\"@id\":\"https:\\\/\\\/www.mexicanguitarplayers.com\\\/tienda\\\/accesorios\\\/para-bateria\\\/hardware-para-bateria\\\/atriles\\\/soporte-carlsbro-p-bateria-mod-oktoa-stand\\\/#primaryimage\",\"url\":\"https:\\\/\\\/www.mexicanguitarplayers.com\\\/wp-content\\\/uploads\\\/2022\\\/08\\\/VACLSOKTOASTAN.jpg\",\"contentUrl\":\"https:\\\/\\\/www.mexicanguitarplayers.com\\\/wp-content\\\/uploads\\\/2022\\\/08\\\/VACLSOKTOASTAN.jpg\",\"width\":1200,\"height\":1200},{\"@type\":\"BreadcrumbList\",\"@id\":\"https:\\\/\\\/www.mexicanguitarplayers.com\\\/tienda\\\/accesorios\\\/para-bateria\\\/hardware-para-bateria\\\/atriles\\\/soporte-carlsbro-p-bateria-mod-oktoa-stand\\\/#breadcrumb\",\"itemListElement\":[{\"@type\":\"ListItem\",\"position\":1,\"name\":\"Portada\",\"item\":\"https:\\\/\\\/www.mexicanguitarplayers.com\\\/\"},{\"@type\":\"ListItem\",\"position\":2,\"name\":\"Tienda\",\"item\":\"https:\\\/\\\/www.mexicanguitarplayers.com\\\/tienda\\\/\"},{\"@type\":\"ListItem\",\"position\":3,\"name\":\"SOPORTE CARLSBRO P\\\/BATERIA MOD. OKTOA STAND\"}]},{\"@type\":\"WebSite\",\"@id\":\"https:\\\/\\\/www.mexicanguitarplayers.com\\\/#website\",\"url\":\"https:\\\/\\\/www.mexicanguitarplayers.com\\\/\",\"name\":\"Mexican Guitar Players\",\"description\":\"Website\",\"publisher\":{\"@id\":\"https:\\\/\\\/www.mexicanguitarplayers.com\\\/#organization\"},\"potentialAction\":[{\"@type\":\"SearchAction\",\"target\":{\"@type\":\"EntryPoint\",\"urlTemplate\":\"https:\\\/\\\/www.mexicanguitarplayers.com\\\/?s={search_term_string}\"},\"query-input\":{\"@type\":\"PropertyValueSpecification\",\"valueRequired\":true,\"valueName\":\"search_term_string\"}}],\"inLanguage\":\"en-US\"},{\"@type\":\"Organization\",\"@id\":\"https:\\\/\\\/www.mexicanguitarplayers.com\\\/#organization\",\"name\":\"Mexican Guitar Players\",\"url\":\"https:\\\/\\\/www.mexicanguitarplayers.com\\\/\",\"logo\":{\"@type\":\"ImageObject\",\"inLanguage\":\"en-US\",\"@id\":\"https:\\\/\\\/www.mexicanguitarplayers.com\\\/#\\\/schema\\\/logo\\\/image\\\/\",\"url\":\"\",\"contentUrl\":\"\",\"caption\":\"Mexican Guitar Players\"},\"image\":{\"@id\":\"https:\\\/\\\/www.mexicanguitarplayers.com\\\/#\\\/schema\\\/logo\\\/image\\\/\"}}]}<\/script>\n<!-- \/ Yoast SEO plugin. -->","yoast_head_json":{"title":"SOPORTE CARLSBRO P\/BATERIA MOD. OKTOA STAND - Mexican Guitar Players","description":"SOPORTE CARLSBRO P\/BATERIA MOD. OKTOA STAND. Atril para m\u00f3dulo de percusi\u00f3n Carlsbro, inclinaci\u00f3n ajustable, altura ajustable, 2 niveles con inclinaci\u00f3n, altura de toque del pad: 59 cm - 89 cm.","robots":{"index":"index","follow":"follow","max-snippet":"max-snippet:-1","max-image-preview":"max-image-preview:large","max-video-preview":"max-video-preview:-1"},"canonical":"https:\/\/www.mexicanguitarplayers.com\/en\/tienda\/accesorios\/para-bateria\/hardware-para-bateria\/atriles\/soporte-carlsbro-p-bateria-mod-oktoa-stand\/","og_locale":"en_US","og_type":"article","og_title":"SOPORTE CARLSBRO P\/BATERIA MOD. OKTOA STAND - Mexican Guitar Players","og_description":"SOPORTE CARLSBRO P\/BATERIA MOD. OKTOA STAND. Atril para m\u00f3dulo de percusi\u00f3n Carlsbro, inclinaci\u00f3n ajustable, altura ajustable, 2 niveles con inclinaci\u00f3n, altura de toque del pad: 59 cm - 89 cm.","og_url":"https:\/\/www.mexicanguitarplayers.com\/en\/tienda\/accesorios\/para-bateria\/hardware-para-bateria\/atriles\/soporte-carlsbro-p-bateria-mod-oktoa-stand\/","og_site_name":"Mexican Guitar Players","article_modified_time":"2026-04-27T19:15:14+00:00","og_image":[{"width":1200,"height":1200,"url":"https:\/\/www.mexicanguitarplayers.com\/wp-content\/uploads\/2022\/08\/VACLSOKTOASTAN.jpg","type":"image\/jpeg"}],"twitter_card":"summary_large_image","schema":{"@context":"https:\/\/schema.org","@graph":[{"@type":["WebPage","ItemPage"],"@id":"https:\/\/www.mexicanguitarplayers.com\/tienda\/accesorios\/para-bateria\/hardware-para-bateria\/atriles\/soporte-carlsbro-p-bateria-mod-oktoa-stand\/","url":"https:\/\/www.mexicanguitarplayers.com\/tienda\/accesorios\/para-bateria\/hardware-para-bateria\/atriles\/soporte-carlsbro-p-bateria-mod-oktoa-stand\/","name":"SOPORTE CARLSBRO P\/BATERIA MOD. OKTOA STAND - Mexican Guitar Players","isPartOf":{"@id":"https:\/\/www.mexicanguitarplayers.com\/#website"},"primaryImageOfPage":{"@id":"https:\/\/www.mexicanguitarplayers.com\/tienda\/accesorios\/para-bateria\/hardware-para-bateria\/atriles\/soporte-carlsbro-p-bateria-mod-oktoa-stand\/#primaryimage"},"image":{"@id":"https:\/\/www.mexicanguitarplayers.com\/tienda\/accesorios\/para-bateria\/hardware-para-bateria\/atriles\/soporte-carlsbro-p-bateria-mod-oktoa-stand\/#primaryimage"},"thumbnailUrl":"https:\/\/www.mexicanguitarplayers.com\/wp-content\/uploads\/2022\/08\/VACLSOKTOASTAN.jpg","datePublished":"2022-08-18T20:14:50+00:00","dateModified":"2026-04-27T19:15:14+00:00","description":"SOPORTE CARLSBRO P\/BATERIA MOD. OKTOA STAND. Atril para m\u00f3dulo de percusi\u00f3n Carlsbro, inclinaci\u00f3n ajustable, altura ajustable, 2 niveles con inclinaci\u00f3n, altura de toque del pad: 59 cm - 89 cm.","breadcrumb":{"@id":"https:\/\/www.mexicanguitarplayers.com\/tienda\/accesorios\/para-bateria\/hardware-para-bateria\/atriles\/soporte-carlsbro-p-bateria-mod-oktoa-stand\/#breadcrumb"},"inLanguage":"en-US","potentialAction":[{"@type":"ReadAction","target":["https:\/\/www.mexicanguitarplayers.com\/tienda\/accesorios\/para-bateria\/hardware-para-bateria\/atriles\/soporte-carlsbro-p-bateria-mod-oktoa-stand\/"]}]},{"@type":"ImageObject","inLanguage":"en-US","@id":"https:\/\/www.mexicanguitarplayers.com\/tienda\/accesorios\/para-bateria\/hardware-para-bateria\/atriles\/soporte-carlsbro-p-bateria-mod-oktoa-stand\/#primaryimage","url":"https:\/\/www.mexicanguitarplayers.com\/wp-content\/uploads\/2022\/08\/VACLSOKTOASTAN.jpg","contentUrl":"https:\/\/www.mexicanguitarplayers.com\/wp-content\/uploads\/2022\/08\/VACLSOKTOASTAN.jpg","width":1200,"height":1200},{"@type":"BreadcrumbList","@id":"https:\/\/www.mexicanguitarplayers.com\/tienda\/accesorios\/para-bateria\/hardware-para-bateria\/atriles\/soporte-carlsbro-p-bateria-mod-oktoa-stand\/#breadcrumb","itemListElement":[{"@type":"ListItem","position":1,"name":"Portada","item":"https:\/\/www.mexicanguitarplayers.com\/"},{"@type":"ListItem","position":2,"name":"Tienda","item":"https:\/\/www.mexicanguitarplayers.com\/tienda\/"},{"@type":"ListItem","position":3,"name":"SOPORTE CARLSBRO P\/BATERIA MOD. OKTOA STAND"}]},{"@type":"WebSite","@id":"https:\/\/www.mexicanguitarplayers.com\/#website","url":"https:\/\/www.mexicanguitarplayers.com\/","name":"Mexican Guitar Players","description":"Website","publisher":{"@id":"https:\/\/www.mexicanguitarplayers.com\/#organization"},"potentialAction":[{"@type":"SearchAction","target":{"@type":"EntryPoint","urlTemplate":"https:\/\/www.mexicanguitarplayers.com\/?s={search_term_string}"},"query-input":{"@type":"PropertyValueSpecification","valueRequired":true,"valueName":"search_term_string"}}],"inLanguage":"en-US"},{"@type":"Organization","@id":"https:\/\/www.mexicanguitarplayers.com\/#organization","name":"Mexican Guitar Players","url":"https:\/\/www.mexicanguitarplayers.com\/","logo":{"@type":"ImageObject","inLanguage":"en-US","@id":"https:\/\/www.mexicanguitarplayers.com\/#\/schema\/logo\/image\/","url":"","contentUrl":"","caption":"Mexican Guitar Players"},"image":{"@id":"https:\/\/www.mexicanguitarplayers.com\/#\/schema\/logo\/image\/"}}]}},"brands":[{"id":501,"name":"CARLSBRO","slug":"carlsbro"}],"_links":{"self":[{"href":"https:\/\/www.mexicanguitarplayers.com\/en\/wp-json\/wp\/v2\/product\/14543","targetHints":{"allow":["GET"]}}],"collection":[{"href":"https:\/\/www.mexicanguitarplayers.com\/en\/wp-json\/wp\/v2\/product"}],"about":[{"href":"https:\/\/www.mexicanguitarplayers.com\/en\/wp-json\/wp\/v2\/types\/product"}],"replies":[{"embeddable":true,"href":"https:\/\/www.mexicanguitarplayers.com\/en\/wp-json\/wp\/v2\/comments?post=14543"}],"wp:featuredmedia":[{"embeddable":true,"href":"https:\/\/www.mexicanguitarplayers.com\/en\/wp-json\/wp\/v2\/media\/14539"}],"wp:attachment":[{"href":"https:\/\/www.mexicanguitarplayers.com\/en\/wp-json\/wp\/v2\/media?parent=14543"}],"wp:term":[{"taxonomy":"pwb-brand","embeddable":true,"href":"https:\/\/www.mexicanguitarplayers.com\/en\/wp-json\/wp\/v2\/pwb-brand?post=14543"},{"taxonomy":"product_brand","embeddable":true,"href":"https:\/\/www.mexicanguitarplayers.com\/en\/wp-json\/wp\/v2\/product_brand?post=14543"},{"taxonomy":"product_cat","embeddable":true,"href":"https:\/\/www.mexicanguitarplayers.com\/en\/wp-json\/wp\/v2\/product_cat?post=14543"},{"taxonomy":"product_tag","embeddable":true,"href":"https:\/\/www.mexicanguitarplayers.com\/en\/wp-json\/wp\/v2\/product_tag?post=14543"}],"curies":[{"name":"wp","href":"https:\/\/api.w.org\/{rel}","templated":true}]}}